{"id":921,"date":"2023-02-10T21:06:34","date_gmt":"2023-02-10T21:06:34","guid":{"rendered":"https:\/\/thelyflabs.com\/?page_id=921"},"modified":"2026-03-25T09:30:00","modified_gmt":"2026-03-25T08:30:00","slug":"terminos-y-condiciones","status":"publish","type":"page","link":"https:\/\/thelyflabs.com\/pt\/terminos-y-condiciones","title":{"rendered":"Termos e Condi\u00e7\u00f5es"},"content":{"rendered":"<p><strong>Condi\u00e7\u00f5es Legais Gerais<\/strong><\/p>\n\n\n\n<p>As Condi\u00e7\u00f5es Legais Gerais compreendem as seguintes cl\u00e1usulas em conjunto com as Condi\u00e7\u00f5es Legais de Privacidade e Cookies (doravante, as &quot;Condi\u00e7\u00f5es de Uso&quot;) que regem, entre outras, o acesso e uso do site contido no dom\u00ednio thelyflabs.com (doravante, o site&quot;).<\/p>\n\n\n\n<p>O acesso e uso da Web implica a aceita\u00e7\u00e3o, sem reservas de qualquer tipo, como USU\u00c1RIO das Condi\u00e7\u00f5es de Uso.<\/p>\n\n\n\n<p><strong>1.IDENTIFICA\u00c7\u00c3O<\/strong><\/p>\n\n\n\n<p>En cumplimiento con el deber de informaci\u00f3n establecido en la normativa aplicable, a continuaci\u00f3n se reflejan los siguientes datos: la empresa titular de la Web es Aura Works s.r.o. (en adelante, \u00abThe LYF Labs\u00bb), con N\u00famero de Identificaci\u00f3n Fiscal (VAT) CZ23934352, con domicilio social en \u0160umavsk\u00e1 1094\/3, Vinohrady, 120 00 Praga 2, Rep\u00fablica Checa, y correo electr\u00f3nico de contacto: contacto@thelyflabs.com. La sociedad se encuentra debidamente inscrita en el Registro Mercantil del Tribunal Municipal de Praga, secci\u00f3n C, expediente 435441, con n\u00famero de identificaci\u00f3n 239 34 352.<\/p>\n\n\n\n<p><strong>2. USU\u00c1RIO<\/strong><\/p>\n\n\n\n<p>O acesso e\/ou uso da Web atribui a qualquer pessoa a condi\u00e7\u00e3o de &quot;USU\u00c1RIO&quot;, que expressa e aceita integralmente todas e cada uma das Condi\u00e7\u00f5es de Uso, incluindo tanto aquelas estabelecidas para determinadas promo\u00e7\u00f5es como tamb\u00e9m a Pol\u00edtica de Privacidade e Cookies , relacionadas com as finalidades de tratamento dos dados pessoais que o UTILIZADOR nos fornece. Por favor, leia-os cuidadosamente.<\/p>\n\n\n\n<p>Para acessar e\/ou utilizar a Web, o USU\u00c1RIO declara ser maior de idade e\/ou ter capacidade legal para agir de acordo com sua Legisla\u00e7\u00e3o Nacional.<\/p>\n\n\n\n<p>O USU\u00c1RIO, ao aceitar estas Condi\u00e7\u00f5es de Uso, concorda expressamente em:<\/p>\n\n\n\n<ol class=\"wp-block-list\">\n<li>N\u00e3o realizar nenhuma a\u00e7\u00e3o destinada a prejudicar, bloquear, danificar, desativar, sobrecarregar, tempor\u00e1ria ou permanentemente, as funcionalidades, ferramentas, conte\u00fados e\/ou a infraestrutura da Web de forma que impe\u00e7a o seu normal uso.<\/li>\n\n\n\n<li>N\u00e3o introduza ou fa\u00e7a conte\u00fado insultuoso ou calunioso, tanto de outros USU\u00c1RIOS quanto de empresas terceirizadas alheias ao The LYF Labs. N\u00e3o use nenhum dos materiais e informa\u00e7\u00f5es contidas neste site para fins ilegais e expressamente proibidos nestas Condi\u00e7\u00f5es de Uso , bem como \u00e0s condi\u00e7\u00f5es particulares que, se for o caso, sejam estabelecidas para determinados aplicativos e\/ou utilidades e que sejam contr\u00e1rias aos direitos e interesses de The LYF Labs, seus usu\u00e1rios e\/ou terceiros.<\/li>\n\n\n\n<li>N\u00e3o ofere\u00e7a ou distribua produtos e servi\u00e7os, nem fa\u00e7a publicidade ou comunica\u00e7\u00f5es comerciais n\u00e3o solicitadas a outros usu\u00e1rios ou terceiros.<\/li>\n<\/ol>\n\n\n\n<p>O USU\u00c1RIO ser\u00e1 respons\u00e1vel por todos os danos e preju\u00edzos de qualquer natureza que o The LYF Labs ou qualquer terceiro possa sofrer como resultado do descumprimento de qualquer uma das obriga\u00e7\u00f5es a que o USU\u00c1RIO esteja sujeito em virtude destas Condi\u00e7\u00f5es de Uso ou da Lei.<\/p>\n\n\n\n<ol start=\"3\" class=\"wp-block-list\">\n<li><strong>PROTE\u00c7\u00c3O DE DADOS<\/strong><\/li>\n<\/ol>\n\n\n\n<p>The LYF Labs cumple con lo dispuesto en el Reglamento (UE) 2016\/679 (RGPD), as\u00ed como con la Ley Org\u00e1nica 3\/2018 de Protecci\u00f3n de Datos Personales y garant\u00eda de los derechos digitales, cuando resulte de aplicaci\u00f3n, y vela por garantizar un correcto uso y tratamiento de los datos personales del USUARIO.<\/p>\n\n\n\n<p>Para ello, junto a cada formulario de recogida de datos de car\u00e1cter personal del USUARIO, The LYF Labs informar\u00e1 sobre la finalidad, base legal y tratamiento de los datos personales, as\u00ed como la forma de ejercer sus derechos.<\/p>\n\n\n\n<p>Da mesma forma, The LYF Labs informa que solicitar\u00e1 o consentimento de cada USU\u00c1RIO quanto ao armazenamento e processamento de seus dados pessoais para fins comerciais.<\/p>\n\n\n\n<ol start=\"4\" class=\"wp-block-list\">\n<li><strong>USO DO SITE<\/strong><\/li>\n<\/ol>\n\n\n\n<p>thelyflabs.com fornece acesso a uma infinidade de informa\u00e7\u00f5es sobre produtos e\/ou servi\u00e7os, programas ou dados na Internet.<\/p>\n\n\n\n<p>O USU\u00c1RIO assume a responsabilidade pelo uso do portal que se estende ao registro necess\u00e1rio para acessar determinados servi\u00e7os ou conte\u00fados. Nesse registro, o USU\u00c1RIO ser\u00e1 respons\u00e1vel por fornecer informa\u00e7\u00f5es ver\u00eddicas e l\u00edcitas. Como consequ\u00eancia deste cadastro, o USU\u00c1RIO poder\u00e1 fornecer uma senha que The LYF Labs n\u00e3o ter\u00e1 conhecimento e pela qual ser\u00e1 respons\u00e1vel, comprometendo-se a fazer uso diligente e confidencial da mesma.<\/p>\n\n\n\n<p>O USU\u00c1RIO compromete-se a fazer uso adequado dos conte\u00fados e servi\u00e7os que o The LYF Labs pode oferecer atrav\u00e9s de seu site e, incluindo, mas n\u00e3o se limitando a, n\u00e3o utiliz\u00e1-los para (i) exercer atividades il\u00edcitas, ilegais ou contr\u00e1rias \u00e0 lei. e ordem p\u00fablica; (ii) causar danos aos sistemas do The LYF Labs, seus fornecedores ou terceiros, introduzir ou disseminar v\u00edrus de computador ou quaisquer outros sistemas f\u00edsicos ou l\u00f3gicos que possam causar os danos acima mencionados; (iii) tentar acessar e, se for o caso, usar as contas de e-mail de outros usu\u00e1rios e modificar ou manipular suas mensagens.<\/p>\n\n\n\n<p>Em caso de viola\u00e7\u00e3o total ou parcial por parte do USU\u00c1RIO destas Condi\u00e7\u00f5es de Uso, o The LYF Labs se reserva o direito de negar o acesso sem pr\u00e9vio aviso ao USU\u00c1RIO.<\/p>\n\n\n\n<ol start=\"5\" class=\"wp-block-list\">\n<li><strong>PROPRIEDADE INTELECTUAL E INDUSTRIAL<\/strong><\/li>\n<\/ol>\n\n\n\n<p>The LYF Labs por s\u00ed o como cesionaria\/licenciataria en exclusiva, es titular de todos los derechos de propiedad intelectual e industrial de esta Web.<\/p>\n\n\n\n<ol start=\"10\" class=\"wp-block-list\">\n<li><strong>LEI APLIC\u00c1VEL E JURISDI\u00c7\u00c3O<\/strong><\/li>\n<\/ol>\n\n\n\n<p>The LYF Labs se reserva la facultad de presentar las acciones civiles o penales que considere oportunas.<\/p>\n\n\n\n<p>La relaci\u00f3n entre The LYF Labs y el USUARIO se regir\u00e1 por la normativa de la Uni\u00f3n Europea y la legislaci\u00f3n aplicable. En caso de consumidores, se aplicar\u00e1 la normativa correspondiente a su pa\u00eds de residencia.<\/p>","protected":false},"excerpt":{"rendered":"<p>Condiciones Legales Generales Las Condiciones Legales Generales comprenden las siguientes cl\u00e1usulas en conjunci\u00f3n con las Condiciones Legales de Privacidad y de Cookies (en adelante, las \u00abCondiciones de Uso\u00bb) que rigen, entre otros, el acceso y uso al sitio web contenido en el dominio thelyflabs.com (en adelante, la \u00abWeb\u00bb). El acceso y uso a la Web [&hellip;]<\/p>\n","protected":false},"author":1,"featured_media":0,"parent":0,"menu_order":0,"comment_status":"closed","ping_status":"closed","template":"","meta":{"_acf_changed":false,"site-sidebar-layout":"default","site-content-layout":"","ast-site-content-layout":"default","site-content-style":"default","site-sidebar-style":"default","ast-global-header-display":"","ast-banner-title-visibility":"","ast-main-header-display":"","ast-hfb-above-header-display":"","ast-hfb-below-header-display":"","ast-hfb-mobile-header-display":"","site-post-title":"","ast-breadcrumbs-content":"","ast-featured-img":"","footer-sml-layout":"","theme-transparent-header-meta":"","adv-header-id-meta":"","stick-header-meta":"","header-above-stick-meta":"","header-main-stick-meta":"","header-below-stick-meta":"","astra-migrate-meta-layouts":"set","ast-page-background-enabled":"default","ast-page-background-meta":{"desktop":{"background-color":"var(--ast-global-color-4)","background-image":"","background-repeat":"repeat","background-position":"center center","background-size":"auto","background-attachment":"scroll","background-type":"","background-media":"","overlay-type":"","overlay-color":"","overlay-opacity":"","overlay-gradient":""},"tablet":{"background-color":"","background-image":"","background-repeat":"repeat","background-position":"center center","background-size":"auto","background-attachment":"scroll","background-type":"","background-media":"","overlay-type":"","overlay-color":"","overlay-opacity":"","overlay-gradient":""},"mobile":{"background-color":"","background-image":"","background-repeat":"repeat","background-position":"center center","background-size":"auto","background-attachment":"scroll","background-type":"","background-media":"","overlay-type":"","overlay-color":"","overlay-opacity":"","overlay-gradient":""}},"ast-content-background-meta":{"desktop":{"background-color":"var(--ast-global-color-5)","background-image":"","background-repeat":"repeat","background-position":"center center","background-size":"auto","background-attachment":"scroll","background-type":"","background-media":"","overlay-type":"","overlay-color":"","overlay-opacity":"","overlay-gradient":""},"tablet":{"background-color":"var(--ast-global-color-5)","background-image":"","background-repeat":"repeat","background-position":"center center","background-size":"auto","background-attachment":"scroll","background-type":"","background-media":"","overlay-type":"","overlay-color":"","overlay-opacity":"","overlay-gradient":""},"mobile":{"background-color":"var(--ast-global-color-5)","background-image":"","background-repeat":"repeat","background-position":"center center","background-size":"auto","background-attachment":"scroll","background-type":"","background-media":"","overlay-type":"","overlay-color":"","overlay-opacity":"","overlay-gradient":""}},"footnotes":""},"class_list":["post-921","page","type-page","status-publish","hentry"],"acf":[],"yoast_head":"<!-- This site is optimized with the Yoast SEO plugin v27.4 - https:\/\/yoast.com\/product\/yoast-seo-wordpress\/ -->\n<title>T\u00e9rminos y condiciones - THE LYF LABS<\/title>\n<meta name=\"robots\" content=\"index, follow, max-snippet:-1, max-image-preview:large, max-video-preview:-1\" \/>\n<link rel=\"canonical\" href=\"https:\/\/thelyflabs.com\/pt\/terminos-y-condiciones\/\" \/>\n<meta property=\"og:locale\" content=\"pt_PT\" \/>\n<meta property=\"og:type\" content=\"article\" \/>\n<meta property=\"og:title\" content=\"T\u00e9rminos y condiciones - THE LYF LABS\" \/>\n<meta property=\"og:description\" content=\"Condiciones Legales Generales Las Condiciones Legales Generales comprenden las siguientes cl\u00e1usulas en conjunci\u00f3n con las Condiciones Legales de Privacidad y de Cookies (en adelante, las \u00abCondiciones de Uso\u00bb) que rigen, entre otros, el acceso y uso al sitio web contenido en el dominio thelyflabs.com (en adelante, la \u00abWeb\u00bb). El acceso y uso a la Web [&hellip;]\" \/>\n<meta property=\"og:url\" content=\"https:\/\/thelyflabs.com\/pt\/terminos-y-condiciones\/\" \/>\n<meta property=\"og:site_name\" content=\"THE LYF LABS\" \/>\n<meta property=\"article:modified_time\" content=\"2026-03-25T08:30:00+00:00\" \/>\n<meta name=\"twitter:card\" content=\"summary_large_image\" \/>\n<meta name=\"twitter:label1\" content=\"Tempo estimado de leitura\" \/>\n\t<meta name=\"twitter:data1\" content=\"5 minutos\" \/>\n<script type=\"application\/ld+json\" class=\"yoast-schema-graph\">{\"@context\":\"https:\\\/\\\/schema.org\",\"@graph\":[{\"@type\":\"WebPage\",\"@id\":\"https:\\\/\\\/thelyflabs.com\\\/terminos-y-condiciones\",\"url\":\"https:\\\/\\\/thelyflabs.com\\\/terminos-y-condiciones\",\"name\":\"T\u00e9rminos y condiciones - THE LYF LABS\",\"isPartOf\":{\"@id\":\"https:\\\/\\\/thelyflabs.com\\\/#website\"},\"datePublished\":\"2023-02-10T21:06:34+00:00\",\"dateModified\":\"2026-03-25T08:30:00+00:00\",\"breadcrumb\":{\"@id\":\"https:\\\/\\\/thelyflabs.com\\\/terminos-y-condiciones#breadcrumb\"},\"inLanguage\":\"pt-PT\",\"potentialAction\":[{\"@type\":\"ReadAction\",\"target\":[\"https:\\\/\\\/thelyflabs.com\\\/terminos-y-condiciones\"]}]},{\"@type\":\"BreadcrumbList\",\"@id\":\"https:\\\/\\\/thelyflabs.com\\\/terminos-y-condiciones#breadcrumb\",\"itemListElement\":[{\"@type\":\"ListItem\",\"position\":1,\"name\":\"Portada\",\"item\":\"https:\\\/\\\/thelyflabs.com\\\/\"},{\"@type\":\"ListItem\",\"position\":2,\"name\":\"T\u00e9rminos y condiciones\"}]},{\"@type\":\"WebSite\",\"@id\":\"https:\\\/\\\/thelyflabs.com\\\/#website\",\"url\":\"https:\\\/\\\/thelyflabs.com\\\/\",\"name\":\"The LYF Labs\",\"description\":\"CBD al por mayor\",\"publisher\":{\"@id\":\"https:\\\/\\\/thelyflabs.com\\\/#organization\"},\"potentialAction\":[{\"@type\":\"SearchAction\",\"target\":{\"@type\":\"EntryPoint\",\"urlTemplate\":\"https:\\\/\\\/thelyflabs.com\\\/?s={search_term_string}\"},\"query-input\":{\"@type\":\"PropertyValueSpecification\",\"valueRequired\":true,\"valueName\":\"search_term_string\"}}],\"inLanguage\":\"pt-PT\"},{\"@type\":\"Organization\",\"@id\":\"https:\\\/\\\/thelyflabs.com\\\/#organization\",\"name\":\"The LYF Labs\",\"url\":\"https:\\\/\\\/thelyflabs.com\\\/\",\"logo\":{\"@type\":\"ImageObject\",\"inLanguage\":\"pt-PT\",\"@id\":\"https:\\\/\\\/thelyflabs.com\\\/#\\\/schema\\\/logo\\\/image\\\/\",\"url\":\"https:\\\/\\\/thelyflabs.com\\\/wp-content\\\/uploads\\\/2023\\\/01\\\/cropped-LogoTheLYFLabs.png\",\"contentUrl\":\"https:\\\/\\\/thelyflabs.com\\\/wp-content\\\/uploads\\\/2023\\\/01\\\/cropped-LogoTheLYFLabs.png\",\"width\":600,\"height\":180,\"caption\":\"The LYF Labs\"},\"image\":{\"@id\":\"https:\\\/\\\/thelyflabs.com\\\/#\\\/schema\\\/logo\\\/image\\\/\"}}]}<\/script>\n<!-- \/ Yoast SEO plugin. -->","yoast_head_json":{"title":"Termos e Condi\u00e7\u00f5es - THE LYF LABS","robots":{"index":"index","follow":"follow","max-snippet":"max-snippet:-1","max-image-preview":"max-image-preview:large","max-video-preview":"max-video-preview:-1"},"canonical":"https:\/\/thelyflabs.com\/pt\/terminos-y-condiciones\/","og_locale":"pt_PT","og_type":"article","og_title":"T\u00e9rminos y condiciones - THE LYF LABS","og_description":"Condiciones Legales Generales Las Condiciones Legales Generales comprenden las siguientes cl\u00e1usulas en conjunci\u00f3n con las Condiciones Legales de Privacidad y de Cookies (en adelante, las \u00abCondiciones de Uso\u00bb) que rigen, entre otros, el acceso y uso al sitio web contenido en el dominio thelyflabs.com (en adelante, la \u00abWeb\u00bb). El acceso y uso a la Web [&hellip;]","og_url":"https:\/\/thelyflabs.com\/pt\/terminos-y-condiciones\/","og_site_name":"THE LYF LABS","article_modified_time":"2026-03-25T08:30:00+00:00","twitter_card":"summary_large_image","twitter_misc":{"Tempo estimado de leitura":"5 minutos"},"schema":{"@context":"https:\/\/schema.org","@graph":[{"@type":"WebPage","@id":"https:\/\/thelyflabs.com\/terminos-y-condiciones","url":"https:\/\/thelyflabs.com\/terminos-y-condiciones","name":"Termos e Condi\u00e7\u00f5es - THE LYF LABS","isPartOf":{"@id":"https:\/\/thelyflabs.com\/#website"},"datePublished":"2023-02-10T21:06:34+00:00","dateModified":"2026-03-25T08:30:00+00:00","breadcrumb":{"@id":"https:\/\/thelyflabs.com\/terminos-y-condiciones#breadcrumb"},"inLanguage":"pt-PT","potentialAction":[{"@type":"ReadAction","target":["https:\/\/thelyflabs.com\/terminos-y-condiciones"]}]},{"@type":"BreadcrumbList","@id":"https:\/\/thelyflabs.com\/terminos-y-condiciones#breadcrumb","itemListElement":[{"@type":"ListItem","position":1,"name":"Portada","item":"https:\/\/thelyflabs.com\/"},{"@type":"ListItem","position":2,"name":"T\u00e9rminos y condiciones"}]},{"@type":"WebSite","@id":"https:\/\/thelyflabs.com\/#website","url":"https:\/\/thelyflabs.com\/","name":"Os Laborat\u00f3rios LYF","description":"CBD atacado","publisher":{"@id":"https:\/\/thelyflabs.com\/#organization"},"potentialAction":[{"@type":"SearchAction","target":{"@type":"EntryPoint","urlTemplate":"https:\/\/thelyflabs.com\/?s={search_term_string}"},"query-input":{"@type":"PropertyValueSpecification","valueRequired":true,"valueName":"search_term_string"}}],"inLanguage":"pt-PT"},{"@type":"Organization","@id":"https:\/\/thelyflabs.com\/#organization","name":"Os Laborat\u00f3rios LYF","url":"https:\/\/thelyflabs.com\/","logo":{"@type":"ImageObject","inLanguage":"pt-PT","@id":"https:\/\/thelyflabs.com\/#\/schema\/logo\/image\/","url":"https:\/\/thelyflabs.com\/wp-content\/uploads\/2023\/01\/cropped-LogoTheLYFLabs.png","contentUrl":"https:\/\/thelyflabs.com\/wp-content\/uploads\/2023\/01\/cropped-LogoTheLYFLabs.png","width":600,"height":180,"caption":"The LYF Labs"},"image":{"@id":"https:\/\/thelyflabs.com\/#\/schema\/logo\/image\/"}}]}},"_links":{"self":[{"href":"https:\/\/thelyflabs.com\/pt\/wp-json\/wp\/v2\/pages\/921","targetHints":{"allow":["GET"]}}],"collection":[{"href":"https:\/\/thelyflabs.com\/pt\/wp-json\/wp\/v2\/pages"}],"about":[{"href":"https:\/\/thelyflabs.com\/pt\/wp-json\/wp\/v2\/types\/page"}],"author":[{"embeddable":true,"href":"https:\/\/thelyflabs.com\/pt\/wp-json\/wp\/v2\/users\/1"}],"replies":[{"embeddable":true,"href":"https:\/\/thelyflabs.com\/pt\/wp-json\/wp\/v2\/comments?post=921"}],"version-history":[{"count":3,"href":"https:\/\/thelyflabs.com\/pt\/wp-json\/wp\/v2\/pages\/921\/revisions"}],"predecessor-version":[{"id":17636,"href":"https:\/\/thelyflabs.com\/pt\/wp-json\/wp\/v2\/pages\/921\/revisions\/17636"}],"wp:attachment":[{"href":"https:\/\/thelyflabs.com\/pt\/wp-json\/wp\/v2\/media?parent=921"}],"curies":[{"name":"wp","href":"https:\/\/api.w.org\/{rel}","templated":true}]}}