{"id":9344,"date":"2024-11-26T21:14:03","date_gmt":"2024-11-26T20:14:03","guid":{"rendered":"https:\/\/thelyflabs.com\/?page_id=9344"},"modified":"2024-11-26T21:58:10","modified_gmt":"2024-11-26T20:58:10","slug":"testprueba","status":"publish","type":"page","link":"https:\/\/thelyflabs.com\/pt\/testprueba","title":{"rendered":"teste"},"content":{"rendered":"<div data-elementor-type=\"wp-page\" data-elementor-id=\"9344\" class=\"elementor elementor-9344\" data-elementor-post-type=\"page\">\n\t\t\t\t<div class=\"elementor-element elementor-element-ac4d586 e-con-full e-flex e-con e-parent\" data-id=\"ac4d586\" data-element_type=\"container\" data-e-type=\"container\" data-settings=\"{&quot;background_background&quot;:&quot;classic&quot;}\">\n\t\t\t\t<\/div>\n\t\t<div class=\"elementor-element elementor-element-d3a5aa3 e-flex e-con-boxed e-con e-parent\" data-id=\"d3a5aa3\" data-element_type=\"container\" data-e-type=\"container\">\n\t\t\t\t\t<div class=\"e-con-inner\">\n\t\t\t\t<div class=\"elementor-element elementor-element-bb4c8d1 elementor-widget elementor-widget-spacer\" data-id=\"bb4c8d1\" data-element_type=\"widget\" data-e-type=\"widget\" data-widget_type=\"spacer.default\">\n\t\t\t\t<div class=\"elementor-widget-container\">\n\t\t\t\t\t\t\t<div class=\"elementor-spacer\">\n\t\t\t<div class=\"elementor-spacer-inner\"><\/div>\n\t\t<\/div>\n\t\t\t\t\t\t<\/div>\n\t\t\t\t<\/div>\n\t\t\t\t\t<\/div>\n\t\t\t\t<\/div>\n\t\t<div class=\"elementor-element elementor-element-32f386a e-flex e-con-boxed e-con e-parent\" data-id=\"32f386a\" data-element_type=\"container\" data-e-type=\"container\">\n\t\t\t\t\t<div class=\"e-con-inner\">\n\t\t\t\t<div class=\"elementor-element elementor-element-3055bd9 e-checkout-layout-two-column elementor-widget elementor-widget-woocommerce-checkout-page\" data-id=\"3055bd9\" data-element_type=\"widget\" data-e-type=\"widget\" data-settings=\"{&quot;purchase_button_hover_animation&quot;:&quot;shrink&quot;}\" data-widget_type=\"woocommerce-checkout-page.default\">\n\t\t\t\t<div class=\"elementor-widget-container\">\n\t\t\t\t\t<div class=\"woocommerce\"><\/div>\t\t\t\t<\/div>\n\t\t\t\t<\/div>\n\t\t\t\t\t<\/div>\n\t\t\t\t<\/div>\n\t\t\t\t<\/div>","protected":false},"excerpt":{"rendered":"<p>Detalles de facturaci\u00f3n Nombre&nbsp;* Apellidos&nbsp;* Nombre de la empresa&nbsp;(opcional) NIF\/CIF\/NIE&nbsp;* Pa\u00eds \/ Regi\u00f3n&nbsp;*Selecciona un pa\u00eds\/regi\u00f3n&hellip;Espa\u00f1aPortugalActualizar pa\u00eds\/regi\u00f3n Direcci\u00f3n de la calle&nbsp;* Apartamento, habitaci\u00f3n, escalera, etc.&nbsp;(opcional) C\u00f3digo postal \/ ZIP&nbsp;* Poblaci\u00f3n&nbsp;* Provincia&nbsp;*Elige una opci\u00f3n&hellip;La Coru\u00f1a\u00c1lavaAlbaceteAlicanteAlmer\u00edaAsturias\u00c1vilaBadajozBalearesBarcelonaBurgosC\u00e1ceresC\u00e1dizCantabriaCastell\u00f3nCeutaCiudad RealC\u00f3rdobaCuencaGeronaGranadaGuadalajaraGuip\u00fazcoaHuelvaHuescaJa\u00e9nLa RiojaLas PalmasLe\u00f3nL\u00e9ridaLugoMadridM\u00e1lagaMelillaMurciaNavarraOrensePalenciaPontevedraSalamancaSanta Cruz de TenerifeSegoviaSevillaSoriaTarragonaTeruelToledoValenciaValladolidVizcayaZamoraZaragoza Tel\u00e9fono&nbsp;* Direcci\u00f3n de correo electr\u00f3nico&nbsp;* \u00bfEnviar a otra direcci\u00f3n? Nombre&nbsp;* Apellidos&nbsp;* Nombre de la empresa&nbsp;(opcional) NIF\/CIF\/NIE&nbsp;(opcional) [&hellip;]<\/p>\n","protected":false},"author":1,"featured_media":0,"parent":0,"menu_order":0,"comment_status":"closed","ping_status":"closed","template":"","meta":{"_acf_changed":false,"site-sidebar-layout":"no-sidebar","site-content-layout":"page-builder","ast-site-content-layout":"full-width-container","site-content-style":"default","site-sidebar-style":"default","ast-global-header-display":"","ast-banner-title-visibility":"","ast-main-header-display":"","ast-hfb-above-header-display":"","ast-hfb-below-header-display":"","ast-hfb-mobile-header-display":"","site-post-title":"disabled","ast-breadcrumbs-content":"","ast-featured-img":"disabled","footer-sml-layout":"","theme-transparent-header-meta":"","adv-header-id-meta":"","stick-header-meta":"","header-above-stick-meta":"","header-main-stick-meta":"","header-below-stick-meta":"","astra-migrate-meta-layouts":"set","ast-page-background-enabled":"default","ast-page-background-meta":{"desktop":{"background-color":"var(--ast-global-color-4)","background-image":"","background-repeat":"repeat","background-position":"center center","background-size":"auto","background-attachment":"scroll","background-type":"","background-media":"","overlay-type":"","overlay-color":"","overlay-opacity":"","overlay-gradient":""},"tablet":{"background-color":"","background-image":"","background-repeat":"repeat","background-position":"center center","background-size":"auto","background-attachment":"scroll","background-type":"","background-media":"","overlay-type":"","overlay-color":"","overlay-opacity":"","overlay-gradient":""},"mobile":{"background-color":"","background-image":"","background-repeat":"repeat","background-position":"center center","background-size":"auto","background-attachment":"scroll","background-type":"","background-media":"","overlay-type":"","overlay-color":"","overlay-opacity":"","overlay-gradient":""}},"ast-content-background-meta":{"desktop":{"background-color":"var(--ast-global-color-5)","background-image":"","background-repeat":"repeat","background-position":"center center","background-size":"auto","background-attachment":"scroll","background-type":"","background-media":"","overlay-type":"","overlay-color":"","overlay-opacity":"","overlay-gradient":""},"tablet":{"background-color":"var(--ast-global-color-5)","background-image":"","background-repeat":"repeat","background-position":"center center","background-size":"auto","background-attachment":"scroll","background-type":"","background-media":"","overlay-type":"","overlay-color":"","overlay-opacity":"","overlay-gradient":""},"mobile":{"background-color":"var(--ast-global-color-5)","background-image":"","background-repeat":"repeat","background-position":"center center","background-size":"auto","background-attachment":"scroll","background-type":"","background-media":"","overlay-type":"","overlay-color":"","overlay-opacity":"","overlay-gradient":""}},"footnotes":""},"class_list":["post-9344","page","type-page","status-publish","hentry"],"acf":[],"yoast_head":"<!-- This site is optimized with the Yoast SEO plugin v27.4 - https:\/\/yoast.com\/product\/yoast-seo-wordpress\/ -->\n<title>testprueba - THE LYF LABS<\/title>\n<meta name=\"robots\" content=\"index, follow, max-snippet:-1, max-image-preview:large, max-video-preview:-1\" \/>\n<link rel=\"canonical\" href=\"https:\/\/thelyflabs.com\/pt\/testprueba\/\" \/>\n<meta property=\"og:locale\" content=\"pt_PT\" \/>\n<meta property=\"og:type\" content=\"article\" \/>\n<meta property=\"og:title\" content=\"testprueba - THE LYF LABS\" \/>\n<meta property=\"og:description\" content=\"Detalles de facturaci\u00f3n Nombre&nbsp;* Apellidos&nbsp;* Nombre de la empresa&nbsp;(opcional) NIF\/CIF\/NIE&nbsp;* Pa\u00eds \/ Regi\u00f3n&nbsp;*Selecciona un pa\u00eds\/regi\u00f3n&hellip;Espa\u00f1aPortugalActualizar pa\u00eds\/regi\u00f3n Direcci\u00f3n de la calle&nbsp;* Apartamento, habitaci\u00f3n, escalera, etc.&nbsp;(opcional) C\u00f3digo postal \/ ZIP&nbsp;* Poblaci\u00f3n&nbsp;* Provincia&nbsp;*Elige una opci\u00f3n&hellip;La Coru\u00f1a\u00c1lavaAlbaceteAlicanteAlmer\u00edaAsturias\u00c1vilaBadajozBalearesBarcelonaBurgosC\u00e1ceresC\u00e1dizCantabriaCastell\u00f3nCeutaCiudad RealC\u00f3rdobaCuencaGeronaGranadaGuadalajaraGuip\u00fazcoaHuelvaHuescaJa\u00e9nLa RiojaLas PalmasLe\u00f3nL\u00e9ridaLugoMadridM\u00e1lagaMelillaMurciaNavarraOrensePalenciaPontevedraSalamancaSanta Cruz de TenerifeSegoviaSevillaSoriaTarragonaTeruelToledoValenciaValladolidVizcayaZamoraZaragoza Tel\u00e9fono&nbsp;* Direcci\u00f3n de correo electr\u00f3nico&nbsp;* \u00bfEnviar a otra direcci\u00f3n? Nombre&nbsp;* Apellidos&nbsp;* Nombre de la empresa&nbsp;(opcional) NIF\/CIF\/NIE&nbsp;(opcional) [&hellip;]\" \/>\n<meta property=\"og:url\" content=\"https:\/\/thelyflabs.com\/pt\/testprueba\/\" \/>\n<meta property=\"og:site_name\" content=\"THE LYF LABS\" \/>\n<meta property=\"article:modified_time\" content=\"2024-11-26T20:58:10+00:00\" \/>\n<meta property=\"og:image\" content=\"https:\/\/thelyflabs.com\/wp-content\/plugins\/woo-redsys-gateway-light\/assets\/images\/redsys.png\" \/>\n<meta name=\"twitter:card\" content=\"summary_large_image\" \/>\n<meta name=\"twitter:label1\" content=\"Tempo estimado de leitura\" \/>\n\t<meta name=\"twitter:data1\" content=\"13 minutos\" \/>\n<script type=\"application\/ld+json\" class=\"yoast-schema-graph\">{\"@context\":\"https:\\\/\\\/schema.org\",\"@graph\":[{\"@type\":\"WebPage\",\"@id\":\"https:\\\/\\\/thelyflabs.com\\\/testprueba\",\"url\":\"https:\\\/\\\/thelyflabs.com\\\/testprueba\",\"name\":\"testprueba - THE LYF LABS\",\"isPartOf\":{\"@id\":\"https:\\\/\\\/thelyflabs.com\\\/#website\"},\"primaryImageOfPage\":{\"@id\":\"https:\\\/\\\/thelyflabs.com\\\/testprueba#primaryimage\"},\"image\":{\"@id\":\"https:\\\/\\\/thelyflabs.com\\\/testprueba#primaryimage\"},\"thumbnailUrl\":\"https:\\\/\\\/thelyflabs.com\\\/wp-content\\\/plugins\\\/woo-redsys-gateway-light\\\/assets\\\/images\\\/redsys.png\",\"datePublished\":\"2024-11-26T20:14:03+00:00\",\"dateModified\":\"2024-11-26T20:58:10+00:00\",\"breadcrumb\":{\"@id\":\"https:\\\/\\\/thelyflabs.com\\\/testprueba#breadcrumb\"},\"inLanguage\":\"pt-PT\",\"potentialAction\":[{\"@type\":\"ReadAction\",\"target\":[\"https:\\\/\\\/thelyflabs.com\\\/testprueba\"]}]},{\"@type\":\"ImageObject\",\"inLanguage\":\"pt-PT\",\"@id\":\"https:\\\/\\\/thelyflabs.com\\\/testprueba#primaryimage\",\"url\":\"https:\\\/\\\/thelyflabs.com\\\/wp-content\\\/plugins\\\/woo-redsys-gateway-light\\\/assets\\\/images\\\/redsys.png\",\"contentUrl\":\"https:\\\/\\\/thelyflabs.com\\\/wp-content\\\/plugins\\\/woo-redsys-gateway-light\\\/assets\\\/images\\\/redsys.png\"},{\"@type\":\"BreadcrumbList\",\"@id\":\"https:\\\/\\\/thelyflabs.com\\\/testprueba#breadcrumb\",\"itemListElement\":[{\"@type\":\"ListItem\",\"position\":1,\"name\":\"Portada\",\"item\":\"https:\\\/\\\/thelyflabs.com\\\/\"},{\"@type\":\"ListItem\",\"position\":2,\"name\":\"testprueba\"}]},{\"@type\":\"WebSite\",\"@id\":\"https:\\\/\\\/thelyflabs.com\\\/#website\",\"url\":\"https:\\\/\\\/thelyflabs.com\\\/\",\"name\":\"The LYF Labs\",\"description\":\"CBD al por mayor\",\"publisher\":{\"@id\":\"https:\\\/\\\/thelyflabs.com\\\/#organization\"},\"potentialAction\":[{\"@type\":\"SearchAction\",\"target\":{\"@type\":\"EntryPoint\",\"urlTemplate\":\"https:\\\/\\\/thelyflabs.com\\\/?s={search_term_string}\"},\"query-input\":{\"@type\":\"PropertyValueSpecification\",\"valueRequired\":true,\"valueName\":\"search_term_string\"}}],\"inLanguage\":\"pt-PT\"},{\"@type\":\"Organization\",\"@id\":\"https:\\\/\\\/thelyflabs.com\\\/#organization\",\"name\":\"The LYF Labs\",\"url\":\"https:\\\/\\\/thelyflabs.com\\\/\",\"logo\":{\"@type\":\"ImageObject\",\"inLanguage\":\"pt-PT\",\"@id\":\"https:\\\/\\\/thelyflabs.com\\\/#\\\/schema\\\/logo\\\/image\\\/\",\"url\":\"https:\\\/\\\/thelyflabs.com\\\/wp-content\\\/uploads\\\/2023\\\/01\\\/cropped-LogoTheLYFLabs.png\",\"contentUrl\":\"https:\\\/\\\/thelyflabs.com\\\/wp-content\\\/uploads\\\/2023\\\/01\\\/cropped-LogoTheLYFLabs.png\",\"width\":600,\"height\":180,\"caption\":\"The LYF Labs\"},\"image\":{\"@id\":\"https:\\\/\\\/thelyflabs.com\\\/#\\\/schema\\\/logo\\\/image\\\/\"}}]}<\/script>\n<!-- \/ Yoast SEO plugin. -->","yoast_head_json":{"title":"testprueba - THE LYF LABS","robots":{"index":"index","follow":"follow","max-snippet":"max-snippet:-1","max-image-preview":"max-image-preview:large","max-video-preview":"max-video-preview:-1"},"canonical":"https:\/\/thelyflabs.com\/pt\/testprueba\/","og_locale":"pt_PT","og_type":"article","og_title":"testprueba - THE LYF LABS","og_description":"Detalles de facturaci\u00f3n Nombre&nbsp;* Apellidos&nbsp;* Nombre de la empresa&nbsp;(opcional) NIF\/CIF\/NIE&nbsp;* Pa\u00eds \/ Regi\u00f3n&nbsp;*Selecciona un pa\u00eds\/regi\u00f3n&hellip;Espa\u00f1aPortugalActualizar pa\u00eds\/regi\u00f3n Direcci\u00f3n de la calle&nbsp;* Apartamento, habitaci\u00f3n, escalera, etc.&nbsp;(opcional) C\u00f3digo postal \/ ZIP&nbsp;* Poblaci\u00f3n&nbsp;* Provincia&nbsp;*Elige una opci\u00f3n&hellip;La Coru\u00f1a\u00c1lavaAlbaceteAlicanteAlmer\u00edaAsturias\u00c1vilaBadajozBalearesBarcelonaBurgosC\u00e1ceresC\u00e1dizCantabriaCastell\u00f3nCeutaCiudad RealC\u00f3rdobaCuencaGeronaGranadaGuadalajaraGuip\u00fazcoaHuelvaHuescaJa\u00e9nLa RiojaLas PalmasLe\u00f3nL\u00e9ridaLugoMadridM\u00e1lagaMelillaMurciaNavarraOrensePalenciaPontevedraSalamancaSanta Cruz de TenerifeSegoviaSevillaSoriaTarragonaTeruelToledoValenciaValladolidVizcayaZamoraZaragoza Tel\u00e9fono&nbsp;* Direcci\u00f3n de correo electr\u00f3nico&nbsp;* \u00bfEnviar a otra direcci\u00f3n? Nombre&nbsp;* Apellidos&nbsp;* Nombre de la empresa&nbsp;(opcional) NIF\/CIF\/NIE&nbsp;(opcional) [&hellip;]","og_url":"https:\/\/thelyflabs.com\/pt\/testprueba\/","og_site_name":"THE LYF LABS","article_modified_time":"2024-11-26T20:58:10+00:00","og_image":[{"url":"https:\/\/thelyflabs.com\/wp-content\/plugins\/woo-redsys-gateway-light\/assets\/images\/redsys.png","type":"","width":"","height":""}],"twitter_card":"summary_large_image","twitter_misc":{"Tempo estimado de leitura":"13 minutos"},"schema":{"@context":"https:\/\/schema.org","@graph":[{"@type":"WebPage","@id":"https:\/\/thelyflabs.com\/testprueba","url":"https:\/\/thelyflabs.com\/testprueba","name":"testprueba - THE LYF LABS","isPartOf":{"@id":"https:\/\/thelyflabs.com\/#website"},"primaryImageOfPage":{"@id":"https:\/\/thelyflabs.com\/testprueba#primaryimage"},"image":{"@id":"https:\/\/thelyflabs.com\/testprueba#primaryimage"},"thumbnailUrl":"https:\/\/thelyflabs.com\/wp-content\/plugins\/woo-redsys-gateway-light\/assets\/images\/redsys.png","datePublished":"2024-11-26T20:14:03+00:00","dateModified":"2024-11-26T20:58:10+00:00","breadcrumb":{"@id":"https:\/\/thelyflabs.com\/testprueba#breadcrumb"},"inLanguage":"pt-PT","potentialAction":[{"@type":"ReadAction","target":["https:\/\/thelyflabs.com\/testprueba"]}]},{"@type":"ImageObject","inLanguage":"pt-PT","@id":"https:\/\/thelyflabs.com\/testprueba#primaryimage","url":"https:\/\/thelyflabs.com\/wp-content\/plugins\/woo-redsys-gateway-light\/assets\/images\/redsys.png","contentUrl":"https:\/\/thelyflabs.com\/wp-content\/plugins\/woo-redsys-gateway-light\/assets\/images\/redsys.png"},{"@type":"BreadcrumbList","@id":"https:\/\/thelyflabs.com\/testprueba#breadcrumb","itemListElement":[{"@type":"ListItem","position":1,"name":"Portada","item":"https:\/\/thelyflabs.com\/"},{"@type":"ListItem","position":2,"name":"testprueba"}]},{"@type":"WebSite","@id":"https:\/\/thelyflabs.com\/#website","url":"https:\/\/thelyflabs.com\/","name":"Os Laborat\u00f3rios LYF","description":"CBD atacado","publisher":{"@id":"https:\/\/thelyflabs.com\/#organization"},"potentialAction":[{"@type":"SearchAction","target":{"@type":"EntryPoint","urlTemplate":"https:\/\/thelyflabs.com\/?s={search_term_string}"},"query-input":{"@type":"PropertyValueSpecification","valueRequired":true,"valueName":"search_term_string"}}],"inLanguage":"pt-PT"},{"@type":"Organization","@id":"https:\/\/thelyflabs.com\/#organization","name":"Os Laborat\u00f3rios LYF","url":"https:\/\/thelyflabs.com\/","logo":{"@type":"ImageObject","inLanguage":"pt-PT","@id":"https:\/\/thelyflabs.com\/#\/schema\/logo\/image\/","url":"https:\/\/thelyflabs.com\/wp-content\/uploads\/2023\/01\/cropped-LogoTheLYFLabs.png","contentUrl":"https:\/\/thelyflabs.com\/wp-content\/uploads\/2023\/01\/cropped-LogoTheLYFLabs.png","width":600,"height":180,"caption":"The LYF Labs"},"image":{"@id":"https:\/\/thelyflabs.com\/#\/schema\/logo\/image\/"}}]}},"_links":{"self":[{"href":"https:\/\/thelyflabs.com\/pt\/wp-json\/wp\/v2\/pages\/9344","targetHints":{"allow":["GET"]}}],"collection":[{"href":"https:\/\/thelyflabs.com\/pt\/wp-json\/wp\/v2\/pages"}],"about":[{"href":"https:\/\/thelyflabs.com\/pt\/wp-json\/wp\/v2\/types\/page"}],"author":[{"embeddable":true,"href":"https:\/\/thelyflabs.com\/pt\/wp-json\/wp\/v2\/users\/1"}],"replies":[{"embeddable":true,"href":"https:\/\/thelyflabs.com\/pt\/wp-json\/wp\/v2\/comments?post=9344"}],"version-history":[{"count":4,"href":"https:\/\/thelyflabs.com\/pt\/wp-json\/wp\/v2\/pages\/9344\/revisions"}],"predecessor-version":[{"id":9352,"href":"https:\/\/thelyflabs.com\/pt\/wp-json\/wp\/v2\/pages\/9344\/revisions\/9352"}],"wp:attachment":[{"href":"https:\/\/thelyflabs.com\/pt\/wp-json\/wp\/v2\/media?parent=9344"}],"curies":[{"name":"wp","href":"https:\/\/api.w.org\/{rel}","templated":true}]}}