{"id":10213,"date":"2025-01-23T00:52:32","date_gmt":"2025-01-22T23:52:32","guid":{"rendered":"https:\/\/thelyflabs.com\/?post_type=product&#038;p=10213"},"modified":"2026-03-20T11:46:04","modified_gmt":"2026-03-20T10:46:04","slug":"piatella-hash-cbd-40","status":"publish","type":"product","link":"https:\/\/thelyflabs.com\/pt\/product\/piatella-hash-cbd-40","title":{"rendered":"Piatella Hash CBD 40%"},"content":{"rendered":"<h3 data-pm-slice=\"1 1 []\">Piatella Hash CBD 40%: o haxixe que voc\u00ea esperava<\/h3>\n<p>Na Iguana Smoke adoramos oferecer-lhe o melhor do universo CBD, e desta vez trazemos-lhe uma joia que n\u00e3o vai querer perder: <strong>Piatella Hash CBD 40%<\/strong>. Este haxixe CBD destaca-se pela alt\u00edssima concentra\u00e7\u00e3o de canabidiol e pela sua textura inconfund\u00edvel, perfeita para os amantes de CBD que procuram qualidade e sabor em cada experi\u00eancia.<\/p>\n<h4>O que \u00e9 Piatella Hash CBD?<\/h4>\n<p><strong>Piatella CBD<\/strong> \u00e9 uma variedade premium de haxixe CBD feita a partir das melhores flores de c\u00e2nhamo industrial cultivadas organicamente. Seu nome, &quot;Piatella&quot;, refere-se \u00e0 sua caracter\u00edstica textura macia e male\u00e1vel que derrete facilmente, sendo uma op\u00e7\u00e3o ideal para quem gosta de explorar os aromas de resinas de alta qualidade.<\/p>\n<p>Gra\u00e7as \u00e0 sua concentra\u00e7\u00e3o de 401% de CBD, este produto oferece uma experi\u00eancia intensamente relaxante e prazerosa, sem os efeitos psicoativos associados ao THC. Al\u00e9m disso, com menos de 0,31% de THC, \u00e9 totalmente legal na Espanha e em toda a Uni\u00e3o Europeia.<\/p>\n<p>&nbsp;<\/p>\n<h2>Caracter\u00edsticas do haxixe CBD Piatella 40%:<\/h2>\n<ul>\n<li><b>Apar\u00eancia e textura: <\/b>Ele se destaca visualmente por seu t<strong>textura male\u00e1vel<\/strong> Derrete facilmente, proporcionando uma experi\u00eancia t\u00e1til t\u00e3o prazerosa quanto o seu efeito. Este haxixe de CBD \u00e9 feito usando <strong>meias<\/strong> alta precis\u00e3o para separar o <strong>gl\u00e2ndulas de resina de material vegetal<\/strong>Alcan\u00e7ar a perfei\u00e7\u00e3o.<\/li>\n<li><span style=\"font-size: 16px;font-weight: 400\"><strong>Aroma e sabor:<\/strong> intenso, com um rico perfil de terpenoides que combina <strong>notas terrosas, doces e picantes<\/strong>. \u00a0<\/span><\/li>\n<li><strong>Origem e pureza:<\/strong> <span style=\"font-size: 16px;font-weight: 400\">Esta resina prov\u00e9m de fontes confi\u00e1veis que garantem a<strong> pureza e qualidade<\/strong>Ao contr\u00e1rio de outros produtos, este haxixe conserva todas as suas propriedades. <strong>terpenos naturais<\/strong>Isso garante uma experi\u00eancia olfativa e gustativa excepcional.<\/span><span style=\"font-size: 16px;font-weight: 400\">crucial para quem busca <strong>CBD barato<\/strong> mas eles n\u00e3o querem comprometer a qualidade de <strong>Piatella 40% CBD Hashish<\/strong>.<\/span><\/li>\n<\/ul>\n<section class=\"product-description\">\n<h2>Qualidade e seguran\u00e7a<\/h2>\n<p>Em <strong>Os Laborat\u00f3rios Lyf<\/strong>, garantimos que cada lote de <strong>Piatella Hash CBD<\/strong>\u00a0O produto passa por rigorosas an\u00e1lises laboratoriais para confirmar sua pureza, aus\u00eancia de pesticidas e n\u00edveis legais de THC (inferiores a 0,31% TP3T). Nosso compromisso com a qualidade e a seguran\u00e7a nos permite oferecer um produto confi\u00e1vel, adequado a todos os usu\u00e1rios que valorizam a legalidade e a excel\u00eancia no consumo.<\/p>\n<p>&nbsp;<\/p>\n<p><span style=\"font-size: 1.7em;font-weight: bold\">Por que comprar? <strong>Piatella Hash CBD<\/strong>\u00a0nos Laborat\u00f3rios Lyf?<\/span><\/p>\n<\/section>\n<section class=\"product-description\">\n<ul>\n<li>Produto 100% legal na Uni\u00e3o Europeia, em conformidade com a regulamenta\u00e7\u00e3o vigente sobre THC.<\/li>\n<li>Natural, sem agrot\u00f3xicos ou aditivos qu\u00edmicos, garantindo um consumo seguro e saud\u00e1vel.<\/li>\n<li>Testado em laborat\u00f3rios certificados para garantir m\u00e1xima pureza e qualidade.<\/li>\n<li>Entrega r\u00e1pida e servi\u00e7o profissional acompanham cada compra.<\/li>\n<li>Compra segura e suporte especializado para tirar qualquer d\u00favida.<\/li>\n<\/ul>\n<p>A Lyf Labs est\u00e1 comprometida em oferecer produtos que combinam tradi\u00e7\u00e3o, inova\u00e7\u00e3o e a mais alta qualidade. Ele <strong>Piatella Hash CBD<\/strong>\u00a0\u00c9 uma excelente escolha para quem busca um haxixe artesanal com um perfil moderno e uma experi\u00eancia de uso \u00fanica. Confie em n\u00f3s para adicionar \u00e0 sua cole\u00e7\u00e3o ou cat\u00e1logo um produto que se destaque pela autenticidade, sabor e confiabilidade.<\/p>\n<p>&nbsp;<\/p>\n<p><span style=\"font-size: 1.7em;font-weight: bold\">O Lyf Labs \u00e9 de qualidade<\/span><\/p>\n<\/section>\n<p>O Lyf Labs representa excel\u00eancia no mercado atacadista de canabinoides, oferecendo produtos inovadores, seguros e de alta pureza para lojas especializadas e distribuidores. Nosso foco \u00e9 atender \u00e0s necessidades de um setor profissional que busca qualidade consistente, rastreabilidade e pre\u00e7os competitivos. Se voc\u00ea est\u00e1 procurando um fornecedor confi\u00e1vel e inovador, o Lyf Labs \u00e9 um parceiro estrat\u00e9gico para o crescimento no mercado de c\u00e2nhamo.<\/p>\n<p>&nbsp;<\/p>","protected":false},"excerpt":{"rendered":"<p><span style=\"font-weight: 400\">Experimente o Piatella Hash 40% CBD, perfeito para quem deseja desfrutar de um aroma doce e frutado.<\/span><\/p>\n<ul>\n<li><strong>CDB<\/strong>: 40%, garantindo alta intensidade.<\/li>\n<li><strong>Aroma <\/strong>Com um toque picante que lembra as resinas tradicionais.<\/li>\n<li>100% \u00e9 legal na Europa \u2013 menos de 0,3% de THC.<\/li>\n<\/ul>\n<p>An\u00e1lise de qualidade: clique\u00a0<a href=\"https:\/\/iguanasmoke.com\/analiticas\/\" target=\"_blank\" rel=\"noopener\">aqui<\/a><\/p>","protected":false},"featured_media":17479,"comment_status":"open","ping_status":"closed","template":"","meta":{"_acf_changed":false,"site-sidebar-layout":"default","site-content-layout":"","ast-site-content-layout":"default","site-content-style":"default","site-sidebar-style":"default","ast-global-header-display":"","ast-banner-title-visibility":"","ast-main-header-display":"","ast-hfb-above-header-display":"","ast-hfb-below-header-display":"","ast-hfb-mobile-header-display":"","site-post-title":"","ast-breadcrumbs-content":"","ast-featured-img":"","footer-sml-layout":"","theme-transparent-header-meta":"default","adv-header-id-meta":"","stick-header-meta":"","header-above-stick-meta":"","header-main-stick-meta":"","header-below-stick-meta":"","astra-migrate-meta-layouts":"set","ast-page-background-enabled":"default","ast-page-background-meta":{"desktop":{"background-color":"var(--ast-global-color-4)","background-image":"","background-repeat":"repeat","background-position":"center center","background-size":"auto","background-attachment":"scroll","background-type":"","background-media":"","overlay-type":"","overlay-color":"","overlay-opacity":"","overlay-gradient":""},"tablet":{"background-color":"","background-image":"","background-repeat":"repeat","background-position":"center center","background-size":"auto","background-attachment":"scroll","background-type":"","background-media":"","overlay-type":"","overlay-color":"","overlay-opacity":"","overlay-gradient":""},"mobile":{"background-color":"","background-image":"","background-repeat":"repeat","background-position":"center center","background-size":"auto","background-attachment":"scroll","background-type":"","background-media":"","overlay-type":"","overlay-color":"","overlay-opacity":"","overlay-gradient":""}},"ast-content-background-meta":{"desktop":{"background-color":"var(--ast-global-color-5)","background-image":"","background-repeat":"repeat","background-position":"center center","background-size":"auto","background-attachment":"scroll","background-type":"","background-media":"","overlay-type":"","overlay-color":"","overlay-opacity":"","overlay-gradient":""},"tablet":{"background-color":"var(--ast-global-color-5)","background-image":"","background-repeat":"repeat","background-position":"center center","background-size":"auto","background-attachment":"scroll","background-type":"","background-media":"","overlay-type":"","overlay-color":"","overlay-opacity":"","overlay-gradient":""},"mobile":{"background-color":"var(--ast-global-color-5)","background-image":"","background-repeat":"repeat","background-position":"center center","background-size":"auto","background-attachment":"scroll","background-type":"","background-media":"","overlay-type":"","overlay-color":"","overlay-opacity":"","overlay-gradient":""}}},"product_brand":[],"product_cat":[40,66,86],"product_tag":[],"class_list":{"0":"post-10213","1":"product","2":"type-product","3":"status-publish","4":"has-post-thumbnail","6":"product_cat-iguanasmoke","7":"product_cat-resinas","8":"product_cat-resinas-cbd","9":"desktop-align-center","10":"tablet-align-left","11":"mobile-align-left","13":"first","14":"instock","15":"taxable","16":"shipping-taxable","17":"purchasable","18":"product-type-variable"},"acf":[],"yoast_head":"<!-- This site is optimized with the Yoast SEO plugin v27.3 - https:\/\/yoast.com\/product\/yoast-seo-wordpress\/ -->\n<title>Piatella Hash CBD 40% - THE LYF LABS<\/title>\n<meta name=\"description\" content=\"Compra Piatella Hash CBD 40% de CBD al mejor precio para tiendas y mayoristas. Compra hach\u00eds CBD legal. Ofertas y beneficios exclusivos para distribuidores.\" \/>\n<meta name=\"robots\" content=\"index, follow, max-snippet:-1, max-image-preview:large, max-video-preview:-1\" \/>\n<link rel=\"canonical\" href=\"https:\/\/thelyflabs.com\/pt\/product\/piatella-hash-cbd-40\/\" \/>\n<meta property=\"og:locale\" content=\"pt_PT\" \/>\n<meta property=\"og:type\" content=\"article\" \/>\n<meta property=\"og:title\" content=\"Piatella Hash CBD 40% - THE LYF LABS\" \/>\n<meta property=\"og:description\" content=\"Compra Piatella Hash CBD 40% de CBD al mejor precio para tiendas y mayoristas. Compra hach\u00eds CBD legal. Ofertas y beneficios exclusivos para distribuidores.\" \/>\n<meta property=\"og:url\" content=\"https:\/\/thelyflabs.com\/pt\/product\/piatella-hash-cbd-40\/\" \/>\n<meta property=\"og:site_name\" content=\"THE LYF LABS\" \/>\n<meta property=\"article:modified_time\" content=\"2026-03-20T10:46:04+00:00\" \/>\n<meta property=\"og:image\" content=\"https:\/\/thelyflabs.com\/wp-content\/uploads\/2025\/01\/Piatella-2g-con-hash.webp\" \/>\n\t<meta property=\"og:image:width\" content=\"1000\" \/>\n\t<meta property=\"og:image:height\" content=\"1000\" \/>\n\t<meta property=\"og:image:type\" content=\"image\/webp\" \/>\n<meta name=\"twitter:card\" content=\"summary_large_image\" \/>\n<meta name=\"twitter:label1\" content=\"Tempo estimado de leitura\" \/>\n\t<meta name=\"twitter:data1\" content=\"3 minutos\" \/>\n<script type=\"application\/ld+json\" class=\"yoast-schema-graph\">{\"@context\":\"https:\\\/\\\/schema.org\",\"@graph\":[{\"@type\":\"WebPage\",\"@id\":\"https:\\\/\\\/thelyflabs.com\\\/product\\\/piatella-hash-cbd-40\",\"url\":\"https:\\\/\\\/thelyflabs.com\\\/product\\\/piatella-hash-cbd-40\",\"name\":\"Piatella Hash CBD 40% - THE LYF LABS\",\"isPartOf\":{\"@id\":\"https:\\\/\\\/thelyflabs.com\\\/#website\"},\"primaryImageOfPage\":{\"@id\":\"https:\\\/\\\/thelyflabs.com\\\/product\\\/piatella-hash-cbd-40#primaryimage\"},\"image\":{\"@id\":\"https:\\\/\\\/thelyflabs.com\\\/product\\\/piatella-hash-cbd-40#primaryimage\"},\"thumbnailUrl\":\"https:\\\/\\\/thelyflabs.com\\\/wp-content\\\/uploads\\\/2025\\\/01\\\/Piatella-2g-con-hash.webp\",\"datePublished\":\"2025-01-22T23:52:32+00:00\",\"dateModified\":\"2026-03-20T10:46:04+00:00\",\"description\":\"Compra Piatella Hash CBD 40% de CBD al mejor precio para tiendas y mayoristas. Compra hach\u00eds CBD legal. Ofertas y beneficios exclusivos para distribuidores.\",\"breadcrumb\":{\"@id\":\"https:\\\/\\\/thelyflabs.com\\\/product\\\/piatella-hash-cbd-40#breadcrumb\"},\"inLanguage\":\"pt-PT\",\"potentialAction\":[{\"@type\":\"ReadAction\",\"target\":[\"https:\\\/\\\/thelyflabs.com\\\/product\\\/piatella-hash-cbd-40\"]}]},{\"@type\":\"ImageObject\",\"inLanguage\":\"pt-PT\",\"@id\":\"https:\\\/\\\/thelyflabs.com\\\/product\\\/piatella-hash-cbd-40#primaryimage\",\"url\":\"https:\\\/\\\/thelyflabs.com\\\/wp-content\\\/uploads\\\/2025\\\/01\\\/Piatella-2g-con-hash.webp\",\"contentUrl\":\"https:\\\/\\\/thelyflabs.com\\\/wp-content\\\/uploads\\\/2025\\\/01\\\/Piatella-2g-con-hash.webp\",\"width\":1000,\"height\":1000,\"caption\":\"Hash CBD Piatella 2g\"},{\"@type\":\"BreadcrumbList\",\"@id\":\"https:\\\/\\\/thelyflabs.com\\\/product\\\/piatella-hash-cbd-40#breadcrumb\",\"itemListElement\":[{\"@type\":\"ListItem\",\"position\":1,\"name\":\"Portada\",\"item\":\"https:\\\/\\\/thelyflabs.com\\\/\"},{\"@type\":\"ListItem\",\"position\":2,\"name\":\"Tienda\",\"item\":\"https:\\\/\\\/thelyflabs.com\\\/tienda\"},{\"@type\":\"ListItem\",\"position\":3,\"name\":\"Piatella Hash CBD 40%\"}]},{\"@type\":\"WebSite\",\"@id\":\"https:\\\/\\\/thelyflabs.com\\\/#website\",\"url\":\"https:\\\/\\\/thelyflabs.com\\\/\",\"name\":\"The LYF Labs\",\"description\":\"CBD al por mayor\",\"publisher\":{\"@id\":\"https:\\\/\\\/thelyflabs.com\\\/#organization\"},\"potentialAction\":[{\"@type\":\"SearchAction\",\"target\":{\"@type\":\"EntryPoint\",\"urlTemplate\":\"https:\\\/\\\/thelyflabs.com\\\/?s={search_term_string}\"},\"query-input\":{\"@type\":\"PropertyValueSpecification\",\"valueRequired\":true,\"valueName\":\"search_term_string\"}}],\"inLanguage\":\"pt-PT\"},{\"@type\":\"Organization\",\"@id\":\"https:\\\/\\\/thelyflabs.com\\\/#organization\",\"name\":\"The LYF Labs\",\"url\":\"https:\\\/\\\/thelyflabs.com\\\/\",\"logo\":{\"@type\":\"ImageObject\",\"inLanguage\":\"pt-PT\",\"@id\":\"https:\\\/\\\/thelyflabs.com\\\/#\\\/schema\\\/logo\\\/image\\\/\",\"url\":\"https:\\\/\\\/thelyflabs.com\\\/wp-content\\\/uploads\\\/2023\\\/01\\\/cropped-LogoTheLYFLabs.png\",\"contentUrl\":\"https:\\\/\\\/thelyflabs.com\\\/wp-content\\\/uploads\\\/2023\\\/01\\\/cropped-LogoTheLYFLabs.png\",\"width\":600,\"height\":180,\"caption\":\"The LYF Labs\"},\"image\":{\"@id\":\"https:\\\/\\\/thelyflabs.com\\\/#\\\/schema\\\/logo\\\/image\\\/\"}}]}<\/script>\n<!-- \/ Yoast SEO plugin. -->","yoast_head_json":{"title":"Piatella Hash CBD 40% - THE LYF LABS","description":"Compra Piatella Hash CBD 40% de CBD al mejor precio para tiendas y mayoristas. Compra hach\u00eds CBD legal. Ofertas y beneficios exclusivos para distribuidores.","robots":{"index":"index","follow":"follow","max-snippet":"max-snippet:-1","max-image-preview":"max-image-preview:large","max-video-preview":"max-video-preview:-1"},"canonical":"https:\/\/thelyflabs.com\/pt\/product\/piatella-hash-cbd-40\/","og_locale":"pt_PT","og_type":"article","og_title":"Piatella Hash CBD 40% - THE LYF LABS","og_description":"Compra Piatella Hash CBD 40% de CBD al mejor precio para tiendas y mayoristas. Compra hach\u00eds CBD legal. Ofertas y beneficios exclusivos para distribuidores.","og_url":"https:\/\/thelyflabs.com\/pt\/product\/piatella-hash-cbd-40\/","og_site_name":"THE LYF LABS","article_modified_time":"2026-03-20T10:46:04+00:00","og_image":[{"width":1000,"height":1000,"url":"https:\/\/thelyflabs.com\/wp-content\/uploads\/2025\/01\/Piatella-2g-con-hash.webp","type":"image\/webp"}],"twitter_card":"summary_large_image","twitter_misc":{"Tempo estimado de leitura":"3 minutos"},"schema":{"@context":"https:\/\/schema.org","@graph":[{"@type":"WebPage","@id":"https:\/\/thelyflabs.com\/product\/piatella-hash-cbd-40","url":"https:\/\/thelyflabs.com\/product\/piatella-hash-cbd-40","name":"Piatella Hash CBD 40% - THE LYF LABS","isPartOf":{"@id":"https:\/\/thelyflabs.com\/#website"},"primaryImageOfPage":{"@id":"https:\/\/thelyflabs.com\/product\/piatella-hash-cbd-40#primaryimage"},"image":{"@id":"https:\/\/thelyflabs.com\/product\/piatella-hash-cbd-40#primaryimage"},"thumbnailUrl":"https:\/\/thelyflabs.com\/wp-content\/uploads\/2025\/01\/Piatella-2g-con-hash.webp","datePublished":"2025-01-22T23:52:32+00:00","dateModified":"2026-03-20T10:46:04+00:00","description":"Compra Piatella Hash CBD 40% de CBD al mejor precio para tiendas y mayoristas. Compra hach\u00eds CBD legal. Ofertas y beneficios exclusivos para distribuidores.","breadcrumb":{"@id":"https:\/\/thelyflabs.com\/product\/piatella-hash-cbd-40#breadcrumb"},"inLanguage":"pt-PT","potentialAction":[{"@type":"ReadAction","target":["https:\/\/thelyflabs.com\/product\/piatella-hash-cbd-40"]}]},{"@type":"ImageObject","inLanguage":"pt-PT","@id":"https:\/\/thelyflabs.com\/product\/piatella-hash-cbd-40#primaryimage","url":"https:\/\/thelyflabs.com\/wp-content\/uploads\/2025\/01\/Piatella-2g-con-hash.webp","contentUrl":"https:\/\/thelyflabs.com\/wp-content\/uploads\/2025\/01\/Piatella-2g-con-hash.webp","width":1000,"height":1000,"caption":"Hash CBD Piatella 2g"},{"@type":"BreadcrumbList","@id":"https:\/\/thelyflabs.com\/product\/piatella-hash-cbd-40#breadcrumb","itemListElement":[{"@type":"ListItem","position":1,"name":"Portada","item":"https:\/\/thelyflabs.com\/"},{"@type":"ListItem","position":2,"name":"Tienda","item":"https:\/\/thelyflabs.com\/tienda"},{"@type":"ListItem","position":3,"name":"Piatella Hash CBD 40%"}]},{"@type":"WebSite","@id":"https:\/\/thelyflabs.com\/#website","url":"https:\/\/thelyflabs.com\/","name":"Os Laborat\u00f3rios LYF","description":"CBD atacado","publisher":{"@id":"https:\/\/thelyflabs.com\/#organization"},"potentialAction":[{"@type":"SearchAction","target":{"@type":"EntryPoint","urlTemplate":"https:\/\/thelyflabs.com\/?s={search_term_string}"},"query-input":{"@type":"PropertyValueSpecification","valueRequired":true,"valueName":"search_term_string"}}],"inLanguage":"pt-PT"},{"@type":"Organization","@id":"https:\/\/thelyflabs.com\/#organization","name":"Os Laborat\u00f3rios LYF","url":"https:\/\/thelyflabs.com\/","logo":{"@type":"ImageObject","inLanguage":"pt-PT","@id":"https:\/\/thelyflabs.com\/#\/schema\/logo\/image\/","url":"https:\/\/thelyflabs.com\/wp-content\/uploads\/2023\/01\/cropped-LogoTheLYFLabs.png","contentUrl":"https:\/\/thelyflabs.com\/wp-content\/uploads\/2023\/01\/cropped-LogoTheLYFLabs.png","width":600,"height":180,"caption":"The LYF Labs"},"image":{"@id":"https:\/\/thelyflabs.com\/#\/schema\/logo\/image\/"}}]}},"_links":{"self":[{"href":"https:\/\/thelyflabs.com\/pt\/wp-json\/wp\/v2\/product\/10213","targetHints":{"allow":["GET"]}}],"collection":[{"href":"https:\/\/thelyflabs.com\/pt\/wp-json\/wp\/v2\/product"}],"about":[{"href":"https:\/\/thelyflabs.com\/pt\/wp-json\/wp\/v2\/types\/product"}],"replies":[{"embeddable":true,"href":"https:\/\/thelyflabs.com\/pt\/wp-json\/wp\/v2\/comments?post=10213"}],"wp:featuredmedia":[{"embeddable":true,"href":"https:\/\/thelyflabs.com\/pt\/wp-json\/wp\/v2\/media\/17479"}],"wp:attachment":[{"href":"https:\/\/thelyflabs.com\/pt\/wp-json\/wp\/v2\/media?parent=10213"}],"wp:term":[{"taxonomy":"product_brand","embeddable":true,"href":"https:\/\/thelyflabs.com\/pt\/wp-json\/wp\/v2\/product_brand?post=10213"},{"taxonomy":"product_cat","embeddable":true,"href":"https:\/\/thelyflabs.com\/pt\/wp-json\/wp\/v2\/product_cat?post=10213"},{"taxonomy":"product_tag","embeddable":true,"href":"https:\/\/thelyflabs.com\/pt\/wp-json\/wp\/v2\/product_tag?post=10213"}],"curies":[{"name":"wp","href":"https:\/\/api.w.org\/{rel}","templated":true}]}}