{"id":10214,"date":"2025-01-23T00:52:33","date_gmt":"2025-01-22T23:52:33","guid":{"rendered":"https:\/\/thelyflabs.com\/?post_type=product&#038;p=10214"},"modified":"2026-03-09T09:32:40","modified_gmt":"2026-03-09T08:32:40","slug":"static-runtz-hash-cbd-40","status":"publish","type":"product","link":"https:\/\/thelyflabs.com\/pt\/product\/static-runtz-hash-cbd-40","title":{"rendered":"Hash Runtz est\u00e1tico CBD 40%"},"content":{"rendered":"<h3 data-pm-slice=\"1 1 []\">Hash Runtz est\u00e1tico CBD 40%<\/h3>\n<p>Bem-vindo a uma nova experi\u00eancia de qualidade premium com <strong>Hash Runtz est\u00e1tico CBD<\/strong>, o haxixe CBD que est\u00e1 revolucionando o mercado. Este produto exclusivo cont\u00e9m 40% CBD, oferecendo-lhe uma combina\u00e7\u00e3o \u00fanica de propriedades relaxantes, aroma excepcional e um acabamento artesanal digno dos paladares mais exigentes.<\/p>\n<h4>A magia do Static Runtz Hash CBD<\/h4>\n<p>Ele <strong>Hash Runtz est\u00e1tico CBD<\/strong> \u00e9 um haxixe CBD feito com m\u00e9todos tradicionais que garantem a conserva\u00e7\u00e3o dos terpenos naturais do c\u00e2nhamo. O seu processo de produ\u00e7\u00e3o artesanal garante que cada lote tenha uma textura macia e compacta, com um aroma doce e frutado que caracteriza a variedade Static Runtz.<\/p>\n<p>Este haxixe destaca-se pela sua elevada concentra\u00e7\u00e3o de CBD, o que o torna uma op\u00e7\u00e3o ideal para quem procura desfrutar das propriedades do canabidiol sem efeitos psicoativos. Com menos de 0,2% THC, \u00e9 totalmente legal em Espanha e em toda a Europa.<\/p>\n<h4>Processo de prepara\u00e7\u00e3o<\/h4>\n<p>Ele <strong>Hash Runtz est\u00e1tico CBD<\/strong> \u00c9 obtido atrav\u00e9s de um cuidadoso processo de extra\u00e7\u00e3o que separa os tricomas da planta do c\u00e2nhamo. Isto garante uma pureza excepcional e uma textura homog\u00e9nea que far\u00e1 as del\u00edcias dos amantes do haxixe CBD. Al\u00e9m disso, a utiliza\u00e7\u00e3o de malhas de alta qualidade permite a preserva\u00e7\u00e3o de terpenos e canabin\u00f3ides, garantindo uma experi\u00eancia \u00fanica em cada consumo.<\/p>\n<h4>Por que escolher Static Runtz Hash CBD?<\/h4>\n<p>Se voc\u00ea \u00e9 um entusiasta do CBD, o <strong>Hash Runtz est\u00e1tico CBD<\/strong> \u00c9 a escolha perfeita para voc\u00ea. Este haxixe combina as melhores qualidades de um produto artesanal com as propriedades terap\u00eauticas do canabidiol. Seu aroma e sabor equilibrados, aliados \u00e0 alta concentra\u00e7\u00e3o de CBD, fazem dele um produto indispens\u00e1vel para quem valoriza qualidade e autenticidade.<\/p>\n<p>Este produto \u00e9 ideal tanto para colecionadores como para quem procura um elemento decorativo ou arom\u00e1tico exclusivo. A textura melada e o tom castanho dourado do <strong>Hash Runtz est\u00e1tico CBD<\/strong> Refletem a sua pureza e a dedica\u00e7\u00e3o colocada em cada etapa da sua produ\u00e7\u00e3o.<\/p>\n<p>&nbsp;<\/p>\n<h2>Caracter\u00edsticas do Runtz Static CBD Hash:<\/h2>\n<ul>\n<li><b>Apar\u00eancia e textura: <span style=\"font-size: 16px;font-weight: 400\">Destaca-se pela sua <strong>Textura macia e compacta, um tanto semelhante ao mel.<\/strong>Este haxixe, de cor castanho-dourada, tem um <strong>consist\u00eancia quebradi\u00e7a<\/strong> que proporciona um uso agrad\u00e1vel, refletindo o cuidado e a precis\u00e3o em sua produ\u00e7\u00e3o artesanal.\u00a0<\/span><\/b><\/li>\n<li><span style=\"font-size: 16px;font-weight: 400\"><strong>Aroma e sabor:<\/strong> <strong>doce e frutado<\/strong>Com toques olfativos c\u00edtricos.<\/span><\/li>\n<li><strong>Origem e pureza:<\/strong><span style=\"font-size: 16px;font-weight: 400\"> Foi feito com <strong>m\u00e9todos tradicionais<\/strong>\u00c9 feito com telas de malha, que permitem a preserva\u00e7\u00e3o dos canabinoides e terpenos naturais do c\u00e2nhamo. \u00c9 produzido atrav\u00e9s de um cuidadoso processo de extra\u00e7\u00e3o que separa os <strong>Tricomas de c\u00e2nhamo<\/strong>Obtendo pureza excepcional e textura homog\u00eanea.\u00a0<\/span><\/li>\n<\/ul>\n<section class=\"product-description\">\n<h2><\/h2>\n<h2>Qualidade e seguran\u00e7a<\/h2>\n<p>Em <strong>Os Laborat\u00f3rios Lyf<\/strong>, garantimos que cada lote de <span style=\"font-weight: 400\"><strong>Hash CBD Static Runtz<\/strong><\/span>\u00a0O produto passa por rigorosas an\u00e1lises laboratoriais para confirmar sua pureza, aus\u00eancia de pesticidas e n\u00edveis legais de THC (inferiores a 0,31% TP3T). Nosso compromisso com a qualidade e a seguran\u00e7a nos permite oferecer um produto confi\u00e1vel, adequado a todos os usu\u00e1rios que valorizam a legalidade e a excel\u00eancia no consumo.<\/p>\n<p>&nbsp;<\/p>\n<p><span style=\"font-size: 1.7em;font-weight: bold\">Por que comprar? <span style=\"font-weight: 400\"><strong>Hash CBD Static Runtz<\/strong><\/span>\u00a0nos Laborat\u00f3rios Lyf?<\/span><\/p>\n<\/section>\n<section class=\"product-description\">\n<ul>\n<li>Produto 100% legal na Uni\u00e3o Europeia, em conformidade com a regulamenta\u00e7\u00e3o vigente sobre THC.<\/li>\n<li>Natural, sem agrot\u00f3xicos ou aditivos qu\u00edmicos, garantindo um consumo seguro e saud\u00e1vel.<\/li>\n<li>Testado em laborat\u00f3rios certificados para garantir m\u00e1xima pureza e qualidade.<\/li>\n<li>Entrega r\u00e1pida e servi\u00e7o profissional acompanham cada compra.<\/li>\n<li>Compra segura e suporte especializado para tirar qualquer d\u00favida.<\/li>\n<\/ul>\n<p>A Lyf Labs est\u00e1 comprometida em oferecer produtos que combinam tradi\u00e7\u00e3o, inova\u00e7\u00e3o e a mais alta qualidade. Ele <span style=\"font-weight: 400\"><strong>Hash CBD Static Runtz<\/strong><\/span>\u00a0\u00c9 uma excelente escolha para quem busca um haxixe artesanal com um perfil moderno e uma experi\u00eancia de uso \u00fanica. Confie em n\u00f3s para adicionar \u00e0 sua cole\u00e7\u00e3o ou cat\u00e1logo um produto que se destaque pela autenticidade, sabor e confiabilidade.<\/p>\n<p>&nbsp;<\/p>\n<p><span style=\"font-size: 1.7em;font-weight: bold\">O Lyf Labs \u00e9 de qualidade<\/span><\/p>\n<\/section>\n<p>O Lyf Labs representa excel\u00eancia no mercado atacadista de canabinoides, oferecendo produtos inovadores, seguros e de alta pureza para lojas especializadas e distribuidores. Nosso foco \u00e9 atender \u00e0s necessidades de um setor profissional que busca qualidade consistente, rastreabilidade e pre\u00e7os competitivos. Se voc\u00ea est\u00e1 procurando um fornecedor confi\u00e1vel e inovador, o Lyf Labs \u00e9 um parceiro estrat\u00e9gico para o crescimento no mercado de c\u00e2nhamo.<\/p>\n<p>&nbsp;<\/p>","protected":false},"excerpt":{"rendered":"<p><span style=\"font-weight: 400\">Experimente o Hash CBD Static Runtz, uma resina de CBD exclusiva com um aroma especial. Ela combina as notas terrosas e resinosas da cannabis com um toque c\u00edtrico fresco.\u00a0<\/span><\/p>\n<ul>\n<li>Composi\u00e7\u00e3o: 40% de CBD e &lt;0,3% de THC<\/li>\n<li>100% legal na Espanha<\/li>\n<\/ul>\n<p>An\u00e1lise de qualidade: clique\u00a0<a href=\"https:\/\/iguanasmoke.com\/analiticas\/\" target=\"_blank\" rel=\"noopener\">aqui<\/a><\/p>","protected":false},"featured_media":12891,"comment_status":"open","ping_status":"closed","template":"","meta":{"_acf_changed":false,"site-sidebar-layout":"default","site-content-layout":"","ast-site-content-layout":"default","site-content-style":"default","site-sidebar-style":"default","ast-global-header-display":"","ast-banner-title-visibility":"","ast-main-header-display":"","ast-hfb-above-header-display":"","ast-hfb-below-header-display":"","ast-hfb-mobile-header-display":"","site-post-title":"","ast-breadcrumbs-content":"","ast-featured-img":"","footer-sml-layout":"","theme-transparent-header-meta":"default","adv-header-id-meta":"","stick-header-meta":"","header-above-stick-meta":"","header-main-stick-meta":"","header-below-stick-meta":"","astra-migrate-meta-layouts":"set","ast-page-background-enabled":"default","ast-page-background-meta":{"desktop":{"background-color":"var(--ast-global-color-4)","background-image":"","background-repeat":"repeat","background-position":"center center","background-size":"auto","background-attachment":"scroll","background-type":"","background-media":"","overlay-type":"","overlay-color":"","overlay-opacity":"","overlay-gradient":""},"tablet":{"background-color":"","background-image":"","background-repeat":"repeat","background-position":"center center","background-size":"auto","background-attachment":"scroll","background-type":"","background-media":"","overlay-type":"","overlay-color":"","overlay-opacity":"","overlay-gradient":""},"mobile":{"background-color":"","background-image":"","background-repeat":"repeat","background-position":"center center","background-size":"auto","background-attachment":"scroll","background-type":"","background-media":"","overlay-type":"","overlay-color":"","overlay-opacity":"","overlay-gradient":""}},"ast-content-background-meta":{"desktop":{"background-color":"var(--ast-global-color-5)","background-image":"","background-repeat":"repeat","background-position":"center center","background-size":"auto","background-attachment":"scroll","background-type":"","background-media":"","overlay-type":"","overlay-color":"","overlay-opacity":"","overlay-gradient":""},"tablet":{"background-color":"var(--ast-global-color-5)","background-image":"","background-repeat":"repeat","background-position":"center center","background-size":"auto","background-attachment":"scroll","background-type":"","background-media":"","overlay-type":"","overlay-color":"","overlay-opacity":"","overlay-gradient":""},"mobile":{"background-color":"var(--ast-global-color-5)","background-image":"","background-repeat":"repeat","background-position":"center center","background-size":"auto","background-attachment":"scroll","background-type":"","background-media":"","overlay-type":"","overlay-color":"","overlay-opacity":"","overlay-gradient":""}}},"product_brand":[],"product_cat":[40,66,86],"product_tag":[],"class_list":{"0":"post-10214","1":"product","2":"type-product","3":"status-publish","4":"has-post-thumbnail","6":"product_cat-iguanasmoke","7":"product_cat-resinas","8":"product_cat-resinas-cbd","9":"desktop-align-center","10":"tablet-align-left","11":"mobile-align-left","13":"first","14":"outofstock","15":"taxable","16":"shipping-taxable","17":"purchasable","18":"product-type-variable"},"acf":[],"yoast_head":"<!-- This site is optimized with the Yoast SEO plugin v27.4 - https:\/\/yoast.com\/product\/yoast-seo-wordpress\/ -->\n<title>Static Runtz Hash CBD 40% - THE LYF LABS<\/title>\n<meta name=\"description\" content=\"Decubre ya el nuevo Hash CBD Static Runtz, con una concentraci\u00f3n de 40%, esta obra maestra artesanal te dejara sin palabras.\" \/>\n<meta name=\"robots\" content=\"index, follow, max-snippet:-1, max-image-preview:large, max-video-preview:-1\" \/>\n<link rel=\"canonical\" href=\"https:\/\/thelyflabs.com\/pt\/product\/static-runtz-hash-cbd-40\/\" \/>\n<meta property=\"og:locale\" content=\"pt_PT\" \/>\n<meta property=\"og:type\" content=\"article\" \/>\n<meta property=\"og:title\" content=\"Static Runtz Hash CBD 40% - THE LYF LABS\" \/>\n<meta property=\"og:description\" content=\"Decubre ya el nuevo Hash CBD Static Runtz, con una concentraci\u00f3n de 40%, esta obra maestra artesanal te dejara sin palabras.\" \/>\n<meta property=\"og:url\" content=\"https:\/\/thelyflabs.com\/pt\/product\/static-runtz-hash-cbd-40\/\" \/>\n<meta property=\"og:site_name\" content=\"THE LYF LABS\" \/>\n<meta property=\"article:modified_time\" content=\"2026-03-09T08:32:40+00:00\" \/>\n<meta property=\"og:image\" content=\"https:\/\/thelyflabs.com\/wp-content\/uploads\/2023\/08\/Hash-Static-Runtz.webp\" \/>\n\t<meta property=\"og:image:width\" content=\"1000\" \/>\n\t<meta property=\"og:image:height\" content=\"1000\" \/>\n\t<meta property=\"og:image:type\" content=\"image\/webp\" \/>\n<meta name=\"twitter:card\" content=\"summary_large_image\" \/>\n<meta name=\"twitter:label1\" content=\"Tempo estimado de leitura\" \/>\n\t<meta name=\"twitter:data1\" content=\"4 minutos\" \/>\n<script type=\"application\/ld+json\" class=\"yoast-schema-graph\">{\"@context\":\"https:\\\/\\\/schema.org\",\"@graph\":[{\"@type\":\"WebPage\",\"@id\":\"https:\\\/\\\/thelyflabs.com\\\/product\\\/static-runtz-hash-cbd-40\",\"url\":\"https:\\\/\\\/thelyflabs.com\\\/product\\\/static-runtz-hash-cbd-40\",\"name\":\"Static Runtz Hash CBD 40% - THE LYF LABS\",\"isPartOf\":{\"@id\":\"https:\\\/\\\/thelyflabs.com\\\/#website\"},\"primaryImageOfPage\":{\"@id\":\"https:\\\/\\\/thelyflabs.com\\\/product\\\/static-runtz-hash-cbd-40#primaryimage\"},\"image\":{\"@id\":\"https:\\\/\\\/thelyflabs.com\\\/product\\\/static-runtz-hash-cbd-40#primaryimage\"},\"thumbnailUrl\":\"https:\\\/\\\/thelyflabs.com\\\/wp-content\\\/uploads\\\/2023\\\/08\\\/Hash-Static-Runtz.webp\",\"datePublished\":\"2025-01-22T23:52:33+00:00\",\"dateModified\":\"2026-03-09T08:32:40+00:00\",\"description\":\"Decubre ya el nuevo Hash CBD Static Runtz, con una concentraci\u00f3n de 40%, esta obra maestra artesanal te dejara sin palabras.\",\"breadcrumb\":{\"@id\":\"https:\\\/\\\/thelyflabs.com\\\/product\\\/static-runtz-hash-cbd-40#breadcrumb\"},\"inLanguage\":\"pt-PT\",\"potentialAction\":[{\"@type\":\"ReadAction\",\"target\":[\"https:\\\/\\\/thelyflabs.com\\\/product\\\/static-runtz-hash-cbd-40\"]}]},{\"@type\":\"ImageObject\",\"inLanguage\":\"pt-PT\",\"@id\":\"https:\\\/\\\/thelyflabs.com\\\/product\\\/static-runtz-hash-cbd-40#primaryimage\",\"url\":\"https:\\\/\\\/thelyflabs.com\\\/wp-content\\\/uploads\\\/2023\\\/08\\\/Hash-Static-Runtz.webp\",\"contentUrl\":\"https:\\\/\\\/thelyflabs.com\\\/wp-content\\\/uploads\\\/2023\\\/08\\\/Hash-Static-Runtz.webp\",\"width\":1000,\"height\":1000},{\"@type\":\"BreadcrumbList\",\"@id\":\"https:\\\/\\\/thelyflabs.com\\\/product\\\/static-runtz-hash-cbd-40#breadcrumb\",\"itemListElement\":[{\"@type\":\"ListItem\",\"position\":1,\"name\":\"Portada\",\"item\":\"https:\\\/\\\/thelyflabs.com\\\/\"},{\"@type\":\"ListItem\",\"position\":2,\"name\":\"Tienda\",\"item\":\"https:\\\/\\\/thelyflabs.com\\\/tienda\"},{\"@type\":\"ListItem\",\"position\":3,\"name\":\"Static Runtz Hash CBD 40%\"}]},{\"@type\":\"WebSite\",\"@id\":\"https:\\\/\\\/thelyflabs.com\\\/#website\",\"url\":\"https:\\\/\\\/thelyflabs.com\\\/\",\"name\":\"The LYF Labs\",\"description\":\"CBD al por mayor\",\"publisher\":{\"@id\":\"https:\\\/\\\/thelyflabs.com\\\/#organization\"},\"potentialAction\":[{\"@type\":\"SearchAction\",\"target\":{\"@type\":\"EntryPoint\",\"urlTemplate\":\"https:\\\/\\\/thelyflabs.com\\\/?s={search_term_string}\"},\"query-input\":{\"@type\":\"PropertyValueSpecification\",\"valueRequired\":true,\"valueName\":\"search_term_string\"}}],\"inLanguage\":\"pt-PT\"},{\"@type\":\"Organization\",\"@id\":\"https:\\\/\\\/thelyflabs.com\\\/#organization\",\"name\":\"The LYF Labs\",\"url\":\"https:\\\/\\\/thelyflabs.com\\\/\",\"logo\":{\"@type\":\"ImageObject\",\"inLanguage\":\"pt-PT\",\"@id\":\"https:\\\/\\\/thelyflabs.com\\\/#\\\/schema\\\/logo\\\/image\\\/\",\"url\":\"https:\\\/\\\/thelyflabs.com\\\/wp-content\\\/uploads\\\/2023\\\/01\\\/cropped-LogoTheLYFLabs.png\",\"contentUrl\":\"https:\\\/\\\/thelyflabs.com\\\/wp-content\\\/uploads\\\/2023\\\/01\\\/cropped-LogoTheLYFLabs.png\",\"width\":600,\"height\":180,\"caption\":\"The LYF Labs\"},\"image\":{\"@id\":\"https:\\\/\\\/thelyflabs.com\\\/#\\\/schema\\\/logo\\\/image\\\/\"}}]}<\/script>\n<!-- \/ Yoast SEO plugin. -->","yoast_head_json":{"title":"Static Runtz Hash CBD 40% - THE LYF LABS","description":"Decubre ya el nuevo Hash CBD Static Runtz, con una concentraci\u00f3n de 40%, esta obra maestra artesanal te dejara sin palabras.","robots":{"index":"index","follow":"follow","max-snippet":"max-snippet:-1","max-image-preview":"max-image-preview:large","max-video-preview":"max-video-preview:-1"},"canonical":"https:\/\/thelyflabs.com\/pt\/product\/static-runtz-hash-cbd-40\/","og_locale":"pt_PT","og_type":"article","og_title":"Static Runtz Hash CBD 40% - THE LYF LABS","og_description":"Decubre ya el nuevo Hash CBD Static Runtz, con una concentraci\u00f3n de 40%, esta obra maestra artesanal te dejara sin palabras.","og_url":"https:\/\/thelyflabs.com\/pt\/product\/static-runtz-hash-cbd-40\/","og_site_name":"THE LYF LABS","article_modified_time":"2026-03-09T08:32:40+00:00","og_image":[{"width":1000,"height":1000,"url":"https:\/\/thelyflabs.com\/wp-content\/uploads\/2023\/08\/Hash-Static-Runtz.webp","type":"image\/webp"}],"twitter_card":"summary_large_image","twitter_misc":{"Tempo estimado de leitura":"4 minutos"},"schema":{"@context":"https:\/\/schema.org","@graph":[{"@type":"WebPage","@id":"https:\/\/thelyflabs.com\/product\/static-runtz-hash-cbd-40","url":"https:\/\/thelyflabs.com\/product\/static-runtz-hash-cbd-40","name":"Static Runtz Hash CBD 40% - THE LYF LABS","isPartOf":{"@id":"https:\/\/thelyflabs.com\/#website"},"primaryImageOfPage":{"@id":"https:\/\/thelyflabs.com\/product\/static-runtz-hash-cbd-40#primaryimage"},"image":{"@id":"https:\/\/thelyflabs.com\/product\/static-runtz-hash-cbd-40#primaryimage"},"thumbnailUrl":"https:\/\/thelyflabs.com\/wp-content\/uploads\/2023\/08\/Hash-Static-Runtz.webp","datePublished":"2025-01-22T23:52:33+00:00","dateModified":"2026-03-09T08:32:40+00:00","description":"Decubre ya el nuevo Hash CBD Static Runtz, con una concentraci\u00f3n de 40%, esta obra maestra artesanal te dejara sin palabras.","breadcrumb":{"@id":"https:\/\/thelyflabs.com\/product\/static-runtz-hash-cbd-40#breadcrumb"},"inLanguage":"pt-PT","potentialAction":[{"@type":"ReadAction","target":["https:\/\/thelyflabs.com\/product\/static-runtz-hash-cbd-40"]}]},{"@type":"ImageObject","inLanguage":"pt-PT","@id":"https:\/\/thelyflabs.com\/product\/static-runtz-hash-cbd-40#primaryimage","url":"https:\/\/thelyflabs.com\/wp-content\/uploads\/2023\/08\/Hash-Static-Runtz.webp","contentUrl":"https:\/\/thelyflabs.com\/wp-content\/uploads\/2023\/08\/Hash-Static-Runtz.webp","width":1000,"height":1000},{"@type":"BreadcrumbList","@id":"https:\/\/thelyflabs.com\/product\/static-runtz-hash-cbd-40#breadcrumb","itemListElement":[{"@type":"ListItem","position":1,"name":"Portada","item":"https:\/\/thelyflabs.com\/"},{"@type":"ListItem","position":2,"name":"Tienda","item":"https:\/\/thelyflabs.com\/tienda"},{"@type":"ListItem","position":3,"name":"Static Runtz Hash CBD 40%"}]},{"@type":"WebSite","@id":"https:\/\/thelyflabs.com\/#website","url":"https:\/\/thelyflabs.com\/","name":"Os Laborat\u00f3rios LYF","description":"CBD atacado","publisher":{"@id":"https:\/\/thelyflabs.com\/#organization"},"potentialAction":[{"@type":"SearchAction","target":{"@type":"EntryPoint","urlTemplate":"https:\/\/thelyflabs.com\/?s={search_term_string}"},"query-input":{"@type":"PropertyValueSpecification","valueRequired":true,"valueName":"search_term_string"}}],"inLanguage":"pt-PT"},{"@type":"Organization","@id":"https:\/\/thelyflabs.com\/#organization","name":"Os Laborat\u00f3rios LYF","url":"https:\/\/thelyflabs.com\/","logo":{"@type":"ImageObject","inLanguage":"pt-PT","@id":"https:\/\/thelyflabs.com\/#\/schema\/logo\/image\/","url":"https:\/\/thelyflabs.com\/wp-content\/uploads\/2023\/01\/cropped-LogoTheLYFLabs.png","contentUrl":"https:\/\/thelyflabs.com\/wp-content\/uploads\/2023\/01\/cropped-LogoTheLYFLabs.png","width":600,"height":180,"caption":"The LYF Labs"},"image":{"@id":"https:\/\/thelyflabs.com\/#\/schema\/logo\/image\/"}}]}},"_links":{"self":[{"href":"https:\/\/thelyflabs.com\/pt\/wp-json\/wp\/v2\/product\/10214","targetHints":{"allow":["GET"]}}],"collection":[{"href":"https:\/\/thelyflabs.com\/pt\/wp-json\/wp\/v2\/product"}],"about":[{"href":"https:\/\/thelyflabs.com\/pt\/wp-json\/wp\/v2\/types\/product"}],"replies":[{"embeddable":true,"href":"https:\/\/thelyflabs.com\/pt\/wp-json\/wp\/v2\/comments?post=10214"}],"wp:featuredmedia":[{"embeddable":true,"href":"https:\/\/thelyflabs.com\/pt\/wp-json\/wp\/v2\/media\/12891"}],"wp:attachment":[{"href":"https:\/\/thelyflabs.com\/pt\/wp-json\/wp\/v2\/media?parent=10214"}],"wp:term":[{"taxonomy":"product_brand","embeddable":true,"href":"https:\/\/thelyflabs.com\/pt\/wp-json\/wp\/v2\/product_brand?post=10214"},{"taxonomy":"product_cat","embeddable":true,"href":"https:\/\/thelyflabs.com\/pt\/wp-json\/wp\/v2\/product_cat?post=10214"},{"taxonomy":"product_tag","embeddable":true,"href":"https:\/\/thelyflabs.com\/pt\/wp-json\/wp\/v2\/product_tag?post=10214"}],"curies":[{"name":"wp","href":"https:\/\/api.w.org\/{rel}","templated":true}]}}