{"id":10216,"date":"2025-01-23T00:52:34","date_gmt":"2025-01-22T23:52:34","guid":{"rendered":"https:\/\/thelyflabs.com\/?post_type=product&#038;p=10216"},"modified":"2026-03-20T11:31:48","modified_gmt":"2026-03-20T10:31:48","slug":"dry-sift-hash-cbd-15","status":"publish","type":"product","link":"https:\/\/thelyflabs.com\/pt\/product\/dry-sift-hash-cbd-15","title":{"rendered":"Hash peneirado a seco CBD 15%"},"content":{"rendered":"<h1><span style=\"font-weight: 400\">Hash CBD Dry Sift 15%: o haxixe CBD artesanal que voc\u00ea merece.<\/span><\/h1>\n<p><span style=\"font-weight: 400\">Projetado para os mais exigentes. <strong>Hash CBD Dry Sift 15% <\/strong> \u00c9 muito mais do que apenas haxixe. \u00c9 uma obra-prima, resultado de extra\u00e7\u00e3o artesanal, concebida para oferecer uma experi\u00eancia aut\u00eantica e enriquecedora. Este haxixe oferece uma combina\u00e7\u00e3o \u00fanica de propriedades relaxantes com um aroma excepcional: possui um <strong>acabamento artesanal<\/strong> Digno dos paladares mais exigentes.<\/span><\/p>\n<p>\u00c9 ideal para quem busca autenticidade e benef\u00edcios terap\u00eauticos gra\u00e7as ao seu sabor e \u00e0 sua perfeita textura. <strong>concentra\u00e7\u00e3o equilibrada de CBD<\/strong>. <span style=\"font-weight: 400\">Tamb\u00e9m possui menos de 0,31% de THC, portanto, este haxixe \u00e9 <strong>Legal na Espanha e na Europa<\/strong>.<\/span><\/p>\n<p>\u00c9 muito mais do que apenas haxixe de CBD. \u00c9 um produto artesanal que combina qualidade, pureza e um aroma inigual\u00e1vel; uma op\u00e7\u00e3o de destaque no mercado. <span style=\"font-weight: 400\"> Explore sua textura e saboreie seus aromas! Descubra por que o <strong>Haxixe CBD Dry Peneirado 15% <\/strong>\u00c9 uma das resinas mais aut\u00eanticas e de maior qualidade que voc\u00ea pode encontrar, se quiser. <strong>haxixe CBD barato<\/strong> mas premium.<\/span><\/p>\n<p>&nbsp;<\/p>\n<h2>Caracter\u00edsticas do haxixe CBD peneirado a seco:<\/h2>\n<ul>\n<li><b>Apar\u00eancia e textura: <span style=\"font-size: 16px;font-weight: 400\">Destaca-se pela sua <strong>textura sedosa e macia<\/strong>Este haxixe, de cor dourada clara, tem um c<strong>consist\u00eancia quebradi\u00e7a<\/strong> que facilita o uso agrad\u00e1vel, refletindo o cuidado e a precis\u00e3o em sua produ\u00e7\u00e3o artesanal. Nele <span style=\"font-weight: 400\">voc\u00ea pode ver o <strong>pequenos cristais de resina<\/strong>, um sinal de que est\u00e1 repleto de canabinoides e terpenos de alta qualidade.<\/span><\/span><\/b><\/li>\n<li><span style=\"font-size: 16px;font-weight: 400\"><strong>Aroma e sabor:<\/strong> profundo e natural; com toques <strong>aromas terrosos e c\u00edtricos<\/strong>.<\/span><\/li>\n<li><strong>Origem e pureza:<\/strong><span style=\"font-size: 16px;font-weight: 400\"> <strong><span style=\"font-weight: 400\">Tudo come\u00e7a com o m\u00e9todo de extra\u00e7\u00e3o do haxixe, que envolve um processo de peneiramento a seco chamado &quot;Dry-Sift&quot;. Esta \u00e9 uma forma tradicional de separar os cristais mais puros da planta de c\u00e2nhamo. S\u00e3o utilizadas telas de malha fina, resultando em uma resina com textura suave, aroma intenso e pureza incompar\u00e1vel.<\/span><\/strong><\/span><\/li>\n<\/ul>\n<p>&nbsp;<\/p>\n<p>&nbsp;<\/p>\n<h3><strong>Um haxixe CBD pensado para os mais exigentes<\/strong><\/h3>\n<p>Em resumo, o <strong>Hash peneirado a seco CBD 15%<\/strong> \u00c9 muito mais do que apenas um produto de c\u00e2nhamo. \u00c9 uma obra-prima de extra\u00e7\u00e3o artesanal, pensada para oferecer uma experi\u00eancia aut\u00eantica e enriquecedora. Com sua alta concentra\u00e7\u00e3o de CBD e seu perfil arom\u00e1tico requintado, esse haxixe se posiciona como uma das melhores op\u00e7\u00f5es do mercado para quem busca qualidade, pureza e sabor.<\/p>\n<p><strong>Adquira j\u00e1 o seu Dry Sift Hash CBD e desfrute da mais pura ess\u00eancia do c\u00e2nhamo!<\/strong> Se voc\u00ea tiver d\u00favidas ou preocupa\u00e7\u00f5es, n\u00e3o hesite em entrar em contato com nossa equipe. Em <strong>Fuma\u00e7a De Iguana<\/strong>, estamos aqui para ajud\u00e1-lo a escolher o melhor.<\/p>\n<p>&nbsp;<\/p>\n<section class=\"product-description\">\n<h2>Qualidade e seguran\u00e7a<\/h2>\n<p>Em <strong>Os Laborat\u00f3rios Lyf<\/strong>, garantimos que cada lote de <span style=\"font-weight: 400\"><strong>Hash CBD Dry Sift<\/strong><\/span>\u00a0O produto passa por rigorosas an\u00e1lises laboratoriais para confirmar sua pureza, aus\u00eancia de pesticidas e n\u00edveis legais de THC (inferiores a 0,31% TP3T). Nosso compromisso com a qualidade e a seguran\u00e7a nos permite oferecer um produto confi\u00e1vel, adequado a todos os usu\u00e1rios que valorizam a legalidade e a excel\u00eancia no consumo.<\/p>\n<p>&nbsp;<\/p>\n<p><span style=\"font-size: 1.7em;font-weight: bold\">Por que comprar? <span style=\"font-weight: 400\"><strong>Hash CBD Dry Sift<\/strong><\/span>\u00a0nos Laborat\u00f3rios Lyf?<\/span><\/p>\n<\/section>\n<section class=\"product-description\">\n<ul>\n<li>Produto 100% legal na Uni\u00e3o Europeia, em conformidade com a regulamenta\u00e7\u00e3o vigente sobre THC.<\/li>\n<li>Natural, sem agrot\u00f3xicos ou aditivos qu\u00edmicos, garantindo um consumo seguro e saud\u00e1vel.<\/li>\n<li>Testado em laborat\u00f3rios certificados para garantir m\u00e1xima pureza e qualidade.<\/li>\n<li>Entrega r\u00e1pida e servi\u00e7o profissional acompanham cada compra.<\/li>\n<li>Compra segura e suporte especializado para tirar qualquer d\u00favida.<\/li>\n<\/ul>\n<p>A Lyf Labs est\u00e1 comprometida em oferecer produtos que combinam tradi\u00e7\u00e3o, inova\u00e7\u00e3o e a mais alta qualidade. Ele <span style=\"font-weight: 400\"><strong>Hash CBD Dry Sift<\/strong><\/span>\u00a0\u00c9 uma excelente escolha para quem busca um haxixe artesanal com um perfil moderno e uma experi\u00eancia de uso \u00fanica. Confie em n\u00f3s para adicionar \u00e0 sua cole\u00e7\u00e3o ou cat\u00e1logo um produto que se destaque pela autenticidade, sabor e confiabilidade.<\/p>\n<p>&nbsp;<\/p>\n<p><span style=\"font-size: 1.7em;font-weight: bold\">O Lyf Labs \u00e9 de qualidade<\/span><\/p>\n<\/section>\n<p>O Lyf Labs representa excel\u00eancia no mercado atacadista de canabinoides, oferecendo produtos inovadores, seguros e de alta pureza para lojas especializadas e distribuidores. Nosso foco \u00e9 atender \u00e0s necessidades de um setor profissional que busca qualidade consistente, rastreabilidade e pre\u00e7os competitivos. Se voc\u00ea est\u00e1 procurando um fornecedor confi\u00e1vel e inovador, o Lyf Labs \u00e9 um parceiro estrat\u00e9gico para o crescimento no mercado de c\u00e2nhamo.<\/p>\n<p>&nbsp;<\/p>","protected":false},"excerpt":{"rendered":"<p>Experimente agora o Dry Sift Hash 15% CBD, uma resina de CBD exclusiva com um aroma especial.<\/p>\n<ul>\n<li><strong>Pureza m\u00e1xima: <\/strong>Concentra\u00e7\u00e3o de CBD 15% e THC &lt;0,3%.<\/li>\n<li>100% legal na Europa<\/li>\n<\/ul>\n<p>An\u00e1lise de qualidade: clique\u00a0<a href=\"https:\/\/iguanasmoke.com\/analiticas\/\" target=\"_blank\" rel=\"noopener\">aqui<\/a><\/p>","protected":false},"featured_media":17464,"comment_status":"open","ping_status":"closed","template":"","meta":{"_acf_changed":false,"site-sidebar-layout":"default","site-content-layout":"","ast-site-content-layout":"default","site-content-style":"default","site-sidebar-style":"default","ast-global-header-display":"","ast-banner-title-visibility":"","ast-main-header-display":"","ast-hfb-above-header-display":"","ast-hfb-below-header-display":"","ast-hfb-mobile-header-display":"","site-post-title":"","ast-breadcrumbs-content":"","ast-featured-img":"","footer-sml-layout":"","theme-transparent-header-meta":"default","adv-header-id-meta":"","stick-header-meta":"","header-above-stick-meta":"","header-main-stick-meta":"","header-below-stick-meta":"","astra-migrate-meta-layouts":"set","ast-page-background-enabled":"default","ast-page-background-meta":{"desktop":{"background-color":"var(--ast-global-color-4)","background-image":"","background-repeat":"repeat","background-position":"center center","background-size":"auto","background-attachment":"scroll","background-type":"","background-media":"","overlay-type":"","overlay-color":"","overlay-opacity":"","overlay-gradient":""},"tablet":{"background-color":"","background-image":"","background-repeat":"repeat","background-position":"center center","background-size":"auto","background-attachment":"scroll","background-type":"","background-media":"","overlay-type":"","overlay-color":"","overlay-opacity":"","overlay-gradient":""},"mobile":{"background-color":"","background-image":"","background-repeat":"repeat","background-position":"center center","background-size":"auto","background-attachment":"scroll","background-type":"","background-media":"","overlay-type":"","overlay-color":"","overlay-opacity":"","overlay-gradient":""}},"ast-content-background-meta":{"desktop":{"background-color":"var(--ast-global-color-5)","background-image":"","background-repeat":"repeat","background-position":"center center","background-size":"auto","background-attachment":"scroll","background-type":"","background-media":"","overlay-type":"","overlay-color":"","overlay-opacity":"","overlay-gradient":""},"tablet":{"background-color":"var(--ast-global-color-5)","background-image":"","background-repeat":"repeat","background-position":"center center","background-size":"auto","background-attachment":"scroll","background-type":"","background-media":"","overlay-type":"","overlay-color":"","overlay-opacity":"","overlay-gradient":""},"mobile":{"background-color":"var(--ast-global-color-5)","background-image":"","background-repeat":"repeat","background-position":"center center","background-size":"auto","background-attachment":"scroll","background-type":"","background-media":"","overlay-type":"","overlay-color":"","overlay-opacity":"","overlay-gradient":""}}},"product_brand":[],"product_cat":[40,66,86],"product_tag":[],"class_list":{"0":"post-10216","1":"product","2":"type-product","3":"status-publish","4":"has-post-thumbnail","6":"product_cat-iguanasmoke","7":"product_cat-resinas","8":"product_cat-resinas-cbd","9":"desktop-align-center","10":"tablet-align-left","11":"mobile-align-left","13":"first","14":"instock","15":"taxable","16":"shipping-taxable","17":"purchasable","18":"product-type-variable"},"acf":[],"yoast_head":"<!-- This site is optimized with the Yoast SEO plugin v27.3 - https:\/\/yoast.com\/product\/yoast-seo-wordpress\/ -->\n<title>Dry Sift Hash CBD 15% - Hash CBD al por mayor - THE LYF LABS<\/title>\n<meta name=\"description\" content=\"Compra la resina Hash CBD Dry Sift de 15% CBD de alta pureza y calidad premium. Proveniente de cultivo ecol\u00f3gico y libre de aditivos artificiales.\" \/>\n<meta name=\"robots\" content=\"index, follow, max-snippet:-1, max-image-preview:large, max-video-preview:-1\" \/>\n<link rel=\"canonical\" href=\"https:\/\/thelyflabs.com\/pt\/product\/dry-sift-hash-cbd-15\/\" \/>\n<meta property=\"og:locale\" content=\"pt_PT\" \/>\n<meta property=\"og:type\" content=\"article\" \/>\n<meta property=\"og:title\" content=\"Dry Sift Hash CBD 15% - Hash CBD al por mayor - THE LYF LABS\" \/>\n<meta property=\"og:description\" content=\"Compra la resina Hash CBD Dry Sift de 15% CBD de alta pureza y calidad premium. Proveniente de cultivo ecol\u00f3gico y libre de aditivos artificiales.\" \/>\n<meta property=\"og:url\" content=\"https:\/\/thelyflabs.com\/pt\/product\/dry-sift-hash-cbd-15\/\" \/>\n<meta property=\"og:site_name\" content=\"THE LYF LABS\" \/>\n<meta property=\"article:modified_time\" content=\"2026-03-20T10:31:48+00:00\" \/>\n<meta property=\"og:image\" content=\"https:\/\/thelyflabs.com\/wp-content\/uploads\/2025\/01\/Dry-sift-2g-con-hash.webp\" \/>\n\t<meta property=\"og:image:width\" content=\"1000\" \/>\n\t<meta property=\"og:image:height\" content=\"1000\" \/>\n\t<meta property=\"og:image:type\" content=\"image\/webp\" \/>\n<meta name=\"twitter:card\" content=\"summary_large_image\" \/>\n<meta name=\"twitter:label1\" content=\"Tempo estimado de leitura\" \/>\n\t<meta name=\"twitter:data1\" content=\"4 minutos\" \/>\n<script type=\"application\/ld+json\" class=\"yoast-schema-graph\">{\"@context\":\"https:\\\/\\\/schema.org\",\"@graph\":[{\"@type\":\"WebPage\",\"@id\":\"https:\\\/\\\/thelyflabs.com\\\/product\\\/dry-sift-hash-cbd-15\",\"url\":\"https:\\\/\\\/thelyflabs.com\\\/product\\\/dry-sift-hash-cbd-15\",\"name\":\"Dry Sift Hash CBD 15% - Hash CBD al por mayor - THE LYF LABS\",\"isPartOf\":{\"@id\":\"https:\\\/\\\/thelyflabs.com\\\/#website\"},\"primaryImageOfPage\":{\"@id\":\"https:\\\/\\\/thelyflabs.com\\\/product\\\/dry-sift-hash-cbd-15#primaryimage\"},\"image\":{\"@id\":\"https:\\\/\\\/thelyflabs.com\\\/product\\\/dry-sift-hash-cbd-15#primaryimage\"},\"thumbnailUrl\":\"https:\\\/\\\/thelyflabs.com\\\/wp-content\\\/uploads\\\/2025\\\/01\\\/Dry-sift-2g-con-hash.webp\",\"datePublished\":\"2025-01-22T23:52:34+00:00\",\"dateModified\":\"2026-03-20T10:31:48+00:00\",\"description\":\"Compra la resina Hash CBD Dry Sift de 15% CBD de alta pureza y calidad premium. Proveniente de cultivo ecol\u00f3gico y libre de aditivos artificiales.\",\"breadcrumb\":{\"@id\":\"https:\\\/\\\/thelyflabs.com\\\/product\\\/dry-sift-hash-cbd-15#breadcrumb\"},\"inLanguage\":\"pt-PT\",\"potentialAction\":[{\"@type\":\"ReadAction\",\"target\":[\"https:\\\/\\\/thelyflabs.com\\\/product\\\/dry-sift-hash-cbd-15\"]}]},{\"@type\":\"ImageObject\",\"inLanguage\":\"pt-PT\",\"@id\":\"https:\\\/\\\/thelyflabs.com\\\/product\\\/dry-sift-hash-cbd-15#primaryimage\",\"url\":\"https:\\\/\\\/thelyflabs.com\\\/wp-content\\\/uploads\\\/2025\\\/01\\\/Dry-sift-2g-con-hash.webp\",\"contentUrl\":\"https:\\\/\\\/thelyflabs.com\\\/wp-content\\\/uploads\\\/2025\\\/01\\\/Dry-sift-2g-con-hash.webp\",\"width\":1000,\"height\":1000,\"caption\":\"Hash CBD Dry Sift 2g\"},{\"@type\":\"BreadcrumbList\",\"@id\":\"https:\\\/\\\/thelyflabs.com\\\/product\\\/dry-sift-hash-cbd-15#breadcrumb\",\"itemListElement\":[{\"@type\":\"ListItem\",\"position\":1,\"name\":\"Portada\",\"item\":\"https:\\\/\\\/thelyflabs.com\\\/\"},{\"@type\":\"ListItem\",\"position\":2,\"name\":\"Tienda\",\"item\":\"https:\\\/\\\/thelyflabs.com\\\/tienda\"},{\"@type\":\"ListItem\",\"position\":3,\"name\":\"Dry Sift Hash CBD 15%\"}]},{\"@type\":\"WebSite\",\"@id\":\"https:\\\/\\\/thelyflabs.com\\\/#website\",\"url\":\"https:\\\/\\\/thelyflabs.com\\\/\",\"name\":\"The LYF Labs\",\"description\":\"CBD al por mayor\",\"publisher\":{\"@id\":\"https:\\\/\\\/thelyflabs.com\\\/#organization\"},\"potentialAction\":[{\"@type\":\"SearchAction\",\"target\":{\"@type\":\"EntryPoint\",\"urlTemplate\":\"https:\\\/\\\/thelyflabs.com\\\/?s={search_term_string}\"},\"query-input\":{\"@type\":\"PropertyValueSpecification\",\"valueRequired\":true,\"valueName\":\"search_term_string\"}}],\"inLanguage\":\"pt-PT\"},{\"@type\":\"Organization\",\"@id\":\"https:\\\/\\\/thelyflabs.com\\\/#organization\",\"name\":\"The LYF Labs\",\"url\":\"https:\\\/\\\/thelyflabs.com\\\/\",\"logo\":{\"@type\":\"ImageObject\",\"inLanguage\":\"pt-PT\",\"@id\":\"https:\\\/\\\/thelyflabs.com\\\/#\\\/schema\\\/logo\\\/image\\\/\",\"url\":\"https:\\\/\\\/thelyflabs.com\\\/wp-content\\\/uploads\\\/2023\\\/01\\\/cropped-LogoTheLYFLabs.png\",\"contentUrl\":\"https:\\\/\\\/thelyflabs.com\\\/wp-content\\\/uploads\\\/2023\\\/01\\\/cropped-LogoTheLYFLabs.png\",\"width\":600,\"height\":180,\"caption\":\"The LYF Labs\"},\"image\":{\"@id\":\"https:\\\/\\\/thelyflabs.com\\\/#\\\/schema\\\/logo\\\/image\\\/\"}}]}<\/script>\n<!-- \/ Yoast SEO plugin. -->","yoast_head_json":{"title":"Dry Sift Hash CBD 15% - Hash CBD al por mayor - THE LYF LABS","description":"Compra la resina Hash CBD Dry Sift de 15% CBD de alta pureza y calidad premium. Proveniente de cultivo ecol\u00f3gico y libre de aditivos artificiales.","robots":{"index":"index","follow":"follow","max-snippet":"max-snippet:-1","max-image-preview":"max-image-preview:large","max-video-preview":"max-video-preview:-1"},"canonical":"https:\/\/thelyflabs.com\/pt\/product\/dry-sift-hash-cbd-15\/","og_locale":"pt_PT","og_type":"article","og_title":"Dry Sift Hash CBD 15% - Hash CBD al por mayor - THE LYF LABS","og_description":"Compra la resina Hash CBD Dry Sift de 15% CBD de alta pureza y calidad premium. Proveniente de cultivo ecol\u00f3gico y libre de aditivos artificiales.","og_url":"https:\/\/thelyflabs.com\/pt\/product\/dry-sift-hash-cbd-15\/","og_site_name":"THE LYF LABS","article_modified_time":"2026-03-20T10:31:48+00:00","og_image":[{"width":1000,"height":1000,"url":"https:\/\/thelyflabs.com\/wp-content\/uploads\/2025\/01\/Dry-sift-2g-con-hash.webp","type":"image\/webp"}],"twitter_card":"summary_large_image","twitter_misc":{"Tempo estimado de leitura":"4 minutos"},"schema":{"@context":"https:\/\/schema.org","@graph":[{"@type":"WebPage","@id":"https:\/\/thelyflabs.com\/product\/dry-sift-hash-cbd-15","url":"https:\/\/thelyflabs.com\/product\/dry-sift-hash-cbd-15","name":"Dry Sift Hash CBD 15% - Hash CBD al por mayor - THE LYF LABS","isPartOf":{"@id":"https:\/\/thelyflabs.com\/#website"},"primaryImageOfPage":{"@id":"https:\/\/thelyflabs.com\/product\/dry-sift-hash-cbd-15#primaryimage"},"image":{"@id":"https:\/\/thelyflabs.com\/product\/dry-sift-hash-cbd-15#primaryimage"},"thumbnailUrl":"https:\/\/thelyflabs.com\/wp-content\/uploads\/2025\/01\/Dry-sift-2g-con-hash.webp","datePublished":"2025-01-22T23:52:34+00:00","dateModified":"2026-03-20T10:31:48+00:00","description":"Compra la resina Hash CBD Dry Sift de 15% CBD de alta pureza y calidad premium. Proveniente de cultivo ecol\u00f3gico y libre de aditivos artificiales.","breadcrumb":{"@id":"https:\/\/thelyflabs.com\/product\/dry-sift-hash-cbd-15#breadcrumb"},"inLanguage":"pt-PT","potentialAction":[{"@type":"ReadAction","target":["https:\/\/thelyflabs.com\/product\/dry-sift-hash-cbd-15"]}]},{"@type":"ImageObject","inLanguage":"pt-PT","@id":"https:\/\/thelyflabs.com\/product\/dry-sift-hash-cbd-15#primaryimage","url":"https:\/\/thelyflabs.com\/wp-content\/uploads\/2025\/01\/Dry-sift-2g-con-hash.webp","contentUrl":"https:\/\/thelyflabs.com\/wp-content\/uploads\/2025\/01\/Dry-sift-2g-con-hash.webp","width":1000,"height":1000,"caption":"Hash CBD Dry Sift 2g"},{"@type":"BreadcrumbList","@id":"https:\/\/thelyflabs.com\/product\/dry-sift-hash-cbd-15#breadcrumb","itemListElement":[{"@type":"ListItem","position":1,"name":"Portada","item":"https:\/\/thelyflabs.com\/"},{"@type":"ListItem","position":2,"name":"Tienda","item":"https:\/\/thelyflabs.com\/tienda"},{"@type":"ListItem","position":3,"name":"Dry Sift Hash CBD 15%"}]},{"@type":"WebSite","@id":"https:\/\/thelyflabs.com\/#website","url":"https:\/\/thelyflabs.com\/","name":"Os Laborat\u00f3rios LYF","description":"CBD atacado","publisher":{"@id":"https:\/\/thelyflabs.com\/#organization"},"potentialAction":[{"@type":"SearchAction","target":{"@type":"EntryPoint","urlTemplate":"https:\/\/thelyflabs.com\/?s={search_term_string}"},"query-input":{"@type":"PropertyValueSpecification","valueRequired":true,"valueName":"search_term_string"}}],"inLanguage":"pt-PT"},{"@type":"Organization","@id":"https:\/\/thelyflabs.com\/#organization","name":"Os Laborat\u00f3rios LYF","url":"https:\/\/thelyflabs.com\/","logo":{"@type":"ImageObject","inLanguage":"pt-PT","@id":"https:\/\/thelyflabs.com\/#\/schema\/logo\/image\/","url":"https:\/\/thelyflabs.com\/wp-content\/uploads\/2023\/01\/cropped-LogoTheLYFLabs.png","contentUrl":"https:\/\/thelyflabs.com\/wp-content\/uploads\/2023\/01\/cropped-LogoTheLYFLabs.png","width":600,"height":180,"caption":"The LYF Labs"},"image":{"@id":"https:\/\/thelyflabs.com\/#\/schema\/logo\/image\/"}}]}},"_links":{"self":[{"href":"https:\/\/thelyflabs.com\/pt\/wp-json\/wp\/v2\/product\/10216","targetHints":{"allow":["GET"]}}],"collection":[{"href":"https:\/\/thelyflabs.com\/pt\/wp-json\/wp\/v2\/product"}],"about":[{"href":"https:\/\/thelyflabs.com\/pt\/wp-json\/wp\/v2\/types\/product"}],"replies":[{"embeddable":true,"href":"https:\/\/thelyflabs.com\/pt\/wp-json\/wp\/v2\/comments?post=10216"}],"wp:featuredmedia":[{"embeddable":true,"href":"https:\/\/thelyflabs.com\/pt\/wp-json\/wp\/v2\/media\/17464"}],"wp:attachment":[{"href":"https:\/\/thelyflabs.com\/pt\/wp-json\/wp\/v2\/media?parent=10216"}],"wp:term":[{"taxonomy":"product_brand","embeddable":true,"href":"https:\/\/thelyflabs.com\/pt\/wp-json\/wp\/v2\/product_brand?post=10216"},{"taxonomy":"product_cat","embeddable":true,"href":"https:\/\/thelyflabs.com\/pt\/wp-json\/wp\/v2\/product_cat?post=10216"},{"taxonomy":"product_tag","embeddable":true,"href":"https:\/\/thelyflabs.com\/pt\/wp-json\/wp\/v2\/product_tag?post=10216"}],"curies":[{"name":"wp","href":"https:\/\/api.w.org\/{rel}","templated":true}]}}