{"id":10238,"date":"2025-01-23T16:36:28","date_gmt":"2025-01-23T15:36:28","guid":{"rendered":"https:\/\/thelyflabs.com\/?post_type=product&#038;p=10238"},"modified":"2026-03-25T14:32:05","modified_gmt":"2026-03-25T13:32:05","slug":"aceite-de-cbd-full-spectrum-para-mascotas-sabor-a-salmon","status":"publish","type":"product","link":"https:\/\/thelyflabs.com\/pt\/product\/aceite-de-cbd-full-spectrum-para-mascotas-sabor-a-salmon","title":{"rendered":"Aceite de CBD Full Spectrum 10ml para Mascotas sabor a salm\u00f3n"},"content":{"rendered":"<h3 data-pm-slice=\"1 1 []\">\u00d3leo CBD para animais de estima\u00e7\u00e3o: bem-estar natural para seus companheiros peludos<\/h3>\n<p>Se procura uma solu\u00e7\u00e3o natural para melhorar a qualidade de vida do seu animal de estima\u00e7\u00e3o, o <strong>\u00d3leo CBD para animais de estima\u00e7\u00e3o<\/strong> sabor de salm\u00e3o \u00e9 exatamente o que voc\u00ea precisa. Projetado especialmente para c\u00e3es e gatos, este \u00f3leo combina os benef\u00edcios do canabidiol (CBD) com um delicioso sabor de salm\u00e3o que os animais adoram. Descubra como este produto pode fazer uma diferen\u00e7a significativa no bem-estar dos seus companheiros de quatro patas.<\/p>\n<h4>O que \u00e9 \u00f3leo CBD para animais de estima\u00e7\u00e3o?<\/h4>\n<p>O \u00f3leo CBD \u00e9 um suplemento natural feito de extrato de canabidiol, um composto n\u00e3o psicoativo encontrado na planta da cannabis. Este ingrediente ganhou popularidade pelas suas propriedades terap\u00eauticas tanto em humanos como em animais. Ele <strong>\u00d3leo CBD para animais de estima\u00e7\u00e3o<\/strong> O sabor salm\u00e3o \u00e9 formulado para atender \u00e0s necessidades espec\u00edficas de c\u00e3es e gatos, oferecendo um al\u00edvio eficaz e seguro.<\/p>\n<p>\u00d3leos CBD de espectro completo (<strong>espectro completo<\/strong>) oferecem benef\u00edcios adicionais ao incluir uma ampla gama de compostos naturais da planta de cannabis, como canabin\u00f3ides secund\u00e1rios, terpenos e flavon\u00f3ides. Estes componentes trabalham em sinergia para aumentar os efeitos terap\u00eauticos do CBD, conhecidos como \u201cefeito entourage\u201d. Ao escolher um \u00f3leo de espectro completo, seu animal de estima\u00e7\u00e3o desfrutar\u00e1 de um al\u00edvio mais eficaz do estresse, da inflama\u00e7\u00e3o e da dor, bem como de um melhor suporte imunol\u00f3gico. Este tipo de \u00f3leo \u00e9 ideal para quem procura uma solu\u00e7\u00e3o natural e completa para melhorar a qualidade de vida dos seus companheiros peludos.<\/p>\n<h4>Benef\u00edcios do \u00f3leo CBD para animais de estima\u00e7\u00e3o<\/h4>\n<ol start=\"1\" data-spread=\"true\">\n<li><strong>Redu\u00e7\u00e3o da ansiedade e estresse<\/strong> Os animais de estima\u00e7\u00e3o podem sofrer de ansiedade devido a diversos fatores, como separa\u00e7\u00e3o, viagens, visitas ao veterin\u00e1rio ou ru\u00eddos altos, como fogos de artif\u00edcio. O CBD ajuda a acalmar o sistema nervoso, promovendo uma sensa\u00e7\u00e3o de calma no seu animal de estima\u00e7\u00e3o.<\/li>\n<li><strong>Al\u00edvio da dor e inflama\u00e7\u00e3o<\/strong> Ideal para animais com problemas de mobilidade, artrite ou dores cr\u00f3nicas, o \u00f3leo CBD \u00e9 conhecido pelas suas propriedades anti-inflamat\u00f3rias e analg\u00e9sicas. Ajuda a melhorar a qualidade de vida dos animais de estima\u00e7\u00e3o, permitindo-lhes permanecer ativos e felizes.<\/li>\n<li><strong>Melhor sa\u00fade da pelagem e da pele<\/strong> Os \u00e1cidos graxos \u00f4mega-3 presentes neste \u00f3leo, juntamente com o CBD, promovem uma pele saud\u00e1vel e uma pelagem brilhante. Isto \u00e9 especialmente \u00fatil para animais de estima\u00e7\u00e3o com problemas dermatol\u00f3gicos.<\/li>\n<li><strong>Apoio ao Sistema Imunol\u00f3gico<\/strong> O CBD tamb\u00e9m atua como um estimulador imunol\u00f3gico, ajudando a manter o seu animal de estima\u00e7\u00e3o saud\u00e1vel e resistente a doen\u00e7as comuns.<\/li>\n<li><strong>Controle de convuls\u00f5es e dist\u00farbios neurol\u00f3gicos<\/strong> Estudos demonstraram que o CBD pode ser \u00fatil no controle de epis\u00f3dios convulsivos e outros dist\u00farbios neurol\u00f3gicos em animais de estima\u00e7\u00e3o, melhorando a sua qualidade de vida.<\/li>\n<\/ol>\n<h4>Sabor Salm\u00e3o: Um Extra Irresist\u00edvel<\/h4>\n<p>Sabemos que a aceita\u00e7\u00e3o \u00e9 fundamental quando se trata de suplementos para animais de estima\u00e7\u00e3o. Portanto, o <strong>\u00d3leo CBD para animais de estima\u00e7\u00e3o<\/strong> Tem um delicioso sabor a salm\u00e3o, garantindo que o seu c\u00e3o ou gato o comer\u00e1 com prazer. Este sabor natural n\u00e3o s\u00f3 facilita a administra\u00e7\u00e3o, mas tamb\u00e9m agrega nutrientes ben\u00e9ficos que melhoram a sa\u00fade do seu animal de estima\u00e7\u00e3o.<\/p>\n<h4>Como administrar \u00f3leo CBD para animais de estima\u00e7\u00e3o?<\/h4>\n<p>A dosagem recomendada varia de acordo com o tamanho, peso e necessidades espec\u00edficas do seu animal de estima\u00e7\u00e3o. Geralmente, sugere-se come\u00e7ar com uma dose baixa e aument\u00e1-la gradativamente at\u00e9 encontrar o n\u00edvel adequado. Voc\u00ea pode administrar o \u00f3leo diretamente na boca do seu animal de estima\u00e7\u00e3o, mistur\u00e1-lo com a comida ou at\u00e9 mesmo adicion\u00e1-lo \u00e0s suas guloseimas favoritas.<\/p>\n<h5>Dosagem geral sugerida:<\/h5>\n<ul data-spread=\"false\">\n<li><strong>Animais de pequeno porte (at\u00e9 10 kg):<\/strong> 1-2 gotas por dia.<\/li>\n<li><strong>Animais de estima\u00e7\u00e3o m\u00e9dios (10-20 kg):<\/strong> 3-5 gotas por dia.<\/li>\n<li><strong>Animais de estima\u00e7\u00e3o grandes (20+ kg):<\/strong> 6 a 10 gotas por dia.<\/li>\n<\/ul>\n<p>Sempre consulte seu veterin\u00e1rio antes de iniciar qualquer suplemento para ter certeza de que \u00e9 adequado para seu animal de estima\u00e7\u00e3o.<\/p>\n<h4>Perguntas frequentes sobre \u00f3leo CBD para animais de estima\u00e7\u00e3o<\/h4>\n<p><strong>O CBD \u00e9 seguro para o meu animal de estima\u00e7\u00e3o?<\/strong> Sim, o CBD \u00e9 seguro para animais de estima\u00e7\u00e3o quando administrado nas doses recomendadas. Nosso \u00f3leo n\u00e3o cont\u00e9m THC, o composto psicoativo da cannabis, garantindo que seu animal de estima\u00e7\u00e3o n\u00e3o sofrer\u00e1 efeitos colaterais indesejados.<\/p>\n<p><strong>Quando come\u00e7arei a ver resultados?<\/strong> Os efeitos do CBD podem variar dependendo de cada animal de estima\u00e7\u00e3o. Alguns podem apresentar melhora em poucos dias, enquanto outros podem exigir v\u00e1rias semanas de uso consistente.<\/p>\n<p><strong>Posso usar \u00f3leo CBD para tratar doen\u00e7as espec\u00edficas?<\/strong> O CBD \u00e9 um excelente suplemento para tratar v\u00e1rios problemas, mas voc\u00ea deve sempre consultar um veterin\u00e1rio antes de us\u00e1-lo como parte de um tratamento.<\/p>\n<h4>D\u00ea ao seu Pet o cuidado que ele merece!<\/h4>\n<p>O bem-estar do seu animal de estima\u00e7\u00e3o est\u00e1 em suas m\u00e3os. Com o <strong>\u00d3leo CBD para animais de estima\u00e7\u00e3o<\/strong> sabor salm\u00e3o 3%, voc\u00ea estar\u00e1 fornecendo uma solu\u00e7\u00e3o natural e eficaz para melhorar sua qualidade de vida. Fa\u00e7a seu pedido hoje e transforme o dia a dia do seu melhor amigo.<\/p>\n<p>Compre agora e descubra os benef\u00edcios do <strong>\u00d3leo CBD para animais de estima\u00e7\u00e3o<\/strong>!<\/p>","protected":false},"excerpt":{"rendered":"<h4>Ingredientes naturais e seguros<\/h4>\n<p>Nosso <strong>\u00d3leo CBD para animais de estima\u00e7\u00e3o<\/strong> \u00c9 feito com ingredientes da mais alta qualidade:<\/p>\n<ul data-spread=\"false\">\n<li><strong>Extrato Isolado de CBD:<\/strong> Fornece todos os benef\u00edcios do canabidiol sem efeitos psicoativos.<\/li>\n<li><strong>\u00d3leo transportador de salm\u00e3o:<\/strong> Rico em \u00f4mega-3, este \u00f3leo melhora a sa\u00fade geral do seu animal de estima\u00e7\u00e3o.<\/li>\n<li><strong>Sem aditivos qu\u00edmicos ou conservantes:<\/strong> Uma op\u00e7\u00e3o 100% natural e segura.<\/li>\n<\/ul>\n<h4>Por que escolher nosso \u00f3leo CBD para animais de estima\u00e7\u00e3o?<\/h4>\n<ol start=\"1\" data-spread=\"false\">\n<li><strong>F\u00f3rmula especializada:<\/strong> Projetado especificamente para as necessidades de c\u00e3es e gatos.<\/li>\n<li><strong>Qualidade garantida:<\/strong> Produzido com os mais altos padr\u00f5es de pureza e efic\u00e1cia.<\/li>\n<li><strong>Sabor irresist\u00edvel:<\/strong> O \u00f3leo com sabor de salm\u00e3o \u00e9 f\u00e1cil de administrar.<\/li>\n<li><strong>Resultados comprovados:<\/strong> Numerosos estudos e testemunhos apoiam os benef\u00edcios do CBD para animais de estima\u00e7\u00e3o.<\/li>\n<\/ol>\n<p>Ingredientes:<br \/>\n\u00f3leo de semente de c\u00e2nhamo 10ml<\/p>\n<p>\u00f3leo de salm\u00e3o<\/p>\n<p>Extracto de CBD (Isolate THC Free)<\/p>\n<p>An\u00e1lise de qualidade: clique <a href=\"https:\/\/iguanasmoke.com\/wp-content\/uploads\/2018\/02\/Aceite-ISO-5.pdf\" target=\"_blank\" rel=\"noopener\">aqui<\/a><\/p>","protected":false},"featured_media":10245,"comment_status":"open","ping_status":"closed","template":"","meta":{"_acf_changed":false,"site-sidebar-layout":"default","site-content-layout":"","ast-site-content-layout":"default","site-content-style":"default","site-sidebar-style":"default","ast-global-header-display":"","ast-banner-title-visibility":"","ast-main-header-display":"","ast-hfb-above-header-display":"","ast-hfb-below-header-display":"","ast-hfb-mobile-header-display":"","site-post-title":"","ast-breadcrumbs-content":"","ast-featured-img":"","footer-sml-layout":"","theme-transparent-header-meta":"default","adv-header-id-meta":"","stick-header-meta":"","header-above-stick-meta":"","header-main-stick-meta":"","header-below-stick-meta":"","astra-migrate-meta-layouts":"set","ast-page-background-enabled":"default","ast-page-background-meta":{"desktop":{"background-color":"var(--ast-global-color-4)","background-image":"","background-repeat":"repeat","background-position":"center center","background-size":"auto","background-attachment":"scroll","background-type":"","background-media":"","overlay-type":"","overlay-color":"","overlay-opacity":"","overlay-gradient":""},"tablet":{"background-color":"","background-image":"","background-repeat":"repeat","background-position":"center center","background-size":"auto","background-attachment":"scroll","background-type":"","background-media":"","overlay-type":"","overlay-color":"","overlay-opacity":"","overlay-gradient":""},"mobile":{"background-color":"","background-image":"","background-repeat":"repeat","background-position":"center center","background-size":"auto","background-attachment":"scroll","background-type":"","background-media":"","overlay-type":"","overlay-color":"","overlay-opacity":"","overlay-gradient":""}},"ast-content-background-meta":{"desktop":{"background-color":"var(--ast-global-color-5)","background-image":"","background-repeat":"repeat","background-position":"center center","background-size":"auto","background-attachment":"scroll","background-type":"","background-media":"","overlay-type":"","overlay-color":"","overlay-opacity":"","overlay-gradient":""},"tablet":{"background-color":"var(--ast-global-color-5)","background-image":"","background-repeat":"repeat","background-position":"center center","background-size":"auto","background-attachment":"scroll","background-type":"","background-media":"","overlay-type":"","overlay-color":"","overlay-opacity":"","overlay-gradient":""},"mobile":{"background-color":"var(--ast-global-color-5)","background-image":"","background-repeat":"repeat","background-position":"center center","background-size":"auto","background-attachment":"scroll","background-type":"","background-media":"","overlay-type":"","overlay-color":"","overlay-opacity":"","overlay-gradient":""}}},"product_brand":[],"product_cat":[25,40,108],"product_tag":[],"class_list":{"0":"post-10238","1":"product","2":"type-product","3":"status-publish","4":"has-post-thumbnail","6":"product_cat-aceite-de-cbd","7":"product_cat-iguanasmoke","8":"product_cat-novedades","9":"desktop-align-center","10":"tablet-align-left","11":"mobile-align-left","13":"first","14":"instock","15":"taxable","16":"shipping-taxable","17":"purchasable","18":"product-type-variable"},"acf":[],"yoast_head":"<!-- This site is optimized with the Yoast SEO plugin v27.3 - https:\/\/yoast.com\/product\/yoast-seo-wordpress\/ -->\n<title>Aceite de CBD Full Spectrum 10ml para Mascotas sabor a salm\u00f3n - THE LYF LABS<\/title>\n<meta name=\"robots\" content=\"index, follow, max-snippet:-1, max-image-preview:large, max-video-preview:-1\" \/>\n<link rel=\"canonical\" href=\"https:\/\/thelyflabs.com\/pt\/product\/aceite-de-cbd-full-spectrum-para-mascotas-sabor-a-salmon\/\" \/>\n<meta property=\"og:locale\" content=\"pt_PT\" \/>\n<meta property=\"og:type\" content=\"article\" \/>\n<meta property=\"og:title\" content=\"Aceite de CBD Full Spectrum 10ml para Mascotas sabor a salm\u00f3n - THE LYF LABS\" \/>\n<meta property=\"og:description\" content=\"Ingredientes Naturales y Seguros Nuestro Aceite de CBD para mascotas est\u00e1 elaborado con ingredientes de la m\u00e1s alta calidad:   Extracto de CBD Isolate: Aporta todos los beneficios del cannabidiol sin efectos psicoactivos.  Aceite portador de salm\u00f3n: Rico en omega-3, este aceite mejora la salud general de tu mascota.  Sin aditivos qu\u00edmicos ni conservantes: Una opci\u00f3n 100% natural y segura.  \u00bfPor Qu\u00e9 Elegir Nuestro Aceite de CBD para Mascotas?   F\u00f3rmula especializada: Dise\u00f1ada espec\u00edficamente para las necesidades de perros y gatos.  Calidad garantizada: Producido con los est\u00e1ndares m\u00e1s altos de pureza y eficacia.  Sabor irresistible: El aceite con sabor a salm\u00f3n es f\u00e1cil de administrar.  Resultados comprobados: Numerosos estudios y testimonios respaldan los beneficios del CBD para mascotas.  Ingredientes: Aceite de semillas de c\u00e1\u00f1amo 10ml  Aceite de salm\u00f3n  Extracto de CBD (Isolate THC Free)  An\u00e1lisis de calidad: pincha aqu\u00ed\" \/>\n<meta property=\"og:url\" content=\"https:\/\/thelyflabs.com\/pt\/product\/aceite-de-cbd-full-spectrum-para-mascotas-sabor-a-salmon\/\" \/>\n<meta property=\"og:site_name\" content=\"THE LYF LABS\" \/>\n<meta property=\"article:modified_time\" content=\"2026-03-25T13:32:05+00:00\" \/>\n<meta property=\"og:image\" content=\"https:\/\/thelyflabs.com\/wp-content\/uploads\/2025\/01\/caja-y-botella-3-10-ml-der.png\" \/>\n\t<meta property=\"og:image:width\" content=\"1000\" \/>\n\t<meta property=\"og:image:height\" content=\"1000\" \/>\n\t<meta property=\"og:image:type\" content=\"image\/png\" \/>\n<meta name=\"twitter:card\" content=\"summary_large_image\" \/>\n<meta name=\"twitter:label1\" content=\"Tempo estimado de leitura\" \/>\n\t<meta name=\"twitter:data1\" content=\"4 minutos\" \/>\n<script type=\"application\/ld+json\" class=\"yoast-schema-graph\">{\"@context\":\"https:\\\/\\\/schema.org\",\"@graph\":[{\"@type\":\"WebPage\",\"@id\":\"https:\\\/\\\/thelyflabs.com\\\/product\\\/aceite-de-cbd-full-spectrum-para-mascotas-sabor-a-salmon\",\"url\":\"https:\\\/\\\/thelyflabs.com\\\/product\\\/aceite-de-cbd-full-spectrum-para-mascotas-sabor-a-salmon\",\"name\":\"Aceite de CBD Full Spectrum 10ml para Mascotas sabor a salm\u00f3n - THE LYF LABS\",\"isPartOf\":{\"@id\":\"https:\\\/\\\/thelyflabs.com\\\/#website\"},\"primaryImageOfPage\":{\"@id\":\"https:\\\/\\\/thelyflabs.com\\\/product\\\/aceite-de-cbd-full-spectrum-para-mascotas-sabor-a-salmon#primaryimage\"},\"image\":{\"@id\":\"https:\\\/\\\/thelyflabs.com\\\/product\\\/aceite-de-cbd-full-spectrum-para-mascotas-sabor-a-salmon#primaryimage\"},\"thumbnailUrl\":\"https:\\\/\\\/thelyflabs.com\\\/wp-content\\\/uploads\\\/2025\\\/01\\\/caja-y-botella-3-10-ml-der.png\",\"datePublished\":\"2025-01-23T15:36:28+00:00\",\"dateModified\":\"2026-03-25T13:32:05+00:00\",\"breadcrumb\":{\"@id\":\"https:\\\/\\\/thelyflabs.com\\\/product\\\/aceite-de-cbd-full-spectrum-para-mascotas-sabor-a-salmon#breadcrumb\"},\"inLanguage\":\"pt-PT\",\"potentialAction\":[{\"@type\":\"ReadAction\",\"target\":[\"https:\\\/\\\/thelyflabs.com\\\/product\\\/aceite-de-cbd-full-spectrum-para-mascotas-sabor-a-salmon\"]}]},{\"@type\":\"ImageObject\",\"inLanguage\":\"pt-PT\",\"@id\":\"https:\\\/\\\/thelyflabs.com\\\/product\\\/aceite-de-cbd-full-spectrum-para-mascotas-sabor-a-salmon#primaryimage\",\"url\":\"https:\\\/\\\/thelyflabs.com\\\/wp-content\\\/uploads\\\/2025\\\/01\\\/caja-y-botella-3-10-ml-der.png\",\"contentUrl\":\"https:\\\/\\\/thelyflabs.com\\\/wp-content\\\/uploads\\\/2025\\\/01\\\/caja-y-botella-3-10-ml-der.png\",\"width\":1000,\"height\":1000,\"caption\":\"aceite cbd\"},{\"@type\":\"BreadcrumbList\",\"@id\":\"https:\\\/\\\/thelyflabs.com\\\/product\\\/aceite-de-cbd-full-spectrum-para-mascotas-sabor-a-salmon#breadcrumb\",\"itemListElement\":[{\"@type\":\"ListItem\",\"position\":1,\"name\":\"Portada\",\"item\":\"https:\\\/\\\/thelyflabs.com\\\/\"},{\"@type\":\"ListItem\",\"position\":2,\"name\":\"Tienda\",\"item\":\"https:\\\/\\\/thelyflabs.com\\\/tienda\"},{\"@type\":\"ListItem\",\"position\":3,\"name\":\"Aceite de CBD Full Spectrum 10ml para Mascotas sabor a salm\u00f3n\"}]},{\"@type\":\"WebSite\",\"@id\":\"https:\\\/\\\/thelyflabs.com\\\/#website\",\"url\":\"https:\\\/\\\/thelyflabs.com\\\/\",\"name\":\"The LYF Labs\",\"description\":\"CBD al por mayor\",\"publisher\":{\"@id\":\"https:\\\/\\\/thelyflabs.com\\\/#organization\"},\"potentialAction\":[{\"@type\":\"SearchAction\",\"target\":{\"@type\":\"EntryPoint\",\"urlTemplate\":\"https:\\\/\\\/thelyflabs.com\\\/?s={search_term_string}\"},\"query-input\":{\"@type\":\"PropertyValueSpecification\",\"valueRequired\":true,\"valueName\":\"search_term_string\"}}],\"inLanguage\":\"pt-PT\"},{\"@type\":\"Organization\",\"@id\":\"https:\\\/\\\/thelyflabs.com\\\/#organization\",\"name\":\"The LYF Labs\",\"url\":\"https:\\\/\\\/thelyflabs.com\\\/\",\"logo\":{\"@type\":\"ImageObject\",\"inLanguage\":\"pt-PT\",\"@id\":\"https:\\\/\\\/thelyflabs.com\\\/#\\\/schema\\\/logo\\\/image\\\/\",\"url\":\"https:\\\/\\\/thelyflabs.com\\\/wp-content\\\/uploads\\\/2023\\\/01\\\/cropped-LogoTheLYFLabs.png\",\"contentUrl\":\"https:\\\/\\\/thelyflabs.com\\\/wp-content\\\/uploads\\\/2023\\\/01\\\/cropped-LogoTheLYFLabs.png\",\"width\":600,\"height\":180,\"caption\":\"The LYF Labs\"},\"image\":{\"@id\":\"https:\\\/\\\/thelyflabs.com\\\/#\\\/schema\\\/logo\\\/image\\\/\"}}]}<\/script>\n<!-- \/ Yoast SEO plugin. -->","yoast_head_json":{"title":"Aceite de CBD Full Spectrum 10ml para Mascotas sabor a salm\u00f3n - THE LYF LABS","robots":{"index":"index","follow":"follow","max-snippet":"max-snippet:-1","max-image-preview":"max-image-preview:large","max-video-preview":"max-video-preview:-1"},"canonical":"https:\/\/thelyflabs.com\/pt\/product\/aceite-de-cbd-full-spectrum-para-mascotas-sabor-a-salmon\/","og_locale":"pt_PT","og_type":"article","og_title":"Aceite de CBD Full Spectrum 10ml para Mascotas sabor a salm\u00f3n - THE LYF LABS","og_description":"Ingredientes Naturales y Seguros Nuestro Aceite de CBD para mascotas est\u00e1 elaborado con ingredientes de la m\u00e1s alta calidad:   Extracto de CBD Isolate: Aporta todos los beneficios del cannabidiol sin efectos psicoactivos.  Aceite portador de salm\u00f3n: Rico en omega-3, este aceite mejora la salud general de tu mascota.  Sin aditivos qu\u00edmicos ni conservantes: Una opci\u00f3n 100% natural y segura.  \u00bfPor Qu\u00e9 Elegir Nuestro Aceite de CBD para Mascotas?   F\u00f3rmula especializada: Dise\u00f1ada espec\u00edficamente para las necesidades de perros y gatos.  Calidad garantizada: Producido con los est\u00e1ndares m\u00e1s altos de pureza y eficacia.  Sabor irresistible: El aceite con sabor a salm\u00f3n es f\u00e1cil de administrar.  Resultados comprobados: Numerosos estudios y testimonios respaldan los beneficios del CBD para mascotas.  Ingredientes: Aceite de semillas de c\u00e1\u00f1amo 10ml  Aceite de salm\u00f3n  Extracto de CBD (Isolate THC Free)  An\u00e1lisis de calidad: pincha aqu\u00ed","og_url":"https:\/\/thelyflabs.com\/pt\/product\/aceite-de-cbd-full-spectrum-para-mascotas-sabor-a-salmon\/","og_site_name":"THE LYF LABS","article_modified_time":"2026-03-25T13:32:05+00:00","og_image":[{"width":1000,"height":1000,"url":"https:\/\/thelyflabs.com\/wp-content\/uploads\/2025\/01\/caja-y-botella-3-10-ml-der.png","type":"image\/png"}],"twitter_card":"summary_large_image","twitter_misc":{"Tempo estimado de leitura":"4 minutos"},"schema":{"@context":"https:\/\/schema.org","@graph":[{"@type":"WebPage","@id":"https:\/\/thelyflabs.com\/product\/aceite-de-cbd-full-spectrum-para-mascotas-sabor-a-salmon","url":"https:\/\/thelyflabs.com\/product\/aceite-de-cbd-full-spectrum-para-mascotas-sabor-a-salmon","name":"Aceite de CBD Full Spectrum 10ml para Mascotas sabor a salm\u00f3n - THE LYF LABS","isPartOf":{"@id":"https:\/\/thelyflabs.com\/#website"},"primaryImageOfPage":{"@id":"https:\/\/thelyflabs.com\/product\/aceite-de-cbd-full-spectrum-para-mascotas-sabor-a-salmon#primaryimage"},"image":{"@id":"https:\/\/thelyflabs.com\/product\/aceite-de-cbd-full-spectrum-para-mascotas-sabor-a-salmon#primaryimage"},"thumbnailUrl":"https:\/\/thelyflabs.com\/wp-content\/uploads\/2025\/01\/caja-y-botella-3-10-ml-der.png","datePublished":"2025-01-23T15:36:28+00:00","dateModified":"2026-03-25T13:32:05+00:00","breadcrumb":{"@id":"https:\/\/thelyflabs.com\/product\/aceite-de-cbd-full-spectrum-para-mascotas-sabor-a-salmon#breadcrumb"},"inLanguage":"pt-PT","potentialAction":[{"@type":"ReadAction","target":["https:\/\/thelyflabs.com\/product\/aceite-de-cbd-full-spectrum-para-mascotas-sabor-a-salmon"]}]},{"@type":"ImageObject","inLanguage":"pt-PT","@id":"https:\/\/thelyflabs.com\/product\/aceite-de-cbd-full-spectrum-para-mascotas-sabor-a-salmon#primaryimage","url":"https:\/\/thelyflabs.com\/wp-content\/uploads\/2025\/01\/caja-y-botella-3-10-ml-der.png","contentUrl":"https:\/\/thelyflabs.com\/wp-content\/uploads\/2025\/01\/caja-y-botella-3-10-ml-der.png","width":1000,"height":1000,"caption":"aceite cbd"},{"@type":"BreadcrumbList","@id":"https:\/\/thelyflabs.com\/product\/aceite-de-cbd-full-spectrum-para-mascotas-sabor-a-salmon#breadcrumb","itemListElement":[{"@type":"ListItem","position":1,"name":"Portada","item":"https:\/\/thelyflabs.com\/"},{"@type":"ListItem","position":2,"name":"Tienda","item":"https:\/\/thelyflabs.com\/tienda"},{"@type":"ListItem","position":3,"name":"Aceite de CBD Full Spectrum 10ml para Mascotas sabor a salm\u00f3n"}]},{"@type":"WebSite","@id":"https:\/\/thelyflabs.com\/#website","url":"https:\/\/thelyflabs.com\/","name":"Os Laborat\u00f3rios LYF","description":"CBD atacado","publisher":{"@id":"https:\/\/thelyflabs.com\/#organization"},"potentialAction":[{"@type":"SearchAction","target":{"@type":"EntryPoint","urlTemplate":"https:\/\/thelyflabs.com\/?s={search_term_string}"},"query-input":{"@type":"PropertyValueSpecification","valueRequired":true,"valueName":"search_term_string"}}],"inLanguage":"pt-PT"},{"@type":"Organization","@id":"https:\/\/thelyflabs.com\/#organization","name":"Os Laborat\u00f3rios LYF","url":"https:\/\/thelyflabs.com\/","logo":{"@type":"ImageObject","inLanguage":"pt-PT","@id":"https:\/\/thelyflabs.com\/#\/schema\/logo\/image\/","url":"https:\/\/thelyflabs.com\/wp-content\/uploads\/2023\/01\/cropped-LogoTheLYFLabs.png","contentUrl":"https:\/\/thelyflabs.com\/wp-content\/uploads\/2023\/01\/cropped-LogoTheLYFLabs.png","width":600,"height":180,"caption":"The LYF Labs"},"image":{"@id":"https:\/\/thelyflabs.com\/#\/schema\/logo\/image\/"}}]}},"_links":{"self":[{"href":"https:\/\/thelyflabs.com\/pt\/wp-json\/wp\/v2\/product\/10238","targetHints":{"allow":["GET"]}}],"collection":[{"href":"https:\/\/thelyflabs.com\/pt\/wp-json\/wp\/v2\/product"}],"about":[{"href":"https:\/\/thelyflabs.com\/pt\/wp-json\/wp\/v2\/types\/product"}],"replies":[{"embeddable":true,"href":"https:\/\/thelyflabs.com\/pt\/wp-json\/wp\/v2\/comments?post=10238"}],"wp:featuredmedia":[{"embeddable":true,"href":"https:\/\/thelyflabs.com\/pt\/wp-json\/wp\/v2\/media\/10245"}],"wp:attachment":[{"href":"https:\/\/thelyflabs.com\/pt\/wp-json\/wp\/v2\/media?parent=10238"}],"wp:term":[{"taxonomy":"product_brand","embeddable":true,"href":"https:\/\/thelyflabs.com\/pt\/wp-json\/wp\/v2\/product_brand?post=10238"},{"taxonomy":"product_cat","embeddable":true,"href":"https:\/\/thelyflabs.com\/pt\/wp-json\/wp\/v2\/product_cat?post=10238"},{"taxonomy":"product_tag","embeddable":true,"href":"https:\/\/thelyflabs.com\/pt\/wp-json\/wp\/v2\/product_tag?post=10238"}],"curies":[{"name":"wp","href":"https:\/\/api.w.org\/{rel}","templated":true}]}}