{"id":10576,"date":"2025-02-18T08:12:28","date_gmt":"2025-02-18T07:12:28","guid":{"rendered":"https:\/\/thelyflabs.com\/?post_type=product&#038;p=10576"},"modified":"2026-04-06T12:35:19","modified_gmt":"2026-04-06T10:35:19","slug":"iguana-power-bateria-510-para-cartuchos-400mah","status":"publish","type":"product","link":"https:\/\/thelyflabs.com\/pt\/product\/iguana-power-bateria-510-para-cartuchos-400mah","title":{"rendered":"Iguana Power \u2013 Bateria 510 400 mAh para cartuchos de 2ml"},"content":{"rendered":"<h4>Iguana Power \u2013 Bateria 510 para Cartuchos<\/h4>\n<p>Descubra o m\u00e1ximo em pot\u00eancia e versatilidade com a bateria Iguana Smoke 510 Vape. Logicamente projetado para atender \u00e0s demandas dos entusiastas da vaporiza\u00e7\u00e3o, este dispositivo de \u00faltima gera\u00e7\u00e3o oferece desempenho confi\u00e1vel e uma experi\u00eancia de vaporiza\u00e7\u00e3o incompar\u00e1vel.<\/p>\n<p>Recursos em destaque:<\/p>\n<ul>\n<li><strong>Compatibilidade universal:<\/strong> A Bateria 510 \u00e9 compat\u00edvel com uma ampla gama de cartuchos e atomizadores, dando a voc\u00ea a liberdade de escolher seus acess\u00f3rios favoritos.<\/li>\n<li><strong>Bot\u00e3o de ativa\u00e7\u00e3o:<\/strong> O bot\u00e3o liga \/ desliga tem 3 usos diferentes dependendo do n\u00famero de vezes que \u00e9 pressionado. Em particular, com 5 vezes ele liga; Com 3 a tens\u00e3o \u00e9 alterada e com 2 inicia-se o pr\u00e9-aquecimento.<\/li>\n<li><strong>Pot\u00eancia ajust\u00e1vel:<\/strong> Personalize sua experi\u00eancia de vaporiza\u00e7\u00e3o ajustando a pot\u00eancia de acordo com suas prefer\u00eancias. Na verdade, desfrute de nuvens densas e sabores intensos com apenas alguns cliques.<\/li>\n<li><strong>Portabilidade e durabilidade:<\/strong> Seu design compacto e dur\u00e1vel o torna o companheiro ideal para suas aventuras di\u00e1rias. Por isso, leve-o consigo com confian\u00e7a, sabendo que foi constru\u00eddo para resistir ao uso constante.<\/li>\n<li><strong>Visor com indicador de bateria<\/strong><\/li>\n<\/ul>\n<h4><strong>O que \u00e9 um cartucho descart\u00e1vel?<\/strong><\/h4>\n<p>Cartuchos descart\u00e1veis s\u00e3o dispositivos vaping que se conectam a baterias com uma conex\u00e3o tipo 510. Esses cartuchos s\u00e3o descartados assim que o l\u00edquido se esgota.<\/p>\n<div class=\"ewd-ufaq-faq-body\">\n<p>Este \u00e9 um produto colecion\u00e1vel. N\u00e3o para consumo direto ou fumo.<\/p>\n<\/div>","protected":false},"excerpt":{"rendered":"<h4>Bateria 510 para cartuchos<\/h4>\n<h5><strong>Caracteristicas<\/strong><\/h5>\n<ul>\n<li>Bateria: 400 MaH<\/li>\n<li>Voltagem: 1,8v a 4,2v<\/li>\n<li>Visor com indicador de bateria<\/li>\n<li>Fun\u00e7\u00e3o de pr\u00e9-aquecimento de 15 segundos<\/li>\n<li>Conex\u00e3o: USB-C<\/li>\n<\/ul>","protected":false},"featured_media":10577,"comment_status":"open","ping_status":"closed","template":"","meta":{"_acf_changed":false,"site-sidebar-layout":"default","site-content-layout":"","ast-site-content-layout":"default","site-content-style":"default","site-sidebar-style":"default","ast-global-header-display":"","ast-banner-title-visibility":"","ast-main-header-display":"","ast-hfb-above-header-display":"","ast-hfb-below-header-display":"","ast-hfb-mobile-header-display":"","site-post-title":"","ast-breadcrumbs-content":"","ast-featured-img":"","footer-sml-layout":"","theme-transparent-header-meta":"default","adv-header-id-meta":"","stick-header-meta":"","header-above-stick-meta":"","header-main-stick-meta":"","header-below-stick-meta":"","astra-migrate-meta-layouts":"set","ast-page-background-enabled":"default","ast-page-background-meta":{"desktop":{"background-color":"var(--ast-global-color-4)","background-image":"","background-repeat":"repeat","background-position":"center center","background-size":"auto","background-attachment":"scroll","background-type":"","background-media":"","overlay-type":"","overlay-color":"","overlay-opacity":"","overlay-gradient":""},"tablet":{"background-color":"","background-image":"","background-repeat":"repeat","background-position":"center center","background-size":"auto","background-attachment":"scroll","background-type":"","background-media":"","overlay-type":"","overlay-color":"","overlay-opacity":"","overlay-gradient":""},"mobile":{"background-color":"","background-image":"","background-repeat":"repeat","background-position":"center center","background-size":"auto","background-attachment":"scroll","background-type":"","background-media":"","overlay-type":"","overlay-color":"","overlay-opacity":"","overlay-gradient":""}},"ast-content-background-meta":{"desktop":{"background-color":"var(--ast-global-color-5)","background-image":"","background-repeat":"repeat","background-position":"center center","background-size":"auto","background-attachment":"scroll","background-type":"","background-media":"","overlay-type":"","overlay-color":"","overlay-opacity":"","overlay-gradient":""},"tablet":{"background-color":"var(--ast-global-color-5)","background-image":"","background-repeat":"repeat","background-position":"center center","background-size":"auto","background-attachment":"scroll","background-type":"","background-media":"","overlay-type":"","overlay-color":"","overlay-opacity":"","overlay-gradient":""},"mobile":{"background-color":"var(--ast-global-color-5)","background-image":"","background-repeat":"repeat","background-position":"center center","background-size":"auto","background-attachment":"scroll","background-type":"","background-media":"","overlay-type":"","overlay-color":"","overlay-opacity":"","overlay-gradient":""}}},"product_brand":[],"product_cat":[91,79,40,87],"product_tag":[],"class_list":{"0":"post-10576","1":"product","2":"type-product","3":"status-publish","4":"has-post-thumbnail","6":"product_cat-cartuchos","7":"product_cat-full-spectrum-cbd","8":"product_cat-iguanasmoke","9":"product_cat-isolate-cbd","10":"desktop-align-center","11":"tablet-align-left","12":"mobile-align-left","14":"first","15":"instock","16":"taxable","17":"shipping-taxable","18":"purchasable","19":"product-type-simple"},"acf":[],"yoast_head":"<!-- This site is optimized with the Yoast SEO plugin v27.4 - https:\/\/yoast.com\/product\/yoast-seo-wordpress\/ -->\n<title>Iguana Power - Bateria 510 400 mAh para Cartuchos de 2ml - THE LYF LABS<\/title>\n<meta name=\"description\" content=\"Bateria 510 para cartuchos. Vapea CBD y mas con compatibilidad universal. Gran portabilidad para donde sea que estes. Solo en Iguana Smoke.\" \/>\n<meta name=\"robots\" content=\"index, follow, max-snippet:-1, max-image-preview:large, max-video-preview:-1\" \/>\n<link rel=\"canonical\" href=\"https:\/\/thelyflabs.com\/pt\/product\/iguana-power-bateria-510-para-cartuchos-400mah\/\" \/>\n<meta property=\"og:locale\" content=\"pt_PT\" \/>\n<meta property=\"og:type\" content=\"article\" \/>\n<meta property=\"og:title\" content=\"Iguana Power - Bateria 510 400 mAh para Cartuchos de 2ml - THE LYF LABS\" \/>\n<meta property=\"og:description\" content=\"Bateria 510 para cartuchos. Vapea CBD y mas con compatibilidad universal. Gran portabilidad para donde sea que estes. Solo en Iguana Smoke.\" \/>\n<meta property=\"og:url\" content=\"https:\/\/thelyflabs.com\/pt\/product\/iguana-power-bateria-510-para-cartuchos-400mah\/\" \/>\n<meta property=\"og:site_name\" content=\"THE LYF LABS\" \/>\n<meta property=\"article:modified_time\" content=\"2026-04-06T10:35:19+00:00\" \/>\n<meta property=\"og:image\" content=\"https:\/\/thelyflabs.com\/wp-content\/uploads\/2025\/02\/Bolsa-pen-battery2025-mockup.webp\" \/>\n\t<meta property=\"og:image:width\" content=\"1000\" \/>\n\t<meta property=\"og:image:height\" content=\"1000\" \/>\n\t<meta property=\"og:image:type\" content=\"image\/webp\" \/>\n<meta name=\"twitter:card\" content=\"summary_large_image\" \/>\n<meta name=\"twitter:label1\" content=\"Tempo estimado de leitura\" \/>\n\t<meta name=\"twitter:data1\" content=\"2 minutos\" \/>\n<script type=\"application\/ld+json\" class=\"yoast-schema-graph\">{\"@context\":\"https:\\\/\\\/schema.org\",\"@graph\":[{\"@type\":\"WebPage\",\"@id\":\"https:\\\/\\\/thelyflabs.com\\\/product\\\/iguana-power-bateria-510-para-cartuchos-400mah\",\"url\":\"https:\\\/\\\/thelyflabs.com\\\/product\\\/iguana-power-bateria-510-para-cartuchos-400mah\",\"name\":\"Iguana Power - Bateria 510 400 mAh para Cartuchos de 2ml - THE LYF LABS\",\"isPartOf\":{\"@id\":\"https:\\\/\\\/thelyflabs.com\\\/#website\"},\"primaryImageOfPage\":{\"@id\":\"https:\\\/\\\/thelyflabs.com\\\/product\\\/iguana-power-bateria-510-para-cartuchos-400mah#primaryimage\"},\"image\":{\"@id\":\"https:\\\/\\\/thelyflabs.com\\\/product\\\/iguana-power-bateria-510-para-cartuchos-400mah#primaryimage\"},\"thumbnailUrl\":\"https:\\\/\\\/thelyflabs.com\\\/wp-content\\\/uploads\\\/2025\\\/02\\\/Bolsa-pen-battery2025-mockup.webp\",\"datePublished\":\"2025-02-18T07:12:28+00:00\",\"dateModified\":\"2026-04-06T10:35:19+00:00\",\"description\":\"Bateria 510 para cartuchos. Vapea CBD y mas con compatibilidad universal. Gran portabilidad para donde sea que estes. Solo en Iguana Smoke.\",\"breadcrumb\":{\"@id\":\"https:\\\/\\\/thelyflabs.com\\\/product\\\/iguana-power-bateria-510-para-cartuchos-400mah#breadcrumb\"},\"inLanguage\":\"pt-PT\",\"potentialAction\":[{\"@type\":\"ReadAction\",\"target\":[\"https:\\\/\\\/thelyflabs.com\\\/product\\\/iguana-power-bateria-510-para-cartuchos-400mah\"]}]},{\"@type\":\"ImageObject\",\"inLanguage\":\"pt-PT\",\"@id\":\"https:\\\/\\\/thelyflabs.com\\\/product\\\/iguana-power-bateria-510-para-cartuchos-400mah#primaryimage\",\"url\":\"https:\\\/\\\/thelyflabs.com\\\/wp-content\\\/uploads\\\/2025\\\/02\\\/Bolsa-pen-battery2025-mockup.webp\",\"contentUrl\":\"https:\\\/\\\/thelyflabs.com\\\/wp-content\\\/uploads\\\/2025\\\/02\\\/Bolsa-pen-battery2025-mockup.webp\",\"width\":1000,\"height\":1000,\"caption\":\"bateria 510\"},{\"@type\":\"BreadcrumbList\",\"@id\":\"https:\\\/\\\/thelyflabs.com\\\/product\\\/iguana-power-bateria-510-para-cartuchos-400mah#breadcrumb\",\"itemListElement\":[{\"@type\":\"ListItem\",\"position\":1,\"name\":\"Portada\",\"item\":\"https:\\\/\\\/thelyflabs.com\\\/\"},{\"@type\":\"ListItem\",\"position\":2,\"name\":\"Tienda\",\"item\":\"https:\\\/\\\/thelyflabs.com\\\/tienda\"},{\"@type\":\"ListItem\",\"position\":3,\"name\":\"Iguana Power &#8211; Bateria 510 400 mAh para Cartuchos de 2ml\"}]},{\"@type\":\"WebSite\",\"@id\":\"https:\\\/\\\/thelyflabs.com\\\/#website\",\"url\":\"https:\\\/\\\/thelyflabs.com\\\/\",\"name\":\"The LYF Labs\",\"description\":\"CBD al por mayor\",\"publisher\":{\"@id\":\"https:\\\/\\\/thelyflabs.com\\\/#organization\"},\"potentialAction\":[{\"@type\":\"SearchAction\",\"target\":{\"@type\":\"EntryPoint\",\"urlTemplate\":\"https:\\\/\\\/thelyflabs.com\\\/?s={search_term_string}\"},\"query-input\":{\"@type\":\"PropertyValueSpecification\",\"valueRequired\":true,\"valueName\":\"search_term_string\"}}],\"inLanguage\":\"pt-PT\"},{\"@type\":\"Organization\",\"@id\":\"https:\\\/\\\/thelyflabs.com\\\/#organization\",\"name\":\"The LYF Labs\",\"url\":\"https:\\\/\\\/thelyflabs.com\\\/\",\"logo\":{\"@type\":\"ImageObject\",\"inLanguage\":\"pt-PT\",\"@id\":\"https:\\\/\\\/thelyflabs.com\\\/#\\\/schema\\\/logo\\\/image\\\/\",\"url\":\"https:\\\/\\\/thelyflabs.com\\\/wp-content\\\/uploads\\\/2023\\\/01\\\/cropped-LogoTheLYFLabs.png\",\"contentUrl\":\"https:\\\/\\\/thelyflabs.com\\\/wp-content\\\/uploads\\\/2023\\\/01\\\/cropped-LogoTheLYFLabs.png\",\"width\":600,\"height\":180,\"caption\":\"The LYF Labs\"},\"image\":{\"@id\":\"https:\\\/\\\/thelyflabs.com\\\/#\\\/schema\\\/logo\\\/image\\\/\"}}]}<\/script>\n<!-- \/ Yoast SEO plugin. -->","yoast_head_json":{"title":"Iguana Power - Bateria 510 400 mAh para cartuchos de 2 ml - THE LYF LABS","description":"Bateria 510 para cartuchos. Vaporize CBD e muito mais com compatibilidade universal. \u00d3tima portabilidade para onde voc\u00ea estiver. S\u00f3 na Iguana Smoke.","robots":{"index":"index","follow":"follow","max-snippet":"max-snippet:-1","max-image-preview":"max-image-preview:large","max-video-preview":"max-video-preview:-1"},"canonical":"https:\/\/thelyflabs.com\/pt\/product\/iguana-power-bateria-510-para-cartuchos-400mah\/","og_locale":"pt_PT","og_type":"article","og_title":"Iguana Power - Bateria 510 400 mAh para Cartuchos de 2ml - THE LYF LABS","og_description":"Bateria 510 para cartuchos. Vapea CBD y mas con compatibilidad universal. Gran portabilidad para donde sea que estes. Solo en Iguana Smoke.","og_url":"https:\/\/thelyflabs.com\/pt\/product\/iguana-power-bateria-510-para-cartuchos-400mah\/","og_site_name":"THE LYF LABS","article_modified_time":"2026-04-06T10:35:19+00:00","og_image":[{"width":1000,"height":1000,"url":"https:\/\/thelyflabs.com\/wp-content\/uploads\/2025\/02\/Bolsa-pen-battery2025-mockup.webp","type":"image\/webp"}],"twitter_card":"summary_large_image","twitter_misc":{"Tempo estimado de leitura":"2 minutos"},"schema":{"@context":"https:\/\/schema.org","@graph":[{"@type":"WebPage","@id":"https:\/\/thelyflabs.com\/product\/iguana-power-bateria-510-para-cartuchos-400mah","url":"https:\/\/thelyflabs.com\/product\/iguana-power-bateria-510-para-cartuchos-400mah","name":"Iguana Power - Bateria 510 400 mAh para cartuchos de 2 ml - THE LYF LABS","isPartOf":{"@id":"https:\/\/thelyflabs.com\/#website"},"primaryImageOfPage":{"@id":"https:\/\/thelyflabs.com\/product\/iguana-power-bateria-510-para-cartuchos-400mah#primaryimage"},"image":{"@id":"https:\/\/thelyflabs.com\/product\/iguana-power-bateria-510-para-cartuchos-400mah#primaryimage"},"thumbnailUrl":"https:\/\/thelyflabs.com\/wp-content\/uploads\/2025\/02\/Bolsa-pen-battery2025-mockup.webp","datePublished":"2025-02-18T07:12:28+00:00","dateModified":"2026-04-06T10:35:19+00:00","description":"Bateria 510 para cartuchos. Vaporize CBD e muito mais com compatibilidade universal. \u00d3tima portabilidade para onde voc\u00ea estiver. S\u00f3 na Iguana Smoke.","breadcrumb":{"@id":"https:\/\/thelyflabs.com\/product\/iguana-power-bateria-510-para-cartuchos-400mah#breadcrumb"},"inLanguage":"pt-PT","potentialAction":[{"@type":"ReadAction","target":["https:\/\/thelyflabs.com\/product\/iguana-power-bateria-510-para-cartuchos-400mah"]}]},{"@type":"ImageObject","inLanguage":"pt-PT","@id":"https:\/\/thelyflabs.com\/product\/iguana-power-bateria-510-para-cartuchos-400mah#primaryimage","url":"https:\/\/thelyflabs.com\/wp-content\/uploads\/2025\/02\/Bolsa-pen-battery2025-mockup.webp","contentUrl":"https:\/\/thelyflabs.com\/wp-content\/uploads\/2025\/02\/Bolsa-pen-battery2025-mockup.webp","width":1000,"height":1000,"caption":"bateria 510"},{"@type":"BreadcrumbList","@id":"https:\/\/thelyflabs.com\/product\/iguana-power-bateria-510-para-cartuchos-400mah#breadcrumb","itemListElement":[{"@type":"ListItem","position":1,"name":"Portada","item":"https:\/\/thelyflabs.com\/"},{"@type":"ListItem","position":2,"name":"Tienda","item":"https:\/\/thelyflabs.com\/tienda"},{"@type":"ListItem","position":3,"name":"Iguana Power &#8211; Bateria 510 400 mAh para Cartuchos de 2ml"}]},{"@type":"WebSite","@id":"https:\/\/thelyflabs.com\/#website","url":"https:\/\/thelyflabs.com\/","name":"Os Laborat\u00f3rios LYF","description":"CBD atacado","publisher":{"@id":"https:\/\/thelyflabs.com\/#organization"},"potentialAction":[{"@type":"SearchAction","target":{"@type":"EntryPoint","urlTemplate":"https:\/\/thelyflabs.com\/?s={search_term_string}"},"query-input":{"@type":"PropertyValueSpecification","valueRequired":true,"valueName":"search_term_string"}}],"inLanguage":"pt-PT"},{"@type":"Organization","@id":"https:\/\/thelyflabs.com\/#organization","name":"Os Laborat\u00f3rios LYF","url":"https:\/\/thelyflabs.com\/","logo":{"@type":"ImageObject","inLanguage":"pt-PT","@id":"https:\/\/thelyflabs.com\/#\/schema\/logo\/image\/","url":"https:\/\/thelyflabs.com\/wp-content\/uploads\/2023\/01\/cropped-LogoTheLYFLabs.png","contentUrl":"https:\/\/thelyflabs.com\/wp-content\/uploads\/2023\/01\/cropped-LogoTheLYFLabs.png","width":600,"height":180,"caption":"The LYF Labs"},"image":{"@id":"https:\/\/thelyflabs.com\/#\/schema\/logo\/image\/"}}]}},"_links":{"self":[{"href":"https:\/\/thelyflabs.com\/pt\/wp-json\/wp\/v2\/product\/10576","targetHints":{"allow":["GET"]}}],"collection":[{"href":"https:\/\/thelyflabs.com\/pt\/wp-json\/wp\/v2\/product"}],"about":[{"href":"https:\/\/thelyflabs.com\/pt\/wp-json\/wp\/v2\/types\/product"}],"replies":[{"embeddable":true,"href":"https:\/\/thelyflabs.com\/pt\/wp-json\/wp\/v2\/comments?post=10576"}],"wp:featuredmedia":[{"embeddable":true,"href":"https:\/\/thelyflabs.com\/pt\/wp-json\/wp\/v2\/media\/10577"}],"wp:attachment":[{"href":"https:\/\/thelyflabs.com\/pt\/wp-json\/wp\/v2\/media?parent=10576"}],"wp:term":[{"taxonomy":"product_brand","embeddable":true,"href":"https:\/\/thelyflabs.com\/pt\/wp-json\/wp\/v2\/product_brand?post=10576"},{"taxonomy":"product_cat","embeddable":true,"href":"https:\/\/thelyflabs.com\/pt\/wp-json\/wp\/v2\/product_cat?post=10576"},{"taxonomy":"product_tag","embeddable":true,"href":"https:\/\/thelyflabs.com\/pt\/wp-json\/wp\/v2\/product_tag?post=10576"}],"curies":[{"name":"wp","href":"https:\/\/api.w.org\/{rel}","templated":true}]}}