{"id":11589,"date":"2025-04-27T02:48:12","date_gmt":"2025-04-27T00:48:12","guid":{"rendered":"https:\/\/thelyflabs.com\/?post_type=product&#038;p=11589"},"modified":"2026-03-20T11:22:33","modified_gmt":"2026-03-20T10:22:33","slug":"vaper-stv-space-vape-gelato-2ml-sativanolstv","status":"publish","type":"product","link":"https:\/\/thelyflabs.com\/pt\/product\/vaper-stv-space-vape-gelato-2ml-sativanolstv","title":{"rendered":"Vaper STV \u2013 Space Vape Gelato 2ml (Sativanol)"},"content":{"rendered":"<h4><strong>Vaper Space Vape Gelato descart\u00e1vel com STV (SATIVANOL), CBD 40% e CBG 30%.<\/strong><\/h4>\n<p>Ele <strong data-start=\"335\" data-end=\"362\">Sabor de gelato Space Vape<\/strong> \u00c9 um vaper descart\u00e1vel com uma combina\u00e7\u00e3o exclusiva de <strong data-start=\"419\" data-end=\"438\">STV (Sativanol)<\/strong>, <strong data-start=\"440\" data-end=\"454\">CBD em 40%<\/strong> e <strong data-start=\"457\" data-end=\"471\">CBG para 30%<\/strong>, infundido com <strong data-start=\"489\" data-end=\"511\">terpenos naturais<\/strong> que reproduzem o perfil doce, cremoso e frutado da lend\u00e1ria variedade <strong data-start=\"585\" data-end=\"595\">Sorvete.<\/strong><\/p>\n<h4><strong>O que \u00e9 STV?<\/strong><\/h4>\n<p><strong>STV \u2013 A Super Sativa<\/strong> \u00e9 um <strong>derivado da \u00faltima gera\u00e7\u00e3o de c\u00e2nhamo e descoberto recentemente<\/strong>, um canabinoide semissint\u00e9tico projetado para oferecer pot\u00eancia e funcionalidade incompar\u00e1veis. \u00c9 totalmente \u00fanico: proporciona clareza mental semelhante \u00e0 da Sativa.<\/p>\n<p>Usando ci\u00eancia de ponta, isolamos um novo canabinoide do c\u00e2nhamo e fizemos ajustes semissint\u00e9ticos precisos para aumentar seus efeitos. O resultado? Uma experi\u00eancia canabinoide sem precedentes, criada para aqueles que buscam o melhor que a ind\u00fastria do c\u00e2nhamo tem a oferecer em termos de funcionalidade e efeito Sativa.<\/p>\n<p><strong>STV \u2013 A Super Sativa<\/strong>. Diferentemente de qualquer outro canabinoide dispon\u00edvel atualmente, o STV oferece uma experi\u00eancia estimulante sem conter THC, THCP, HHC ou quaisquer an\u00e1logos tradicionais. Este white paper explora as propriedades exclusivas, os benef\u00edcios e as potenciais aplica\u00e7\u00f5es do STV, posicionando-o como um avan\u00e7o revolucion\u00e1rio no mercado de canabinoides derivados do c\u00e2nhamo.<\/p>\n<p><strong>Propriedades principais<\/strong><\/p>\n<ul>\n<li><strong>Nenhuma toler\u00e2ncia conhecida<\/strong>Ao contr\u00e1rio dos compostos \u00e0 base de THC, os efeitos permanecem constantes ao longo do tempo.<\/li>\n<li><strong>In\u00edcio m\u00e9dio, dura\u00e7\u00e3o moderada<\/strong>: Os efeitos come\u00e7am de 10 a 30 minutos de uso, duram de 3 a 4 horas e n\u00e3o causam sonol\u00eancia no dia seguinte.<\/li>\n<li><strong>Potencial potencializador de outros canabinoides<\/strong>: Pode amplificar os efeitos de outros canabinoides e compostos em formula\u00e7\u00f5es combinadas.<\/li>\n<\/ul>\n<p><strong>Por que o STV \u00e9 diferente de outros canabinoides?<\/strong><\/p>\n<p>Os canabinoides tradicionais t\u00eam v\u00e1rias limita\u00e7\u00f5es: o THC causa comprometimento, o THCP cria toler\u00e2ncia rapidamente e o HHC produz efeitos inconsistentes.<\/p>\n<p>A STV, por outro lado, \u2013 a Super Sativa \u2013 \u00e9 uma verdadeira revolu\u00e7\u00e3o. Oferece uma experi\u00eancia controlada e previs\u00edvel, sem as desvantagens dos canabinoides tradicionais.<\/p>\n<h4><strong>O que \u00e9 um vaporizador descart\u00e1vel?<\/strong><\/h4>\n<p>Os vapers descart\u00e1veis, tamb\u00e9m chamados de c\u00e1psulas descart\u00e1veis, vaporizadores descart\u00e1veis ou cigarros eletr\u00f4nicos, s\u00e3o dispositivos vaping do tipo \u201ccaneta\u201d muito confort\u00e1veis e pr\u00e1ticos, com bateria embutida desnecess\u00e1ria e com recipiente para o l\u00edquido vape. Nem a bateria nem o l\u00edquido precisam ser recarregados. S\u00e3o dispositivos projetados para atingir um determinado n\u00famero de baforadas que geralmente s\u00e3o especificadas na parte externa do produto.<\/p>\n<h4><strong>Voc\u00ea coloca o Space Vape?<\/strong><\/h4>\n<p>Assim como o THC, o STV proporciona a muitas pessoas uma sensa\u00e7\u00e3o prazerosa quando ingerido. Algumas pessoas relatam efeitos semelhantes aos produtos convencionais de THC, mas n\u00e3o h\u00e1 dados suficientes para garantir que isso seja verdade. Tamb\u00e9m n\u00e3o h\u00e1 dados suficientes para saber se pode haver efeitos colaterais negativos ou mesmo efeitos negativos a longo prazo ao tomar STV.<\/p>\n<div class=\"ewd-ufaq-faq-body\">\n<p>No entanto, de acordo com a legisla\u00e7\u00e3o em vigor em Espanha, n\u00e3o incentivamos de forma alguma o uso ou ingest\u00e3o das subst\u00e2ncias acima mencionadas. N\u00e3o dirija ve\u00edculos motorizados ou opere m\u00e1quinas pesadas ap\u00f3s o consumo.<br \/>\nDestinado a fins industriais, t\u00e9cnicos e hort\u00edcolas.<\/p>\n<p>Este \u00e9 um produto colecion\u00e1vel. N\u00e3o para consumo direto ou fumo.<\/p>\n<\/div>\n<p>Este produto n\u00e3o cont\u00e9m canabinoides inclu\u00eddos no Anexo 1 do Real Decreto 2829\/1977, atualizado pela Portaria SND\/380\/2025, de 14 de abril, nem subst\u00e2ncias controladas pela Conven\u00e7\u00e3o \u00danica sobre Estupefacientes de 1961 e pela Conven\u00e7\u00e3o sobre Subst\u00e2ncias Psicotr\u00f3picas de 1971.<\/p>","protected":false},"excerpt":{"rendered":"<h4>Vape descart\u00e1vel com sabor de gelato STV Space Vape (Sativanol)<\/h4>\n<p>Cont\u00e9m STV, CBD, CBG e terpenos naturais aromatizados com uma das variedades de cannabis mais famosas, o refrescante Gelato<\/p>\n<h5><strong>Caracteristicas<\/strong><\/h5>\n<ul>\n<li>Dimens\u00f5es: 105 mm x 24 mm x 11,2 mm<\/li>\n<li>Bateria: 380mAh<\/li>\n<li>Capacidade: 2ml<\/li>\n<li>Sopros: at\u00e9 600<\/li>\n<li>Terpenos naturais de alta qualidade<\/li>\n<li>STV (Sativanol)<\/li>\n<li>CDB: 40%<\/li>\n<li>CBG: 30%<\/li>\n<li>THC: 0%<\/li>\n<li>HHC: 0%<\/li>\n<li>THC-P: 0%<\/li>\n<li>Nicotina: 0%<\/li>\n<li>N\u00e3o cont\u00e9m VG, PG, PEG, MCT ou quaisquer outros agentes cortantes<\/li>\n<\/ul>\n<p>Todos os nossos produtos s\u00e3o derivados de c\u00e2nhamo industrial certificado. Eles cont\u00eam menos de 0,3% de THC e n\u00e3o cont\u00eam nenhum canabinoide ilegal, como HHC, HHC-P, THCP, THCP-O, H4CBD ou qualquer um de seus derivados. <a href=\"https:\/\/iguanasmoke.com\/analiticas\/\">Certificado de An\u00e1lise aqui.<\/a><\/p>","protected":false},"featured_media":16963,"comment_status":"open","ping_status":"closed","template":"","meta":{"_acf_changed":false,"site-sidebar-layout":"default","site-content-layout":"","ast-site-content-layout":"default","site-content-style":"default","site-sidebar-style":"default","ast-global-header-display":"","ast-banner-title-visibility":"","ast-main-header-display":"","ast-hfb-above-header-display":"","ast-hfb-below-header-display":"","ast-hfb-mobile-header-display":"","site-post-title":"","ast-breadcrumbs-content":"","ast-featured-img":"","footer-sml-layout":"","theme-transparent-header-meta":"default","adv-header-id-meta":"","stick-header-meta":"","header-above-stick-meta":"","header-main-stick-meta":"","header-below-stick-meta":"","astra-migrate-meta-layouts":"set","ast-page-background-enabled":"default","ast-page-background-meta":{"desktop":{"background-color":"var(--ast-global-color-4)","background-image":"","background-repeat":"repeat","background-position":"center center","background-size":"auto","background-attachment":"scroll","background-type":"","background-media":"","overlay-type":"","overlay-color":"","overlay-opacity":"","overlay-gradient":""},"tablet":{"background-color":"","background-image":"","background-repeat":"repeat","background-position":"center center","background-size":"auto","background-attachment":"scroll","background-type":"","background-media":"","overlay-type":"","overlay-color":"","overlay-opacity":"","overlay-gradient":""},"mobile":{"background-color":"","background-image":"","background-repeat":"repeat","background-position":"center center","background-size":"auto","background-attachment":"scroll","background-type":"","background-media":"","overlay-type":"","overlay-color":"","overlay-opacity":"","overlay-gradient":""}},"ast-content-background-meta":{"desktop":{"background-color":"var(--ast-global-color-5)","background-image":"","background-repeat":"repeat","background-position":"center center","background-size":"auto","background-attachment":"scroll","background-type":"","background-media":"","overlay-type":"","overlay-color":"","overlay-opacity":"","overlay-gradient":""},"tablet":{"background-color":"var(--ast-global-color-5)","background-image":"","background-repeat":"repeat","background-position":"center center","background-size":"auto","background-attachment":"scroll","background-type":"","background-media":"","overlay-type":"","overlay-color":"","overlay-opacity":"","overlay-gradient":""},"mobile":{"background-color":"var(--ast-global-color-5)","background-image":"","background-repeat":"repeat","background-position":"center center","background-size":"auto","background-attachment":"scroll","background-type":"","background-media":"","overlay-type":"","overlay-color":"","overlay-opacity":"","overlay-gradient":""}}},"product_brand":[],"product_cat":[146,143,138],"product_tag":[],"class_list":{"0":"post-11589","1":"product","2":"type-product","3":"status-publish","4":"has-post-thumbnail","6":"product_cat-nuevas-moleculas","7":"product_cat-stv","8":"product_cat-stv-sativanol","9":"desktop-align-center","10":"tablet-align-left","11":"mobile-align-left","13":"first","14":"instock","15":"taxable","16":"shipping-taxable","17":"purchasable","18":"product-type-simple"},"acf":[],"yoast_head":"<!-- This site is optimized with the Yoast SEO plugin v27.4 - https:\/\/yoast.com\/product\/yoast-seo-wordpress\/ -->\n<title>Vaper STV - Space Vape Gelato 2ml (Sativanol) - THE LYF LABS<\/title>\n<meta name=\"description\" content=\"Vaper desechable Space Vape sabor Gelato con STV, CBD 40% y CBG 30%. Terpenos naturales, sin THC ni nicotina. Precio exclusivo para tiendas y mayoristas.\" \/>\n<meta name=\"robots\" content=\"index, follow, max-snippet:-1, max-image-preview:large, max-video-preview:-1\" \/>\n<link rel=\"canonical\" href=\"https:\/\/thelyflabs.com\/pt\/product\/vaper-stv-space-vape-gelato-2ml-sativanolstv\/\" \/>\n<meta property=\"og:locale\" content=\"pt_PT\" \/>\n<meta property=\"og:type\" content=\"article\" \/>\n<meta property=\"og:title\" content=\"Vaper STV - Space Vape Gelato 2ml (Sativanol) - THE LYF LABS\" \/>\n<meta property=\"og:description\" content=\"Vaper desechable Space Vape sabor Gelato con STV, CBD 40% y CBG 30%. Terpenos naturales, sin THC ni nicotina. Precio exclusivo para tiendas y mayoristas.\" \/>\n<meta property=\"og:url\" content=\"https:\/\/thelyflabs.com\/pt\/product\/vaper-stv-space-vape-gelato-2ml-sativanolstv\/\" \/>\n<meta property=\"og:site_name\" content=\"THE LYF LABS\" \/>\n<meta property=\"article:modified_time\" content=\"2026-03-20T10:22:33+00:00\" \/>\n<meta property=\"og:image\" content=\"https:\/\/thelyflabs.com\/wp-content\/uploads\/2026\/03\/Mockup-gelato-der-pod.png\" \/>\n\t<meta property=\"og:image:width\" content=\"1000\" \/>\n\t<meta property=\"og:image:height\" content=\"1000\" \/>\n\t<meta property=\"og:image:type\" content=\"image\/png\" \/>\n<meta name=\"twitter:card\" content=\"summary_large_image\" \/>\n<meta name=\"twitter:label1\" content=\"Tempo estimado de leitura\" \/>\n\t<meta name=\"twitter:data1\" content=\"3 minutos\" \/>\n<script type=\"application\/ld+json\" class=\"yoast-schema-graph\">{\"@context\":\"https:\\\/\\\/schema.org\",\"@graph\":[{\"@type\":\"WebPage\",\"@id\":\"https:\\\/\\\/thelyflabs.com\\\/product\\\/vaper-stv-space-vape-gelato-2ml-sativanolstv\",\"url\":\"https:\\\/\\\/thelyflabs.com\\\/product\\\/vaper-stv-space-vape-gelato-2ml-sativanolstv\",\"name\":\"Vaper STV - Space Vape Gelato 2ml (Sativanol) - THE LYF LABS\",\"isPartOf\":{\"@id\":\"https:\\\/\\\/thelyflabs.com\\\/#website\"},\"primaryImageOfPage\":{\"@id\":\"https:\\\/\\\/thelyflabs.com\\\/product\\\/vaper-stv-space-vape-gelato-2ml-sativanolstv#primaryimage\"},\"image\":{\"@id\":\"https:\\\/\\\/thelyflabs.com\\\/product\\\/vaper-stv-space-vape-gelato-2ml-sativanolstv#primaryimage\"},\"thumbnailUrl\":\"https:\\\/\\\/thelyflabs.com\\\/wp-content\\\/uploads\\\/2026\\\/03\\\/Mockup-gelato-der-pod.png\",\"datePublished\":\"2025-04-27T00:48:12+00:00\",\"dateModified\":\"2026-03-20T10:22:33+00:00\",\"description\":\"Vaper desechable Space Vape sabor Gelato con STV, CBD 40% y CBG 30%. Terpenos naturales, sin THC ni nicotina. Precio exclusivo para tiendas y mayoristas.\",\"breadcrumb\":{\"@id\":\"https:\\\/\\\/thelyflabs.com\\\/product\\\/vaper-stv-space-vape-gelato-2ml-sativanolstv#breadcrumb\"},\"inLanguage\":\"pt-PT\",\"potentialAction\":[{\"@type\":\"ReadAction\",\"target\":[\"https:\\\/\\\/thelyflabs.com\\\/product\\\/vaper-stv-space-vape-gelato-2ml-sativanolstv\"]}]},{\"@type\":\"ImageObject\",\"inLanguage\":\"pt-PT\",\"@id\":\"https:\\\/\\\/thelyflabs.com\\\/product\\\/vaper-stv-space-vape-gelato-2ml-sativanolstv#primaryimage\",\"url\":\"https:\\\/\\\/thelyflabs.com\\\/wp-content\\\/uploads\\\/2026\\\/03\\\/Mockup-gelato-der-pod.png\",\"contentUrl\":\"https:\\\/\\\/thelyflabs.com\\\/wp-content\\\/uploads\\\/2026\\\/03\\\/Mockup-gelato-der-pod.png\",\"width\":1000,\"height\":1000,\"caption\":\"Caja m\u00e1s vaper naranja Gelato STV 2ml dcha\"},{\"@type\":\"BreadcrumbList\",\"@id\":\"https:\\\/\\\/thelyflabs.com\\\/product\\\/vaper-stv-space-vape-gelato-2ml-sativanolstv#breadcrumb\",\"itemListElement\":[{\"@type\":\"ListItem\",\"position\":1,\"name\":\"Portada\",\"item\":\"https:\\\/\\\/thelyflabs.com\\\/\"},{\"@type\":\"ListItem\",\"position\":2,\"name\":\"Tienda\",\"item\":\"https:\\\/\\\/thelyflabs.com\\\/tienda\"},{\"@type\":\"ListItem\",\"position\":3,\"name\":\"Vaper STV &#8211; Space Vape Gelato 2ml (Sativanol)\"}]},{\"@type\":\"WebSite\",\"@id\":\"https:\\\/\\\/thelyflabs.com\\\/#website\",\"url\":\"https:\\\/\\\/thelyflabs.com\\\/\",\"name\":\"The LYF Labs\",\"description\":\"CBD al por mayor\",\"publisher\":{\"@id\":\"https:\\\/\\\/thelyflabs.com\\\/#organization\"},\"potentialAction\":[{\"@type\":\"SearchAction\",\"target\":{\"@type\":\"EntryPoint\",\"urlTemplate\":\"https:\\\/\\\/thelyflabs.com\\\/?s={search_term_string}\"},\"query-input\":{\"@type\":\"PropertyValueSpecification\",\"valueRequired\":true,\"valueName\":\"search_term_string\"}}],\"inLanguage\":\"pt-PT\"},{\"@type\":\"Organization\",\"@id\":\"https:\\\/\\\/thelyflabs.com\\\/#organization\",\"name\":\"The LYF Labs\",\"url\":\"https:\\\/\\\/thelyflabs.com\\\/\",\"logo\":{\"@type\":\"ImageObject\",\"inLanguage\":\"pt-PT\",\"@id\":\"https:\\\/\\\/thelyflabs.com\\\/#\\\/schema\\\/logo\\\/image\\\/\",\"url\":\"https:\\\/\\\/thelyflabs.com\\\/wp-content\\\/uploads\\\/2023\\\/01\\\/cropped-LogoTheLYFLabs.png\",\"contentUrl\":\"https:\\\/\\\/thelyflabs.com\\\/wp-content\\\/uploads\\\/2023\\\/01\\\/cropped-LogoTheLYFLabs.png\",\"width\":600,\"height\":180,\"caption\":\"The LYF Labs\"},\"image\":{\"@id\":\"https:\\\/\\\/thelyflabs.com\\\/#\\\/schema\\\/logo\\\/image\\\/\"}}]}<\/script>\n<!-- \/ Yoast SEO plugin. -->","yoast_head_json":{"title":"Vaper STV - Space Vape Gelato 2ml (Sativanol) - THE LYF LABS","description":"Vaper desechable Space Vape sabor Gelato con STV, CBD 40% y CBG 30%. Terpenos naturales, sin THC ni nicotina. Precio exclusivo para tiendas y mayoristas.","robots":{"index":"index","follow":"follow","max-snippet":"max-snippet:-1","max-image-preview":"max-image-preview:large","max-video-preview":"max-video-preview:-1"},"canonical":"https:\/\/thelyflabs.com\/pt\/product\/vaper-stv-space-vape-gelato-2ml-sativanolstv\/","og_locale":"pt_PT","og_type":"article","og_title":"Vaper STV - Space Vape Gelato 2ml (Sativanol) - THE LYF LABS","og_description":"Vaper desechable Space Vape sabor Gelato con STV, CBD 40% y CBG 30%. Terpenos naturales, sin THC ni nicotina. Precio exclusivo para tiendas y mayoristas.","og_url":"https:\/\/thelyflabs.com\/pt\/product\/vaper-stv-space-vape-gelato-2ml-sativanolstv\/","og_site_name":"THE LYF LABS","article_modified_time":"2026-03-20T10:22:33+00:00","og_image":[{"width":1000,"height":1000,"url":"https:\/\/thelyflabs.com\/wp-content\/uploads\/2026\/03\/Mockup-gelato-der-pod.png","type":"image\/png"}],"twitter_card":"summary_large_image","twitter_misc":{"Tempo estimado de leitura":"3 minutos"},"schema":{"@context":"https:\/\/schema.org","@graph":[{"@type":"WebPage","@id":"https:\/\/thelyflabs.com\/product\/vaper-stv-space-vape-gelato-2ml-sativanolstv","url":"https:\/\/thelyflabs.com\/product\/vaper-stv-space-vape-gelato-2ml-sativanolstv","name":"Vaper STV - Space Vape Gelato 2ml (Sativanol) - THE LYF LABS","isPartOf":{"@id":"https:\/\/thelyflabs.com\/#website"},"primaryImageOfPage":{"@id":"https:\/\/thelyflabs.com\/product\/vaper-stv-space-vape-gelato-2ml-sativanolstv#primaryimage"},"image":{"@id":"https:\/\/thelyflabs.com\/product\/vaper-stv-space-vape-gelato-2ml-sativanolstv#primaryimage"},"thumbnailUrl":"https:\/\/thelyflabs.com\/wp-content\/uploads\/2026\/03\/Mockup-gelato-der-pod.png","datePublished":"2025-04-27T00:48:12+00:00","dateModified":"2026-03-20T10:22:33+00:00","description":"Vaper desechable Space Vape sabor Gelato con STV, CBD 40% y CBG 30%. Terpenos naturales, sin THC ni nicotina. Precio exclusivo para tiendas y mayoristas.","breadcrumb":{"@id":"https:\/\/thelyflabs.com\/product\/vaper-stv-space-vape-gelato-2ml-sativanolstv#breadcrumb"},"inLanguage":"pt-PT","potentialAction":[{"@type":"ReadAction","target":["https:\/\/thelyflabs.com\/product\/vaper-stv-space-vape-gelato-2ml-sativanolstv"]}]},{"@type":"ImageObject","inLanguage":"pt-PT","@id":"https:\/\/thelyflabs.com\/product\/vaper-stv-space-vape-gelato-2ml-sativanolstv#primaryimage","url":"https:\/\/thelyflabs.com\/wp-content\/uploads\/2026\/03\/Mockup-gelato-der-pod.png","contentUrl":"https:\/\/thelyflabs.com\/wp-content\/uploads\/2026\/03\/Mockup-gelato-der-pod.png","width":1000,"height":1000,"caption":"Caja m\u00e1s vaper naranja Gelato STV 2ml dcha"},{"@type":"BreadcrumbList","@id":"https:\/\/thelyflabs.com\/product\/vaper-stv-space-vape-gelato-2ml-sativanolstv#breadcrumb","itemListElement":[{"@type":"ListItem","position":1,"name":"Portada","item":"https:\/\/thelyflabs.com\/"},{"@type":"ListItem","position":2,"name":"Tienda","item":"https:\/\/thelyflabs.com\/tienda"},{"@type":"ListItem","position":3,"name":"Vaper STV &#8211; Space Vape Gelato 2ml (Sativanol)"}]},{"@type":"WebSite","@id":"https:\/\/thelyflabs.com\/#website","url":"https:\/\/thelyflabs.com\/","name":"Os Laborat\u00f3rios LYF","description":"CBD atacado","publisher":{"@id":"https:\/\/thelyflabs.com\/#organization"},"potentialAction":[{"@type":"SearchAction","target":{"@type":"EntryPoint","urlTemplate":"https:\/\/thelyflabs.com\/?s={search_term_string}"},"query-input":{"@type":"PropertyValueSpecification","valueRequired":true,"valueName":"search_term_string"}}],"inLanguage":"pt-PT"},{"@type":"Organization","@id":"https:\/\/thelyflabs.com\/#organization","name":"Os Laborat\u00f3rios LYF","url":"https:\/\/thelyflabs.com\/","logo":{"@type":"ImageObject","inLanguage":"pt-PT","@id":"https:\/\/thelyflabs.com\/#\/schema\/logo\/image\/","url":"https:\/\/thelyflabs.com\/wp-content\/uploads\/2023\/01\/cropped-LogoTheLYFLabs.png","contentUrl":"https:\/\/thelyflabs.com\/wp-content\/uploads\/2023\/01\/cropped-LogoTheLYFLabs.png","width":600,"height":180,"caption":"The LYF Labs"},"image":{"@id":"https:\/\/thelyflabs.com\/#\/schema\/logo\/image\/"}}]}},"_links":{"self":[{"href":"https:\/\/thelyflabs.com\/pt\/wp-json\/wp\/v2\/product\/11589","targetHints":{"allow":["GET"]}}],"collection":[{"href":"https:\/\/thelyflabs.com\/pt\/wp-json\/wp\/v2\/product"}],"about":[{"href":"https:\/\/thelyflabs.com\/pt\/wp-json\/wp\/v2\/types\/product"}],"replies":[{"embeddable":true,"href":"https:\/\/thelyflabs.com\/pt\/wp-json\/wp\/v2\/comments?post=11589"}],"wp:featuredmedia":[{"embeddable":true,"href":"https:\/\/thelyflabs.com\/pt\/wp-json\/wp\/v2\/media\/16963"}],"wp:attachment":[{"href":"https:\/\/thelyflabs.com\/pt\/wp-json\/wp\/v2\/media?parent=11589"}],"wp:term":[{"taxonomy":"product_brand","embeddable":true,"href":"https:\/\/thelyflabs.com\/pt\/wp-json\/wp\/v2\/product_brand?post=11589"},{"taxonomy":"product_cat","embeddable":true,"href":"https:\/\/thelyflabs.com\/pt\/wp-json\/wp\/v2\/product_cat?post=11589"},{"taxonomy":"product_tag","embeddable":true,"href":"https:\/\/thelyflabs.com\/pt\/wp-json\/wp\/v2\/product_tag?post=11589"}],"curies":[{"name":"wp","href":"https:\/\/api.w.org\/{rel}","templated":true}]}}