{"id":11938,"date":"2025-05-13T23:53:06","date_gmt":"2025-05-13T21:53:06","guid":{"rendered":"https:\/\/thelyflabs.com\/?post_type=product&#038;p=11938"},"modified":"2026-04-20T09:31:28","modified_gmt":"2026-04-20T07:31:28","slug":"cartucho-desechable-stv-sativanol-amnesia","status":"publish","type":"product","link":"https:\/\/thelyflabs.com\/pt\/product\/cartucho-desechable-stv-sativanol-amnesia","title":{"rendered":"Cartucho descart\u00e1vel STV Sativanol \u2013 Amn\u00e9sia"},"content":{"rendered":"<h1 class=\"\" data-start=\"215\" data-end=\"260\">Cartucho descart\u00e1vel STV Sativanol \u2013 Amn\u00e9sia<\/h1>\n<p class=\"\" data-start=\"262\" data-end=\"413\"><strong data-start=\"262\" data-end=\"413\">Ative sua mente. Desperte seu fluxo. Descubra a STV com sabor Amnesia, a variedade mais c\u00edtrica e cerebral do jogo. Somente na Iguana Smoke, sua loja chill.<\/strong><\/p>\n<p class=\"\" data-start=\"415\" data-end=\"799\">Ele <strong data-start=\"418\" data-end=\"465\">Cartucho descart\u00e1vel STV Sativanol \u2013 Amn\u00e9sia<\/strong> \u00c9 puro dinamismo. Este pod de vapor pr\u00e9-preenchido \u00e9 formulado com <strong data-start=\"537\" data-end=\"556\">Sativanol (STV)<\/strong>, um canabinoide de \u00faltima gera\u00e7\u00e3o que leva voc\u00ea a outro n\u00edvel sem a necessidade de THC. A isto acrescentamos o aroma vibrante do m\u00edtico <strong data-start=\"692\" data-end=\"703\">Amn\u00e9sia<\/strong>, uma variedade de terpenos c\u00edtricos e notas herbais que revitaliza o corpo e a mente a cada tragada.<\/p>\n<p class=\"\" data-start=\"801\" data-end=\"931\">Ideal para quem busca um est\u00edmulo mental sem peso ou confus\u00e3o. D\u00ea ar fresco \u00e0 sua cabe\u00e7a, sem tirar os p\u00e9s do ch\u00e3o.<\/p>\n<h3 class=\"\" data-start=\"938\" data-end=\"957\">O que \u00e9 STV?<\/h3>\n<p class=\"\" data-start=\"959\" data-end=\"1271\"><strong data-start=\"959\" data-end=\"978\">Sativanol (STV)<\/strong> \u00c9 um canabinoide semissint\u00e9tico inovador, extra\u00eddo do c\u00e2nhamo e otimizado para gerar efeitos funcionais, claros e est\u00e1veis. N\u00e3o \u00e9 THC, mas seu impacto \u00e9 t\u00e3o potente e muito mais pr\u00e1tico. Ela n\u00e3o produz toler\u00e2ncia, n\u00e3o te decepciona e te acompanha todos os dias como uma boa colega.<\/p>\n<p class=\"\" data-start=\"1273\" data-end=\"1296\"><strong data-start=\"1273\" data-end=\"1296\">Benef\u00edcios do STV:<\/strong><\/p>\n<ul data-start=\"1297\" data-end=\"1497\">\n<li class=\"\" data-start=\"1297\" data-end=\"1330\">\n<p class=\"\" data-start=\"1299\" data-end=\"1330\">Euforia focada, sem paranoia.<\/p>\n<\/li>\n<li class=\"\" data-start=\"1331\" data-end=\"1361\">\n<p class=\"\" data-start=\"1333\" data-end=\"1361\">Aumento da concentra\u00e7\u00e3o.<\/p>\n<\/li>\n<li class=\"\" data-start=\"1362\" data-end=\"1401\">\n<p class=\"\" data-start=\"1364\" data-end=\"1401\">N\u00e3o houve quedas nem sonol\u00eancia depois.<\/p>\n<\/li>\n<li class=\"\" data-start=\"1402\" data-end=\"1448\">\n<p class=\"\" data-start=\"1404\" data-end=\"1448\">Efeito constante mesmo com uso cont\u00ednuo.<\/p>\n<\/li>\n<li class=\"\" data-start=\"1449\" data-end=\"1497\">\n<p class=\"\" data-start=\"1451\" data-end=\"1497\">Completamente livre de THC, HHC, THCP e an\u00e1logos.<\/p>\n<\/li>\n<\/ul>\n<p class=\"\" data-start=\"1499\" data-end=\"1602\"><strong data-start=\"1499\" data-end=\"1521\">Compre STV online<\/strong> \u00c9 a op\u00e7\u00e3o mais segura para desfrutar de uma experi\u00eancia moderna, legal e funcional.<\/p>\n<h3 class=\"\" data-start=\"1609\" data-end=\"1642\">Perfil de terpeno de amn\u00e9sia<\/h3>\n<p class=\"\" data-start=\"1644\" data-end=\"1883\">A tens\u00e3o <strong data-start=\"1652\" data-end=\"1663\">Amn\u00e9sia<\/strong> \u00c9 uma das variedades mais reconhecidas no mundo da cannabis pelo seu aroma c\u00edtrico, fresco e levemente picante, com um efeito Sativa cerebral e espumante. Sua combina\u00e7\u00e3o de terpenos gera uma experi\u00eancia arom\u00e1tica explosiva:<\/p>\n<ul data-start=\"1885\" data-end=\"2040\">\n<li class=\"\" data-start=\"1885\" data-end=\"1935\">\n<p class=\"\" data-start=\"1887\" data-end=\"1935\"><strong data-start=\"1887\" data-end=\"1899\">Limoneno<\/strong>: c\u00edtrico, energizante e antiestresse.<\/p>\n<\/li>\n<li class=\"\" data-start=\"1936\" data-end=\"1981\">\n<p class=\"\" data-start=\"1938\" data-end=\"1981\"><strong data-start=\"1938\" data-end=\"1949\">Mirceno<\/strong>: herbal, com um toque calmante.<\/p>\n<\/li>\n<li class=\"\" data-start=\"1982\" data-end=\"2040\">\n<p class=\"\" data-start=\"1984\" data-end=\"2040\"><strong data-start=\"1984\" data-end=\"1999\">Terpinoleno<\/strong>: floral e complexo, com um toque mental.<\/p>\n<\/li>\n<\/ul>\n<p class=\"\" data-start=\"2042\" data-end=\"2169\">O resultado \u00e9 um sabor limpo, fresco e estimulante, ideal para come\u00e7ar o dia ou ativar sua criatividade a qualquer momento.<\/p>\n<h3 class=\"\" data-start=\"2176\" data-end=\"2211\">O que \u00e9 um cartucho descart\u00e1vel?<\/h3>\n<p class=\"\" data-start=\"2213\" data-end=\"2403\">UM <strong data-start=\"2216\" data-end=\"2249\">cartucho ou c\u00e1psula descart\u00e1vel<\/strong> \u00c9 um sistema de vaporiza\u00e7\u00e3o plug &amp; play. Voc\u00ea o conecta \u00e0 sua bateria com rosca 510 (a de costume), usa-o e, quando ele acaba, joga-o fora. Sem recargas, sem complica\u00e7\u00f5es. D\u00ea uma segunda vida \u00e0s suas c\u00e1psulas. Quando terminar, leve-os a um ponto de reciclagem.<\/p>\n<p class=\"\" data-start=\"2405\" data-end=\"2476\">Ele <strong data-start=\"2408\" data-end=\"2444\">Cartucho STV Sativanol \u2013 Amn\u00e9sia<\/strong> Est\u00e1 dispon\u00edvel em dois tamanhos:<\/p>\n<ul data-start=\"2477\" data-end=\"2540\">\n<li class=\"\" data-start=\"2477\" data-end=\"2508\">\n<p class=\"\" data-start=\"2479\" data-end=\"2508\"><strong data-start=\"2479\" data-end=\"2487\">1 ml<\/strong> \u2013 At\u00e9 300 tragadas.<\/p>\n<\/li>\n<li class=\"\" data-start=\"2509\" data-end=\"2540\">\n<p class=\"\" data-start=\"2511\" data-end=\"2540\"><strong data-start=\"2511\" data-end=\"2519\">2 ml<\/strong> \u2013 At\u00e9 600 tragadas.<\/p>\n<\/li>\n<\/ul>\n<p class=\"\" data-start=\"2542\" data-end=\"2666\">Feito com extrato de c\u00e2nhamo org\u00e2nico, sem solventes ou aditivos raros. Somente canabinoides funcionais e sabor brutal.<\/p>\n<h3 class=\"\" data-start=\"2673\" data-end=\"2717\">Por que escolher STV Sativanol \u2013 Amnesia?<\/h3>\n<p class=\"\" data-start=\"2719\" data-end=\"2897\"><strong data-start=\"2719\" data-end=\"2740\">Comprar vaper STV<\/strong> Significa carregar a tecnologia da cannabis do futuro no seu bolso. N\u00e3o h\u00e1 THC, mas h\u00e1 um efeito. N\u00e3o h\u00e1 fuma\u00e7a, mas h\u00e1 uma nuvem. N\u00e3o h\u00e1 d\u00favidas: este cartucho \u00e9 puro fogo.<\/p>\n<p class=\"\" data-start=\"2899\" data-end=\"2918\"><strong data-start=\"2899\" data-end=\"2918\">Principais benef\u00edcios:<\/strong><\/p>\n<ul data-start=\"2919\" data-end=\"3163\">\n<li class=\"\" data-start=\"2919\" data-end=\"2960\">\n<p class=\"\" data-start=\"2921\" data-end=\"2960\">STV sem THC ou subst\u00e2ncias controladas.<\/p>\n<\/li>\n<li class=\"\" data-start=\"2961\" data-end=\"3014\">\n<p class=\"\" data-start=\"2963\" data-end=\"3014\">Sabor c\u00edtrico premium inspirado na variedade Amnesia.<\/p>\n<\/li>\n<li class=\"\" data-start=\"3015\" data-end=\"3066\">\n<p class=\"\" data-start=\"3017\" data-end=\"3066\">Compat\u00edvel com todos os vapers com conex\u00e3o 510.<\/p>\n<\/li>\n<li class=\"\" data-start=\"3067\" data-end=\"3115\">\n<p class=\"\" data-start=\"3069\" data-end=\"3115\">Efeitos estimulantes sem toler\u00e2ncia acumulada.<\/p>\n<\/li>\n<li class=\"\" data-start=\"3116\" data-end=\"3163\">\n<p class=\"\" data-start=\"3118\" data-end=\"3163\">Ideal para usar a qualquer hora do dia.<\/p>\n<\/li>\n<\/ul>\n<p class=\"\" data-start=\"3165\" data-end=\"3305\">Quer voc\u00ea o use para se concentrar, socializar ou apenas para passear com estilo, este cartucho acompanhar\u00e1 voc\u00ea sem esgotar sua energia.<\/p>\n<h3 class=\"\" data-start=\"3312\" data-end=\"3342\">Onde comprar STV online?<\/h3>\n<p class=\"\" data-start=\"3344\" data-end=\"3489\">Em <strong data-start=\"3347\" data-end=\"3363\">Fuma\u00e7a De Iguana<\/strong>, claro. Aqui voc\u00ea pode <strong data-start=\"3384\" data-end=\"3408\">comprar cartucho STV<\/strong> com sabor Amnesia e toda a gama de Sativanol com entrega r\u00e1pida e garantia de resfriamento.<\/p>\n<p class=\"\" data-start=\"3491\" data-end=\"3498\">Al\u00e9m do mais:<\/p>\n<ul data-start=\"3499\" data-end=\"3669\">\n<li class=\"\" data-start=\"3499\" data-end=\"3552\">\n<p class=\"\" data-start=\"3501\" data-end=\"3552\"><strong data-start=\"3501\" data-end=\"3528\">Compre c\u00e1psulas sem THC<\/strong> com efeito tipo Sativa.<\/p>\n<\/li>\n<li class=\"\" data-start=\"3553\" data-end=\"3611\">\n<p class=\"\" data-start=\"3555\" data-end=\"3611\"><strong data-start=\"3555\" data-end=\"3591\">Compre cartucho de THC alternativo<\/strong>, legal e funcional.<\/p>\n<\/li>\n<li class=\"\" data-start=\"3612\" data-end=\"3669\">\n<p class=\"\" data-start=\"3614\" data-end=\"3669\"><strong data-start=\"3614\" data-end=\"3642\">Compre vape STV online<\/strong>, sem qualquer confus\u00e3o ou surpresa.<\/p>\n<\/li>\n<\/ul>\n<p class=\"\" data-start=\"3671\" data-end=\"3733\">Tudo legal, tudo poderoso, tudo estiloso. Porque voc\u00ea vale a pena.<\/p>\n<h3 class=\"\" data-start=\"3740\" data-end=\"3798\">STV Sativanol \u2013 Amn\u00e9sia: clareza mental, sabor brutal<\/h3>\n<p class=\"\" data-start=\"3800\" data-end=\"3990\">Voc\u00ea n\u00e3o precisa mais enlouquecer para alcan\u00e7ar uma experi\u00eancia mental e sensorial de alto n\u00edvel. O STV com infus\u00e3o de terpenos da Amnesia deixa voc\u00ea pronto para qualquer coisa que apare\u00e7a: trabalho, academia, arte ou simplesmente divers\u00e3o.<\/p>\n<p class=\"\" data-start=\"3992\" data-end=\"4053\">Compacto, limpo e potente. <strong data-start=\"4020\" data-end=\"4053\">Seu novo ritual come\u00e7a aqui.<\/strong><\/p>\n<hr class=\"\" data-start=\"4055\" data-end=\"4058\" \/>\n<p class=\"\" data-start=\"4060\" data-end=\"4142\"><strong data-start=\"4060\" data-end=\"4142\">Este produto \u00e9 um item de colecionador. N\u00e3o \u00e9 adequado para combust\u00e3o ou consumo direto.<\/strong><\/p>\n<p class=\"\" data-start=\"4144\" data-end=\"4309\"><strong data-start=\"4144\" data-end=\"4309\">N\u00e3o cont\u00e9m canabinoides inclu\u00eddos no Anexo I do Real Decreto 2829\/1977 nem subst\u00e2ncias controladas pela Conven\u00e7\u00e3o \u00danica de 1961 ou pela Conven\u00e7\u00e3o de 1971.<\/strong><\/p>","protected":false},"excerpt":{"rendered":"<h4>Cartucho descart\u00e1vel STV Sativanol \u2013 Amn\u00e9sia<\/h4>\n<h4><strong>Caracteristicas<\/strong><\/h4>\n<ul>\n<li>Conex\u00e3o: tipo 510<\/li>\n<li>Habilidade: <span style=\"font-size: 16px\">1 ml \/ 2 ml<\/span><\/li>\n<li>Sopros: <span style=\"font-size: 16px\">300 \/ 600<\/span><\/li>\n<li>Terpenos naturais de alta qualidade<\/li>\n<li>STV (Sativanol)<\/li>\n<li>CDB: 40%<\/li>\n<li>CBG: 30%<\/li>\n<li>THC: 0%<\/li>\n<li>HHC: 0%<\/li>\n<li>THC-P: 0%Nicotina: 0%<\/li>\n<li>N\u00e3o cont\u00e9m VG, PG, PEG, MCT ou qualquer outro agente de corte. Todos os nossos produtos s\u00e3o derivados de c\u00e2nhamo industrial certificado. Eles cont\u00eam menos de 0,3% de THC e n\u00e3o cont\u00eam nenhum canabinoide ilegal, como HHC, HHC-P, THCP, THCP-O, H4CBD ou qualquer um de seus derivados. voc\u00ea pode consultar <a href=\"https:\/\/iguanasmoke.com\/analiticas\/\" target=\"_blank\" rel=\"noopener\">Certificado de An\u00e1lise aqui<\/a><\/li>\n<\/ul>","protected":false},"featured_media":11932,"comment_status":"open","ping_status":"closed","template":"","meta":{"_acf_changed":false,"site-sidebar-layout":"default","site-content-layout":"","ast-site-content-layout":"default","site-content-style":"default","site-sidebar-style":"default","ast-global-header-display":"","ast-banner-title-visibility":"","ast-main-header-display":"","ast-hfb-above-header-display":"","ast-hfb-below-header-display":"","ast-hfb-mobile-header-display":"","site-post-title":"","ast-breadcrumbs-content":"","ast-featured-img":"","footer-sml-layout":"","theme-transparent-header-meta":"default","adv-header-id-meta":"","stick-header-meta":"","header-above-stick-meta":"","header-main-stick-meta":"","header-below-stick-meta":"","astra-migrate-meta-layouts":"set","ast-page-background-enabled":"default","ast-page-background-meta":{"desktop":{"background-color":"var(--ast-global-color-4)","background-image":"","background-repeat":"repeat","background-position":"center center","background-size":"auto","background-attachment":"scroll","background-type":"","background-media":"","overlay-type":"","overlay-color":"","overlay-opacity":"","overlay-gradient":""},"tablet":{"background-color":"","background-image":"","background-repeat":"repeat","background-position":"center center","background-size":"auto","background-attachment":"scroll","background-type":"","background-media":"","overlay-type":"","overlay-color":"","overlay-opacity":"","overlay-gradient":""},"mobile":{"background-color":"","background-image":"","background-repeat":"repeat","background-position":"center center","background-size":"auto","background-attachment":"scroll","background-type":"","background-media":"","overlay-type":"","overlay-color":"","overlay-opacity":"","overlay-gradient":""}},"ast-content-background-meta":{"desktop":{"background-color":"var(--ast-global-color-5)","background-image":"","background-repeat":"repeat","background-position":"center center","background-size":"auto","background-attachment":"scroll","background-type":"","background-media":"","overlay-type":"","overlay-color":"","overlay-opacity":"","overlay-gradient":""},"tablet":{"background-color":"var(--ast-global-color-5)","background-image":"","background-repeat":"repeat","background-position":"center center","background-size":"auto","background-attachment":"scroll","background-type":"","background-media":"","overlay-type":"","overlay-color":"","overlay-opacity":"","overlay-gradient":""},"mobile":{"background-color":"var(--ast-global-color-5)","background-image":"","background-repeat":"repeat","background-position":"center center","background-size":"auto","background-attachment":"scroll","background-type":"","background-media":"","overlay-type":"","overlay-color":"","overlay-opacity":"","overlay-gradient":""}}},"product_brand":[],"product_cat":[91,146,143,138],"product_tag":[],"class_list":{"0":"post-11938","1":"product","2":"type-product","3":"status-publish","4":"has-post-thumbnail","6":"product_cat-cartuchos","7":"product_cat-nuevas-moleculas","8":"product_cat-stv","9":"product_cat-stv-sativanol","10":"desktop-align-center","11":"tablet-align-left","12":"mobile-align-left","14":"first","15":"instock","16":"taxable","17":"shipping-taxable","18":"purchasable","19":"product-type-variable"},"acf":[],"yoast_head":"<!-- This site is optimized with the Yoast SEO plugin v27.4 - https:\/\/yoast.com\/product\/yoast-seo-wordpress\/ -->\n<title>Cartucho desechable STV Sativanol - Amnesia - THE LYF LABS<\/title>\n<meta name=\"description\" content=\"Cartucho Amnesia con STV Sativanol para venta mayorista. Perfil herbal y c\u00edtrico, sin THC. Formatos de 1 ml y 2 ml disponibles.\" \/>\n<meta name=\"robots\" content=\"index, follow, max-snippet:-1, max-image-preview:large, max-video-preview:-1\" \/>\n<link rel=\"canonical\" href=\"https:\/\/thelyflabs.com\/pt\/product\/cartucho-desechable-stv-sativanol-amnesia\/\" \/>\n<meta property=\"og:locale\" content=\"pt_PT\" \/>\n<meta property=\"og:type\" content=\"article\" \/>\n<meta property=\"og:title\" content=\"Cartucho desechable STV Sativanol - Amnesia - THE LYF LABS\" \/>\n<meta property=\"og:description\" content=\"Cartucho Amnesia con STV Sativanol para venta mayorista. Perfil herbal y c\u00edtrico, sin THC. Formatos de 1 ml y 2 ml disponibles.\" \/>\n<meta property=\"og:url\" content=\"https:\/\/thelyflabs.com\/pt\/product\/cartucho-desechable-stv-sativanol-amnesia\/\" \/>\n<meta property=\"og:site_name\" content=\"THE LYF LABS\" \/>\n<meta property=\"article:modified_time\" content=\"2026-04-20T07:31:28+00:00\" \/>\n<meta property=\"og:image\" content=\"https:\/\/thelyflabs.com\/wp-content\/uploads\/2025\/05\/Bolsa-Cart-HHC-Amnesia-bolsa-2025-1.webp\" \/>\n\t<meta property=\"og:image:width\" content=\"1000\" \/>\n\t<meta property=\"og:image:height\" content=\"1000\" \/>\n\t<meta property=\"og:image:type\" content=\"image\/webp\" \/>\n<meta name=\"twitter:card\" content=\"summary_large_image\" \/>\n<meta name=\"twitter:label1\" content=\"Tempo estimado de leitura\" \/>\n\t<meta name=\"twitter:data1\" content=\"4 minutos\" \/>\n<script type=\"application\/ld+json\" class=\"yoast-schema-graph\">{\"@context\":\"https:\\\/\\\/schema.org\",\"@graph\":[{\"@type\":\"WebPage\",\"@id\":\"https:\\\/\\\/thelyflabs.com\\\/product\\\/cartucho-desechable-stv-sativanol-amnesia\",\"url\":\"https:\\\/\\\/thelyflabs.com\\\/product\\\/cartucho-desechable-stv-sativanol-amnesia\",\"name\":\"Cartucho desechable STV Sativanol - Amnesia - THE LYF LABS\",\"isPartOf\":{\"@id\":\"https:\\\/\\\/thelyflabs.com\\\/#website\"},\"primaryImageOfPage\":{\"@id\":\"https:\\\/\\\/thelyflabs.com\\\/product\\\/cartucho-desechable-stv-sativanol-amnesia#primaryimage\"},\"image\":{\"@id\":\"https:\\\/\\\/thelyflabs.com\\\/product\\\/cartucho-desechable-stv-sativanol-amnesia#primaryimage\"},\"thumbnailUrl\":\"https:\\\/\\\/thelyflabs.com\\\/wp-content\\\/uploads\\\/2025\\\/05\\\/Bolsa-Cart-HHC-Amnesia-bolsa-2025-1.webp\",\"datePublished\":\"2025-05-13T21:53:06+00:00\",\"dateModified\":\"2026-04-20T07:31:28+00:00\",\"description\":\"Cartucho Amnesia con STV Sativanol para venta mayorista. Perfil herbal y c\u00edtrico, sin THC. Formatos de 1 ml y 2 ml disponibles.\",\"breadcrumb\":{\"@id\":\"https:\\\/\\\/thelyflabs.com\\\/product\\\/cartucho-desechable-stv-sativanol-amnesia#breadcrumb\"},\"inLanguage\":\"pt-PT\",\"potentialAction\":[{\"@type\":\"ReadAction\",\"target\":[\"https:\\\/\\\/thelyflabs.com\\\/product\\\/cartucho-desechable-stv-sativanol-amnesia\"]}]},{\"@type\":\"ImageObject\",\"inLanguage\":\"pt-PT\",\"@id\":\"https:\\\/\\\/thelyflabs.com\\\/product\\\/cartucho-desechable-stv-sativanol-amnesia#primaryimage\",\"url\":\"https:\\\/\\\/thelyflabs.com\\\/wp-content\\\/uploads\\\/2025\\\/05\\\/Bolsa-Cart-HHC-Amnesia-bolsa-2025-1.webp\",\"contentUrl\":\"https:\\\/\\\/thelyflabs.com\\\/wp-content\\\/uploads\\\/2025\\\/05\\\/Bolsa-Cart-HHC-Amnesia-bolsa-2025-1.webp\",\"width\":1000,\"height\":1000},{\"@type\":\"BreadcrumbList\",\"@id\":\"https:\\\/\\\/thelyflabs.com\\\/product\\\/cartucho-desechable-stv-sativanol-amnesia#breadcrumb\",\"itemListElement\":[{\"@type\":\"ListItem\",\"position\":1,\"name\":\"Portada\",\"item\":\"https:\\\/\\\/thelyflabs.com\\\/\"},{\"@type\":\"ListItem\",\"position\":2,\"name\":\"Tienda\",\"item\":\"https:\\\/\\\/thelyflabs.com\\\/tienda\"},{\"@type\":\"ListItem\",\"position\":3,\"name\":\"Cartucho desechable STV Sativanol &#8211; Amnesia\"}]},{\"@type\":\"WebSite\",\"@id\":\"https:\\\/\\\/thelyflabs.com\\\/#website\",\"url\":\"https:\\\/\\\/thelyflabs.com\\\/\",\"name\":\"The LYF Labs\",\"description\":\"CBD al por mayor\",\"publisher\":{\"@id\":\"https:\\\/\\\/thelyflabs.com\\\/#organization\"},\"potentialAction\":[{\"@type\":\"SearchAction\",\"target\":{\"@type\":\"EntryPoint\",\"urlTemplate\":\"https:\\\/\\\/thelyflabs.com\\\/?s={search_term_string}\"},\"query-input\":{\"@type\":\"PropertyValueSpecification\",\"valueRequired\":true,\"valueName\":\"search_term_string\"}}],\"inLanguage\":\"pt-PT\"},{\"@type\":\"Organization\",\"@id\":\"https:\\\/\\\/thelyflabs.com\\\/#organization\",\"name\":\"The LYF Labs\",\"url\":\"https:\\\/\\\/thelyflabs.com\\\/\",\"logo\":{\"@type\":\"ImageObject\",\"inLanguage\":\"pt-PT\",\"@id\":\"https:\\\/\\\/thelyflabs.com\\\/#\\\/schema\\\/logo\\\/image\\\/\",\"url\":\"https:\\\/\\\/thelyflabs.com\\\/wp-content\\\/uploads\\\/2023\\\/01\\\/cropped-LogoTheLYFLabs.png\",\"contentUrl\":\"https:\\\/\\\/thelyflabs.com\\\/wp-content\\\/uploads\\\/2023\\\/01\\\/cropped-LogoTheLYFLabs.png\",\"width\":600,\"height\":180,\"caption\":\"The LYF Labs\"},\"image\":{\"@id\":\"https:\\\/\\\/thelyflabs.com\\\/#\\\/schema\\\/logo\\\/image\\\/\"}}]}<\/script>\n<!-- \/ Yoast SEO plugin. -->","yoast_head_json":{"title":"Cartucho desechable STV Sativanol - Amnesia - THE LYF LABS","description":"Cartucho Amnesia con STV Sativanol para venta mayorista. Perfil herbal y c\u00edtrico, sin THC. Formatos de 1 ml y 2 ml disponibles.","robots":{"index":"index","follow":"follow","max-snippet":"max-snippet:-1","max-image-preview":"max-image-preview:large","max-video-preview":"max-video-preview:-1"},"canonical":"https:\/\/thelyflabs.com\/pt\/product\/cartucho-desechable-stv-sativanol-amnesia\/","og_locale":"pt_PT","og_type":"article","og_title":"Cartucho desechable STV Sativanol - Amnesia - THE LYF LABS","og_description":"Cartucho Amnesia con STV Sativanol para venta mayorista. Perfil herbal y c\u00edtrico, sin THC. Formatos de 1 ml y 2 ml disponibles.","og_url":"https:\/\/thelyflabs.com\/pt\/product\/cartucho-desechable-stv-sativanol-amnesia\/","og_site_name":"THE LYF LABS","article_modified_time":"2026-04-20T07:31:28+00:00","og_image":[{"width":1000,"height":1000,"url":"https:\/\/thelyflabs.com\/wp-content\/uploads\/2025\/05\/Bolsa-Cart-HHC-Amnesia-bolsa-2025-1.webp","type":"image\/webp"}],"twitter_card":"summary_large_image","twitter_misc":{"Tempo estimado de leitura":"4 minutos"},"schema":{"@context":"https:\/\/schema.org","@graph":[{"@type":"WebPage","@id":"https:\/\/thelyflabs.com\/product\/cartucho-desechable-stv-sativanol-amnesia","url":"https:\/\/thelyflabs.com\/product\/cartucho-desechable-stv-sativanol-amnesia","name":"Cartucho desechable STV Sativanol - Amnesia - THE LYF LABS","isPartOf":{"@id":"https:\/\/thelyflabs.com\/#website"},"primaryImageOfPage":{"@id":"https:\/\/thelyflabs.com\/product\/cartucho-desechable-stv-sativanol-amnesia#primaryimage"},"image":{"@id":"https:\/\/thelyflabs.com\/product\/cartucho-desechable-stv-sativanol-amnesia#primaryimage"},"thumbnailUrl":"https:\/\/thelyflabs.com\/wp-content\/uploads\/2025\/05\/Bolsa-Cart-HHC-Amnesia-bolsa-2025-1.webp","datePublished":"2025-05-13T21:53:06+00:00","dateModified":"2026-04-20T07:31:28+00:00","description":"Cartucho Amnesia con STV Sativanol para venta mayorista. Perfil herbal y c\u00edtrico, sin THC. Formatos de 1 ml y 2 ml disponibles.","breadcrumb":{"@id":"https:\/\/thelyflabs.com\/product\/cartucho-desechable-stv-sativanol-amnesia#breadcrumb"},"inLanguage":"pt-PT","potentialAction":[{"@type":"ReadAction","target":["https:\/\/thelyflabs.com\/product\/cartucho-desechable-stv-sativanol-amnesia"]}]},{"@type":"ImageObject","inLanguage":"pt-PT","@id":"https:\/\/thelyflabs.com\/product\/cartucho-desechable-stv-sativanol-amnesia#primaryimage","url":"https:\/\/thelyflabs.com\/wp-content\/uploads\/2025\/05\/Bolsa-Cart-HHC-Amnesia-bolsa-2025-1.webp","contentUrl":"https:\/\/thelyflabs.com\/wp-content\/uploads\/2025\/05\/Bolsa-Cart-HHC-Amnesia-bolsa-2025-1.webp","width":1000,"height":1000},{"@type":"BreadcrumbList","@id":"https:\/\/thelyflabs.com\/product\/cartucho-desechable-stv-sativanol-amnesia#breadcrumb","itemListElement":[{"@type":"ListItem","position":1,"name":"Portada","item":"https:\/\/thelyflabs.com\/"},{"@type":"ListItem","position":2,"name":"Tienda","item":"https:\/\/thelyflabs.com\/tienda"},{"@type":"ListItem","position":3,"name":"Cartucho desechable STV Sativanol &#8211; Amnesia"}]},{"@type":"WebSite","@id":"https:\/\/thelyflabs.com\/#website","url":"https:\/\/thelyflabs.com\/","name":"Os Laborat\u00f3rios LYF","description":"CBD atacado","publisher":{"@id":"https:\/\/thelyflabs.com\/#organization"},"potentialAction":[{"@type":"SearchAction","target":{"@type":"EntryPoint","urlTemplate":"https:\/\/thelyflabs.com\/?s={search_term_string}"},"query-input":{"@type":"PropertyValueSpecification","valueRequired":true,"valueName":"search_term_string"}}],"inLanguage":"pt-PT"},{"@type":"Organization","@id":"https:\/\/thelyflabs.com\/#organization","name":"Os Laborat\u00f3rios LYF","url":"https:\/\/thelyflabs.com\/","logo":{"@type":"ImageObject","inLanguage":"pt-PT","@id":"https:\/\/thelyflabs.com\/#\/schema\/logo\/image\/","url":"https:\/\/thelyflabs.com\/wp-content\/uploads\/2023\/01\/cropped-LogoTheLYFLabs.png","contentUrl":"https:\/\/thelyflabs.com\/wp-content\/uploads\/2023\/01\/cropped-LogoTheLYFLabs.png","width":600,"height":180,"caption":"The LYF Labs"},"image":{"@id":"https:\/\/thelyflabs.com\/#\/schema\/logo\/image\/"}}]}},"_links":{"self":[{"href":"https:\/\/thelyflabs.com\/pt\/wp-json\/wp\/v2\/product\/11938","targetHints":{"allow":["GET"]}}],"collection":[{"href":"https:\/\/thelyflabs.com\/pt\/wp-json\/wp\/v2\/product"}],"about":[{"href":"https:\/\/thelyflabs.com\/pt\/wp-json\/wp\/v2\/types\/product"}],"replies":[{"embeddable":true,"href":"https:\/\/thelyflabs.com\/pt\/wp-json\/wp\/v2\/comments?post=11938"}],"wp:featuredmedia":[{"embeddable":true,"href":"https:\/\/thelyflabs.com\/pt\/wp-json\/wp\/v2\/media\/11932"}],"wp:attachment":[{"href":"https:\/\/thelyflabs.com\/pt\/wp-json\/wp\/v2\/media?parent=11938"}],"wp:term":[{"taxonomy":"product_brand","embeddable":true,"href":"https:\/\/thelyflabs.com\/pt\/wp-json\/wp\/v2\/product_brand?post=11938"},{"taxonomy":"product_cat","embeddable":true,"href":"https:\/\/thelyflabs.com\/pt\/wp-json\/wp\/v2\/product_cat?post=11938"},{"taxonomy":"product_tag","embeddable":true,"href":"https:\/\/thelyflabs.com\/pt\/wp-json\/wp\/v2\/product_tag?post=11938"}],"curies":[{"name":"wp","href":"https:\/\/api.w.org\/{rel}","templated":true}]}}