{"id":11939,"date":"2025-05-13T23:53:07","date_gmt":"2025-05-13T21:53:07","guid":{"rendered":"https:\/\/thelyflabs.com\/?post_type=product&#038;p=11939"},"modified":"2026-04-20T09:31:53","modified_gmt":"2026-04-20T07:31:53","slug":"cartucho-desechable-stv-sativanol-gorilla-glue","status":"publish","type":"product","link":"https:\/\/thelyflabs.com\/pt\/product\/cartucho-desechable-stv-sativanol-gorilla-glue","title":{"rendered":"Cartucho descart\u00e1vel STV Sativanol \u2013 Gorilla Glue"},"content":{"rendered":"<h1 class=\"\" data-start=\"219\" data-end=\"269\">Cartucho descart\u00e1vel STV Sativanol \u2013 Gorilla Glue<\/h1>\n<p class=\"\" data-start=\"271\" data-end=\"413\"><strong data-start=\"271\" data-end=\"413\">Bate forte. Ela adere bem. Descubra o STV sabor Gorilla Glue e combine-o com seu lado mais poderoso. Somente na Iguana Smoke, sua loja chill.<\/strong><\/p>\n<p class=\"\" data-start=\"415\" data-end=\"819\">Ele <strong data-start=\"455\" data-end=\"507\">Cartucho descart\u00e1vel STV Sativanol \u2013 Gorilla Glue<\/strong> chega para revolucionar sua rotina. Este pod pr\u00e9-preenchido combina o poder estimulante do STV com o perfil de sabor ic\u00f4nico de <strong data-start=\"638\" data-end=\"654\">Cola Gorila<\/strong>, uma variedade lend\u00e1ria conhecida por sua intensidade, profundidade terrosa e notas c\u00edtricas pegajosas. Uma mistura que conecta mente e corpo sem desconectar voc\u00ea do mundo.<\/p>\n<h3 class=\"\" data-start=\"821\" data-end=\"840\">O que \u00e9 STV?<\/h3>\n<p class=\"\" data-start=\"842\" data-end=\"1151\"><strong data-start=\"842\" data-end=\"861\">STV (Sativanol)<\/strong> \u00c9 um canabinoide de nova gera\u00e7\u00e3o derivado do c\u00e2nhamo. Fabricado usando t\u00e9cnicas semissint\u00e9ticas de precis\u00e3o, este composto foi desenvolvido para proporcionar uma experi\u00eancia clara, energ\u00e9tica e est\u00e1vel, sem os efeitos colaterais t\u00edpicos do THC ou an\u00e1logos como HHC e THCP.<\/p>\n<p class=\"\" data-start=\"1153\" data-end=\"1285\">Se voc\u00ea est\u00e1 procurando por <strong data-start=\"1171\" data-end=\"1193\">comprar STV online<\/strong>Com efeitos estimulantes, mas sem paranoia ou ressacas mentais, este cartucho \u00e9 para voc\u00ea.<\/p>\n<p class=\"\" data-start=\"1287\" data-end=\"1310\"><strong data-start=\"1287\" data-end=\"1310\">Benef\u00edcios do STV:<\/strong><\/p>\n<ul data-start=\"1311\" data-end=\"1499\">\n<li class=\"\" data-start=\"1311\" data-end=\"1341\">\n<p class=\"\" data-start=\"1313\" data-end=\"1341\">Euforia l\u00facida e motivadora.<\/p>\n<\/li>\n<li class=\"\" data-start=\"1381\" data-end=\"1409\">\n<p class=\"\" data-start=\"1383\" data-end=\"1409\">N\u00e3o houve sonol\u00eancia depois.<\/p>\n<\/li>\n<li class=\"\" data-start=\"1410\" data-end=\"1457\">\n<p class=\"\" data-start=\"1412\" data-end=\"1457\">Toler\u00e2ncia est\u00e1vel mesmo com uso frequente.<\/p>\n<\/li>\n<li class=\"\" data-start=\"1458\" data-end=\"1499\">\n<p class=\"\" data-start=\"1460\" data-end=\"1499\">Livre de THC, THCP e HHC.<\/p>\n<\/li>\n<\/ul>\n<p class=\"\" data-start=\"1501\" data-end=\"1656\">A f\u00f3rmula STV \u00e9 ideal para quem precisa ser ativo, criativo ou simplesmente quer aproveitar um momento de clareza mental sem se desconectar.<\/p>\n<h3 class=\"\" data-start=\"1663\" data-end=\"1701\">Perfil de terpeno da cola Gorilla<\/h3>\n<p class=\"\" data-start=\"1703\" data-end=\"1936\">A tens\u00e3o <strong data-start=\"1711\" data-end=\"1727\">Cola Gorila<\/strong> (tamb\u00e9m conhecido como GG4) \u00e9 famoso por seu efeito \u201ccola\u201d \u2014n\u00e3o literal, claro\u2014 que deixa o corpo e a mente grudados no momento, mas com o STV o efeito \u00e9 funcional e desperto. Seu perfil de terpeno inclui:<\/p>\n<ul data-start=\"1937\" data-end=\"2130\">\n<li class=\"\" data-start=\"1937\" data-end=\"2005\">\n<p class=\"\" data-start=\"1939\" data-end=\"2005\"><strong data-start=\"1939\" data-end=\"1954\">Cariofileno<\/strong>: picante, quente, com propriedades estimulantes.<\/p>\n<\/li>\n<li class=\"\" data-start=\"2006\" data-end=\"2065\">\n<p class=\"\" data-start=\"2008\" data-end=\"2065\"><strong data-start=\"2008\" data-end=\"2020\">Limoneno<\/strong>: um aroma c\u00edtrico que melhora seu humor.<\/p>\n<\/li>\n<li class=\"\" data-start=\"2066\" data-end=\"2130\">\n<p class=\"\" data-start=\"2068\" data-end=\"2130\"><strong data-start=\"2068\" data-end=\"2080\">Humuleno<\/strong>: toque terroso e herbal, com efeito equilibrador.<\/p>\n<\/li>\n<\/ul>\n<p class=\"\" data-start=\"2132\" data-end=\"2336\">O resultado \u00e9 um vape robusto com um <strong data-start=\"2183\" data-end=\"2232\">aroma que combina terra \u00famida, pinho e lim\u00e3o<\/strong>. Se voc\u00ea gosta da intensidade arom\u00e1tica e do sabor aut\u00eantico da flor, voc\u00ea vai adorar este cartucho.<\/p>\n<hr class=\"\" data-start=\"2338\" data-end=\"2341\" \/>\n<h3 class=\"\" data-start=\"2343\" data-end=\"2378\">O que \u00e9 um cartucho descart\u00e1vel?<\/h3>\n<p class=\"\" data-start=\"2380\" data-end=\"2632\">UM <strong data-start=\"2383\" data-end=\"2406\">cartucho descart\u00e1vel<\/strong> (tamb\u00e9m conhecido como <em data-start=\"2430\" data-end=\"2446\">carrinho ou c\u00e1psula<\/em>) \u00e9 um recipiente pr\u00e9-preenchido com l\u00edquido para vaporiza\u00e7\u00e3o. Conecta-se a uma bateria aparafusada <strong data-start=\"2533\" data-end=\"2540\">510<\/strong> \u2014o padr\u00e3o da ind\u00fastria\u2014e \u00e9 descartado quando terminado. F\u00e1cil, limpo e sem necessidade de manuten\u00e7\u00e3o.<\/p>\n<p class=\"\" data-start=\"2634\" data-end=\"2698\">Ele <strong data-start=\"2637\" data-end=\"2678\">Cartucho STV Sativanol \u2013 Gorilla Glue<\/strong> est\u00e1 dispon\u00edvel em:<\/p>\n<ul data-start=\"2699\" data-end=\"2762\">\n<li class=\"\" data-start=\"2699\" data-end=\"2730\">\n<p class=\"\" data-start=\"2701\" data-end=\"2730\"><strong data-start=\"2701\" data-end=\"2709\">1 ml<\/strong> \u2013 At\u00e9 300 tragadas.<\/p>\n<\/li>\n<li class=\"\" data-start=\"2731\" data-end=\"2762\">\n<p class=\"\" data-start=\"2733\" data-end=\"2762\"><strong data-start=\"2733\" data-end=\"2741\">2 ml<\/strong> \u2013 At\u00e9 600 tragadas.<\/p>\n<\/li>\n<\/ul>\n<p class=\"\" data-start=\"2764\" data-end=\"2916\">Desfrute de um e-l\u00edquido premium, livre de impurezas, com um perfil de sabor complexo e poderoso que proporciona uma experi\u00eancia intensa sem comprometer a clareza.<\/p>\n<h3 class=\"\" data-start=\"2970\" data-end=\"3019\">Por que escolher STV Sativanol \u2013 Gorilla Glue?<\/h3>\n<p class=\"\" data-start=\"3021\" data-end=\"3224\"><strong data-start=\"3021\" data-end=\"3042\">Comprar vaper STV<\/strong> \u00c9 para aqueles que buscam o melhor da vaporiza\u00e7\u00e3o alternativa. N\u00e3o h\u00e1 THC nem derivados cl\u00e1ssicos, mas os efeitos s\u00e3o compar\u00e1veis aos dos grandes \u2014 com mais controle, mais foco e menos quedas.<\/p>\n<p class=\"\" data-start=\"3226\" data-end=\"3265\"><strong data-start=\"3226\" data-end=\"3265\">O que torna este cartucho especial:<\/strong><\/p>\n<ul data-start=\"3266\" data-end=\"3495\">\n<li class=\"\" data-start=\"3266\" data-end=\"3309\">\n<p class=\"\" data-start=\"3268\" data-end=\"3309\">Cont\u00e9m STV Sativanol 100% sem THC.<\/p>\n<\/li>\n<li class=\"\" data-start=\"3310\" data-end=\"3349\">\n<p class=\"\" data-start=\"3312\" data-end=\"3349\">Perfil de sabor da cola Gorilla Glue Premium.<\/p>\n<\/li>\n<li class=\"\" data-start=\"3350\" data-end=\"3384\">\n<p class=\"\" data-start=\"3352\" data-end=\"3384\">Compat\u00edvel com dispositivos 510.<\/p>\n<\/li>\n<li class=\"\" data-start=\"3385\" data-end=\"3420\">\n<p class=\"\" data-start=\"3387\" data-end=\"3420\">N\u00e3o gera toler\u00e2ncia cumulativa.<\/p>\n<\/li>\n<li class=\"\" data-start=\"3421\" data-end=\"3453\">\n<p class=\"\" data-start=\"3423\" data-end=\"3453\">Feito com c\u00e2nhamo org\u00e2nico.<\/p>\n<\/li>\n<\/ul>\n<p class=\"\" data-start=\"3497\" data-end=\"3649\">Seja voc\u00ea um novato em canabinoides ou um veterano experiente, este cartucho tem tudo: sabor poderoso, efeito funcional e design compacto.<\/p>\n<h3 class=\"\" data-start=\"3656\" data-end=\"3686\">Onde comprar STV online?<\/h3>\n<p class=\"\" data-start=\"3688\" data-end=\"3786\">Bem aqui em <strong data-start=\"3703\" data-end=\"3719\">Fuma\u00e7a De Iguana<\/strong>, sua loja de confian\u00e7a. Pode <strong data-start=\"3752\" data-end=\"3774\">comprar STV online<\/strong>, e tamb\u00e9m:<\/p>\n<ul data-start=\"3787\" data-end=\"4076\">\n<li class=\"\" data-start=\"3787\" data-end=\"3837\">\n<p class=\"\" data-start=\"3789\" data-end=\"3837\"><strong data-start=\"3789\" data-end=\"3836\">Compre cartucho STV com sabor Gorilla Glue<\/strong>.<\/p>\n<\/li>\n<li class=\"\" data-start=\"3838\" data-end=\"3906\">\n<p class=\"\" data-start=\"3840\" data-end=\"3906\"><strong data-start=\"3840\" data-end=\"3871\">Compre c\u00e1psulas sem THC, mas com efeito semelhante<\/strong> (sim, \u00e9 loucura, mas \u00e9 real).<\/p>\n<\/li>\n<\/ul>\n<p class=\"\" data-start=\"4078\" data-end=\"4201\">Envio r\u00e1pido, servi\u00e7o amig\u00e1vel e uma loja que est\u00e1 sempre \u00e0 frente do mercado. Porque se voc\u00ea vai vaporizar, que seja com estilo e com as \u00faltimas tend\u00eancias.<\/p>\n<h3 class=\"\" data-start=\"4208\" data-end=\"4280\">STV Sativanol \u2013 Gorilla Glue: Quando voc\u00ea quer mais do que apenas um vape<\/h3>\n<p class=\"\" data-start=\"4282\" data-end=\"4495\">Voc\u00ea n\u00e3o precisa mais procurar f\u00f3rmulas duvidosas para obter um bom efeito. Com este cartucho, o STV lhe d\u00e1 a energia e o foco que voc\u00ea precisa, enquanto o sabor Gorilla Glue conecta voc\u00ea ao c\u00e2nhamo mais puro.<\/p>\n<p class=\"\" data-start=\"4497\" data-end=\"4591\">Leve-o no bolso, use-o sempre que precisar e aproveite um momento que vale tr\u00eas.<\/p>\n<hr class=\"\" data-start=\"4593\" data-end=\"4596\" \/>\n<p class=\"\" data-start=\"4598\" data-end=\"4680\"><strong data-start=\"4598\" data-end=\"4680\">Este produto \u00e9 um item de colecionador. N\u00e3o \u00e9 adequado para combust\u00e3o ou consumo direto.<\/strong><\/p>\n<p class=\"\" data-start=\"4682\" data-end=\"4819\"><strong data-start=\"4682\" data-end=\"4819\">N\u00e3o cont\u00e9m canabinoides inclu\u00eddos no Anexo I do Real Decreto 2829\/1977 nem subst\u00e2ncias controladas por conven\u00e7\u00f5es internacionais.<\/strong><\/p>","protected":false},"excerpt":{"rendered":"<h4>Cartucho descart\u00e1vel STV Sativanol \u2013 Gorilla Glue<\/h4>\n<h4><strong>Caracteristicas<\/strong><\/h4>\n<ul>\n<li>Conex\u00e3o: tipo 510<\/li>\n<li>Habilidade: <span style=\"font-size: 16px\">1 ml \/ 2 ml<\/span><\/li>\n<li>Sopros: <span style=\"font-size: 16px\">300 \/ 600<\/span><\/li>\n<li>Terpenos naturais de alta qualidade<\/li>\n<li>STV (Sativanol)<\/li>\n<li>CDB: 40%<\/li>\n<li>CBG: 30%<\/li>\n<li>THC: 0%<\/li>\n<li>HHC: 0%<\/li>\n<li>THC-P: 0%Nicotina: 0%<\/li>\n<li>N\u00e3o cont\u00e9m VG, PG, PEG, MCT ou qualquer outro agente de corte. Todos os nossos produtos s\u00e3o derivados de c\u00e2nhamo industrial certificado. Eles cont\u00eam menos de 0,3% de THC e n\u00e3o cont\u00eam nenhum canabinoide ilegal, como HHC, HHC-P, THCP, THCP-O, H4CBD ou qualquer um de seus derivados. voc\u00ea pode consultar <a href=\"https:\/\/iguanasmoke.com\/analiticas\/\" target=\"_blank\" rel=\"noopener\">Certificado de An\u00e1lise aqui<\/a><\/li>\n<\/ul>","protected":false},"featured_media":11933,"comment_status":"open","ping_status":"closed","template":"","meta":{"_acf_changed":false,"site-sidebar-layout":"default","site-content-layout":"","ast-site-content-layout":"default","site-content-style":"default","site-sidebar-style":"default","ast-global-header-display":"","ast-banner-title-visibility":"","ast-main-header-display":"","ast-hfb-above-header-display":"","ast-hfb-below-header-display":"","ast-hfb-mobile-header-display":"","site-post-title":"","ast-breadcrumbs-content":"","ast-featured-img":"","footer-sml-layout":"","theme-transparent-header-meta":"default","adv-header-id-meta":"","stick-header-meta":"","header-above-stick-meta":"","header-main-stick-meta":"","header-below-stick-meta":"","astra-migrate-meta-layouts":"set","ast-page-background-enabled":"default","ast-page-background-meta":{"desktop":{"background-color":"var(--ast-global-color-4)","background-image":"","background-repeat":"repeat","background-position":"center center","background-size":"auto","background-attachment":"scroll","background-type":"","background-media":"","overlay-type":"","overlay-color":"","overlay-opacity":"","overlay-gradient":""},"tablet":{"background-color":"","background-image":"","background-repeat":"repeat","background-position":"center center","background-size":"auto","background-attachment":"scroll","background-type":"","background-media":"","overlay-type":"","overlay-color":"","overlay-opacity":"","overlay-gradient":""},"mobile":{"background-color":"","background-image":"","background-repeat":"repeat","background-position":"center center","background-size":"auto","background-attachment":"scroll","background-type":"","background-media":"","overlay-type":"","overlay-color":"","overlay-opacity":"","overlay-gradient":""}},"ast-content-background-meta":{"desktop":{"background-color":"var(--ast-global-color-5)","background-image":"","background-repeat":"repeat","background-position":"center center","background-size":"auto","background-attachment":"scroll","background-type":"","background-media":"","overlay-type":"","overlay-color":"","overlay-opacity":"","overlay-gradient":""},"tablet":{"background-color":"var(--ast-global-color-5)","background-image":"","background-repeat":"repeat","background-position":"center center","background-size":"auto","background-attachment":"scroll","background-type":"","background-media":"","overlay-type":"","overlay-color":"","overlay-opacity":"","overlay-gradient":""},"mobile":{"background-color":"var(--ast-global-color-5)","background-image":"","background-repeat":"repeat","background-position":"center center","background-size":"auto","background-attachment":"scroll","background-type":"","background-media":"","overlay-type":"","overlay-color":"","overlay-opacity":"","overlay-gradient":""}}},"product_brand":[],"product_cat":[91,146,143,138],"product_tag":[],"class_list":{"0":"post-11939","1":"product","2":"type-product","3":"status-publish","4":"has-post-thumbnail","6":"product_cat-cartuchos","7":"product_cat-nuevas-moleculas","8":"product_cat-stv","9":"product_cat-stv-sativanol","10":"desktop-align-center","11":"tablet-align-left","12":"mobile-align-left","14":"first","15":"instock","16":"taxable","17":"shipping-taxable","18":"purchasable","19":"product-type-variable"},"acf":[],"yoast_head":"<!-- This site is optimized with the Yoast SEO plugin v27.4 - https:\/\/yoast.com\/product\/yoast-seo-wordpress\/ -->\n<title>Cartucho desechable STV Sativanol - Gorilla Glue - THE LYF LABS<\/title>\n<meta name=\"description\" content=\"Cartucho STV Sativanol Gorilla Glue para distribuidores. Sabor terroso y relajante, sin THC. Venta mayorista en formatos de 1 ml y 2 ml.\" \/>\n<meta name=\"robots\" content=\"index, follow, max-snippet:-1, max-image-preview:large, max-video-preview:-1\" \/>\n<link rel=\"canonical\" href=\"https:\/\/thelyflabs.com\/pt\/product\/cartucho-desechable-stv-sativanol-gorilla-glue\/\" \/>\n<meta property=\"og:locale\" content=\"pt_PT\" \/>\n<meta property=\"og:type\" content=\"article\" \/>\n<meta property=\"og:title\" content=\"Cartucho desechable STV Sativanol - Gorilla Glue - THE LYF LABS\" \/>\n<meta property=\"og:description\" content=\"Cartucho STV Sativanol Gorilla Glue para distribuidores. Sabor terroso y relajante, sin THC. Venta mayorista en formatos de 1 ml y 2 ml.\" \/>\n<meta property=\"og:url\" content=\"https:\/\/thelyflabs.com\/pt\/product\/cartucho-desechable-stv-sativanol-gorilla-glue\/\" \/>\n<meta property=\"og:site_name\" content=\"THE LYF LABS\" \/>\n<meta property=\"article:modified_time\" content=\"2026-04-20T07:31:53+00:00\" \/>\n<meta property=\"og:image\" content=\"https:\/\/thelyflabs.com\/wp-content\/uploads\/2025\/05\/Bolsa-Cart-HHC-Gorilla-Glue-bolsa-2025.webp\" \/>\n\t<meta property=\"og:image:width\" content=\"1000\" \/>\n\t<meta property=\"og:image:height\" content=\"1000\" \/>\n\t<meta property=\"og:image:type\" content=\"image\/webp\" \/>\n<meta name=\"twitter:card\" content=\"summary_large_image\" \/>\n<meta name=\"twitter:label1\" content=\"Tempo estimado de leitura\" \/>\n\t<meta name=\"twitter:data1\" content=\"4 minutos\" \/>\n<script type=\"application\/ld+json\" class=\"yoast-schema-graph\">{\"@context\":\"https:\\\/\\\/schema.org\",\"@graph\":[{\"@type\":\"WebPage\",\"@id\":\"https:\\\/\\\/thelyflabs.com\\\/product\\\/cartucho-desechable-stv-sativanol-gorilla-glue\",\"url\":\"https:\\\/\\\/thelyflabs.com\\\/product\\\/cartucho-desechable-stv-sativanol-gorilla-glue\",\"name\":\"Cartucho desechable STV Sativanol - Gorilla Glue - THE LYF LABS\",\"isPartOf\":{\"@id\":\"https:\\\/\\\/thelyflabs.com\\\/#website\"},\"primaryImageOfPage\":{\"@id\":\"https:\\\/\\\/thelyflabs.com\\\/product\\\/cartucho-desechable-stv-sativanol-gorilla-glue#primaryimage\"},\"image\":{\"@id\":\"https:\\\/\\\/thelyflabs.com\\\/product\\\/cartucho-desechable-stv-sativanol-gorilla-glue#primaryimage\"},\"thumbnailUrl\":\"https:\\\/\\\/thelyflabs.com\\\/wp-content\\\/uploads\\\/2025\\\/05\\\/Bolsa-Cart-HHC-Gorilla-Glue-bolsa-2025.webp\",\"datePublished\":\"2025-05-13T21:53:07+00:00\",\"dateModified\":\"2026-04-20T07:31:53+00:00\",\"description\":\"Cartucho STV Sativanol Gorilla Glue para distribuidores. Sabor terroso y relajante, sin THC. Venta mayorista en formatos de 1 ml y 2 ml.\",\"breadcrumb\":{\"@id\":\"https:\\\/\\\/thelyflabs.com\\\/product\\\/cartucho-desechable-stv-sativanol-gorilla-glue#breadcrumb\"},\"inLanguage\":\"pt-PT\",\"potentialAction\":[{\"@type\":\"ReadAction\",\"target\":[\"https:\\\/\\\/thelyflabs.com\\\/product\\\/cartucho-desechable-stv-sativanol-gorilla-glue\"]}]},{\"@type\":\"ImageObject\",\"inLanguage\":\"pt-PT\",\"@id\":\"https:\\\/\\\/thelyflabs.com\\\/product\\\/cartucho-desechable-stv-sativanol-gorilla-glue#primaryimage\",\"url\":\"https:\\\/\\\/thelyflabs.com\\\/wp-content\\\/uploads\\\/2025\\\/05\\\/Bolsa-Cart-HHC-Gorilla-Glue-bolsa-2025.webp\",\"contentUrl\":\"https:\\\/\\\/thelyflabs.com\\\/wp-content\\\/uploads\\\/2025\\\/05\\\/Bolsa-Cart-HHC-Gorilla-Glue-bolsa-2025.webp\",\"width\":1000,\"height\":1000},{\"@type\":\"BreadcrumbList\",\"@id\":\"https:\\\/\\\/thelyflabs.com\\\/product\\\/cartucho-desechable-stv-sativanol-gorilla-glue#breadcrumb\",\"itemListElement\":[{\"@type\":\"ListItem\",\"position\":1,\"name\":\"Portada\",\"item\":\"https:\\\/\\\/thelyflabs.com\\\/\"},{\"@type\":\"ListItem\",\"position\":2,\"name\":\"Tienda\",\"item\":\"https:\\\/\\\/thelyflabs.com\\\/tienda\"},{\"@type\":\"ListItem\",\"position\":3,\"name\":\"Cartucho desechable STV Sativanol &#8211; Gorilla Glue\"}]},{\"@type\":\"WebSite\",\"@id\":\"https:\\\/\\\/thelyflabs.com\\\/#website\",\"url\":\"https:\\\/\\\/thelyflabs.com\\\/\",\"name\":\"The LYF Labs\",\"description\":\"CBD al por mayor\",\"publisher\":{\"@id\":\"https:\\\/\\\/thelyflabs.com\\\/#organization\"},\"potentialAction\":[{\"@type\":\"SearchAction\",\"target\":{\"@type\":\"EntryPoint\",\"urlTemplate\":\"https:\\\/\\\/thelyflabs.com\\\/?s={search_term_string}\"},\"query-input\":{\"@type\":\"PropertyValueSpecification\",\"valueRequired\":true,\"valueName\":\"search_term_string\"}}],\"inLanguage\":\"pt-PT\"},{\"@type\":\"Organization\",\"@id\":\"https:\\\/\\\/thelyflabs.com\\\/#organization\",\"name\":\"The LYF Labs\",\"url\":\"https:\\\/\\\/thelyflabs.com\\\/\",\"logo\":{\"@type\":\"ImageObject\",\"inLanguage\":\"pt-PT\",\"@id\":\"https:\\\/\\\/thelyflabs.com\\\/#\\\/schema\\\/logo\\\/image\\\/\",\"url\":\"https:\\\/\\\/thelyflabs.com\\\/wp-content\\\/uploads\\\/2023\\\/01\\\/cropped-LogoTheLYFLabs.png\",\"contentUrl\":\"https:\\\/\\\/thelyflabs.com\\\/wp-content\\\/uploads\\\/2023\\\/01\\\/cropped-LogoTheLYFLabs.png\",\"width\":600,\"height\":180,\"caption\":\"The LYF Labs\"},\"image\":{\"@id\":\"https:\\\/\\\/thelyflabs.com\\\/#\\\/schema\\\/logo\\\/image\\\/\"}}]}<\/script>\n<!-- \/ Yoast SEO plugin. -->","yoast_head_json":{"title":"Cartucho desechable STV Sativanol - Gorilla Glue - THE LYF LABS","description":"Cartucho STV Sativanol Gorilla Glue para distribuidores. Sabor terroso y relajante, sin THC. Venta mayorista en formatos de 1 ml y 2 ml.","robots":{"index":"index","follow":"follow","max-snippet":"max-snippet:-1","max-image-preview":"max-image-preview:large","max-video-preview":"max-video-preview:-1"},"canonical":"https:\/\/thelyflabs.com\/pt\/product\/cartucho-desechable-stv-sativanol-gorilla-glue\/","og_locale":"pt_PT","og_type":"article","og_title":"Cartucho desechable STV Sativanol - Gorilla Glue - THE LYF LABS","og_description":"Cartucho STV Sativanol Gorilla Glue para distribuidores. Sabor terroso y relajante, sin THC. Venta mayorista en formatos de 1 ml y 2 ml.","og_url":"https:\/\/thelyflabs.com\/pt\/product\/cartucho-desechable-stv-sativanol-gorilla-glue\/","og_site_name":"THE LYF LABS","article_modified_time":"2026-04-20T07:31:53+00:00","og_image":[{"width":1000,"height":1000,"url":"https:\/\/thelyflabs.com\/wp-content\/uploads\/2025\/05\/Bolsa-Cart-HHC-Gorilla-Glue-bolsa-2025.webp","type":"image\/webp"}],"twitter_card":"summary_large_image","twitter_misc":{"Tempo estimado de leitura":"4 minutos"},"schema":{"@context":"https:\/\/schema.org","@graph":[{"@type":"WebPage","@id":"https:\/\/thelyflabs.com\/product\/cartucho-desechable-stv-sativanol-gorilla-glue","url":"https:\/\/thelyflabs.com\/product\/cartucho-desechable-stv-sativanol-gorilla-glue","name":"Cartucho desechable STV Sativanol - Gorilla Glue - THE LYF LABS","isPartOf":{"@id":"https:\/\/thelyflabs.com\/#website"},"primaryImageOfPage":{"@id":"https:\/\/thelyflabs.com\/product\/cartucho-desechable-stv-sativanol-gorilla-glue#primaryimage"},"image":{"@id":"https:\/\/thelyflabs.com\/product\/cartucho-desechable-stv-sativanol-gorilla-glue#primaryimage"},"thumbnailUrl":"https:\/\/thelyflabs.com\/wp-content\/uploads\/2025\/05\/Bolsa-Cart-HHC-Gorilla-Glue-bolsa-2025.webp","datePublished":"2025-05-13T21:53:07+00:00","dateModified":"2026-04-20T07:31:53+00:00","description":"Cartucho STV Sativanol Gorilla Glue para distribuidores. Sabor terroso y relajante, sin THC. Venta mayorista en formatos de 1 ml y 2 ml.","breadcrumb":{"@id":"https:\/\/thelyflabs.com\/product\/cartucho-desechable-stv-sativanol-gorilla-glue#breadcrumb"},"inLanguage":"pt-PT","potentialAction":[{"@type":"ReadAction","target":["https:\/\/thelyflabs.com\/product\/cartucho-desechable-stv-sativanol-gorilla-glue"]}]},{"@type":"ImageObject","inLanguage":"pt-PT","@id":"https:\/\/thelyflabs.com\/product\/cartucho-desechable-stv-sativanol-gorilla-glue#primaryimage","url":"https:\/\/thelyflabs.com\/wp-content\/uploads\/2025\/05\/Bolsa-Cart-HHC-Gorilla-Glue-bolsa-2025.webp","contentUrl":"https:\/\/thelyflabs.com\/wp-content\/uploads\/2025\/05\/Bolsa-Cart-HHC-Gorilla-Glue-bolsa-2025.webp","width":1000,"height":1000},{"@type":"BreadcrumbList","@id":"https:\/\/thelyflabs.com\/product\/cartucho-desechable-stv-sativanol-gorilla-glue#breadcrumb","itemListElement":[{"@type":"ListItem","position":1,"name":"Portada","item":"https:\/\/thelyflabs.com\/"},{"@type":"ListItem","position":2,"name":"Tienda","item":"https:\/\/thelyflabs.com\/tienda"},{"@type":"ListItem","position":3,"name":"Cartucho desechable STV Sativanol &#8211; Gorilla Glue"}]},{"@type":"WebSite","@id":"https:\/\/thelyflabs.com\/#website","url":"https:\/\/thelyflabs.com\/","name":"Os Laborat\u00f3rios LYF","description":"CBD atacado","publisher":{"@id":"https:\/\/thelyflabs.com\/#organization"},"potentialAction":[{"@type":"SearchAction","target":{"@type":"EntryPoint","urlTemplate":"https:\/\/thelyflabs.com\/?s={search_term_string}"},"query-input":{"@type":"PropertyValueSpecification","valueRequired":true,"valueName":"search_term_string"}}],"inLanguage":"pt-PT"},{"@type":"Organization","@id":"https:\/\/thelyflabs.com\/#organization","name":"Os Laborat\u00f3rios LYF","url":"https:\/\/thelyflabs.com\/","logo":{"@type":"ImageObject","inLanguage":"pt-PT","@id":"https:\/\/thelyflabs.com\/#\/schema\/logo\/image\/","url":"https:\/\/thelyflabs.com\/wp-content\/uploads\/2023\/01\/cropped-LogoTheLYFLabs.png","contentUrl":"https:\/\/thelyflabs.com\/wp-content\/uploads\/2023\/01\/cropped-LogoTheLYFLabs.png","width":600,"height":180,"caption":"The LYF Labs"},"image":{"@id":"https:\/\/thelyflabs.com\/#\/schema\/logo\/image\/"}}]}},"_links":{"self":[{"href":"https:\/\/thelyflabs.com\/pt\/wp-json\/wp\/v2\/product\/11939","targetHints":{"allow":["GET"]}}],"collection":[{"href":"https:\/\/thelyflabs.com\/pt\/wp-json\/wp\/v2\/product"}],"about":[{"href":"https:\/\/thelyflabs.com\/pt\/wp-json\/wp\/v2\/types\/product"}],"replies":[{"embeddable":true,"href":"https:\/\/thelyflabs.com\/pt\/wp-json\/wp\/v2\/comments?post=11939"}],"wp:featuredmedia":[{"embeddable":true,"href":"https:\/\/thelyflabs.com\/pt\/wp-json\/wp\/v2\/media\/11933"}],"wp:attachment":[{"href":"https:\/\/thelyflabs.com\/pt\/wp-json\/wp\/v2\/media?parent=11939"}],"wp:term":[{"taxonomy":"product_brand","embeddable":true,"href":"https:\/\/thelyflabs.com\/pt\/wp-json\/wp\/v2\/product_brand?post=11939"},{"taxonomy":"product_cat","embeddable":true,"href":"https:\/\/thelyflabs.com\/pt\/wp-json\/wp\/v2\/product_cat?post=11939"},{"taxonomy":"product_tag","embeddable":true,"href":"https:\/\/thelyflabs.com\/pt\/wp-json\/wp\/v2\/product_tag?post=11939"}],"curies":[{"name":"wp","href":"https:\/\/api.w.org\/{rel}","templated":true}]}}