{"id":11940,"date":"2025-05-13T23:53:08","date_gmt":"2025-05-13T21:53:08","guid":{"rendered":"https:\/\/thelyflabs.com\/?post_type=product&#038;p=11940"},"modified":"2026-04-08T11:54:52","modified_gmt":"2026-04-08T09:54:52","slug":"cartucho-desechable-stv-sativanol-gelato","status":"publish","type":"product","link":"https:\/\/thelyflabs.com\/pt\/product\/cartucho-desechable-stv-sativanol-gelato","title":{"rendered":"Cartucho descart\u00e1vel STV Sativanol \u2013 Gelato"},"content":{"rendered":"<h1>Cartucho descart\u00e1vel STV Sativanol \u2013 Gelato<\/h1>\n<p class=\"\" data-start=\"232\" data-end=\"355\"><strong data-start=\"232\" data-end=\"355\">Descubra o poder do Sativanol com nosso cartucho STV sabor Gelato exclusivo. Somente na Iguana Smoke, sua loja chill.<\/strong><\/p>\n<p class=\"\" data-start=\"357\" data-end=\"730\">Procurando uma experi\u00eancia de vaporiza\u00e7\u00e3o diferente, estimulante e sem THC? Com o <strong data-start=\"431\" data-end=\"477\">Cartucho descart\u00e1vel STV Sativanol \u2013 Gelato<\/strong>, voc\u00ea vai surtar. Esta c\u00e1psula de vaporiza\u00e7\u00e3o cont\u00e9m uma f\u00f3rmula inovadora com <strong data-start=\"551\" data-end=\"570\">STV \u2013 Sativanol<\/strong>, um canabinoide revolucion\u00e1rio ideal para quem busca clareza mental, euforia criativa e zero depress\u00e3o.<\/p>\n<h3 class=\"\" data-start=\"732\" data-end=\"751\">O que \u00e9 STV?<\/h3>\n<p class=\"\" data-start=\"753\" data-end=\"1076\"><strong data-start=\"753\" data-end=\"772\">STV (Sativanol)<\/strong> \u00e9 o futuro dos canabinoides. Desenvolvido a partir do c\u00e2nhamo industrial e aprimorado usando t\u00e9cnicas semissint\u00e9ticas avan\u00e7adas, este composto foi projetado para maximizar seus benef\u00edcios estimulantes sem os efeitos negativos associados aos canabinoides mais comuns, como THC, THCP ou HHC.<\/p>\n<p class=\"\" data-start=\"1078\" data-end=\"1251\">N\u00e3o \u00e9 THC, mas seu efeito \u00e9 t\u00e3o potente \u2014 e muito mais funcional. <strong data-start=\"1151\" data-end=\"1173\">Compre STV online<\/strong> \u00c9 a op\u00e7\u00e3o ideal se voc\u00ea deseja uma experi\u00eancia limpa, focada e energizante.<\/p>\n<p class=\"\" data-start=\"1253\" data-end=\"1273\"><strong data-start=\"1253\" data-end=\"1273\">Efeitos do STV:<\/strong><\/p>\n<ul data-start=\"1274\" data-end=\"1477\">\n<li class=\"\" data-start=\"1274\" data-end=\"1304\">\n<p class=\"\" data-start=\"1276\" data-end=\"1304\">Clareza mental do tipo sativa.<\/p>\n<\/li>\n<li class=\"\" data-start=\"1305\" data-end=\"1334\">\n<p class=\"\" data-start=\"1307\" data-end=\"1334\">Euforia leve, mas intensa.<\/p>\n<\/li>\n<li class=\"\" data-start=\"1335\" data-end=\"1368\">\n<p class=\"\" data-start=\"1337\" data-end=\"1368\">Sensa\u00e7\u00e3o de maior bem-estar.<\/p>\n<\/li>\n<li class=\"\" data-start=\"1369\" data-end=\"1405\">\n<p class=\"\" data-start=\"1371\" data-end=\"1405\">Sem sonol\u00eancia no dia seguinte.<\/p>\n<\/li>\n<li class=\"\" data-start=\"1406\" data-end=\"1477\">\n<p class=\"\" data-start=\"1408\" data-end=\"1477\">Os efeitos s\u00e3o mantidos com o uso prolongado.<\/p>\n<\/li>\n<\/ul>\n<p class=\"\" data-start=\"1479\" data-end=\"1732\">Este canabinoide n\u00e3o cont\u00e9m THC ou suas variantes, ent\u00e3o voc\u00ea pode apreci\u00e1-lo com total tranquilidade.<\/p>\n<h3 class=\"\" data-start=\"1739\" data-end=\"1774\">O que \u00e9 um cartucho descart\u00e1vel?<\/h3>\n<p class=\"\" data-start=\"1776\" data-end=\"2086\">UM <strong data-start=\"1779\" data-end=\"1812\">cartucho ou c\u00e1psula descart\u00e1vel<\/strong> \u00c9 uma maneira pr\u00e1tica e moderna de aproveitar seus l\u00edquidos de vaporiza\u00e7\u00e3o favoritos. Projetados para uso com baterias do tipo 510, esses cartuchos s\u00e3o f\u00e1ceis de instalar e simplesmente descartados quando vazios. Sem enchimento e sem complica\u00e7\u00f5es!<\/p>\n<p class=\"\" data-start=\"2088\" data-end=\"2444\">Ele <strong data-start=\"2091\" data-end=\"2137\">Cartucho descart\u00e1vel STV Sativanol \u2013 Gelato<\/strong> \u00c9 carregado com 1 ou 2 ml de l\u00edquido premium, livre de impurezas e com todo o sabor doce e cremoso da variedade <strong data-start=\"2236\" data-end=\"2246\">Sorvete<\/strong>, uma das preferidas do mundo da cannabis. A cada tragada, voc\u00ea desfrutar\u00e1 de um delicioso perfil de sabor enquanto sente seu corpo e mente se alinhando em um estado de energia positiva e foco.<\/p>\n<p class=\"\" data-start=\"2446\" data-end=\"2472\">Dispon\u00edvel em dois tamanhos:<\/p>\n<ul data-start=\"2473\" data-end=\"2536\">\n<li class=\"\" data-start=\"2473\" data-end=\"2504\">\n<p class=\"\" data-start=\"2475\" data-end=\"2504\"><strong data-start=\"2475\" data-end=\"2483\">1 ml<\/strong> \u2013 At\u00e9 300 tragadas.<\/p>\n<\/li>\n<li class=\"\" data-start=\"2505\" data-end=\"2536\">\n<p class=\"\" data-start=\"2507\" data-end=\"2536\"><strong data-start=\"2507\" data-end=\"2515\">2 ml<\/strong> \u2013 At\u00e9 600 tragadas.<\/p>\n<\/li>\n<\/ul>\n<p class=\"\" data-start=\"2538\" data-end=\"2598\"><strong data-start=\"2538\" data-end=\"2565\">F\u00e1cil, confort\u00e1vel e limpo.<\/strong> Basta conectar, inspirar e aproveitar.<\/p>\n<h3 class=\"\" data-start=\"2605\" data-end=\"2651\">Por que escolher STV Sativanol \u2013 Gelato?<\/h3>\n<p class=\"\" data-start=\"2653\" data-end=\"3002\"><strong data-start=\"2653\" data-end=\"2674\">Compre Vaper STV<\/strong> \u00e9 escolher qualidade e inova\u00e7\u00e3o. Na Iguana Smoke, trabalhamos apenas com produtos testados e fabricados com extratos de c\u00e2nhamo org\u00e2nico certificado.<\/p>\n<p class=\"\" data-start=\"3004\" data-end=\"3023\"><strong data-start=\"3004\" data-end=\"3023\">Principais benef\u00edcios:<\/strong><\/p>\n<ul data-start=\"3024\" data-end=\"3201\">\n<li class=\"\" data-start=\"3024\" data-end=\"3047\">\n<p class=\"\" data-start=\"3026\" data-end=\"3047\">Sem THC, THCP ou HHC.<\/p>\n<\/li>\n<li class=\"\" data-start=\"3048\" data-end=\"3069\">\n<p class=\"\" data-start=\"3050\" data-end=\"3069\">N\u00e3o cria toler\u00e2ncia.<\/p>\n<\/li>\n<li class=\"\" data-start=\"3070\" data-end=\"3096\">\n<p class=\"\" data-start=\"3072\" data-end=\"3096\">Estimulante e funcional.<\/p>\n<\/li>\n<li class=\"\" data-start=\"3097\" data-end=\"3120\">\n<p class=\"\" data-start=\"3099\" data-end=\"3120\">Sabor de Gelato Premium.<\/p>\n<\/li>\n<li class=\"\" data-start=\"3121\" data-end=\"3173\">\n<p class=\"\" data-start=\"3123\" data-end=\"3173\">Compat\u00edvel com a maioria das baterias do mercado.<\/p>\n<\/li>\n<li class=\"\" data-start=\"3174\" data-end=\"3201\">\n<p class=\"\" data-start=\"3176\" data-end=\"3201\">Perfeito para uso di\u00e1rio.<\/p>\n<\/li>\n<\/ul>\n<h3 class=\"\" data-start=\"4317\" data-end=\"4370\">STV Sativanol \u2013 Gelato: O que sua rotina precisa<\/h3>\n<p class=\"\" data-start=\"4372\" data-end=\"4666\">Esque\u00e7a produtos que prometem muito e n\u00e3o entregam nada. O cartucho STV Gelato \u00e9 <strong data-start=\"4454\" data-end=\"4517\">o equil\u00edbrio perfeito entre sabor, efeitos e funcionalidade<\/strong>. Gra\u00e7as ao seu design compacto e conte\u00fado poderoso, voc\u00ea pode aproveit\u00e1-lo em qualquer lugar: em casa, no trabalho, em qualquer lugar... onde voc\u00ea quiser!<\/p>\n<p class=\"\" data-start=\"4668\" data-end=\"4856\">Sabe, se voc\u00ea est\u00e1 procurando por <strong data-start=\"4696\" data-end=\"4711\">comprar STV<\/strong>, n\u00e3o procure mais. Iguana Smoke \u00e9 a sua loja chill e aqui temos tudo pronto para voc\u00ea viver a experi\u00eancia de <strong data-start=\"4827\" data-end=\"4840\">Sativanol<\/strong> como merece.<\/p>\n<div class=\"ewd-ufaq-faq-body\">\n<p>Este \u00e9 um produto colecion\u00e1vel. N\u00e3o para consumo direto ou fumo.<\/p>\n<\/div>\n<div class=\"ewd-ufaq-faq-body\">\n<p><span style=\"font-size: 16px\">Este produto n\u00e3o cont\u00e9m canabinoides inclu\u00eddos no Anexo 1 do Real Decreto 2829\/1977, atualizado pela Portaria SND\/380\/2025, de 14 de abril, nem subst\u00e2ncias controladas pela Conven\u00e7\u00e3o \u00danica sobre Estupefacientes de 1961 e pela Conven\u00e7\u00e3o sobre Subst\u00e2ncias Psicotr\u00f3picas de 1971.<\/span><\/p>\n<\/div>","protected":false},"excerpt":{"rendered":"<h4>Cartucho descart\u00e1vel STV Sativanol \u2013 Gelato<\/h4>\n<h4><strong>Caracteristicas<\/strong><\/h4>\n<ul>\n<li>Conex\u00e3o: tipo 510<\/li>\n<li>Habilidade: <span style=\"font-size: 16px\">1 ml \/ 2 ml<\/span><\/li>\n<li>Sopros: <span style=\"font-size: 16px\">300 \/ 600<\/span><\/li>\n<li>Terpenos naturais de alta qualidade<\/li>\n<li>STV (Sativanol)<\/li>\n<li>CDB: 40%<\/li>\n<li>CBG: 30%<\/li>\n<li>THC: 0%<\/li>\n<li>HHC: 0%<\/li>\n<li>THC-P: 0%Nicotina: 0%<\/li>\n<li>N\u00e3o cont\u00e9m VG, PG, PEG, MCT ou qualquer outro agente de corte. Todos os nossos produtos s\u00e3o derivados de c\u00e2nhamo industrial certificado. Eles cont\u00eam menos de 0,3% de THC e n\u00e3o cont\u00eam nenhum canabinoide ilegal, como HHC, HHC-P, THCP, THCP-O, H4CBD ou qualquer um de seus derivados. voc\u00ea pode consultar <a href=\"https:\/\/iguanasmoke.com\/analiticas\/\" target=\"_blank\" rel=\"noopener\">Certificado de An\u00e1lise aqui<\/a><\/li>\n<\/ul>","protected":false},"featured_media":11934,"comment_status":"open","ping_status":"closed","template":"","meta":{"_acf_changed":false,"site-sidebar-layout":"default","site-content-layout":"","ast-site-content-layout":"default","site-content-style":"default","site-sidebar-style":"default","ast-global-header-display":"","ast-banner-title-visibility":"","ast-main-header-display":"","ast-hfb-above-header-display":"","ast-hfb-below-header-display":"","ast-hfb-mobile-header-display":"","site-post-title":"","ast-breadcrumbs-content":"","ast-featured-img":"","footer-sml-layout":"","theme-transparent-header-meta":"default","adv-header-id-meta":"","stick-header-meta":"","header-above-stick-meta":"","header-main-stick-meta":"","header-below-stick-meta":"","astra-migrate-meta-layouts":"set","ast-page-background-enabled":"default","ast-page-background-meta":{"desktop":{"background-color":"var(--ast-global-color-4)","background-image":"","background-repeat":"repeat","background-position":"center center","background-size":"auto","background-attachment":"scroll","background-type":"","background-media":"","overlay-type":"","overlay-color":"","overlay-opacity":"","overlay-gradient":""},"tablet":{"background-color":"","background-image":"","background-repeat":"repeat","background-position":"center center","background-size":"auto","background-attachment":"scroll","background-type":"","background-media":"","overlay-type":"","overlay-color":"","overlay-opacity":"","overlay-gradient":""},"mobile":{"background-color":"","background-image":"","background-repeat":"repeat","background-position":"center center","background-size":"auto","background-attachment":"scroll","background-type":"","background-media":"","overlay-type":"","overlay-color":"","overlay-opacity":"","overlay-gradient":""}},"ast-content-background-meta":{"desktop":{"background-color":"var(--ast-global-color-5)","background-image":"","background-repeat":"repeat","background-position":"center center","background-size":"auto","background-attachment":"scroll","background-type":"","background-media":"","overlay-type":"","overlay-color":"","overlay-opacity":"","overlay-gradient":""},"tablet":{"background-color":"var(--ast-global-color-5)","background-image":"","background-repeat":"repeat","background-position":"center center","background-size":"auto","background-attachment":"scroll","background-type":"","background-media":"","overlay-type":"","overlay-color":"","overlay-opacity":"","overlay-gradient":""},"mobile":{"background-color":"var(--ast-global-color-5)","background-image":"","background-repeat":"repeat","background-position":"center center","background-size":"auto","background-attachment":"scroll","background-type":"","background-media":"","overlay-type":"","overlay-color":"","overlay-opacity":"","overlay-gradient":""}}},"product_brand":[],"product_cat":[91,146,143,138],"product_tag":[],"class_list":{"0":"post-11940","1":"product","2":"type-product","3":"status-publish","4":"has-post-thumbnail","6":"product_cat-cartuchos","7":"product_cat-nuevas-moleculas","8":"product_cat-stv","9":"product_cat-stv-sativanol","10":"desktop-align-center","11":"tablet-align-left","12":"mobile-align-left","14":"first","15":"instock","16":"taxable","17":"shipping-taxable","18":"purchasable","19":"product-type-variable"},"acf":[],"yoast_head":"<!-- This site is optimized with the Yoast SEO plugin v27.3 - https:\/\/yoast.com\/product\/yoast-seo-wordpress\/ -->\n<title>Cartucho desechable STV Sativanol - Gelato - THE LYF LABS<\/title>\n<meta name=\"description\" content=\"STV Gelato al por mayor. Sabor dulce y cremoso, sin THC. Cartucho desechable en 1 ml o 2 ml con terpenos de alta calidad.\" \/>\n<meta name=\"robots\" content=\"index, follow, max-snippet:-1, max-image-preview:large, max-video-preview:-1\" \/>\n<link rel=\"canonical\" href=\"https:\/\/thelyflabs.com\/pt\/product\/cartucho-desechable-stv-sativanol-gelato\/\" \/>\n<meta property=\"og:locale\" content=\"pt_PT\" \/>\n<meta property=\"og:type\" content=\"article\" \/>\n<meta property=\"og:title\" content=\"Cartucho desechable STV Sativanol - Gelato - THE LYF LABS\" \/>\n<meta property=\"og:description\" content=\"STV Gelato al por mayor. Sabor dulce y cremoso, sin THC. Cartucho desechable en 1 ml o 2 ml con terpenos de alta calidad.\" \/>\n<meta property=\"og:url\" content=\"https:\/\/thelyflabs.com\/pt\/product\/cartucho-desechable-stv-sativanol-gelato\/\" \/>\n<meta property=\"og:site_name\" content=\"THE LYF LABS\" \/>\n<meta property=\"article:modified_time\" content=\"2026-04-08T09:54:52+00:00\" \/>\n<meta property=\"og:image\" content=\"https:\/\/thelyflabs.com\/wp-content\/uploads\/2025\/05\/Bolsa-Cart-HHC-Gelato-bolsa-2025.webp\" \/>\n\t<meta property=\"og:image:width\" content=\"1000\" \/>\n\t<meta property=\"og:image:height\" content=\"1000\" \/>\n\t<meta property=\"og:image:type\" content=\"image\/webp\" \/>\n<meta name=\"twitter:card\" content=\"summary_large_image\" \/>\n<meta name=\"twitter:label1\" content=\"Tempo estimado de leitura\" \/>\n\t<meta name=\"twitter:data1\" content=\"3 minutos\" \/>\n<script type=\"application\/ld+json\" class=\"yoast-schema-graph\">{\"@context\":\"https:\\\/\\\/schema.org\",\"@graph\":[{\"@type\":\"WebPage\",\"@id\":\"https:\\\/\\\/thelyflabs.com\\\/product\\\/cartucho-desechable-stv-sativanol-gelato\",\"url\":\"https:\\\/\\\/thelyflabs.com\\\/product\\\/cartucho-desechable-stv-sativanol-gelato\",\"name\":\"Cartucho desechable STV Sativanol - Gelato - THE LYF LABS\",\"isPartOf\":{\"@id\":\"https:\\\/\\\/thelyflabs.com\\\/#website\"},\"primaryImageOfPage\":{\"@id\":\"https:\\\/\\\/thelyflabs.com\\\/product\\\/cartucho-desechable-stv-sativanol-gelato#primaryimage\"},\"image\":{\"@id\":\"https:\\\/\\\/thelyflabs.com\\\/product\\\/cartucho-desechable-stv-sativanol-gelato#primaryimage\"},\"thumbnailUrl\":\"https:\\\/\\\/thelyflabs.com\\\/wp-content\\\/uploads\\\/2025\\\/05\\\/Bolsa-Cart-HHC-Gelato-bolsa-2025.webp\",\"datePublished\":\"2025-05-13T21:53:08+00:00\",\"dateModified\":\"2026-04-08T09:54:52+00:00\",\"description\":\"STV Gelato al por mayor. Sabor dulce y cremoso, sin THC. Cartucho desechable en 1 ml o 2 ml con terpenos de alta calidad.\",\"breadcrumb\":{\"@id\":\"https:\\\/\\\/thelyflabs.com\\\/product\\\/cartucho-desechable-stv-sativanol-gelato#breadcrumb\"},\"inLanguage\":\"pt-PT\",\"potentialAction\":[{\"@type\":\"ReadAction\",\"target\":[\"https:\\\/\\\/thelyflabs.com\\\/product\\\/cartucho-desechable-stv-sativanol-gelato\"]}]},{\"@type\":\"ImageObject\",\"inLanguage\":\"pt-PT\",\"@id\":\"https:\\\/\\\/thelyflabs.com\\\/product\\\/cartucho-desechable-stv-sativanol-gelato#primaryimage\",\"url\":\"https:\\\/\\\/thelyflabs.com\\\/wp-content\\\/uploads\\\/2025\\\/05\\\/Bolsa-Cart-HHC-Gelato-bolsa-2025.webp\",\"contentUrl\":\"https:\\\/\\\/thelyflabs.com\\\/wp-content\\\/uploads\\\/2025\\\/05\\\/Bolsa-Cart-HHC-Gelato-bolsa-2025.webp\",\"width\":1000,\"height\":1000},{\"@type\":\"BreadcrumbList\",\"@id\":\"https:\\\/\\\/thelyflabs.com\\\/product\\\/cartucho-desechable-stv-sativanol-gelato#breadcrumb\",\"itemListElement\":[{\"@type\":\"ListItem\",\"position\":1,\"name\":\"Portada\",\"item\":\"https:\\\/\\\/thelyflabs.com\\\/\"},{\"@type\":\"ListItem\",\"position\":2,\"name\":\"Tienda\",\"item\":\"https:\\\/\\\/thelyflabs.com\\\/tienda\"},{\"@type\":\"ListItem\",\"position\":3,\"name\":\"Cartucho desechable STV Sativanol &#8211; Gelato\"}]},{\"@type\":\"WebSite\",\"@id\":\"https:\\\/\\\/thelyflabs.com\\\/#website\",\"url\":\"https:\\\/\\\/thelyflabs.com\\\/\",\"name\":\"The LYF Labs\",\"description\":\"CBD al por mayor\",\"publisher\":{\"@id\":\"https:\\\/\\\/thelyflabs.com\\\/#organization\"},\"potentialAction\":[{\"@type\":\"SearchAction\",\"target\":{\"@type\":\"EntryPoint\",\"urlTemplate\":\"https:\\\/\\\/thelyflabs.com\\\/?s={search_term_string}\"},\"query-input\":{\"@type\":\"PropertyValueSpecification\",\"valueRequired\":true,\"valueName\":\"search_term_string\"}}],\"inLanguage\":\"pt-PT\"},{\"@type\":\"Organization\",\"@id\":\"https:\\\/\\\/thelyflabs.com\\\/#organization\",\"name\":\"The LYF Labs\",\"url\":\"https:\\\/\\\/thelyflabs.com\\\/\",\"logo\":{\"@type\":\"ImageObject\",\"inLanguage\":\"pt-PT\",\"@id\":\"https:\\\/\\\/thelyflabs.com\\\/#\\\/schema\\\/logo\\\/image\\\/\",\"url\":\"https:\\\/\\\/thelyflabs.com\\\/wp-content\\\/uploads\\\/2023\\\/01\\\/cropped-LogoTheLYFLabs.png\",\"contentUrl\":\"https:\\\/\\\/thelyflabs.com\\\/wp-content\\\/uploads\\\/2023\\\/01\\\/cropped-LogoTheLYFLabs.png\",\"width\":600,\"height\":180,\"caption\":\"The LYF Labs\"},\"image\":{\"@id\":\"https:\\\/\\\/thelyflabs.com\\\/#\\\/schema\\\/logo\\\/image\\\/\"}}]}<\/script>\n<!-- \/ Yoast SEO plugin. -->","yoast_head_json":{"title":"Cartucho desechable STV Sativanol - Gelato - THE LYF LABS","description":"STV Gelato al por mayor. Sabor dulce y cremoso, sin THC. Cartucho desechable en 1 ml o 2 ml con terpenos de alta calidad.","robots":{"index":"index","follow":"follow","max-snippet":"max-snippet:-1","max-image-preview":"max-image-preview:large","max-video-preview":"max-video-preview:-1"},"canonical":"https:\/\/thelyflabs.com\/pt\/product\/cartucho-desechable-stv-sativanol-gelato\/","og_locale":"pt_PT","og_type":"article","og_title":"Cartucho desechable STV Sativanol - Gelato - THE LYF LABS","og_description":"STV Gelato al por mayor. Sabor dulce y cremoso, sin THC. Cartucho desechable en 1 ml o 2 ml con terpenos de alta calidad.","og_url":"https:\/\/thelyflabs.com\/pt\/product\/cartucho-desechable-stv-sativanol-gelato\/","og_site_name":"THE LYF LABS","article_modified_time":"2026-04-08T09:54:52+00:00","og_image":[{"width":1000,"height":1000,"url":"https:\/\/thelyflabs.com\/wp-content\/uploads\/2025\/05\/Bolsa-Cart-HHC-Gelato-bolsa-2025.webp","type":"image\/webp"}],"twitter_card":"summary_large_image","twitter_misc":{"Tempo estimado de leitura":"3 minutos"},"schema":{"@context":"https:\/\/schema.org","@graph":[{"@type":"WebPage","@id":"https:\/\/thelyflabs.com\/product\/cartucho-desechable-stv-sativanol-gelato","url":"https:\/\/thelyflabs.com\/product\/cartucho-desechable-stv-sativanol-gelato","name":"Cartucho desechable STV Sativanol - Gelato - THE LYF LABS","isPartOf":{"@id":"https:\/\/thelyflabs.com\/#website"},"primaryImageOfPage":{"@id":"https:\/\/thelyflabs.com\/product\/cartucho-desechable-stv-sativanol-gelato#primaryimage"},"image":{"@id":"https:\/\/thelyflabs.com\/product\/cartucho-desechable-stv-sativanol-gelato#primaryimage"},"thumbnailUrl":"https:\/\/thelyflabs.com\/wp-content\/uploads\/2025\/05\/Bolsa-Cart-HHC-Gelato-bolsa-2025.webp","datePublished":"2025-05-13T21:53:08+00:00","dateModified":"2026-04-08T09:54:52+00:00","description":"STV Gelato al por mayor. Sabor dulce y cremoso, sin THC. Cartucho desechable en 1 ml o 2 ml con terpenos de alta calidad.","breadcrumb":{"@id":"https:\/\/thelyflabs.com\/product\/cartucho-desechable-stv-sativanol-gelato#breadcrumb"},"inLanguage":"pt-PT","potentialAction":[{"@type":"ReadAction","target":["https:\/\/thelyflabs.com\/product\/cartucho-desechable-stv-sativanol-gelato"]}]},{"@type":"ImageObject","inLanguage":"pt-PT","@id":"https:\/\/thelyflabs.com\/product\/cartucho-desechable-stv-sativanol-gelato#primaryimage","url":"https:\/\/thelyflabs.com\/wp-content\/uploads\/2025\/05\/Bolsa-Cart-HHC-Gelato-bolsa-2025.webp","contentUrl":"https:\/\/thelyflabs.com\/wp-content\/uploads\/2025\/05\/Bolsa-Cart-HHC-Gelato-bolsa-2025.webp","width":1000,"height":1000},{"@type":"BreadcrumbList","@id":"https:\/\/thelyflabs.com\/product\/cartucho-desechable-stv-sativanol-gelato#breadcrumb","itemListElement":[{"@type":"ListItem","position":1,"name":"Portada","item":"https:\/\/thelyflabs.com\/"},{"@type":"ListItem","position":2,"name":"Tienda","item":"https:\/\/thelyflabs.com\/tienda"},{"@type":"ListItem","position":3,"name":"Cartucho desechable STV Sativanol &#8211; Gelato"}]},{"@type":"WebSite","@id":"https:\/\/thelyflabs.com\/#website","url":"https:\/\/thelyflabs.com\/","name":"Os Laborat\u00f3rios LYF","description":"CBD atacado","publisher":{"@id":"https:\/\/thelyflabs.com\/#organization"},"potentialAction":[{"@type":"SearchAction","target":{"@type":"EntryPoint","urlTemplate":"https:\/\/thelyflabs.com\/?s={search_term_string}"},"query-input":{"@type":"PropertyValueSpecification","valueRequired":true,"valueName":"search_term_string"}}],"inLanguage":"pt-PT"},{"@type":"Organization","@id":"https:\/\/thelyflabs.com\/#organization","name":"Os Laborat\u00f3rios LYF","url":"https:\/\/thelyflabs.com\/","logo":{"@type":"ImageObject","inLanguage":"pt-PT","@id":"https:\/\/thelyflabs.com\/#\/schema\/logo\/image\/","url":"https:\/\/thelyflabs.com\/wp-content\/uploads\/2023\/01\/cropped-LogoTheLYFLabs.png","contentUrl":"https:\/\/thelyflabs.com\/wp-content\/uploads\/2023\/01\/cropped-LogoTheLYFLabs.png","width":600,"height":180,"caption":"The LYF Labs"},"image":{"@id":"https:\/\/thelyflabs.com\/#\/schema\/logo\/image\/"}}]}},"_links":{"self":[{"href":"https:\/\/thelyflabs.com\/pt\/wp-json\/wp\/v2\/product\/11940","targetHints":{"allow":["GET"]}}],"collection":[{"href":"https:\/\/thelyflabs.com\/pt\/wp-json\/wp\/v2\/product"}],"about":[{"href":"https:\/\/thelyflabs.com\/pt\/wp-json\/wp\/v2\/types\/product"}],"replies":[{"embeddable":true,"href":"https:\/\/thelyflabs.com\/pt\/wp-json\/wp\/v2\/comments?post=11940"}],"wp:featuredmedia":[{"embeddable":true,"href":"https:\/\/thelyflabs.com\/pt\/wp-json\/wp\/v2\/media\/11934"}],"wp:attachment":[{"href":"https:\/\/thelyflabs.com\/pt\/wp-json\/wp\/v2\/media?parent=11940"}],"wp:term":[{"taxonomy":"product_brand","embeddable":true,"href":"https:\/\/thelyflabs.com\/pt\/wp-json\/wp\/v2\/product_brand?post=11940"},{"taxonomy":"product_cat","embeddable":true,"href":"https:\/\/thelyflabs.com\/pt\/wp-json\/wp\/v2\/product_cat?post=11940"},{"taxonomy":"product_tag","embeddable":true,"href":"https:\/\/thelyflabs.com\/pt\/wp-json\/wp\/v2\/product_tag?post=11940"}],"curies":[{"name":"wp","href":"https:\/\/api.w.org\/{rel}","templated":true}]}}