{"id":11941,"date":"2025-05-13T23:53:08","date_gmt":"2025-05-13T21:53:08","guid":{"rendered":"https:\/\/thelyflabs.com\/?post_type=product&#038;p=11941"},"modified":"2026-04-08T11:55:08","modified_gmt":"2026-04-08T09:55:08","slug":"cartucho-desechable-stv-sativanol-lemon-haze","status":"publish","type":"product","link":"https:\/\/thelyflabs.com\/pt\/product\/cartucho-desechable-stv-sativanol-lemon-haze","title":{"rendered":"Cartucho descart\u00e1vel STV Sativanol \u2013 Lemon Haze"},"content":{"rendered":"<h1 class=\"\" data-start=\"392\" data-end=\"440\">Cartucho descart\u00e1vel STV Sativanol \u2013 Lemon Haze<\/h1>\n<p class=\"\" data-start=\"442\" data-end=\"593\"><strong data-start=\"442\" data-end=\"593\">Explos\u00e3o c\u00edtrica, energia pura. Descubra o sabor Lemon Haze com STV Sativanol e leve sua vaporiza\u00e7\u00e3o para o pr\u00f3ximo n\u00edvel. Somente na Iguana Smoke, sua loja chill.<\/strong><\/p>\n<p class=\"\" data-start=\"595\" data-end=\"925\">Se voc\u00ea est\u00e1 procurando um cartucho que o acorde como um raio de sol com sabor de lim\u00e3o, o <strong data-start=\"676\" data-end=\"706\">STV Sativanol \u2013 N\u00e9voa de Lim\u00e3o<\/strong> Foi feito para voc\u00ea. Este pod de vapor pr\u00e9-preenchido combina o canabin\u00f3ide STV com o aroma \u00e1cido e estimulante da cepa <strong data-start=\"832\" data-end=\"846\">N\u00e9voa de Lim\u00e3o<\/strong>, uma das variedades Sativas mais ic\u00f4nicas e refrescantes do mundo da cannabis.<\/p>\n<p class=\"\" data-start=\"927\" data-end=\"1031\">Ideal para quem quer um est\u00edmulo mental e sensorial, sem THC ou efeitos colaterais. Apenas clareza, sabor e fluidez.<\/p>\n<h2 class=\"\" data-start=\"1038\" data-end=\"1066\">O que \u00e9 STV Sativanol?<\/h2>\n<p class=\"\" data-start=\"1068\" data-end=\"1319\"><strong data-start=\"1068\" data-end=\"1087\">STV (Sativanol)<\/strong> \u00c9 um canabinoide semissint\u00e9tico derivado do c\u00e2nhamo, projetado para oferecer efeitos semelhantes aos da Sativa sem as desvantagens do THC tradicional. N\u00e3o cont\u00e9m THC, HHC ou THCP, mas seu efeito \u00e9 estimulante, limpo e funcional.<\/p>\n<p class=\"\" data-start=\"1321\" data-end=\"1352\"><strong data-start=\"1321\" data-end=\"1352\">Vantagens do STV Sativanol:<\/strong><\/p>\n<ul data-start=\"1353\" data-end=\"1553\">\n<li class=\"\" data-start=\"1353\" data-end=\"1389\">\n<p class=\"\" data-start=\"1355\" data-end=\"1389\">Euforia mental leve, mas poderosa.<\/p>\n<\/li>\n<li class=\"\" data-start=\"1390\" data-end=\"1429\">\n<p class=\"\" data-start=\"1392\" data-end=\"1429\">Concentra\u00e7\u00e3o e foco sem seda\u00e7\u00e3o.<\/p>\n<\/li>\n<li class=\"\" data-start=\"1430\" data-end=\"1476\">\n<p class=\"\" data-start=\"1432\" data-end=\"1476\">N\u00e3o causa toler\u00e2ncia com uso prolongado.<\/p>\n<\/li>\n<li class=\"\" data-start=\"1477\" data-end=\"1509\">\n<p class=\"\" data-start=\"1479\" data-end=\"1509\">N\u00e3o deixa ressaca nem sonol\u00eancia.<\/p>\n<\/li>\n<li class=\"\" data-start=\"1510\" data-end=\"1553\">\n<p class=\"\" data-start=\"1512\" data-end=\"1553\">100% livre de canabinoides controlados.<\/p>\n<\/li>\n<\/ul>\n<p class=\"\" data-start=\"1555\" data-end=\"1660\"><strong data-start=\"1555\" data-end=\"1577\">Compre STV online<\/strong> permite que voc\u00ea tenha acesso a uma experi\u00eancia legal, moderna e eficaz sem complica\u00e7\u00f5es.<\/p>\n<h2 class=\"\" data-start=\"1667\" data-end=\"1702\">Perfil de terpeno da n\u00e9voa de lim\u00e3o<\/h2>\n<p class=\"\" data-start=\"1704\" data-end=\"1943\">A tens\u00e3o <strong data-start=\"1712\" data-end=\"1726\">N\u00e9voa de Lim\u00e3o<\/strong> \u00c9 famosa por seu aroma brilhante, c\u00edtrico e fresco. Ao vaporizar o cartucho STV sabor Lemon Haze, voc\u00ea notar\u00e1 um equil\u00edbrio perfeito entre do\u00e7ura e acidez, com notas de raspas de lim\u00e3o, especiarias e um acabamento herbal.<\/p>\n<p class=\"\" data-start=\"1945\" data-end=\"1970\"><strong data-start=\"1945\" data-end=\"1970\">Principais terpenos:<\/strong><\/p>\n<ul data-start=\"1971\" data-end=\"2147\">\n<li class=\"\" data-start=\"1971\" data-end=\"2031\">\n<p class=\"\" data-start=\"1973\" data-end=\"2031\"><strong data-start=\"1973\" data-end=\"1985\">Limoneno<\/strong>: aroma c\u00edtrico com efeito de eleva\u00e7\u00e3o do humor.<\/p>\n<\/li>\n<li class=\"\" data-start=\"2032\" data-end=\"2093\">\n<p class=\"\" data-start=\"2034\" data-end=\"2093\"><strong data-start=\"2034\" data-end=\"2045\">Mirceno<\/strong>: terroso e suave, ajuda a equilibrar o efeito.<\/p>\n<\/li>\n<li class=\"\" data-start=\"2094\" data-end=\"2147\">\n<p class=\"\" data-start=\"2096\" data-end=\"2147\"><strong data-start=\"2096\" data-end=\"2106\">Pineno<\/strong>: refrescante, melhora a clareza mental.<\/p>\n<\/li>\n<\/ul>\n<p class=\"\" data-start=\"2149\" data-end=\"2256\">Uma combina\u00e7\u00e3o perfeita para quem busca um sabor refrescante e uma sensa\u00e7\u00e3o de ativa\u00e7\u00e3o sem excessos.<\/p>\n<h2 class=\"\" data-start=\"2263\" data-end=\"2297\">O que \u00e9 um cartucho descart\u00e1vel?<\/h2>\n<p class=\"\" data-start=\"2299\" data-end=\"2510\">UM <strong data-start=\"2302\" data-end=\"2325\">cartucho descart\u00e1vel<\/strong> (tamb\u00e9m chamado de pod ou carrinho) \u00e9 um dispositivo pr\u00e9-preenchido com l\u00edquido de vaporiza\u00e7\u00e3o que se conecta a baterias rosqueadas padr\u00e3o <strong data-start=\"2454\" data-end=\"2461\">510<\/strong>. \u00c9 f\u00e1cil de usar, port\u00e1til e n\u00e3o requer manuten\u00e7\u00e3o.<\/p>\n<p class=\"\" data-start=\"2512\" data-end=\"2565\"><strong data-start=\"2512\" data-end=\"2542\">STV Sativanol \u2013 N\u00e9voa de Lim\u00e3o<\/strong> Ele vem em dois formatos:<\/p>\n<ul data-start=\"2566\" data-end=\"2629\">\n<li class=\"\" data-start=\"2566\" data-end=\"2597\">\n<p class=\"\" data-start=\"2568\" data-end=\"2597\"><strong data-start=\"2568\" data-end=\"2576\">1 ml<\/strong> \u2013 At\u00e9 300 tragadas.<\/p>\n<\/li>\n<li class=\"\" data-start=\"2598\" data-end=\"2629\">\n<p class=\"\" data-start=\"2600\" data-end=\"2629\"><strong data-start=\"2600\" data-end=\"2608\">2 ml<\/strong> \u2013 At\u00e9 600 tragadas.<\/p>\n<\/li>\n<\/ul>\n<p class=\"\" data-start=\"2631\" data-end=\"2741\">Ideal para levar para qualquer lugar e aproveitar sem complica\u00e7\u00f5es. Basta conectar, inspirar e deixar ir.<\/p>\n<h2 class=\"\" data-start=\"2748\" data-end=\"2794\">Por que escolher o cartucho STV Lemon Haze?<\/h2>\n<p class=\"\" data-start=\"2796\" data-end=\"2978\"><strong data-start=\"2796\" data-end=\"2817\">Comprar vaper STV<\/strong> \u00e9 apostar em uma experi\u00eancia diferente. Voc\u00ea n\u00e3o precisa de THC para se sentir bem. Com o STV voc\u00ea obt\u00e9m efeitos funcionais com um sabor espetacular, de forma legal e sem complica\u00e7\u00f5es.<\/p>\n<p class=\"\" data-start=\"2980\" data-end=\"3023\"><strong data-start=\"2980\" data-end=\"3023\">Benef\u00edcios do cartucho STV Lemon Haze:<\/strong><\/p>\n<ul data-start=\"3024\" data-end=\"3215\">\n<li class=\"\" data-start=\"3024\" data-end=\"3057\">\n<p class=\"\" data-start=\"3026\" data-end=\"3057\">Cont\u00e9m STV 100% sem THC.<\/p>\n<\/li>\n<li class=\"\" data-start=\"3058\" data-end=\"3094\">\n<p class=\"\" data-start=\"3060\" data-end=\"3094\">Perfil arom\u00e1tico fresco e c\u00edtrico.<\/p>\n<\/li>\n<li class=\"\" data-start=\"3132\" data-end=\"3176\">\n<p class=\"\" data-start=\"3134\" data-end=\"3176\">Compat\u00edvel com a maioria das baterias 510.<\/p>\n<\/li>\n<li class=\"\" data-start=\"3177\" data-end=\"3215\">\n<p class=\"\" data-start=\"3179\" data-end=\"3215\">Perfeito para uso diurno e criativo.<\/p>\n<\/li>\n<\/ul>\n<p class=\"\" data-start=\"3217\" data-end=\"3309\">Ideal para trabalhar, socializar, sair ou simplesmente recarregar as energias sem perder o controle.<\/p>\n<h2 class=\"\" data-start=\"3316\" data-end=\"3348\">Onde comprar STV Sativanol?<\/h2>\n<p class=\"\" data-start=\"3350\" data-end=\"3450\">Em <strong data-start=\"3353\" data-end=\"3369\">Fuma\u00e7a De Iguana<\/strong>, sua loja online confi\u00e1vel para produtos derivados do c\u00e2nhamo. Aqui voc\u00ea pode:<\/p>\n<ul data-start=\"3451\" data-end=\"3703\">\n<li class=\"\" data-start=\"3451\" data-end=\"3499\">\n<p class=\"\" data-start=\"3453\" data-end=\"3499\"><strong data-start=\"3453\" data-end=\"3477\">Comprar cartucho STV<\/strong> com sabor Lemon Haze.<\/p>\n<\/li>\n<li class=\"\" data-start=\"3500\" data-end=\"3568\">\n<p class=\"\" data-start=\"3502\" data-end=\"3568\"><strong data-start=\"3502\" data-end=\"3537\">Compre uma c\u00e1psula alternativa de THC<\/strong>, sem THC mas com efeito real<\/p>\n<\/li>\n<li class=\"\" data-start=\"3644\" data-end=\"3703\">\n<p class=\"\" data-start=\"3646\" data-end=\"3703\"><strong data-start=\"3646\" data-end=\"3674\">Compre vape STV online<\/strong> com envio r\u00e1pido e discreto.<\/p>\n<\/li>\n<\/ul>\n<p class=\"\" data-start=\"3705\" data-end=\"3820\">Adoramos oferecer produtos que n\u00e3o s\u00f3 funcionam, mas tamb\u00e9m t\u00eam uma apar\u00eancia bacana. E Lemon Haze \u00e9 uma joia em nossa cole\u00e7\u00e3o.<\/p>\n<h2 class=\"\" data-start=\"3827\" data-end=\"3875\">STV Lemon Haze: O cartucho que ativa o seu dia<\/h2>\n<p class=\"\" data-start=\"3877\" data-end=\"4103\">Com este cartucho de vapor, voc\u00ea n\u00e3o s\u00f3 desfruta de um sabor c\u00edtrico brutal, mas tamb\u00e9m de uma experi\u00eancia mental clara e suave. <strong data-start=\"4015\" data-end=\"4045\">STV Sativanol \u2013 N\u00e9voa de Lim\u00e3o<\/strong> \u00c9 o que voc\u00ea precisa para que sua rotina n\u00e3o seja t\u00e3o rotineira.<\/p>\n<p class=\"\" data-start=\"4105\" data-end=\"4181\">Use-o quando precisar de inspira\u00e7\u00e3o, energia ou apenas uma pausa no fluxo.<\/p>\n<hr class=\"\" data-start=\"4183\" data-end=\"4186\" \/>\n<p class=\"\" data-start=\"4188\" data-end=\"4279\"><strong data-start=\"4188\" data-end=\"4279\">Este produto \u00e9 um item de colecionador. N\u00e3o foi projetado para consumo direto ou combust\u00e3o.<\/strong><\/p>\n<p class=\"\" data-start=\"4281\" data-end=\"4419\"><strong data-start=\"4281\" data-end=\"4419\">N\u00e3o cont\u00e9m canabinoides inclu\u00eddos no Anexo I do Real Decreto 2829\/1977 nem subst\u00e2ncias controladas por conven\u00e7\u00f5es internacionais.<\/strong><\/p>","protected":false},"excerpt":{"rendered":"<h4><strong>Caracteristicas<\/strong><\/h4>\n<ul>\n<li>Conex\u00e3o: tipo 510<\/li>\n<li>Habilidade: <span style=\"font-size: 16px\">1 ml \/ 2 ml<\/span><\/li>\n<li>Sopros: <span style=\"font-size: 16px\">300 \/ 600<\/span><\/li>\n<li>Terpenos naturais de alta qualidade<\/li>\n<li>STV (Sativanol)<\/li>\n<li>CDB: 40%<\/li>\n<li>CBG: 30%<\/li>\n<li>THC: 0%<\/li>\n<li>HHC: 0%<\/li>\n<li>THC-P: 0%Nicotina: 0%<\/li>\n<li>N\u00e3o cont\u00e9m VG, PG, PEG, MCT ou qualquer outro agente de corte.<\/li>\n<\/ul>\n<p>Todos os nossos produtos s\u00e3o derivados de c\u00e2nhamo industrial certificado. Eles cont\u00eam menos de 0,3% de THC e n\u00e3o cont\u00eam nenhum canabinoide ilegal, como HHC, HHC-P, THCP, THCP-O, H4CBD ou qualquer um de seus derivados. voc\u00ea pode consultar <a href=\"https:\/\/iguanasmoke.com\/analiticas\/\" target=\"_blank\" rel=\"noopener\">Certificado de An\u00e1lise aqui.<\/a><\/p>","protected":false},"featured_media":11935,"comment_status":"open","ping_status":"closed","template":"","meta":{"_acf_changed":false,"site-sidebar-layout":"default","site-content-layout":"","ast-site-content-layout":"default","site-content-style":"default","site-sidebar-style":"default","ast-global-header-display":"","ast-banner-title-visibility":"","ast-main-header-display":"","ast-hfb-above-header-display":"","ast-hfb-below-header-display":"","ast-hfb-mobile-header-display":"","site-post-title":"","ast-breadcrumbs-content":"","ast-featured-img":"","footer-sml-layout":"","theme-transparent-header-meta":"default","adv-header-id-meta":"","stick-header-meta":"","header-above-stick-meta":"","header-main-stick-meta":"","header-below-stick-meta":"","astra-migrate-meta-layouts":"set","ast-page-background-enabled":"default","ast-page-background-meta":{"desktop":{"background-color":"var(--ast-global-color-4)","background-image":"","background-repeat":"repeat","background-position":"center center","background-size":"auto","background-attachment":"scroll","background-type":"","background-media":"","overlay-type":"","overlay-color":"","overlay-opacity":"","overlay-gradient":""},"tablet":{"background-color":"","background-image":"","background-repeat":"repeat","background-position":"center center","background-size":"auto","background-attachment":"scroll","background-type":"","background-media":"","overlay-type":"","overlay-color":"","overlay-opacity":"","overlay-gradient":""},"mobile":{"background-color":"","background-image":"","background-repeat":"repeat","background-position":"center center","background-size":"auto","background-attachment":"scroll","background-type":"","background-media":"","overlay-type":"","overlay-color":"","overlay-opacity":"","overlay-gradient":""}},"ast-content-background-meta":{"desktop":{"background-color":"var(--ast-global-color-5)","background-image":"","background-repeat":"repeat","background-position":"center center","background-size":"auto","background-attachment":"scroll","background-type":"","background-media":"","overlay-type":"","overlay-color":"","overlay-opacity":"","overlay-gradient":""},"tablet":{"background-color":"var(--ast-global-color-5)","background-image":"","background-repeat":"repeat","background-position":"center center","background-size":"auto","background-attachment":"scroll","background-type":"","background-media":"","overlay-type":"","overlay-color":"","overlay-opacity":"","overlay-gradient":""},"mobile":{"background-color":"var(--ast-global-color-5)","background-image":"","background-repeat":"repeat","background-position":"center center","background-size":"auto","background-attachment":"scroll","background-type":"","background-media":"","overlay-type":"","overlay-color":"","overlay-opacity":"","overlay-gradient":""}}},"product_brand":[],"product_cat":[91,146,143,138],"product_tag":[],"class_list":{"0":"post-11941","1":"product","2":"type-product","3":"status-publish","4":"has-post-thumbnail","6":"product_cat-cartuchos","7":"product_cat-nuevas-moleculas","8":"product_cat-stv","9":"product_cat-stv-sativanol","10":"desktop-align-center","11":"tablet-align-left","12":"mobile-align-left","14":"first","15":"instock","16":"taxable","17":"shipping-taxable","18":"purchasable","19":"product-type-variable"},"acf":[],"yoast_head":"<!-- This site is optimized with the Yoast SEO plugin v27.3 - https:\/\/yoast.com\/product\/yoast-seo-wordpress\/ -->\n<title>Cartucho desechable STV Sativanol - Lemon Haze - THE LYF LABS<\/title>\n<meta name=\"description\" content=\"Compra al por mayor el cartucho STV Lemon Haze. Sabor c\u00edtrico, terpenos naturales y hasta 600 caladas. Ideal para tiendas y distribuidores. Sin THC.\" \/>\n<meta name=\"robots\" content=\"index, follow, max-snippet:-1, max-image-preview:large, max-video-preview:-1\" \/>\n<link rel=\"canonical\" href=\"https:\/\/thelyflabs.com\/pt\/product\/cartucho-desechable-stv-sativanol-lemon-haze\/\" \/>\n<meta property=\"og:locale\" content=\"pt_PT\" \/>\n<meta property=\"og:type\" content=\"article\" \/>\n<meta property=\"og:title\" content=\"Cartucho desechable STV Sativanol - Lemon Haze - THE LYF LABS\" \/>\n<meta property=\"og:description\" content=\"Compra al por mayor el cartucho STV Lemon Haze. Sabor c\u00edtrico, terpenos naturales y hasta 600 caladas. Ideal para tiendas y distribuidores. Sin THC.\" \/>\n<meta property=\"og:url\" content=\"https:\/\/thelyflabs.com\/pt\/product\/cartucho-desechable-stv-sativanol-lemon-haze\/\" \/>\n<meta property=\"og:site_name\" content=\"THE LYF LABS\" \/>\n<meta property=\"article:modified_time\" content=\"2026-04-08T09:55:08+00:00\" \/>\n<meta property=\"og:image\" content=\"https:\/\/thelyflabs.com\/wp-content\/uploads\/2025\/05\/Bolsa-Cart-HHC-Lemon-bolsa-2025.webp\" \/>\n\t<meta property=\"og:image:width\" content=\"1000\" \/>\n\t<meta property=\"og:image:height\" content=\"1000\" \/>\n\t<meta property=\"og:image:type\" content=\"image\/webp\" \/>\n<meta name=\"twitter:card\" content=\"summary_large_image\" \/>\n<meta name=\"twitter:label1\" content=\"Tempo estimado de leitura\" \/>\n\t<meta name=\"twitter:data1\" content=\"3 minutos\" \/>\n<script type=\"application\/ld+json\" class=\"yoast-schema-graph\">{\"@context\":\"https:\\\/\\\/schema.org\",\"@graph\":[{\"@type\":\"WebPage\",\"@id\":\"https:\\\/\\\/thelyflabs.com\\\/product\\\/cartucho-desechable-stv-sativanol-lemon-haze\",\"url\":\"https:\\\/\\\/thelyflabs.com\\\/product\\\/cartucho-desechable-stv-sativanol-lemon-haze\",\"name\":\"Cartucho desechable STV Sativanol - Lemon Haze - THE LYF LABS\",\"isPartOf\":{\"@id\":\"https:\\\/\\\/thelyflabs.com\\\/#website\"},\"primaryImageOfPage\":{\"@id\":\"https:\\\/\\\/thelyflabs.com\\\/product\\\/cartucho-desechable-stv-sativanol-lemon-haze#primaryimage\"},\"image\":{\"@id\":\"https:\\\/\\\/thelyflabs.com\\\/product\\\/cartucho-desechable-stv-sativanol-lemon-haze#primaryimage\"},\"thumbnailUrl\":\"https:\\\/\\\/thelyflabs.com\\\/wp-content\\\/uploads\\\/2025\\\/05\\\/Bolsa-Cart-HHC-Lemon-bolsa-2025.webp\",\"datePublished\":\"2025-05-13T21:53:08+00:00\",\"dateModified\":\"2026-04-08T09:55:08+00:00\",\"description\":\"Compra al por mayor el cartucho STV Lemon Haze. Sabor c\u00edtrico, terpenos naturales y hasta 600 caladas. Ideal para tiendas y distribuidores. Sin THC.\",\"breadcrumb\":{\"@id\":\"https:\\\/\\\/thelyflabs.com\\\/product\\\/cartucho-desechable-stv-sativanol-lemon-haze#breadcrumb\"},\"inLanguage\":\"pt-PT\",\"potentialAction\":[{\"@type\":\"ReadAction\",\"target\":[\"https:\\\/\\\/thelyflabs.com\\\/product\\\/cartucho-desechable-stv-sativanol-lemon-haze\"]}]},{\"@type\":\"ImageObject\",\"inLanguage\":\"pt-PT\",\"@id\":\"https:\\\/\\\/thelyflabs.com\\\/product\\\/cartucho-desechable-stv-sativanol-lemon-haze#primaryimage\",\"url\":\"https:\\\/\\\/thelyflabs.com\\\/wp-content\\\/uploads\\\/2025\\\/05\\\/Bolsa-Cart-HHC-Lemon-bolsa-2025.webp\",\"contentUrl\":\"https:\\\/\\\/thelyflabs.com\\\/wp-content\\\/uploads\\\/2025\\\/05\\\/Bolsa-Cart-HHC-Lemon-bolsa-2025.webp\",\"width\":1000,\"height\":1000},{\"@type\":\"BreadcrumbList\",\"@id\":\"https:\\\/\\\/thelyflabs.com\\\/product\\\/cartucho-desechable-stv-sativanol-lemon-haze#breadcrumb\",\"itemListElement\":[{\"@type\":\"ListItem\",\"position\":1,\"name\":\"Portada\",\"item\":\"https:\\\/\\\/thelyflabs.com\\\/\"},{\"@type\":\"ListItem\",\"position\":2,\"name\":\"Tienda\",\"item\":\"https:\\\/\\\/thelyflabs.com\\\/tienda\"},{\"@type\":\"ListItem\",\"position\":3,\"name\":\"Cartucho desechable STV Sativanol &#8211; Lemon Haze\"}]},{\"@type\":\"WebSite\",\"@id\":\"https:\\\/\\\/thelyflabs.com\\\/#website\",\"url\":\"https:\\\/\\\/thelyflabs.com\\\/\",\"name\":\"The LYF Labs\",\"description\":\"CBD al por mayor\",\"publisher\":{\"@id\":\"https:\\\/\\\/thelyflabs.com\\\/#organization\"},\"potentialAction\":[{\"@type\":\"SearchAction\",\"target\":{\"@type\":\"EntryPoint\",\"urlTemplate\":\"https:\\\/\\\/thelyflabs.com\\\/?s={search_term_string}\"},\"query-input\":{\"@type\":\"PropertyValueSpecification\",\"valueRequired\":true,\"valueName\":\"search_term_string\"}}],\"inLanguage\":\"pt-PT\"},{\"@type\":\"Organization\",\"@id\":\"https:\\\/\\\/thelyflabs.com\\\/#organization\",\"name\":\"The LYF Labs\",\"url\":\"https:\\\/\\\/thelyflabs.com\\\/\",\"logo\":{\"@type\":\"ImageObject\",\"inLanguage\":\"pt-PT\",\"@id\":\"https:\\\/\\\/thelyflabs.com\\\/#\\\/schema\\\/logo\\\/image\\\/\",\"url\":\"https:\\\/\\\/thelyflabs.com\\\/wp-content\\\/uploads\\\/2023\\\/01\\\/cropped-LogoTheLYFLabs.png\",\"contentUrl\":\"https:\\\/\\\/thelyflabs.com\\\/wp-content\\\/uploads\\\/2023\\\/01\\\/cropped-LogoTheLYFLabs.png\",\"width\":600,\"height\":180,\"caption\":\"The LYF Labs\"},\"image\":{\"@id\":\"https:\\\/\\\/thelyflabs.com\\\/#\\\/schema\\\/logo\\\/image\\\/\"}}]}<\/script>\n<!-- \/ Yoast SEO plugin. -->","yoast_head_json":{"title":"Cartucho descart\u00e1vel STV Sativanol - Lemon Haze - THE LYF LABS","description":"Compre o cartucho STV Lemon Haze a granel. Sabor c\u00edtrico, terpenos naturais e at\u00e9 600 tragadas. Ideal para varejistas e distribuidores. Livre de THC.","robots":{"index":"index","follow":"follow","max-snippet":"max-snippet:-1","max-image-preview":"max-image-preview:large","max-video-preview":"max-video-preview:-1"},"canonical":"https:\/\/thelyflabs.com\/pt\/product\/cartucho-desechable-stv-sativanol-lemon-haze\/","og_locale":"pt_PT","og_type":"article","og_title":"Cartucho desechable STV Sativanol - Lemon Haze - THE LYF LABS","og_description":"Compra al por mayor el cartucho STV Lemon Haze. Sabor c\u00edtrico, terpenos naturales y hasta 600 caladas. Ideal para tiendas y distribuidores. Sin THC.","og_url":"https:\/\/thelyflabs.com\/pt\/product\/cartucho-desechable-stv-sativanol-lemon-haze\/","og_site_name":"THE LYF LABS","article_modified_time":"2026-04-08T09:55:08+00:00","og_image":[{"width":1000,"height":1000,"url":"https:\/\/thelyflabs.com\/wp-content\/uploads\/2025\/05\/Bolsa-Cart-HHC-Lemon-bolsa-2025.webp","type":"image\/webp"}],"twitter_card":"summary_large_image","twitter_misc":{"Tempo estimado de leitura":"3 minutos"},"schema":{"@context":"https:\/\/schema.org","@graph":[{"@type":"WebPage","@id":"https:\/\/thelyflabs.com\/product\/cartucho-desechable-stv-sativanol-lemon-haze","url":"https:\/\/thelyflabs.com\/product\/cartucho-desechable-stv-sativanol-lemon-haze","name":"Cartucho descart\u00e1vel STV Sativanol - Lemon Haze - THE LYF LABS","isPartOf":{"@id":"https:\/\/thelyflabs.com\/#website"},"primaryImageOfPage":{"@id":"https:\/\/thelyflabs.com\/product\/cartucho-desechable-stv-sativanol-lemon-haze#primaryimage"},"image":{"@id":"https:\/\/thelyflabs.com\/product\/cartucho-desechable-stv-sativanol-lemon-haze#primaryimage"},"thumbnailUrl":"https:\/\/thelyflabs.com\/wp-content\/uploads\/2025\/05\/Bolsa-Cart-HHC-Lemon-bolsa-2025.webp","datePublished":"2025-05-13T21:53:08+00:00","dateModified":"2026-04-08T09:55:08+00:00","description":"Compre o cartucho STV Lemon Haze a granel. Sabor c\u00edtrico, terpenos naturais e at\u00e9 600 tragadas. Ideal para varejistas e distribuidores. Livre de THC.","breadcrumb":{"@id":"https:\/\/thelyflabs.com\/product\/cartucho-desechable-stv-sativanol-lemon-haze#breadcrumb"},"inLanguage":"pt-PT","potentialAction":[{"@type":"ReadAction","target":["https:\/\/thelyflabs.com\/product\/cartucho-desechable-stv-sativanol-lemon-haze"]}]},{"@type":"ImageObject","inLanguage":"pt-PT","@id":"https:\/\/thelyflabs.com\/product\/cartucho-desechable-stv-sativanol-lemon-haze#primaryimage","url":"https:\/\/thelyflabs.com\/wp-content\/uploads\/2025\/05\/Bolsa-Cart-HHC-Lemon-bolsa-2025.webp","contentUrl":"https:\/\/thelyflabs.com\/wp-content\/uploads\/2025\/05\/Bolsa-Cart-HHC-Lemon-bolsa-2025.webp","width":1000,"height":1000},{"@type":"BreadcrumbList","@id":"https:\/\/thelyflabs.com\/product\/cartucho-desechable-stv-sativanol-lemon-haze#breadcrumb","itemListElement":[{"@type":"ListItem","position":1,"name":"Portada","item":"https:\/\/thelyflabs.com\/"},{"@type":"ListItem","position":2,"name":"Tienda","item":"https:\/\/thelyflabs.com\/tienda"},{"@type":"ListItem","position":3,"name":"Cartucho desechable STV Sativanol &#8211; Lemon Haze"}]},{"@type":"WebSite","@id":"https:\/\/thelyflabs.com\/#website","url":"https:\/\/thelyflabs.com\/","name":"Os Laborat\u00f3rios LYF","description":"CBD atacado","publisher":{"@id":"https:\/\/thelyflabs.com\/#organization"},"potentialAction":[{"@type":"SearchAction","target":{"@type":"EntryPoint","urlTemplate":"https:\/\/thelyflabs.com\/?s={search_term_string}"},"query-input":{"@type":"PropertyValueSpecification","valueRequired":true,"valueName":"search_term_string"}}],"inLanguage":"pt-PT"},{"@type":"Organization","@id":"https:\/\/thelyflabs.com\/#organization","name":"Os Laborat\u00f3rios LYF","url":"https:\/\/thelyflabs.com\/","logo":{"@type":"ImageObject","inLanguage":"pt-PT","@id":"https:\/\/thelyflabs.com\/#\/schema\/logo\/image\/","url":"https:\/\/thelyflabs.com\/wp-content\/uploads\/2023\/01\/cropped-LogoTheLYFLabs.png","contentUrl":"https:\/\/thelyflabs.com\/wp-content\/uploads\/2023\/01\/cropped-LogoTheLYFLabs.png","width":600,"height":180,"caption":"The LYF Labs"},"image":{"@id":"https:\/\/thelyflabs.com\/#\/schema\/logo\/image\/"}}]}},"_links":{"self":[{"href":"https:\/\/thelyflabs.com\/pt\/wp-json\/wp\/v2\/product\/11941","targetHints":{"allow":["GET"]}}],"collection":[{"href":"https:\/\/thelyflabs.com\/pt\/wp-json\/wp\/v2\/product"}],"about":[{"href":"https:\/\/thelyflabs.com\/pt\/wp-json\/wp\/v2\/types\/product"}],"replies":[{"embeddable":true,"href":"https:\/\/thelyflabs.com\/pt\/wp-json\/wp\/v2\/comments?post=11941"}],"wp:featuredmedia":[{"embeddable":true,"href":"https:\/\/thelyflabs.com\/pt\/wp-json\/wp\/v2\/media\/11935"}],"wp:attachment":[{"href":"https:\/\/thelyflabs.com\/pt\/wp-json\/wp\/v2\/media?parent=11941"}],"wp:term":[{"taxonomy":"product_brand","embeddable":true,"href":"https:\/\/thelyflabs.com\/pt\/wp-json\/wp\/v2\/product_brand?post=11941"},{"taxonomy":"product_cat","embeddable":true,"href":"https:\/\/thelyflabs.com\/pt\/wp-json\/wp\/v2\/product_cat?post=11941"},{"taxonomy":"product_tag","embeddable":true,"href":"https:\/\/thelyflabs.com\/pt\/wp-json\/wp\/v2\/product_tag?post=11941"}],"curies":[{"name":"wp","href":"https:\/\/api.w.org\/{rel}","templated":true}]}}