{"id":12198,"date":"2025-05-29T01:25:37","date_gmt":"2025-05-28T23:25:37","guid":{"rendered":"https:\/\/thelyflabs.com\/?post_type=product&#038;p=12198"},"modified":"2026-03-20T10:20:43","modified_gmt":"2026-03-20T09:20:43","slug":"space-hash-moroccan-stv-sativanol","status":"publish","type":"product","link":"https:\/\/thelyflabs.com\/pt\/product\/space-hash-moroccan-stv-sativanol","title":{"rendered":"Hash espacial marroquino STV (Sativanol)"},"content":{"rendered":"<h1><span style=\"font-weight: 400\">Space Hash Marroquino STV: As Novas Mol\u00e9culas<\/span><\/h1>\n<p><span style=\"font-weight: 400\">O Space Hash Moroccan STV \u00e9 uma joia para quem procura um <strong>Haxixe sem THC<\/strong> que combina o melhor do haxixe marroquino tradicional com a pot\u00eancia de <strong>Super Sativa<\/strong>Textura flex\u00edvel e acabamento artesanal, para quem busca algo diferente sem perder a ess\u00eancia do aut\u00eantico haxixe premium:<\/span><\/p>\n<ul>\n<li>\u00c9 um produto seguro que atende aos padr\u00f5es legais, com menos de 0,3% de THC.<\/li>\n<li>Al\u00e9m disso, n\u00e3o cont\u00e9m produtos qu\u00edmicos nem aditivos artificiais.<\/li>\n<li>Ideal para consumidores exigentes e apreciadores de haxixe de alta qualidade.<\/li>\n<li>Qualidade testada por laborat\u00f3rios independentes <a href=\"https:\/\/iguanasmoke.com\/analiticas\/\">aqui<\/a>.<\/li>\n<\/ul>\n<h2><\/h2>\n<h2><strong>O que \u00e9 STV? <\/strong><\/h2>\n<p><span style=\"font-weight: 400\">STV (Super Sativa \u2013 Sativanol) \u00e9 um <strong>canabin\u00f3ide semissint\u00e9tico<\/strong> pr\u00f3xima gera\u00e7\u00e3o, derivada do c\u00e2nhamo. Foi projetada para oferecer <strong>efeitos estimulantes, sensa\u00e7\u00e3o de euforia e momentos de clareza mental.<\/strong>Tudo isso sem conter THC, HHC, THCP ou an\u00e1logos psicoativos. <\/span><\/p>\n<p><span style=\"font-weight: 400\">O melhor desta mol\u00e9cula \u00e9 que n\u00e3o se sabe que cause toler\u00e2ncia, o que significa que voc\u00ea pode desfrutar dos seus efeitos por mais tempo. Voc\u00ea pode experimentar o Space Hash Moroccan STV com um <strong>in\u00edcio moderado<\/strong> (10-30 minutos) e um <strong>dura\u00e7\u00e3o de 3 a 4 horas<\/strong>, que n\u00e3o causa sonol\u00eancia posteriormente.\u00a0<\/span><\/p>\n<p><span style=\"font-weight: 400\">O melhor \u00e9 que o STV representa um <strong>nova era dos canabinoides funcionais<\/strong>Ideal para quem busca experi\u00eancias. <strong>Tipo Sativa sem sofrer os efeitos negativos<\/strong>\u00c9 simplesmente perfeito.\u00a0\u00a0<\/span><\/p>\n<p>&nbsp;<\/p>\n<section class=\"product-description\">\n<h2>Caracter\u00edsticas do Space Hash Moroccan STV:<\/h2>\n<ul>\n<li><span style=\"font-size: 16px;font-weight: 400\"><strong>Aroma e sabor:<\/strong> Isso emite um <strong>aroma sutil e picante<\/strong> Reminiscente dos cl\u00e1ssicos do Norte da \u00c1frica. Um sabor rico e envolvente desde o in\u00edcio, sem ser enjoativo.\u00a0<\/span><\/li>\n<li><strong>Origem e pureza:<\/strong> <span style=\"font-size: 16px;font-weight: 400\">Feito de <strong>C\u00e2nhamo europeu selecionado<\/strong> em detalhes e seguindo o <strong>m\u00e9todos tradicionais marroquinos que, juntamente com o STV<\/strong> Este canabin\u00f3ide moderno oferece uma experi\u00eancia alternativa, sem efeitos psicoativos e completamente legal.\u00a0<\/span><\/li>\n<li><span style=\"font-size: 16px;font-weight: 400\"><strong>Apar\u00eancia e textura:<\/strong>\u00a0 Sua cor loira clara e apar\u00eancia compacta fazem dele um haxixe atraente para quem aprecia a qualidade visual. \u00c9 f\u00e1cil de manusear e perfeito para desfrutar sozinho ou em companhia de outros.\u00a0<\/span><\/li>\n<\/ul>\n<p>&nbsp;<\/p>\n<h2>Qualidade e seguran\u00e7a<\/h2>\n<p>Em <strong>Os Laborat\u00f3rios Lyf<\/strong>, garantimos que cada lote de <strong>Hash espacial marroquino STV (Sativanol)<\/strong> O produto passa por rigorosas an\u00e1lises laboratoriais para confirmar sua pureza, aus\u00eancia de pesticidas e n\u00edveis legais de THC (inferiores a 0,31% TP3T). Nosso compromisso com a qualidade e a seguran\u00e7a nos permite oferecer um produto confi\u00e1vel, adequado a todos os usu\u00e1rios que valorizam a legalidade e a excel\u00eancia no consumo.<\/p>\n<p>&nbsp;<\/p>\n<p><span style=\"font-size: 1.7em;font-weight: bold\">Por que comprar Space Hash STV da The Lyf Labs?<\/span><\/p>\n<\/section>\n<section class=\"product-description\">\n<ul>\n<li>Produto 100% legal na Uni\u00e3o Europeia, em conformidade com a regulamenta\u00e7\u00e3o vigente sobre THC.<\/li>\n<li>Natural, sem agrot\u00f3xicos ou aditivos qu\u00edmicos, garantindo um consumo seguro e saud\u00e1vel.<\/li>\n<li>Testado em laborat\u00f3rios certificados para garantir m\u00e1xima pureza e qualidade.<\/li>\n<li>Entrega r\u00e1pida e servi\u00e7o profissional acompanham cada compra.<\/li>\n<li>Compra segura e suporte especializado para tirar qualquer d\u00favida.<\/li>\n<\/ul>\n<p>A Lyf Labs est\u00e1 comprometida em oferecer produtos que combinam tradi\u00e7\u00e3o, inova\u00e7\u00e3o e a mais alta qualidade. Ele <strong>Hash espacial marroquino STV (Sativanol)<\/strong> \u00c9 uma excelente escolha para quem busca um haxixe artesanal com um perfil moderno e uma experi\u00eancia de uso \u00fanica. Confie em n\u00f3s para adicionar \u00e0 sua cole\u00e7\u00e3o ou cat\u00e1logo um produto que se destaque pela autenticidade, sabor e confiabilidade.<\/p>\n<p><span style=\"font-size: 1.7em;font-weight: bold\">O Lyf Labs \u00e9 de qualidade<\/span><\/p>\n<\/section>\n<p>O Lyf Labs representa excel\u00eancia no mercado atacadista de canabinoides, oferecendo produtos inovadores, seguros e de alta pureza para lojas especializadas e distribuidores. Nosso foco \u00e9 atender \u00e0s necessidades de um setor profissional que busca qualidade consistente, rastreabilidade e pre\u00e7os competitivos. Se voc\u00ea est\u00e1 procurando um fornecedor confi\u00e1vel e inovador, o Lyf Labs \u00e9 um parceiro estrat\u00e9gico para o crescimento no mercado de c\u00e2nhamo.<\/p>\n<section class=\"product-description\">\n<p style=\"position: absolute;left: -9999px\">Sativanol e haxixe CBD com o melhor pre\u00e7o de atacado na The Lyf Labs. Produtos de CBD e STV no atacado com descontos exclusivos no varejo. Sativanol Hashish por atacado dispon\u00edvel em nosso site<\/p>\n<\/section>","protected":false},"excerpt":{"rendered":"<p><span style=\"font-weight: 400\">Space Hash Moroccan STV tem uma textura firme e um aroma picante. Enriquecido com STV (Sativanol), proporciona clareza mental e uma leve euforia.\u00a0<\/span><\/p>\n<ul>\n<li><strong style=\"font-size: 16px;font-style: normal\">Cor loiro claro <\/strong>\u2013 Perfeito para uma experi\u00eancia aut\u00eantica<\/li>\n<li><strong>Menos de 0,3% de THC \u2013 100% \u00e9 legal em toda a Europa.<\/strong><\/li>\n<li><strong>Produ\u00e7\u00e3o natural<\/strong>\u2013 Sem pesticidas ou produtos qu\u00edmicos artificiais<\/li>\n<\/ul>\n<p>An\u00e1lise de qualidade: clique\u00a0<a href=\"https:\/\/iguanasmoke.com\/analiticas\/\" target=\"_blank\" rel=\"noopener\">aqui<\/a><\/p>","protected":false},"featured_media":12219,"comment_status":"open","ping_status":"closed","template":"","meta":{"_acf_changed":false,"site-sidebar-layout":"default","site-content-layout":"","ast-site-content-layout":"default","site-content-style":"default","site-sidebar-style":"default","ast-global-header-display":"","ast-banner-title-visibility":"","ast-main-header-display":"","ast-hfb-above-header-display":"","ast-hfb-below-header-display":"","ast-hfb-mobile-header-display":"","site-post-title":"","ast-breadcrumbs-content":"","ast-featured-img":"","footer-sml-layout":"","theme-transparent-header-meta":"default","adv-header-id-meta":"","stick-header-meta":"","header-above-stick-meta":"","header-main-stick-meta":"","header-below-stick-meta":"","astra-migrate-meta-layouts":"set","ast-page-background-enabled":"default","ast-page-background-meta":{"desktop":{"background-color":"var(--ast-global-color-4)","background-image":"","background-repeat":"repeat","background-position":"center center","background-size":"auto","background-attachment":"scroll","background-type":"","background-media":"","overlay-type":"","overlay-color":"","overlay-opacity":"","overlay-gradient":""},"tablet":{"background-color":"","background-image":"","background-repeat":"repeat","background-position":"center center","background-size":"auto","background-attachment":"scroll","background-type":"","background-media":"","overlay-type":"","overlay-color":"","overlay-opacity":"","overlay-gradient":""},"mobile":{"background-color":"","background-image":"","background-repeat":"repeat","background-position":"center center","background-size":"auto","background-attachment":"scroll","background-type":"","background-media":"","overlay-type":"","overlay-color":"","overlay-opacity":"","overlay-gradient":""}},"ast-content-background-meta":{"desktop":{"background-color":"var(--ast-global-color-5)","background-image":"","background-repeat":"repeat","background-position":"center center","background-size":"auto","background-attachment":"scroll","background-type":"","background-media":"","overlay-type":"","overlay-color":"","overlay-opacity":"","overlay-gradient":""},"tablet":{"background-color":"var(--ast-global-color-5)","background-image":"","background-repeat":"repeat","background-position":"center center","background-size":"auto","background-attachment":"scroll","background-type":"","background-media":"","overlay-type":"","overlay-color":"","overlay-opacity":"","overlay-gradient":""},"mobile":{"background-color":"var(--ast-global-color-5)","background-image":"","background-repeat":"repeat","background-position":"center center","background-size":"auto","background-attachment":"scroll","background-type":"","background-media":"","overlay-type":"","overlay-color":"","overlay-opacity":"","overlay-gradient":""}}},"product_brand":[],"product_cat":[146,66,143,138],"product_tag":[],"class_list":{"0":"post-12198","1":"product","2":"type-product","3":"status-publish","4":"has-post-thumbnail","6":"product_cat-nuevas-moleculas","7":"product_cat-resinas","8":"product_cat-stv","9":"product_cat-stv-sativanol","10":"desktop-align-center","11":"tablet-align-left","12":"mobile-align-left","14":"first","15":"instock","16":"taxable","17":"shipping-taxable","18":"purchasable","19":"product-type-variable"},"acf":[],"yoast_head":"<!-- This site is optimized with the Yoast SEO plugin v27.4 - https:\/\/yoast.com\/product\/yoast-seo-wordpress\/ -->\n<title>Space Hash Moroccan STV (Sativanol) - THE LYF LABS<\/title>\n<meta name=\"description\" content=\"Hach\u00eds de Sativanol y CBD al mejor precio mayorista. Venta de productos de CBD y STV al por mayor con descuentos exclusivos para tiendas.\" \/>\n<meta name=\"robots\" content=\"index, follow, max-snippet:-1, max-image-preview:large, max-video-preview:-1\" \/>\n<link rel=\"canonical\" href=\"https:\/\/thelyflabs.com\/pt\/product\/space-hash-moroccan-stv-sativanol\/\" \/>\n<meta property=\"og:locale\" content=\"pt_PT\" \/>\n<meta property=\"og:type\" content=\"article\" \/>\n<meta property=\"og:title\" content=\"Space Hash Moroccan STV (Sativanol) - THE LYF LABS\" \/>\n<meta property=\"og:description\" content=\"Hach\u00eds de Sativanol y CBD al mejor precio mayorista. Venta de productos de CBD y STV al por mayor con descuentos exclusivos para tiendas.\" \/>\n<meta property=\"og:url\" content=\"https:\/\/thelyflabs.com\/pt\/product\/space-hash-moroccan-stv-sativanol\/\" \/>\n<meta property=\"og:site_name\" content=\"THE LYF LABS\" \/>\n<meta property=\"article:modified_time\" content=\"2026-03-20T09:20:43+00:00\" \/>\n<meta property=\"og:image\" content=\"https:\/\/thelyflabs.com\/wp-content\/uploads\/2025\/05\/mockup-Blonde-2g.png\" \/>\n\t<meta property=\"og:image:width\" content=\"1000\" \/>\n\t<meta property=\"og:image:height\" content=\"1000\" \/>\n\t<meta property=\"og:image:type\" content=\"image\/png\" \/>\n<meta name=\"twitter:card\" content=\"summary_large_image\" \/>\n<meta name=\"twitter:label1\" content=\"Tempo estimado de leitura\" \/>\n\t<meta name=\"twitter:data1\" content=\"4 minutos\" \/>\n<script type=\"application\/ld+json\" class=\"yoast-schema-graph\">{\"@context\":\"https:\\\/\\\/schema.org\",\"@graph\":[{\"@type\":\"WebPage\",\"@id\":\"https:\\\/\\\/thelyflabs.com\\\/product\\\/space-hash-moroccan-stv-sativanol\",\"url\":\"https:\\\/\\\/thelyflabs.com\\\/product\\\/space-hash-moroccan-stv-sativanol\",\"name\":\"Space Hash Moroccan STV (Sativanol) - THE LYF LABS\",\"isPartOf\":{\"@id\":\"https:\\\/\\\/thelyflabs.com\\\/#website\"},\"primaryImageOfPage\":{\"@id\":\"https:\\\/\\\/thelyflabs.com\\\/product\\\/space-hash-moroccan-stv-sativanol#primaryimage\"},\"image\":{\"@id\":\"https:\\\/\\\/thelyflabs.com\\\/product\\\/space-hash-moroccan-stv-sativanol#primaryimage\"},\"thumbnailUrl\":\"https:\\\/\\\/thelyflabs.com\\\/wp-content\\\/uploads\\\/2025\\\/05\\\/mockup-Blonde-2g.png\",\"datePublished\":\"2025-05-28T23:25:37+00:00\",\"dateModified\":\"2026-03-20T09:20:43+00:00\",\"description\":\"Hach\u00eds de Sativanol y CBD al mejor precio mayorista. Venta de productos de CBD y STV al por mayor con descuentos exclusivos para tiendas.\",\"breadcrumb\":{\"@id\":\"https:\\\/\\\/thelyflabs.com\\\/product\\\/space-hash-moroccan-stv-sativanol#breadcrumb\"},\"inLanguage\":\"pt-PT\",\"potentialAction\":[{\"@type\":\"ReadAction\",\"target\":[\"https:\\\/\\\/thelyflabs.com\\\/product\\\/space-hash-moroccan-stv-sativanol\"]}]},{\"@type\":\"ImageObject\",\"inLanguage\":\"pt-PT\",\"@id\":\"https:\\\/\\\/thelyflabs.com\\\/product\\\/space-hash-moroccan-stv-sativanol#primaryimage\",\"url\":\"https:\\\/\\\/thelyflabs.com\\\/wp-content\\\/uploads\\\/2025\\\/05\\\/mockup-Blonde-2g.png\",\"contentUrl\":\"https:\\\/\\\/thelyflabs.com\\\/wp-content\\\/uploads\\\/2025\\\/05\\\/mockup-Blonde-2g.png\",\"width\":1000,\"height\":1000},{\"@type\":\"BreadcrumbList\",\"@id\":\"https:\\\/\\\/thelyflabs.com\\\/product\\\/space-hash-moroccan-stv-sativanol#breadcrumb\",\"itemListElement\":[{\"@type\":\"ListItem\",\"position\":1,\"name\":\"Portada\",\"item\":\"https:\\\/\\\/thelyflabs.com\\\/\"},{\"@type\":\"ListItem\",\"position\":2,\"name\":\"Tienda\",\"item\":\"https:\\\/\\\/thelyflabs.com\\\/tienda\"},{\"@type\":\"ListItem\",\"position\":3,\"name\":\"Space Hash Moroccan STV (Sativanol)\"}]},{\"@type\":\"WebSite\",\"@id\":\"https:\\\/\\\/thelyflabs.com\\\/#website\",\"url\":\"https:\\\/\\\/thelyflabs.com\\\/\",\"name\":\"The LYF Labs\",\"description\":\"CBD al por mayor\",\"publisher\":{\"@id\":\"https:\\\/\\\/thelyflabs.com\\\/#organization\"},\"potentialAction\":[{\"@type\":\"SearchAction\",\"target\":{\"@type\":\"EntryPoint\",\"urlTemplate\":\"https:\\\/\\\/thelyflabs.com\\\/?s={search_term_string}\"},\"query-input\":{\"@type\":\"PropertyValueSpecification\",\"valueRequired\":true,\"valueName\":\"search_term_string\"}}],\"inLanguage\":\"pt-PT\"},{\"@type\":\"Organization\",\"@id\":\"https:\\\/\\\/thelyflabs.com\\\/#organization\",\"name\":\"The LYF Labs\",\"url\":\"https:\\\/\\\/thelyflabs.com\\\/\",\"logo\":{\"@type\":\"ImageObject\",\"inLanguage\":\"pt-PT\",\"@id\":\"https:\\\/\\\/thelyflabs.com\\\/#\\\/schema\\\/logo\\\/image\\\/\",\"url\":\"https:\\\/\\\/thelyflabs.com\\\/wp-content\\\/uploads\\\/2023\\\/01\\\/cropped-LogoTheLYFLabs.png\",\"contentUrl\":\"https:\\\/\\\/thelyflabs.com\\\/wp-content\\\/uploads\\\/2023\\\/01\\\/cropped-LogoTheLYFLabs.png\",\"width\":600,\"height\":180,\"caption\":\"The LYF Labs\"},\"image\":{\"@id\":\"https:\\\/\\\/thelyflabs.com\\\/#\\\/schema\\\/logo\\\/image\\\/\"}}]}<\/script>\n<!-- \/ Yoast SEO plugin. -->","yoast_head_json":{"title":"Space Hash Moroccan STV (Sativanol) - THE LYF LABS","description":"Hach\u00eds de Sativanol y CBD al mejor precio mayorista. Venta de productos de CBD y STV al por mayor con descuentos exclusivos para tiendas.","robots":{"index":"index","follow":"follow","max-snippet":"max-snippet:-1","max-image-preview":"max-image-preview:large","max-video-preview":"max-video-preview:-1"},"canonical":"https:\/\/thelyflabs.com\/pt\/product\/space-hash-moroccan-stv-sativanol\/","og_locale":"pt_PT","og_type":"article","og_title":"Space Hash Moroccan STV (Sativanol) - THE LYF LABS","og_description":"Hach\u00eds de Sativanol y CBD al mejor precio mayorista. Venta de productos de CBD y STV al por mayor con descuentos exclusivos para tiendas.","og_url":"https:\/\/thelyflabs.com\/pt\/product\/space-hash-moroccan-stv-sativanol\/","og_site_name":"THE LYF LABS","article_modified_time":"2026-03-20T09:20:43+00:00","og_image":[{"width":1000,"height":1000,"url":"https:\/\/thelyflabs.com\/wp-content\/uploads\/2025\/05\/mockup-Blonde-2g.png","type":"image\/png"}],"twitter_card":"summary_large_image","twitter_misc":{"Tempo estimado de leitura":"4 minutos"},"schema":{"@context":"https:\/\/schema.org","@graph":[{"@type":"WebPage","@id":"https:\/\/thelyflabs.com\/product\/space-hash-moroccan-stv-sativanol","url":"https:\/\/thelyflabs.com\/product\/space-hash-moroccan-stv-sativanol","name":"Space Hash Moroccan STV (Sativanol) - THE LYF LABS","isPartOf":{"@id":"https:\/\/thelyflabs.com\/#website"},"primaryImageOfPage":{"@id":"https:\/\/thelyflabs.com\/product\/space-hash-moroccan-stv-sativanol#primaryimage"},"image":{"@id":"https:\/\/thelyflabs.com\/product\/space-hash-moroccan-stv-sativanol#primaryimage"},"thumbnailUrl":"https:\/\/thelyflabs.com\/wp-content\/uploads\/2025\/05\/mockup-Blonde-2g.png","datePublished":"2025-05-28T23:25:37+00:00","dateModified":"2026-03-20T09:20:43+00:00","description":"Hach\u00eds de Sativanol y CBD al mejor precio mayorista. Venta de productos de CBD y STV al por mayor con descuentos exclusivos para tiendas.","breadcrumb":{"@id":"https:\/\/thelyflabs.com\/product\/space-hash-moroccan-stv-sativanol#breadcrumb"},"inLanguage":"pt-PT","potentialAction":[{"@type":"ReadAction","target":["https:\/\/thelyflabs.com\/product\/space-hash-moroccan-stv-sativanol"]}]},{"@type":"ImageObject","inLanguage":"pt-PT","@id":"https:\/\/thelyflabs.com\/product\/space-hash-moroccan-stv-sativanol#primaryimage","url":"https:\/\/thelyflabs.com\/wp-content\/uploads\/2025\/05\/mockup-Blonde-2g.png","contentUrl":"https:\/\/thelyflabs.com\/wp-content\/uploads\/2025\/05\/mockup-Blonde-2g.png","width":1000,"height":1000},{"@type":"BreadcrumbList","@id":"https:\/\/thelyflabs.com\/product\/space-hash-moroccan-stv-sativanol#breadcrumb","itemListElement":[{"@type":"ListItem","position":1,"name":"Portada","item":"https:\/\/thelyflabs.com\/"},{"@type":"ListItem","position":2,"name":"Tienda","item":"https:\/\/thelyflabs.com\/tienda"},{"@type":"ListItem","position":3,"name":"Space Hash Moroccan STV (Sativanol)"}]},{"@type":"WebSite","@id":"https:\/\/thelyflabs.com\/#website","url":"https:\/\/thelyflabs.com\/","name":"Os Laborat\u00f3rios LYF","description":"CBD atacado","publisher":{"@id":"https:\/\/thelyflabs.com\/#organization"},"potentialAction":[{"@type":"SearchAction","target":{"@type":"EntryPoint","urlTemplate":"https:\/\/thelyflabs.com\/?s={search_term_string}"},"query-input":{"@type":"PropertyValueSpecification","valueRequired":true,"valueName":"search_term_string"}}],"inLanguage":"pt-PT"},{"@type":"Organization","@id":"https:\/\/thelyflabs.com\/#organization","name":"Os Laborat\u00f3rios LYF","url":"https:\/\/thelyflabs.com\/","logo":{"@type":"ImageObject","inLanguage":"pt-PT","@id":"https:\/\/thelyflabs.com\/#\/schema\/logo\/image\/","url":"https:\/\/thelyflabs.com\/wp-content\/uploads\/2023\/01\/cropped-LogoTheLYFLabs.png","contentUrl":"https:\/\/thelyflabs.com\/wp-content\/uploads\/2023\/01\/cropped-LogoTheLYFLabs.png","width":600,"height":180,"caption":"The LYF Labs"},"image":{"@id":"https:\/\/thelyflabs.com\/#\/schema\/logo\/image\/"}}]}},"_links":{"self":[{"href":"https:\/\/thelyflabs.com\/pt\/wp-json\/wp\/v2\/product\/12198","targetHints":{"allow":["GET"]}}],"collection":[{"href":"https:\/\/thelyflabs.com\/pt\/wp-json\/wp\/v2\/product"}],"about":[{"href":"https:\/\/thelyflabs.com\/pt\/wp-json\/wp\/v2\/types\/product"}],"replies":[{"embeddable":true,"href":"https:\/\/thelyflabs.com\/pt\/wp-json\/wp\/v2\/comments?post=12198"}],"wp:featuredmedia":[{"embeddable":true,"href":"https:\/\/thelyflabs.com\/pt\/wp-json\/wp\/v2\/media\/12219"}],"wp:attachment":[{"href":"https:\/\/thelyflabs.com\/pt\/wp-json\/wp\/v2\/media?parent=12198"}],"wp:term":[{"taxonomy":"product_brand","embeddable":true,"href":"https:\/\/thelyflabs.com\/pt\/wp-json\/wp\/v2\/product_brand?post=12198"},{"taxonomy":"product_cat","embeddable":true,"href":"https:\/\/thelyflabs.com\/pt\/wp-json\/wp\/v2\/product_cat?post=12198"},{"taxonomy":"product_tag","embeddable":true,"href":"https:\/\/thelyflabs.com\/pt\/wp-json\/wp\/v2\/product_tag?post=12198"}],"curies":[{"name":"wp","href":"https:\/\/api.w.org\/{rel}","templated":true}]}}