{"id":12452,"date":"2025-06-13T14:43:12","date_gmt":"2025-06-13T12:43:12","guid":{"rendered":"https:\/\/thelyflabs.com\/?post_type=product&#038;p=12452"},"modified":"2026-03-20T10:34:13","modified_gmt":"2026-03-20T09:34:13","slug":"hash-cbn-40","status":"publish","type":"product","link":"https:\/\/thelyflabs.com\/pt\/product\/hash-cbn-40","title":{"rendered":"Hash CBN 40%"},"content":{"rendered":"<h1><span style=\"font-weight: 400\">Hash CBN 40%: Nosso \u00fanico e exclusivo<\/span><\/h1>\n<p><span style=\"font-weight: 400\">Este haxixe \u00e9 t\u00e3o especial quanto \u00fanico, o <strong>Hash CBN 40%<\/strong> \u00c9 \u00fanico em seu g\u00eanero: com 40% de CBN (canabinol) em sua composi\u00e7\u00e3o e menos de 0,3% de THC, torna-se o haxixe ideal para ser apreciado sozinho.<\/span><span style=\"font-weight: 400\">\u00a0Descubra porqu\u00ea <strong>Haxixe CBN 40%<\/strong><strong>\u00a0<\/strong>\u00c9 uma das resinas mais potentes e de maior qualidade que voc\u00ea pode encontrar, se quiser <strong>comprar haxixe CBN barato<\/strong> mas premium.<\/span><\/p>\n<p><span style=\"font-weight: 400\">Explore sua textura e aprecie seus aromas!<\/span><\/p>\n<p>&nbsp;<\/p>\n<h2><strong>O que \u00e9 a CBN?<\/strong><\/h2>\n<p><span style=\"font-weight: 400\">Ele <strong>CBN<\/strong> (canabinol) \u00e9 um <strong>canabin\u00f3ide natural<\/strong> que est\u00e1 localizado no <strong>planta de cannabis<\/strong>, embora em pequenas propor\u00e7\u00f5es. Isso se forma naturalmente quando o <strong>O THC oxida ou envelhece.<\/strong>\u00c9 por isso que ela aparece frequentemente em flores antigas ou extratos. Sua presen\u00e7a \u00e9 vital em nosso <strong>Hash CBN 40%<\/strong> apenas.<\/span><\/p>\n<p><span style=\"font-weight: 400\"><strong>N\u00e3o \u00e9 uma subst\u00e2ncia psicoativa.<\/strong> Portanto, assim como o CBD, n\u00e3o produz efeitos psicoativos. \u00c9 frequentemente usado para melhorar o sono devido \u00e0s suas propriedades. <strong>efeito relaxante e sedativo<\/strong>Tamb\u00e9m pode ajudar a reduzir a ansiedade, a dor e a inflama\u00e7\u00e3o. Em combina\u00e7\u00e3o com o CBD, pode potencializar os efeitos calmantes sem alterar o estado mental.\u00a0<\/span><\/p>\n<p>&nbsp;<\/p>\n<h2>Caracter\u00edsticas do haxixe CBN:<\/h2>\n<ul>\n<li><b>Apar\u00eancia e textura: <span style=\"font-size: 16px;font-weight: 400\">Destaca-se pela sua cor castanha, <strong>textura cremosa e male\u00e1vel<\/strong> com a presen\u00e7a not\u00e1vel de um CBN 40%.\u00a0<\/span><\/b><\/li>\n<li><span style=\"font-size: 16px;font-weight: 400\"><strong>Aroma e sabor:<\/strong> intenso com tons <strong>doces<\/strong>.<\/span><\/li>\n<li><strong>Origem e pureza:<\/strong><span style=\"font-size: 16px;font-weight: 400\"> Feito com <strong>flores de c\u00e2nhamo em decomposi\u00e7\u00e3o<\/strong> gradualmente ao longo do tempo ou com a exposi\u00e7\u00e3o ao ar e \u00e0 luz.\u00a0<\/span><\/li>\n<\/ul>\n<p>&nbsp;<\/p>\n<section class=\"product-description\">\n<h2>Qualidade e seguran\u00e7a<\/h2>\n<p>Em <strong>Os Laborat\u00f3rios Lyf<\/strong>, garantimos que cada lote de <span style=\"font-weight: 400\"><strong>Hash CBN 40%<\/strong><\/span>\u00a0O produto passa por rigorosas an\u00e1lises laboratoriais para confirmar sua pureza, aus\u00eancia de pesticidas e n\u00edveis legais de THC (inferiores a 0,31% TP3T). Nosso compromisso com a qualidade e a seguran\u00e7a nos permite oferecer um produto confi\u00e1vel, adequado a todos os usu\u00e1rios que valorizam a legalidade e a excel\u00eancia no consumo.<\/p>\n<p>&nbsp;<\/p>\n<p><span style=\"font-size: 1.7em;font-weight: bold\">Por que comprar? <span style=\"font-weight: 400\"><strong>Hash CBN 40%<\/strong><\/span>\u00a0nos Laborat\u00f3rios Lyf?<\/span><\/p>\n<\/section>\n<section class=\"product-description\">\n<ul>\n<li>Produto 100% legal na Uni\u00e3o Europeia, em conformidade com a regulamenta\u00e7\u00e3o vigente sobre THC.<\/li>\n<li>Natural, sem agrot\u00f3xicos ou aditivos qu\u00edmicos, garantindo um consumo seguro e saud\u00e1vel.<\/li>\n<li>Testado em laborat\u00f3rios certificados para garantir m\u00e1xima pureza e qualidade.<\/li>\n<li>Entrega r\u00e1pida e servi\u00e7o profissional acompanham cada compra.<\/li>\n<li>Compra segura e suporte especializado para tirar qualquer d\u00favida.<\/li>\n<\/ul>\n<p>A Lyf Labs est\u00e1 comprometida em oferecer produtos que combinam tradi\u00e7\u00e3o, inova\u00e7\u00e3o e a mais alta qualidade. Ele <span style=\"font-weight: 400\"><strong>Hash CBN 40%<\/strong><\/span>\u00a0\u00c9 uma excelente escolha para quem busca um haxixe artesanal com um perfil moderno e uma experi\u00eancia de uso \u00fanica. Confie em n\u00f3s para adicionar \u00e0 sua cole\u00e7\u00e3o ou cat\u00e1logo um produto que se destaque pela autenticidade, sabor e confiabilidade.<\/p>\n<p>&nbsp;<\/p>\n<\/section>\n<h2><b>Os Laborat\u00f3rios Lyf<\/b><b> \u00c9 qualidade<\/b><\/h2>\n<p><span style=\"font-weight: 400\">A Lyf Labs \u00e9 sin\u00f4nimo de qualidade; uma marca atraente que ressoa com a nova gera\u00e7\u00e3o de usu\u00e1rios de CBD que buscam um produto seguro, confi\u00e1vel e acess\u00edvel, com todas as caracter\u00edsticas para se posicionar com sucesso no crescente mercado de CBD. Se tiver alguma d\u00favida, entre em contato conosco e teremos prazer em ajudar.<\/span><\/p>","protected":false},"excerpt":{"rendered":"<p><span style=\"font-weight: 400\">O CBN Hash 40% destaca-se pelo seu aroma intenso e notas doces, oferecendo uma textura cremosa e male\u00e1vel. Este haxixe \u00e9 ideal para entusiastas que buscam uma experi\u00eancia aut\u00eantica e desejam comprar CBD online.<\/span><\/p>\n<ul>\n<li>CBN: 40% \/ THC: &lt;0,3%<\/li>\n<li>100% legal na Europa<\/li>\n<\/ul>\n<p>An\u00e1lise de qualidade: clique\u00a0<a href=\"https:\/\/iguanasmoke.com\/analiticas\/\" target=\"_blank\" rel=\"noopener\">aqui<\/a><\/p>","protected":false},"featured_media":17458,"comment_status":"open","ping_status":"closed","template":"","meta":{"_acf_changed":false,"site-sidebar-layout":"default","site-content-layout":"","ast-site-content-layout":"default","site-content-style":"default","site-sidebar-style":"default","ast-global-header-display":"","ast-banner-title-visibility":"","ast-main-header-display":"","ast-hfb-above-header-display":"","ast-hfb-below-header-display":"","ast-hfb-mobile-header-display":"","site-post-title":"","ast-breadcrumbs-content":"","ast-featured-img":"","footer-sml-layout":"","theme-transparent-header-meta":"default","adv-header-id-meta":"","stick-header-meta":"","header-above-stick-meta":"","header-main-stick-meta":"","header-below-stick-meta":"","astra-migrate-meta-layouts":"set","ast-page-background-enabled":"default","ast-page-background-meta":{"desktop":{"background-color":"var(--ast-global-color-4)","background-image":"","background-repeat":"repeat","background-position":"center center","background-size":"auto","background-attachment":"scroll","background-type":"","background-media":"","overlay-type":"","overlay-color":"","overlay-opacity":"","overlay-gradient":""},"tablet":{"background-color":"","background-image":"","background-repeat":"repeat","background-position":"center center","background-size":"auto","background-attachment":"scroll","background-type":"","background-media":"","overlay-type":"","overlay-color":"","overlay-opacity":"","overlay-gradient":""},"mobile":{"background-color":"","background-image":"","background-repeat":"repeat","background-position":"center center","background-size":"auto","background-attachment":"scroll","background-type":"","background-media":"","overlay-type":"","overlay-color":"","overlay-opacity":"","overlay-gradient":""}},"ast-content-background-meta":{"desktop":{"background-color":"var(--ast-global-color-5)","background-image":"","background-repeat":"repeat","background-position":"center center","background-size":"auto","background-attachment":"scroll","background-type":"","background-media":"","overlay-type":"","overlay-color":"","overlay-opacity":"","overlay-gradient":""},"tablet":{"background-color":"var(--ast-global-color-5)","background-image":"","background-repeat":"repeat","background-position":"center center","background-size":"auto","background-attachment":"scroll","background-type":"","background-media":"","overlay-type":"","overlay-color":"","overlay-opacity":"","overlay-gradient":""},"mobile":{"background-color":"var(--ast-global-color-5)","background-image":"","background-repeat":"repeat","background-position":"center center","background-size":"auto","background-attachment":"scroll","background-type":"","background-media":"","overlay-type":"","overlay-color":"","overlay-opacity":"","overlay-gradient":""}}},"product_brand":[],"product_cat":[66],"product_tag":[],"class_list":{"0":"post-12452","1":"product","2":"type-product","3":"status-publish","4":"has-post-thumbnail","6":"product_cat-resinas","7":"desktop-align-center","8":"tablet-align-left","9":"mobile-align-left","11":"first","12":"outofstock","13":"taxable","14":"shipping-taxable","15":"purchasable","16":"product-type-variable"},"acf":[],"yoast_head":"<!-- This site is optimized with the Yoast SEO plugin v27.4 - https:\/\/yoast.com\/product\/yoast-seo-wordpress\/ -->\n<title>Hash CBN 40% - THE LYF LABS<\/title>\n<meta name=\"description\" content=\"Compra Hash CBN 40%, hash CBD al mejor precio en The Lyf Labs. Compra hach\u00eds legal Iguana Smoke al por mayor para tiendas y distribuidores.\" \/>\n<meta name=\"robots\" content=\"index, follow, max-snippet:-1, max-image-preview:large, max-video-preview:-1\" \/>\n<link rel=\"canonical\" href=\"https:\/\/thelyflabs.com\/pt\/product\/hash-cbn-40\/\" \/>\n<meta property=\"og:locale\" content=\"pt_PT\" \/>\n<meta property=\"og:type\" content=\"article\" \/>\n<meta property=\"og:title\" content=\"Hash CBN 40% - THE LYF LABS\" \/>\n<meta property=\"og:description\" content=\"Compra Hash CBN 40%, hash CBD al mejor precio en The Lyf Labs. Compra hach\u00eds legal Iguana Smoke al por mayor para tiendas y distribuidores.\" \/>\n<meta property=\"og:url\" content=\"https:\/\/thelyflabs.com\/pt\/product\/hash-cbn-40\/\" \/>\n<meta property=\"og:site_name\" content=\"THE LYF LABS\" \/>\n<meta property=\"article:modified_time\" content=\"2026-03-20T09:34:13+00:00\" \/>\n<meta property=\"og:image\" content=\"https:\/\/thelyflabs.com\/wp-content\/uploads\/2025\/06\/CBN-2g-con-hash.webp\" \/>\n\t<meta property=\"og:image:width\" content=\"1000\" \/>\n\t<meta property=\"og:image:height\" content=\"1000\" \/>\n\t<meta property=\"og:image:type\" content=\"image\/webp\" \/>\n<meta name=\"twitter:card\" content=\"summary_large_image\" \/>\n<meta name=\"twitter:label1\" content=\"Tempo estimado de leitura\" \/>\n\t<meta name=\"twitter:data1\" content=\"3 minutos\" \/>\n<script type=\"application\/ld+json\" class=\"yoast-schema-graph\">{\"@context\":\"https:\\\/\\\/schema.org\",\"@graph\":[{\"@type\":\"WebPage\",\"@id\":\"https:\\\/\\\/thelyflabs.com\\\/product\\\/hash-cbn-40\",\"url\":\"https:\\\/\\\/thelyflabs.com\\\/product\\\/hash-cbn-40\",\"name\":\"Hash CBN 40% - THE LYF LABS\",\"isPartOf\":{\"@id\":\"https:\\\/\\\/thelyflabs.com\\\/#website\"},\"primaryImageOfPage\":{\"@id\":\"https:\\\/\\\/thelyflabs.com\\\/product\\\/hash-cbn-40#primaryimage\"},\"image\":{\"@id\":\"https:\\\/\\\/thelyflabs.com\\\/product\\\/hash-cbn-40#primaryimage\"},\"thumbnailUrl\":\"https:\\\/\\\/thelyflabs.com\\\/wp-content\\\/uploads\\\/2025\\\/06\\\/CBN-2g-con-hash.webp\",\"datePublished\":\"2025-06-13T12:43:12+00:00\",\"dateModified\":\"2026-03-20T09:34:13+00:00\",\"description\":\"Compra Hash CBN 40%, hash CBD al mejor precio en The Lyf Labs. Compra hach\u00eds legal Iguana Smoke al por mayor para tiendas y distribuidores.\",\"breadcrumb\":{\"@id\":\"https:\\\/\\\/thelyflabs.com\\\/product\\\/hash-cbn-40#breadcrumb\"},\"inLanguage\":\"pt-PT\",\"potentialAction\":[{\"@type\":\"ReadAction\",\"target\":[\"https:\\\/\\\/thelyflabs.com\\\/product\\\/hash-cbn-40\"]}]},{\"@type\":\"ImageObject\",\"inLanguage\":\"pt-PT\",\"@id\":\"https:\\\/\\\/thelyflabs.com\\\/product\\\/hash-cbn-40#primaryimage\",\"url\":\"https:\\\/\\\/thelyflabs.com\\\/wp-content\\\/uploads\\\/2025\\\/06\\\/CBN-2g-con-hash.webp\",\"contentUrl\":\"https:\\\/\\\/thelyflabs.com\\\/wp-content\\\/uploads\\\/2025\\\/06\\\/CBN-2g-con-hash.webp\",\"width\":1000,\"height\":1000,\"caption\":\"Hash CBN 2g\"},{\"@type\":\"BreadcrumbList\",\"@id\":\"https:\\\/\\\/thelyflabs.com\\\/product\\\/hash-cbn-40#breadcrumb\",\"itemListElement\":[{\"@type\":\"ListItem\",\"position\":1,\"name\":\"Portada\",\"item\":\"https:\\\/\\\/thelyflabs.com\\\/\"},{\"@type\":\"ListItem\",\"position\":2,\"name\":\"Tienda\",\"item\":\"https:\\\/\\\/thelyflabs.com\\\/tienda\"},{\"@type\":\"ListItem\",\"position\":3,\"name\":\"Hash CBN 40%\"}]},{\"@type\":\"WebSite\",\"@id\":\"https:\\\/\\\/thelyflabs.com\\\/#website\",\"url\":\"https:\\\/\\\/thelyflabs.com\\\/\",\"name\":\"The LYF Labs\",\"description\":\"CBD al por mayor\",\"publisher\":{\"@id\":\"https:\\\/\\\/thelyflabs.com\\\/#organization\"},\"potentialAction\":[{\"@type\":\"SearchAction\",\"target\":{\"@type\":\"EntryPoint\",\"urlTemplate\":\"https:\\\/\\\/thelyflabs.com\\\/?s={search_term_string}\"},\"query-input\":{\"@type\":\"PropertyValueSpecification\",\"valueRequired\":true,\"valueName\":\"search_term_string\"}}],\"inLanguage\":\"pt-PT\"},{\"@type\":\"Organization\",\"@id\":\"https:\\\/\\\/thelyflabs.com\\\/#organization\",\"name\":\"The LYF Labs\",\"url\":\"https:\\\/\\\/thelyflabs.com\\\/\",\"logo\":{\"@type\":\"ImageObject\",\"inLanguage\":\"pt-PT\",\"@id\":\"https:\\\/\\\/thelyflabs.com\\\/#\\\/schema\\\/logo\\\/image\\\/\",\"url\":\"https:\\\/\\\/thelyflabs.com\\\/wp-content\\\/uploads\\\/2023\\\/01\\\/cropped-LogoTheLYFLabs.png\",\"contentUrl\":\"https:\\\/\\\/thelyflabs.com\\\/wp-content\\\/uploads\\\/2023\\\/01\\\/cropped-LogoTheLYFLabs.png\",\"width\":600,\"height\":180,\"caption\":\"The LYF Labs\"},\"image\":{\"@id\":\"https:\\\/\\\/thelyflabs.com\\\/#\\\/schema\\\/logo\\\/image\\\/\"}}]}<\/script>\n<!-- \/ Yoast SEO plugin. -->","yoast_head_json":{"title":"Hash CBN 40% - THE LYF LABS","description":"Compra Hash CBN 40%, hash CBD al mejor precio en The Lyf Labs. Compra hach\u00eds legal Iguana Smoke al por mayor para tiendas y distribuidores.","robots":{"index":"index","follow":"follow","max-snippet":"max-snippet:-1","max-image-preview":"max-image-preview:large","max-video-preview":"max-video-preview:-1"},"canonical":"https:\/\/thelyflabs.com\/pt\/product\/hash-cbn-40\/","og_locale":"pt_PT","og_type":"article","og_title":"Hash CBN 40% - THE LYF LABS","og_description":"Compra Hash CBN 40%, hash CBD al mejor precio en The Lyf Labs. Compra hach\u00eds legal Iguana Smoke al por mayor para tiendas y distribuidores.","og_url":"https:\/\/thelyflabs.com\/pt\/product\/hash-cbn-40\/","og_site_name":"THE LYF LABS","article_modified_time":"2026-03-20T09:34:13+00:00","og_image":[{"width":1000,"height":1000,"url":"https:\/\/thelyflabs.com\/wp-content\/uploads\/2025\/06\/CBN-2g-con-hash.webp","type":"image\/webp"}],"twitter_card":"summary_large_image","twitter_misc":{"Tempo estimado de leitura":"3 minutos"},"schema":{"@context":"https:\/\/schema.org","@graph":[{"@type":"WebPage","@id":"https:\/\/thelyflabs.com\/product\/hash-cbn-40","url":"https:\/\/thelyflabs.com\/product\/hash-cbn-40","name":"Hash CBN 40% - THE LYF LABS","isPartOf":{"@id":"https:\/\/thelyflabs.com\/#website"},"primaryImageOfPage":{"@id":"https:\/\/thelyflabs.com\/product\/hash-cbn-40#primaryimage"},"image":{"@id":"https:\/\/thelyflabs.com\/product\/hash-cbn-40#primaryimage"},"thumbnailUrl":"https:\/\/thelyflabs.com\/wp-content\/uploads\/2025\/06\/CBN-2g-con-hash.webp","datePublished":"2025-06-13T12:43:12+00:00","dateModified":"2026-03-20T09:34:13+00:00","description":"Compra Hash CBN 40%, hash CBD al mejor precio en The Lyf Labs. Compra hach\u00eds legal Iguana Smoke al por mayor para tiendas y distribuidores.","breadcrumb":{"@id":"https:\/\/thelyflabs.com\/product\/hash-cbn-40#breadcrumb"},"inLanguage":"pt-PT","potentialAction":[{"@type":"ReadAction","target":["https:\/\/thelyflabs.com\/product\/hash-cbn-40"]}]},{"@type":"ImageObject","inLanguage":"pt-PT","@id":"https:\/\/thelyflabs.com\/product\/hash-cbn-40#primaryimage","url":"https:\/\/thelyflabs.com\/wp-content\/uploads\/2025\/06\/CBN-2g-con-hash.webp","contentUrl":"https:\/\/thelyflabs.com\/wp-content\/uploads\/2025\/06\/CBN-2g-con-hash.webp","width":1000,"height":1000,"caption":"Hash CBN 2g"},{"@type":"BreadcrumbList","@id":"https:\/\/thelyflabs.com\/product\/hash-cbn-40#breadcrumb","itemListElement":[{"@type":"ListItem","position":1,"name":"Portada","item":"https:\/\/thelyflabs.com\/"},{"@type":"ListItem","position":2,"name":"Tienda","item":"https:\/\/thelyflabs.com\/tienda"},{"@type":"ListItem","position":3,"name":"Hash CBN 40%"}]},{"@type":"WebSite","@id":"https:\/\/thelyflabs.com\/#website","url":"https:\/\/thelyflabs.com\/","name":"Os Laborat\u00f3rios LYF","description":"CBD atacado","publisher":{"@id":"https:\/\/thelyflabs.com\/#organization"},"potentialAction":[{"@type":"SearchAction","target":{"@type":"EntryPoint","urlTemplate":"https:\/\/thelyflabs.com\/?s={search_term_string}"},"query-input":{"@type":"PropertyValueSpecification","valueRequired":true,"valueName":"search_term_string"}}],"inLanguage":"pt-PT"},{"@type":"Organization","@id":"https:\/\/thelyflabs.com\/#organization","name":"Os Laborat\u00f3rios LYF","url":"https:\/\/thelyflabs.com\/","logo":{"@type":"ImageObject","inLanguage":"pt-PT","@id":"https:\/\/thelyflabs.com\/#\/schema\/logo\/image\/","url":"https:\/\/thelyflabs.com\/wp-content\/uploads\/2023\/01\/cropped-LogoTheLYFLabs.png","contentUrl":"https:\/\/thelyflabs.com\/wp-content\/uploads\/2023\/01\/cropped-LogoTheLYFLabs.png","width":600,"height":180,"caption":"The LYF Labs"},"image":{"@id":"https:\/\/thelyflabs.com\/#\/schema\/logo\/image\/"}}]}},"_links":{"self":[{"href":"https:\/\/thelyflabs.com\/pt\/wp-json\/wp\/v2\/product\/12452","targetHints":{"allow":["GET"]}}],"collection":[{"href":"https:\/\/thelyflabs.com\/pt\/wp-json\/wp\/v2\/product"}],"about":[{"href":"https:\/\/thelyflabs.com\/pt\/wp-json\/wp\/v2\/types\/product"}],"replies":[{"embeddable":true,"href":"https:\/\/thelyflabs.com\/pt\/wp-json\/wp\/v2\/comments?post=12452"}],"wp:featuredmedia":[{"embeddable":true,"href":"https:\/\/thelyflabs.com\/pt\/wp-json\/wp\/v2\/media\/17458"}],"wp:attachment":[{"href":"https:\/\/thelyflabs.com\/pt\/wp-json\/wp\/v2\/media?parent=12452"}],"wp:term":[{"taxonomy":"product_brand","embeddable":true,"href":"https:\/\/thelyflabs.com\/pt\/wp-json\/wp\/v2\/product_brand?post=12452"},{"taxonomy":"product_cat","embeddable":true,"href":"https:\/\/thelyflabs.com\/pt\/wp-json\/wp\/v2\/product_cat?post=12452"},{"taxonomy":"product_tag","embeddable":true,"href":"https:\/\/thelyflabs.com\/pt\/wp-json\/wp\/v2\/product_tag?post=12452"}],"curies":[{"name":"wp","href":"https:\/\/api.w.org\/{rel}","templated":true}]}}