{"id":1247,"date":"2023-02-27T16:05:27","date_gmt":"2023-02-27T16:05:27","guid":{"rendered":"https:\/\/thelyflabs.com\/?post_type=product&#038;p=1247"},"modified":"2026-03-27T10:55:24","modified_gmt":"2026-03-27T09:55:24","slug":"e-liquid-cbd-gelato-liquido-vaper","status":"publish","type":"product","link":"https:\/\/thelyflabs.com\/pt\/product\/e-liquid-cbd-gelato-liquido-vaper","title":{"rendered":"E-Liquid CBD Gelato L\u00edquido Vaper"},"content":{"rendered":"<h2>Gelato CBD E-L\u00edquido<\/h2>\n<p class=\"p1\">Os E-Liquids Iguana Smoke s\u00e3o o equil\u00edbrio perfeito entre produto de qualidade e pre\u00e7o acess\u00edvel.<\/p>\n<p class=\"p1\">Seus ingredientes cuidadosamente selecionados e seu rigoroso processo de fabrica\u00e7\u00e3o os tornam uma \u00f3tima op\u00e7\u00e3o para vaporizar CBD com seguran\u00e7a.<\/p>\n<p class=\"p1\">Nenhum produto Iguana Smoke \u00e9 psicoativo e no caso dos E-l\u00edquidos, todos cont\u00eam 0% THC.<\/p>","protected":false},"excerpt":{"rendered":"<p>E-l\u00edquido CBD de fuma\u00e7a de iguana<\/p>\n<p>Ingredientes:<\/p>\n<ul>\n<li>Propenilglicol 80%<\/li>\n<li>Glicerina Vegetal 20%<\/li>\n<li>Aromas<\/li>\n<li>Isolado de CBD<\/li>\n<li>0%THC<\/li>\n<\/ul>","protected":false},"featured_media":2703,"comment_status":"open","ping_status":"closed","template":"","meta":{"_acf_changed":false,"site-sidebar-layout":"default","site-content-layout":"default","ast-site-content-layout":"default","site-content-style":"default","site-sidebar-style":"default","ast-global-header-display":"","ast-banner-title-visibility":"","ast-main-header-display":"","ast-hfb-above-header-display":"","ast-hfb-below-header-display":"","ast-hfb-mobile-header-display":"","site-post-title":"","ast-breadcrumbs-content":"","ast-featured-img":"","footer-sml-layout":"","theme-transparent-header-meta":"default","adv-header-id-meta":"","stick-header-meta":"","header-above-stick-meta":"","header-main-stick-meta":"","header-below-stick-meta":"","astra-migrate-meta-layouts":"set","ast-page-background-enabled":"default","ast-page-background-meta":{"desktop":{"background-color":"var(--ast-global-color-4)","background-image":"","background-repeat":"repeat","background-position":"center center","background-size":"auto","background-attachment":"scroll","background-type":"","background-media":"","overlay-type":"","overlay-color":"","overlay-opacity":"","overlay-gradient":""},"tablet":{"background-color":"","background-image":"","background-repeat":"repeat","background-position":"center center","background-size":"auto","background-attachment":"scroll","background-type":"","background-media":"","overlay-type":"","overlay-color":"","overlay-opacity":"","overlay-gradient":""},"mobile":{"background-color":"","background-image":"","background-repeat":"repeat","background-position":"center center","background-size":"auto","background-attachment":"scroll","background-type":"","background-media":"","overlay-type":"","overlay-color":"","overlay-opacity":"","overlay-gradient":""}},"ast-content-background-meta":{"desktop":{"background-color":"var(--ast-global-color-5)","background-image":"","background-repeat":"repeat","background-position":"center center","background-size":"auto","background-attachment":"scroll","background-type":"","background-media":"","overlay-type":"","overlay-color":"","overlay-opacity":"","overlay-gradient":""},"tablet":{"background-color":"var(--ast-global-color-5)","background-image":"","background-repeat":"repeat","background-position":"center center","background-size":"auto","background-attachment":"scroll","background-type":"","background-media":"","overlay-type":"","overlay-color":"","overlay-opacity":"","overlay-gradient":""},"mobile":{"background-color":"var(--ast-global-color-5)","background-image":"","background-repeat":"repeat","background-position":"center center","background-size":"auto","background-attachment":"scroll","background-type":"","background-media":"","overlay-type":"","overlay-color":"","overlay-opacity":"","overlay-gradient":""}}},"product_brand":[],"product_cat":[83,28,40],"product_tag":[],"class_list":{"0":"post-1247","1":"product","2":"type-product","3":"status-publish","4":"has-post-thumbnail","6":"product_cat-e-liquid-cbd-isolate","7":"product_cat-e-liquid-cbd","8":"product_cat-iguanasmoke","9":"desktop-align-center","10":"tablet-align-left","11":"mobile-align-left","13":"first","14":"instock","15":"taxable","16":"shipping-taxable","17":"purchasable","18":"product-type-variable"},"acf":[],"yoast_head":"<!-- This site is optimized with the Yoast SEO plugin v27.3 - https:\/\/yoast.com\/product\/yoast-seo-wordpress\/ -->\n<title>E-Liquid CBD Gelato L\u00edquido Vaper - THE LYF LABS<\/title>\n<meta name=\"description\" content=\"Compra e-Liquid CBD Gelato en Iguana Smoke al mejor precio y con calidad inigualable. Env\u00edo gratuito para compras que superen los 35\u20ac.\" \/>\n<meta name=\"robots\" content=\"index, follow, max-snippet:-1, max-image-preview:large, max-video-preview:-1\" \/>\n<link rel=\"canonical\" href=\"https:\/\/thelyflabs.com\/pt\/product\/e-liquid-cbd-gelato-liquido-vaper\/\" \/>\n<meta property=\"og:locale\" content=\"pt_PT\" \/>\n<meta property=\"og:type\" content=\"article\" \/>\n<meta property=\"og:title\" content=\"E-Liquid CBD Gelato L\u00edquido Vaper - THE LYF LABS\" \/>\n<meta property=\"og:description\" content=\"Compra e-Liquid CBD Gelato en Iguana Smoke al mejor precio y con calidad inigualable. Env\u00edo gratuito para compras que superen los 35\u20ac.\" \/>\n<meta property=\"og:url\" content=\"https:\/\/thelyflabs.com\/pt\/product\/e-liquid-cbd-gelato-liquido-vaper\/\" \/>\n<meta property=\"og:site_name\" content=\"THE LYF LABS\" \/>\n<meta property=\"article:modified_time\" content=\"2026-03-27T09:55:24+00:00\" \/>\n<meta property=\"og:image\" content=\"https:\/\/thelyflabs.com\/wp-content\/uploads\/2023\/02\/Gelato-600-webp.webp\" \/>\n\t<meta property=\"og:image:width\" content=\"500\" \/>\n\t<meta property=\"og:image:height\" content=\"500\" \/>\n\t<meta property=\"og:image:type\" content=\"image\/webp\" \/>\n<meta name=\"twitter:card\" content=\"summary_large_image\" \/>\n<meta name=\"twitter:label1\" content=\"Tempo estimado de leitura\" \/>\n\t<meta name=\"twitter:data1\" content=\"1 minuto\" \/>\n<script type=\"application\/ld+json\" class=\"yoast-schema-graph\">{\"@context\":\"https:\\\/\\\/schema.org\",\"@graph\":[{\"@type\":\"WebPage\",\"@id\":\"https:\\\/\\\/thelyflabs.com\\\/product\\\/e-liquid-cbd-gelato-liquido-vaper\",\"url\":\"https:\\\/\\\/thelyflabs.com\\\/product\\\/e-liquid-cbd-gelato-liquido-vaper\",\"name\":\"E-Liquid CBD Gelato L\u00edquido Vaper - THE LYF LABS\",\"isPartOf\":{\"@id\":\"https:\\\/\\\/thelyflabs.com\\\/#website\"},\"primaryImageOfPage\":{\"@id\":\"https:\\\/\\\/thelyflabs.com\\\/product\\\/e-liquid-cbd-gelato-liquido-vaper#primaryimage\"},\"image\":{\"@id\":\"https:\\\/\\\/thelyflabs.com\\\/product\\\/e-liquid-cbd-gelato-liquido-vaper#primaryimage\"},\"thumbnailUrl\":\"https:\\\/\\\/thelyflabs.com\\\/wp-content\\\/uploads\\\/2023\\\/02\\\/Gelato-600-webp.webp\",\"datePublished\":\"2023-02-27T16:05:27+00:00\",\"dateModified\":\"2026-03-27T09:55:24+00:00\",\"description\":\"Compra e-Liquid CBD Gelato en Iguana Smoke al mejor precio y con calidad inigualable. Env\u00edo gratuito para compras que superen los 35\u20ac.\",\"breadcrumb\":{\"@id\":\"https:\\\/\\\/thelyflabs.com\\\/product\\\/e-liquid-cbd-gelato-liquido-vaper#breadcrumb\"},\"inLanguage\":\"pt-PT\",\"potentialAction\":[{\"@type\":\"ReadAction\",\"target\":[\"https:\\\/\\\/thelyflabs.com\\\/product\\\/e-liquid-cbd-gelato-liquido-vaper\"]}]},{\"@type\":\"ImageObject\",\"inLanguage\":\"pt-PT\",\"@id\":\"https:\\\/\\\/thelyflabs.com\\\/product\\\/e-liquid-cbd-gelato-liquido-vaper#primaryimage\",\"url\":\"https:\\\/\\\/thelyflabs.com\\\/wp-content\\\/uploads\\\/2023\\\/02\\\/Gelato-600-webp.webp\",\"contentUrl\":\"https:\\\/\\\/thelyflabs.com\\\/wp-content\\\/uploads\\\/2023\\\/02\\\/Gelato-600-webp.webp\",\"width\":500,\"height\":500,\"caption\":\"e-liquid cbd gelato al por mayor\"},{\"@type\":\"BreadcrumbList\",\"@id\":\"https:\\\/\\\/thelyflabs.com\\\/product\\\/e-liquid-cbd-gelato-liquido-vaper#breadcrumb\",\"itemListElement\":[{\"@type\":\"ListItem\",\"position\":1,\"name\":\"Portada\",\"item\":\"https:\\\/\\\/thelyflabs.com\\\/\"},{\"@type\":\"ListItem\",\"position\":2,\"name\":\"Tienda\",\"item\":\"https:\\\/\\\/thelyflabs.com\\\/tienda\"},{\"@type\":\"ListItem\",\"position\":3,\"name\":\"E-Liquid CBD Gelato L\u00edquido Vaper\"}]},{\"@type\":\"WebSite\",\"@id\":\"https:\\\/\\\/thelyflabs.com\\\/#website\",\"url\":\"https:\\\/\\\/thelyflabs.com\\\/\",\"name\":\"The LYF Labs\",\"description\":\"CBD al por mayor\",\"publisher\":{\"@id\":\"https:\\\/\\\/thelyflabs.com\\\/#organization\"},\"potentialAction\":[{\"@type\":\"SearchAction\",\"target\":{\"@type\":\"EntryPoint\",\"urlTemplate\":\"https:\\\/\\\/thelyflabs.com\\\/?s={search_term_string}\"},\"query-input\":{\"@type\":\"PropertyValueSpecification\",\"valueRequired\":true,\"valueName\":\"search_term_string\"}}],\"inLanguage\":\"pt-PT\"},{\"@type\":\"Organization\",\"@id\":\"https:\\\/\\\/thelyflabs.com\\\/#organization\",\"name\":\"The LYF Labs\",\"url\":\"https:\\\/\\\/thelyflabs.com\\\/\",\"logo\":{\"@type\":\"ImageObject\",\"inLanguage\":\"pt-PT\",\"@id\":\"https:\\\/\\\/thelyflabs.com\\\/#\\\/schema\\\/logo\\\/image\\\/\",\"url\":\"https:\\\/\\\/thelyflabs.com\\\/wp-content\\\/uploads\\\/2023\\\/01\\\/cropped-LogoTheLYFLabs.png\",\"contentUrl\":\"https:\\\/\\\/thelyflabs.com\\\/wp-content\\\/uploads\\\/2023\\\/01\\\/cropped-LogoTheLYFLabs.png\",\"width\":600,\"height\":180,\"caption\":\"The LYF Labs\"},\"image\":{\"@id\":\"https:\\\/\\\/thelyflabs.com\\\/#\\\/schema\\\/logo\\\/image\\\/\"}}]}<\/script>\n<!-- \/ Yoast SEO plugin. -->","yoast_head_json":{"title":"E-l\u00edquido CBD Gelato L\u00edquido Vaper - THE LYF LABS","description":"Compre o e-l\u00edquido CBD Gelato na Iguana Smoke pelo melhor pre\u00e7o e com qualidade incompar\u00e1vel. Frete gr\u00e1tis para pedidos acima de \u20ac 35.","robots":{"index":"index","follow":"follow","max-snippet":"max-snippet:-1","max-image-preview":"max-image-preview:large","max-video-preview":"max-video-preview:-1"},"canonical":"https:\/\/thelyflabs.com\/pt\/product\/e-liquid-cbd-gelato-liquido-vaper\/","og_locale":"pt_PT","og_type":"article","og_title":"E-Liquid CBD Gelato L\u00edquido Vaper - THE LYF LABS","og_description":"Compra e-Liquid CBD Gelato en Iguana Smoke al mejor precio y con calidad inigualable. Env\u00edo gratuito para compras que superen los 35\u20ac.","og_url":"https:\/\/thelyflabs.com\/pt\/product\/e-liquid-cbd-gelato-liquido-vaper\/","og_site_name":"THE LYF LABS","article_modified_time":"2026-03-27T09:55:24+00:00","og_image":[{"width":500,"height":500,"url":"https:\/\/thelyflabs.com\/wp-content\/uploads\/2023\/02\/Gelato-600-webp.webp","type":"image\/webp"}],"twitter_card":"summary_large_image","twitter_misc":{"Tempo estimado de leitura":"1 minuto"},"schema":{"@context":"https:\/\/schema.org","@graph":[{"@type":"WebPage","@id":"https:\/\/thelyflabs.com\/product\/e-liquid-cbd-gelato-liquido-vaper","url":"https:\/\/thelyflabs.com\/product\/e-liquid-cbd-gelato-liquido-vaper","name":"E-l\u00edquido CBD Gelato L\u00edquido Vaper - THE LYF LABS","isPartOf":{"@id":"https:\/\/thelyflabs.com\/#website"},"primaryImageOfPage":{"@id":"https:\/\/thelyflabs.com\/product\/e-liquid-cbd-gelato-liquido-vaper#primaryimage"},"image":{"@id":"https:\/\/thelyflabs.com\/product\/e-liquid-cbd-gelato-liquido-vaper#primaryimage"},"thumbnailUrl":"https:\/\/thelyflabs.com\/wp-content\/uploads\/2023\/02\/Gelato-600-webp.webp","datePublished":"2023-02-27T16:05:27+00:00","dateModified":"2026-03-27T09:55:24+00:00","description":"Compre o e-l\u00edquido CBD Gelato na Iguana Smoke pelo melhor pre\u00e7o e com qualidade incompar\u00e1vel. Frete gr\u00e1tis para pedidos acima de \u20ac 35.","breadcrumb":{"@id":"https:\/\/thelyflabs.com\/product\/e-liquid-cbd-gelato-liquido-vaper#breadcrumb"},"inLanguage":"pt-PT","potentialAction":[{"@type":"ReadAction","target":["https:\/\/thelyflabs.com\/product\/e-liquid-cbd-gelato-liquido-vaper"]}]},{"@type":"ImageObject","inLanguage":"pt-PT","@id":"https:\/\/thelyflabs.com\/product\/e-liquid-cbd-gelato-liquido-vaper#primaryimage","url":"https:\/\/thelyflabs.com\/wp-content\/uploads\/2023\/02\/Gelato-600-webp.webp","contentUrl":"https:\/\/thelyflabs.com\/wp-content\/uploads\/2023\/02\/Gelato-600-webp.webp","width":500,"height":500,"caption":"e-liquid cbd gelato al por mayor"},{"@type":"BreadcrumbList","@id":"https:\/\/thelyflabs.com\/product\/e-liquid-cbd-gelato-liquido-vaper#breadcrumb","itemListElement":[{"@type":"ListItem","position":1,"name":"Portada","item":"https:\/\/thelyflabs.com\/"},{"@type":"ListItem","position":2,"name":"Tienda","item":"https:\/\/thelyflabs.com\/tienda"},{"@type":"ListItem","position":3,"name":"E-Liquid CBD Gelato L\u00edquido Vaper"}]},{"@type":"WebSite","@id":"https:\/\/thelyflabs.com\/#website","url":"https:\/\/thelyflabs.com\/","name":"Os Laborat\u00f3rios LYF","description":"CBD atacado","publisher":{"@id":"https:\/\/thelyflabs.com\/#organization"},"potentialAction":[{"@type":"SearchAction","target":{"@type":"EntryPoint","urlTemplate":"https:\/\/thelyflabs.com\/?s={search_term_string}"},"query-input":{"@type":"PropertyValueSpecification","valueRequired":true,"valueName":"search_term_string"}}],"inLanguage":"pt-PT"},{"@type":"Organization","@id":"https:\/\/thelyflabs.com\/#organization","name":"Os Laborat\u00f3rios LYF","url":"https:\/\/thelyflabs.com\/","logo":{"@type":"ImageObject","inLanguage":"pt-PT","@id":"https:\/\/thelyflabs.com\/#\/schema\/logo\/image\/","url":"https:\/\/thelyflabs.com\/wp-content\/uploads\/2023\/01\/cropped-LogoTheLYFLabs.png","contentUrl":"https:\/\/thelyflabs.com\/wp-content\/uploads\/2023\/01\/cropped-LogoTheLYFLabs.png","width":600,"height":180,"caption":"The LYF Labs"},"image":{"@id":"https:\/\/thelyflabs.com\/#\/schema\/logo\/image\/"}}]}},"_links":{"self":[{"href":"https:\/\/thelyflabs.com\/pt\/wp-json\/wp\/v2\/product\/1247","targetHints":{"allow":["GET"]}}],"collection":[{"href":"https:\/\/thelyflabs.com\/pt\/wp-json\/wp\/v2\/product"}],"about":[{"href":"https:\/\/thelyflabs.com\/pt\/wp-json\/wp\/v2\/types\/product"}],"replies":[{"embeddable":true,"href":"https:\/\/thelyflabs.com\/pt\/wp-json\/wp\/v2\/comments?post=1247"}],"wp:featuredmedia":[{"embeddable":true,"href":"https:\/\/thelyflabs.com\/pt\/wp-json\/wp\/v2\/media\/2703"}],"wp:attachment":[{"href":"https:\/\/thelyflabs.com\/pt\/wp-json\/wp\/v2\/media?parent=1247"}],"wp:term":[{"taxonomy":"product_brand","embeddable":true,"href":"https:\/\/thelyflabs.com\/pt\/wp-json\/wp\/v2\/product_brand?post=1247"},{"taxonomy":"product_cat","embeddable":true,"href":"https:\/\/thelyflabs.com\/pt\/wp-json\/wp\/v2\/product_cat?post=1247"},{"taxonomy":"product_tag","embeddable":true,"href":"https:\/\/thelyflabs.com\/pt\/wp-json\/wp\/v2\/product_tag?post=1247"}],"curies":[{"name":"wp","href":"https:\/\/api.w.org\/{rel}","templated":true}]}}