{"id":12510,"date":"2025-06-18T18:45:06","date_gmt":"2025-06-18T16:45:06","guid":{"rendered":"https:\/\/thelyflabs.com\/?post_type=product&#038;p=12510"},"modified":"2025-09-11T13:07:50","modified_gmt":"2025-09-11T11:07:50","slug":"white-widow-cbd-indoor","status":"publish","type":"product","link":"https:\/\/thelyflabs.com\/pt\/product\/white-widow-cbd-indoor","title":{"rendered":"Flor de CBD White Widow para ambientes internos"},"content":{"rendered":"<h3 data-start=\"529\" data-end=\"683\">Flor de CBD para Interior White Widow | Aroma Terroso e Efeito Relaxante<\/h3>\n<p data-start=\"493\" data-end=\"830\"><strong data-start=\"314\" data-end=\"340\">White Widow CBD <\/strong>Iguana Smoke \u00e9 uma flor de c\u00e2nhamo cultivada em ambientes internos usando m\u00e9todos limpos e controlados, sem pesticidas ou organismos geneticamente modificados.<\/p>\n<p data-start=\"493\" data-end=\"830\">Seu perfil arom\u00e1tico \u00e9 terroso e profundo, com suaves nuances florais e um fundo levemente \u00e1cido. O sabor \u00e9 equilibrado, redondo e persistente. A flor tem uma tonalidade verde-clara com pistilos alaranjados e uma camada de resina cristalina, sinal de sua alta qualidade. A densidade dos tricomas confere-lhe um brilho natural e pegajoso, t\u00edpico de um bom cultivo em ambientes internos.<\/p>\n<p data-start=\"986\" data-end=\"1224\">O<strong> Flor de CBD White Widow<\/strong> <strong>Interior<\/strong> Cont\u00e9m alto teor de canabidiol e menos de 0,2 % de THC, garantindo um efeito relaxante sem sensa\u00e7\u00e3o psicoativa. \u00c9 ideal para quem busca relaxar ou aliviar o estresse sem comprometer a concentra\u00e7\u00e3o.<\/p>\n<p data-start=\"1226\" data-end=\"1316\">Uma variedade legal e segura com o padr\u00e3o de qualidade premium que define <strong>Fuma\u00e7a De Iguana<\/strong>.<\/p>\n<p data-start=\"1226\" data-end=\"1316\">Se voc\u00ea gosta de White Widow, experimente tamb\u00e9m. <a href=\"https:\/\/thelyflabs.com\/pt\/product\/amnesia-cbd-indoor\/\">Amn\u00e9sia Indoor<\/a>, com seu aroma c\u00edtrico e perfil arom\u00e1tico \u00fanico.<\/p>\n<p data-start=\"1226\" data-end=\"1316\">","protected":false},"excerpt":{"rendered":"<ul>\n<li style=\"font-size: 16px\" data-start=\"263\" data-end=\"319\"><strong style=\"font-size: 16px\">Flor de interior premium:<\/strong>\u00a0denso, resinoso e de alta qualidade<\/li>\n<li data-start=\"219\" data-end=\"260\"><strong>Agricultura biol\u00f3gica<\/strong> sem pesticidas ou OGM<\/li>\n<li><strong>Aroma terroso<\/strong> com notas florais e picantes<\/li>\n<li data-start=\"372\" data-end=\"421\"><strong>Alto teor de CBD<\/strong>, sem efeitos psicoativos<\/li>\n<li data-start=\"424\" data-end=\"466\"><strong>Menos de 0,2% de THC,<\/strong> 100% legal na UE<\/li>\n<\/ul>\n<p><a href=\"https:\/\/iguanasmoke.com\/analiticas\/\">Confira aqui a an\u00e1lise laboratorial<\/a><\/p>","protected":false},"featured_media":12536,"comment_status":"open","ping_status":"closed","template":"","meta":{"_acf_changed":false,"site-sidebar-layout":"default","site-content-layout":"","ast-site-content-layout":"default","site-content-style":"default","site-sidebar-style":"default","ast-global-header-display":"","ast-banner-title-visibility":"","ast-main-header-display":"","ast-hfb-above-header-display":"","ast-hfb-below-header-display":"","ast-hfb-mobile-header-display":"","site-post-title":"","ast-breadcrumbs-content":"","ast-featured-img":"","footer-sml-layout":"","theme-transparent-header-meta":"default","adv-header-id-meta":"","stick-header-meta":"","header-above-stick-meta":"","header-main-stick-meta":"","header-below-stick-meta":"","astra-migrate-meta-layouts":"set","ast-page-background-enabled":"default","ast-page-background-meta":{"desktop":{"background-color":"var(--ast-global-color-4)","background-image":"","background-repeat":"repeat","background-position":"center center","background-size":"auto","background-attachment":"scroll","background-type":"","background-media":"","overlay-type":"","overlay-color":"","overlay-opacity":"","overlay-gradient":""},"tablet":{"background-color":"","background-image":"","background-repeat":"repeat","background-position":"center center","background-size":"auto","background-attachment":"scroll","background-type":"","background-media":"","overlay-type":"","overlay-color":"","overlay-opacity":"","overlay-gradient":""},"mobile":{"background-color":"","background-image":"","background-repeat":"repeat","background-position":"center center","background-size":"auto","background-attachment":"scroll","background-type":"","background-media":"","overlay-type":"","overlay-color":"","overlay-opacity":"","overlay-gradient":""}},"ast-content-background-meta":{"desktop":{"background-color":"var(--ast-global-color-5)","background-image":"","background-repeat":"repeat","background-position":"center center","background-size":"auto","background-attachment":"scroll","background-type":"","background-media":"","overlay-type":"","overlay-color":"","overlay-opacity":"","overlay-gradient":""},"tablet":{"background-color":"var(--ast-global-color-5)","background-image":"","background-repeat":"repeat","background-position":"center center","background-size":"auto","background-attachment":"scroll","background-type":"","background-media":"","overlay-type":"","overlay-color":"","overlay-opacity":"","overlay-gradient":""},"mobile":{"background-color":"var(--ast-global-color-5)","background-image":"","background-repeat":"repeat","background-position":"center center","background-size":"auto","background-attachment":"scroll","background-type":"","background-media":"","overlay-type":"","overlay-color":"","overlay-opacity":"","overlay-gradient":""}}},"product_brand":[],"product_cat":[144,24],"product_tag":[],"class_list":{"0":"post-12510","1":"product","2":"type-product","3":"status-publish","4":"has-post-thumbnail","6":"product_cat-flores-cbd-indoor","7":"product_cat-flores-de-cbd","8":"desktop-align-center","9":"tablet-align-left","10":"mobile-align-left","12":"first","13":"instock","14":"taxable","15":"shipping-taxable","16":"purchasable","17":"product-type-variable"},"acf":[],"yoast_head":"<!-- This site is optimized with the Yoast SEO plugin v27.4 - https:\/\/yoast.com\/product\/yoast-seo-wordpress\/ -->\n<title>Flor CBD White Widow Indoor - Flores CBD mayoristas - THE LYF LABS<\/title>\n<meta name=\"description\" content=\"White Widow CBD Indoor de Iguana Smoke: flor ecol\u00f3gica con aroma terroso y floral. Alto CBD, sin pesticidas ni GMO. Legal en la UE, THC &lt; 0,2 %.\" \/>\n<meta name=\"robots\" content=\"index, follow, max-snippet:-1, max-image-preview:large, max-video-preview:-1\" \/>\n<link rel=\"canonical\" href=\"https:\/\/thelyflabs.com\/pt\/product\/white-widow-cbd-indoor\/\" \/>\n<meta property=\"og:locale\" content=\"pt_PT\" \/>\n<meta property=\"og:type\" content=\"article\" \/>\n<meta property=\"og:title\" content=\"Flor CBD White Widow Indoor - Flores CBD mayoristas - THE LYF LABS\" \/>\n<meta property=\"og:description\" content=\"White Widow CBD Indoor de Iguana Smoke: flor ecol\u00f3gica con aroma terroso y floral. Alto CBD, sin pesticidas ni GMO. Legal en la UE, THC &lt; 0,2 %.\" \/>\n<meta property=\"og:url\" content=\"https:\/\/thelyflabs.com\/pt\/product\/white-widow-cbd-indoor\/\" \/>\n<meta property=\"og:site_name\" content=\"THE LYF LABS\" \/>\n<meta property=\"article:modified_time\" content=\"2025-09-11T11:07:50+00:00\" \/>\n<meta property=\"og:image\" content=\"https:\/\/thelyflabs.com\/wp-content\/uploads\/2025\/06\/white-widow-indoor.webp\" \/>\n\t<meta property=\"og:image:width\" content=\"1000\" \/>\n\t<meta property=\"og:image:height\" content=\"1000\" \/>\n\t<meta property=\"og:image:type\" content=\"image\/webp\" \/>\n<meta name=\"twitter:card\" content=\"summary_large_image\" \/>\n<meta name=\"twitter:label1\" content=\"Tempo estimado de leitura\" \/>\n\t<meta name=\"twitter:data1\" content=\"2 minutos\" \/>\n<script type=\"application\/ld+json\" class=\"yoast-schema-graph\">{\"@context\":\"https:\\\/\\\/schema.org\",\"@graph\":[{\"@type\":\"WebPage\",\"@id\":\"https:\\\/\\\/thelyflabs.com\\\/product\\\/white-widow-cbd-indoor\",\"url\":\"https:\\\/\\\/thelyflabs.com\\\/product\\\/white-widow-cbd-indoor\",\"name\":\"Flor CBD White Widow Indoor - Flores CBD mayoristas - THE LYF LABS\",\"isPartOf\":{\"@id\":\"https:\\\/\\\/thelyflabs.com\\\/#website\"},\"primaryImageOfPage\":{\"@id\":\"https:\\\/\\\/thelyflabs.com\\\/product\\\/white-widow-cbd-indoor#primaryimage\"},\"image\":{\"@id\":\"https:\\\/\\\/thelyflabs.com\\\/product\\\/white-widow-cbd-indoor#primaryimage\"},\"thumbnailUrl\":\"https:\\\/\\\/thelyflabs.com\\\/wp-content\\\/uploads\\\/2025\\\/06\\\/white-widow-indoor.webp\",\"datePublished\":\"2025-06-18T16:45:06+00:00\",\"dateModified\":\"2025-09-11T11:07:50+00:00\",\"description\":\"White Widow CBD Indoor de Iguana Smoke: flor ecol\u00f3gica con aroma terroso y floral. Alto CBD, sin pesticidas ni GMO. Legal en la UE, THC &lt; 0,2 %.\",\"breadcrumb\":{\"@id\":\"https:\\\/\\\/thelyflabs.com\\\/product\\\/white-widow-cbd-indoor#breadcrumb\"},\"inLanguage\":\"pt-PT\",\"potentialAction\":[{\"@type\":\"ReadAction\",\"target\":[\"https:\\\/\\\/thelyflabs.com\\\/product\\\/white-widow-cbd-indoor\"]}]},{\"@type\":\"ImageObject\",\"inLanguage\":\"pt-PT\",\"@id\":\"https:\\\/\\\/thelyflabs.com\\\/product\\\/white-widow-cbd-indoor#primaryimage\",\"url\":\"https:\\\/\\\/thelyflabs.com\\\/wp-content\\\/uploads\\\/2025\\\/06\\\/white-widow-indoor.webp\",\"contentUrl\":\"https:\\\/\\\/thelyflabs.com\\\/wp-content\\\/uploads\\\/2025\\\/06\\\/white-widow-indoor.webp\",\"width\":1000,\"height\":1000},{\"@type\":\"BreadcrumbList\",\"@id\":\"https:\\\/\\\/thelyflabs.com\\\/product\\\/white-widow-cbd-indoor#breadcrumb\",\"itemListElement\":[{\"@type\":\"ListItem\",\"position\":1,\"name\":\"Portada\",\"item\":\"https:\\\/\\\/thelyflabs.com\\\/\"},{\"@type\":\"ListItem\",\"position\":2,\"name\":\"Tienda\",\"item\":\"https:\\\/\\\/thelyflabs.com\\\/tienda\"},{\"@type\":\"ListItem\",\"position\":3,\"name\":\"Flor CBD White Widow Indoor\"}]},{\"@type\":\"WebSite\",\"@id\":\"https:\\\/\\\/thelyflabs.com\\\/#website\",\"url\":\"https:\\\/\\\/thelyflabs.com\\\/\",\"name\":\"The LYF Labs\",\"description\":\"CBD al por mayor\",\"publisher\":{\"@id\":\"https:\\\/\\\/thelyflabs.com\\\/#organization\"},\"potentialAction\":[{\"@type\":\"SearchAction\",\"target\":{\"@type\":\"EntryPoint\",\"urlTemplate\":\"https:\\\/\\\/thelyflabs.com\\\/?s={search_term_string}\"},\"query-input\":{\"@type\":\"PropertyValueSpecification\",\"valueRequired\":true,\"valueName\":\"search_term_string\"}}],\"inLanguage\":\"pt-PT\"},{\"@type\":\"Organization\",\"@id\":\"https:\\\/\\\/thelyflabs.com\\\/#organization\",\"name\":\"The LYF Labs\",\"url\":\"https:\\\/\\\/thelyflabs.com\\\/\",\"logo\":{\"@type\":\"ImageObject\",\"inLanguage\":\"pt-PT\",\"@id\":\"https:\\\/\\\/thelyflabs.com\\\/#\\\/schema\\\/logo\\\/image\\\/\",\"url\":\"https:\\\/\\\/thelyflabs.com\\\/wp-content\\\/uploads\\\/2023\\\/01\\\/cropped-LogoTheLYFLabs.png\",\"contentUrl\":\"https:\\\/\\\/thelyflabs.com\\\/wp-content\\\/uploads\\\/2023\\\/01\\\/cropped-LogoTheLYFLabs.png\",\"width\":600,\"height\":180,\"caption\":\"The LYF Labs\"},\"image\":{\"@id\":\"https:\\\/\\\/thelyflabs.com\\\/#\\\/schema\\\/logo\\\/image\\\/\"}}]}<\/script>\n<!-- \/ Yoast SEO plugin. -->","yoast_head_json":{"title":"Flor CBD White Widow Indoor - Flores CBD mayoristas - THE LYF LABS","description":"White Widow CBD Indoor da Iguana Smoke: flor org\u00e2nica com aroma terroso e floral. Alto teor de CBD, livre de pesticidas e transg\u00eanicos. Legal na UE, THC &lt; 0,2 %.","robots":{"index":"index","follow":"follow","max-snippet":"max-snippet:-1","max-image-preview":"max-image-preview:large","max-video-preview":"max-video-preview:-1"},"canonical":"https:\/\/thelyflabs.com\/pt\/product\/white-widow-cbd-indoor\/","og_locale":"pt_PT","og_type":"article","og_title":"Flor CBD White Widow Indoor - Flores CBD mayoristas - THE LYF LABS","og_description":"White Widow CBD Indoor de Iguana Smoke: flor ecol\u00f3gica con aroma terroso y floral. Alto CBD, sin pesticidas ni GMO. Legal en la UE, THC &lt; 0,2 %.","og_url":"https:\/\/thelyflabs.com\/pt\/product\/white-widow-cbd-indoor\/","og_site_name":"THE LYF LABS","article_modified_time":"2025-09-11T11:07:50+00:00","og_image":[{"width":1000,"height":1000,"url":"https:\/\/thelyflabs.com\/wp-content\/uploads\/2025\/06\/white-widow-indoor.webp","type":"image\/webp"}],"twitter_card":"summary_large_image","twitter_misc":{"Tempo estimado de leitura":"2 minutos"},"schema":{"@context":"https:\/\/schema.org","@graph":[{"@type":"WebPage","@id":"https:\/\/thelyflabs.com\/product\/white-widow-cbd-indoor","url":"https:\/\/thelyflabs.com\/product\/white-widow-cbd-indoor","name":"Flor CBD White Widow Indoor - Flores CBD mayoristas - THE LYF LABS","isPartOf":{"@id":"https:\/\/thelyflabs.com\/#website"},"primaryImageOfPage":{"@id":"https:\/\/thelyflabs.com\/product\/white-widow-cbd-indoor#primaryimage"},"image":{"@id":"https:\/\/thelyflabs.com\/product\/white-widow-cbd-indoor#primaryimage"},"thumbnailUrl":"https:\/\/thelyflabs.com\/wp-content\/uploads\/2025\/06\/white-widow-indoor.webp","datePublished":"2025-06-18T16:45:06+00:00","dateModified":"2025-09-11T11:07:50+00:00","description":"White Widow CBD Indoor da Iguana Smoke: flor org\u00e2nica com aroma terroso e floral. Alto teor de CBD, livre de pesticidas e transg\u00eanicos. Legal na UE, THC &lt; 0,2 %.","breadcrumb":{"@id":"https:\/\/thelyflabs.com\/product\/white-widow-cbd-indoor#breadcrumb"},"inLanguage":"pt-PT","potentialAction":[{"@type":"ReadAction","target":["https:\/\/thelyflabs.com\/product\/white-widow-cbd-indoor"]}]},{"@type":"ImageObject","inLanguage":"pt-PT","@id":"https:\/\/thelyflabs.com\/product\/white-widow-cbd-indoor#primaryimage","url":"https:\/\/thelyflabs.com\/wp-content\/uploads\/2025\/06\/white-widow-indoor.webp","contentUrl":"https:\/\/thelyflabs.com\/wp-content\/uploads\/2025\/06\/white-widow-indoor.webp","width":1000,"height":1000},{"@type":"BreadcrumbList","@id":"https:\/\/thelyflabs.com\/product\/white-widow-cbd-indoor#breadcrumb","itemListElement":[{"@type":"ListItem","position":1,"name":"Portada","item":"https:\/\/thelyflabs.com\/"},{"@type":"ListItem","position":2,"name":"Tienda","item":"https:\/\/thelyflabs.com\/tienda"},{"@type":"ListItem","position":3,"name":"Flor CBD White Widow Indoor"}]},{"@type":"WebSite","@id":"https:\/\/thelyflabs.com\/#website","url":"https:\/\/thelyflabs.com\/","name":"Os Laborat\u00f3rios LYF","description":"CBD atacado","publisher":{"@id":"https:\/\/thelyflabs.com\/#organization"},"potentialAction":[{"@type":"SearchAction","target":{"@type":"EntryPoint","urlTemplate":"https:\/\/thelyflabs.com\/?s={search_term_string}"},"query-input":{"@type":"PropertyValueSpecification","valueRequired":true,"valueName":"search_term_string"}}],"inLanguage":"pt-PT"},{"@type":"Organization","@id":"https:\/\/thelyflabs.com\/#organization","name":"Os Laborat\u00f3rios LYF","url":"https:\/\/thelyflabs.com\/","logo":{"@type":"ImageObject","inLanguage":"pt-PT","@id":"https:\/\/thelyflabs.com\/#\/schema\/logo\/image\/","url":"https:\/\/thelyflabs.com\/wp-content\/uploads\/2023\/01\/cropped-LogoTheLYFLabs.png","contentUrl":"https:\/\/thelyflabs.com\/wp-content\/uploads\/2023\/01\/cropped-LogoTheLYFLabs.png","width":600,"height":180,"caption":"The LYF Labs"},"image":{"@id":"https:\/\/thelyflabs.com\/#\/schema\/logo\/image\/"}}]}},"_links":{"self":[{"href":"https:\/\/thelyflabs.com\/pt\/wp-json\/wp\/v2\/product\/12510","targetHints":{"allow":["GET"]}}],"collection":[{"href":"https:\/\/thelyflabs.com\/pt\/wp-json\/wp\/v2\/product"}],"about":[{"href":"https:\/\/thelyflabs.com\/pt\/wp-json\/wp\/v2\/types\/product"}],"replies":[{"embeddable":true,"href":"https:\/\/thelyflabs.com\/pt\/wp-json\/wp\/v2\/comments?post=12510"}],"wp:featuredmedia":[{"embeddable":true,"href":"https:\/\/thelyflabs.com\/pt\/wp-json\/wp\/v2\/media\/12536"}],"wp:attachment":[{"href":"https:\/\/thelyflabs.com\/pt\/wp-json\/wp\/v2\/media?parent=12510"}],"wp:term":[{"taxonomy":"product_brand","embeddable":true,"href":"https:\/\/thelyflabs.com\/pt\/wp-json\/wp\/v2\/product_brand?post=12510"},{"taxonomy":"product_cat","embeddable":true,"href":"https:\/\/thelyflabs.com\/pt\/wp-json\/wp\/v2\/product_cat?post=12510"},{"taxonomy":"product_tag","embeddable":true,"href":"https:\/\/thelyflabs.com\/pt\/wp-json\/wp\/v2\/product_tag?post=12510"}],"curies":[{"name":"wp","href":"https:\/\/api.w.org\/{rel}","templated":true}]}}