{"id":12937,"date":"2025-07-16T21:05:09","date_gmt":"2025-07-16T19:05:09","guid":{"rendered":"https:\/\/thelyflabs.com\/?post_type=product&#038;p=12937"},"modified":"2026-03-19T15:28:45","modified_gmt":"2026-03-19T14:28:45","slug":"hash-cbd-frozen-cider","status":"publish","type":"product","link":"https:\/\/thelyflabs.com\/pt\/product\/hash-cbd-frozen-cider","title":{"rendered":"Hash CBD Frozen Golden Cider"},"content":{"rendered":"<h1><span style=\"font-weight: 400\">Hash CBD Frozen Golden Cider 61%: Pureza gelada com efeito profundo<\/span><\/h1>\n<p><span style=\"font-weight: 400\">Ele <strong>Cidra dourada congelada de haxixe CBD<\/strong> Destaca-se pelo seu impressionante teor de CBD, que chega a... <strong>61% en total (56%CBD + 5%CBD-A)<\/strong>, juntamente com um <strong>0,4% de CBG<\/strong>Essa alta concentra\u00e7\u00e3o a torna uma escolha ideal para quem busca um <strong>Efeito relaxante poderoso e duradouro<\/strong>Al\u00e9m disso, essa variedade \u00e9 reconhecida no mundo dos canabinoides, o <strong>Cidra dourada congelada com haxixe de CBD<\/strong> Destaca-se pelos seus efeitos \u00fanicos.\u00a0<\/span><\/p>\n<p><span style=\"font-weight: 400\">Este haxixe \u00e9 feito de <strong>flores de c\u00e2nhamo congeladas<\/strong> logo ap\u00f3s a colheita para preservar canabinoides e terpenos gra\u00e7as \u00e0 t\u00e9cnica de Extra\u00e7\u00e3o Congelada. Usando o \u00ab<strong>haxixe de \u00e1gua gelada<\/strong>\u00bb ou extra\u00e7\u00e3o com \u00e1gua gelada, que consiste em agitar as flores congeladas em \u00e1gua gelada para separar o <strong>tricomas <\/strong>(pequenas gl\u00e2ndulas cheias de resina que cont\u00eam CBD e outros compostos ativos) e s\u00e3o prensadas para criar um <strong>haxixe puro e potente<\/strong>. <\/span><\/p>\n<p><span style=\"font-weight: 400\">\u00c0s vezes, a t\u00e9cnica \u00e9 aplicada. <em>resina<\/em>, que extrai a resina sem solventes, utilizando calor e press\u00e3o, para uma extra\u00e7\u00e3o ainda mais limpa.\u00a0<\/span><\/p>\n<p><span style=\"font-weight: 400\">Tamb\u00e9m possui menos de 0,31% de THC, portanto, este haxixe \u00e9 <strong>Legal na Espanha e na Europa<\/strong>Explore sua textura e saboreie seus aromas! Descubra por que o <strong>Hash CBD Frozen Golden Cider 61% <\/strong>\u00c9 uma das resinas mais potentes e de maior qualidade que voc\u00ea pode encontrar, se quiser <strong>haxixe CBD barato<\/strong> mas premium.<\/span><\/p>\n<p>&nbsp;<\/p>\n<h2>Caracter\u00edsticas do Hash CBD Frozen Golden Cider:<\/h2>\n<ul>\n<li><b>Apar\u00eancia e textura: <span style=\"font-size: 16px;font-weight: 400\">Destaca-se pela sua cor dourada, <strong>textura cristalina e compacta<\/strong>Quando aquecido, derrete suavemente, liberando um <strong>fuma\u00e7a densa<\/strong> e sedosa, revelando sua pureza e qualidade superior. Seu c<strong>consist\u00eancia quebradi\u00e7a<\/strong> Proporciona um uso agrad\u00e1vel, refletindo o cuidado e a precis\u00e3o em sua produ\u00e7\u00e3o artesanal.\u00a0<\/span><\/b><\/li>\n<li><span style=\"font-size: 16px;font-weight: 400\"><strong>Aroma e sabor:<\/strong> fresco e natural, que lembra <strong>florestas de pinheiros<\/strong>Oferece um sabor equilibrado com <strong>notas herb\u00e1ceas<\/strong> que evocam o frescor da natureza, acompanhados por um <strong>leve toque de menta<\/strong> Isso traz frescor. <strong>Nuances c\u00edtricas e notas de madeira de cedro.<\/strong> que enriquecem a experi\u00eancia e a tornam memor\u00e1vel.\u00a0\u00a0<\/span><\/li>\n<li><strong>Origem e pureza:<\/strong><span style=\"font-size: 16px;font-weight: 400\"> Tem suas ra\u00edzes nas montanhas de <strong>Afeganist\u00e3o<\/strong>Ele combina a tradi\u00e7\u00e3o afeg\u00e3 do haxixe com t\u00e9cnicas modernas. Feito com flores de c\u00e2nhamo ricas em CBD, oferece uma experi\u00eancia legal, calmante e relaxante. Ele une o <strong style=\"font-size: 16px;font-style: normal\">sabedoria ancestral e inova\u00e7\u00e3o<\/strong>para manter viva a ess\u00eancia do aut\u00eantico haxixe artesanal.\u00a0<\/span><\/li>\n<\/ul>\n<p>&nbsp;<\/p>\n<h3 data-start=\"249\" data-end=\"612\">Origem do Hash de CBD Congelado<\/h3>\n<p data-start=\"192\" data-end=\"448\">A Frozen tem suas ra\u00edzes nas montanhas do Afeganist\u00e3o, uma regi\u00e3o conhecida h\u00e1 s\u00e9culos por sua expertise na produ\u00e7\u00e3o de haxixe de alta qualidade. Foi l\u00e1 que t\u00e9cnicas tradicionais que ainda inspiram os artes\u00e3os modernos da cannabis nasceram e se aperfei\u00e7oaram.<\/p>\n<p data-start=\"450\" data-end=\"735\">A Frozen Golden Cider se baseia nessa heran\u00e7a ancestral para combinar t\u00e9cnicas ancestrais de extra\u00e7\u00e3o de haxixe com m\u00e9todos modernos, utilizando flores de c\u00e2nhamo ricas em CBD para criar haxixe legal que oferece uma experi\u00eancia calmante e profundamente relaxante. Portanto, o Frozen Hash n\u00e3o \u00e9 apenas um produto; \u00e9 o resultado da uni\u00e3o de conhecimento ancestral e inova\u00e7\u00e3o.<\/p>\n<h3 data-start=\"96\" data-end=\"128\">Concentra\u00e7\u00e3o poderosa de CBD<\/h3>\n<p data-start=\"130\" data-end=\"468\">A Frozen Golden Cider se destaca por seu impressionante teor de CBD, atingindo um total de 61% (56% CBD + 5% CBD-A), al\u00e9m de 0,4% CBG. Essa concentra\u00e7\u00e3o potente a torna a escolha ideal para quem busca um efeito relaxante poderoso e duradouro.<\/p>\n<section class=\"product-description\">\n<h2>Qualidade e seguran\u00e7a<\/h2>\n<p>Em <strong>Os Laborat\u00f3rios Lyf<\/strong>, garantimos que cada lote de <span style=\"font-weight: 400\"><strong>Hash CBD Frozen Golden Cider<\/strong><\/span>\u00a0O produto passa por rigorosas an\u00e1lises laboratoriais para confirmar sua pureza, aus\u00eancia de pesticidas e n\u00edveis legais de THC (inferiores a 0,31% TP3T). Nosso compromisso com a qualidade e a seguran\u00e7a nos permite oferecer um produto confi\u00e1vel, adequado a todos os usu\u00e1rios que valorizam a legalidade e a excel\u00eancia no consumo.<\/p>\n<p>&nbsp;<\/p>\n<p><span style=\"font-size: 1.7em;font-weight: bold\">Por que comprar? <span style=\"font-weight: 400\"><strong>Hash CBD Frozen Golden Cider<\/strong><\/span>\u00a0nos Laborat\u00f3rios Lyf?<\/span><\/p>\n<\/section>\n<section class=\"product-description\">\n<ul>\n<li>Produto 100% legal na Uni\u00e3o Europeia, em conformidade com a regulamenta\u00e7\u00e3o vigente sobre THC.<\/li>\n<li>Natural, sem agrot\u00f3xicos ou aditivos qu\u00edmicos, garantindo um consumo seguro e saud\u00e1vel.<\/li>\n<li>Testado em laborat\u00f3rios certificados para garantir m\u00e1xima pureza e qualidade.<\/li>\n<li>Entrega r\u00e1pida e servi\u00e7o profissional acompanham cada compra.<\/li>\n<li>Compra segura e suporte especializado para tirar qualquer d\u00favida.<\/li>\n<\/ul>\n<p>A Lyf Labs est\u00e1 comprometida em oferecer produtos que combinam tradi\u00e7\u00e3o, inova\u00e7\u00e3o e a mais alta qualidade. Ele <span style=\"font-weight: 400\"><strong>Hash CBD Frozen Golden Cider<\/strong><\/span>\u00a0\u00c9 uma excelente escolha para quem busca um haxixe artesanal com um perfil moderno e uma experi\u00eancia de uso \u00fanica. Confie em n\u00f3s para adicionar \u00e0 sua cole\u00e7\u00e3o ou cat\u00e1logo um produto que se destaque pela autenticidade, sabor e confiabilidade.<\/p>\n<p>&nbsp;<\/p>\n<p><span style=\"font-size: 1.7em;font-weight: bold\">O Lyf Labs \u00e9 de qualidade<\/span><\/p>\n<\/section>\n<p>O Lyf Labs representa excel\u00eancia no mercado atacadista de canabinoides, oferecendo produtos inovadores, seguros e de alta pureza para lojas especializadas e distribuidores. Nosso foco \u00e9 atender \u00e0s necessidades de um setor profissional que busca qualidade consistente, rastreabilidade e pre\u00e7os competitivos. Se voc\u00ea est\u00e1 procurando um fornecedor confi\u00e1vel e inovador, o Lyf Labs \u00e9 um parceiro estrat\u00e9gico para o crescimento no mercado de c\u00e2nhamo.<\/p>","protected":false},"excerpt":{"rendered":"<ul>\n<li>Esse <strong>haxixe<\/strong> <span style=\"font-weight: 400\"><strong>Sidra Dourada Congelada com CBD <\/strong><\/span>\u00c9 feito com flores frescas, congeladas e extra\u00eddas a frio para preservar ao m\u00e1ximo a pureza e a concentra\u00e7\u00e3o de terpenos:\n<ul>\n<li data-start=\"246\" data-end=\"275\">Textura fina e dourada<\/li>\n<li>Produto legal na Espanha: THC &lt;0,3%<\/li>\n<\/ul>\n<p>An\u00e1lise de qualidade: clique <a href=\"https:\/\/iguanasmoke.com\/analiticas\/\">aqui<\/a><\/li>\n<\/ul>","protected":false},"featured_media":17440,"comment_status":"open","ping_status":"closed","template":"","meta":{"_acf_changed":false,"site-sidebar-layout":"default","site-content-layout":"","ast-site-content-layout":"default","site-content-style":"default","site-sidebar-style":"default","ast-global-header-display":"","ast-banner-title-visibility":"","ast-main-header-display":"","ast-hfb-above-header-display":"","ast-hfb-below-header-display":"","ast-hfb-mobile-header-display":"","site-post-title":"","ast-breadcrumbs-content":"","ast-featured-img":"","footer-sml-layout":"","theme-transparent-header-meta":"default","adv-header-id-meta":"","stick-header-meta":"","header-above-stick-meta":"","header-main-stick-meta":"","header-below-stick-meta":"","astra-migrate-meta-layouts":"set","ast-page-background-enabled":"default","ast-page-background-meta":{"desktop":{"background-color":"var(--ast-global-color-4)","background-image":"","background-repeat":"repeat","background-position":"center center","background-size":"auto","background-attachment":"scroll","background-type":"","background-media":"","overlay-type":"","overlay-color":"","overlay-opacity":"","overlay-gradient":""},"tablet":{"background-color":"","background-image":"","background-repeat":"repeat","background-position":"center center","background-size":"auto","background-attachment":"scroll","background-type":"","background-media":"","overlay-type":"","overlay-color":"","overlay-opacity":"","overlay-gradient":""},"mobile":{"background-color":"","background-image":"","background-repeat":"repeat","background-position":"center center","background-size":"auto","background-attachment":"scroll","background-type":"","background-media":"","overlay-type":"","overlay-color":"","overlay-opacity":"","overlay-gradient":""}},"ast-content-background-meta":{"desktop":{"background-color":"var(--ast-global-color-5)","background-image":"","background-repeat":"repeat","background-position":"center center","background-size":"auto","background-attachment":"scroll","background-type":"","background-media":"","overlay-type":"","overlay-color":"","overlay-opacity":"","overlay-gradient":""},"tablet":{"background-color":"var(--ast-global-color-5)","background-image":"","background-repeat":"repeat","background-position":"center center","background-size":"auto","background-attachment":"scroll","background-type":"","background-media":"","overlay-type":"","overlay-color":"","overlay-opacity":"","overlay-gradient":""},"mobile":{"background-color":"var(--ast-global-color-5)","background-image":"","background-repeat":"repeat","background-position":"center center","background-size":"auto","background-attachment":"scroll","background-type":"","background-media":"","overlay-type":"","overlay-color":"","overlay-opacity":"","overlay-gradient":""}}},"product_brand":[],"product_cat":[66],"product_tag":[],"class_list":{"0":"post-12937","1":"product","2":"type-product","3":"status-publish","4":"has-post-thumbnail","6":"product_cat-resinas","7":"desktop-align-center","8":"tablet-align-left","9":"mobile-align-left","11":"first","12":"instock","13":"taxable","14":"shipping-taxable","15":"purchasable","16":"product-type-variable"},"acf":[],"yoast_head":"<!-- This site is optimized with the Yoast SEO plugin v27.4 - https:\/\/yoast.com\/product\/yoast-seo-wordpress\/ -->\n<title>Hash CBD Frozen Golden Cider - Comprar CBD legal al por mayor - THE LYF LABS<\/title>\n<meta name=\"description\" content=\"Compra Hash CBD Frozen Golden Cider al por mayor. Producto legal en la UE. Descuentos para mayoristas y distribuidores de CBD legal\" \/>\n<meta name=\"robots\" content=\"index, follow, max-snippet:-1, max-image-preview:large, max-video-preview:-1\" \/>\n<link rel=\"canonical\" href=\"https:\/\/thelyflabs.com\/pt\/product\/hash-cbd-frozen-cider\/\" \/>\n<meta property=\"og:locale\" content=\"pt_PT\" \/>\n<meta property=\"og:type\" content=\"article\" \/>\n<meta property=\"og:title\" content=\"Hash CBD Frozen Golden Cider - Comprar CBD legal al por mayor - THE LYF LABS\" \/>\n<meta property=\"og:description\" content=\"Compra Hash CBD Frozen Golden Cider al por mayor. Producto legal en la UE. Descuentos para mayoristas y distribuidores de CBD legal\" \/>\n<meta property=\"og:url\" content=\"https:\/\/thelyflabs.com\/pt\/product\/hash-cbd-frozen-cider\/\" \/>\n<meta property=\"og:site_name\" content=\"THE LYF LABS\" \/>\n<meta property=\"article:modified_time\" content=\"2026-03-19T14:28:45+00:00\" \/>\n<meta property=\"og:image\" content=\"https:\/\/thelyflabs.com\/wp-content\/uploads\/2025\/07\/Frozen-2g-con-hash.webp\" \/>\n\t<meta property=\"og:image:width\" content=\"1000\" \/>\n\t<meta property=\"og:image:height\" content=\"1000\" \/>\n\t<meta property=\"og:image:type\" content=\"image\/webp\" \/>\n<meta name=\"twitter:card\" content=\"summary_large_image\" \/>\n<meta name=\"twitter:label1\" content=\"Tempo estimado de leitura\" \/>\n\t<meta name=\"twitter:data1\" content=\"4 minutos\" \/>\n<script type=\"application\/ld+json\" class=\"yoast-schema-graph\">{\"@context\":\"https:\\\/\\\/schema.org\",\"@graph\":[{\"@type\":\"WebPage\",\"@id\":\"https:\\\/\\\/thelyflabs.com\\\/product\\\/hash-cbd-frozen-cider\",\"url\":\"https:\\\/\\\/thelyflabs.com\\\/product\\\/hash-cbd-frozen-cider\",\"name\":\"Hash CBD Frozen Golden Cider - Comprar CBD legal al por mayor - THE LYF LABS\",\"isPartOf\":{\"@id\":\"https:\\\/\\\/thelyflabs.com\\\/#website\"},\"primaryImageOfPage\":{\"@id\":\"https:\\\/\\\/thelyflabs.com\\\/product\\\/hash-cbd-frozen-cider#primaryimage\"},\"image\":{\"@id\":\"https:\\\/\\\/thelyflabs.com\\\/product\\\/hash-cbd-frozen-cider#primaryimage\"},\"thumbnailUrl\":\"https:\\\/\\\/thelyflabs.com\\\/wp-content\\\/uploads\\\/2025\\\/07\\\/Frozen-2g-con-hash.webp\",\"datePublished\":\"2025-07-16T19:05:09+00:00\",\"dateModified\":\"2026-03-19T14:28:45+00:00\",\"description\":\"Compra Hash CBD Frozen Golden Cider al por mayor. Producto legal en la UE. Descuentos para mayoristas y distribuidores de CBD legal\",\"breadcrumb\":{\"@id\":\"https:\\\/\\\/thelyflabs.com\\\/product\\\/hash-cbd-frozen-cider#breadcrumb\"},\"inLanguage\":\"pt-PT\",\"potentialAction\":[{\"@type\":\"ReadAction\",\"target\":[\"https:\\\/\\\/thelyflabs.com\\\/product\\\/hash-cbd-frozen-cider\"]}]},{\"@type\":\"ImageObject\",\"inLanguage\":\"pt-PT\",\"@id\":\"https:\\\/\\\/thelyflabs.com\\\/product\\\/hash-cbd-frozen-cider#primaryimage\",\"url\":\"https:\\\/\\\/thelyflabs.com\\\/wp-content\\\/uploads\\\/2025\\\/07\\\/Frozen-2g-con-hash.webp\",\"contentUrl\":\"https:\\\/\\\/thelyflabs.com\\\/wp-content\\\/uploads\\\/2025\\\/07\\\/Frozen-2g-con-hash.webp\",\"width\":1000,\"height\":1000,\"caption\":\"Hash CBD Frozen Golden 2g\"},{\"@type\":\"BreadcrumbList\",\"@id\":\"https:\\\/\\\/thelyflabs.com\\\/product\\\/hash-cbd-frozen-cider#breadcrumb\",\"itemListElement\":[{\"@type\":\"ListItem\",\"position\":1,\"name\":\"Portada\",\"item\":\"https:\\\/\\\/thelyflabs.com\\\/\"},{\"@type\":\"ListItem\",\"position\":2,\"name\":\"Tienda\",\"item\":\"https:\\\/\\\/thelyflabs.com\\\/tienda\"},{\"@type\":\"ListItem\",\"position\":3,\"name\":\"Hash CBD Frozen Golden Cider\"}]},{\"@type\":\"WebSite\",\"@id\":\"https:\\\/\\\/thelyflabs.com\\\/#website\",\"url\":\"https:\\\/\\\/thelyflabs.com\\\/\",\"name\":\"The LYF Labs\",\"description\":\"CBD al por mayor\",\"publisher\":{\"@id\":\"https:\\\/\\\/thelyflabs.com\\\/#organization\"},\"potentialAction\":[{\"@type\":\"SearchAction\",\"target\":{\"@type\":\"EntryPoint\",\"urlTemplate\":\"https:\\\/\\\/thelyflabs.com\\\/?s={search_term_string}\"},\"query-input\":{\"@type\":\"PropertyValueSpecification\",\"valueRequired\":true,\"valueName\":\"search_term_string\"}}],\"inLanguage\":\"pt-PT\"},{\"@type\":\"Organization\",\"@id\":\"https:\\\/\\\/thelyflabs.com\\\/#organization\",\"name\":\"The LYF Labs\",\"url\":\"https:\\\/\\\/thelyflabs.com\\\/\",\"logo\":{\"@type\":\"ImageObject\",\"inLanguage\":\"pt-PT\",\"@id\":\"https:\\\/\\\/thelyflabs.com\\\/#\\\/schema\\\/logo\\\/image\\\/\",\"url\":\"https:\\\/\\\/thelyflabs.com\\\/wp-content\\\/uploads\\\/2023\\\/01\\\/cropped-LogoTheLYFLabs.png\",\"contentUrl\":\"https:\\\/\\\/thelyflabs.com\\\/wp-content\\\/uploads\\\/2023\\\/01\\\/cropped-LogoTheLYFLabs.png\",\"width\":600,\"height\":180,\"caption\":\"The LYF Labs\"},\"image\":{\"@id\":\"https:\\\/\\\/thelyflabs.com\\\/#\\\/schema\\\/logo\\\/image\\\/\"}}]}<\/script>\n<!-- \/ Yoast SEO plugin. -->","yoast_head_json":{"title":"Hash CBD Frozen Golden Cider - Comprar CBD legal al por mayor - THE LYF LABS","description":"Compra Hash CBD Frozen Golden Cider al por mayor. Producto legal en la UE. Descuentos para mayoristas y distribuidores de CBD legal","robots":{"index":"index","follow":"follow","max-snippet":"max-snippet:-1","max-image-preview":"max-image-preview:large","max-video-preview":"max-video-preview:-1"},"canonical":"https:\/\/thelyflabs.com\/pt\/product\/hash-cbd-frozen-cider\/","og_locale":"pt_PT","og_type":"article","og_title":"Hash CBD Frozen Golden Cider - Comprar CBD legal al por mayor - THE LYF LABS","og_description":"Compra Hash CBD Frozen Golden Cider al por mayor. Producto legal en la UE. Descuentos para mayoristas y distribuidores de CBD legal","og_url":"https:\/\/thelyflabs.com\/pt\/product\/hash-cbd-frozen-cider\/","og_site_name":"THE LYF LABS","article_modified_time":"2026-03-19T14:28:45+00:00","og_image":[{"width":1000,"height":1000,"url":"https:\/\/thelyflabs.com\/wp-content\/uploads\/2025\/07\/Frozen-2g-con-hash.webp","type":"image\/webp"}],"twitter_card":"summary_large_image","twitter_misc":{"Tempo estimado de leitura":"4 minutos"},"schema":{"@context":"https:\/\/schema.org","@graph":[{"@type":"WebPage","@id":"https:\/\/thelyflabs.com\/product\/hash-cbd-frozen-cider","url":"https:\/\/thelyflabs.com\/product\/hash-cbd-frozen-cider","name":"Hash CBD Frozen Golden Cider - Comprar CBD legal al por mayor - THE LYF LABS","isPartOf":{"@id":"https:\/\/thelyflabs.com\/#website"},"primaryImageOfPage":{"@id":"https:\/\/thelyflabs.com\/product\/hash-cbd-frozen-cider#primaryimage"},"image":{"@id":"https:\/\/thelyflabs.com\/product\/hash-cbd-frozen-cider#primaryimage"},"thumbnailUrl":"https:\/\/thelyflabs.com\/wp-content\/uploads\/2025\/07\/Frozen-2g-con-hash.webp","datePublished":"2025-07-16T19:05:09+00:00","dateModified":"2026-03-19T14:28:45+00:00","description":"Compra Hash CBD Frozen Golden Cider al por mayor. Producto legal en la UE. Descuentos para mayoristas y distribuidores de CBD legal","breadcrumb":{"@id":"https:\/\/thelyflabs.com\/product\/hash-cbd-frozen-cider#breadcrumb"},"inLanguage":"pt-PT","potentialAction":[{"@type":"ReadAction","target":["https:\/\/thelyflabs.com\/product\/hash-cbd-frozen-cider"]}]},{"@type":"ImageObject","inLanguage":"pt-PT","@id":"https:\/\/thelyflabs.com\/product\/hash-cbd-frozen-cider#primaryimage","url":"https:\/\/thelyflabs.com\/wp-content\/uploads\/2025\/07\/Frozen-2g-con-hash.webp","contentUrl":"https:\/\/thelyflabs.com\/wp-content\/uploads\/2025\/07\/Frozen-2g-con-hash.webp","width":1000,"height":1000,"caption":"Hash CBD Frozen Golden 2g"},{"@type":"BreadcrumbList","@id":"https:\/\/thelyflabs.com\/product\/hash-cbd-frozen-cider#breadcrumb","itemListElement":[{"@type":"ListItem","position":1,"name":"Portada","item":"https:\/\/thelyflabs.com\/"},{"@type":"ListItem","position":2,"name":"Tienda","item":"https:\/\/thelyflabs.com\/tienda"},{"@type":"ListItem","position":3,"name":"Hash CBD Frozen Golden Cider"}]},{"@type":"WebSite","@id":"https:\/\/thelyflabs.com\/#website","url":"https:\/\/thelyflabs.com\/","name":"Os Laborat\u00f3rios LYF","description":"CBD atacado","publisher":{"@id":"https:\/\/thelyflabs.com\/#organization"},"potentialAction":[{"@type":"SearchAction","target":{"@type":"EntryPoint","urlTemplate":"https:\/\/thelyflabs.com\/?s={search_term_string}"},"query-input":{"@type":"PropertyValueSpecification","valueRequired":true,"valueName":"search_term_string"}}],"inLanguage":"pt-PT"},{"@type":"Organization","@id":"https:\/\/thelyflabs.com\/#organization","name":"Os Laborat\u00f3rios LYF","url":"https:\/\/thelyflabs.com\/","logo":{"@type":"ImageObject","inLanguage":"pt-PT","@id":"https:\/\/thelyflabs.com\/#\/schema\/logo\/image\/","url":"https:\/\/thelyflabs.com\/wp-content\/uploads\/2023\/01\/cropped-LogoTheLYFLabs.png","contentUrl":"https:\/\/thelyflabs.com\/wp-content\/uploads\/2023\/01\/cropped-LogoTheLYFLabs.png","width":600,"height":180,"caption":"The LYF Labs"},"image":{"@id":"https:\/\/thelyflabs.com\/#\/schema\/logo\/image\/"}}]}},"_links":{"self":[{"href":"https:\/\/thelyflabs.com\/pt\/wp-json\/wp\/v2\/product\/12937","targetHints":{"allow":["GET"]}}],"collection":[{"href":"https:\/\/thelyflabs.com\/pt\/wp-json\/wp\/v2\/product"}],"about":[{"href":"https:\/\/thelyflabs.com\/pt\/wp-json\/wp\/v2\/types\/product"}],"replies":[{"embeddable":true,"href":"https:\/\/thelyflabs.com\/pt\/wp-json\/wp\/v2\/comments?post=12937"}],"wp:featuredmedia":[{"embeddable":true,"href":"https:\/\/thelyflabs.com\/pt\/wp-json\/wp\/v2\/media\/17440"}],"wp:attachment":[{"href":"https:\/\/thelyflabs.com\/pt\/wp-json\/wp\/v2\/media?parent=12937"}],"wp:term":[{"taxonomy":"product_brand","embeddable":true,"href":"https:\/\/thelyflabs.com\/pt\/wp-json\/wp\/v2\/product_brand?post=12937"},{"taxonomy":"product_cat","embeddable":true,"href":"https:\/\/thelyflabs.com\/pt\/wp-json\/wp\/v2\/product_cat?post=12937"},{"taxonomy":"product_tag","embeddable":true,"href":"https:\/\/thelyflabs.com\/pt\/wp-json\/wp\/v2\/product_tag?post=12937"}],"curies":[{"name":"wp","href":"https:\/\/api.w.org\/{rel}","templated":true}]}}