{"id":12949,"date":"2025-07-16T21:06:37","date_gmt":"2025-07-16T19:06:37","guid":{"rendered":"https:\/\/thelyflabs.com\/?post_type=product&#038;p=12949"},"modified":"2026-03-19T15:25:01","modified_gmt":"2026-03-19T14:25:01","slug":"hash-cbd-triple-filtrado","status":"publish","type":"product","link":"https:\/\/thelyflabs.com\/pt\/product\/hash-cbd-triple-filtrado","title":{"rendered":"Hash de CBD triplamente filtrado"},"content":{"rendered":"<h2>Triplamente filtrado \u2013 Haxixe CBD puro e refinado<\/h2>\n<p data-start=\"137\" data-end=\"450\">Suave, poderoso e cuidadosamente refinado, <strong data-start=\"179\" data-end=\"207\">Hash de CBD triplamente filtrado<\/strong> Fruto de um trabalho artesanal preciso e de um processo de purifica\u00e7\u00e3o de alto n\u00edvel, gra\u00e7as aos seus tr\u00eas est\u00e1gios de filtra\u00e7\u00e3o, alcan\u00e7a uma textura limpa, uma tonalidade dourada profunda e um aroma intenso que transmite qualidade desde o primeiro momento.<\/p>\n<p data-start=\"452\" data-end=\"652\">Projetado para aqueles que valorizam a pureza e a experi\u00eancia, <strong data-start=\"509\" data-end=\"528\">Triplamente filtrado<\/strong>\u00a0Destaca-se pela combust\u00e3o limpa, rica presen\u00e7a de terpenos e sensa\u00e7\u00e3o relaxante, sem notas \u00e1speras ou desconforto durante o uso.<\/p>\n<h3>Aroma e textura do Hash CBD Triplamente Filtrado<\/h3>\n<p>Possui textura sedosa e refinada, com uma atraente tonalidade marrom-dourada. Seu perfil arom\u00e1tico \u00e9 profundo e complexo, com notas terrosas, amadeiradas e c\u00edtricas que refletem sua riqueza em terpenos como limoneno, mirceno e beta-cariofileno.<\/p>\n<h3>Principais caracter\u00edsticas do Triple Filtered Hash CBD<\/h3>\n<ul>\n<li>Tripla filtragem para uma textura limpa e sedosa<\/li>\n<li>Aroma complexo: notas terrosas, c\u00edtricas e amadeiradas<\/li>\n<li>Alto teor de CBD para relaxamento sem causar sonol\u00eancia<\/li>\n<li>Rico em terpenos naturais: limoneno, mirceno, beta-cariofileno<\/li>\n<li>Ideal para sess\u00f5es suaves, dosagem precisa e experi\u00eancia premium<\/li>\n<li>Produto legal na Espanha (THC &lt; 0,3 %), com <a href=\"https:\/\/iguanasmoke.com\/analiticas\/\">an\u00e1lise laboratorial<\/a><\/li>\n<\/ul>\n<h3>Processo de prepara\u00e7\u00e3o<\/h3>\n<p>O CBD de haxixe triplamente filtrado \u00e9 obtido por meio de um processo avan\u00e7ado de extra\u00e7\u00e3o com tripla filtragem da flor de c\u00e2nhamo. Desde o in\u00edcio e durante todo o processo, cada detalhe \u00e9 cuidadosamente considerado para obter um produto limpo, potente e de alta qualidade, livre de res\u00edduos qu\u00edmicos.<\/p>\n<h3>Embalagem e apresenta\u00e7\u00e3o<\/h3>\n<p>Triple Filtrado \u00e9 apresentado em recipientes de vidro herm\u00e9ticos, projetados para preservar seu aroma, textura e frescor. Est\u00e1 dispon\u00edvel nos formatos 2g, 5g e 10g, projetados para atender a diferentes necessidades e n\u00edveis de experi\u00eancia. Se poss\u00edvel, recomenda-se armazen\u00e1-lo em local fresco e seco, longe da luz direta.<\/p>\n<h3>Efeitos esperados do Triple Filtered Hash CBD<\/h3>\n<p>Gra\u00e7as ao seu alto teor de CBD e concentra\u00e7\u00e3o \u00fanica de terpenos, Triple Filtered est\u00e1 associado ao relaxamento profundo, al\u00edvio muscular e <a href=\"https:\/\/pubmed.ncbi.nlm.nih.gov\/26711860\/\">bem-estar geral<\/a>, tudo isso sem criar peso ou afetar a clareza mental.<\/p>\n<p><strong>Aviso importante:<\/strong> Este conte\u00fado tem car\u00e1ter meramente informativo e n\u00e3o substitui o conselho de um profissional de sa\u00fade. Mantenha o produto fora do alcance das crian\u00e7as e armazene-o adequadamente para garantir sua qualidade<\/p>\n<p>&nbsp;<\/p>\n<section class=\"product-description\">\n<h2>Qualidade e seguran\u00e7a<\/h2>\n<p>Em <strong>Os Laborat\u00f3rios Lyf<\/strong>, garantimos que cada lote de <strong data-start=\"179\" data-end=\"207\">Hash de CBD triplamente filtrado<\/strong>\u00a0O produto passa por rigorosas an\u00e1lises laboratoriais para confirmar sua pureza, aus\u00eancia de pesticidas e n\u00edveis legais de THC (inferiores a 0,31% TP3T). Nosso compromisso com a qualidade e a seguran\u00e7a nos permite oferecer um produto confi\u00e1vel, adequado a todos os usu\u00e1rios que valorizam a legalidade e a excel\u00eancia no consumo.<\/p>\n<p>&nbsp;<\/p>\n<p><span style=\"font-size: 1.7em;font-weight: bold\">Por que comprar? <strong data-start=\"179\" data-end=\"207\">Hash de CBD triplamente filtrado<\/strong>\u00a0nos Laborat\u00f3rios Lyf?<\/span><\/p>\n<\/section>\n<section class=\"product-description\">\n<ul>\n<li>Produto 100% legal na Uni\u00e3o Europeia, em conformidade com a regulamenta\u00e7\u00e3o vigente sobre THC.<\/li>\n<li>Natural, sem agrot\u00f3xicos ou aditivos qu\u00edmicos, garantindo um consumo seguro e saud\u00e1vel.<\/li>\n<li>Testado em laborat\u00f3rios certificados para garantir m\u00e1xima pureza e qualidade.<\/li>\n<li>Entrega r\u00e1pida e servi\u00e7o profissional acompanham cada compra.<\/li>\n<li>Compra segura e suporte especializado para tirar qualquer d\u00favida.<\/li>\n<\/ul>\n<p>A Lyf Labs est\u00e1 comprometida em oferecer produtos que combinam tradi\u00e7\u00e3o, inova\u00e7\u00e3o e a mais alta qualidade. Ele <strong data-start=\"179\" data-end=\"207\">Hash de CBD triplamente filtrado<\/strong>\u00a0\u00c9 uma excelente escolha para quem busca um haxixe artesanal com um perfil moderno e uma experi\u00eancia de uso \u00fanica. Confie em n\u00f3s para adicionar \u00e0 sua cole\u00e7\u00e3o ou cat\u00e1logo um produto que se destaque pela autenticidade, sabor e confiabilidade.<\/p>\n<p><span style=\"font-size: 1.7em;font-weight: bold\">O Lyf Labs \u00e9 de qualidade<\/span><\/p>\n<\/section>\n<p>O Lyf Labs representa excel\u00eancia no mercado atacadista de canabinoides, oferecendo produtos inovadores, seguros e de alta pureza para lojas especializadas e distribuidores. Nosso foco \u00e9 atender \u00e0s necessidades de um setor profissional que busca qualidade consistente, rastreabilidade e pre\u00e7os competitivos. Se voc\u00ea est\u00e1 procurando um fornecedor confi\u00e1vel e inovador, o Lyf Labs \u00e9 um parceiro estrat\u00e9gico para o crescimento no mercado de c\u00e2nhamo.<\/p>","protected":false},"excerpt":{"rendered":"<ul>\n<li data-start=\"141\" data-end=\"177\"><span style=\"font-weight: 400\">Desfrute dos in\u00fameros benef\u00edcios do haxixe CBD triplamente filtrado, com sua pureza m\u00e1xima, textura suave e aromas intensos de terpenos:<\/span>\n<ul>\n<li data-start=\"261\" data-end=\"305\">Alto teor de CBD e terpenos naturais<\/li>\n<li data-start=\"308\" data-end=\"342\">Cultivo controlado, sem produtos qu\u00edmicos<\/li>\n<li data-start=\"345\" data-end=\"376\">100% Legal na Espanha (THC &lt;0,3 %)<\/li>\n<\/ul>\n<p>An\u00e1lise de qualidade: clique\u00a0<a href=\"https:\/\/iguanasmoke.com\/analiticas\/\" target=\"_blank\" rel=\"noopener\">aqui<\/a><\/li>\n<\/ul>","protected":false},"featured_media":17434,"comment_status":"open","ping_status":"closed","template":"","meta":{"_acf_changed":false,"site-sidebar-layout":"default","site-content-layout":"","ast-site-content-layout":"default","site-content-style":"default","site-sidebar-style":"default","ast-global-header-display":"","ast-banner-title-visibility":"","ast-main-header-display":"","ast-hfb-above-header-display":"","ast-hfb-below-header-display":"","ast-hfb-mobile-header-display":"","site-post-title":"","ast-breadcrumbs-content":"","ast-featured-img":"","footer-sml-layout":"","theme-transparent-header-meta":"default","adv-header-id-meta":"","stick-header-meta":"","header-above-stick-meta":"","header-main-stick-meta":"","header-below-stick-meta":"","astra-migrate-meta-layouts":"set","ast-page-background-enabled":"default","ast-page-background-meta":{"desktop":{"background-color":"var(--ast-global-color-4)","background-image":"","background-repeat":"repeat","background-position":"center center","background-size":"auto","background-attachment":"scroll","background-type":"","background-media":"","overlay-type":"","overlay-color":"","overlay-opacity":"","overlay-gradient":""},"tablet":{"background-color":"","background-image":"","background-repeat":"repeat","background-position":"center center","background-size":"auto","background-attachment":"scroll","background-type":"","background-media":"","overlay-type":"","overlay-color":"","overlay-opacity":"","overlay-gradient":""},"mobile":{"background-color":"","background-image":"","background-repeat":"repeat","background-position":"center center","background-size":"auto","background-attachment":"scroll","background-type":"","background-media":"","overlay-type":"","overlay-color":"","overlay-opacity":"","overlay-gradient":""}},"ast-content-background-meta":{"desktop":{"background-color":"var(--ast-global-color-5)","background-image":"","background-repeat":"repeat","background-position":"center center","background-size":"auto","background-attachment":"scroll","background-type":"","background-media":"","overlay-type":"","overlay-color":"","overlay-opacity":"","overlay-gradient":""},"tablet":{"background-color":"var(--ast-global-color-5)","background-image":"","background-repeat":"repeat","background-position":"center center","background-size":"auto","background-attachment":"scroll","background-type":"","background-media":"","overlay-type":"","overlay-color":"","overlay-opacity":"","overlay-gradient":""},"mobile":{"background-color":"var(--ast-global-color-5)","background-image":"","background-repeat":"repeat","background-position":"center center","background-size":"auto","background-attachment":"scroll","background-type":"","background-media":"","overlay-type":"","overlay-color":"","overlay-opacity":"","overlay-gradient":""}}},"product_brand":[],"product_cat":[66],"product_tag":[],"class_list":{"0":"post-12949","1":"product","2":"type-product","3":"status-publish","4":"has-post-thumbnail","6":"product_cat-resinas","7":"desktop-align-center","8":"tablet-align-left","9":"mobile-align-left","11":"first","12":"instock","13":"taxable","14":"shipping-taxable","15":"purchasable","16":"product-type-variable"},"acf":[],"yoast_head":"<!-- This site is optimized with the Yoast SEO plugin v27.4 - https:\/\/yoast.com\/product\/yoast-seo-wordpress\/ -->\n<title>Hash CBD Triple filtrado - Comprar Hash CBD legal para mayoristas - THE LYF LABS<\/title>\n<meta name=\"description\" content=\"Descubre Triple Filtrado Hash CBD: un hash premium de alta pureza. Compra CBD legal con la m\u00e1xima calidad en TheLyfLabs. Precios exclusivos para mayoristas\" \/>\n<meta name=\"robots\" content=\"index, follow, max-snippet:-1, max-image-preview:large, max-video-preview:-1\" \/>\n<link rel=\"canonical\" href=\"https:\/\/thelyflabs.com\/pt\/product\/hash-cbd-triple-filtrado\/\" \/>\n<meta property=\"og:locale\" content=\"pt_PT\" \/>\n<meta property=\"og:type\" content=\"article\" \/>\n<meta property=\"og:title\" content=\"Hash CBD Triple filtrado - Comprar Hash CBD legal para mayoristas - THE LYF LABS\" \/>\n<meta property=\"og:description\" content=\"Descubre Triple Filtrado Hash CBD: un hash premium de alta pureza. Compra CBD legal con la m\u00e1xima calidad en TheLyfLabs. Precios exclusivos para mayoristas\" \/>\n<meta property=\"og:url\" content=\"https:\/\/thelyflabs.com\/pt\/product\/hash-cbd-triple-filtrado\/\" \/>\n<meta property=\"og:site_name\" content=\"THE LYF LABS\" \/>\n<meta property=\"article:modified_time\" content=\"2026-03-19T14:25:01+00:00\" \/>\n<meta property=\"og:image\" content=\"https:\/\/thelyflabs.com\/wp-content\/uploads\/2025\/07\/Filtrado-2g-con-hash.png\" \/>\n\t<meta property=\"og:image:width\" content=\"1000\" \/>\n\t<meta property=\"og:image:height\" content=\"1000\" \/>\n\t<meta property=\"og:image:type\" content=\"image\/png\" \/>\n<meta name=\"twitter:card\" content=\"summary_large_image\" \/>\n<meta name=\"twitter:label1\" content=\"Tempo estimado de leitura\" \/>\n\t<meta name=\"twitter:data1\" content=\"4 minutos\" \/>\n<script type=\"application\/ld+json\" class=\"yoast-schema-graph\">{\"@context\":\"https:\\\/\\\/schema.org\",\"@graph\":[{\"@type\":\"WebPage\",\"@id\":\"https:\\\/\\\/thelyflabs.com\\\/product\\\/hash-cbd-triple-filtrado\",\"url\":\"https:\\\/\\\/thelyflabs.com\\\/product\\\/hash-cbd-triple-filtrado\",\"name\":\"Hash CBD Triple filtrado - Comprar Hash CBD legal para mayoristas - THE LYF LABS\",\"isPartOf\":{\"@id\":\"https:\\\/\\\/thelyflabs.com\\\/#website\"},\"primaryImageOfPage\":{\"@id\":\"https:\\\/\\\/thelyflabs.com\\\/product\\\/hash-cbd-triple-filtrado#primaryimage\"},\"image\":{\"@id\":\"https:\\\/\\\/thelyflabs.com\\\/product\\\/hash-cbd-triple-filtrado#primaryimage\"},\"thumbnailUrl\":\"https:\\\/\\\/thelyflabs.com\\\/wp-content\\\/uploads\\\/2025\\\/07\\\/Filtrado-2g-con-hash.png\",\"datePublished\":\"2025-07-16T19:06:37+00:00\",\"dateModified\":\"2026-03-19T14:25:01+00:00\",\"description\":\"Descubre Triple Filtrado Hash CBD: un hash premium de alta pureza. Compra CBD legal con la m\u00e1xima calidad en TheLyfLabs. Precios exclusivos para mayoristas\",\"breadcrumb\":{\"@id\":\"https:\\\/\\\/thelyflabs.com\\\/product\\\/hash-cbd-triple-filtrado#breadcrumb\"},\"inLanguage\":\"pt-PT\",\"potentialAction\":[{\"@type\":\"ReadAction\",\"target\":[\"https:\\\/\\\/thelyflabs.com\\\/product\\\/hash-cbd-triple-filtrado\"]}]},{\"@type\":\"ImageObject\",\"inLanguage\":\"pt-PT\",\"@id\":\"https:\\\/\\\/thelyflabs.com\\\/product\\\/hash-cbd-triple-filtrado#primaryimage\",\"url\":\"https:\\\/\\\/thelyflabs.com\\\/wp-content\\\/uploads\\\/2025\\\/07\\\/Filtrado-2g-con-hash.png\",\"contentUrl\":\"https:\\\/\\\/thelyflabs.com\\\/wp-content\\\/uploads\\\/2025\\\/07\\\/Filtrado-2g-con-hash.png\",\"width\":1000,\"height\":1000,\"caption\":\"Hash CBD Triple Filtrado 2g\"},{\"@type\":\"BreadcrumbList\",\"@id\":\"https:\\\/\\\/thelyflabs.com\\\/product\\\/hash-cbd-triple-filtrado#breadcrumb\",\"itemListElement\":[{\"@type\":\"ListItem\",\"position\":1,\"name\":\"Portada\",\"item\":\"https:\\\/\\\/thelyflabs.com\\\/\"},{\"@type\":\"ListItem\",\"position\":2,\"name\":\"Tienda\",\"item\":\"https:\\\/\\\/thelyflabs.com\\\/tienda\"},{\"@type\":\"ListItem\",\"position\":3,\"name\":\"Hash CBD Triple filtrado\"}]},{\"@type\":\"WebSite\",\"@id\":\"https:\\\/\\\/thelyflabs.com\\\/#website\",\"url\":\"https:\\\/\\\/thelyflabs.com\\\/\",\"name\":\"The LYF Labs\",\"description\":\"CBD al por mayor\",\"publisher\":{\"@id\":\"https:\\\/\\\/thelyflabs.com\\\/#organization\"},\"potentialAction\":[{\"@type\":\"SearchAction\",\"target\":{\"@type\":\"EntryPoint\",\"urlTemplate\":\"https:\\\/\\\/thelyflabs.com\\\/?s={search_term_string}\"},\"query-input\":{\"@type\":\"PropertyValueSpecification\",\"valueRequired\":true,\"valueName\":\"search_term_string\"}}],\"inLanguage\":\"pt-PT\"},{\"@type\":\"Organization\",\"@id\":\"https:\\\/\\\/thelyflabs.com\\\/#organization\",\"name\":\"The LYF Labs\",\"url\":\"https:\\\/\\\/thelyflabs.com\\\/\",\"logo\":{\"@type\":\"ImageObject\",\"inLanguage\":\"pt-PT\",\"@id\":\"https:\\\/\\\/thelyflabs.com\\\/#\\\/schema\\\/logo\\\/image\\\/\",\"url\":\"https:\\\/\\\/thelyflabs.com\\\/wp-content\\\/uploads\\\/2023\\\/01\\\/cropped-LogoTheLYFLabs.png\",\"contentUrl\":\"https:\\\/\\\/thelyflabs.com\\\/wp-content\\\/uploads\\\/2023\\\/01\\\/cropped-LogoTheLYFLabs.png\",\"width\":600,\"height\":180,\"caption\":\"The LYF Labs\"},\"image\":{\"@id\":\"https:\\\/\\\/thelyflabs.com\\\/#\\\/schema\\\/logo\\\/image\\\/\"}}]}<\/script>\n<!-- \/ Yoast SEO plugin. -->","yoast_head_json":{"title":"Hash CBD Triple filtrado - Comprar Hash CBD legal para mayoristas - THE LYF LABS","description":"Descubre Triple Filtrado Hash CBD: un hash premium de alta pureza. Compra CBD legal con la m\u00e1xima calidad en TheLyfLabs. Precios exclusivos para mayoristas","robots":{"index":"index","follow":"follow","max-snippet":"max-snippet:-1","max-image-preview":"max-image-preview:large","max-video-preview":"max-video-preview:-1"},"canonical":"https:\/\/thelyflabs.com\/pt\/product\/hash-cbd-triple-filtrado\/","og_locale":"pt_PT","og_type":"article","og_title":"Hash CBD Triple filtrado - Comprar Hash CBD legal para mayoristas - THE LYF LABS","og_description":"Descubre Triple Filtrado Hash CBD: un hash premium de alta pureza. Compra CBD legal con la m\u00e1xima calidad en TheLyfLabs. Precios exclusivos para mayoristas","og_url":"https:\/\/thelyflabs.com\/pt\/product\/hash-cbd-triple-filtrado\/","og_site_name":"THE LYF LABS","article_modified_time":"2026-03-19T14:25:01+00:00","og_image":[{"width":1000,"height":1000,"url":"https:\/\/thelyflabs.com\/wp-content\/uploads\/2025\/07\/Filtrado-2g-con-hash.png","type":"image\/png"}],"twitter_card":"summary_large_image","twitter_misc":{"Tempo estimado de leitura":"4 minutos"},"schema":{"@context":"https:\/\/schema.org","@graph":[{"@type":"WebPage","@id":"https:\/\/thelyflabs.com\/product\/hash-cbd-triple-filtrado","url":"https:\/\/thelyflabs.com\/product\/hash-cbd-triple-filtrado","name":"Hash CBD Triple filtrado - Comprar Hash CBD legal para mayoristas - THE LYF LABS","isPartOf":{"@id":"https:\/\/thelyflabs.com\/#website"},"primaryImageOfPage":{"@id":"https:\/\/thelyflabs.com\/product\/hash-cbd-triple-filtrado#primaryimage"},"image":{"@id":"https:\/\/thelyflabs.com\/product\/hash-cbd-triple-filtrado#primaryimage"},"thumbnailUrl":"https:\/\/thelyflabs.com\/wp-content\/uploads\/2025\/07\/Filtrado-2g-con-hash.png","datePublished":"2025-07-16T19:06:37+00:00","dateModified":"2026-03-19T14:25:01+00:00","description":"Descubre Triple Filtrado Hash CBD: un hash premium de alta pureza. Compra CBD legal con la m\u00e1xima calidad en TheLyfLabs. Precios exclusivos para mayoristas","breadcrumb":{"@id":"https:\/\/thelyflabs.com\/product\/hash-cbd-triple-filtrado#breadcrumb"},"inLanguage":"pt-PT","potentialAction":[{"@type":"ReadAction","target":["https:\/\/thelyflabs.com\/product\/hash-cbd-triple-filtrado"]}]},{"@type":"ImageObject","inLanguage":"pt-PT","@id":"https:\/\/thelyflabs.com\/product\/hash-cbd-triple-filtrado#primaryimage","url":"https:\/\/thelyflabs.com\/wp-content\/uploads\/2025\/07\/Filtrado-2g-con-hash.png","contentUrl":"https:\/\/thelyflabs.com\/wp-content\/uploads\/2025\/07\/Filtrado-2g-con-hash.png","width":1000,"height":1000,"caption":"Hash CBD Triple Filtrado 2g"},{"@type":"BreadcrumbList","@id":"https:\/\/thelyflabs.com\/product\/hash-cbd-triple-filtrado#breadcrumb","itemListElement":[{"@type":"ListItem","position":1,"name":"Portada","item":"https:\/\/thelyflabs.com\/"},{"@type":"ListItem","position":2,"name":"Tienda","item":"https:\/\/thelyflabs.com\/tienda"},{"@type":"ListItem","position":3,"name":"Hash CBD Triple filtrado"}]},{"@type":"WebSite","@id":"https:\/\/thelyflabs.com\/#website","url":"https:\/\/thelyflabs.com\/","name":"Os Laborat\u00f3rios LYF","description":"CBD atacado","publisher":{"@id":"https:\/\/thelyflabs.com\/#organization"},"potentialAction":[{"@type":"SearchAction","target":{"@type":"EntryPoint","urlTemplate":"https:\/\/thelyflabs.com\/?s={search_term_string}"},"query-input":{"@type":"PropertyValueSpecification","valueRequired":true,"valueName":"search_term_string"}}],"inLanguage":"pt-PT"},{"@type":"Organization","@id":"https:\/\/thelyflabs.com\/#organization","name":"Os Laborat\u00f3rios LYF","url":"https:\/\/thelyflabs.com\/","logo":{"@type":"ImageObject","inLanguage":"pt-PT","@id":"https:\/\/thelyflabs.com\/#\/schema\/logo\/image\/","url":"https:\/\/thelyflabs.com\/wp-content\/uploads\/2023\/01\/cropped-LogoTheLYFLabs.png","contentUrl":"https:\/\/thelyflabs.com\/wp-content\/uploads\/2023\/01\/cropped-LogoTheLYFLabs.png","width":600,"height":180,"caption":"The LYF Labs"},"image":{"@id":"https:\/\/thelyflabs.com\/#\/schema\/logo\/image\/"}}]}},"_links":{"self":[{"href":"https:\/\/thelyflabs.com\/pt\/wp-json\/wp\/v2\/product\/12949","targetHints":{"allow":["GET"]}}],"collection":[{"href":"https:\/\/thelyflabs.com\/pt\/wp-json\/wp\/v2\/product"}],"about":[{"href":"https:\/\/thelyflabs.com\/pt\/wp-json\/wp\/v2\/types\/product"}],"replies":[{"embeddable":true,"href":"https:\/\/thelyflabs.com\/pt\/wp-json\/wp\/v2\/comments?post=12949"}],"wp:featuredmedia":[{"embeddable":true,"href":"https:\/\/thelyflabs.com\/pt\/wp-json\/wp\/v2\/media\/17434"}],"wp:attachment":[{"href":"https:\/\/thelyflabs.com\/pt\/wp-json\/wp\/v2\/media?parent=12949"}],"wp:term":[{"taxonomy":"product_brand","embeddable":true,"href":"https:\/\/thelyflabs.com\/pt\/wp-json\/wp\/v2\/product_brand?post=12949"},{"taxonomy":"product_cat","embeddable":true,"href":"https:\/\/thelyflabs.com\/pt\/wp-json\/wp\/v2\/product_cat?post=12949"},{"taxonomy":"product_tag","embeddable":true,"href":"https:\/\/thelyflabs.com\/pt\/wp-json\/wp\/v2\/product_tag?post=12949"}],"curies":[{"name":"wp","href":"https:\/\/api.w.org\/{rel}","templated":true}]}}