{"id":12951,"date":"2025-07-16T21:04:52","date_gmt":"2025-07-16T19:04:52","guid":{"rendered":"https:\/\/thelyflabs.com\/?post_type=product&#038;p=12951"},"modified":"2026-03-19T15:31:35","modified_gmt":"2026-03-19T14:31:35","slug":"hash-cbd-kiwi-creams","status":"publish","type":"product","link":"https:\/\/thelyflabs.com\/pt\/product\/hash-cbd-kiwi-creams","title":{"rendered":"Creme de Kiwi com CBD e Hash"},"content":{"rendered":"<h1><span style=\"font-weight: 400\">Kiwi Cream Hash 30% CBD: O haxixe mais frutado e de alta qualidade.<\/span><\/h1>\n<p data-start=\"178\" data-end=\"443\">Descubra o sabor ex\u00f3tico e equilibrado do Kiwi Creams, um haxixe premium de CBD com um perfil arom\u00e1tico \u00fanico que combina notas de kiwi maduro com uma base suave e cremosa. Experimente agora mesmo e delicie-se com suas notas frutadas para uma sensa\u00e7\u00e3o suave, relaxante e agrad\u00e1vel.<\/p>\n<p data-start=\"445\" data-end=\"681\" data-is-last-node=\"\" data-is-only-node=\"\">Feito com c\u00e2nhamo premium selecionado, o Kiwi Creams se destaca pela textura macia e resinosa, alta concentra\u00e7\u00e3o de CBD e perfil de terpenos naturais, o que o torna uma escolha ideal para quem busca qualidade, sabor e bem-estar.<\/p>\n<h2>Caracter\u00edsticas do Creme de Kiwi com CBD Hash 30%:<\/h2>\n<ul>\n<li>Apar\u00eancia e textura: <span style=\"font-weight: 400\">Sua apar\u00eancia convida voc\u00ea a desfrutar de sua sensa\u00e7\u00e3o. <strong>male\u00e1vel, resinoso e f\u00e1cil de manipular<\/strong>. De apar\u00eancia <strong>macio, compacto e ligeiramente oleoso<\/strong> Com um tom castanho claro que revela sua pureza.\u00a0<\/span><\/li>\n<li><span style=\"font-size: 16px;font-weight: 400\"><strong>Aroma e sabor:<\/strong> O aroma \u00e9 <strong>ex\u00f3tico<\/strong>, uma de suas grandes atra\u00e7\u00f5es: \u00e9 uma combina\u00e7\u00e3o de marcantes <strong>Notas frutadas de kiwi maduro<\/strong>, <strong>notas c\u00edtricas<\/strong> e um hist\u00f3rico com um c<strong>textura macia e adocicada<\/strong> o que far\u00e1 dela uma das suas hashtags favoritas.<\/span><\/li>\n<li><span style=\"font-size: 16px;font-weight: 400\"><strong>Origem e pureza:<\/strong> Essa resina \u00e9 obtida das flores do c\u00e2nhamo por meio de um processo de extra\u00e7\u00e3o mec\u00e2nica, sem solventes ou produtos qu\u00edmicos. Esse m\u00e9todo preserva os tricomas e mant\u00e9m intactos os terpenos naturais da planta, respons\u00e1veis por seu aroma caracter\u00edstico. Essencial para quem busca <strong>CBD barato<\/strong> mas eles n\u00e3o querem comprometer a qualidade de <strong>Creme de CBD com haxixe e kiwi 30%.<\/strong><\/span><\/li>\n<\/ul>\n<p>&nbsp;<\/p>\n<h3>Como \u00e9 feito?<\/h3>\n<p>Os Cremes de Kiwi s\u00e3o obtidos a partir de flores de c\u00e2nhamo cuidadosamente tratadas, por meio de um processo de extra\u00e7\u00e3o mec\u00e2nica, livre de solventes e produtos qu\u00edmicos. Esse m\u00e9todo preserva os tricomas e mant\u00e9m intactos os terpenos naturais da planta, respons\u00e1veis pelo seu aroma caracter\u00edstico.<\/p>\n<h3>Embalagem e apresenta\u00e7\u00e3o<\/h3>\n<p data-start=\"168\" data-end=\"445\">O Kiwi Creams Hash CBD vem em um frasco de vidro herm\u00e9tico e reutiliz\u00e1vel, projetado para manter o aroma, a textura e o frescor do produto por mais tempo. Est\u00e1 dispon\u00edvel nos tamanhos 2g, 5g e 10g, para que voc\u00ea possa escolher o que melhor se adapta a voc\u00ea. Recomendamos armazenar o produto em local fresco e seco, longe da luz direta.<\/p>\n<h3 data-start=\"168\" data-end=\"445\">Efeitos esperados do Kiwi Creams Hash CBD<\/h3>\n<p data-start=\"153\" data-end=\"495\">Gra\u00e7as \u00e0 sua combina\u00e7\u00e3o de CBD e terpenos naturais, os Kiwi Creams s\u00e3o associados a momentos de relaxamento, bom humor e sensa\u00e7\u00e3o de bem-estar, como alguns indicam. <a href=\"https:\/\/pubmed.ncbi.nlm.nih.gov\/38924898\/\">estudos.<\/a><\/p>\n<p data-start=\"153\" data-end=\"495\"><strong>Aviso importante:<\/strong> Este conte\u00fado \u00e9 apenas para fins informativos e n\u00e3o substitui a orienta\u00e7\u00e3o de um profissional de sa\u00fade. Mantenha o produto fora do alcance de crian\u00e7as e armazene-o adequadamente para garantir sua qualidade.<\/p>\n<p>&nbsp;<\/p>\n<section class=\"product-description\">\n<h2>Qualidade e seguran\u00e7a<\/h2>\n<p>Em <strong>Os Laborat\u00f3rios Lyf<\/strong>, garantimos que cada lote de <span style=\"font-weight: 400\"><strong>Creme de Kiwi com CBD e Hash<\/strong><\/span>\u00a0O produto passa por rigorosas an\u00e1lises laboratoriais para confirmar sua pureza, aus\u00eancia de pesticidas e n\u00edveis legais de THC (inferiores a 0,31% TP3T). Nosso compromisso com a qualidade e a seguran\u00e7a nos permite oferecer um produto confi\u00e1vel, adequado a todos os usu\u00e1rios que valorizam a legalidade e a excel\u00eancia no consumo.<\/p>\n<p>&nbsp;<\/p>\n<p><span style=\"font-size: 1.7em;font-weight: bold\">Por que comprar? <span style=\"font-weight: 400\"><strong>Creme de Kiwi com CBD e Hash<\/strong><\/span>\u00a0nos Laborat\u00f3rios Lyf?<\/span><\/p>\n<\/section>\n<section class=\"product-description\">\n<ul>\n<li>Produto 100% legal na Uni\u00e3o Europeia, em conformidade com a regulamenta\u00e7\u00e3o vigente sobre THC.<\/li>\n<li>Natural, sem agrot\u00f3xicos ou aditivos qu\u00edmicos, garantindo um consumo seguro e saud\u00e1vel.<\/li>\n<li>Testado em laborat\u00f3rios certificados para garantir m\u00e1xima pureza e qualidade.<\/li>\n<li>Entrega r\u00e1pida e servi\u00e7o profissional acompanham cada compra.<\/li>\n<li>Compra segura e suporte especializado para tirar qualquer d\u00favida.<\/li>\n<\/ul>\n<p>A Lyf Labs est\u00e1 comprometida em oferecer produtos que combinam tradi\u00e7\u00e3o, inova\u00e7\u00e3o e a mais alta qualidade. Ele <span style=\"font-weight: 400\"><strong>Creme de Kiwi com CBD e Hash<\/strong><\/span>\u00a0\u00c9 uma excelente escolha para quem busca um haxixe artesanal com um perfil moderno e uma experi\u00eancia de uso \u00fanica. Confie em n\u00f3s para adicionar \u00e0 sua cole\u00e7\u00e3o ou cat\u00e1logo um produto que se destaque pela autenticidade, sabor e confiabilidade.<\/p>\n<p>&nbsp;<\/p>\n<p><span style=\"font-size: 1.7em;font-weight: bold\">O Lyf Labs \u00e9 de qualidade<\/span><\/p>\n<\/section>\n<p>O Lyf Labs representa excel\u00eancia no mercado atacadista de canabinoides, oferecendo produtos inovadores, seguros e de alta pureza para lojas especializadas e distribuidores. Nosso foco \u00e9 atender \u00e0s necessidades de um setor profissional que busca qualidade consistente, rastreabilidade e pre\u00e7os competitivos. Se voc\u00ea est\u00e1 procurando um fornecedor confi\u00e1vel e inovador, o Lyf Labs \u00e9 um parceiro estrat\u00e9gico para o crescimento no mercado de c\u00e2nhamo.<\/p>","protected":false},"excerpt":{"rendered":"<ul>\n<li data-start=\"165\" data-end=\"194\">Descubra o nosso creme de kiwi com CBD. <span style=\"font-weight: 400\"><span style=\"font-size: 16px;font-weight: 400\"><strong>30%<\/strong><\/span><\/span>, uma resina de CBD que se destaca pelo seu aroma frutado de kiwi com notas cremosas.\n<ul>\n<li data-start=\"235\" data-end=\"281\">Textura macia, resinosa e f\u00e1cil de manipular<\/li>\n<li data-start=\"284\" data-end=\"312\">Rico em terpenos naturais<\/li>\n<li data-start=\"315\" data-end=\"355\">Produto legal na Espanha: THC &lt;0,3%<\/li>\n<\/ul>\n<p>An\u00e1lise de qualidade: clique <a href=\"https:\/\/iguanasmoke.com\/analiticas\/\">aqui<\/a><\/li>\n<\/ul>","protected":false},"featured_media":17449,"comment_status":"open","ping_status":"closed","template":"","meta":{"_acf_changed":false,"site-sidebar-layout":"default","site-content-layout":"","ast-site-content-layout":"default","site-content-style":"default","site-sidebar-style":"default","ast-global-header-display":"","ast-banner-title-visibility":"","ast-main-header-display":"","ast-hfb-above-header-display":"","ast-hfb-below-header-display":"","ast-hfb-mobile-header-display":"","site-post-title":"","ast-breadcrumbs-content":"","ast-featured-img":"","footer-sml-layout":"","theme-transparent-header-meta":"default","adv-header-id-meta":"","stick-header-meta":"","header-above-stick-meta":"","header-main-stick-meta":"","header-below-stick-meta":"","astra-migrate-meta-layouts":"set","ast-page-background-enabled":"default","ast-page-background-meta":{"desktop":{"background-color":"var(--ast-global-color-4)","background-image":"","background-repeat":"repeat","background-position":"center center","background-size":"auto","background-attachment":"scroll","background-type":"","background-media":"","overlay-type":"","overlay-color":"","overlay-opacity":"","overlay-gradient":""},"tablet":{"background-color":"","background-image":"","background-repeat":"repeat","background-position":"center center","background-size":"auto","background-attachment":"scroll","background-type":"","background-media":"","overlay-type":"","overlay-color":"","overlay-opacity":"","overlay-gradient":""},"mobile":{"background-color":"","background-image":"","background-repeat":"repeat","background-position":"center center","background-size":"auto","background-attachment":"scroll","background-type":"","background-media":"","overlay-type":"","overlay-color":"","overlay-opacity":"","overlay-gradient":""}},"ast-content-background-meta":{"desktop":{"background-color":"var(--ast-global-color-5)","background-image":"","background-repeat":"repeat","background-position":"center center","background-size":"auto","background-attachment":"scroll","background-type":"","background-media":"","overlay-type":"","overlay-color":"","overlay-opacity":"","overlay-gradient":""},"tablet":{"background-color":"var(--ast-global-color-5)","background-image":"","background-repeat":"repeat","background-position":"center center","background-size":"auto","background-attachment":"scroll","background-type":"","background-media":"","overlay-type":"","overlay-color":"","overlay-opacity":"","overlay-gradient":""},"mobile":{"background-color":"var(--ast-global-color-5)","background-image":"","background-repeat":"repeat","background-position":"center center","background-size":"auto","background-attachment":"scroll","background-type":"","background-media":"","overlay-type":"","overlay-color":"","overlay-opacity":"","overlay-gradient":""}}},"product_brand":[],"product_cat":[66],"product_tag":[],"class_list":{"0":"post-12951","1":"product","2":"type-product","3":"status-publish","4":"has-post-thumbnail","6":"product_cat-resinas","7":"desktop-align-center","8":"tablet-align-left","9":"mobile-align-left","11":"first","12":"instock","13":"taxable","14":"shipping-taxable","15":"purchasable","16":"product-type-variable"},"acf":[],"yoast_head":"<!-- This site is optimized with the Yoast SEO plugin v27.3 - https:\/\/yoast.com\/product\/yoast-seo-wordpress\/ -->\n<title>Hash CBD Kiwi Cream - THE LYF LABS<\/title>\n<meta name=\"description\" content=\"Descubre Kiwi Creams, hash CBD premium con aroma frutal y textura suave. Legal en Espa\u00f1a. Precios exclusivos para mayoristas. Compra segura y r\u00e1pida.\" \/>\n<meta name=\"robots\" content=\"index, follow, max-snippet:-1, max-image-preview:large, max-video-preview:-1\" \/>\n<link rel=\"canonical\" href=\"https:\/\/thelyflabs.com\/pt\/product\/hash-cbd-kiwi-creams\/\" \/>\n<meta property=\"og:locale\" content=\"pt_PT\" \/>\n<meta property=\"og:type\" content=\"article\" \/>\n<meta property=\"og:title\" content=\"Hash CBD Kiwi Cream - THE LYF LABS\" \/>\n<meta property=\"og:description\" content=\"Descubre Kiwi Creams, hash CBD premium con aroma frutal y textura suave. Legal en Espa\u00f1a. Precios exclusivos para mayoristas. Compra segura y r\u00e1pida.\" \/>\n<meta property=\"og:url\" content=\"https:\/\/thelyflabs.com\/pt\/product\/hash-cbd-kiwi-creams\/\" \/>\n<meta property=\"og:site_name\" content=\"THE LYF LABS\" \/>\n<meta property=\"article:modified_time\" content=\"2026-03-19T14:31:35+00:00\" \/>\n<meta property=\"og:image\" content=\"https:\/\/thelyflabs.com\/wp-content\/uploads\/2025\/07\/Kiwi-2g-con-hash.webp\" \/>\n\t<meta property=\"og:image:width\" content=\"1000\" \/>\n\t<meta property=\"og:image:height\" content=\"1000\" \/>\n\t<meta property=\"og:image:type\" content=\"image\/webp\" \/>\n<meta name=\"twitter:card\" content=\"summary_large_image\" \/>\n<meta name=\"twitter:label1\" content=\"Tempo estimado de leitura\" \/>\n\t<meta name=\"twitter:data1\" content=\"4 minutos\" \/>\n<script type=\"application\/ld+json\" class=\"yoast-schema-graph\">{\"@context\":\"https:\\\/\\\/schema.org\",\"@graph\":[{\"@type\":\"WebPage\",\"@id\":\"https:\\\/\\\/thelyflabs.com\\\/product\\\/hash-cbd-kiwi-creams\",\"url\":\"https:\\\/\\\/thelyflabs.com\\\/product\\\/hash-cbd-kiwi-creams\",\"name\":\"Hash CBD Kiwi Cream - THE LYF LABS\",\"isPartOf\":{\"@id\":\"https:\\\/\\\/thelyflabs.com\\\/#website\"},\"primaryImageOfPage\":{\"@id\":\"https:\\\/\\\/thelyflabs.com\\\/product\\\/hash-cbd-kiwi-creams#primaryimage\"},\"image\":{\"@id\":\"https:\\\/\\\/thelyflabs.com\\\/product\\\/hash-cbd-kiwi-creams#primaryimage\"},\"thumbnailUrl\":\"https:\\\/\\\/thelyflabs.com\\\/wp-content\\\/uploads\\\/2025\\\/07\\\/Kiwi-2g-con-hash.webp\",\"datePublished\":\"2025-07-16T19:04:52+00:00\",\"dateModified\":\"2026-03-19T14:31:35+00:00\",\"description\":\"Descubre Kiwi Creams, hash CBD premium con aroma frutal y textura suave. Legal en Espa\u00f1a. Precios exclusivos para mayoristas. Compra segura y r\u00e1pida.\",\"breadcrumb\":{\"@id\":\"https:\\\/\\\/thelyflabs.com\\\/product\\\/hash-cbd-kiwi-creams#breadcrumb\"},\"inLanguage\":\"pt-PT\",\"potentialAction\":[{\"@type\":\"ReadAction\",\"target\":[\"https:\\\/\\\/thelyflabs.com\\\/product\\\/hash-cbd-kiwi-creams\"]}]},{\"@type\":\"ImageObject\",\"inLanguage\":\"pt-PT\",\"@id\":\"https:\\\/\\\/thelyflabs.com\\\/product\\\/hash-cbd-kiwi-creams#primaryimage\",\"url\":\"https:\\\/\\\/thelyflabs.com\\\/wp-content\\\/uploads\\\/2025\\\/07\\\/Kiwi-2g-con-hash.webp\",\"contentUrl\":\"https:\\\/\\\/thelyflabs.com\\\/wp-content\\\/uploads\\\/2025\\\/07\\\/Kiwi-2g-con-hash.webp\",\"width\":1000,\"height\":1000,\"caption\":\"Hash CBD Kiwi Cream 2g\"},{\"@type\":\"BreadcrumbList\",\"@id\":\"https:\\\/\\\/thelyflabs.com\\\/product\\\/hash-cbd-kiwi-creams#breadcrumb\",\"itemListElement\":[{\"@type\":\"ListItem\",\"position\":1,\"name\":\"Portada\",\"item\":\"https:\\\/\\\/thelyflabs.com\\\/\"},{\"@type\":\"ListItem\",\"position\":2,\"name\":\"Tienda\",\"item\":\"https:\\\/\\\/thelyflabs.com\\\/tienda\"},{\"@type\":\"ListItem\",\"position\":3,\"name\":\"Hash CBD Kiwi Cream\"}]},{\"@type\":\"WebSite\",\"@id\":\"https:\\\/\\\/thelyflabs.com\\\/#website\",\"url\":\"https:\\\/\\\/thelyflabs.com\\\/\",\"name\":\"The LYF Labs\",\"description\":\"CBD al por mayor\",\"publisher\":{\"@id\":\"https:\\\/\\\/thelyflabs.com\\\/#organization\"},\"potentialAction\":[{\"@type\":\"SearchAction\",\"target\":{\"@type\":\"EntryPoint\",\"urlTemplate\":\"https:\\\/\\\/thelyflabs.com\\\/?s={search_term_string}\"},\"query-input\":{\"@type\":\"PropertyValueSpecification\",\"valueRequired\":true,\"valueName\":\"search_term_string\"}}],\"inLanguage\":\"pt-PT\"},{\"@type\":\"Organization\",\"@id\":\"https:\\\/\\\/thelyflabs.com\\\/#organization\",\"name\":\"The LYF Labs\",\"url\":\"https:\\\/\\\/thelyflabs.com\\\/\",\"logo\":{\"@type\":\"ImageObject\",\"inLanguage\":\"pt-PT\",\"@id\":\"https:\\\/\\\/thelyflabs.com\\\/#\\\/schema\\\/logo\\\/image\\\/\",\"url\":\"https:\\\/\\\/thelyflabs.com\\\/wp-content\\\/uploads\\\/2023\\\/01\\\/cropped-LogoTheLYFLabs.png\",\"contentUrl\":\"https:\\\/\\\/thelyflabs.com\\\/wp-content\\\/uploads\\\/2023\\\/01\\\/cropped-LogoTheLYFLabs.png\",\"width\":600,\"height\":180,\"caption\":\"The LYF Labs\"},\"image\":{\"@id\":\"https:\\\/\\\/thelyflabs.com\\\/#\\\/schema\\\/logo\\\/image\\\/\"}}]}<\/script>\n<!-- \/ Yoast SEO plugin. -->","yoast_head_json":{"title":"Hash CBD Kiwi Cream - THE LYF LABS","description":"Descubre Kiwi Creams, hash CBD premium con aroma frutal y textura suave. Legal en Espa\u00f1a. Precios exclusivos para mayoristas. Compra segura y r\u00e1pida.","robots":{"index":"index","follow":"follow","max-snippet":"max-snippet:-1","max-image-preview":"max-image-preview:large","max-video-preview":"max-video-preview:-1"},"canonical":"https:\/\/thelyflabs.com\/pt\/product\/hash-cbd-kiwi-creams\/","og_locale":"pt_PT","og_type":"article","og_title":"Hash CBD Kiwi Cream - THE LYF LABS","og_description":"Descubre Kiwi Creams, hash CBD premium con aroma frutal y textura suave. Legal en Espa\u00f1a. Precios exclusivos para mayoristas. Compra segura y r\u00e1pida.","og_url":"https:\/\/thelyflabs.com\/pt\/product\/hash-cbd-kiwi-creams\/","og_site_name":"THE LYF LABS","article_modified_time":"2026-03-19T14:31:35+00:00","og_image":[{"width":1000,"height":1000,"url":"https:\/\/thelyflabs.com\/wp-content\/uploads\/2025\/07\/Kiwi-2g-con-hash.webp","type":"image\/webp"}],"twitter_card":"summary_large_image","twitter_misc":{"Tempo estimado de leitura":"4 minutos"},"schema":{"@context":"https:\/\/schema.org","@graph":[{"@type":"WebPage","@id":"https:\/\/thelyflabs.com\/product\/hash-cbd-kiwi-creams","url":"https:\/\/thelyflabs.com\/product\/hash-cbd-kiwi-creams","name":"Hash CBD Kiwi Cream - THE LYF LABS","isPartOf":{"@id":"https:\/\/thelyflabs.com\/#website"},"primaryImageOfPage":{"@id":"https:\/\/thelyflabs.com\/product\/hash-cbd-kiwi-creams#primaryimage"},"image":{"@id":"https:\/\/thelyflabs.com\/product\/hash-cbd-kiwi-creams#primaryimage"},"thumbnailUrl":"https:\/\/thelyflabs.com\/wp-content\/uploads\/2025\/07\/Kiwi-2g-con-hash.webp","datePublished":"2025-07-16T19:04:52+00:00","dateModified":"2026-03-19T14:31:35+00:00","description":"Descubre Kiwi Creams, hash CBD premium con aroma frutal y textura suave. Legal en Espa\u00f1a. Precios exclusivos para mayoristas. Compra segura y r\u00e1pida.","breadcrumb":{"@id":"https:\/\/thelyflabs.com\/product\/hash-cbd-kiwi-creams#breadcrumb"},"inLanguage":"pt-PT","potentialAction":[{"@type":"ReadAction","target":["https:\/\/thelyflabs.com\/product\/hash-cbd-kiwi-creams"]}]},{"@type":"ImageObject","inLanguage":"pt-PT","@id":"https:\/\/thelyflabs.com\/product\/hash-cbd-kiwi-creams#primaryimage","url":"https:\/\/thelyflabs.com\/wp-content\/uploads\/2025\/07\/Kiwi-2g-con-hash.webp","contentUrl":"https:\/\/thelyflabs.com\/wp-content\/uploads\/2025\/07\/Kiwi-2g-con-hash.webp","width":1000,"height":1000,"caption":"Hash CBD Kiwi Cream 2g"},{"@type":"BreadcrumbList","@id":"https:\/\/thelyflabs.com\/product\/hash-cbd-kiwi-creams#breadcrumb","itemListElement":[{"@type":"ListItem","position":1,"name":"Portada","item":"https:\/\/thelyflabs.com\/"},{"@type":"ListItem","position":2,"name":"Tienda","item":"https:\/\/thelyflabs.com\/tienda"},{"@type":"ListItem","position":3,"name":"Hash CBD Kiwi Cream"}]},{"@type":"WebSite","@id":"https:\/\/thelyflabs.com\/#website","url":"https:\/\/thelyflabs.com\/","name":"Os Laborat\u00f3rios LYF","description":"CBD atacado","publisher":{"@id":"https:\/\/thelyflabs.com\/#organization"},"potentialAction":[{"@type":"SearchAction","target":{"@type":"EntryPoint","urlTemplate":"https:\/\/thelyflabs.com\/?s={search_term_string}"},"query-input":{"@type":"PropertyValueSpecification","valueRequired":true,"valueName":"search_term_string"}}],"inLanguage":"pt-PT"},{"@type":"Organization","@id":"https:\/\/thelyflabs.com\/#organization","name":"Os Laborat\u00f3rios LYF","url":"https:\/\/thelyflabs.com\/","logo":{"@type":"ImageObject","inLanguage":"pt-PT","@id":"https:\/\/thelyflabs.com\/#\/schema\/logo\/image\/","url":"https:\/\/thelyflabs.com\/wp-content\/uploads\/2023\/01\/cropped-LogoTheLYFLabs.png","contentUrl":"https:\/\/thelyflabs.com\/wp-content\/uploads\/2023\/01\/cropped-LogoTheLYFLabs.png","width":600,"height":180,"caption":"The LYF Labs"},"image":{"@id":"https:\/\/thelyflabs.com\/#\/schema\/logo\/image\/"}}]}},"_links":{"self":[{"href":"https:\/\/thelyflabs.com\/pt\/wp-json\/wp\/v2\/product\/12951","targetHints":{"allow":["GET"]}}],"collection":[{"href":"https:\/\/thelyflabs.com\/pt\/wp-json\/wp\/v2\/product"}],"about":[{"href":"https:\/\/thelyflabs.com\/pt\/wp-json\/wp\/v2\/types\/product"}],"replies":[{"embeddable":true,"href":"https:\/\/thelyflabs.com\/pt\/wp-json\/wp\/v2\/comments?post=12951"}],"wp:featuredmedia":[{"embeddable":true,"href":"https:\/\/thelyflabs.com\/pt\/wp-json\/wp\/v2\/media\/17449"}],"wp:attachment":[{"href":"https:\/\/thelyflabs.com\/pt\/wp-json\/wp\/v2\/media?parent=12951"}],"wp:term":[{"taxonomy":"product_brand","embeddable":true,"href":"https:\/\/thelyflabs.com\/pt\/wp-json\/wp\/v2\/product_brand?post=12951"},{"taxonomy":"product_cat","embeddable":true,"href":"https:\/\/thelyflabs.com\/pt\/wp-json\/wp\/v2\/product_cat?post=12951"},{"taxonomy":"product_tag","embeddable":true,"href":"https:\/\/thelyflabs.com\/pt\/wp-json\/wp\/v2\/product_tag?post=12951"}],"curies":[{"name":"wp","href":"https:\/\/api.w.org\/{rel}","templated":true}]}}