{"id":12973,"date":"2025-07-16T21:02:40","date_gmt":"2025-07-16T19:02:40","guid":{"rendered":"https:\/\/thelyflabs.com\/?post_type=product&#038;p=12973"},"modified":"2026-04-08T11:53:42","modified_gmt":"2026-04-08T09:53:42","slug":"cartucho-desechable-10-oh-amnesia","status":"publish","type":"product","link":"https:\/\/thelyflabs.com\/pt\/product\/cartucho-desechable-10-oh-amnesia","title":{"rendered":"Cartucho descart\u00e1vel 10-OH \u2013 Amn\u00e9sia"},"content":{"rendered":"<h1>Cartucho Descart\u00e1vel 10-OH \u2013 Amn\u00e9sia: Ative Sua Mente, Desperte Seu Fluxo<\/h1>\n<p>Ative sua mente, desperte seu fluxo! Descubra a 10-OH com sabor Amnesia, a variedade mais c\u00edtrica e cerebral do mercado. S\u00f3 na Iguana Smoke, sua chill shop de confian\u00e7a.<\/p>\n<p>O Cartucho Descart\u00e1vel 10-OH \u2013 Amnesia \u00e9, sem d\u00favida, puro dinamismo. Ali\u00e1s, este pod pr\u00e9-preenchido para vaporizador \u00e9 formulado com 10-OH (10-hidroxi-hidroxicanabinol), um canabinoide de \u00faltima gera\u00e7\u00e3o que o leva a outro n\u00edvel sem a necessidade de THC. Somado a isso, est\u00e1 o aroma vibrante do lend\u00e1rio Amnesia, que, em ess\u00eancia, \u00e9 uma variedade de terpenos c\u00edtricos e notas herbais capazes de revitalizar o corpo e a mente a cada tragada.<\/p>\n<p>Ideal para quem busca um est\u00edmulo mental sem se sentir pesado ou confuso. Renove a mente sem tirar os p\u00e9s do ch\u00e3o.<\/p>\n<h3>O que \u00e9 10-OH?<\/h3>\n<p>O 10-OH \u00e9 um metab\u00f3lito do HHC, uma subst\u00e2ncia gerada quando o corpo decomp\u00f5e o HHC. Assim, em laborat\u00f3rio, \u00e9 obtido pela transforma\u00e7\u00e3o do HHC em sua forma hidroxilada, resultando em um canabinoide mais est\u00e1vel com afinidade espec\u00edfica por determinados receptores do sistema endocanabinoide.<\/p>\n<p>Embora os efeitos possam variar de pessoa para pessoa, os consumidores que experimentaram 10-OH (em pa\u00edses onde seu uso \u00e9 legal) frequentemente descrevem experi\u00eancias como:<\/p>\n<ul>\n<li>Euforia moderada, sem o estado de altera\u00e7\u00e3o mais intenso que o THC pode causar.<\/li>\n<li>Relaxamento f\u00edsico, sem produzir sensa\u00e7\u00e3o de seda\u00e7\u00e3o excessiva.<\/li>\n<li>Clareza mental, que favorece a concentra\u00e7\u00e3o ou a intera\u00e7\u00e3o social.<\/li>\n<li>Menos ansiedade, o que, por sua vez, o torna uma op\u00e7\u00e3o atraente para aqueles que n\u00e3o toleram bem o THC.<\/li>\n<\/ul>\n<p>Consequentemente, esses efeitos colocam o 10-OH em algum lugar entre o HHC e o THC: mais intenso que o primeiro, mas mais control\u00e1vel que o segundo. Portanto, comprar 10-OH online \u00e9 a op\u00e7\u00e3o mais segura para desfrutar de um efeito moderno e funcional.<\/p>\n<p>Para saber mais, se voc\u00ea quiser descobrir as diferen\u00e7as entre 10-OH e outras mol\u00e9culas como HHC, convidamos voc\u00ea a visitar nosso artigo.<\/p>\n<h3>Perfil de terpeno de amn\u00e9sia<\/h3>\n<p>A variedade Amnesia \u00e9, sem d\u00favida, uma das variedades de cannabis mais reconhecidas do mundo por seu aroma c\u00edtrico, fresco e levemente picante, com um efeito cerebral e vibrante de Sativa. Por isso, sua combina\u00e7\u00e3o de terpenos cria uma experi\u00eancia arom\u00e1tica explosiva:<\/p>\n<ul>\n<li>Limoneno: C\u00edtrico, energizante e com propriedades antiestresse.<\/li>\n<li>Mirceno: Herbal, com uma nota calmante que equilibra o perfil.<\/li>\n<li>Terpinoleno: Floral e complexo, com um toque que promove clareza mental.<\/li>\n<\/ul>\n<p>O resultado final \u00e9 um sabor limpo, fresco e estimulante, ideal para come\u00e7ar o dia ou ativar sua criatividade a qualquer momento.<\/p>\n<h3>O que \u00e9 um cartucho descart\u00e1vel?<\/h3>\n<p>Um cartucho ou pod descart\u00e1vel \u00e9, essencialmente, um sistema de vaporiza\u00e7\u00e3o plug-and-play. Em outras palavras, voc\u00ea o conecta \u00e0 sua bateria com rosca 510 (o padr\u00e3o da ind\u00fastria), usa e, quando estiver vazio, descarta-o. Dessa forma, voc\u00ea evita recargas e aborrecimentos. Al\u00e9m disso, voc\u00ea pode dar uma segunda vida aos seus pods; quando terminar, leve-os a um centro de reciclagem.<\/p>\n<p>O cartucho 10-OH \u2013 Amnesia est\u00e1 dispon\u00edvel em dois tamanhos:<\/p>\n<ul>\n<li>1 ml \u2013 At\u00e9 300 doses.<\/li>\n<li>2 ml \u2013 At\u00e9 600 doses.<\/li>\n<\/ul>\n<p>Feito com extrato de c\u00e2nhamo org\u00e2nico, sem solventes ou aditivos incomuns. Apenas canabinoides funcionais (para usos legais) e um sabor matador.<\/p>\n<h3>Por que escolher o cartucho descart\u00e1vel 10-OH \u2013 Amnesia?<\/h3>\n<p>Comprar um cartucho de vaporizador 10-OH significa carregar a tecnologia da cannabis do futuro no seu bolso. N\u00e3o cont\u00e9m THC, mas ainda tem um efeito poderoso (em ambientes legais). N\u00e3o h\u00e1 d\u00favida: este cartucho \u00e9 puro fogo.<\/p>\n<p>Suas principais vantagens incluem:<\/p>\n<ul>\n<li>Cont\u00e9m 10-OH sem THC ou subst\u00e2ncias controladas.<\/li>\n<li>Sabor c\u00edtrico de cannabis inspirado na variedade Amnesia.<\/li>\n<li>Compat\u00edvel com todos os vapers com conex\u00e3o 510.<\/li>\n<li>Efeitos estimulantes sem toler\u00e2ncia acumulada (de acordo com estudos preliminares).<\/li>\n<li>Ideal para uso a qualquer hora do dia (em pa\u00edses onde seu uso \u00e9 legal).<\/li>\n<\/ul>\n<p>Ent\u00e3o, se voc\u00ea o usa para se concentrar, socializar ou apenas para flutuar com estilo, este cartucho \u00e9 o companheiro perfeito para voc\u00ea.<\/p>\n<h3>Onde comprar 10-OH online?<\/h3>\n<p>Aqui na Iguana Smoke, \u00e9 claro. Sua loja de confian\u00e7a onde voc\u00ea pode comprar cartuchos 10-OH sabor Amnesia e toda a linha com entrega r\u00e1pida e garantia de refrigera\u00e7\u00e3o.<\/p>\n<p>Adicionalmente:<\/p>\n<ul>\n<li>Voc\u00ea pode comprar c\u00e1psulas sem THC com efeito similar ao da Sativa para colecionar.<\/li>\n<li>Compre cartucho 10-OH on-line, sem surpresas.<\/li>\n<\/ul>\n<h3>10-OH Amn\u00e9sia: Clareza Mental, Gosto Brutal<\/h3>\n<p>Voc\u00ea n\u00e3o precisa mais enlouquecer para alcan\u00e7ar uma experi\u00eancia mental e sensorial de alto n\u00edvel. Pelo contr\u00e1rio, o cartucho descart\u00e1vel 10-OH com terpenos da Amnesia deixar\u00e1 voc\u00ea pronto para qualquer coisa que surgir: trabalho, academia, arte ou simplesmente divers\u00e3o.<\/p>\n<p>Compacto, limpo e poderoso. Seu novo ritual come\u00e7a aqui.<\/p>\n<h4>Informa\u00e7\u00f5es legais<\/h4>\n<p>Todos os nossos produtos s\u00e3o derivados de c\u00e2nhamo industrial certificado. Eles tamb\u00e9m cont\u00eam menos de 0,3% de THC e n\u00e3o cont\u00eam canabinoides ilegais, como HHC, HHC-P, THCP, THCP-O, H4CBD ou qualquer um de seus derivados. Voc\u00ea pode consultar o <a href=\"https:\/\/iguanasmoke.com\/analiticas\/\">Certificado de An\u00e1lise aqui.<\/a><\/p>\n<p><em><b>\u00c9 importante lembrar que<\/b> Este produto \u00e9 um item de colecionador. N\u00e3o \u00e9 adequado para combust\u00e3o ou consumo direto. N\u00e3o cont\u00e9m canabinoides listados no Anexo I do Decreto Real 2829\/1977 ou subst\u00e2ncias controladas pela Conven\u00e7\u00e3o \u00danica sobre Entorpecentes de 1961 e pela Conven\u00e7\u00e3o sobre Subst\u00e2ncias Psicotr\u00f3picas de 1971.<\/em><\/p>","protected":false},"excerpt":{"rendered":"<h4>Cartucho descart\u00e1vel 10-OH \u2013 Amn\u00e9sia<\/h4>\n<h4>Caracteristicas<\/h4>\n<ul>\n<li>Sabor de cannabis<\/li>\n<li>Conex\u00e3o: tipo 510<\/li>\n<li>Capacidade: 1 ml \/ 2 ml<\/li>\n<li>Tragadas: 300 \/ 600<\/li>\n<li>Terpenos naturais de alta qualidade<\/li>\n<li>10-OH<\/li>\n<li>THC: 0%, HHC: 0%, THC-P: 0%, Nicotina: 0%<\/li>\n<li>N\u00e3o cont\u00e9m VG, PG, PEG, MCT ou qualquer outro agente de corte.<\/li>\n<\/ul>","protected":false},"featured_media":13007,"comment_status":"open","ping_status":"closed","template":"","meta":{"_acf_changed":false,"site-sidebar-layout":"default","site-content-layout":"","ast-site-content-layout":"default","site-content-style":"default","site-sidebar-style":"default","ast-global-header-display":"","ast-banner-title-visibility":"","ast-main-header-display":"","ast-hfb-above-header-display":"","ast-hfb-below-header-display":"","ast-hfb-mobile-header-display":"","site-post-title":"","ast-breadcrumbs-content":"","ast-featured-img":"","footer-sml-layout":"","theme-transparent-header-meta":"default","adv-header-id-meta":"","stick-header-meta":"","header-above-stick-meta":"","header-main-stick-meta":"","header-below-stick-meta":"","astra-migrate-meta-layouts":"set","ast-page-background-enabled":"default","ast-page-background-meta":{"desktop":{"background-color":"var(--ast-global-color-4)","background-image":"","background-repeat":"repeat","background-position":"center center","background-size":"auto","background-attachment":"scroll","background-type":"","background-media":"","overlay-type":"","overlay-color":"","overlay-opacity":"","overlay-gradient":""},"tablet":{"background-color":"","background-image":"","background-repeat":"repeat","background-position":"center center","background-size":"auto","background-attachment":"scroll","background-type":"","background-media":"","overlay-type":"","overlay-color":"","overlay-opacity":"","overlay-gradient":""},"mobile":{"background-color":"","background-image":"","background-repeat":"repeat","background-position":"center center","background-size":"auto","background-attachment":"scroll","background-type":"","background-media":"","overlay-type":"","overlay-color":"","overlay-opacity":"","overlay-gradient":""}},"ast-content-background-meta":{"desktop":{"background-color":"var(--ast-global-color-5)","background-image":"","background-repeat":"repeat","background-position":"center center","background-size":"auto","background-attachment":"scroll","background-type":"","background-media":"","overlay-type":"","overlay-color":"","overlay-opacity":"","overlay-gradient":""},"tablet":{"background-color":"var(--ast-global-color-5)","background-image":"","background-repeat":"repeat","background-position":"center center","background-size":"auto","background-attachment":"scroll","background-type":"","background-media":"","overlay-type":"","overlay-color":"","overlay-opacity":"","overlay-gradient":""},"mobile":{"background-color":"var(--ast-global-color-5)","background-image":"","background-repeat":"repeat","background-position":"center center","background-size":"auto","background-attachment":"scroll","background-type":"","background-media":"","overlay-type":"","overlay-color":"","overlay-opacity":"","overlay-gradient":""}}},"product_brand":[],"product_cat":[140,91,146],"product_tag":[],"class_list":{"0":"post-12973","1":"product","2":"type-product","3":"status-publish","4":"has-post-thumbnail","6":"product_cat-10oh","7":"product_cat-cartuchos","8":"product_cat-nuevas-moleculas","9":"desktop-align-center","10":"tablet-align-left","11":"mobile-align-left","13":"first","14":"instock","15":"taxable","16":"shipping-taxable","17":"purchasable","18":"product-type-variable"},"acf":[],"yoast_head":"<!-- This site is optimized with the Yoast SEO plugin v27.3 - https:\/\/yoast.com\/product\/yoast-seo-wordpress\/ -->\n<title>Cartucho desechable 10-OH - Amnesia - Comprar 10-OH mayorista - THE LYF LABS<\/title>\n<meta name=\"description\" content=\"Compra el cartucho 10-OH sabor Amnesia en TheLyfLabs. Claridad mental, energ\u00eda c\u00edtrica y cero THC. Precios para mayoristas y distribuidores.\" \/>\n<meta name=\"robots\" content=\"index, follow, max-snippet:-1, max-image-preview:large, max-video-preview:-1\" \/>\n<link rel=\"canonical\" href=\"https:\/\/thelyflabs.com\/pt\/product\/cartucho-desechable-10-oh-amnesia\/\" \/>\n<meta property=\"og:locale\" content=\"pt_PT\" \/>\n<meta property=\"og:type\" content=\"article\" \/>\n<meta property=\"og:title\" content=\"Cartucho desechable 10-OH - Amnesia - Comprar 10-OH mayorista - THE LYF LABS\" \/>\n<meta property=\"og:description\" content=\"Compra el cartucho 10-OH sabor Amnesia en TheLyfLabs. Claridad mental, energ\u00eda c\u00edtrica y cero THC. Precios para mayoristas y distribuidores.\" \/>\n<meta property=\"og:url\" content=\"https:\/\/thelyflabs.com\/pt\/product\/cartucho-desechable-10-oh-amnesia\/\" \/>\n<meta property=\"og:site_name\" content=\"THE LYF LABS\" \/>\n<meta property=\"article:modified_time\" content=\"2026-04-08T09:53:42+00:00\" \/>\n<meta property=\"og:image\" content=\"https:\/\/thelyflabs.com\/wp-content\/uploads\/2025\/07\/bolsa-10-OH-cart-Amnesia-con-cartucho.webp\" \/>\n\t<meta property=\"og:image:width\" content=\"1000\" \/>\n\t<meta property=\"og:image:height\" content=\"1000\" \/>\n\t<meta property=\"og:image:type\" content=\"image\/webp\" \/>\n<meta name=\"twitter:card\" content=\"summary_large_image\" \/>\n<meta name=\"twitter:label1\" content=\"Tempo estimado de leitura\" \/>\n\t<meta name=\"twitter:data1\" content=\"5 minutos\" \/>\n<script type=\"application\/ld+json\" class=\"yoast-schema-graph\">{\"@context\":\"https:\\\/\\\/schema.org\",\"@graph\":[{\"@type\":\"WebPage\",\"@id\":\"https:\\\/\\\/thelyflabs.com\\\/product\\\/cartucho-desechable-10-oh-amnesia\",\"url\":\"https:\\\/\\\/thelyflabs.com\\\/product\\\/cartucho-desechable-10-oh-amnesia\",\"name\":\"Cartucho desechable 10-OH - Amnesia - Comprar 10-OH mayorista - THE LYF LABS\",\"isPartOf\":{\"@id\":\"https:\\\/\\\/thelyflabs.com\\\/#website\"},\"primaryImageOfPage\":{\"@id\":\"https:\\\/\\\/thelyflabs.com\\\/product\\\/cartucho-desechable-10-oh-amnesia#primaryimage\"},\"image\":{\"@id\":\"https:\\\/\\\/thelyflabs.com\\\/product\\\/cartucho-desechable-10-oh-amnesia#primaryimage\"},\"thumbnailUrl\":\"https:\\\/\\\/thelyflabs.com\\\/wp-content\\\/uploads\\\/2025\\\/07\\\/bolsa-10-OH-cart-Amnesia-con-cartucho.webp\",\"datePublished\":\"2025-07-16T19:02:40+00:00\",\"dateModified\":\"2026-04-08T09:53:42+00:00\",\"description\":\"Compra el cartucho 10-OH sabor Amnesia en TheLyfLabs. Claridad mental, energ\u00eda c\u00edtrica y cero THC. Precios para mayoristas y distribuidores.\",\"breadcrumb\":{\"@id\":\"https:\\\/\\\/thelyflabs.com\\\/product\\\/cartucho-desechable-10-oh-amnesia#breadcrumb\"},\"inLanguage\":\"pt-PT\",\"potentialAction\":[{\"@type\":\"ReadAction\",\"target\":[\"https:\\\/\\\/thelyflabs.com\\\/product\\\/cartucho-desechable-10-oh-amnesia\"]}]},{\"@type\":\"ImageObject\",\"inLanguage\":\"pt-PT\",\"@id\":\"https:\\\/\\\/thelyflabs.com\\\/product\\\/cartucho-desechable-10-oh-amnesia#primaryimage\",\"url\":\"https:\\\/\\\/thelyflabs.com\\\/wp-content\\\/uploads\\\/2025\\\/07\\\/bolsa-10-OH-cart-Amnesia-con-cartucho.webp\",\"contentUrl\":\"https:\\\/\\\/thelyflabs.com\\\/wp-content\\\/uploads\\\/2025\\\/07\\\/bolsa-10-OH-cart-Amnesia-con-cartucho.webp\",\"width\":1000,\"height\":1000},{\"@type\":\"BreadcrumbList\",\"@id\":\"https:\\\/\\\/thelyflabs.com\\\/product\\\/cartucho-desechable-10-oh-amnesia#breadcrumb\",\"itemListElement\":[{\"@type\":\"ListItem\",\"position\":1,\"name\":\"Portada\",\"item\":\"https:\\\/\\\/thelyflabs.com\\\/\"},{\"@type\":\"ListItem\",\"position\":2,\"name\":\"Tienda\",\"item\":\"https:\\\/\\\/thelyflabs.com\\\/tienda\"},{\"@type\":\"ListItem\",\"position\":3,\"name\":\"Cartucho desechable 10-OH &#8211; Amnesia\"}]},{\"@type\":\"WebSite\",\"@id\":\"https:\\\/\\\/thelyflabs.com\\\/#website\",\"url\":\"https:\\\/\\\/thelyflabs.com\\\/\",\"name\":\"The LYF Labs\",\"description\":\"CBD al por mayor\",\"publisher\":{\"@id\":\"https:\\\/\\\/thelyflabs.com\\\/#organization\"},\"potentialAction\":[{\"@type\":\"SearchAction\",\"target\":{\"@type\":\"EntryPoint\",\"urlTemplate\":\"https:\\\/\\\/thelyflabs.com\\\/?s={search_term_string}\"},\"query-input\":{\"@type\":\"PropertyValueSpecification\",\"valueRequired\":true,\"valueName\":\"search_term_string\"}}],\"inLanguage\":\"pt-PT\"},{\"@type\":\"Organization\",\"@id\":\"https:\\\/\\\/thelyflabs.com\\\/#organization\",\"name\":\"The LYF Labs\",\"url\":\"https:\\\/\\\/thelyflabs.com\\\/\",\"logo\":{\"@type\":\"ImageObject\",\"inLanguage\":\"pt-PT\",\"@id\":\"https:\\\/\\\/thelyflabs.com\\\/#\\\/schema\\\/logo\\\/image\\\/\",\"url\":\"https:\\\/\\\/thelyflabs.com\\\/wp-content\\\/uploads\\\/2023\\\/01\\\/cropped-LogoTheLYFLabs.png\",\"contentUrl\":\"https:\\\/\\\/thelyflabs.com\\\/wp-content\\\/uploads\\\/2023\\\/01\\\/cropped-LogoTheLYFLabs.png\",\"width\":600,\"height\":180,\"caption\":\"The LYF Labs\"},\"image\":{\"@id\":\"https:\\\/\\\/thelyflabs.com\\\/#\\\/schema\\\/logo\\\/image\\\/\"}}]}<\/script>\n<!-- \/ Yoast SEO plugin. -->","yoast_head_json":{"title":"Cartucho desechable 10-OH - Amnesia - Comprar 10-OH mayorista - THE LYF LABS","description":"Compra el cartucho 10-OH sabor Amnesia en TheLyfLabs. Claridad mental, energ\u00eda c\u00edtrica y cero THC. Precios para mayoristas y distribuidores.","robots":{"index":"index","follow":"follow","max-snippet":"max-snippet:-1","max-image-preview":"max-image-preview:large","max-video-preview":"max-video-preview:-1"},"canonical":"https:\/\/thelyflabs.com\/pt\/product\/cartucho-desechable-10-oh-amnesia\/","og_locale":"pt_PT","og_type":"article","og_title":"Cartucho desechable 10-OH - Amnesia - Comprar 10-OH mayorista - THE LYF LABS","og_description":"Compra el cartucho 10-OH sabor Amnesia en TheLyfLabs. Claridad mental, energ\u00eda c\u00edtrica y cero THC. Precios para mayoristas y distribuidores.","og_url":"https:\/\/thelyflabs.com\/pt\/product\/cartucho-desechable-10-oh-amnesia\/","og_site_name":"THE LYF LABS","article_modified_time":"2026-04-08T09:53:42+00:00","og_image":[{"width":1000,"height":1000,"url":"https:\/\/thelyflabs.com\/wp-content\/uploads\/2025\/07\/bolsa-10-OH-cart-Amnesia-con-cartucho.webp","type":"image\/webp"}],"twitter_card":"summary_large_image","twitter_misc":{"Tempo estimado de leitura":"5 minutos"},"schema":{"@context":"https:\/\/schema.org","@graph":[{"@type":"WebPage","@id":"https:\/\/thelyflabs.com\/product\/cartucho-desechable-10-oh-amnesia","url":"https:\/\/thelyflabs.com\/product\/cartucho-desechable-10-oh-amnesia","name":"Cartucho desechable 10-OH - Amnesia - Comprar 10-OH mayorista - THE LYF LABS","isPartOf":{"@id":"https:\/\/thelyflabs.com\/#website"},"primaryImageOfPage":{"@id":"https:\/\/thelyflabs.com\/product\/cartucho-desechable-10-oh-amnesia#primaryimage"},"image":{"@id":"https:\/\/thelyflabs.com\/product\/cartucho-desechable-10-oh-amnesia#primaryimage"},"thumbnailUrl":"https:\/\/thelyflabs.com\/wp-content\/uploads\/2025\/07\/bolsa-10-OH-cart-Amnesia-con-cartucho.webp","datePublished":"2025-07-16T19:02:40+00:00","dateModified":"2026-04-08T09:53:42+00:00","description":"Compra el cartucho 10-OH sabor Amnesia en TheLyfLabs. Claridad mental, energ\u00eda c\u00edtrica y cero THC. Precios para mayoristas y distribuidores.","breadcrumb":{"@id":"https:\/\/thelyflabs.com\/product\/cartucho-desechable-10-oh-amnesia#breadcrumb"},"inLanguage":"pt-PT","potentialAction":[{"@type":"ReadAction","target":["https:\/\/thelyflabs.com\/product\/cartucho-desechable-10-oh-amnesia"]}]},{"@type":"ImageObject","inLanguage":"pt-PT","@id":"https:\/\/thelyflabs.com\/product\/cartucho-desechable-10-oh-amnesia#primaryimage","url":"https:\/\/thelyflabs.com\/wp-content\/uploads\/2025\/07\/bolsa-10-OH-cart-Amnesia-con-cartucho.webp","contentUrl":"https:\/\/thelyflabs.com\/wp-content\/uploads\/2025\/07\/bolsa-10-OH-cart-Amnesia-con-cartucho.webp","width":1000,"height":1000},{"@type":"BreadcrumbList","@id":"https:\/\/thelyflabs.com\/product\/cartucho-desechable-10-oh-amnesia#breadcrumb","itemListElement":[{"@type":"ListItem","position":1,"name":"Portada","item":"https:\/\/thelyflabs.com\/"},{"@type":"ListItem","position":2,"name":"Tienda","item":"https:\/\/thelyflabs.com\/tienda"},{"@type":"ListItem","position":3,"name":"Cartucho desechable 10-OH &#8211; Amnesia"}]},{"@type":"WebSite","@id":"https:\/\/thelyflabs.com\/#website","url":"https:\/\/thelyflabs.com\/","name":"Os Laborat\u00f3rios LYF","description":"CBD atacado","publisher":{"@id":"https:\/\/thelyflabs.com\/#organization"},"potentialAction":[{"@type":"SearchAction","target":{"@type":"EntryPoint","urlTemplate":"https:\/\/thelyflabs.com\/?s={search_term_string}"},"query-input":{"@type":"PropertyValueSpecification","valueRequired":true,"valueName":"search_term_string"}}],"inLanguage":"pt-PT"},{"@type":"Organization","@id":"https:\/\/thelyflabs.com\/#organization","name":"Os Laborat\u00f3rios LYF","url":"https:\/\/thelyflabs.com\/","logo":{"@type":"ImageObject","inLanguage":"pt-PT","@id":"https:\/\/thelyflabs.com\/#\/schema\/logo\/image\/","url":"https:\/\/thelyflabs.com\/wp-content\/uploads\/2023\/01\/cropped-LogoTheLYFLabs.png","contentUrl":"https:\/\/thelyflabs.com\/wp-content\/uploads\/2023\/01\/cropped-LogoTheLYFLabs.png","width":600,"height":180,"caption":"The LYF Labs"},"image":{"@id":"https:\/\/thelyflabs.com\/#\/schema\/logo\/image\/"}}]}},"_links":{"self":[{"href":"https:\/\/thelyflabs.com\/pt\/wp-json\/wp\/v2\/product\/12973","targetHints":{"allow":["GET"]}}],"collection":[{"href":"https:\/\/thelyflabs.com\/pt\/wp-json\/wp\/v2\/product"}],"about":[{"href":"https:\/\/thelyflabs.com\/pt\/wp-json\/wp\/v2\/types\/product"}],"replies":[{"embeddable":true,"href":"https:\/\/thelyflabs.com\/pt\/wp-json\/wp\/v2\/comments?post=12973"}],"wp:featuredmedia":[{"embeddable":true,"href":"https:\/\/thelyflabs.com\/pt\/wp-json\/wp\/v2\/media\/13007"}],"wp:attachment":[{"href":"https:\/\/thelyflabs.com\/pt\/wp-json\/wp\/v2\/media?parent=12973"}],"wp:term":[{"taxonomy":"product_brand","embeddable":true,"href":"https:\/\/thelyflabs.com\/pt\/wp-json\/wp\/v2\/product_brand?post=12973"},{"taxonomy":"product_cat","embeddable":true,"href":"https:\/\/thelyflabs.com\/pt\/wp-json\/wp\/v2\/product_cat?post=12973"},{"taxonomy":"product_tag","embeddable":true,"href":"https:\/\/thelyflabs.com\/pt\/wp-json\/wp\/v2\/product_tag?post=12973"}],"curies":[{"name":"wp","href":"https:\/\/api.w.org\/{rel}","templated":true}]}}