{"id":12986,"date":"2025-07-16T21:00:44","date_gmt":"2025-07-16T19:00:44","guid":{"rendered":"https:\/\/thelyflabs.com\/?post_type=product&#038;p=12986"},"modified":"2026-04-08T11:54:33","modified_gmt":"2026-04-08T09:54:33","slug":"cartucho-desechable-10-oh-gelato","status":"publish","type":"product","link":"https:\/\/thelyflabs.com\/pt\/product\/cartucho-desechable-10-oh-gelato","title":{"rendered":"Cartucho Descart\u00e1vel 10-OH \u2013 Gelato"},"content":{"rendered":"<h1>Cartucho Descart\u00e1vel 10-OH \u2013 Gelato: Euforia Equilibrada e Sabor de Cannabis<\/h1>\n<p>Descubra o poder de <b>10-OH<\/b> com nosso exclusivo <b>Cartucho Descart\u00e1vel 10-OH \u2013 Gelato<\/b>Somente na Iguana Smoke, sua chill shop de confian\u00e7a em Madri.<\/p>\n<p>Procurando uma experi\u00eancia de vaporiza\u00e7\u00e3o \u00fanica, potente e sem THC? Com o <b>Cartucho Descart\u00e1vel 10-OH \u2013 Gelato<\/b>, voc\u00ea vai surtar. Esta c\u00e1psula de vaporiza\u00e7\u00e3o cont\u00e9m uma f\u00f3rmula inovadora com <b>10-OH (10-hidroxi-hexahidrocanabinol)<\/b>, um canabin\u00f3ide revolucion\u00e1rio ideal para quem busca <b>clareza mental, euforia moderada e bem-estar equilibrado<\/b>.<\/p>\n<h3>O que \u00e9 10-OH?<\/h3>\n<p>Ele <b>10-OH<\/b> \u00e9 um <b>metab\u00f3lito de HHC<\/b>, uma subst\u00e2ncia gerada quando o corpo decomp\u00f5e o HHC. Em laborat\u00f3rio, \u00e9 obtido pela transforma\u00e7\u00e3o do HHC em sua forma hidroxilada, resultando em um canabinoide mais est\u00e1vel com afinidade espec\u00edfica por certos receptores no sistema endocanabinoide.<\/p>\n<p>Embora os efeitos possam variar de pessoa para pessoa, os consumidores que experimentaram 10-OH (em pa\u00edses onde seu uso \u00e9 legal) frequentemente descrevem experi\u00eancias como:<\/p>\n<ul>\n<li><b>Euforia moderada<\/b>, sem o estado alterado mais intenso que o THC pode causar.<\/li>\n<li><b>Relaxamento f\u00edsico<\/b>, sem produzir sensa\u00e7\u00e3o de seda\u00e7\u00e3o excessiva.<\/li>\n<li><b>Clareza mental<\/b>, que promove concentra\u00e7\u00e3o ou intera\u00e7\u00e3o social.<\/li>\n<li><b>Menos ansiedade<\/b>, tornando-se uma op\u00e7\u00e3o interessante para aqueles que n\u00e3o toleram bem o THC.<\/li>\n<\/ul>\n<p>Esses efeitos colocam o 10-OH no meio do caminho entre o HHC e o THC: <b>mais intenso que o primeiro, mas mais administr\u00e1vel que o segundo<\/b>. Por esse motivo, muitas pessoas interessadas em comprar HHC acabam optando pelo 10-OH como uma alternativa mais potente e estruturada.<\/p>\n<p>Se voc\u00ea quiser descobrir as diferen\u00e7as entre 10-OH e outras mol\u00e9culas como HHC visite <a href=\"https:\/\/iguanasmoke.com\/que-es-el-10-oh-la-nueva-opcion-en-cannabinoides\/\">nosso artigo<\/a>.<\/p>\n<h3>Perfil de sabor do gelato<\/h3>\n<p>Ele <b>Cartucho Descart\u00e1vel 10-OH \u2013 Gelato<\/b> \u00c9 carregado com um l\u00edquido premium, livre de impurezas e com todo o sabor aut\u00eantico e herbal da variedade <b>Sorvete<\/b>, uma das favoritas no mundo da cannabis. A cada tragada, voc\u00ea desfrutar\u00e1 de um perfil de sabor delicioso e complexo, com nuances herbais e terrosas, acompanhado por um toque adocicado que lembra a cannabis mais sofisticada, enquanto experimenta seus efeitos equilibrados.<\/p>\n<h3>O que \u00e9 um cartucho descart\u00e1vel?<\/h3>\n<p>UM <b>cartucho ou c\u00e1psula descart\u00e1vel<\/b> \u00c9 uma maneira pr\u00e1tica e moderna de aproveitar seus l\u00edquidos de vaporiza\u00e7\u00e3o favoritos. Projetados para uso com baterias do tipo 510, esses cartuchos s\u00e3o f\u00e1ceis de instalar e simplesmente descartados quando vazios. Sem enchimento e sem complica\u00e7\u00f5es!<\/p>\n<p>Ele <b>Cartucho Descart\u00e1vel 10-OH \u2013 Gelato<\/b> Est\u00e1 dispon\u00edvel em dois tamanhos:<\/p>\n<ul>\n<li><b>1 ml<\/b> \u2013 At\u00e9 300 tragadas.<\/li>\n<li><b>2 ml<\/b> \u2013 At\u00e9 600 tragadas.<\/li>\n<\/ul>\n<p><b>F\u00e1cil, confort\u00e1vel e limpo.<\/b> Basta conectar, inspirar e aproveitar.<\/p>\n<h3>Por que escolher o cartucho descart\u00e1vel 10-OH Gelato?<\/h3>\n<p><b>Compre um vape com 10-OH<\/b> Trata-se de optar pela inova\u00e7\u00e3o e por um perfil canabinoide \u00fanico. Na Iguana Smoke, trabalhamos apenas com produtos verificados, feitos com extratos de c\u00e2nhamo que atendem aos mais altos padr\u00f5es.<\/p>\n<p><b>Principais benef\u00edcios do cartucho de gelato 10-OH:<\/b><\/p>\n<ul>\n<li>Cont\u00e9m <b>10-OH<\/b>, um canabin\u00f3ide derivado do c\u00e2nhamo e <b>Sem THC<\/b>.<\/li>\n<li><b>Sabor premium de gelato de cannabis.<\/b>.<\/li>\n<li><b>Compat\u00edvel com a maioria das baterias 510<\/b> do mercado.<\/li>\n<li>Oferece um <b>euforia moderada<\/b> e <b>clareza mental<\/b> (em pa\u00edses onde seu consumo \u00e9 legal).<\/li>\n<li><b>N\u00e3o gera toler\u00e2ncia<\/b> com uso frequente (informa\u00e7\u00f5es baseadas em estudos preliminares).<\/li>\n<\/ul>\n<h3>10-OH Gelato: O equil\u00edbrio perfeito para sua rotina<\/h3>\n<p>Esque\u00e7a produtos que prometem muito e n\u00e3o entregam nada. <b>Cartucho de gelato 10-OH<\/b> \u00c9 o equil\u00edbrio perfeito entre sabor excepcional e uma experi\u00eancia funcional. Gra\u00e7as ao seu design compacto e conte\u00fado potente, voc\u00ea pode apreci\u00e1-lo em qualquer lugar: em casa, no trabalho, em qualquer lugar... onde voc\u00ea quiser!<\/p>\n<p>Sabe, se voc\u00ea est\u00e1 procurando por <b>comprar 10-OH<\/b>N\u00e3o procure mais. A Iguana Smoke \u00e9 a sua loja de chill, e temos tudo pronto para voc\u00ea aproveitar a experi\u00eancia 10-OH que merece.<\/p>\n<h4>Informa\u00e7\u00f5es legais<\/h4>\n<p>Todos os nossos produtos s\u00e3o derivados de c\u00e2nhamo industrial certificado. Cont\u00eam menos de 0,3% de THC e n\u00e3o cont\u00eam canabinoides ilegais, como HHC, HHC-P, THCP, THCP-O, H4CBD ou qualquer um de seus derivados. Voc\u00ea pode consultar o <a href=\"https:\/\/iguanasmoke.com\/analiticas\/\" target=\"_blank\" rel=\"noopener\">Certificado de An\u00e1lise aqui.<\/a><\/p>\n<p><i>Este produto \u00e9 um item de colecionador. N\u00e3o foi projetado para consumo direto ou combust\u00e3o.<\/i> <i>Este produto n\u00e3o cont\u00e9m canabinoides inclu\u00eddos no Anexo I do Real Decreto 2829\/1977, atualizado pela Portaria SND\/380\/2025, de 14 de abril, nem subst\u00e2ncias controladas pela Conven\u00e7\u00e3o \u00danica sobre Estupefacientes de 1961 e pela Conven\u00e7\u00e3o sobre Subst\u00e2ncias Psicotr\u00f3picas de 1971.<\/i><\/p>","protected":false},"excerpt":{"rendered":"<h4>Cartucho Descart\u00e1vel 10-OH \u2013 Gelato<\/h4>\n<h4>Caracteristicas<\/h4>\n<ul>\n<li>Sabor de cannabis<\/li>\n<li>Conex\u00e3o: tipo 510<\/li>\n<li>Capacidade: 1 ml \/ 2 ml<\/li>\n<li>Tragadas: 300 \/ 600<\/li>\n<li>Terpenos naturais de alta qualidade<\/li>\n<li>10-OH<\/li>\n<li>CDB: 40%<\/li>\n<li>CBG: 30%<\/li>\n<li>THC: 0%, HHC: 0%, THC-P: 0%, Nicotina: 0%<\/li>\n<li>N\u00e3o cont\u00e9m VG, PG, PEG, MCT ou qualquer outro agente de corte.<\/li>\n<\/ul>","protected":false},"featured_media":13009,"comment_status":"open","ping_status":"closed","template":"","meta":{"_acf_changed":false,"site-sidebar-layout":"default","site-content-layout":"","ast-site-content-layout":"default","site-content-style":"default","site-sidebar-style":"default","ast-global-header-display":"","ast-banner-title-visibility":"","ast-main-header-display":"","ast-hfb-above-header-display":"","ast-hfb-below-header-display":"","ast-hfb-mobile-header-display":"","site-post-title":"","ast-breadcrumbs-content":"","ast-featured-img":"","footer-sml-layout":"","theme-transparent-header-meta":"default","adv-header-id-meta":"","stick-header-meta":"","header-above-stick-meta":"","header-main-stick-meta":"","header-below-stick-meta":"","astra-migrate-meta-layouts":"set","ast-page-background-enabled":"default","ast-page-background-meta":{"desktop":{"background-color":"var(--ast-global-color-4)","background-image":"","background-repeat":"repeat","background-position":"center center","background-size":"auto","background-attachment":"scroll","background-type":"","background-media":"","overlay-type":"","overlay-color":"","overlay-opacity":"","overlay-gradient":""},"tablet":{"background-color":"","background-image":"","background-repeat":"repeat","background-position":"center center","background-size":"auto","background-attachment":"scroll","background-type":"","background-media":"","overlay-type":"","overlay-color":"","overlay-opacity":"","overlay-gradient":""},"mobile":{"background-color":"","background-image":"","background-repeat":"repeat","background-position":"center center","background-size":"auto","background-attachment":"scroll","background-type":"","background-media":"","overlay-type":"","overlay-color":"","overlay-opacity":"","overlay-gradient":""}},"ast-content-background-meta":{"desktop":{"background-color":"var(--ast-global-color-5)","background-image":"","background-repeat":"repeat","background-position":"center center","background-size":"auto","background-attachment":"scroll","background-type":"","background-media":"","overlay-type":"","overlay-color":"","overlay-opacity":"","overlay-gradient":""},"tablet":{"background-color":"var(--ast-global-color-5)","background-image":"","background-repeat":"repeat","background-position":"center center","background-size":"auto","background-attachment":"scroll","background-type":"","background-media":"","overlay-type":"","overlay-color":"","overlay-opacity":"","overlay-gradient":""},"mobile":{"background-color":"var(--ast-global-color-5)","background-image":"","background-repeat":"repeat","background-position":"center center","background-size":"auto","background-attachment":"scroll","background-type":"","background-media":"","overlay-type":"","overlay-color":"","overlay-opacity":"","overlay-gradient":""}}},"product_brand":[],"product_cat":[140,91,146],"product_tag":[],"class_list":{"0":"post-12986","1":"product","2":"type-product","3":"status-publish","4":"has-post-thumbnail","6":"product_cat-10oh","7":"product_cat-cartuchos","8":"product_cat-nuevas-moleculas","9":"desktop-align-center","10":"tablet-align-left","11":"mobile-align-left","13":"first","14":"instock","15":"taxable","16":"shipping-taxable","17":"purchasable","18":"product-type-variable"},"acf":[],"yoast_head":"<!-- This site is optimized with the Yoast SEO plugin v27.3 - https:\/\/yoast.com\/product\/yoast-seo-wordpress\/ -->\n<title>Cartucho desechable 10-OH - Gelato - Comprar cartuchos mayorista - THE LYF LABS<\/title>\n<meta name=\"description\" content=\"Mayorista 10-OH Gelato. Cartuchos Thelyflabs con sabor a cannabis y efecto r\u00e1pido. Producto innovador sin THC para tu negocio. Compra al por mayor.\" \/>\n<meta name=\"robots\" content=\"index, follow, max-snippet:-1, max-image-preview:large, max-video-preview:-1\" \/>\n<link rel=\"canonical\" href=\"https:\/\/thelyflabs.com\/pt\/product\/cartucho-desechable-10-oh-gelato\/\" \/>\n<meta property=\"og:locale\" content=\"pt_PT\" \/>\n<meta property=\"og:type\" content=\"article\" \/>\n<meta property=\"og:title\" content=\"Cartucho desechable 10-OH - Gelato - Comprar cartuchos mayorista - THE LYF LABS\" \/>\n<meta property=\"og:description\" content=\"Mayorista 10-OH Gelato. Cartuchos Thelyflabs con sabor a cannabis y efecto r\u00e1pido. Producto innovador sin THC para tu negocio. Compra al por mayor.\" \/>\n<meta property=\"og:url\" content=\"https:\/\/thelyflabs.com\/pt\/product\/cartucho-desechable-10-oh-gelato\/\" \/>\n<meta property=\"og:site_name\" content=\"THE LYF LABS\" \/>\n<meta property=\"article:modified_time\" content=\"2026-04-08T09:54:33+00:00\" \/>\n<meta property=\"og:image\" content=\"https:\/\/thelyflabs.com\/wp-content\/uploads\/2025\/07\/bolsa-10-OH-cart-Gelato-con-cartucho.webp\" \/>\n\t<meta property=\"og:image:width\" content=\"1000\" \/>\n\t<meta property=\"og:image:height\" content=\"1000\" \/>\n\t<meta property=\"og:image:type\" content=\"image\/webp\" \/>\n<meta name=\"twitter:card\" content=\"summary_large_image\" \/>\n<meta name=\"twitter:label1\" content=\"Tempo estimado de leitura\" \/>\n\t<meta name=\"twitter:data1\" content=\"4 minutos\" \/>\n<script type=\"application\/ld+json\" class=\"yoast-schema-graph\">{\"@context\":\"https:\\\/\\\/schema.org\",\"@graph\":[{\"@type\":\"WebPage\",\"@id\":\"https:\\\/\\\/thelyflabs.com\\\/product\\\/cartucho-desechable-10-oh-gelato\",\"url\":\"https:\\\/\\\/thelyflabs.com\\\/product\\\/cartucho-desechable-10-oh-gelato\",\"name\":\"Cartucho desechable 10-OH - Gelato - Comprar cartuchos mayorista - THE LYF LABS\",\"isPartOf\":{\"@id\":\"https:\\\/\\\/thelyflabs.com\\\/#website\"},\"primaryImageOfPage\":{\"@id\":\"https:\\\/\\\/thelyflabs.com\\\/product\\\/cartucho-desechable-10-oh-gelato#primaryimage\"},\"image\":{\"@id\":\"https:\\\/\\\/thelyflabs.com\\\/product\\\/cartucho-desechable-10-oh-gelato#primaryimage\"},\"thumbnailUrl\":\"https:\\\/\\\/thelyflabs.com\\\/wp-content\\\/uploads\\\/2025\\\/07\\\/bolsa-10-OH-cart-Gelato-con-cartucho.webp\",\"datePublished\":\"2025-07-16T19:00:44+00:00\",\"dateModified\":\"2026-04-08T09:54:33+00:00\",\"description\":\"Mayorista 10-OH Gelato. Cartuchos Thelyflabs con sabor a cannabis y efecto r\u00e1pido. Producto innovador sin THC para tu negocio. Compra al por mayor.\",\"breadcrumb\":{\"@id\":\"https:\\\/\\\/thelyflabs.com\\\/product\\\/cartucho-desechable-10-oh-gelato#breadcrumb\"},\"inLanguage\":\"pt-PT\",\"potentialAction\":[{\"@type\":\"ReadAction\",\"target\":[\"https:\\\/\\\/thelyflabs.com\\\/product\\\/cartucho-desechable-10-oh-gelato\"]}]},{\"@type\":\"ImageObject\",\"inLanguage\":\"pt-PT\",\"@id\":\"https:\\\/\\\/thelyflabs.com\\\/product\\\/cartucho-desechable-10-oh-gelato#primaryimage\",\"url\":\"https:\\\/\\\/thelyflabs.com\\\/wp-content\\\/uploads\\\/2025\\\/07\\\/bolsa-10-OH-cart-Gelato-con-cartucho.webp\",\"contentUrl\":\"https:\\\/\\\/thelyflabs.com\\\/wp-content\\\/uploads\\\/2025\\\/07\\\/bolsa-10-OH-cart-Gelato-con-cartucho.webp\",\"width\":1000,\"height\":1000},{\"@type\":\"BreadcrumbList\",\"@id\":\"https:\\\/\\\/thelyflabs.com\\\/product\\\/cartucho-desechable-10-oh-gelato#breadcrumb\",\"itemListElement\":[{\"@type\":\"ListItem\",\"position\":1,\"name\":\"Portada\",\"item\":\"https:\\\/\\\/thelyflabs.com\\\/\"},{\"@type\":\"ListItem\",\"position\":2,\"name\":\"Tienda\",\"item\":\"https:\\\/\\\/thelyflabs.com\\\/tienda\"},{\"@type\":\"ListItem\",\"position\":3,\"name\":\"Cartucho desechable 10-OH &#8211; Gelato\"}]},{\"@type\":\"WebSite\",\"@id\":\"https:\\\/\\\/thelyflabs.com\\\/#website\",\"url\":\"https:\\\/\\\/thelyflabs.com\\\/\",\"name\":\"The LYF Labs\",\"description\":\"CBD al por mayor\",\"publisher\":{\"@id\":\"https:\\\/\\\/thelyflabs.com\\\/#organization\"},\"potentialAction\":[{\"@type\":\"SearchAction\",\"target\":{\"@type\":\"EntryPoint\",\"urlTemplate\":\"https:\\\/\\\/thelyflabs.com\\\/?s={search_term_string}\"},\"query-input\":{\"@type\":\"PropertyValueSpecification\",\"valueRequired\":true,\"valueName\":\"search_term_string\"}}],\"inLanguage\":\"pt-PT\"},{\"@type\":\"Organization\",\"@id\":\"https:\\\/\\\/thelyflabs.com\\\/#organization\",\"name\":\"The LYF Labs\",\"url\":\"https:\\\/\\\/thelyflabs.com\\\/\",\"logo\":{\"@type\":\"ImageObject\",\"inLanguage\":\"pt-PT\",\"@id\":\"https:\\\/\\\/thelyflabs.com\\\/#\\\/schema\\\/logo\\\/image\\\/\",\"url\":\"https:\\\/\\\/thelyflabs.com\\\/wp-content\\\/uploads\\\/2023\\\/01\\\/cropped-LogoTheLYFLabs.png\",\"contentUrl\":\"https:\\\/\\\/thelyflabs.com\\\/wp-content\\\/uploads\\\/2023\\\/01\\\/cropped-LogoTheLYFLabs.png\",\"width\":600,\"height\":180,\"caption\":\"The LYF Labs\"},\"image\":{\"@id\":\"https:\\\/\\\/thelyflabs.com\\\/#\\\/schema\\\/logo\\\/image\\\/\"}}]}<\/script>\n<!-- \/ Yoast SEO plugin. -->","yoast_head_json":{"title":"Cartucho desechable 10-OH - Gelato - Comprar cartuchos mayorista - THE LYF LABS","description":"Mayorista 10-OH Gelato. Cartuchos Thelyflabs con sabor a cannabis y efecto r\u00e1pido. Producto innovador sin THC para tu negocio. Compra al por mayor.","robots":{"index":"index","follow":"follow","max-snippet":"max-snippet:-1","max-image-preview":"max-image-preview:large","max-video-preview":"max-video-preview:-1"},"canonical":"https:\/\/thelyflabs.com\/pt\/product\/cartucho-desechable-10-oh-gelato\/","og_locale":"pt_PT","og_type":"article","og_title":"Cartucho desechable 10-OH - Gelato - Comprar cartuchos mayorista - THE LYF LABS","og_description":"Mayorista 10-OH Gelato. Cartuchos Thelyflabs con sabor a cannabis y efecto r\u00e1pido. Producto innovador sin THC para tu negocio. Compra al por mayor.","og_url":"https:\/\/thelyflabs.com\/pt\/product\/cartucho-desechable-10-oh-gelato\/","og_site_name":"THE LYF LABS","article_modified_time":"2026-04-08T09:54:33+00:00","og_image":[{"width":1000,"height":1000,"url":"https:\/\/thelyflabs.com\/wp-content\/uploads\/2025\/07\/bolsa-10-OH-cart-Gelato-con-cartucho.webp","type":"image\/webp"}],"twitter_card":"summary_large_image","twitter_misc":{"Tempo estimado de leitura":"4 minutos"},"schema":{"@context":"https:\/\/schema.org","@graph":[{"@type":"WebPage","@id":"https:\/\/thelyflabs.com\/product\/cartucho-desechable-10-oh-gelato","url":"https:\/\/thelyflabs.com\/product\/cartucho-desechable-10-oh-gelato","name":"Cartucho desechable 10-OH - Gelato - Comprar cartuchos mayorista - THE LYF LABS","isPartOf":{"@id":"https:\/\/thelyflabs.com\/#website"},"primaryImageOfPage":{"@id":"https:\/\/thelyflabs.com\/product\/cartucho-desechable-10-oh-gelato#primaryimage"},"image":{"@id":"https:\/\/thelyflabs.com\/product\/cartucho-desechable-10-oh-gelato#primaryimage"},"thumbnailUrl":"https:\/\/thelyflabs.com\/wp-content\/uploads\/2025\/07\/bolsa-10-OH-cart-Gelato-con-cartucho.webp","datePublished":"2025-07-16T19:00:44+00:00","dateModified":"2026-04-08T09:54:33+00:00","description":"Mayorista 10-OH Gelato. Cartuchos Thelyflabs con sabor a cannabis y efecto r\u00e1pido. Producto innovador sin THC para tu negocio. Compra al por mayor.","breadcrumb":{"@id":"https:\/\/thelyflabs.com\/product\/cartucho-desechable-10-oh-gelato#breadcrumb"},"inLanguage":"pt-PT","potentialAction":[{"@type":"ReadAction","target":["https:\/\/thelyflabs.com\/product\/cartucho-desechable-10-oh-gelato"]}]},{"@type":"ImageObject","inLanguage":"pt-PT","@id":"https:\/\/thelyflabs.com\/product\/cartucho-desechable-10-oh-gelato#primaryimage","url":"https:\/\/thelyflabs.com\/wp-content\/uploads\/2025\/07\/bolsa-10-OH-cart-Gelato-con-cartucho.webp","contentUrl":"https:\/\/thelyflabs.com\/wp-content\/uploads\/2025\/07\/bolsa-10-OH-cart-Gelato-con-cartucho.webp","width":1000,"height":1000},{"@type":"BreadcrumbList","@id":"https:\/\/thelyflabs.com\/product\/cartucho-desechable-10-oh-gelato#breadcrumb","itemListElement":[{"@type":"ListItem","position":1,"name":"Portada","item":"https:\/\/thelyflabs.com\/"},{"@type":"ListItem","position":2,"name":"Tienda","item":"https:\/\/thelyflabs.com\/tienda"},{"@type":"ListItem","position":3,"name":"Cartucho desechable 10-OH &#8211; Gelato"}]},{"@type":"WebSite","@id":"https:\/\/thelyflabs.com\/#website","url":"https:\/\/thelyflabs.com\/","name":"Os Laborat\u00f3rios LYF","description":"CBD atacado","publisher":{"@id":"https:\/\/thelyflabs.com\/#organization"},"potentialAction":[{"@type":"SearchAction","target":{"@type":"EntryPoint","urlTemplate":"https:\/\/thelyflabs.com\/?s={search_term_string}"},"query-input":{"@type":"PropertyValueSpecification","valueRequired":true,"valueName":"search_term_string"}}],"inLanguage":"pt-PT"},{"@type":"Organization","@id":"https:\/\/thelyflabs.com\/#organization","name":"Os Laborat\u00f3rios LYF","url":"https:\/\/thelyflabs.com\/","logo":{"@type":"ImageObject","inLanguage":"pt-PT","@id":"https:\/\/thelyflabs.com\/#\/schema\/logo\/image\/","url":"https:\/\/thelyflabs.com\/wp-content\/uploads\/2023\/01\/cropped-LogoTheLYFLabs.png","contentUrl":"https:\/\/thelyflabs.com\/wp-content\/uploads\/2023\/01\/cropped-LogoTheLYFLabs.png","width":600,"height":180,"caption":"The LYF Labs"},"image":{"@id":"https:\/\/thelyflabs.com\/#\/schema\/logo\/image\/"}}]}},"_links":{"self":[{"href":"https:\/\/thelyflabs.com\/pt\/wp-json\/wp\/v2\/product\/12986","targetHints":{"allow":["GET"]}}],"collection":[{"href":"https:\/\/thelyflabs.com\/pt\/wp-json\/wp\/v2\/product"}],"about":[{"href":"https:\/\/thelyflabs.com\/pt\/wp-json\/wp\/v2\/types\/product"}],"replies":[{"embeddable":true,"href":"https:\/\/thelyflabs.com\/pt\/wp-json\/wp\/v2\/comments?post=12986"}],"wp:featuredmedia":[{"embeddable":true,"href":"https:\/\/thelyflabs.com\/pt\/wp-json\/wp\/v2\/media\/13009"}],"wp:attachment":[{"href":"https:\/\/thelyflabs.com\/pt\/wp-json\/wp\/v2\/media?parent=12986"}],"wp:term":[{"taxonomy":"product_brand","embeddable":true,"href":"https:\/\/thelyflabs.com\/pt\/wp-json\/wp\/v2\/product_brand?post=12986"},{"taxonomy":"product_cat","embeddable":true,"href":"https:\/\/thelyflabs.com\/pt\/wp-json\/wp\/v2\/product_cat?post=12986"},{"taxonomy":"product_tag","embeddable":true,"href":"https:\/\/thelyflabs.com\/pt\/wp-json\/wp\/v2\/product_tag?post=12986"}],"curies":[{"name":"wp","href":"https:\/\/api.w.org\/{rel}","templated":true}]}}