{"id":12987,"date":"2025-07-16T21:01:17","date_gmt":"2025-07-16T19:01:17","guid":{"rendered":"https:\/\/thelyflabs.com\/?post_type=product&#038;p=12987"},"modified":"2026-04-08T11:54:18","modified_gmt":"2026-04-08T09:54:18","slug":"cartucho-desechable-10-oh-lemon-haze","status":"publish","type":"product","link":"https:\/\/thelyflabs.com\/pt\/product\/cartucho-desechable-10-oh-lemon-haze","title":{"rendered":"Cartucho descart\u00e1vel 10-OH \u2013 Lemon Haze"},"content":{"rendered":"<h1>Cartucho descart\u00e1vel 10-OH \u2013 Lemon Haze: clareza c\u00edtrica e foco vibrante<\/h1>\n<p>Desperte os seus sentidos com o <b>Cartucho descart\u00e1vel 10-OH \u2013 Lemon Haze<\/b>Experimente a explos\u00e3o c\u00edtrica e a energia pura do Lemon Haze em um formato inovador. S\u00f3 na Iguana Smoke, sua chill shop de confian\u00e7a.<\/p>\n<p>Se voc\u00ea est\u00e1 procurando um cartucho que ir\u00e1 ativ\u00e1-lo como um raio de sol com sabor de lim\u00e3o, o <b>10-OH \u2013 N\u00e9voa de Lim\u00e3o<\/b> \u00e9 feito para voc\u00ea. Este pod de vapor pr\u00e9-preenchido combina o <b>Canabinoide 10-OH<\/b> com o aroma \u00e1cido e estimulante da cepa ic\u00f4nica <b>N\u00e9voa de Lim\u00e3o<\/b>, uma das variedades Sativas mais refrescantes.<\/p>\n<p>Ideal para quem busca um est\u00edmulo mental e sensorial, sem THC ou sentimentos pesados. <b>clareza, sabor e fluxo<\/b>.<\/p>\n<h3>O que \u00e9 10-OH?<\/h3>\n<p>Ele <b>10-OH (10-hidroxi-hexahidrocanabinol)<\/b> \u00e9 um <b>metab\u00f3lito de HHC<\/b>, uma subst\u00e2ncia gerada quando o corpo decomp\u00f5e o HHC. Em laborat\u00f3rio, \u00e9 obtido pela transforma\u00e7\u00e3o do HHC em sua forma hidroxilada, resultando em um canabinoide mais est\u00e1vel com afinidade espec\u00edfica por certos receptores no sistema endocanabinoide.<\/p>\n<p>Embora os efeitos possam variar, os consumidores que experimentaram 10-OH (em pa\u00edses onde seu uso \u00e9 legal) frequentemente descrevem experi\u00eancias como:<\/p>\n<ul>\n<li><b>Euforia moderada<\/b>, sem a intensidade do THC.<\/li>\n<li><b>Relaxamento f\u00edsico<\/b>, sem produzir seda\u00e7\u00e3o.<\/li>\n<li><b>Clareza mental<\/b>, que promove concentra\u00e7\u00e3o e intera\u00e7\u00e3o social.<\/li>\n<li><b>Menos ansiedade<\/b>, sendo uma op\u00e7\u00e3o interessante para quem n\u00e3o tolera bem o THC.<\/li>\n<\/ul>\n<p>Esses efeitos colocam o 10-OH no meio do caminho entre o HHC e o THC: <b>mais poderoso que o primeiro, mas mais gerenci\u00e1vel que o segundo<\/b>. Por esse motivo, muitas pessoas interessadas em comprar HHC acabam optando pelo 10-OH como uma alternativa mais potente e estruturada.<\/p>\n<p>Se voc\u00ea quiser descobrir as diferen\u00e7as entre 10-OH e outras mol\u00e9culas como HHC visite <a href=\"https:\/\/iguanasmoke.com\/que-es-el-10-oh-la-nueva-opcion-en-cannabinoides\/\">nosso artigo<\/a>.<\/p>\n<h3>Perfil de terpeno da n\u00e9voa de lim\u00e3o<\/h3>\n<p>A tens\u00e3o <b>N\u00e9voa de Lim\u00e3o<\/b> \u00c9 conhecido por seu aroma vibrante, c\u00edtrico e fresco. Ao vaporizar o cartucho saborizado 10-OH Lemon Haze, voc\u00ea notar\u00e1 um equil\u00edbrio perfeito entre do\u00e7ura e acidez, com notas de raspas de lim\u00e3o, especiarias e um toque herb\u00e1ceo.<\/p>\n<p><b>Principais terpenos:<\/b><\/p>\n<ul>\n<li><b>Limoneno:<\/b> Com aroma c\u00edtrico e efeito revigorante.<\/li>\n<li><b>Mirceno:<\/b> Terroso e suave, ajuda a equilibrar o perfil.<\/li>\n<li><b>Pineno:<\/b> Refrescante, contribui para a clareza mental.<\/li>\n<\/ul>\n<p>Uma combina\u00e7\u00e3o perfeita para quem busca um sabor refrescante e uma sensa\u00e7\u00e3o de <b>ativa\u00e7\u00e3o sem excessos<\/b>.<\/p>\n<h3>O que \u00e9 um cartucho descart\u00e1vel?<\/h3>\n<p>UM <b>cartucho descart\u00e1vel<\/b> (tamb\u00e9m chamado de pod ou &quot;cart&quot;) \u00e9 um dispositivo de vaporiza\u00e7\u00e3o pr\u00e9-preenchido com l\u00edquido que se conecta a baterias com uma rosca padr\u00e3o 510. \u00c9 <b>f\u00e1cil de usar, port\u00e1til e sem manuten\u00e7\u00e3o<\/b>.<\/p>\n<p>Ele <b>10-OH \u2013 N\u00e9voa de Lim\u00e3o<\/b> vem em dois formatos convenientes:<\/p>\n<ul>\n<li><b>1 ml<\/b> \u2013 At\u00e9 300 tragadas.<\/li>\n<li><b>2 ml<\/b> \u2013 At\u00e9 600 tragadas.<\/li>\n<\/ul>\n<p>Ideal para levar para qualquer lugar e aproveitar sem complica\u00e7\u00f5es. Basta conectar, inspirar e deixar ir.<\/p>\n<h3>Por que escolher o cartucho 10-OH Lemon Haze?<\/h3>\n<p><b>Compre um vape com 10-OH<\/b> Trata-se de embarcar em uma experi\u00eancia diferente no mundo dos canabinoides derivados do c\u00e2nhamo. Voc\u00ea n\u00e3o precisa de THC para explorar as sensa\u00e7\u00f5es. Com 10-OH, voc\u00ea obt\u00e9m um perfil de efeito funcional e um sabor espetacular, tudo legal na Espanha para fins de colecionador.<\/p>\n<p><b>Benef\u00edcios do cartucho 10-OH Lemon Haze:<\/b><\/p>\n<ul>\n<li>Cont\u00e9m <b>10-OH, um canabin\u00f3ide derivado do c\u00e2nhamo<\/b> 100% livre de THC.<\/li>\n<li>Perfil arom\u00e1tico <b>fresco e c\u00edtrico<\/b> de Lemon Haze.<\/li>\n<li><b>Compat\u00edvel com a maioria das baterias 510<\/b>.<\/li>\n<li>Perfeito para uso diurno e criativo (em pa\u00edses onde o consumo \u00e9 legal).<\/li>\n<\/ul>\n<p>Ideal para trabalhar, socializar, sair ou simplesmente recarregar seu humor sem perder o controle (para uso permitido em seu pa\u00eds).<\/p>\n<h3>Onde comprar 10-OH online?<\/h3>\n<p>Em <b>Fuma\u00e7a De Iguana<\/b>Somos a sua loja online de confian\u00e7a para produtos derivados do c\u00e2nhamo. Aqui voc\u00ea pode:<\/p>\n<ul>\n<li><b>Compre cartucho 10-OH com sabor Lemon Haze<\/b>.<\/li>\n<li>Explorar <b>C\u00e1psulas alternativas ao THC<\/b>, sem THC mas com perfis interessantes para colecionar.<\/li>\n<li><b>Compre vape 10-OH online<\/b> com envio r\u00e1pido e discreto na Espanha.<\/li>\n<\/ul>\n<p>Adoramos oferecer produtos que n\u00e3o sejam apenas compat\u00edveis, mas tamb\u00e9m atraentes. E o <b>N\u00e9voa de Lim\u00e3o<\/b> \u00c9 uma joia da nossa cole\u00e7\u00e3o.<\/p>\n<h3>10-OH Lemon Haze: O cartucho que ativa o seu dia<\/h3>\n<p>Com este cartucho de vapor, voc\u00ea n\u00e3o s\u00f3 desfrutar\u00e1 de um sabor c\u00edtrico brutal, mas tamb\u00e9m de uma experi\u00eancia mental clara e suave (em pa\u00edses onde seu consumo \u00e9 legal). <b>10-OH \u2013 N\u00e9voa de Lim\u00e3o<\/b> \u00c9 o que voc\u00ea precisa para que sua rotina n\u00e3o seja t\u00e3o rotineira.<\/p>\n<p>Use-o quando precisar de inspira\u00e7\u00e3o, energia ou apenas um momento de fluxo (desde que o uso seja permitido em sua localidade).<\/p>\n<h4>Informa\u00e7\u00f5es legais<\/h4>\n<p>Todos os nossos produtos s\u00e3o derivados de c\u00e2nhamo industrial certificado. Cont\u00eam menos de 0,3% de THC e n\u00e3o cont\u00eam canabinoides ilegais, como HHC, HHC-P, THCP, THCP-O, H4CBD ou qualquer um de seus derivados. Voc\u00ea pode consultar o <a href=\"https:\/\/iguanasmoke.com\/analiticas\/\" target=\"_blank\" rel=\"noopener\">Certificado de An\u00e1lise aqui.<\/a><\/p>\n<p><i>Este produto \u00e9 um item de colecionador. N\u00e3o foi projetado para consumo direto ou combust\u00e3o.<\/i> <i>N\u00e3o cont\u00e9m canabinoides inclu\u00eddos no Anexo I do Real Decreto 2829\/1977 nem subst\u00e2ncias controladas por conven\u00e7\u00f5es internacionais.<\/i><\/p>","protected":false},"excerpt":{"rendered":"<h4>Cartucho descart\u00e1vel 10-OH \u2013 Lemon Haze<\/h4>\n<h4>Caracteristicas<\/h4>\n<ul>\n<li>Sabor lim\u00e3o<\/li>\n<li>Conex\u00e3o: tipo 510<\/li>\n<li>Capacidade: 1 ml \/ 2 ml<\/li>\n<li>Tragadas: 300 \/ 600<\/li>\n<li>Terpenos naturais de alta qualidade<\/li>\n<li>10-OH<\/li>\n<li>THC: 0%, HHC: 0%, THC-P: 0%, Nicotina: 0%<\/li>\n<li>N\u00e3o cont\u00e9m VG, PG, PEG, MCT ou outros agentes de corte.<\/li>\n<\/ul>","protected":false},"featured_media":13013,"comment_status":"open","ping_status":"closed","template":"","meta":{"_acf_changed":false,"site-sidebar-layout":"default","site-content-layout":"","ast-site-content-layout":"default","site-content-style":"default","site-sidebar-style":"default","ast-global-header-display":"","ast-banner-title-visibility":"","ast-main-header-display":"","ast-hfb-above-header-display":"","ast-hfb-below-header-display":"","ast-hfb-mobile-header-display":"","site-post-title":"","ast-breadcrumbs-content":"","ast-featured-img":"","footer-sml-layout":"","theme-transparent-header-meta":"default","adv-header-id-meta":"","stick-header-meta":"","header-above-stick-meta":"","header-main-stick-meta":"","header-below-stick-meta":"","astra-migrate-meta-layouts":"set","ast-page-background-enabled":"default","ast-page-background-meta":{"desktop":{"background-color":"var(--ast-global-color-4)","background-image":"","background-repeat":"repeat","background-position":"center center","background-size":"auto","background-attachment":"scroll","background-type":"","background-media":"","overlay-type":"","overlay-color":"","overlay-opacity":"","overlay-gradient":""},"tablet":{"background-color":"","background-image":"","background-repeat":"repeat","background-position":"center center","background-size":"auto","background-attachment":"scroll","background-type":"","background-media":"","overlay-type":"","overlay-color":"","overlay-opacity":"","overlay-gradient":""},"mobile":{"background-color":"","background-image":"","background-repeat":"repeat","background-position":"center center","background-size":"auto","background-attachment":"scroll","background-type":"","background-media":"","overlay-type":"","overlay-color":"","overlay-opacity":"","overlay-gradient":""}},"ast-content-background-meta":{"desktop":{"background-color":"var(--ast-global-color-5)","background-image":"","background-repeat":"repeat","background-position":"center center","background-size":"auto","background-attachment":"scroll","background-type":"","background-media":"","overlay-type":"","overlay-color":"","overlay-opacity":"","overlay-gradient":""},"tablet":{"background-color":"var(--ast-global-color-5)","background-image":"","background-repeat":"repeat","background-position":"center center","background-size":"auto","background-attachment":"scroll","background-type":"","background-media":"","overlay-type":"","overlay-color":"","overlay-opacity":"","overlay-gradient":""},"mobile":{"background-color":"var(--ast-global-color-5)","background-image":"","background-repeat":"repeat","background-position":"center center","background-size":"auto","background-attachment":"scroll","background-type":"","background-media":"","overlay-type":"","overlay-color":"","overlay-opacity":"","overlay-gradient":""}}},"product_brand":[],"product_cat":[140,91,146],"product_tag":[],"class_list":{"0":"post-12987","1":"product","2":"type-product","3":"status-publish","4":"has-post-thumbnail","6":"product_cat-10oh","7":"product_cat-cartuchos","8":"product_cat-nuevas-moleculas","9":"desktop-align-center","10":"tablet-align-left","11":"mobile-align-left","13":"first","14":"instock","15":"taxable","16":"shipping-taxable","17":"purchasable","18":"product-type-variable"},"acf":[],"yoast_head":"<!-- This site is optimized with the Yoast SEO plugin v27.3 - https:\/\/yoast.com\/product\/yoast-seo-wordpress\/ -->\n<title>Cartucho desechable 10-OH - Lemon Haze - THE LYF LABS<\/title>\n<meta name=\"description\" content=\"Distribuidor cartucho 10-OH Lemon Haze para enfoque y energ\u00eda c\u00edtrica. Calidad premium, legal y sin THC. Ideal para tu cat\u00e1logo mayorista.\" \/>\n<meta name=\"robots\" content=\"index, follow, max-snippet:-1, max-image-preview:large, max-video-preview:-1\" \/>\n<link rel=\"canonical\" href=\"https:\/\/thelyflabs.com\/pt\/product\/cartucho-desechable-10-oh-lemon-haze\/\" \/>\n<meta property=\"og:locale\" content=\"pt_PT\" \/>\n<meta property=\"og:type\" content=\"article\" \/>\n<meta property=\"og:title\" content=\"Cartucho desechable 10-OH - Lemon Haze - THE LYF LABS\" \/>\n<meta property=\"og:description\" content=\"Distribuidor cartucho 10-OH Lemon Haze para enfoque y energ\u00eda c\u00edtrica. Calidad premium, legal y sin THC. Ideal para tu cat\u00e1logo mayorista.\" \/>\n<meta property=\"og:url\" content=\"https:\/\/thelyflabs.com\/pt\/product\/cartucho-desechable-10-oh-lemon-haze\/\" \/>\n<meta property=\"og:site_name\" content=\"THE LYF LABS\" \/>\n<meta property=\"article:modified_time\" content=\"2026-04-08T09:54:18+00:00\" \/>\n<meta property=\"og:image\" content=\"https:\/\/thelyflabs.com\/wp-content\/uploads\/2025\/07\/bolsa-10-OH-cart-Lemon-con-cartucho.webp\" \/>\n\t<meta property=\"og:image:width\" content=\"1000\" \/>\n\t<meta property=\"og:image:height\" content=\"1000\" \/>\n\t<meta property=\"og:image:type\" content=\"image\/webp\" \/>\n<meta name=\"twitter:card\" content=\"summary_large_image\" \/>\n<meta name=\"twitter:label1\" content=\"Tempo estimado de leitura\" \/>\n\t<meta name=\"twitter:data1\" content=\"4 minutos\" \/>\n<script type=\"application\/ld+json\" class=\"yoast-schema-graph\">{\"@context\":\"https:\\\/\\\/schema.org\",\"@graph\":[{\"@type\":\"WebPage\",\"@id\":\"https:\\\/\\\/thelyflabs.com\\\/product\\\/cartucho-desechable-10-oh-lemon-haze\",\"url\":\"https:\\\/\\\/thelyflabs.com\\\/product\\\/cartucho-desechable-10-oh-lemon-haze\",\"name\":\"Cartucho desechable 10-OH - Lemon Haze - THE LYF LABS\",\"isPartOf\":{\"@id\":\"https:\\\/\\\/thelyflabs.com\\\/#website\"},\"primaryImageOfPage\":{\"@id\":\"https:\\\/\\\/thelyflabs.com\\\/product\\\/cartucho-desechable-10-oh-lemon-haze#primaryimage\"},\"image\":{\"@id\":\"https:\\\/\\\/thelyflabs.com\\\/product\\\/cartucho-desechable-10-oh-lemon-haze#primaryimage\"},\"thumbnailUrl\":\"https:\\\/\\\/thelyflabs.com\\\/wp-content\\\/uploads\\\/2025\\\/07\\\/bolsa-10-OH-cart-Lemon-con-cartucho.webp\",\"datePublished\":\"2025-07-16T19:01:17+00:00\",\"dateModified\":\"2026-04-08T09:54:18+00:00\",\"description\":\"Distribuidor cartucho 10-OH Lemon Haze para enfoque y energ\u00eda c\u00edtrica. Calidad premium, legal y sin THC. Ideal para tu cat\u00e1logo mayorista.\",\"breadcrumb\":{\"@id\":\"https:\\\/\\\/thelyflabs.com\\\/product\\\/cartucho-desechable-10-oh-lemon-haze#breadcrumb\"},\"inLanguage\":\"pt-PT\",\"potentialAction\":[{\"@type\":\"ReadAction\",\"target\":[\"https:\\\/\\\/thelyflabs.com\\\/product\\\/cartucho-desechable-10-oh-lemon-haze\"]}]},{\"@type\":\"ImageObject\",\"inLanguage\":\"pt-PT\",\"@id\":\"https:\\\/\\\/thelyflabs.com\\\/product\\\/cartucho-desechable-10-oh-lemon-haze#primaryimage\",\"url\":\"https:\\\/\\\/thelyflabs.com\\\/wp-content\\\/uploads\\\/2025\\\/07\\\/bolsa-10-OH-cart-Lemon-con-cartucho.webp\",\"contentUrl\":\"https:\\\/\\\/thelyflabs.com\\\/wp-content\\\/uploads\\\/2025\\\/07\\\/bolsa-10-OH-cart-Lemon-con-cartucho.webp\",\"width\":1000,\"height\":1000},{\"@type\":\"BreadcrumbList\",\"@id\":\"https:\\\/\\\/thelyflabs.com\\\/product\\\/cartucho-desechable-10-oh-lemon-haze#breadcrumb\",\"itemListElement\":[{\"@type\":\"ListItem\",\"position\":1,\"name\":\"Portada\",\"item\":\"https:\\\/\\\/thelyflabs.com\\\/\"},{\"@type\":\"ListItem\",\"position\":2,\"name\":\"Tienda\",\"item\":\"https:\\\/\\\/thelyflabs.com\\\/tienda\"},{\"@type\":\"ListItem\",\"position\":3,\"name\":\"Cartucho desechable 10-OH &#8211; Lemon Haze\"}]},{\"@type\":\"WebSite\",\"@id\":\"https:\\\/\\\/thelyflabs.com\\\/#website\",\"url\":\"https:\\\/\\\/thelyflabs.com\\\/\",\"name\":\"The LYF Labs\",\"description\":\"CBD al por mayor\",\"publisher\":{\"@id\":\"https:\\\/\\\/thelyflabs.com\\\/#organization\"},\"potentialAction\":[{\"@type\":\"SearchAction\",\"target\":{\"@type\":\"EntryPoint\",\"urlTemplate\":\"https:\\\/\\\/thelyflabs.com\\\/?s={search_term_string}\"},\"query-input\":{\"@type\":\"PropertyValueSpecification\",\"valueRequired\":true,\"valueName\":\"search_term_string\"}}],\"inLanguage\":\"pt-PT\"},{\"@type\":\"Organization\",\"@id\":\"https:\\\/\\\/thelyflabs.com\\\/#organization\",\"name\":\"The LYF Labs\",\"url\":\"https:\\\/\\\/thelyflabs.com\\\/\",\"logo\":{\"@type\":\"ImageObject\",\"inLanguage\":\"pt-PT\",\"@id\":\"https:\\\/\\\/thelyflabs.com\\\/#\\\/schema\\\/logo\\\/image\\\/\",\"url\":\"https:\\\/\\\/thelyflabs.com\\\/wp-content\\\/uploads\\\/2023\\\/01\\\/cropped-LogoTheLYFLabs.png\",\"contentUrl\":\"https:\\\/\\\/thelyflabs.com\\\/wp-content\\\/uploads\\\/2023\\\/01\\\/cropped-LogoTheLYFLabs.png\",\"width\":600,\"height\":180,\"caption\":\"The LYF Labs\"},\"image\":{\"@id\":\"https:\\\/\\\/thelyflabs.com\\\/#\\\/schema\\\/logo\\\/image\\\/\"}}]}<\/script>\n<!-- \/ Yoast SEO plugin. -->","yoast_head_json":{"title":"Cartucho desechable 10-OH - Lemon Haze - THE LYF LABS","description":"Distribuidor cartucho 10-OH Lemon Haze para enfoque y energ\u00eda c\u00edtrica. Calidad premium, legal y sin THC. Ideal para tu cat\u00e1logo mayorista.","robots":{"index":"index","follow":"follow","max-snippet":"max-snippet:-1","max-image-preview":"max-image-preview:large","max-video-preview":"max-video-preview:-1"},"canonical":"https:\/\/thelyflabs.com\/pt\/product\/cartucho-desechable-10-oh-lemon-haze\/","og_locale":"pt_PT","og_type":"article","og_title":"Cartucho desechable 10-OH - Lemon Haze - THE LYF LABS","og_description":"Distribuidor cartucho 10-OH Lemon Haze para enfoque y energ\u00eda c\u00edtrica. Calidad premium, legal y sin THC. Ideal para tu cat\u00e1logo mayorista.","og_url":"https:\/\/thelyflabs.com\/pt\/product\/cartucho-desechable-10-oh-lemon-haze\/","og_site_name":"THE LYF LABS","article_modified_time":"2026-04-08T09:54:18+00:00","og_image":[{"width":1000,"height":1000,"url":"https:\/\/thelyflabs.com\/wp-content\/uploads\/2025\/07\/bolsa-10-OH-cart-Lemon-con-cartucho.webp","type":"image\/webp"}],"twitter_card":"summary_large_image","twitter_misc":{"Tempo estimado de leitura":"4 minutos"},"schema":{"@context":"https:\/\/schema.org","@graph":[{"@type":"WebPage","@id":"https:\/\/thelyflabs.com\/product\/cartucho-desechable-10-oh-lemon-haze","url":"https:\/\/thelyflabs.com\/product\/cartucho-desechable-10-oh-lemon-haze","name":"Cartucho desechable 10-OH - Lemon Haze - THE LYF LABS","isPartOf":{"@id":"https:\/\/thelyflabs.com\/#website"},"primaryImageOfPage":{"@id":"https:\/\/thelyflabs.com\/product\/cartucho-desechable-10-oh-lemon-haze#primaryimage"},"image":{"@id":"https:\/\/thelyflabs.com\/product\/cartucho-desechable-10-oh-lemon-haze#primaryimage"},"thumbnailUrl":"https:\/\/thelyflabs.com\/wp-content\/uploads\/2025\/07\/bolsa-10-OH-cart-Lemon-con-cartucho.webp","datePublished":"2025-07-16T19:01:17+00:00","dateModified":"2026-04-08T09:54:18+00:00","description":"Distribuidor cartucho 10-OH Lemon Haze para enfoque y energ\u00eda c\u00edtrica. Calidad premium, legal y sin THC. Ideal para tu cat\u00e1logo mayorista.","breadcrumb":{"@id":"https:\/\/thelyflabs.com\/product\/cartucho-desechable-10-oh-lemon-haze#breadcrumb"},"inLanguage":"pt-PT","potentialAction":[{"@type":"ReadAction","target":["https:\/\/thelyflabs.com\/product\/cartucho-desechable-10-oh-lemon-haze"]}]},{"@type":"ImageObject","inLanguage":"pt-PT","@id":"https:\/\/thelyflabs.com\/product\/cartucho-desechable-10-oh-lemon-haze#primaryimage","url":"https:\/\/thelyflabs.com\/wp-content\/uploads\/2025\/07\/bolsa-10-OH-cart-Lemon-con-cartucho.webp","contentUrl":"https:\/\/thelyflabs.com\/wp-content\/uploads\/2025\/07\/bolsa-10-OH-cart-Lemon-con-cartucho.webp","width":1000,"height":1000},{"@type":"BreadcrumbList","@id":"https:\/\/thelyflabs.com\/product\/cartucho-desechable-10-oh-lemon-haze#breadcrumb","itemListElement":[{"@type":"ListItem","position":1,"name":"Portada","item":"https:\/\/thelyflabs.com\/"},{"@type":"ListItem","position":2,"name":"Tienda","item":"https:\/\/thelyflabs.com\/tienda"},{"@type":"ListItem","position":3,"name":"Cartucho desechable 10-OH &#8211; Lemon Haze"}]},{"@type":"WebSite","@id":"https:\/\/thelyflabs.com\/#website","url":"https:\/\/thelyflabs.com\/","name":"Os Laborat\u00f3rios LYF","description":"CBD atacado","publisher":{"@id":"https:\/\/thelyflabs.com\/#organization"},"potentialAction":[{"@type":"SearchAction","target":{"@type":"EntryPoint","urlTemplate":"https:\/\/thelyflabs.com\/?s={search_term_string}"},"query-input":{"@type":"PropertyValueSpecification","valueRequired":true,"valueName":"search_term_string"}}],"inLanguage":"pt-PT"},{"@type":"Organization","@id":"https:\/\/thelyflabs.com\/#organization","name":"Os Laborat\u00f3rios LYF","url":"https:\/\/thelyflabs.com\/","logo":{"@type":"ImageObject","inLanguage":"pt-PT","@id":"https:\/\/thelyflabs.com\/#\/schema\/logo\/image\/","url":"https:\/\/thelyflabs.com\/wp-content\/uploads\/2023\/01\/cropped-LogoTheLYFLabs.png","contentUrl":"https:\/\/thelyflabs.com\/wp-content\/uploads\/2023\/01\/cropped-LogoTheLYFLabs.png","width":600,"height":180,"caption":"The LYF Labs"},"image":{"@id":"https:\/\/thelyflabs.com\/#\/schema\/logo\/image\/"}}]}},"_links":{"self":[{"href":"https:\/\/thelyflabs.com\/pt\/wp-json\/wp\/v2\/product\/12987","targetHints":{"allow":["GET"]}}],"collection":[{"href":"https:\/\/thelyflabs.com\/pt\/wp-json\/wp\/v2\/product"}],"about":[{"href":"https:\/\/thelyflabs.com\/pt\/wp-json\/wp\/v2\/types\/product"}],"replies":[{"embeddable":true,"href":"https:\/\/thelyflabs.com\/pt\/wp-json\/wp\/v2\/comments?post=12987"}],"wp:featuredmedia":[{"embeddable":true,"href":"https:\/\/thelyflabs.com\/pt\/wp-json\/wp\/v2\/media\/13013"}],"wp:attachment":[{"href":"https:\/\/thelyflabs.com\/pt\/wp-json\/wp\/v2\/media?parent=12987"}],"wp:term":[{"taxonomy":"product_brand","embeddable":true,"href":"https:\/\/thelyflabs.com\/pt\/wp-json\/wp\/v2\/product_brand?post=12987"},{"taxonomy":"product_cat","embeddable":true,"href":"https:\/\/thelyflabs.com\/pt\/wp-json\/wp\/v2\/product_cat?post=12987"},{"taxonomy":"product_tag","embeddable":true,"href":"https:\/\/thelyflabs.com\/pt\/wp-json\/wp\/v2\/product_tag?post=12987"}],"curies":[{"name":"wp","href":"https:\/\/api.w.org\/{rel}","templated":true}]}}