{"id":13053,"date":"2025-07-21T15:36:20","date_gmt":"2025-07-21T13:36:20","guid":{"rendered":"https:\/\/thelyflabs.com\/?post_type=product&#038;p=13053"},"modified":"2026-03-19T15:21:36","modified_gmt":"2026-03-19T14:21:36","slug":"kit-iguana-power-cartucho-de-stv-sativanol-1ml","status":"publish","type":"product","link":"https:\/\/thelyflabs.com\/pt\/product\/kit-iguana-power-cartucho-de-stv-sativanol-1ml","title":{"rendered":"Kit Iguana Power + Cartucho STV (Sativanol) 1ml"},"content":{"rendered":"<h3>Kit Iguana Power + Cartucho STV (Sativanol) 1ml: Sua Experi\u00eancia de Vaporiza\u00e7\u00e3o Aprimorada<\/h3>\n<p>Este Kit Iguana Power completo + Cartucho STV (Sativanol) de 1ml oferece a combina\u00e7\u00e3o perfeita de pot\u00eancia e uma ampla gama de canabinoides. Para come\u00e7ar, ele combina a versatilidade <a href=\"https:\/\/thelyflabs.com\/pt\/product\/iguana-power-bateria-510-para-cartuchos-320mah\/\">Bateria fina 510<\/a> com cartuchos de 1 ml de STV (Sativanol) para uma experi\u00eancia de vaporiza\u00e7\u00e3o de alta qualidade.<\/p>\n<h3>Recursos em destaque:<\/h3>\n<ul>\n<li><strong>Compatibilidade universal com bateria 510<\/strong>A bateria Iguana Power 510 funciona com muitos cartuchos e atomizadores, para que voc\u00ea possa escolher seus acess\u00f3rios favoritos com total liberdade.<\/li>\n<li><strong>Bot\u00e3o de press\u00e3o multifuncional:<\/strong> O bot\u00e3o liga\/desliga tem tr\u00eas fun\u00e7\u00f5es diferentes. Por exemplo, pressione-o 5 vezes para ligar, 3 vezes para alterar a voltagem e 2 vezes para pr\u00e9-aquecer.<\/li>\n<li><strong>Pot\u00eancia ajust\u00e1vel para vapor personalizado<\/strong>: Voc\u00ea pode ajustar a pot\u00eancia ao seu gosto para personalizar seu vape, para que possa desfrutar de grandes nuvens e sabores intensos com apenas alguns cliques.<\/li>\n<li><strong>Design compacto e robusto:<\/strong> Seu tamanho compacto e durabilidade o tornam ideal para o uso di\u00e1rio. Voc\u00ea pode lev\u00e1-lo com voc\u00ea sem preocupa\u00e7\u00f5es, pois ele \u00e9 feito para durar.<\/li>\n<li><strong>Cartuchos STV (Sativanol) de m\u00e1xima pureza<\/strong>Descubra o futuro da vaporiza\u00e7\u00e3o com os modernos cartuchos de STV (Sativanol). Esses cartuchos s\u00e3o compostos por canabinoides de alta qualidade: STV (Sativanol), um canabinoide semissint\u00e9tico associado a efeitos relaxantes mentais; CBG (canabigerol); e CBD (canabidiol). Quando combinados com os terpenos, ou aromas, do cartucho, eles oferecem uma experi\u00eancia de vaporiza\u00e7\u00e3o distinta, adicionando um toque novo aos seus momentos de relaxamento.<\/li>\n<li><strong>Sabores Diferentes<\/strong>Escolha seu sabor favorito entre as op\u00e7\u00f5es dispon\u00edveis. Voc\u00ea encontrar\u00e1 de tudo, desde sabores cl\u00e1ssicos de cannabis (Amnesia, Gelato e Gorilla Glue) at\u00e9 deliciosos sabores de frutas (Manga e Lemon Haze).<\/li>\n<li><strong>Kit de energia Iguana completo e pronto para uso<\/strong>Da bateria aos cartuchos, este kit tem tudo o que voc\u00ea precisa para vaporizar sem complica\u00e7\u00f5es. Ent\u00e3o, aproveite a conveni\u00eancia de um kit completo que permite que voc\u00ea relaxe ao m\u00e1ximo.<\/li>\n<\/ul>\n<h4>O que \u00e9 um cartucho descart\u00e1vel?<\/h4>\n<p>O <b>cartuchos descart\u00e1veis<\/b> S\u00e3o dispositivos que se conectam a baterias com entrada tipo 510. Quando o l\u00edquido acaba, voc\u00ea simplesmente joga esses cartuchos fora.<\/p>\n<p>Observa\u00e7\u00e3o importante: Este \u00e9 um item de colecionador. N\u00e3o \u00e9 para consumo direto ou para fumar.<\/p>","protected":false},"excerpt":{"rendered":"<h4>Kit de bateria + cartucho STV 1ml<\/h4>\n<h5><strong>Caracteristicas<\/strong>:<\/h5>\n<ul>\n<li><span style=\"font-size: 16px\">Bateria fina: 320 mAh para cartuchos de 1 ml<\/span><\/li>\n<li>Tens\u00e3o: 2,7v \u2013 3,1v \u2013 3,6v<\/li>\n<li>Fun\u00e7\u00e3o de pr\u00e9-aquecimento de 15 segundos<\/li>\n<li>Conex\u00e3o: USB-C<\/li>\n<li>Cartucho STV de 1ml inclu\u00eddo (300 puffs)<\/li>\n<\/ul>","protected":false},"featured_media":13114,"comment_status":"open","ping_status":"closed","template":"","meta":{"_acf_changed":false,"site-sidebar-layout":"default","site-content-layout":"","ast-site-content-layout":"default","site-content-style":"default","site-sidebar-style":"default","ast-global-header-display":"","ast-banner-title-visibility":"","ast-main-header-display":"","ast-hfb-above-header-display":"","ast-hfb-below-header-display":"","ast-hfb-mobile-header-display":"","site-post-title":"","ast-breadcrumbs-content":"","ast-featured-img":"","footer-sml-layout":"","theme-transparent-header-meta":"default","adv-header-id-meta":"","stick-header-meta":"","header-above-stick-meta":"","header-main-stick-meta":"","header-below-stick-meta":"","astra-migrate-meta-layouts":"set","ast-page-background-enabled":"default","ast-page-background-meta":{"desktop":{"background-color":"var(--ast-global-color-4)","background-image":"","background-repeat":"repeat","background-position":"center center","background-size":"auto","background-attachment":"scroll","background-type":"","background-media":"","overlay-type":"","overlay-color":"","overlay-opacity":"","overlay-gradient":""},"tablet":{"background-color":"","background-image":"","background-repeat":"repeat","background-position":"center center","background-size":"auto","background-attachment":"scroll","background-type":"","background-media":"","overlay-type":"","overlay-color":"","overlay-opacity":"","overlay-gradient":""},"mobile":{"background-color":"","background-image":"","background-repeat":"repeat","background-position":"center center","background-size":"auto","background-attachment":"scroll","background-type":"","background-media":"","overlay-type":"","overlay-color":"","overlay-opacity":"","overlay-gradient":""}},"ast-content-background-meta":{"desktop":{"background-color":"var(--ast-global-color-5)","background-image":"","background-repeat":"repeat","background-position":"center center","background-size":"auto","background-attachment":"scroll","background-type":"","background-media":"","overlay-type":"","overlay-color":"","overlay-opacity":"","overlay-gradient":""},"tablet":{"background-color":"var(--ast-global-color-5)","background-image":"","background-repeat":"repeat","background-position":"center center","background-size":"auto","background-attachment":"scroll","background-type":"","background-media":"","overlay-type":"","overlay-color":"","overlay-opacity":"","overlay-gradient":""},"mobile":{"background-color":"var(--ast-global-color-5)","background-image":"","background-repeat":"repeat","background-position":"center center","background-size":"auto","background-attachment":"scroll","background-type":"","background-media":"","overlay-type":"","overlay-color":"","overlay-opacity":"","overlay-gradient":""}}},"product_brand":[],"product_cat":[91,146,143,138],"product_tag":[],"class_list":{"0":"post-13053","1":"product","2":"type-product","3":"status-publish","4":"has-post-thumbnail","6":"product_cat-cartuchos","7":"product_cat-nuevas-moleculas","8":"product_cat-stv","9":"product_cat-stv-sativanol","10":"desktop-align-center","11":"tablet-align-left","12":"mobile-align-left","14":"first","15":"instock","16":"taxable","17":"shipping-taxable","18":"purchasable","19":"product-type-composite"},"acf":[],"yoast_head":"<!-- This site is optimized with the Yoast SEO plugin v27.3 - https:\/\/yoast.com\/product\/yoast-seo-wordpress\/ -->\n<title>Kit Iguana Power + Cartucho de STV (Sativanol) 1ml - THE LYF LABS<\/title>\n<meta name=\"description\" content=\"Kit Iguana Power + Cartucho STV 1ml. Alto contenido en CBD. Ofrece a tus clientes una experiencia de vapeo premium. Vapers CBD para mayoristas.\" \/>\n<meta name=\"robots\" content=\"index, follow, max-snippet:-1, max-image-preview:large, max-video-preview:-1\" \/>\n<link rel=\"canonical\" href=\"https:\/\/thelyflabs.com\/pt\/product\/kit-iguana-power-cartucho-de-stv-sativanol-1ml\/\" \/>\n<meta property=\"og:locale\" content=\"pt_PT\" \/>\n<meta property=\"og:type\" content=\"article\" \/>\n<meta property=\"og:title\" content=\"Kit Iguana Power + Cartucho de STV (Sativanol) 1ml - THE LYF LABS\" \/>\n<meta property=\"og:description\" content=\"Kit Iguana Power + Cartucho STV 1ml. Alto contenido en CBD. Ofrece a tus clientes una experiencia de vapeo premium. Vapers CBD para mayoristas.\" \/>\n<meta property=\"og:url\" content=\"https:\/\/thelyflabs.com\/pt\/product\/kit-iguana-power-cartucho-de-stv-sativanol-1ml\/\" \/>\n<meta property=\"og:site_name\" content=\"THE LYF LABS\" \/>\n<meta property=\"article:modified_time\" content=\"2026-03-19T14:21:36+00:00\" \/>\n<meta property=\"og:image\" content=\"https:\/\/thelyflabs.com\/wp-content\/uploads\/2025\/07\/Bateria-slim-Cartucho-STV-1ml.webp\" \/>\n\t<meta property=\"og:image:width\" content=\"1000\" \/>\n\t<meta property=\"og:image:height\" content=\"1000\" \/>\n\t<meta property=\"og:image:type\" content=\"image\/webp\" \/>\n<meta name=\"twitter:card\" content=\"summary_large_image\" \/>\n<meta name=\"twitter:label1\" content=\"Tempo estimado de leitura\" \/>\n\t<meta name=\"twitter:data1\" content=\"2 minutos\" \/>\n<script type=\"application\/ld+json\" class=\"yoast-schema-graph\">{\"@context\":\"https:\\\/\\\/schema.org\",\"@graph\":[{\"@type\":\"WebPage\",\"@id\":\"https:\\\/\\\/thelyflabs.com\\\/product\\\/kit-iguana-power-cartucho-de-stv-sativanol-1ml\",\"url\":\"https:\\\/\\\/thelyflabs.com\\\/product\\\/kit-iguana-power-cartucho-de-stv-sativanol-1ml\",\"name\":\"Kit Iguana Power + Cartucho de STV (Sativanol) 1ml - THE LYF LABS\",\"isPartOf\":{\"@id\":\"https:\\\/\\\/thelyflabs.com\\\/#website\"},\"primaryImageOfPage\":{\"@id\":\"https:\\\/\\\/thelyflabs.com\\\/product\\\/kit-iguana-power-cartucho-de-stv-sativanol-1ml#primaryimage\"},\"image\":{\"@id\":\"https:\\\/\\\/thelyflabs.com\\\/product\\\/kit-iguana-power-cartucho-de-stv-sativanol-1ml#primaryimage\"},\"thumbnailUrl\":\"https:\\\/\\\/thelyflabs.com\\\/wp-content\\\/uploads\\\/2025\\\/07\\\/Bateria-slim-Cartucho-STV-1ml.webp\",\"datePublished\":\"2025-07-21T13:36:20+00:00\",\"dateModified\":\"2026-03-19T14:21:36+00:00\",\"description\":\"Kit Iguana Power + Cartucho STV 1ml. Alto contenido en CBD. Ofrece a tus clientes una experiencia de vapeo premium. Vapers CBD para mayoristas.\",\"breadcrumb\":{\"@id\":\"https:\\\/\\\/thelyflabs.com\\\/product\\\/kit-iguana-power-cartucho-de-stv-sativanol-1ml#breadcrumb\"},\"inLanguage\":\"pt-PT\",\"potentialAction\":[{\"@type\":\"ReadAction\",\"target\":[\"https:\\\/\\\/thelyflabs.com\\\/product\\\/kit-iguana-power-cartucho-de-stv-sativanol-1ml\"]}]},{\"@type\":\"ImageObject\",\"inLanguage\":\"pt-PT\",\"@id\":\"https:\\\/\\\/thelyflabs.com\\\/product\\\/kit-iguana-power-cartucho-de-stv-sativanol-1ml#primaryimage\",\"url\":\"https:\\\/\\\/thelyflabs.com\\\/wp-content\\\/uploads\\\/2025\\\/07\\\/Bateria-slim-Cartucho-STV-1ml.webp\",\"contentUrl\":\"https:\\\/\\\/thelyflabs.com\\\/wp-content\\\/uploads\\\/2025\\\/07\\\/Bateria-slim-Cartucho-STV-1ml.webp\",\"width\":1000,\"height\":1000,\"caption\":\"cart stv\"},{\"@type\":\"BreadcrumbList\",\"@id\":\"https:\\\/\\\/thelyflabs.com\\\/product\\\/kit-iguana-power-cartucho-de-stv-sativanol-1ml#breadcrumb\",\"itemListElement\":[{\"@type\":\"ListItem\",\"position\":1,\"name\":\"Portada\",\"item\":\"https:\\\/\\\/thelyflabs.com\\\/\"},{\"@type\":\"ListItem\",\"position\":2,\"name\":\"Tienda\",\"item\":\"https:\\\/\\\/thelyflabs.com\\\/tienda\"},{\"@type\":\"ListItem\",\"position\":3,\"name\":\"Kit Iguana Power + Cartucho de STV (Sativanol) 1ml\"}]},{\"@type\":\"WebSite\",\"@id\":\"https:\\\/\\\/thelyflabs.com\\\/#website\",\"url\":\"https:\\\/\\\/thelyflabs.com\\\/\",\"name\":\"The LYF Labs\",\"description\":\"CBD al por mayor\",\"publisher\":{\"@id\":\"https:\\\/\\\/thelyflabs.com\\\/#organization\"},\"potentialAction\":[{\"@type\":\"SearchAction\",\"target\":{\"@type\":\"EntryPoint\",\"urlTemplate\":\"https:\\\/\\\/thelyflabs.com\\\/?s={search_term_string}\"},\"query-input\":{\"@type\":\"PropertyValueSpecification\",\"valueRequired\":true,\"valueName\":\"search_term_string\"}}],\"inLanguage\":\"pt-PT\"},{\"@type\":\"Organization\",\"@id\":\"https:\\\/\\\/thelyflabs.com\\\/#organization\",\"name\":\"The LYF Labs\",\"url\":\"https:\\\/\\\/thelyflabs.com\\\/\",\"logo\":{\"@type\":\"ImageObject\",\"inLanguage\":\"pt-PT\",\"@id\":\"https:\\\/\\\/thelyflabs.com\\\/#\\\/schema\\\/logo\\\/image\\\/\",\"url\":\"https:\\\/\\\/thelyflabs.com\\\/wp-content\\\/uploads\\\/2023\\\/01\\\/cropped-LogoTheLYFLabs.png\",\"contentUrl\":\"https:\\\/\\\/thelyflabs.com\\\/wp-content\\\/uploads\\\/2023\\\/01\\\/cropped-LogoTheLYFLabs.png\",\"width\":600,\"height\":180,\"caption\":\"The LYF Labs\"},\"image\":{\"@id\":\"https:\\\/\\\/thelyflabs.com\\\/#\\\/schema\\\/logo\\\/image\\\/\"}}]}<\/script>\n<!-- \/ Yoast SEO plugin. -->","yoast_head_json":{"title":"Kit Iguana Power + Cartucho de STV (Sativanol) 1ml - THE LYF LABS","description":"Kit Iguana Power + Cartucho STV 1ml. Alto contenido en CBD. Ofrece a tus clientes una experiencia de vapeo premium. Vapers CBD para mayoristas.","robots":{"index":"index","follow":"follow","max-snippet":"max-snippet:-1","max-image-preview":"max-image-preview:large","max-video-preview":"max-video-preview:-1"},"canonical":"https:\/\/thelyflabs.com\/pt\/product\/kit-iguana-power-cartucho-de-stv-sativanol-1ml\/","og_locale":"pt_PT","og_type":"article","og_title":"Kit Iguana Power + Cartucho de STV (Sativanol) 1ml - THE LYF LABS","og_description":"Kit Iguana Power + Cartucho STV 1ml. Alto contenido en CBD. Ofrece a tus clientes una experiencia de vapeo premium. Vapers CBD para mayoristas.","og_url":"https:\/\/thelyflabs.com\/pt\/product\/kit-iguana-power-cartucho-de-stv-sativanol-1ml\/","og_site_name":"THE LYF LABS","article_modified_time":"2026-03-19T14:21:36+00:00","og_image":[{"width":1000,"height":1000,"url":"https:\/\/thelyflabs.com\/wp-content\/uploads\/2025\/07\/Bateria-slim-Cartucho-STV-1ml.webp","type":"image\/webp"}],"twitter_card":"summary_large_image","twitter_misc":{"Tempo estimado de leitura":"2 minutos"},"schema":{"@context":"https:\/\/schema.org","@graph":[{"@type":"WebPage","@id":"https:\/\/thelyflabs.com\/product\/kit-iguana-power-cartucho-de-stv-sativanol-1ml","url":"https:\/\/thelyflabs.com\/product\/kit-iguana-power-cartucho-de-stv-sativanol-1ml","name":"Kit Iguana Power + Cartucho de STV (Sativanol) 1ml - THE LYF LABS","isPartOf":{"@id":"https:\/\/thelyflabs.com\/#website"},"primaryImageOfPage":{"@id":"https:\/\/thelyflabs.com\/product\/kit-iguana-power-cartucho-de-stv-sativanol-1ml#primaryimage"},"image":{"@id":"https:\/\/thelyflabs.com\/product\/kit-iguana-power-cartucho-de-stv-sativanol-1ml#primaryimage"},"thumbnailUrl":"https:\/\/thelyflabs.com\/wp-content\/uploads\/2025\/07\/Bateria-slim-Cartucho-STV-1ml.webp","datePublished":"2025-07-21T13:36:20+00:00","dateModified":"2026-03-19T14:21:36+00:00","description":"Kit Iguana Power + Cartucho STV 1ml. Alto contenido en CBD. Ofrece a tus clientes una experiencia de vapeo premium. Vapers CBD para mayoristas.","breadcrumb":{"@id":"https:\/\/thelyflabs.com\/product\/kit-iguana-power-cartucho-de-stv-sativanol-1ml#breadcrumb"},"inLanguage":"pt-PT","potentialAction":[{"@type":"ReadAction","target":["https:\/\/thelyflabs.com\/product\/kit-iguana-power-cartucho-de-stv-sativanol-1ml"]}]},{"@type":"ImageObject","inLanguage":"pt-PT","@id":"https:\/\/thelyflabs.com\/product\/kit-iguana-power-cartucho-de-stv-sativanol-1ml#primaryimage","url":"https:\/\/thelyflabs.com\/wp-content\/uploads\/2025\/07\/Bateria-slim-Cartucho-STV-1ml.webp","contentUrl":"https:\/\/thelyflabs.com\/wp-content\/uploads\/2025\/07\/Bateria-slim-Cartucho-STV-1ml.webp","width":1000,"height":1000,"caption":"cart stv"},{"@type":"BreadcrumbList","@id":"https:\/\/thelyflabs.com\/product\/kit-iguana-power-cartucho-de-stv-sativanol-1ml#breadcrumb","itemListElement":[{"@type":"ListItem","position":1,"name":"Portada","item":"https:\/\/thelyflabs.com\/"},{"@type":"ListItem","position":2,"name":"Tienda","item":"https:\/\/thelyflabs.com\/tienda"},{"@type":"ListItem","position":3,"name":"Kit Iguana Power + Cartucho de STV (Sativanol) 1ml"}]},{"@type":"WebSite","@id":"https:\/\/thelyflabs.com\/#website","url":"https:\/\/thelyflabs.com\/","name":"Os Laborat\u00f3rios LYF","description":"CBD atacado","publisher":{"@id":"https:\/\/thelyflabs.com\/#organization"},"potentialAction":[{"@type":"SearchAction","target":{"@type":"EntryPoint","urlTemplate":"https:\/\/thelyflabs.com\/?s={search_term_string}"},"query-input":{"@type":"PropertyValueSpecification","valueRequired":true,"valueName":"search_term_string"}}],"inLanguage":"pt-PT"},{"@type":"Organization","@id":"https:\/\/thelyflabs.com\/#organization","name":"Os Laborat\u00f3rios LYF","url":"https:\/\/thelyflabs.com\/","logo":{"@type":"ImageObject","inLanguage":"pt-PT","@id":"https:\/\/thelyflabs.com\/#\/schema\/logo\/image\/","url":"https:\/\/thelyflabs.com\/wp-content\/uploads\/2023\/01\/cropped-LogoTheLYFLabs.png","contentUrl":"https:\/\/thelyflabs.com\/wp-content\/uploads\/2023\/01\/cropped-LogoTheLYFLabs.png","width":600,"height":180,"caption":"The LYF Labs"},"image":{"@id":"https:\/\/thelyflabs.com\/#\/schema\/logo\/image\/"}}]}},"_links":{"self":[{"href":"https:\/\/thelyflabs.com\/pt\/wp-json\/wp\/v2\/product\/13053","targetHints":{"allow":["GET"]}}],"collection":[{"href":"https:\/\/thelyflabs.com\/pt\/wp-json\/wp\/v2\/product"}],"about":[{"href":"https:\/\/thelyflabs.com\/pt\/wp-json\/wp\/v2\/types\/product"}],"replies":[{"embeddable":true,"href":"https:\/\/thelyflabs.com\/pt\/wp-json\/wp\/v2\/comments?post=13053"}],"wp:featuredmedia":[{"embeddable":true,"href":"https:\/\/thelyflabs.com\/pt\/wp-json\/wp\/v2\/media\/13114"}],"wp:attachment":[{"href":"https:\/\/thelyflabs.com\/pt\/wp-json\/wp\/v2\/media?parent=13053"}],"wp:term":[{"taxonomy":"product_brand","embeddable":true,"href":"https:\/\/thelyflabs.com\/pt\/wp-json\/wp\/v2\/product_brand?post=13053"},{"taxonomy":"product_cat","embeddable":true,"href":"https:\/\/thelyflabs.com\/pt\/wp-json\/wp\/v2\/product_cat?post=13053"},{"taxonomy":"product_tag","embeddable":true,"href":"https:\/\/thelyflabs.com\/pt\/wp-json\/wp\/v2\/product_tag?post=13053"}],"curies":[{"name":"wp","href":"https:\/\/api.w.org\/{rel}","templated":true}]}}