{"id":13291,"date":"2025-07-30T02:05:06","date_gmt":"2025-07-30T00:05:06","guid":{"rendered":"https:\/\/thelyflabs.com\/?post_type=product&#038;p=13291"},"modified":"2026-03-19T15:21:11","modified_gmt":"2026-03-19T14:21:11","slug":"vaper-e8h-space-vape-gelato-2ml","status":"publish","type":"product","link":"https:\/\/thelyflabs.com\/pt\/product\/vaper-e8h-space-vape-gelato-2ml","title":{"rendered":"Vaper E8H 90% \u2013 Gelato Space Vape 2ml"},"content":{"rendered":"<h3 data-start=\"598\" data-end=\"698\"><strong data-start=\"602\" data-end=\"698\">Vaper E8H Space Vape 2ml \u2013 Vape descart\u00e1vel com sabor de gelato: o prazer de uma sobremesa de cannabis legalizada<\/strong><\/h3>\n<p data-start=\"700\" data-end=\"1034\">Mergulhe no sabor do E8H Space Vape Terpene Gelato 2ml, uma experi\u00eancia de vaporiza\u00e7\u00e3o doce e sofisticada inspirada na popular variedade Gelato. Com a avan\u00e7ada mol\u00e9cula E8H e um design compacto, este vaporizador combina a suavidade da sobremesa com notas terrosas e c\u00edtricas. N\u00e3o precisa de recargas \u2014 basta destampar e usar.<\/p>\n<h3>O que \u00e9 E8H?<\/h3>\n<p>Ele <b>E8H<\/b> O E8H \u00e9 um canabinoide sint\u00e9tico de \u00faltima gera\u00e7\u00e3o, desenvolvido para oferecer uma experi\u00eancia \u00fanica semelhante \u00e0 do HHC. Ao contr\u00e1rio de outros canabinoides, o E8H est\u00e1 na vanguarda da inova\u00e7\u00e3o, proporcionando uma sensa\u00e7\u00e3o \u00fanica. Seu desenvolvimento recente o posiciona dentro de um marco regulat\u00f3rio ainda em evolu\u00e7\u00e3o, abrindo novas possibilidades no mercado de vaporiza\u00e7\u00e3o.<\/p>\n<h3 data-start=\"1096\" data-end=\"1149\"><strong data-start=\"1100\" data-end=\"1149\">Este \u00e9 o seu sabor Gelato E8H Vape Descart\u00e1vel<\/strong><\/h3>\n<p data-start=\"1151\" data-end=\"1569\">Este vaporizador descart\u00e1vel E8H Space Vape com perfil de terpenos Gelato \u00e9 um dispositivo pr\u00e1tico e sofisticado, ideal para quem busca uma experi\u00eancia doce e arom\u00e1tica. Possui bateria de longa dura\u00e7\u00e3o e tanque pr\u00e9-preenchido de 2 ml que proporciona at\u00e9 600 tragadas. Sua f\u00f3rmula, baseada na mol\u00e9cula E8H e terpenos naturais, oferece um sabor cremoso e frutado com notas terrosas caracter\u00edsticas da variedade Gelato.<\/p>\n<p data-start=\"1571\" data-end=\"1926\">\u00c9 importante ressaltar que este produto \u00e9 totalmente isento de THC, HHC, THC-P e nicotina, bem como de aditivos desnecess\u00e1rios. Todos os nossos produtos s\u00e3o derivados de c\u00e2nhamo industrial certificado e cumprem rigorosamente as normas vigentes, mantendo um teor de THC inferior a 0,3%. Garantimos que n\u00e3o cont\u00eam canabinoides ilegais.<\/p>\n<h4><\/h4>\n<h4><strong>O que \u00e9 um vaporizador descart\u00e1vel?<\/strong><\/h4>\n<p>Os vapers descart\u00e1veis, tamb\u00e9m chamados de c\u00e1psulas descart\u00e1veis, vaporizadores descart\u00e1veis ou cigarros eletr\u00f4nicos, s\u00e3o dispositivos vaping do tipo \u201ccaneta\u201d muito confort\u00e1veis e pr\u00e1ticos, com bateria embutida desnecess\u00e1ria e com recipiente para o l\u00edquido vape. Nem a bateria nem o l\u00edquido precisam ser recarregados. S\u00e3o dispositivos projetados para atingir um determinado n\u00famero de baforadas que geralmente s\u00e3o especificadas na parte externa do produto.<\/p>\n<h4><strong>Voc\u00ea coloca o Space Vape?<\/strong><\/h4>\n<p>Assim como o THC, o E8H proporciona a muitas pessoas uma sensa\u00e7\u00e3o prazerosa ao ser consumido. Algumas pessoas relatam efeitos semelhantes aos de produtos convencionais com THC, mas n\u00e3o h\u00e1 dados suficientes para garantir que isso seja verdade. Tamb\u00e9m n\u00e3o h\u00e1 dados suficientes para saber se o uso de STV pode causar efeitos colaterais negativos ou mesmo a longo prazo.<\/p>\n<div class=\"ewd-ufaq-faq-body\">\n<p>No entanto, de acordo com a legisla\u00e7\u00e3o em vigor em Espanha, n\u00e3o incentivamos de forma alguma o uso ou ingest\u00e3o das subst\u00e2ncias acima mencionadas. N\u00e3o dirija ve\u00edculos motorizados ou opere m\u00e1quinas pesadas ap\u00f3s o consumo.<br \/>\nDestinado a fins industriais, t\u00e9cnicos e hort\u00edcolas.<\/p>\n<p>Este \u00e9 um produto colecion\u00e1vel. N\u00e3o para consumo direto ou fumo.<\/p>\n<\/div>\n<p>Este produto n\u00e3o cont\u00e9m canabinoides inclu\u00eddos no Anexo 1 do Real Decreto 2829\/1977, atualizado pela Portaria SND\/380\/2025, de 14 de abril, nem subst\u00e2ncias controladas pela Conven\u00e7\u00e3o \u00danica sobre Estupefacientes de 1961 e pela Conven\u00e7\u00e3o sobre Subst\u00e2ncias Psicotr\u00f3picas de 1971.<\/p>","protected":false},"excerpt":{"rendered":"<h4>E8H 90% Space Vape Sabor Gelato Vape Descart\u00e1vel<\/h4>\n<p>Cont\u00e9m E8H e aroma de Gelato.<\/p>\n<h5><strong>Caracteristicas<\/strong><\/h5>\n<ul>\n<li>Dimens\u00f5es: 105 mm x 24 mm x 11,2 mm<\/li>\n<li>Bateria: 380mAh<\/li>\n<li>Capacidade: 2ml<\/li>\n<li>Sopros: at\u00e9 600<\/li>\n<li>Terpenos naturais de alta qualidade<\/li>\n<li>E8H 90%<\/li>\n<li>THC: 0%<\/li>\n<li>HHC: 0%<\/li>\n<li>THC-P: 0%<\/li>\n<li>Nicotina: 0%<\/li>\n<li>N\u00e3o cont\u00e9m VG, PG, PEG, MCT ou quaisquer outros agentes cortantes<\/li>\n<\/ul>\n<p>Todos os nossos produtos s\u00e3o derivados de c\u00e2nhamo industrial certificado. Cont\u00eam menos de 0,3% de THC e n\u00e3o cont\u00eam canabinoides ilegais, como HHC, HHC-P, THCP, THCP-O, H4CBD ou qualquer um de seus derivados. Confira a <a href=\"https:\/\/iguanasmoke.com\/analiticas\/\">Certificado de An\u00e1lise aqui.<\/a><\/p>","protected":false},"featured_media":17155,"comment_status":"open","ping_status":"closed","template":"","meta":{"_acf_changed":false,"site-sidebar-layout":"default","site-content-layout":"","ast-site-content-layout":"default","site-content-style":"default","site-sidebar-style":"default","ast-global-header-display":"","ast-banner-title-visibility":"","ast-main-header-display":"","ast-hfb-above-header-display":"","ast-hfb-below-header-display":"","ast-hfb-mobile-header-display":"","site-post-title":"","ast-breadcrumbs-content":"","ast-featured-img":"","footer-sml-layout":"","theme-transparent-header-meta":"default","adv-header-id-meta":"","stick-header-meta":"","header-above-stick-meta":"","header-main-stick-meta":"","header-below-stick-meta":"","astra-migrate-meta-layouts":"set","ast-page-background-enabled":"default","ast-page-background-meta":{"desktop":{"background-color":"var(--ast-global-color-4)","background-image":"","background-repeat":"repeat","background-position":"center center","background-size":"auto","background-attachment":"scroll","background-type":"","background-media":"","overlay-type":"","overlay-color":"","overlay-opacity":"","overlay-gradient":""},"tablet":{"background-color":"","background-image":"","background-repeat":"repeat","background-position":"center center","background-size":"auto","background-attachment":"scroll","background-type":"","background-media":"","overlay-type":"","overlay-color":"","overlay-opacity":"","overlay-gradient":""},"mobile":{"background-color":"","background-image":"","background-repeat":"repeat","background-position":"center center","background-size":"auto","background-attachment":"scroll","background-type":"","background-media":"","overlay-type":"","overlay-color":"","overlay-opacity":"","overlay-gradient":""}},"ast-content-background-meta":{"desktop":{"background-color":"var(--ast-global-color-5)","background-image":"","background-repeat":"repeat","background-position":"center center","background-size":"auto","background-attachment":"scroll","background-type":"","background-media":"","overlay-type":"","overlay-color":"","overlay-opacity":"","overlay-gradient":""},"tablet":{"background-color":"var(--ast-global-color-5)","background-image":"","background-repeat":"repeat","background-position":"center center","background-size":"auto","background-attachment":"scroll","background-type":"","background-media":"","overlay-type":"","overlay-color":"","overlay-opacity":"","overlay-gradient":""},"mobile":{"background-color":"var(--ast-global-color-5)","background-image":"","background-repeat":"repeat","background-position":"center center","background-size":"auto","background-attachment":"scroll","background-type":"","background-media":"","overlay-type":"","overlay-color":"","overlay-opacity":"","overlay-gradient":""}}},"product_brand":[],"product_cat":[145,146],"product_tag":[],"class_list":{"0":"post-13291","1":"product","2":"type-product","3":"status-publish","4":"has-post-thumbnail","6":"product_cat-e8h","7":"product_cat-nuevas-moleculas","8":"desktop-align-center","9":"tablet-align-left","10":"mobile-align-left","12":"first","13":"instock","14":"taxable","15":"shipping-taxable","16":"purchasable","17":"product-type-simple"},"acf":[],"yoast_head":"<!-- This site is optimized with the Yoast SEO plugin v27.4 - https:\/\/yoast.com\/product\/yoast-seo-wordpress\/ -->\n<title>Vaper E8H 90% - Space Vape Gelato 2ml - THE LYF LABS<\/title>\n<meta name=\"description\" content=\"Vaper desechable Space Vape sabor Gelato con STV, CBD 40% y CBG 30%. Terpenos naturales, sin THC ni nicotina. Precio exclusivo para tiendas y mayoristas.\" \/>\n<meta name=\"robots\" content=\"index, follow, max-snippet:-1, max-image-preview:large, max-video-preview:-1\" \/>\n<link rel=\"canonical\" href=\"https:\/\/thelyflabs.com\/pt\/product\/vaper-e8h-space-vape-gelato-2ml\/\" \/>\n<meta property=\"og:locale\" content=\"pt_PT\" \/>\n<meta property=\"og:type\" content=\"article\" \/>\n<meta property=\"og:title\" content=\"Vaper E8H 90% - Space Vape Gelato 2ml - THE LYF LABS\" \/>\n<meta property=\"og:description\" content=\"Vaper desechable Space Vape sabor Gelato con STV, CBD 40% y CBG 30%. Terpenos naturales, sin THC ni nicotina. Precio exclusivo para tiendas y mayoristas.\" \/>\n<meta property=\"og:url\" content=\"https:\/\/thelyflabs.com\/pt\/product\/vaper-e8h-space-vape-gelato-2ml\/\" \/>\n<meta property=\"og:site_name\" content=\"THE LYF LABS\" \/>\n<meta property=\"article:modified_time\" content=\"2026-03-19T14:21:11+00:00\" \/>\n<meta property=\"og:image\" content=\"https:\/\/thelyflabs.com\/wp-content\/uploads\/2026\/03\/ktkyktyky.webp\" \/>\n\t<meta property=\"og:image:width\" content=\"1000\" \/>\n\t<meta property=\"og:image:height\" content=\"1000\" \/>\n\t<meta property=\"og:image:type\" content=\"image\/webp\" \/>\n<meta name=\"twitter:card\" content=\"summary_large_image\" \/>\n<meta name=\"twitter:label1\" content=\"Tempo estimado de leitura\" \/>\n\t<meta name=\"twitter:data1\" content=\"3 minutos\" \/>\n<script type=\"application\/ld+json\" class=\"yoast-schema-graph\">{\"@context\":\"https:\\\/\\\/schema.org\",\"@graph\":[{\"@type\":\"WebPage\",\"@id\":\"https:\\\/\\\/thelyflabs.com\\\/product\\\/vaper-e8h-space-vape-gelato-2ml\",\"url\":\"https:\\\/\\\/thelyflabs.com\\\/product\\\/vaper-e8h-space-vape-gelato-2ml\",\"name\":\"Vaper E8H 90% - Space Vape Gelato 2ml - THE LYF LABS\",\"isPartOf\":{\"@id\":\"https:\\\/\\\/thelyflabs.com\\\/#website\"},\"primaryImageOfPage\":{\"@id\":\"https:\\\/\\\/thelyflabs.com\\\/product\\\/vaper-e8h-space-vape-gelato-2ml#primaryimage\"},\"image\":{\"@id\":\"https:\\\/\\\/thelyflabs.com\\\/product\\\/vaper-e8h-space-vape-gelato-2ml#primaryimage\"},\"thumbnailUrl\":\"https:\\\/\\\/thelyflabs.com\\\/wp-content\\\/uploads\\\/2026\\\/03\\\/ktkyktyky.webp\",\"datePublished\":\"2025-07-30T00:05:06+00:00\",\"dateModified\":\"2026-03-19T14:21:11+00:00\",\"description\":\"Vaper desechable Space Vape sabor Gelato con STV, CBD 40% y CBG 30%. Terpenos naturales, sin THC ni nicotina. Precio exclusivo para tiendas y mayoristas.\",\"breadcrumb\":{\"@id\":\"https:\\\/\\\/thelyflabs.com\\\/product\\\/vaper-e8h-space-vape-gelato-2ml#breadcrumb\"},\"inLanguage\":\"pt-PT\",\"potentialAction\":[{\"@type\":\"ReadAction\",\"target\":[\"https:\\\/\\\/thelyflabs.com\\\/product\\\/vaper-e8h-space-vape-gelato-2ml\"]}]},{\"@type\":\"ImageObject\",\"inLanguage\":\"pt-PT\",\"@id\":\"https:\\\/\\\/thelyflabs.com\\\/product\\\/vaper-e8h-space-vape-gelato-2ml#primaryimage\",\"url\":\"https:\\\/\\\/thelyflabs.com\\\/wp-content\\\/uploads\\\/2026\\\/03\\\/ktkyktyky.webp\",\"contentUrl\":\"https:\\\/\\\/thelyflabs.com\\\/wp-content\\\/uploads\\\/2026\\\/03\\\/ktkyktyky.webp\",\"width\":1000,\"height\":1000,\"caption\":\"Caja m\u00e1s vaper azul Gelato 10-OH 2ml dcha\"},{\"@type\":\"BreadcrumbList\",\"@id\":\"https:\\\/\\\/thelyflabs.com\\\/product\\\/vaper-e8h-space-vape-gelato-2ml#breadcrumb\",\"itemListElement\":[{\"@type\":\"ListItem\",\"position\":1,\"name\":\"Portada\",\"item\":\"https:\\\/\\\/thelyflabs.com\\\/\"},{\"@type\":\"ListItem\",\"position\":2,\"name\":\"Tienda\",\"item\":\"https:\\\/\\\/thelyflabs.com\\\/tienda\"},{\"@type\":\"ListItem\",\"position\":3,\"name\":\"Vaper E8H 90% &#8211; Space Vape Gelato 2ml\"}]},{\"@type\":\"WebSite\",\"@id\":\"https:\\\/\\\/thelyflabs.com\\\/#website\",\"url\":\"https:\\\/\\\/thelyflabs.com\\\/\",\"name\":\"The LYF Labs\",\"description\":\"CBD al por mayor\",\"publisher\":{\"@id\":\"https:\\\/\\\/thelyflabs.com\\\/#organization\"},\"potentialAction\":[{\"@type\":\"SearchAction\",\"target\":{\"@type\":\"EntryPoint\",\"urlTemplate\":\"https:\\\/\\\/thelyflabs.com\\\/?s={search_term_string}\"},\"query-input\":{\"@type\":\"PropertyValueSpecification\",\"valueRequired\":true,\"valueName\":\"search_term_string\"}}],\"inLanguage\":\"pt-PT\"},{\"@type\":\"Organization\",\"@id\":\"https:\\\/\\\/thelyflabs.com\\\/#organization\",\"name\":\"The LYF Labs\",\"url\":\"https:\\\/\\\/thelyflabs.com\\\/\",\"logo\":{\"@type\":\"ImageObject\",\"inLanguage\":\"pt-PT\",\"@id\":\"https:\\\/\\\/thelyflabs.com\\\/#\\\/schema\\\/logo\\\/image\\\/\",\"url\":\"https:\\\/\\\/thelyflabs.com\\\/wp-content\\\/uploads\\\/2023\\\/01\\\/cropped-LogoTheLYFLabs.png\",\"contentUrl\":\"https:\\\/\\\/thelyflabs.com\\\/wp-content\\\/uploads\\\/2023\\\/01\\\/cropped-LogoTheLYFLabs.png\",\"width\":600,\"height\":180,\"caption\":\"The LYF Labs\"},\"image\":{\"@id\":\"https:\\\/\\\/thelyflabs.com\\\/#\\\/schema\\\/logo\\\/image\\\/\"}}]}<\/script>\n<!-- \/ Yoast SEO plugin. -->","yoast_head_json":{"title":"Vaper E8H 90% - Space Vape Gelato 2ml - THE LYF LABS","description":"Vaper desechable Space Vape sabor Gelato con STV, CBD 40% y CBG 30%. Terpenos naturales, sin THC ni nicotina. Precio exclusivo para tiendas y mayoristas.","robots":{"index":"index","follow":"follow","max-snippet":"max-snippet:-1","max-image-preview":"max-image-preview:large","max-video-preview":"max-video-preview:-1"},"canonical":"https:\/\/thelyflabs.com\/pt\/product\/vaper-e8h-space-vape-gelato-2ml\/","og_locale":"pt_PT","og_type":"article","og_title":"Vaper E8H 90% - Space Vape Gelato 2ml - THE LYF LABS","og_description":"Vaper desechable Space Vape sabor Gelato con STV, CBD 40% y CBG 30%. Terpenos naturales, sin THC ni nicotina. Precio exclusivo para tiendas y mayoristas.","og_url":"https:\/\/thelyflabs.com\/pt\/product\/vaper-e8h-space-vape-gelato-2ml\/","og_site_name":"THE LYF LABS","article_modified_time":"2026-03-19T14:21:11+00:00","og_image":[{"width":1000,"height":1000,"url":"https:\/\/thelyflabs.com\/wp-content\/uploads\/2026\/03\/ktkyktyky.webp","type":"image\/webp"}],"twitter_card":"summary_large_image","twitter_misc":{"Tempo estimado de leitura":"3 minutos"},"schema":{"@context":"https:\/\/schema.org","@graph":[{"@type":"WebPage","@id":"https:\/\/thelyflabs.com\/product\/vaper-e8h-space-vape-gelato-2ml","url":"https:\/\/thelyflabs.com\/product\/vaper-e8h-space-vape-gelato-2ml","name":"Vaper E8H 90% - Space Vape Gelato 2ml - THE LYF LABS","isPartOf":{"@id":"https:\/\/thelyflabs.com\/#website"},"primaryImageOfPage":{"@id":"https:\/\/thelyflabs.com\/product\/vaper-e8h-space-vape-gelato-2ml#primaryimage"},"image":{"@id":"https:\/\/thelyflabs.com\/product\/vaper-e8h-space-vape-gelato-2ml#primaryimage"},"thumbnailUrl":"https:\/\/thelyflabs.com\/wp-content\/uploads\/2026\/03\/ktkyktyky.webp","datePublished":"2025-07-30T00:05:06+00:00","dateModified":"2026-03-19T14:21:11+00:00","description":"Vaper desechable Space Vape sabor Gelato con STV, CBD 40% y CBG 30%. Terpenos naturales, sin THC ni nicotina. Precio exclusivo para tiendas y mayoristas.","breadcrumb":{"@id":"https:\/\/thelyflabs.com\/product\/vaper-e8h-space-vape-gelato-2ml#breadcrumb"},"inLanguage":"pt-PT","potentialAction":[{"@type":"ReadAction","target":["https:\/\/thelyflabs.com\/product\/vaper-e8h-space-vape-gelato-2ml"]}]},{"@type":"ImageObject","inLanguage":"pt-PT","@id":"https:\/\/thelyflabs.com\/product\/vaper-e8h-space-vape-gelato-2ml#primaryimage","url":"https:\/\/thelyflabs.com\/wp-content\/uploads\/2026\/03\/ktkyktyky.webp","contentUrl":"https:\/\/thelyflabs.com\/wp-content\/uploads\/2026\/03\/ktkyktyky.webp","width":1000,"height":1000,"caption":"Caja m\u00e1s vaper azul Gelato 10-OH 2ml dcha"},{"@type":"BreadcrumbList","@id":"https:\/\/thelyflabs.com\/product\/vaper-e8h-space-vape-gelato-2ml#breadcrumb","itemListElement":[{"@type":"ListItem","position":1,"name":"Portada","item":"https:\/\/thelyflabs.com\/"},{"@type":"ListItem","position":2,"name":"Tienda","item":"https:\/\/thelyflabs.com\/tienda"},{"@type":"ListItem","position":3,"name":"Vaper E8H 90% &#8211; Space Vape Gelato 2ml"}]},{"@type":"WebSite","@id":"https:\/\/thelyflabs.com\/#website","url":"https:\/\/thelyflabs.com\/","name":"Os Laborat\u00f3rios LYF","description":"CBD atacado","publisher":{"@id":"https:\/\/thelyflabs.com\/#organization"},"potentialAction":[{"@type":"SearchAction","target":{"@type":"EntryPoint","urlTemplate":"https:\/\/thelyflabs.com\/?s={search_term_string}"},"query-input":{"@type":"PropertyValueSpecification","valueRequired":true,"valueName":"search_term_string"}}],"inLanguage":"pt-PT"},{"@type":"Organization","@id":"https:\/\/thelyflabs.com\/#organization","name":"Os Laborat\u00f3rios LYF","url":"https:\/\/thelyflabs.com\/","logo":{"@type":"ImageObject","inLanguage":"pt-PT","@id":"https:\/\/thelyflabs.com\/#\/schema\/logo\/image\/","url":"https:\/\/thelyflabs.com\/wp-content\/uploads\/2023\/01\/cropped-LogoTheLYFLabs.png","contentUrl":"https:\/\/thelyflabs.com\/wp-content\/uploads\/2023\/01\/cropped-LogoTheLYFLabs.png","width":600,"height":180,"caption":"The LYF Labs"},"image":{"@id":"https:\/\/thelyflabs.com\/#\/schema\/logo\/image\/"}}]}},"_links":{"self":[{"href":"https:\/\/thelyflabs.com\/pt\/wp-json\/wp\/v2\/product\/13291","targetHints":{"allow":["GET"]}}],"collection":[{"href":"https:\/\/thelyflabs.com\/pt\/wp-json\/wp\/v2\/product"}],"about":[{"href":"https:\/\/thelyflabs.com\/pt\/wp-json\/wp\/v2\/types\/product"}],"replies":[{"embeddable":true,"href":"https:\/\/thelyflabs.com\/pt\/wp-json\/wp\/v2\/comments?post=13291"}],"wp:featuredmedia":[{"embeddable":true,"href":"https:\/\/thelyflabs.com\/pt\/wp-json\/wp\/v2\/media\/17155"}],"wp:attachment":[{"href":"https:\/\/thelyflabs.com\/pt\/wp-json\/wp\/v2\/media?parent=13291"}],"wp:term":[{"taxonomy":"product_brand","embeddable":true,"href":"https:\/\/thelyflabs.com\/pt\/wp-json\/wp\/v2\/product_brand?post=13291"},{"taxonomy":"product_cat","embeddable":true,"href":"https:\/\/thelyflabs.com\/pt\/wp-json\/wp\/v2\/product_cat?post=13291"},{"taxonomy":"product_tag","embeddable":true,"href":"https:\/\/thelyflabs.com\/pt\/wp-json\/wp\/v2\/product_tag?post=13291"}],"curies":[{"name":"wp","href":"https:\/\/api.w.org\/{rel}","templated":true}]}}