{"id":13451,"date":"2025-08-05T22:37:32","date_gmt":"2025-08-05T20:37:32","guid":{"rendered":"https:\/\/thelyflabs.com\/?post_type=product&#038;p=13451"},"modified":"2026-03-19T15:02:44","modified_gmt":"2026-03-19T14:02:44","slug":"vaper-10-oh-90-space-vape-amnesia-1ml","status":"publish","type":"product","link":"https:\/\/thelyflabs.com\/pt\/product\/vaper-10-oh-90-space-vape-amnesia-1ml","title":{"rendered":"Vaper 10-OH 90% Espa\u00e7o Vape Amnesia 1ml"},"content":{"rendered":"<h3><strong>Vaper Space Vape descart\u00e1vel com sabor de amn\u00e9sia 10-OH 90%<\/strong><\/h3>\n<p>Expanda seu estoque com a Caneta Vape Amnesia Space Vape 10-OH 90%, uma nova adi\u00e7\u00e3o ao mundo do CBD legalizado. Seu 10-OH 90% proporciona um efeito relaxante e discreto. Livre de THC e nicotina, esta caneta vape descart\u00e1vel \u00e9 f\u00e1cil de usar e apresenta o sabor inconfund\u00edvel da variedade Amnesia, a mais vendida.<\/p>\n<h4><\/h4>\n<h4><strong>O que \u00e9 10-OH?<\/strong><\/h4>\n<p>10-hidroxi \u00e9 uma mol\u00e9cula extra\u00edda da planta do c\u00e2nhamo, que \u00e9 criada durante a oxida\u00e7\u00e3o do HHC pelas enzimas do f\u00edgado. Foi descoberto na d\u00e9cada de 1980, mas s\u00f3 foi isolado em 2015, gra\u00e7as \u00e0 extra\u00e7\u00e3o e subsequente oxida\u00e7\u00e3o do hexahidrocanabinol.<\/p>\n<p>As esperan\u00e7as iniciais depositadas neste derivado eram de maior biodisponibilidade (ou seja, melhor assimila\u00e7\u00e3o pelo corpo) e maior potencial terap\u00eautico.<\/p>\n<p>Essa mol\u00e9cula ainda gera controv\u00e9rsia sobre seus efeitos. A priori, este canabin\u00f3ide interagiria particularmente com o\u00a0\u00a0<strong>Receptores CB1 e CB2 do sistema endocanabinoide\u00a0<\/strong>\u00a0do corpo humano, mas teria a\u00e7\u00f5es semelhantes \u00e0s do THC.<\/p>\n<p>As informa\u00e7\u00f5es que temos sobre 10 OH s\u00e3o baseadas em pesquisas insuficientes, bem como em suposi\u00e7\u00f5es e experi\u00eancias do consumidor. Lembre-se de que o HHC, do qual \u00e9 extra\u00eddo, est\u00e1 proibido na Fran\u00e7a desde 2023.<\/p>\n<h4>Controv\u00e9rsia em torno de 10 OH<\/h4>\n<p>De acordo com a ANSM, estudos mostraram que a estrutura qu\u00edmica do HHC \u00e9 semelhante \u00e0 do delta 9 THC, que \u00e9 classificado como narc\u00f3tico. Como 10 OH HHC \u00e9 um derivado de HHC, surge a quest\u00e3o da legalidade dessa mol\u00e9cula.<\/p>\n<p>Como lembrete, os produtos vendidos na Fran\u00e7a devem ter um n\u00edvel de THC inferior a 0,3 % para serem legais. Se os efeitos do 10-OH forem semelhantes, sua comercializa\u00e7\u00e3o dever\u00e1 logicamente ser proibida em breve.<\/p>\n<h4>Diferen\u00e7as entre 10 OH e outras mol\u00e9culas canabinoides<\/h4>\n<p>As mol\u00e9culas canabinoides extra\u00eddas da planta do c\u00e2nhamo geralmente apresentam semelhan\u00e7as, por\u00e9m suas diferen\u00e7as na estrutura qu\u00edmica lhes conferem diferen\u00e7as.<\/p>\n<p>10 OH e CBD s\u00e3o duas mol\u00e9culas com efeitos anti-inflamat\u00f3rios e analg\u00e9sicos, mas a primeira tem\u00a0 <strong>efeitos psicoativos que podem alterar a percep\u00e7\u00e3o da realidade<\/strong>\u00a0, ao contr\u00e1rio do CBD.<\/p>\n<p>Se compararmos essa mol\u00e9cula com o THC, seus efeitos psicoativos s\u00e3o semelhantes, mas s\u00e3o reduzidos por certos efeitos colaterais, como paranoia ou ansiedade. Portanto, a experi\u00eancia com o consumo de 10-OH \u00e9 mais leve.<\/p>\n<h4><strong>O que \u00e9 um vaporizador descart\u00e1vel?<\/strong><\/h4>\n<p>Vapes descart\u00e1veis, tamb\u00e9m conhecidos como pods descart\u00e1veis, vaporizadores descart\u00e1veis ou cigarros eletr\u00f4nicos, s\u00e3o dispositivos de vaporiza\u00e7\u00e3o do tipo &quot;caneta&quot; muito pr\u00e1ticos e convenientes, com bateria embutida e um recipiente para o juice. Nem a bateria nem o juice precisam ser recarregados. S\u00e3o dispositivos projetados para atingir um n\u00famero espec\u00edfico de tragadas, geralmente especificado na parte externa do produto.<\/p>\n<h4><strong>O Space Vape 10-OH deixa voc\u00ea chapado?<\/strong><\/h4>\n<p>Assim como o THC, o 10-OH proporciona a muitas pessoas uma sensa\u00e7\u00e3o prazerosa ao ser consumido. Algumas pessoas relatam efeitos semelhantes aos de produtos convencionais com THC, mas n\u00e3o h\u00e1 dados suficientes para garantir que isso seja verdade. Tamb\u00e9m n\u00e3o h\u00e1 dados suficientes para saber se o uso de 10-OH pode causar efeitos colaterais negativos ou mesmo a longo prazo.<\/p>\n<div class=\"ewd-ufaq-faq-body\">\n<p>No entanto, de acordo com a legisla\u00e7\u00e3o em vigor em Espanha, n\u00e3o incentivamos de forma alguma o uso ou ingest\u00e3o das subst\u00e2ncias acima mencionadas. N\u00e3o dirija ve\u00edculos motorizados ou opere m\u00e1quinas pesadas ap\u00f3s o consumo.<br \/>\nDestinado a fins industriais, t\u00e9cnicos e hort\u00edcolas.<\/p>\n<p>Este \u00e9 um produto colecion\u00e1vel. N\u00e3o para consumo direto ou fumo.<\/p>\n<\/div>\n<p>Este produto n\u00e3o cont\u00e9m canabinoides inclu\u00eddos no Anexo 1 do Real Decreto 2829\/1977, atualizado pela Portaria SND\/380\/2025, de 14 de abril, nem subst\u00e2ncias controladas pela Conven\u00e7\u00e3o \u00danica sobre Estupefacientes de 1961 e pela Conven\u00e7\u00e3o sobre Subst\u00e2ncias Psicotr\u00f3picas de 1971.<\/p>","protected":false},"excerpt":{"rendered":"<h4>10-OH Space Vape Sabor Amn\u00e9sia Vape Descart\u00e1vel<\/h4>\n<p>Cont\u00e9m 10-OH e aroma da variedade de cannabis Amnesia.<\/p>\n<h5><strong>Caracteristicas<\/strong><\/h5>\n<ul>\n<li>Dimens\u00f5es: 94 mm x 90 mm x 9 mm<\/li>\n<li>Bateria: 380mAh<\/li>\n<li>Capacidade: 1ml<\/li>\n<li>Sopros: at\u00e9 300<\/li>\n<\/ul>\n<ul>\n<li>Terpenos naturais de alta qualidade<\/li>\n<li>10-OH: 90%<\/li>\n<li>THC: 0%<\/li>\n<li>HHC: 0%<\/li>\n<li>THC-P: 0%<\/li>\n<li>Nicotina: 0%<\/li>\n<li>N\u00e3o cont\u00e9m VG, PG, PEG, MCT ou quaisquer outros agentes cortantes<\/li>\n<\/ul>\n<p>Todos os nossos produtos s\u00e3o derivados de c\u00e2nhamo industrial certificado. Cont\u00eam menos de 0,3% de THC e n\u00e3o cont\u00eam canabinoides ilegais, como HHC, HHC-P, THCP, THCP-O, H4CBD ou qualquer um de seus derivados. Veja a <a href=\"https:\/\/iguanasmoke.com\/analiticas\/\" target=\"_blank\" rel=\"noopener\">Certificado de An\u00e1lise aqui.<\/a><\/p>","protected":false},"featured_media":17047,"comment_status":"open","ping_status":"closed","template":"","meta":{"_acf_changed":false,"site-sidebar-layout":"default","site-content-layout":"","ast-site-content-layout":"default","site-content-style":"default","site-sidebar-style":"default","ast-global-header-display":"","ast-banner-title-visibility":"","ast-main-header-display":"","ast-hfb-above-header-display":"","ast-hfb-below-header-display":"","ast-hfb-mobile-header-display":"","site-post-title":"","ast-breadcrumbs-content":"","ast-featured-img":"","footer-sml-layout":"","theme-transparent-header-meta":"default","adv-header-id-meta":"","stick-header-meta":"","header-above-stick-meta":"","header-main-stick-meta":"","header-below-stick-meta":"","astra-migrate-meta-layouts":"set","ast-page-background-enabled":"default","ast-page-background-meta":{"desktop":{"background-color":"var(--ast-global-color-4)","background-image":"","background-repeat":"repeat","background-position":"center center","background-size":"auto","background-attachment":"scroll","background-type":"","background-media":"","overlay-type":"","overlay-color":"","overlay-opacity":"","overlay-gradient":""},"tablet":{"background-color":"","background-image":"","background-repeat":"repeat","background-position":"center center","background-size":"auto","background-attachment":"scroll","background-type":"","background-media":"","overlay-type":"","overlay-color":"","overlay-opacity":"","overlay-gradient":""},"mobile":{"background-color":"","background-image":"","background-repeat":"repeat","background-position":"center center","background-size":"auto","background-attachment":"scroll","background-type":"","background-media":"","overlay-type":"","overlay-color":"","overlay-opacity":"","overlay-gradient":""}},"ast-content-background-meta":{"desktop":{"background-color":"var(--ast-global-color-5)","background-image":"","background-repeat":"repeat","background-position":"center center","background-size":"auto","background-attachment":"scroll","background-type":"","background-media":"","overlay-type":"","overlay-color":"","overlay-opacity":"","overlay-gradient":""},"tablet":{"background-color":"var(--ast-global-color-5)","background-image":"","background-repeat":"repeat","background-position":"center center","background-size":"auto","background-attachment":"scroll","background-type":"","background-media":"","overlay-type":"","overlay-color":"","overlay-opacity":"","overlay-gradient":""},"mobile":{"background-color":"var(--ast-global-color-5)","background-image":"","background-repeat":"repeat","background-position":"center center","background-size":"auto","background-attachment":"scroll","background-type":"","background-media":"","overlay-type":"","overlay-color":"","overlay-opacity":"","overlay-gradient":""}}},"product_brand":[],"product_cat":[140,146],"product_tag":[],"class_list":{"0":"post-13451","1":"product","2":"type-product","3":"status-publish","4":"has-post-thumbnail","6":"product_cat-10oh","7":"product_cat-nuevas-moleculas","8":"desktop-align-center","9":"tablet-align-left","10":"mobile-align-left","12":"first","13":"instock","14":"taxable","15":"shipping-taxable","16":"purchasable","17":"product-type-simple"},"acf":[],"yoast_head":"<!-- This site is optimized with the Yoast SEO plugin v27.3 - https:\/\/yoast.com\/product\/yoast-seo-wordpress\/ -->\n<title>Vaper 10-OH 90% Space Vape Amnesia 1ml - THE LYF LABS<\/title>\n<meta name=\"description\" content=\"Venta al por mayor del Vaper 10-OH 90% Amnesia Space Vape. Ampl\u00eda tu inventario con la nueva generaci\u00f3n de cannabinoides. Descuentos para distribuidores.\" \/>\n<meta name=\"robots\" content=\"index, follow, max-snippet:-1, max-image-preview:large, max-video-preview:-1\" \/>\n<link rel=\"canonical\" href=\"https:\/\/thelyflabs.com\/pt\/product\/vaper-10-oh-90-space-vape-amnesia-1ml\/\" \/>\n<meta property=\"og:locale\" content=\"pt_PT\" \/>\n<meta property=\"og:type\" content=\"article\" \/>\n<meta property=\"og:title\" content=\"Vaper 10-OH 90% Space Vape Amnesia 1ml - THE LYF LABS\" \/>\n<meta property=\"og:description\" content=\"Venta al por mayor del Vaper 10-OH 90% Amnesia Space Vape. Ampl\u00eda tu inventario con la nueva generaci\u00f3n de cannabinoides. Descuentos para distribuidores.\" \/>\n<meta property=\"og:url\" content=\"https:\/\/thelyflabs.com\/pt\/product\/vaper-10-oh-90-space-vape-amnesia-1ml\/\" \/>\n<meta property=\"og:site_name\" content=\"THE LYF LABS\" \/>\n<meta property=\"article:modified_time\" content=\"2026-03-19T14:02:44+00:00\" \/>\n<meta property=\"og:image\" content=\"https:\/\/thelyflabs.com\/wp-content\/uploads\/2026\/03\/Bolsa-Space-Vape-Amnesia-10-OH-1ml-con-vape.webp\" \/>\n\t<meta property=\"og:image:width\" content=\"1000\" \/>\n\t<meta property=\"og:image:height\" content=\"1000\" \/>\n\t<meta property=\"og:image:type\" content=\"image\/webp\" \/>\n<meta name=\"twitter:card\" content=\"summary_large_image\" \/>\n<meta name=\"twitter:label1\" content=\"Tempo estimado de leitura\" \/>\n\t<meta name=\"twitter:data1\" content=\"4 minutos\" \/>\n<script type=\"application\/ld+json\" class=\"yoast-schema-graph\">{\"@context\":\"https:\\\/\\\/schema.org\",\"@graph\":[{\"@type\":\"WebPage\",\"@id\":\"https:\\\/\\\/thelyflabs.com\\\/product\\\/vaper-10-oh-90-space-vape-amnesia-1ml\",\"url\":\"https:\\\/\\\/thelyflabs.com\\\/product\\\/vaper-10-oh-90-space-vape-amnesia-1ml\",\"name\":\"Vaper 10-OH 90% Space Vape Amnesia 1ml - THE LYF LABS\",\"isPartOf\":{\"@id\":\"https:\\\/\\\/thelyflabs.com\\\/#website\"},\"primaryImageOfPage\":{\"@id\":\"https:\\\/\\\/thelyflabs.com\\\/product\\\/vaper-10-oh-90-space-vape-amnesia-1ml#primaryimage\"},\"image\":{\"@id\":\"https:\\\/\\\/thelyflabs.com\\\/product\\\/vaper-10-oh-90-space-vape-amnesia-1ml#primaryimage\"},\"thumbnailUrl\":\"https:\\\/\\\/thelyflabs.com\\\/wp-content\\\/uploads\\\/2026\\\/03\\\/Bolsa-Space-Vape-Amnesia-10-OH-1ml-con-vape.webp\",\"datePublished\":\"2025-08-05T20:37:32+00:00\",\"dateModified\":\"2026-03-19T14:02:44+00:00\",\"description\":\"Venta al por mayor del Vaper 10-OH 90% Amnesia Space Vape. Ampl\u00eda tu inventario con la nueva generaci\u00f3n de cannabinoides. Descuentos para distribuidores.\",\"breadcrumb\":{\"@id\":\"https:\\\/\\\/thelyflabs.com\\\/product\\\/vaper-10-oh-90-space-vape-amnesia-1ml#breadcrumb\"},\"inLanguage\":\"pt-PT\",\"potentialAction\":[{\"@type\":\"ReadAction\",\"target\":[\"https:\\\/\\\/thelyflabs.com\\\/product\\\/vaper-10-oh-90-space-vape-amnesia-1ml\"]}]},{\"@type\":\"ImageObject\",\"inLanguage\":\"pt-PT\",\"@id\":\"https:\\\/\\\/thelyflabs.com\\\/product\\\/vaper-10-oh-90-space-vape-amnesia-1ml#primaryimage\",\"url\":\"https:\\\/\\\/thelyflabs.com\\\/wp-content\\\/uploads\\\/2026\\\/03\\\/Bolsa-Space-Vape-Amnesia-10-OH-1ml-con-vape.webp\",\"contentUrl\":\"https:\\\/\\\/thelyflabs.com\\\/wp-content\\\/uploads\\\/2026\\\/03\\\/Bolsa-Space-Vape-Amnesia-10-OH-1ml-con-vape.webp\",\"width\":1000,\"height\":1000,\"caption\":\"Bolsa m\u00e1s vaper verde Amnesia STV 1 ml\"},{\"@type\":\"BreadcrumbList\",\"@id\":\"https:\\\/\\\/thelyflabs.com\\\/product\\\/vaper-10-oh-90-space-vape-amnesia-1ml#breadcrumb\",\"itemListElement\":[{\"@type\":\"ListItem\",\"position\":1,\"name\":\"Portada\",\"item\":\"https:\\\/\\\/thelyflabs.com\\\/\"},{\"@type\":\"ListItem\",\"position\":2,\"name\":\"Tienda\",\"item\":\"https:\\\/\\\/thelyflabs.com\\\/tienda\"},{\"@type\":\"ListItem\",\"position\":3,\"name\":\"Vaper 10-OH 90% Space Vape Amnesia 1ml\"}]},{\"@type\":\"WebSite\",\"@id\":\"https:\\\/\\\/thelyflabs.com\\\/#website\",\"url\":\"https:\\\/\\\/thelyflabs.com\\\/\",\"name\":\"The LYF Labs\",\"description\":\"CBD al por mayor\",\"publisher\":{\"@id\":\"https:\\\/\\\/thelyflabs.com\\\/#organization\"},\"potentialAction\":[{\"@type\":\"SearchAction\",\"target\":{\"@type\":\"EntryPoint\",\"urlTemplate\":\"https:\\\/\\\/thelyflabs.com\\\/?s={search_term_string}\"},\"query-input\":{\"@type\":\"PropertyValueSpecification\",\"valueRequired\":true,\"valueName\":\"search_term_string\"}}],\"inLanguage\":\"pt-PT\"},{\"@type\":\"Organization\",\"@id\":\"https:\\\/\\\/thelyflabs.com\\\/#organization\",\"name\":\"The LYF Labs\",\"url\":\"https:\\\/\\\/thelyflabs.com\\\/\",\"logo\":{\"@type\":\"ImageObject\",\"inLanguage\":\"pt-PT\",\"@id\":\"https:\\\/\\\/thelyflabs.com\\\/#\\\/schema\\\/logo\\\/image\\\/\",\"url\":\"https:\\\/\\\/thelyflabs.com\\\/wp-content\\\/uploads\\\/2023\\\/01\\\/cropped-LogoTheLYFLabs.png\",\"contentUrl\":\"https:\\\/\\\/thelyflabs.com\\\/wp-content\\\/uploads\\\/2023\\\/01\\\/cropped-LogoTheLYFLabs.png\",\"width\":600,\"height\":180,\"caption\":\"The LYF Labs\"},\"image\":{\"@id\":\"https:\\\/\\\/thelyflabs.com\\\/#\\\/schema\\\/logo\\\/image\\\/\"}}]}<\/script>\n<!-- \/ Yoast SEO plugin. -->","yoast_head_json":{"title":"Vaper 10-OH 90% Space Vape Amnesia 1ml - THE LYF LABS","description":"Venta al por mayor del Vaper 10-OH 90% Amnesia Space Vape. Ampl\u00eda tu inventario con la nueva generaci\u00f3n de cannabinoides. Descuentos para distribuidores.","robots":{"index":"index","follow":"follow","max-snippet":"max-snippet:-1","max-image-preview":"max-image-preview:large","max-video-preview":"max-video-preview:-1"},"canonical":"https:\/\/thelyflabs.com\/pt\/product\/vaper-10-oh-90-space-vape-amnesia-1ml\/","og_locale":"pt_PT","og_type":"article","og_title":"Vaper 10-OH 90% Space Vape Amnesia 1ml - THE LYF LABS","og_description":"Venta al por mayor del Vaper 10-OH 90% Amnesia Space Vape. Ampl\u00eda tu inventario con la nueva generaci\u00f3n de cannabinoides. Descuentos para distribuidores.","og_url":"https:\/\/thelyflabs.com\/pt\/product\/vaper-10-oh-90-space-vape-amnesia-1ml\/","og_site_name":"THE LYF LABS","article_modified_time":"2026-03-19T14:02:44+00:00","og_image":[{"width":1000,"height":1000,"url":"https:\/\/thelyflabs.com\/wp-content\/uploads\/2026\/03\/Bolsa-Space-Vape-Amnesia-10-OH-1ml-con-vape.webp","type":"image\/webp"}],"twitter_card":"summary_large_image","twitter_misc":{"Tempo estimado de leitura":"4 minutos"},"schema":{"@context":"https:\/\/schema.org","@graph":[{"@type":"WebPage","@id":"https:\/\/thelyflabs.com\/product\/vaper-10-oh-90-space-vape-amnesia-1ml","url":"https:\/\/thelyflabs.com\/product\/vaper-10-oh-90-space-vape-amnesia-1ml","name":"Vaper 10-OH 90% Space Vape Amnesia 1ml - THE LYF LABS","isPartOf":{"@id":"https:\/\/thelyflabs.com\/#website"},"primaryImageOfPage":{"@id":"https:\/\/thelyflabs.com\/product\/vaper-10-oh-90-space-vape-amnesia-1ml#primaryimage"},"image":{"@id":"https:\/\/thelyflabs.com\/product\/vaper-10-oh-90-space-vape-amnesia-1ml#primaryimage"},"thumbnailUrl":"https:\/\/thelyflabs.com\/wp-content\/uploads\/2026\/03\/Bolsa-Space-Vape-Amnesia-10-OH-1ml-con-vape.webp","datePublished":"2025-08-05T20:37:32+00:00","dateModified":"2026-03-19T14:02:44+00:00","description":"Venta al por mayor del Vaper 10-OH 90% Amnesia Space Vape. Ampl\u00eda tu inventario con la nueva generaci\u00f3n de cannabinoides. Descuentos para distribuidores.","breadcrumb":{"@id":"https:\/\/thelyflabs.com\/product\/vaper-10-oh-90-space-vape-amnesia-1ml#breadcrumb"},"inLanguage":"pt-PT","potentialAction":[{"@type":"ReadAction","target":["https:\/\/thelyflabs.com\/product\/vaper-10-oh-90-space-vape-amnesia-1ml"]}]},{"@type":"ImageObject","inLanguage":"pt-PT","@id":"https:\/\/thelyflabs.com\/product\/vaper-10-oh-90-space-vape-amnesia-1ml#primaryimage","url":"https:\/\/thelyflabs.com\/wp-content\/uploads\/2026\/03\/Bolsa-Space-Vape-Amnesia-10-OH-1ml-con-vape.webp","contentUrl":"https:\/\/thelyflabs.com\/wp-content\/uploads\/2026\/03\/Bolsa-Space-Vape-Amnesia-10-OH-1ml-con-vape.webp","width":1000,"height":1000,"caption":"Bolsa m\u00e1s vaper verde Amnesia STV 1 ml"},{"@type":"BreadcrumbList","@id":"https:\/\/thelyflabs.com\/product\/vaper-10-oh-90-space-vape-amnesia-1ml#breadcrumb","itemListElement":[{"@type":"ListItem","position":1,"name":"Portada","item":"https:\/\/thelyflabs.com\/"},{"@type":"ListItem","position":2,"name":"Tienda","item":"https:\/\/thelyflabs.com\/tienda"},{"@type":"ListItem","position":3,"name":"Vaper 10-OH 90% Space Vape Amnesia 1ml"}]},{"@type":"WebSite","@id":"https:\/\/thelyflabs.com\/#website","url":"https:\/\/thelyflabs.com\/","name":"Os Laborat\u00f3rios LYF","description":"CBD atacado","publisher":{"@id":"https:\/\/thelyflabs.com\/#organization"},"potentialAction":[{"@type":"SearchAction","target":{"@type":"EntryPoint","urlTemplate":"https:\/\/thelyflabs.com\/?s={search_term_string}"},"query-input":{"@type":"PropertyValueSpecification","valueRequired":true,"valueName":"search_term_string"}}],"inLanguage":"pt-PT"},{"@type":"Organization","@id":"https:\/\/thelyflabs.com\/#organization","name":"Os Laborat\u00f3rios LYF","url":"https:\/\/thelyflabs.com\/","logo":{"@type":"ImageObject","inLanguage":"pt-PT","@id":"https:\/\/thelyflabs.com\/#\/schema\/logo\/image\/","url":"https:\/\/thelyflabs.com\/wp-content\/uploads\/2023\/01\/cropped-LogoTheLYFLabs.png","contentUrl":"https:\/\/thelyflabs.com\/wp-content\/uploads\/2023\/01\/cropped-LogoTheLYFLabs.png","width":600,"height":180,"caption":"The LYF Labs"},"image":{"@id":"https:\/\/thelyflabs.com\/#\/schema\/logo\/image\/"}}]}},"_links":{"self":[{"href":"https:\/\/thelyflabs.com\/pt\/wp-json\/wp\/v2\/product\/13451","targetHints":{"allow":["GET"]}}],"collection":[{"href":"https:\/\/thelyflabs.com\/pt\/wp-json\/wp\/v2\/product"}],"about":[{"href":"https:\/\/thelyflabs.com\/pt\/wp-json\/wp\/v2\/types\/product"}],"replies":[{"embeddable":true,"href":"https:\/\/thelyflabs.com\/pt\/wp-json\/wp\/v2\/comments?post=13451"}],"wp:featuredmedia":[{"embeddable":true,"href":"https:\/\/thelyflabs.com\/pt\/wp-json\/wp\/v2\/media\/17047"}],"wp:attachment":[{"href":"https:\/\/thelyflabs.com\/pt\/wp-json\/wp\/v2\/media?parent=13451"}],"wp:term":[{"taxonomy":"product_brand","embeddable":true,"href":"https:\/\/thelyflabs.com\/pt\/wp-json\/wp\/v2\/product_brand?post=13451"},{"taxonomy":"product_cat","embeddable":true,"href":"https:\/\/thelyflabs.com\/pt\/wp-json\/wp\/v2\/product_cat?post=13451"},{"taxonomy":"product_tag","embeddable":true,"href":"https:\/\/thelyflabs.com\/pt\/wp-json\/wp\/v2\/product_tag?post=13451"}],"curies":[{"name":"wp","href":"https:\/\/api.w.org\/{rel}","templated":true}]}}