{"id":13477,"date":"2025-08-06T16:49:04","date_gmt":"2025-08-06T14:49:04","guid":{"rendered":"https:\/\/thelyflabs.com\/?post_type=product&#038;p=13477"},"modified":"2026-03-19T15:01:50","modified_gmt":"2026-03-19T14:01:50","slug":"pack-10-vapes-de-e8h-stv-o-10oh-space-vape-1ml","status":"publish","type":"product","link":"https:\/\/thelyflabs.com\/pt\/product\/pack-10-vapes-de-e8h-stv-o-10oh-space-vape-1ml","title":{"rendered":"Pacote com 10 Vapes de E8H, STV ou 10OH \u2013 Space Vape 1ml"},"content":{"rendered":"<h4>Pacote 10 <strong>Vaporizadores<\/strong>\u00a0 E8H, STV e 10-OH \u2013 Escolha o mais recente da Iguana Smoke<\/h4>\n<p>Apresentando os mais novos vapes da nossa cole\u00e7\u00e3o: os vapes Space Vape de 1 ml com E8H, STV e 10-OH. Agora em um pacote com 10 unidades, para que voc\u00ea possa escolher seus favoritos e ter a melhor experi\u00eancia de vaporiza\u00e7\u00e3o.<\/p>\n<h5>Descubra a nova gera\u00e7\u00e3o de vapers<\/h5>\n<p>Neste pacote de 10 vapes E8H, STV e 10-OH voc\u00ea pode escolher entre nossos dois tipos de vapers Space Vape:<\/p>\n<ul>\n<li>STV Vape: Eles s\u00e3o a joia da coroa da Iguana Smoke. Cada Space Vape vem com 40% de CBD e STV (Sativanol), um canabinoide que est\u00e1 gerando muita repercuss\u00e3o. Com 2 ml de l\u00edquido premium e os terpenos requintados da Cali Terpenes, voc\u00ea ter\u00e1 at\u00e9 600 tragadas sem nicotina ou THC.<\/li>\n<li>Vaper 10-OH: Explore o intrigante 10-OH (10-hidroxi), uma mol\u00e9cula de c\u00e2nhamo que est\u00e1 gerando muito interesse. A pesquisa \u00e9 limitada e seu status legal est\u00e1 em constante evolu\u00e7\u00e3o, mas seu perfil \u00e9 fascinante.<\/li>\n<\/ul>\n<h5>Diferentes sabores para escolher<\/h5>\n<p>Para tornar sua experi\u00eancia ainda melhor, o pacote com 10 Vapers E8H, STV e 10-OH traz uma sele\u00e7\u00e3o de sabores que voc\u00ea vai adorar:<\/p>\n<ul>\n<li>Amnesia: Com um perfil aut\u00eantico de cannabis que evoca notas terrosas e um toque picante caracter\u00edstico desta variedade popular.<\/li>\n<li>Gelato: Um sabor suave e doce de cannabis, com tons cremosos que lembram a famosa variedade.<\/li>\n<li>Gorilla Glue: Desfrute de um sabor de cannabis robusto e potente, com notas terrosas e de pinho que capturam a ess\u00eancia desta variedade lend\u00e1ria.<\/li>\n<li>Manga: Ex\u00f3tica e doce, com o inconfund\u00edvel sabor tropical da manga rec\u00e9m-madura.<\/li>\n<li>Lemon Haze: Vibrante e refrescante, com aroma intenso de lim\u00e3o e um toque c\u00edtrico que energiza.<\/li>\n<\/ul>\n<p>Pronto para escolher seus pr\u00f3ximos vapes favoritos da nova cole\u00e7\u00e3o da Iguana Smoke? Confira!<\/p>\n<h5>Design e conforto com o Iguana Smoke Seal<\/h5>\n<p>Nossos vapes descart\u00e1veis s\u00e3o a pura ess\u00eancia da Iguana Smoke: prontos para usar, recargas e manuten\u00e7\u00e3o sem complica\u00e7\u00f5es, al\u00e9m de um design moderno e elegante. S\u00e3o a escolha perfeita para o uso di\u00e1rio.<\/p>\n<h6>Informa\u00e7\u00f5es legais<\/h6>\n<p>De acordo com a legisla\u00e7\u00e3o espanhola, estes produtos n\u00e3o s\u00e3o para consumo humano. Destinam-se apenas ao uso industrial, t\u00e9cnico, hort\u00edcola ou de coleta. N\u00e3o dirija nem opere m\u00e1quinas pesadas ap\u00f3s o manuseio. As informa\u00e7\u00f5es sobre STV e 10-OH ainda s\u00e3o limitadas. Informamos que nossos produtos n\u00e3o cont\u00eam canabinoides controlados.<\/p>\n<p>Todos os nossos produtos s\u00e3o derivados de c\u00e2nhamo industrial certificado. Cont\u00eam menos de 0,3% de THC e s\u00e3o livres de canabinoides n\u00e3o autorizados, como HHC, HHC-P, THCP, THCP-O, H4CBD e derivados.<br \/>\nVerifique o <a href=\"https:\/\/iguanasmoke.com\/analiticas\/\">Certificado de An\u00e1lise aqui.<\/a><\/p>","protected":false},"excerpt":{"rendered":"<h4>Pacote descart\u00e1vel de Vape de E8H, STV ou 10-OH \u2013 Space Vape x 10 unidades<\/h4>\n<p>Escolha e combine seus vapers Space Vape com diferentes canabinoides STV, 10OH a 90% ou E8H a 90%<\/p>\n<h5><strong>Caracteristicas<\/strong><\/h5>\n<ul>\n<li>Economize \u20ac 2,50<\/li>\n<li>Frete gr\u00e1tis inclu\u00eddo no pre\u00e7o<\/li>\n<li>Receba \u20ac 15 em cr\u00e9ditos LYF na sua pr\u00f3xima compra<\/li>\n<li>Dimens\u00f5es: 105 mm x 24 mm x 11,2 mm<\/li>\n<li>Bateria: 380mAh<\/li>\n<li>Capacidade: 1ml<\/li>\n<li>Sopros: at\u00e9 300<\/li>\n<li>Terpenos naturais de alta qualidade<\/li>\n<li>CDB: 40%<\/li>\n<li>CBG: 30%<\/li>\n<li>STV (Sativanol)<\/li>\n<li>10-OH 90%<\/li>\n<li>THC: 0%<\/li>\n<li>HHC: 0%<\/li>\n<li>THC-P: 0%<\/li>\n<li>Nicotina: 0%<\/li>\n<li>N\u00e3o cont\u00e9m VG, PG, PEG, MCT ou quaisquer outros agentes de corte<\/li>\n<\/ul>","protected":false},"featured_media":13515,"comment_status":"open","ping_status":"closed","template":"","meta":{"_acf_changed":false,"site-sidebar-layout":"default","site-content-layout":"","ast-site-content-layout":"default","site-content-style":"default","site-sidebar-style":"default","ast-global-header-display":"","ast-banner-title-visibility":"","ast-main-header-display":"","ast-hfb-above-header-display":"","ast-hfb-below-header-display":"","ast-hfb-mobile-header-display":"","site-post-title":"","ast-breadcrumbs-content":"","ast-featured-img":"","footer-sml-layout":"","theme-transparent-header-meta":"default","adv-header-id-meta":"","stick-header-meta":"","header-above-stick-meta":"","header-main-stick-meta":"","header-below-stick-meta":"","astra-migrate-meta-layouts":"set","ast-page-background-enabled":"default","ast-page-background-meta":{"desktop":{"background-color":"var(--ast-global-color-4)","background-image":"","background-repeat":"repeat","background-position":"center center","background-size":"auto","background-attachment":"scroll","background-type":"","background-media":"","overlay-type":"","overlay-color":"","overlay-opacity":"","overlay-gradient":""},"tablet":{"background-color":"","background-image":"","background-repeat":"repeat","background-position":"center center","background-size":"auto","background-attachment":"scroll","background-type":"","background-media":"","overlay-type":"","overlay-color":"","overlay-opacity":"","overlay-gradient":""},"mobile":{"background-color":"","background-image":"","background-repeat":"repeat","background-position":"center center","background-size":"auto","background-attachment":"scroll","background-type":"","background-media":"","overlay-type":"","overlay-color":"","overlay-opacity":"","overlay-gradient":""}},"ast-content-background-meta":{"desktop":{"background-color":"var(--ast-global-color-5)","background-image":"","background-repeat":"repeat","background-position":"center center","background-size":"auto","background-attachment":"scroll","background-type":"","background-media":"","overlay-type":"","overlay-color":"","overlay-opacity":"","overlay-gradient":""},"tablet":{"background-color":"var(--ast-global-color-5)","background-image":"","background-repeat":"repeat","background-position":"center center","background-size":"auto","background-attachment":"scroll","background-type":"","background-media":"","overlay-type":"","overlay-color":"","overlay-opacity":"","overlay-gradient":""},"mobile":{"background-color":"var(--ast-global-color-5)","background-image":"","background-repeat":"repeat","background-position":"center center","background-size":"auto","background-attachment":"scroll","background-type":"","background-media":"","overlay-type":"","overlay-color":"","overlay-opacity":"","overlay-gradient":""}}},"product_brand":[],"product_cat":[140,145,40,146,102,143,138],"product_tag":[],"class_list":{"0":"post-13477","1":"product","2":"type-product","3":"status-publish","4":"has-post-thumbnail","6":"product_cat-10oh","7":"product_cat-e8h","8":"product_cat-iguanasmoke","9":"product_cat-nuevas-moleculas","10":"product_cat-packs-y-ofertas","11":"product_cat-stv","12":"product_cat-stv-sativanol","13":"desktop-align-center","14":"tablet-align-left","15":"mobile-align-left","17":"first","18":"instock","19":"sale","20":"taxable","21":"shipping-taxable","22":"purchasable","23":"product-type-composite"},"acf":[],"yoast_head":"<!-- This site is optimized with the Yoast SEO plugin v27.4 - https:\/\/yoast.com\/product\/yoast-seo-wordpress\/ -->\n<title>Pack 10 Vapes de E8H, STV o 10OH - Space Vape 1ml - THE LYF LABS<\/title>\n<meta name=\"description\" content=\"Compra el Pack de 10 vapes de STV y 10-OH desechables al por mayor. Al mejor precio y con una calidad inigualable. Ideal para profesionales y mayoristas.\" \/>\n<meta name=\"robots\" content=\"index, follow, max-snippet:-1, max-image-preview:large, max-video-preview:-1\" \/>\n<link rel=\"canonical\" href=\"https:\/\/thelyflabs.com\/pt\/product\/pack-10-vapes-de-e8h-stv-o-10oh-space-vape-1ml\/\" \/>\n<meta property=\"og:locale\" content=\"pt_PT\" \/>\n<meta property=\"og:type\" content=\"article\" \/>\n<meta property=\"og:title\" content=\"Pack 10 Vapes de E8H, STV o 10OH - Space Vape 1ml - THE LYF LABS\" \/>\n<meta property=\"og:description\" content=\"Compra el Pack de 10 vapes de STV y 10-OH desechables al por mayor. Al mejor precio y con una calidad inigualable. Ideal para profesionales y mayoristas.\" \/>\n<meta property=\"og:url\" content=\"https:\/\/thelyflabs.com\/pt\/product\/pack-10-vapes-de-e8h-stv-o-10oh-space-vape-1ml\/\" \/>\n<meta property=\"og:site_name\" content=\"THE LYF LABS\" \/>\n<meta property=\"article:modified_time\" content=\"2026-03-19T14:01:50+00:00\" \/>\n<meta property=\"og:image\" content=\"https:\/\/thelyflabs.com\/wp-content\/uploads\/2025\/08\/Pack-Space-Vape-10x-1ml-1.webp\" \/>\n\t<meta property=\"og:image:width\" content=\"1000\" \/>\n\t<meta property=\"og:image:height\" content=\"1000\" \/>\n\t<meta property=\"og:image:type\" content=\"image\/webp\" \/>\n<meta name=\"twitter:card\" content=\"summary_large_image\" \/>\n<meta name=\"twitter:label1\" content=\"Tempo estimado de leitura\" \/>\n\t<meta name=\"twitter:data1\" content=\"3 minutos\" \/>\n<script type=\"application\/ld+json\" class=\"yoast-schema-graph\">{\"@context\":\"https:\\\/\\\/schema.org\",\"@graph\":[{\"@type\":\"WebPage\",\"@id\":\"https:\\\/\\\/thelyflabs.com\\\/product\\\/pack-10-vapes-de-e8h-stv-o-10oh-space-vape-1ml\",\"url\":\"https:\\\/\\\/thelyflabs.com\\\/product\\\/pack-10-vapes-de-e8h-stv-o-10oh-space-vape-1ml\",\"name\":\"Pack 10 Vapes de E8H, STV o 10OH - Space Vape 1ml - THE LYF LABS\",\"isPartOf\":{\"@id\":\"https:\\\/\\\/thelyflabs.com\\\/#website\"},\"primaryImageOfPage\":{\"@id\":\"https:\\\/\\\/thelyflabs.com\\\/product\\\/pack-10-vapes-de-e8h-stv-o-10oh-space-vape-1ml#primaryimage\"},\"image\":{\"@id\":\"https:\\\/\\\/thelyflabs.com\\\/product\\\/pack-10-vapes-de-e8h-stv-o-10oh-space-vape-1ml#primaryimage\"},\"thumbnailUrl\":\"https:\\\/\\\/thelyflabs.com\\\/wp-content\\\/uploads\\\/2025\\\/08\\\/Pack-Space-Vape-10x-1ml-1.webp\",\"datePublished\":\"2025-08-06T14:49:04+00:00\",\"dateModified\":\"2026-03-19T14:01:50+00:00\",\"description\":\"Compra el Pack de 10 vapes de STV y 10-OH desechables al por mayor. Al mejor precio y con una calidad inigualable. Ideal para profesionales y mayoristas.\",\"breadcrumb\":{\"@id\":\"https:\\\/\\\/thelyflabs.com\\\/product\\\/pack-10-vapes-de-e8h-stv-o-10oh-space-vape-1ml#breadcrumb\"},\"inLanguage\":\"pt-PT\",\"potentialAction\":[{\"@type\":\"ReadAction\",\"target\":[\"https:\\\/\\\/thelyflabs.com\\\/product\\\/pack-10-vapes-de-e8h-stv-o-10oh-space-vape-1ml\"]}]},{\"@type\":\"ImageObject\",\"inLanguage\":\"pt-PT\",\"@id\":\"https:\\\/\\\/thelyflabs.com\\\/product\\\/pack-10-vapes-de-e8h-stv-o-10oh-space-vape-1ml#primaryimage\",\"url\":\"https:\\\/\\\/thelyflabs.com\\\/wp-content\\\/uploads\\\/2025\\\/08\\\/Pack-Space-Vape-10x-1ml-1.webp\",\"contentUrl\":\"https:\\\/\\\/thelyflabs.com\\\/wp-content\\\/uploads\\\/2025\\\/08\\\/Pack-Space-Vape-10x-1ml-1.webp\",\"width\":1000,\"height\":1000},{\"@type\":\"BreadcrumbList\",\"@id\":\"https:\\\/\\\/thelyflabs.com\\\/product\\\/pack-10-vapes-de-e8h-stv-o-10oh-space-vape-1ml#breadcrumb\",\"itemListElement\":[{\"@type\":\"ListItem\",\"position\":1,\"name\":\"Portada\",\"item\":\"https:\\\/\\\/thelyflabs.com\\\/\"},{\"@type\":\"ListItem\",\"position\":2,\"name\":\"Tienda\",\"item\":\"https:\\\/\\\/thelyflabs.com\\\/tienda\"},{\"@type\":\"ListItem\",\"position\":3,\"name\":\"Pack 10 Vapes de E8H, STV o 10OH &#8211; Space Vape 1ml\"}]},{\"@type\":\"WebSite\",\"@id\":\"https:\\\/\\\/thelyflabs.com\\\/#website\",\"url\":\"https:\\\/\\\/thelyflabs.com\\\/\",\"name\":\"The LYF Labs\",\"description\":\"CBD al por mayor\",\"publisher\":{\"@id\":\"https:\\\/\\\/thelyflabs.com\\\/#organization\"},\"potentialAction\":[{\"@type\":\"SearchAction\",\"target\":{\"@type\":\"EntryPoint\",\"urlTemplate\":\"https:\\\/\\\/thelyflabs.com\\\/?s={search_term_string}\"},\"query-input\":{\"@type\":\"PropertyValueSpecification\",\"valueRequired\":true,\"valueName\":\"search_term_string\"}}],\"inLanguage\":\"pt-PT\"},{\"@type\":\"Organization\",\"@id\":\"https:\\\/\\\/thelyflabs.com\\\/#organization\",\"name\":\"The LYF Labs\",\"url\":\"https:\\\/\\\/thelyflabs.com\\\/\",\"logo\":{\"@type\":\"ImageObject\",\"inLanguage\":\"pt-PT\",\"@id\":\"https:\\\/\\\/thelyflabs.com\\\/#\\\/schema\\\/logo\\\/image\\\/\",\"url\":\"https:\\\/\\\/thelyflabs.com\\\/wp-content\\\/uploads\\\/2023\\\/01\\\/cropped-LogoTheLYFLabs.png\",\"contentUrl\":\"https:\\\/\\\/thelyflabs.com\\\/wp-content\\\/uploads\\\/2023\\\/01\\\/cropped-LogoTheLYFLabs.png\",\"width\":600,\"height\":180,\"caption\":\"The LYF Labs\"},\"image\":{\"@id\":\"https:\\\/\\\/thelyflabs.com\\\/#\\\/schema\\\/logo\\\/image\\\/\"}}]}<\/script>\n<!-- \/ Yoast SEO plugin. -->","yoast_head_json":{"title":"Pack 10 Vapes de E8H, STV o 10OH - Space Vape 1ml - THE LYF LABS","description":"Compra el Pack de 10 vapes de STV y 10-OH desechables al por mayor. Al mejor precio y con una calidad inigualable. Ideal para profesionales y mayoristas.","robots":{"index":"index","follow":"follow","max-snippet":"max-snippet:-1","max-image-preview":"max-image-preview:large","max-video-preview":"max-video-preview:-1"},"canonical":"https:\/\/thelyflabs.com\/pt\/product\/pack-10-vapes-de-e8h-stv-o-10oh-space-vape-1ml\/","og_locale":"pt_PT","og_type":"article","og_title":"Pack 10 Vapes de E8H, STV o 10OH - Space Vape 1ml - THE LYF LABS","og_description":"Compra el Pack de 10 vapes de STV y 10-OH desechables al por mayor. Al mejor precio y con una calidad inigualable. Ideal para profesionales y mayoristas.","og_url":"https:\/\/thelyflabs.com\/pt\/product\/pack-10-vapes-de-e8h-stv-o-10oh-space-vape-1ml\/","og_site_name":"THE LYF LABS","article_modified_time":"2026-03-19T14:01:50+00:00","og_image":[{"width":1000,"height":1000,"url":"https:\/\/thelyflabs.com\/wp-content\/uploads\/2025\/08\/Pack-Space-Vape-10x-1ml-1.webp","type":"image\/webp"}],"twitter_card":"summary_large_image","twitter_misc":{"Tempo estimado de leitura":"3 minutos"},"schema":{"@context":"https:\/\/schema.org","@graph":[{"@type":"WebPage","@id":"https:\/\/thelyflabs.com\/product\/pack-10-vapes-de-e8h-stv-o-10oh-space-vape-1ml","url":"https:\/\/thelyflabs.com\/product\/pack-10-vapes-de-e8h-stv-o-10oh-space-vape-1ml","name":"Pack 10 Vapes de E8H, STV o 10OH - Space Vape 1ml - THE LYF LABS","isPartOf":{"@id":"https:\/\/thelyflabs.com\/#website"},"primaryImageOfPage":{"@id":"https:\/\/thelyflabs.com\/product\/pack-10-vapes-de-e8h-stv-o-10oh-space-vape-1ml#primaryimage"},"image":{"@id":"https:\/\/thelyflabs.com\/product\/pack-10-vapes-de-e8h-stv-o-10oh-space-vape-1ml#primaryimage"},"thumbnailUrl":"https:\/\/thelyflabs.com\/wp-content\/uploads\/2025\/08\/Pack-Space-Vape-10x-1ml-1.webp","datePublished":"2025-08-06T14:49:04+00:00","dateModified":"2026-03-19T14:01:50+00:00","description":"Compra el Pack de 10 vapes de STV y 10-OH desechables al por mayor. Al mejor precio y con una calidad inigualable. Ideal para profesionales y mayoristas.","breadcrumb":{"@id":"https:\/\/thelyflabs.com\/product\/pack-10-vapes-de-e8h-stv-o-10oh-space-vape-1ml#breadcrumb"},"inLanguage":"pt-PT","potentialAction":[{"@type":"ReadAction","target":["https:\/\/thelyflabs.com\/product\/pack-10-vapes-de-e8h-stv-o-10oh-space-vape-1ml"]}]},{"@type":"ImageObject","inLanguage":"pt-PT","@id":"https:\/\/thelyflabs.com\/product\/pack-10-vapes-de-e8h-stv-o-10oh-space-vape-1ml#primaryimage","url":"https:\/\/thelyflabs.com\/wp-content\/uploads\/2025\/08\/Pack-Space-Vape-10x-1ml-1.webp","contentUrl":"https:\/\/thelyflabs.com\/wp-content\/uploads\/2025\/08\/Pack-Space-Vape-10x-1ml-1.webp","width":1000,"height":1000},{"@type":"BreadcrumbList","@id":"https:\/\/thelyflabs.com\/product\/pack-10-vapes-de-e8h-stv-o-10oh-space-vape-1ml#breadcrumb","itemListElement":[{"@type":"ListItem","position":1,"name":"Portada","item":"https:\/\/thelyflabs.com\/"},{"@type":"ListItem","position":2,"name":"Tienda","item":"https:\/\/thelyflabs.com\/tienda"},{"@type":"ListItem","position":3,"name":"Pack 10 Vapes de E8H, STV o 10OH &#8211; Space Vape 1ml"}]},{"@type":"WebSite","@id":"https:\/\/thelyflabs.com\/#website","url":"https:\/\/thelyflabs.com\/","name":"Os Laborat\u00f3rios LYF","description":"CBD atacado","publisher":{"@id":"https:\/\/thelyflabs.com\/#organization"},"potentialAction":[{"@type":"SearchAction","target":{"@type":"EntryPoint","urlTemplate":"https:\/\/thelyflabs.com\/?s={search_term_string}"},"query-input":{"@type":"PropertyValueSpecification","valueRequired":true,"valueName":"search_term_string"}}],"inLanguage":"pt-PT"},{"@type":"Organization","@id":"https:\/\/thelyflabs.com\/#organization","name":"Os Laborat\u00f3rios LYF","url":"https:\/\/thelyflabs.com\/","logo":{"@type":"ImageObject","inLanguage":"pt-PT","@id":"https:\/\/thelyflabs.com\/#\/schema\/logo\/image\/","url":"https:\/\/thelyflabs.com\/wp-content\/uploads\/2023\/01\/cropped-LogoTheLYFLabs.png","contentUrl":"https:\/\/thelyflabs.com\/wp-content\/uploads\/2023\/01\/cropped-LogoTheLYFLabs.png","width":600,"height":180,"caption":"The LYF Labs"},"image":{"@id":"https:\/\/thelyflabs.com\/#\/schema\/logo\/image\/"}}]}},"_links":{"self":[{"href":"https:\/\/thelyflabs.com\/pt\/wp-json\/wp\/v2\/product\/13477","targetHints":{"allow":["GET"]}}],"collection":[{"href":"https:\/\/thelyflabs.com\/pt\/wp-json\/wp\/v2\/product"}],"about":[{"href":"https:\/\/thelyflabs.com\/pt\/wp-json\/wp\/v2\/types\/product"}],"replies":[{"embeddable":true,"href":"https:\/\/thelyflabs.com\/pt\/wp-json\/wp\/v2\/comments?post=13477"}],"wp:featuredmedia":[{"embeddable":true,"href":"https:\/\/thelyflabs.com\/pt\/wp-json\/wp\/v2\/media\/13515"}],"wp:attachment":[{"href":"https:\/\/thelyflabs.com\/pt\/wp-json\/wp\/v2\/media?parent=13477"}],"wp:term":[{"taxonomy":"product_brand","embeddable":true,"href":"https:\/\/thelyflabs.com\/pt\/wp-json\/wp\/v2\/product_brand?post=13477"},{"taxonomy":"product_cat","embeddable":true,"href":"https:\/\/thelyflabs.com\/pt\/wp-json\/wp\/v2\/product_cat?post=13477"},{"taxonomy":"product_tag","embeddable":true,"href":"https:\/\/thelyflabs.com\/pt\/wp-json\/wp\/v2\/product_tag?post=13477"}],"curies":[{"name":"wp","href":"https:\/\/api.w.org\/{rel}","templated":true}]}}