{"id":14060,"date":"2025-09-11T17:08:07","date_gmt":"2025-09-11T15:08:07","guid":{"rendered":"https:\/\/thelyflabs.com\/?post_type=product&#038;p=14060"},"modified":"2026-04-08T11:49:48","modified_gmt":"2026-04-08T09:49:48","slug":"cartucho-desechable-e8h-90-lemon-haze-2ml","status":"publish","type":"product","link":"https:\/\/thelyflabs.com\/pt\/product\/cartucho-desechable-e8h-90-lemon-haze-2ml","title":{"rendered":"Cartucho descart\u00e1vel E8H 90% \u2013 Lemon Haze 2ml"},"content":{"rendered":"<h2><b>Cartucho E8H 90% Aroma de N\u00e9voa de Lim\u00e3o Frutado: A Sensa\u00e7\u00e3o C\u00edtrica de Paz<\/b><\/h2>\n<p>Ele <b>Cartucho descart\u00e1vel E8H<\/b> com o aroma de <b>N\u00e9voa de Lim\u00e3o<\/b> \u00c9 uma \u00f3tima escolha se voc\u00ea procura um vape para qualquer momento de relaxamento. Este cartucho oferece uma onda de aromas c\u00edtricos que, juntamente com a mol\u00e9cula E8H, transformar\u00e3o sua experi\u00eancia de vaporiza\u00e7\u00e3o em algo incr\u00edvel. Basta conectar seu <b>Cartucho E8H<\/b> com o aroma de <b>N\u00e9voa de Lim\u00e3o<\/b> \u00e0 sua bateria 510 e prepare-se para desfrutar de um sabor t\u00e3o puro que far\u00e1 voc\u00ea sentir a brisa de um campo de lim\u00e3o.<\/p>\n<p>&nbsp;<\/p>\n<h3><b>O que \u00e9 E8H?<\/b><\/h3>\n<p>Nosso <b>Cartuchos descart\u00e1veis E8H<\/b> Eles cont\u00eam 90% desta mol\u00e9cula de \u00faltima gera\u00e7\u00e3o que est\u00e1 definindo o padr\u00e3o no mundo do vaping. Projetado para oferecer uma experi\u00eancia \u00fanica, o E8H proporciona uma sensa\u00e7\u00e3o singular, diferente de qualquer outro canabinoide. Sua f\u00f3rmula inovadora o coloca na vanguarda, abrindo um novo universo de possibilidades.<\/p>\n<p>&nbsp;<\/p>\n<h3><b>Perfil de aroma de Lemon Haze: um sabor que te prende<\/b><\/h3>\n<p>A tens\u00e3o <b>N\u00e9voa de Lim\u00e3o<\/b>\u00a0 O CBD \u00e9 lend\u00e1rio por seu sabor e aroma inconfund\u00edveis, uma mistura refrescante de notas c\u00edtricas e picantes. Seu perfil de aroma foi cuidadosamente selecionado para recriar essa experi\u00eancia em seu <b>Cartucho E8H aroma Lemon Haze<\/b>.<\/p>\n<p>&nbsp;<\/p>\n<h3><b>O que \u00e9 um cartucho descart\u00e1vel para vaporizador?<\/b><\/h3>\n<p>Nosso <b>cartuchos descart\u00e1veis<\/b> Eles s\u00e3o a op\u00e7\u00e3o mais pr\u00e1tica para vaporizar, pois s\u00e3o pequenos recipientes pr\u00e9-preenchidos com l\u00edquido que se conectam a qualquer bateria 510. Esque\u00e7a a recarga: basta conect\u00e1-los e desfrutar de 300 a 600 tragadas, dependendo do formato de 1 ml ou 2 ml que voc\u00ea escolher. \u00c9 a maneira mais f\u00e1cil de trocar de sabor e levar para qualquer lugar.<\/p>\n<p>&nbsp;<\/p>\n<h3><b>O cartucho E8H 90% Lemon Haze deixa voc\u00ea chapado?<\/b><\/h3>\n<p>Assim como o THC, o E8H proporciona a muitas pessoas uma sensa\u00e7\u00e3o agrad\u00e1vel. Algumas pessoas relatam efeitos semelhantes aos de produtos convencionais com THC, mas n\u00e3o h\u00e1 dados suficientes para garantir isso. Tamb\u00e9m n\u00e3o h\u00e1 dados suficientes para saber se o consumo de E8H pode causar efeitos colaterais negativos ou efeitos a longo prazo. No entanto, de acordo com a legisla\u00e7\u00e3o espanhola vigente, n\u00e3o incentivamos de forma alguma o uso ou a ingest\u00e3o das subst\u00e2ncias mencionadas. Voc\u00ea n\u00e3o deve dirigir ve\u00edculos motorizados ou operar m\u00e1quinas pesadas ap\u00f3s o consumo.<\/p>\n<p>&nbsp;<\/p>\n<h3><b>Este \u00e9 o seu cartucho descart\u00e1vel E8H Lemon Haze: Clareza e pot\u00eancia em cada tragada<\/b><\/h3>\n<p>Cada tragada do <b>Cartucho E8H<\/b> com o aroma de <b>N\u00e9voa de Lim\u00e3o<\/b> \u00c9 uma jornada para uma experi\u00eancia intensa, mas sem comprometer a clareza. Nossa f\u00f3rmula cont\u00e9m 90% de E8H e \u00e9 100% pura, livre de THC, HHC, THC-P e nicotina. Derivado de c\u00e2nhamo industrial certificado, este produto cumpre rigorosamente as normas e mant\u00e9m um teor de THC inferior a 0,3%.<\/p>\n<h6>Uma f\u00f3rmula limpa<\/h6>\n<p>Este produto \u00e9 totalmente isento de THC, HHC, THC-P e nicotina, bem como de aditivos desnecess\u00e1rios. Todos os nossos produtos s\u00e3o derivados de c\u00e2nhamo industrial certificado e cumprem rigorosamente as normas vigentes, mantendo um teor de THC inferior a 0,3%. Garantimos que n\u00e3o cont\u00eam canabinoides ilegais.<\/p>\n<hr \/>\n<p><em>Destinado a fins industriais, t\u00e9cnicos e hort\u00edcolas.<\/em><\/p>\n<p><em>Isto \u00e9 um <b>item de colecionador<\/b>. N\u00e3o deve ser consumido diretamente ou fumado.<\/em><\/p>\n<p><em>Este produto n\u00e3o cont\u00e9m canabinoides inclu\u00eddos no Anexo 1 do Real Decreto 2829\/1977, atualizado pela Portaria SND\/380\/2025, de 14 de abril, nem subst\u00e2ncias controladas pela Conven\u00e7\u00e3o \u00danica sobre Estupefacientes de 1961 e pela Conven\u00e7\u00e3o sobre Subst\u00e2ncias Psicotr\u00f3picas de 1971.<\/em><\/p>","protected":false},"excerpt":{"rendered":"<h4>Caracteristicas<\/h4>\n<ul>\n<li>Sabor Fruity Lemon Haze<\/li>\n<li>Tipo de conex\u00e3o da bateria 510<\/li>\n<li>Capacidade: 2ml<\/li>\n<li>Tragadas: 600<\/li>\n<li>Aromas naturais de alta qualidade<\/li>\n<li>E8H para 90%<\/li>\n<li>THC: 0%, HHC: 0%, THC-P: 0%, Nicotina: 0%<\/li>\n<li>N\u00e3o cont\u00e9m VG, PG, PEG, MCT ou outros agentes de corte.<\/li>\n<li>Produto legal para estudo ou cole\u00e7\u00e3o.<\/li>\n<li>Verifique o<a href=\"https:\/\/iguanasmoke.com\/analiticas\/\"> An\u00e1lise de qualidade aqui.<\/a><\/li>\n<\/ul>","protected":false},"featured_media":14063,"comment_status":"open","ping_status":"closed","template":"","meta":{"_acf_changed":false,"site-sidebar-layout":"default","site-content-layout":"","ast-site-content-layout":"default","site-content-style":"default","site-sidebar-style":"default","ast-global-header-display":"","ast-banner-title-visibility":"","ast-main-header-display":"","ast-hfb-above-header-display":"","ast-hfb-below-header-display":"","ast-hfb-mobile-header-display":"","site-post-title":"","ast-breadcrumbs-content":"","ast-featured-img":"","footer-sml-layout":"","theme-transparent-header-meta":"default","adv-header-id-meta":"","stick-header-meta":"","header-above-stick-meta":"","header-main-stick-meta":"","header-below-stick-meta":"","astra-migrate-meta-layouts":"set","ast-page-background-enabled":"default","ast-page-background-meta":{"desktop":{"background-color":"var(--ast-global-color-4)","background-image":"","background-repeat":"repeat","background-position":"center center","background-size":"auto","background-attachment":"scroll","background-type":"","background-media":"","overlay-type":"","overlay-color":"","overlay-opacity":"","overlay-gradient":""},"tablet":{"background-color":"","background-image":"","background-repeat":"repeat","background-position":"center center","background-size":"auto","background-attachment":"scroll","background-type":"","background-media":"","overlay-type":"","overlay-color":"","overlay-opacity":"","overlay-gradient":""},"mobile":{"background-color":"","background-image":"","background-repeat":"repeat","background-position":"center center","background-size":"auto","background-attachment":"scroll","background-type":"","background-media":"","overlay-type":"","overlay-color":"","overlay-opacity":"","overlay-gradient":""}},"ast-content-background-meta":{"desktop":{"background-color":"var(--ast-global-color-5)","background-image":"","background-repeat":"repeat","background-position":"center center","background-size":"auto","background-attachment":"scroll","background-type":"","background-media":"","overlay-type":"","overlay-color":"","overlay-opacity":"","overlay-gradient":""},"tablet":{"background-color":"var(--ast-global-color-5)","background-image":"","background-repeat":"repeat","background-position":"center center","background-size":"auto","background-attachment":"scroll","background-type":"","background-media":"","overlay-type":"","overlay-color":"","overlay-opacity":"","overlay-gradient":""},"mobile":{"background-color":"var(--ast-global-color-5)","background-image":"","background-repeat":"repeat","background-position":"center center","background-size":"auto","background-attachment":"scroll","background-type":"","background-media":"","overlay-type":"","overlay-color":"","overlay-opacity":"","overlay-gradient":""}}},"product_brand":[],"product_cat":[91,142,145,146],"product_tag":[],"class_list":{"0":"post-14060","1":"product","2":"type-product","3":"status-publish","4":"has-post-thumbnail","6":"product_cat-cartuchos","7":"product_cat-cartuchos-vapers-cbd","8":"product_cat-e8h","9":"product_cat-nuevas-moleculas","10":"desktop-align-center","11":"tablet-align-left","12":"mobile-align-left","14":"first","15":"outofstock","16":"taxable","17":"shipping-taxable","18":"purchasable","19":"product-type-simple"},"acf":[],"yoast_head":"<!-- This site is optimized with the Yoast SEO plugin v27.4 - https:\/\/yoast.com\/product\/yoast-seo-wordpress\/ -->\n<title>Cartucho desechable E8H 90% - Lemon Haze 2ml - THE LYF LABS<\/title>\n<meta name=\"description\" content=\"Cartucho desechable con E8H al 90% Lemon 2ml. Compra cartuchos E8H y CBD para vapers recargables. Descuentos para tienda, mayoristas y distribuidores.\" \/>\n<meta name=\"robots\" content=\"index, follow, max-snippet:-1, max-image-preview:large, max-video-preview:-1\" \/>\n<link rel=\"canonical\" href=\"https:\/\/thelyflabs.com\/pt\/product\/cartucho-desechable-e8h-90-lemon-haze-2ml\/\" \/>\n<meta property=\"og:locale\" content=\"pt_PT\" \/>\n<meta property=\"og:type\" content=\"article\" \/>\n<meta property=\"og:title\" content=\"Cartucho desechable E8H 90% - Lemon Haze 2ml - THE LYF LABS\" \/>\n<meta property=\"og:description\" content=\"Cartucho desechable con E8H al 90% Lemon 2ml. Compra cartuchos E8H y CBD para vapers recargables. Descuentos para tienda, mayoristas y distribuidores.\" \/>\n<meta property=\"og:url\" content=\"https:\/\/thelyflabs.com\/pt\/product\/cartucho-desechable-e8h-90-lemon-haze-2ml\/\" \/>\n<meta property=\"og:site_name\" content=\"THE LYF LABS\" \/>\n<meta property=\"article:modified_time\" content=\"2026-04-08T09:49:48+00:00\" \/>\n<meta property=\"og:image\" content=\"https:\/\/thelyflabs.com\/wp-content\/uploads\/2025\/09\/Bolsa-Cart-Lemon-Haze-2025-E8H-con-cartucho-1.webp\" \/>\n\t<meta property=\"og:image:width\" content=\"1000\" \/>\n\t<meta property=\"og:image:height\" content=\"1000\" \/>\n\t<meta property=\"og:image:type\" content=\"image\/webp\" \/>\n<meta name=\"twitter:card\" content=\"summary_large_image\" \/>\n<meta name=\"twitter:label1\" content=\"Tempo estimado de leitura\" \/>\n\t<meta name=\"twitter:data1\" content=\"3 minutos\" \/>\n<script type=\"application\/ld+json\" class=\"yoast-schema-graph\">{\"@context\":\"https:\\\/\\\/schema.org\",\"@graph\":[{\"@type\":\"WebPage\",\"@id\":\"https:\\\/\\\/thelyflabs.com\\\/product\\\/cartucho-desechable-e8h-90-lemon-haze-2ml\",\"url\":\"https:\\\/\\\/thelyflabs.com\\\/product\\\/cartucho-desechable-e8h-90-lemon-haze-2ml\",\"name\":\"Cartucho desechable E8H 90% - Lemon Haze 2ml - THE LYF LABS\",\"isPartOf\":{\"@id\":\"https:\\\/\\\/thelyflabs.com\\\/#website\"},\"primaryImageOfPage\":{\"@id\":\"https:\\\/\\\/thelyflabs.com\\\/product\\\/cartucho-desechable-e8h-90-lemon-haze-2ml#primaryimage\"},\"image\":{\"@id\":\"https:\\\/\\\/thelyflabs.com\\\/product\\\/cartucho-desechable-e8h-90-lemon-haze-2ml#primaryimage\"},\"thumbnailUrl\":\"https:\\\/\\\/thelyflabs.com\\\/wp-content\\\/uploads\\\/2025\\\/09\\\/Bolsa-Cart-Lemon-Haze-2025-E8H-con-cartucho-1.webp\",\"datePublished\":\"2025-09-11T15:08:07+00:00\",\"dateModified\":\"2026-04-08T09:49:48+00:00\",\"description\":\"Cartucho desechable con E8H al 90% Lemon 2ml. Compra cartuchos E8H y CBD para vapers recargables. Descuentos para tienda, mayoristas y distribuidores.\",\"breadcrumb\":{\"@id\":\"https:\\\/\\\/thelyflabs.com\\\/product\\\/cartucho-desechable-e8h-90-lemon-haze-2ml#breadcrumb\"},\"inLanguage\":\"pt-PT\",\"potentialAction\":[{\"@type\":\"ReadAction\",\"target\":[\"https:\\\/\\\/thelyflabs.com\\\/product\\\/cartucho-desechable-e8h-90-lemon-haze-2ml\"]}]},{\"@type\":\"ImageObject\",\"inLanguage\":\"pt-PT\",\"@id\":\"https:\\\/\\\/thelyflabs.com\\\/product\\\/cartucho-desechable-e8h-90-lemon-haze-2ml#primaryimage\",\"url\":\"https:\\\/\\\/thelyflabs.com\\\/wp-content\\\/uploads\\\/2025\\\/09\\\/Bolsa-Cart-Lemon-Haze-2025-E8H-con-cartucho-1.webp\",\"contentUrl\":\"https:\\\/\\\/thelyflabs.com\\\/wp-content\\\/uploads\\\/2025\\\/09\\\/Bolsa-Cart-Lemon-Haze-2025-E8H-con-cartucho-1.webp\",\"width\":1000,\"height\":1000,\"caption\":\"cartucho e8h lemon haze 2ml\"},{\"@type\":\"BreadcrumbList\",\"@id\":\"https:\\\/\\\/thelyflabs.com\\\/product\\\/cartucho-desechable-e8h-90-lemon-haze-2ml#breadcrumb\",\"itemListElement\":[{\"@type\":\"ListItem\",\"position\":1,\"name\":\"Portada\",\"item\":\"https:\\\/\\\/thelyflabs.com\\\/\"},{\"@type\":\"ListItem\",\"position\":2,\"name\":\"Tienda\",\"item\":\"https:\\\/\\\/thelyflabs.com\\\/tienda\"},{\"@type\":\"ListItem\",\"position\":3,\"name\":\"Cartucho desechable E8H 90% &#8211; Lemon Haze 2ml\"}]},{\"@type\":\"WebSite\",\"@id\":\"https:\\\/\\\/thelyflabs.com\\\/#website\",\"url\":\"https:\\\/\\\/thelyflabs.com\\\/\",\"name\":\"The LYF Labs\",\"description\":\"CBD al por mayor\",\"publisher\":{\"@id\":\"https:\\\/\\\/thelyflabs.com\\\/#organization\"},\"potentialAction\":[{\"@type\":\"SearchAction\",\"target\":{\"@type\":\"EntryPoint\",\"urlTemplate\":\"https:\\\/\\\/thelyflabs.com\\\/?s={search_term_string}\"},\"query-input\":{\"@type\":\"PropertyValueSpecification\",\"valueRequired\":true,\"valueName\":\"search_term_string\"}}],\"inLanguage\":\"pt-PT\"},{\"@type\":\"Organization\",\"@id\":\"https:\\\/\\\/thelyflabs.com\\\/#organization\",\"name\":\"The LYF Labs\",\"url\":\"https:\\\/\\\/thelyflabs.com\\\/\",\"logo\":{\"@type\":\"ImageObject\",\"inLanguage\":\"pt-PT\",\"@id\":\"https:\\\/\\\/thelyflabs.com\\\/#\\\/schema\\\/logo\\\/image\\\/\",\"url\":\"https:\\\/\\\/thelyflabs.com\\\/wp-content\\\/uploads\\\/2023\\\/01\\\/cropped-LogoTheLYFLabs.png\",\"contentUrl\":\"https:\\\/\\\/thelyflabs.com\\\/wp-content\\\/uploads\\\/2023\\\/01\\\/cropped-LogoTheLYFLabs.png\",\"width\":600,\"height\":180,\"caption\":\"The LYF Labs\"},\"image\":{\"@id\":\"https:\\\/\\\/thelyflabs.com\\\/#\\\/schema\\\/logo\\\/image\\\/\"}}]}<\/script>\n<!-- \/ Yoast SEO plugin. -->","yoast_head_json":{"title":"Cartucho desechable E8H 90% - Lemon Haze 2ml - THE LYF LABS","description":"Cartucho desechable con E8H al 90% Lemon 2ml. Compra cartuchos E8H y CBD para vapers recargables. Descuentos para tienda, mayoristas y distribuidores.","robots":{"index":"index","follow":"follow","max-snippet":"max-snippet:-1","max-image-preview":"max-image-preview:large","max-video-preview":"max-video-preview:-1"},"canonical":"https:\/\/thelyflabs.com\/pt\/product\/cartucho-desechable-e8h-90-lemon-haze-2ml\/","og_locale":"pt_PT","og_type":"article","og_title":"Cartucho desechable E8H 90% - Lemon Haze 2ml - THE LYF LABS","og_description":"Cartucho desechable con E8H al 90% Lemon 2ml. Compra cartuchos E8H y CBD para vapers recargables. Descuentos para tienda, mayoristas y distribuidores.","og_url":"https:\/\/thelyflabs.com\/pt\/product\/cartucho-desechable-e8h-90-lemon-haze-2ml\/","og_site_name":"THE LYF LABS","article_modified_time":"2026-04-08T09:49:48+00:00","og_image":[{"width":1000,"height":1000,"url":"https:\/\/thelyflabs.com\/wp-content\/uploads\/2025\/09\/Bolsa-Cart-Lemon-Haze-2025-E8H-con-cartucho-1.webp","type":"image\/webp"}],"twitter_card":"summary_large_image","twitter_misc":{"Tempo estimado de leitura":"3 minutos"},"schema":{"@context":"https:\/\/schema.org","@graph":[{"@type":"WebPage","@id":"https:\/\/thelyflabs.com\/product\/cartucho-desechable-e8h-90-lemon-haze-2ml","url":"https:\/\/thelyflabs.com\/product\/cartucho-desechable-e8h-90-lemon-haze-2ml","name":"Cartucho desechable E8H 90% - Lemon Haze 2ml - THE LYF LABS","isPartOf":{"@id":"https:\/\/thelyflabs.com\/#website"},"primaryImageOfPage":{"@id":"https:\/\/thelyflabs.com\/product\/cartucho-desechable-e8h-90-lemon-haze-2ml#primaryimage"},"image":{"@id":"https:\/\/thelyflabs.com\/product\/cartucho-desechable-e8h-90-lemon-haze-2ml#primaryimage"},"thumbnailUrl":"https:\/\/thelyflabs.com\/wp-content\/uploads\/2025\/09\/Bolsa-Cart-Lemon-Haze-2025-E8H-con-cartucho-1.webp","datePublished":"2025-09-11T15:08:07+00:00","dateModified":"2026-04-08T09:49:48+00:00","description":"Cartucho desechable con E8H al 90% Lemon 2ml. Compra cartuchos E8H y CBD para vapers recargables. Descuentos para tienda, mayoristas y distribuidores.","breadcrumb":{"@id":"https:\/\/thelyflabs.com\/product\/cartucho-desechable-e8h-90-lemon-haze-2ml#breadcrumb"},"inLanguage":"pt-PT","potentialAction":[{"@type":"ReadAction","target":["https:\/\/thelyflabs.com\/product\/cartucho-desechable-e8h-90-lemon-haze-2ml"]}]},{"@type":"ImageObject","inLanguage":"pt-PT","@id":"https:\/\/thelyflabs.com\/product\/cartucho-desechable-e8h-90-lemon-haze-2ml#primaryimage","url":"https:\/\/thelyflabs.com\/wp-content\/uploads\/2025\/09\/Bolsa-Cart-Lemon-Haze-2025-E8H-con-cartucho-1.webp","contentUrl":"https:\/\/thelyflabs.com\/wp-content\/uploads\/2025\/09\/Bolsa-Cart-Lemon-Haze-2025-E8H-con-cartucho-1.webp","width":1000,"height":1000,"caption":"cartucho e8h lemon haze 2ml"},{"@type":"BreadcrumbList","@id":"https:\/\/thelyflabs.com\/product\/cartucho-desechable-e8h-90-lemon-haze-2ml#breadcrumb","itemListElement":[{"@type":"ListItem","position":1,"name":"Portada","item":"https:\/\/thelyflabs.com\/"},{"@type":"ListItem","position":2,"name":"Tienda","item":"https:\/\/thelyflabs.com\/tienda"},{"@type":"ListItem","position":3,"name":"Cartucho desechable E8H 90% &#8211; Lemon Haze 2ml"}]},{"@type":"WebSite","@id":"https:\/\/thelyflabs.com\/#website","url":"https:\/\/thelyflabs.com\/","name":"Os Laborat\u00f3rios LYF","description":"CBD atacado","publisher":{"@id":"https:\/\/thelyflabs.com\/#organization"},"potentialAction":[{"@type":"SearchAction","target":{"@type":"EntryPoint","urlTemplate":"https:\/\/thelyflabs.com\/?s={search_term_string}"},"query-input":{"@type":"PropertyValueSpecification","valueRequired":true,"valueName":"search_term_string"}}],"inLanguage":"pt-PT"},{"@type":"Organization","@id":"https:\/\/thelyflabs.com\/#organization","name":"Os Laborat\u00f3rios LYF","url":"https:\/\/thelyflabs.com\/","logo":{"@type":"ImageObject","inLanguage":"pt-PT","@id":"https:\/\/thelyflabs.com\/#\/schema\/logo\/image\/","url":"https:\/\/thelyflabs.com\/wp-content\/uploads\/2023\/01\/cropped-LogoTheLYFLabs.png","contentUrl":"https:\/\/thelyflabs.com\/wp-content\/uploads\/2023\/01\/cropped-LogoTheLYFLabs.png","width":600,"height":180,"caption":"The LYF Labs"},"image":{"@id":"https:\/\/thelyflabs.com\/#\/schema\/logo\/image\/"}}]}},"_links":{"self":[{"href":"https:\/\/thelyflabs.com\/pt\/wp-json\/wp\/v2\/product\/14060","targetHints":{"allow":["GET"]}}],"collection":[{"href":"https:\/\/thelyflabs.com\/pt\/wp-json\/wp\/v2\/product"}],"about":[{"href":"https:\/\/thelyflabs.com\/pt\/wp-json\/wp\/v2\/types\/product"}],"replies":[{"embeddable":true,"href":"https:\/\/thelyflabs.com\/pt\/wp-json\/wp\/v2\/comments?post=14060"}],"wp:featuredmedia":[{"embeddable":true,"href":"https:\/\/thelyflabs.com\/pt\/wp-json\/wp\/v2\/media\/14063"}],"wp:attachment":[{"href":"https:\/\/thelyflabs.com\/pt\/wp-json\/wp\/v2\/media?parent=14060"}],"wp:term":[{"taxonomy":"product_brand","embeddable":true,"href":"https:\/\/thelyflabs.com\/pt\/wp-json\/wp\/v2\/product_brand?post=14060"},{"taxonomy":"product_cat","embeddable":true,"href":"https:\/\/thelyflabs.com\/pt\/wp-json\/wp\/v2\/product_cat?post=14060"},{"taxonomy":"product_tag","embeddable":true,"href":"https:\/\/thelyflabs.com\/pt\/wp-json\/wp\/v2\/product_tag?post=14060"}],"curies":[{"name":"wp","href":"https:\/\/api.w.org\/{rel}","templated":true}]}}