{"id":14071,"date":"2025-09-11T17:09:56","date_gmt":"2025-09-11T15:09:56","guid":{"rendered":"https:\/\/thelyflabs.com\/?post_type=product&#038;p=14071"},"modified":"2026-03-19T14:48:19","modified_gmt":"2026-03-19T13:48:19","slug":"cartucho-desechable-e8h-90-gelato-1ml","status":"publish","type":"product","link":"https:\/\/thelyflabs.com\/pt\/product\/cartucho-desechable-e8h-90-gelato-1ml","title":{"rendered":"Cartucho descart\u00e1vel E8H 90% \u2013 Gelato 1ml"},"content":{"rendered":"<h2>Cartucho Gelato E8H 90% \u2013 Cartucho de CBD descart\u00e1vel com sabor de gelato: Descubra a do\u00e7ura da cannabis legal<\/h2>\n<p>Descubra o <b>Cartucho descart\u00e1vel de terpeno Gelato E8H<\/b>, projetado para uma experi\u00eancia de vaporiza\u00e7\u00e3o que vai al\u00e9m. Inspirado no aclamado perfil arom\u00e1tico da variedade CBD <b>Sorvete<\/b>, este cartucho n\u00e3o \u00e9 um cartucho qualquer: ele \u00e9 carregado com a mol\u00e9cula inovadora 90% <b>E8H<\/b> para lhe oferecer uma sensa\u00e7\u00e3o intensa, envolvente e totalmente \u00fanica.<\/p>\n<p>Se voc\u00ea procura um sabor doce e herbal de cannabis com notas cremosas e um toque de sobremesa para equilibrar seus sentidos, voc\u00ea veio ao lugar certo. O Cartucho Descart\u00e1vel Gelato E8H \u00e9 t\u00e3o simples que voc\u00ea vai adorar: basta conect\u00e1-lo \u00e0 sua bateria 510 e mergulhar em uma nova dimens\u00e3o de sabor e relaxamento.<\/p>\n<p>&nbsp;<\/p>\n<h3>O que \u00e9 E8H?<\/h3>\n<p>Nossos cartuchos E8H cont\u00eam 90% desta mol\u00e9cula semissint\u00e9tica de \u00faltima gera\u00e7\u00e3o. O E8H foi projetado para oferecer uma experi\u00eancia \u00fanica, semelhante \u00e0 do HHC. Diferentemente do que voc\u00ea j\u00e1 conhece, esta mol\u00e9cula de ponta oferece uma experi\u00eancia singular que redefine as expectativas. Seu desenvolvimento recente a coloca dentro de um quadro regulat\u00f3rio em constante evolu\u00e7\u00e3o, abrindo novas possibilidades no mundo do vaping.<\/p>\n<p>&nbsp;<\/p>\n<h3>Perfil de terpeno do gelato<\/h3>\n<p>A tens\u00e3o <b>Sorvete<\/b>Larry Bird, tamb\u00e9m conhecida como Larry Bird, \u00e9 uma das variedades de cannabis mais populares do mundo, reconhecida por seu aroma doce e frutado, com notas cremosas que lembram uma sobremesa. Esta combina\u00e7\u00e3o \u00fanica de terpenos cria uma experi\u00eancia arom\u00e1tica deliciosa e equilibrada:<\/p>\n<ul>\n<li><b>Cariofileno:<\/b> Com notas picantes e amadeiradas que proporcionam uma base s\u00f3lida e um toque de calma.<\/li>\n<li><b>Limoneno:<\/b> C\u00edtrico, que acrescenta uma nota brilhante e eleva o perfil de sabor.<\/li>\n<li><b>Mirceno:<\/b> Herbal e doce, suaviza a mistura e proporciona um toque relaxante.<\/li>\n<\/ul>\n<p>O resultado final \u00e9 um cartucho de sabor herbal e cremoso, com um toque frutado, ideal para qualquer hora do dia.<\/p>\n<p>&nbsp;<\/p>\n<h3>O que \u00e9 um cartucho descart\u00e1vel para vaporizador?<\/h3>\n<p>Cartuchos para vaporizadores, tamb\u00e9m conhecidos como pods descart\u00e1veis, s\u00e3o pequenos recipientes pr\u00e9-preenchidos com l\u00edquido que se conectam a uma bateria de vaporizador. Nossos pods s\u00e3o compat\u00edveis com baterias 510 de 1 ml e 2 ml, que voc\u00ea pode encontrar em nosso site. Ao contr\u00e1rio dos vapes descart\u00e1veis, os pods permitem que voc\u00ea troque de sabor facilmente e s\u00e3o muito pr\u00e1ticos de transportar.<\/p>\n<p>O Cartucho Descart\u00e1vel E8H \u2013 Gelato est\u00e1 dispon\u00edvel em:<\/p>\n<ul>\n<li><b>1 ml<\/b> \u2013 At\u00e9 300 tragadas.<\/li>\n<li><b>2 ml<\/b> \u2013 At\u00e9 600 tragadas.<\/li>\n<\/ul>\n<p>Desfrute de um l\u00edquido inovador, livre de impurezas, com um perfil de sabor de gelato complexo e poderoso, proporcionando uma experi\u00eancia intensa sem comprometer a clareza.<\/p>\n<p>&nbsp;<\/p>\n<h3>O cartucho de gelato E8H 90% deixa voc\u00ea chapado?<\/h3>\n<p>Assim como o THC, o E8H proporciona a muitas pessoas uma sensa\u00e7\u00e3o agrad\u00e1vel. Algumas pessoas relatam efeitos semelhantes aos de produtos convencionais com THC, mas n\u00e3o h\u00e1 dados suficientes para ter certeza. Tamb\u00e9m n\u00e3o h\u00e1 dados suficientes para saber se o uso do E8H pode causar efeitos colaterais negativos ou efeitos a longo prazo.<\/p>\n<p>No entanto, de acordo com a legisla\u00e7\u00e3o espanhola vigente, n\u00e3o incentivamos de forma alguma o uso ou a ingest\u00e3o das subst\u00e2ncias mencionadas. Voc\u00ea n\u00e3o deve dirigir ve\u00edculos motorizados ou operar m\u00e1quinas pesadas ap\u00f3s o consumo.<\/p>\n<p>&nbsp;<\/p>\n<h3>Este \u00e9 o seu cartucho de gelato terpeno E8H: sabor e pot\u00eancia em cada tragada<\/h3>\n<p>Este cartucho descart\u00e1vel E8H com perfil de terpenos Gelato n\u00e3o \u00e9 apenas f\u00e1cil de usar, mas tamb\u00e9m garante de 300 a 600 doses de sabor puro, nos formatos de 1 ml ou 2 ml. Nossa f\u00f3rmula exclusiva combina a mol\u00e9cula E8H com terpenos naturais de qualidade, alcan\u00e7ando um perfil arom\u00e1tico doce e equilibrado que homenageia a lend\u00e1ria variedade. <b>Sorvete<\/b>.<\/p>\n<h6>Uma f\u00f3rmula limpa<\/h6>\n<p>Este produto \u00e9 totalmente livre de <b>THC, HHC, THC-P e nicotina<\/b>, bem como aditivos ou agentes de corte desnecess\u00e1rios. Todos os nossos produtos s\u00e3o derivados de c\u00e2nhamo industrial certificado e cumprem rigorosamente as normas vigentes, mantendo um teor de THC inferior a 0,3%. Garantimos que n\u00e3o cont\u00eam canabinoides ilegais.<\/p>\n<hr \/>\n<p><em>Destinado a fins industriais, t\u00e9cnicos e hort\u00edcolas.<\/em><\/p>\n<p><em>Isto \u00e9 um <b>item de colecionador<\/b>. N\u00e3o deve ser consumido diretamente ou fumado.<\/em><\/p>\n<p><em>Este produto n\u00e3o cont\u00e9m canabinoides inclu\u00eddos no Anexo 1 do Real Decreto 2829\/1977, atualizado pela Portaria SND\/380\/2025, de 14 de abril, nem subst\u00e2ncias controladas pela Conven\u00e7\u00e3o \u00danica sobre Estupefacientes de 1961 e pela Conven\u00e7\u00e3o sobre Subst\u00e2ncias Psicotr\u00f3picas de 1971.<\/em><\/p>\n<p>Comprar ca<\/p>","protected":false},"excerpt":{"rendered":"<h4>Caracteristicas<\/h4>\n<ul>\n<li>Sabor de gelato de terpeno<\/li>\n<li>Tipo de conex\u00e3o da bateria 510<\/li>\n<li>Capacidade: 1ml<\/li>\n<li>Tragadas: 300<\/li>\n<li>Terpenos naturais de alta qualidade<\/li>\n<li>E8H para 90%<\/li>\n<li>THC: 0%, HHC: 0%, THC-P: 0%, Nicotina: 0%<\/li>\n<li>N\u00e3o cont\u00e9m VG, PG, PEG, MCT ou outros agentes de corte.<\/li>\n<li>Produto legal para estudo ou cole\u00e7\u00e3o.<\/li>\n<li>Verifique o<a href=\"https:\/\/iguanasmoke.com\/analiticas\/\"> An\u00e1lise de qualidade aqui.<\/a><\/li>\n<\/ul>","protected":false},"featured_media":14073,"comment_status":"open","ping_status":"closed","template":"","meta":{"_acf_changed":false,"site-sidebar-layout":"default","site-content-layout":"","ast-site-content-layout":"default","site-content-style":"default","site-sidebar-style":"default","ast-global-header-display":"","ast-banner-title-visibility":"","ast-main-header-display":"","ast-hfb-above-header-display":"","ast-hfb-below-header-display":"","ast-hfb-mobile-header-display":"","site-post-title":"","ast-breadcrumbs-content":"","ast-featured-img":"","footer-sml-layout":"","theme-transparent-header-meta":"default","adv-header-id-meta":"","stick-header-meta":"","header-above-stick-meta":"","header-main-stick-meta":"","header-below-stick-meta":"","astra-migrate-meta-layouts":"set","ast-page-background-enabled":"default","ast-page-background-meta":{"desktop":{"background-color":"var(--ast-global-color-4)","background-image":"","background-repeat":"repeat","background-position":"center center","background-size":"auto","background-attachment":"scroll","background-type":"","background-media":"","overlay-type":"","overlay-color":"","overlay-opacity":"","overlay-gradient":""},"tablet":{"background-color":"","background-image":"","background-repeat":"repeat","background-position":"center center","background-size":"auto","background-attachment":"scroll","background-type":"","background-media":"","overlay-type":"","overlay-color":"","overlay-opacity":"","overlay-gradient":""},"mobile":{"background-color":"","background-image":"","background-repeat":"repeat","background-position":"center center","background-size":"auto","background-attachment":"scroll","background-type":"","background-media":"","overlay-type":"","overlay-color":"","overlay-opacity":"","overlay-gradient":""}},"ast-content-background-meta":{"desktop":{"background-color":"var(--ast-global-color-5)","background-image":"","background-repeat":"repeat","background-position":"center center","background-size":"auto","background-attachment":"scroll","background-type":"","background-media":"","overlay-type":"","overlay-color":"","overlay-opacity":"","overlay-gradient":""},"tablet":{"background-color":"var(--ast-global-color-5)","background-image":"","background-repeat":"repeat","background-position":"center center","background-size":"auto","background-attachment":"scroll","background-type":"","background-media":"","overlay-type":"","overlay-color":"","overlay-opacity":"","overlay-gradient":""},"mobile":{"background-color":"var(--ast-global-color-5)","background-image":"","background-repeat":"repeat","background-position":"center center","background-size":"auto","background-attachment":"scroll","background-type":"","background-media":"","overlay-type":"","overlay-color":"","overlay-opacity":"","overlay-gradient":""}}},"product_brand":[],"product_cat":[91,142,145,146],"product_tag":[],"class_list":{"0":"post-14071","1":"product","2":"type-product","3":"status-publish","4":"has-post-thumbnail","6":"product_cat-cartuchos","7":"product_cat-cartuchos-vapers-cbd","8":"product_cat-e8h","9":"product_cat-nuevas-moleculas","10":"desktop-align-center","11":"tablet-align-left","12":"mobile-align-left","14":"first","15":"instock","16":"taxable","17":"shipping-taxable","18":"purchasable","19":"product-type-simple"},"acf":[],"yoast_head":"<!-- This site is optimized with the Yoast SEO plugin v27.3 - https:\/\/yoast.com\/product\/yoast-seo-wordpress\/ -->\n<title>Cartucho desechable E8H 90% - Gelato 1ml - THE LYF LABS<\/title>\n<meta name=\"description\" content=\"Cartucho desechable E8H 90% Gelato 1ml. Cartuchos desechables para baterias y vapers recargables STV, E8H, 10-OH. Compra mayorista y distribuidor CBD.\" \/>\n<meta name=\"robots\" content=\"index, follow, max-snippet:-1, max-image-preview:large, max-video-preview:-1\" \/>\n<link rel=\"canonical\" href=\"https:\/\/thelyflabs.com\/pt\/product\/cartucho-desechable-e8h-90-gelato-1ml\/\" \/>\n<meta property=\"og:locale\" content=\"pt_PT\" \/>\n<meta property=\"og:type\" content=\"article\" \/>\n<meta property=\"og:title\" content=\"Cartucho desechable E8H 90% - Gelato 1ml - THE LYF LABS\" \/>\n<meta property=\"og:description\" content=\"Cartucho desechable E8H 90% Gelato 1ml. Cartuchos desechables para baterias y vapers recargables STV, E8H, 10-OH. Compra mayorista y distribuidor CBD.\" \/>\n<meta property=\"og:url\" content=\"https:\/\/thelyflabs.com\/pt\/product\/cartucho-desechable-e8h-90-gelato-1ml\/\" \/>\n<meta property=\"og:site_name\" content=\"THE LYF LABS\" \/>\n<meta property=\"article:modified_time\" content=\"2026-03-19T13:48:19+00:00\" \/>\n<meta property=\"og:image\" content=\"https:\/\/thelyflabs.com\/wp-content\/uploads\/2025\/09\/Bolsa-Cart-Gelato-2025-E8H-con-cartucho.webp\" \/>\n\t<meta property=\"og:image:width\" content=\"1000\" \/>\n\t<meta property=\"og:image:height\" content=\"1000\" \/>\n\t<meta property=\"og:image:type\" content=\"image\/webp\" \/>\n<meta name=\"twitter:card\" content=\"summary_large_image\" \/>\n<meta name=\"twitter:label1\" content=\"Tempo estimado de leitura\" \/>\n\t<meta name=\"twitter:data1\" content=\"4 minutos\" \/>\n<script type=\"application\/ld+json\" class=\"yoast-schema-graph\">{\"@context\":\"https:\\\/\\\/schema.org\",\"@graph\":[{\"@type\":\"WebPage\",\"@id\":\"https:\\\/\\\/thelyflabs.com\\\/product\\\/cartucho-desechable-e8h-90-gelato-1ml\",\"url\":\"https:\\\/\\\/thelyflabs.com\\\/product\\\/cartucho-desechable-e8h-90-gelato-1ml\",\"name\":\"Cartucho desechable E8H 90% - Gelato 1ml - THE LYF LABS\",\"isPartOf\":{\"@id\":\"https:\\\/\\\/thelyflabs.com\\\/#website\"},\"primaryImageOfPage\":{\"@id\":\"https:\\\/\\\/thelyflabs.com\\\/product\\\/cartucho-desechable-e8h-90-gelato-1ml#primaryimage\"},\"image\":{\"@id\":\"https:\\\/\\\/thelyflabs.com\\\/product\\\/cartucho-desechable-e8h-90-gelato-1ml#primaryimage\"},\"thumbnailUrl\":\"https:\\\/\\\/thelyflabs.com\\\/wp-content\\\/uploads\\\/2025\\\/09\\\/Bolsa-Cart-Gelato-2025-E8H-con-cartucho.webp\",\"datePublished\":\"2025-09-11T15:09:56+00:00\",\"dateModified\":\"2026-03-19T13:48:19+00:00\",\"description\":\"Cartucho desechable E8H 90% Gelato 1ml. Cartuchos desechables para baterias y vapers recargables STV, E8H, 10-OH. Compra mayorista y distribuidor CBD.\",\"breadcrumb\":{\"@id\":\"https:\\\/\\\/thelyflabs.com\\\/product\\\/cartucho-desechable-e8h-90-gelato-1ml#breadcrumb\"},\"inLanguage\":\"pt-PT\",\"potentialAction\":[{\"@type\":\"ReadAction\",\"target\":[\"https:\\\/\\\/thelyflabs.com\\\/product\\\/cartucho-desechable-e8h-90-gelato-1ml\"]}]},{\"@type\":\"ImageObject\",\"inLanguage\":\"pt-PT\",\"@id\":\"https:\\\/\\\/thelyflabs.com\\\/product\\\/cartucho-desechable-e8h-90-gelato-1ml#primaryimage\",\"url\":\"https:\\\/\\\/thelyflabs.com\\\/wp-content\\\/uploads\\\/2025\\\/09\\\/Bolsa-Cart-Gelato-2025-E8H-con-cartucho.webp\",\"contentUrl\":\"https:\\\/\\\/thelyflabs.com\\\/wp-content\\\/uploads\\\/2025\\\/09\\\/Bolsa-Cart-Gelato-2025-E8H-con-cartucho.webp\",\"width\":1000,\"height\":1000,\"caption\":\"cartucho e8h gelato 1ml\"},{\"@type\":\"BreadcrumbList\",\"@id\":\"https:\\\/\\\/thelyflabs.com\\\/product\\\/cartucho-desechable-e8h-90-gelato-1ml#breadcrumb\",\"itemListElement\":[{\"@type\":\"ListItem\",\"position\":1,\"name\":\"Portada\",\"item\":\"https:\\\/\\\/thelyflabs.com\\\/\"},{\"@type\":\"ListItem\",\"position\":2,\"name\":\"Tienda\",\"item\":\"https:\\\/\\\/thelyflabs.com\\\/tienda\"},{\"@type\":\"ListItem\",\"position\":3,\"name\":\"Cartucho desechable E8H 90% &#8211; Gelato 1ml\"}]},{\"@type\":\"WebSite\",\"@id\":\"https:\\\/\\\/thelyflabs.com\\\/#website\",\"url\":\"https:\\\/\\\/thelyflabs.com\\\/\",\"name\":\"The LYF Labs\",\"description\":\"CBD al por mayor\",\"publisher\":{\"@id\":\"https:\\\/\\\/thelyflabs.com\\\/#organization\"},\"potentialAction\":[{\"@type\":\"SearchAction\",\"target\":{\"@type\":\"EntryPoint\",\"urlTemplate\":\"https:\\\/\\\/thelyflabs.com\\\/?s={search_term_string}\"},\"query-input\":{\"@type\":\"PropertyValueSpecification\",\"valueRequired\":true,\"valueName\":\"search_term_string\"}}],\"inLanguage\":\"pt-PT\"},{\"@type\":\"Organization\",\"@id\":\"https:\\\/\\\/thelyflabs.com\\\/#organization\",\"name\":\"The LYF Labs\",\"url\":\"https:\\\/\\\/thelyflabs.com\\\/\",\"logo\":{\"@type\":\"ImageObject\",\"inLanguage\":\"pt-PT\",\"@id\":\"https:\\\/\\\/thelyflabs.com\\\/#\\\/schema\\\/logo\\\/image\\\/\",\"url\":\"https:\\\/\\\/thelyflabs.com\\\/wp-content\\\/uploads\\\/2023\\\/01\\\/cropped-LogoTheLYFLabs.png\",\"contentUrl\":\"https:\\\/\\\/thelyflabs.com\\\/wp-content\\\/uploads\\\/2023\\\/01\\\/cropped-LogoTheLYFLabs.png\",\"width\":600,\"height\":180,\"caption\":\"The LYF Labs\"},\"image\":{\"@id\":\"https:\\\/\\\/thelyflabs.com\\\/#\\\/schema\\\/logo\\\/image\\\/\"}}]}<\/script>\n<!-- \/ Yoast SEO plugin. -->","yoast_head_json":{"title":"Cartucho desechable E8H 90% - Gelato 1ml - THE LYF LABS","description":"Cartucho desechable E8H 90% Gelato 1ml. Cartuchos desechables para baterias y vapers recargables STV, E8H, 10-OH. Compra mayorista y distribuidor CBD.","robots":{"index":"index","follow":"follow","max-snippet":"max-snippet:-1","max-image-preview":"max-image-preview:large","max-video-preview":"max-video-preview:-1"},"canonical":"https:\/\/thelyflabs.com\/pt\/product\/cartucho-desechable-e8h-90-gelato-1ml\/","og_locale":"pt_PT","og_type":"article","og_title":"Cartucho desechable E8H 90% - Gelato 1ml - THE LYF LABS","og_description":"Cartucho desechable E8H 90% Gelato 1ml. Cartuchos desechables para baterias y vapers recargables STV, E8H, 10-OH. Compra mayorista y distribuidor CBD.","og_url":"https:\/\/thelyflabs.com\/pt\/product\/cartucho-desechable-e8h-90-gelato-1ml\/","og_site_name":"THE LYF LABS","article_modified_time":"2026-03-19T13:48:19+00:00","og_image":[{"width":1000,"height":1000,"url":"https:\/\/thelyflabs.com\/wp-content\/uploads\/2025\/09\/Bolsa-Cart-Gelato-2025-E8H-con-cartucho.webp","type":"image\/webp"}],"twitter_card":"summary_large_image","twitter_misc":{"Tempo estimado de leitura":"4 minutos"},"schema":{"@context":"https:\/\/schema.org","@graph":[{"@type":"WebPage","@id":"https:\/\/thelyflabs.com\/product\/cartucho-desechable-e8h-90-gelato-1ml","url":"https:\/\/thelyflabs.com\/product\/cartucho-desechable-e8h-90-gelato-1ml","name":"Cartucho desechable E8H 90% - Gelato 1ml - THE LYF LABS","isPartOf":{"@id":"https:\/\/thelyflabs.com\/#website"},"primaryImageOfPage":{"@id":"https:\/\/thelyflabs.com\/product\/cartucho-desechable-e8h-90-gelato-1ml#primaryimage"},"image":{"@id":"https:\/\/thelyflabs.com\/product\/cartucho-desechable-e8h-90-gelato-1ml#primaryimage"},"thumbnailUrl":"https:\/\/thelyflabs.com\/wp-content\/uploads\/2025\/09\/Bolsa-Cart-Gelato-2025-E8H-con-cartucho.webp","datePublished":"2025-09-11T15:09:56+00:00","dateModified":"2026-03-19T13:48:19+00:00","description":"Cartucho desechable E8H 90% Gelato 1ml. Cartuchos desechables para baterias y vapers recargables STV, E8H, 10-OH. Compra mayorista y distribuidor CBD.","breadcrumb":{"@id":"https:\/\/thelyflabs.com\/product\/cartucho-desechable-e8h-90-gelato-1ml#breadcrumb"},"inLanguage":"pt-PT","potentialAction":[{"@type":"ReadAction","target":["https:\/\/thelyflabs.com\/product\/cartucho-desechable-e8h-90-gelato-1ml"]}]},{"@type":"ImageObject","inLanguage":"pt-PT","@id":"https:\/\/thelyflabs.com\/product\/cartucho-desechable-e8h-90-gelato-1ml#primaryimage","url":"https:\/\/thelyflabs.com\/wp-content\/uploads\/2025\/09\/Bolsa-Cart-Gelato-2025-E8H-con-cartucho.webp","contentUrl":"https:\/\/thelyflabs.com\/wp-content\/uploads\/2025\/09\/Bolsa-Cart-Gelato-2025-E8H-con-cartucho.webp","width":1000,"height":1000,"caption":"cartucho e8h gelato 1ml"},{"@type":"BreadcrumbList","@id":"https:\/\/thelyflabs.com\/product\/cartucho-desechable-e8h-90-gelato-1ml#breadcrumb","itemListElement":[{"@type":"ListItem","position":1,"name":"Portada","item":"https:\/\/thelyflabs.com\/"},{"@type":"ListItem","position":2,"name":"Tienda","item":"https:\/\/thelyflabs.com\/tienda"},{"@type":"ListItem","position":3,"name":"Cartucho desechable E8H 90% &#8211; Gelato 1ml"}]},{"@type":"WebSite","@id":"https:\/\/thelyflabs.com\/#website","url":"https:\/\/thelyflabs.com\/","name":"Os Laborat\u00f3rios LYF","description":"CBD atacado","publisher":{"@id":"https:\/\/thelyflabs.com\/#organization"},"potentialAction":[{"@type":"SearchAction","target":{"@type":"EntryPoint","urlTemplate":"https:\/\/thelyflabs.com\/?s={search_term_string}"},"query-input":{"@type":"PropertyValueSpecification","valueRequired":true,"valueName":"search_term_string"}}],"inLanguage":"pt-PT"},{"@type":"Organization","@id":"https:\/\/thelyflabs.com\/#organization","name":"Os Laborat\u00f3rios LYF","url":"https:\/\/thelyflabs.com\/","logo":{"@type":"ImageObject","inLanguage":"pt-PT","@id":"https:\/\/thelyflabs.com\/#\/schema\/logo\/image\/","url":"https:\/\/thelyflabs.com\/wp-content\/uploads\/2023\/01\/cropped-LogoTheLYFLabs.png","contentUrl":"https:\/\/thelyflabs.com\/wp-content\/uploads\/2023\/01\/cropped-LogoTheLYFLabs.png","width":600,"height":180,"caption":"The LYF Labs"},"image":{"@id":"https:\/\/thelyflabs.com\/#\/schema\/logo\/image\/"}}]}},"_links":{"self":[{"href":"https:\/\/thelyflabs.com\/pt\/wp-json\/wp\/v2\/product\/14071","targetHints":{"allow":["GET"]}}],"collection":[{"href":"https:\/\/thelyflabs.com\/pt\/wp-json\/wp\/v2\/product"}],"about":[{"href":"https:\/\/thelyflabs.com\/pt\/wp-json\/wp\/v2\/types\/product"}],"replies":[{"embeddable":true,"href":"https:\/\/thelyflabs.com\/pt\/wp-json\/wp\/v2\/comments?post=14071"}],"wp:featuredmedia":[{"embeddable":true,"href":"https:\/\/thelyflabs.com\/pt\/wp-json\/wp\/v2\/media\/14073"}],"wp:attachment":[{"href":"https:\/\/thelyflabs.com\/pt\/wp-json\/wp\/v2\/media?parent=14071"}],"wp:term":[{"taxonomy":"product_brand","embeddable":true,"href":"https:\/\/thelyflabs.com\/pt\/wp-json\/wp\/v2\/product_brand?post=14071"},{"taxonomy":"product_cat","embeddable":true,"href":"https:\/\/thelyflabs.com\/pt\/wp-json\/wp\/v2\/product_cat?post=14071"},{"taxonomy":"product_tag","embeddable":true,"href":"https:\/\/thelyflabs.com\/pt\/wp-json\/wp\/v2\/product_tag?post=14071"}],"curies":[{"name":"wp","href":"https:\/\/api.w.org\/{rel}","templated":true}]}}