{"id":14088,"date":"2025-09-11T17:13:47","date_gmt":"2025-09-11T15:13:47","guid":{"rendered":"https:\/\/thelyflabs.com\/?post_type=product&#038;p=14088"},"modified":"2026-03-19T14:36:19","modified_gmt":"2026-03-19T13:36:19","slug":"cartucho-desechable-e8h-90-gorilla-glue-1ml","status":"publish","type":"product","link":"https:\/\/thelyflabs.com\/pt\/product\/cartucho-desechable-e8h-90-gorilla-glue-1ml","title":{"rendered":"Cartucho descart\u00e1vel E8H 90% \u2013 Gorilla Glue 1ml"},"content":{"rendered":"<h2><b>Cartucho Gorilla Glue E8H \u2013 Cartucho descart\u00e1vel de CBD com sabor Gorilla Glue: Sinta o poder da cannabis legal<\/b><\/h2>\n<p>Descubra o <b>Cartucho descart\u00e1vel E8H<\/b> com terpenos de <b>Cola Gorila<\/b>, projetado para uma experi\u00eancia de vaporiza\u00e7\u00e3o que vai al\u00e9m. Inspirado no aclamado perfil arom\u00e1tico da variedade <b>Cola Gorila<\/b>, este cartucho descart\u00e1vel n\u00e3o \u00e9 um cartucho qualquer: ele \u00e9 carregado com a mol\u00e9cula inovadora <b>E8H para 90%<\/b> para lhe oferecer uma sensa\u00e7\u00e3o intensa, envolvente e totalmente \u00fanica.<\/p>\n<p>Se voc\u00ea procura um sabor terroso e encorpado que desperte seus sentidos, voc\u00ea veio ao lugar certo. O design do <b>Cartucho descart\u00e1vel Gorilla Glue E8H<\/b> \u00c9 t\u00e3o simples que voc\u00ea vai se apaixonar: basta conect\u00e1-lo \u00e0 sua bateria 510 e mergulhar em uma nova dimens\u00e3o de sabor e relaxamento.<\/p>\n<p>&nbsp;<\/p>\n<h3><b>O que \u00e9 E8H?<\/b><\/h3>\n<p>Nossos cartuchos <b>E8H<\/b> cont\u00e9m um 90% desta mol\u00e9cula semissint\u00e9tica de \u00faltima gera\u00e7\u00e3o. <b>E8H<\/b> Ela foi projetada para oferecer uma experi\u00eancia \u00fanica, semelhante \u00e0 do HHC. Diferentemente do que voc\u00ea j\u00e1 conhece, esta mol\u00e9cula de ponta oferece uma experi\u00eancia singular que redefine as expectativas. Seu desenvolvimento recente a coloca dentro de um quadro regulat\u00f3rio em evolu\u00e7\u00e3o, abrindo novas possibilidades no mundo do vaping.<\/p>\n<p>&nbsp;<\/p>\n<h3><b>Perfil de terpeno da cola Gorilla<\/b><\/h3>\n<p>A tens\u00e3o <b>Cola Gorila<\/b>, tamb\u00e9m conhecida como GG4, \u00e9 uma das variedades de cannabis mais potentes e famosas do mundo. Seu nome j\u00e1 diz tudo \u2014 potente, pegajosa, inesquec\u00edvel \u2014, ent\u00e3o quer\u00edamos reproduzir o sabor desta flor com todos os seus ricos terpenos, que incluem:<\/p>\n<ul>\n<li><b>Cariofileno:<\/b> picante, quente, com propriedades estimulantes.<\/li>\n<li><b>Limoneno:<\/b> aroma c\u00edtrico que melhora o humor.<\/li>\n<li><b>Humuleno:<\/b> toque terroso e herbal, com efeito equilibrador.<\/li>\n<\/ul>\n<p>O resultado \u00e9 um vape robusto com um aroma que combina <b>solo \u00famido, pinheiro e lim\u00e3o, <\/b>Com um toque final de &quot;cola&quot; ou &quot;adesivo&quot;. Se voc\u00ea aprecia aromas intensos e o sabor aut\u00eantico da flor, este cartucho vai te conquistar.<\/p>\n<p>&nbsp;<\/p>\n<h3><b>O que \u00e9 um cartucho descart\u00e1vel para vaporizador?<\/b><\/h3>\n<p>O <b>cartuchos de vaporiza\u00e7\u00e3o<\/b>Cartuchos descart\u00e1veis, tamb\u00e9m conhecidos como cartuchos descart\u00e1veis, s\u00e3o pequenos recipientes pr\u00e9-preenchidos com l\u00edquido que se conectam a uma bateria de vaporizador. Nossos cartuchos s\u00e3o compat\u00edveis com baterias 510 de 1 ml e 2 ml, que voc\u00ea pode encontrar em nosso site. Ao contr\u00e1rio dos vapes descart\u00e1veis, os cartuchos permitem a troca f\u00e1cil de sabores e s\u00e3o muito pr\u00e1ticos de transportar.<\/p>\n<p>Ele <b>Cartucho Descart\u00e1vel E8H \u2013 Gorilla Glue<\/b> est\u00e1 dispon\u00edvel em:<\/p>\n<ul>\n<li>1 ml \u2013 At\u00e9 300 doses.<\/li>\n<li>2 ml \u2013 At\u00e9 600 doses.<\/li>\n<\/ul>\n<p>Desfrute de um l\u00edquido inovador, livre de impurezas, com um perfil de sabor complexo e poderoso que proporciona uma experi\u00eancia intensa sem comprometer a clareza.<\/p>\n<p>&nbsp;<\/p>\n<h3><b>O cartucho Gorilla Glue E8H adere?<\/b><\/h3>\n<p>Assim como o <b>THC<\/b>, ele <b>E8H<\/b> Proporciona uma sensa\u00e7\u00e3o agrad\u00e1vel a muitas pessoas. Algumas pessoas relatam efeitos semelhantes aos de outras <b>THC<\/b> convencional, mas n\u00e3o h\u00e1 dados suficientes para ter certeza. Tamb\u00e9m n\u00e3o h\u00e1 dados suficientes para saber se pode haver efeitos colaterais negativos ou efeitos a longo prazo com o uso <b>E8H<\/b>.<\/p>\n<p>No entanto, de acordo com a legisla\u00e7\u00e3o espanhola vigente, n\u00e3o incentivamos de forma alguma o uso ou a ingest\u00e3o das subst\u00e2ncias mencionadas. Voc\u00ea n\u00e3o deve dirigir ve\u00edculos motorizados ou operar m\u00e1quinas pesadas ap\u00f3s o consumo.<\/p>\n<p>&nbsp;<\/p>\n<h3><b>Este \u00e9 o seu cartucho de terpeno Gorilla Glue E8H: pot\u00eancia e sabor em cada tragada<\/b><\/h3>\n<p>Esse <b>Cartucho descart\u00e1vel E8H<\/b> com perfil de terpeno <b>Cola Gorila<\/b> Al\u00e9m de f\u00e1cil de usar, garante de 300 a 600 doses de puro sabor, nos formatos de 1 ml ou 2 ml. Nossa f\u00f3rmula exclusiva funde a mol\u00e9cula <b>E8H<\/b> com terpenos naturais de qualidade, alcan\u00e7ando um perfil arom\u00e1tico robusto e terroso que homenageia a lend\u00e1ria variedade <b>Cola Gorila<\/b>.<\/p>\n<h6>Uma f\u00f3rmula limpa<\/h6>\n<p>\u00c9 importante ressaltar que este produto \u00e9 totalmente isento de <b>THC<\/b>, <b>HHC<\/b>, <b>THC-P<\/b> e <b>nicotina<\/b>, bem como aditivos ou subst\u00e2ncias de corte. Todos os nossos produtos s\u00e3o derivados de c\u00e2nhamo industrial certificado e cumprem rigorosamente as normas vigentes, mantendo uma <b>THC menor que 0,3%<\/b>Garantimos que eles n\u00e3o cont\u00eam nenhum canabinoide ilegal.<\/p>\n<hr \/>\n<p><em>Destinado a fins industriais, t\u00e9cnicos e hort\u00edcolas.<\/em><\/p>\n<p><em>Isto \u00e9 um <b>item de colecionador<\/b>. N\u00e3o deve ser consumido diretamente ou fumado.<\/em><\/p>\n<p><em>Este produto n\u00e3o cont\u00e9m canabinoides inclu\u00eddos no Anexo 1 do Real Decreto 2829\/1977, atualizado pela Portaria SND\/380\/2025, de 14 de abril, nem subst\u00e2ncias controladas pela Conven\u00e7\u00e3o \u00danica sobre Estupefacientes de 1961 e pela Conven\u00e7\u00e3o sobre Subst\u00e2ncias Psicotr\u00f3picas de 1971.<\/em><\/p>","protected":false},"excerpt":{"rendered":"<h4>Caracteristicas<\/h4>\n<ul>\n<li>Sabor de terpeno de cannabis Gorilla Glue<\/li>\n<li>Tipo de conex\u00e3o da bateria 510<\/li>\n<li>Capacidade: 1ml<\/li>\n<li>Tragadas: 300<\/li>\n<li>Terpenos naturais de alta qualidade<\/li>\n<li>E8H para 90%<\/li>\n<li>THC: 0%, HHC: 0%, THC-P: 0%, Nicotina: 0%<\/li>\n<li>N\u00e3o cont\u00e9m VG, PG, PEG, MCT ou outros agentes de corte.<\/li>\n<li>Produto legal para estudo ou cole\u00e7\u00e3o.<\/li>\n<li>Verifique o<a href=\"https:\/\/iguanasmoke.com\/analiticas\/\"> An\u00e1lise de qualidade aqui.<\/a><\/li>\n<\/ul>","protected":false},"featured_media":14092,"comment_status":"open","ping_status":"closed","template":"","meta":{"_acf_changed":false,"site-sidebar-layout":"default","site-content-layout":"","ast-site-content-layout":"default","site-content-style":"default","site-sidebar-style":"default","ast-global-header-display":"","ast-banner-title-visibility":"","ast-main-header-display":"","ast-hfb-above-header-display":"","ast-hfb-below-header-display":"","ast-hfb-mobile-header-display":"","site-post-title":"","ast-breadcrumbs-content":"","ast-featured-img":"","footer-sml-layout":"","theme-transparent-header-meta":"default","adv-header-id-meta":"","stick-header-meta":"","header-above-stick-meta":"","header-main-stick-meta":"","header-below-stick-meta":"","astra-migrate-meta-layouts":"set","ast-page-background-enabled":"default","ast-page-background-meta":{"desktop":{"background-color":"var(--ast-global-color-4)","background-image":"","background-repeat":"repeat","background-position":"center center","background-size":"auto","background-attachment":"scroll","background-type":"","background-media":"","overlay-type":"","overlay-color":"","overlay-opacity":"","overlay-gradient":""},"tablet":{"background-color":"","background-image":"","background-repeat":"repeat","background-position":"center center","background-size":"auto","background-attachment":"scroll","background-type":"","background-media":"","overlay-type":"","overlay-color":"","overlay-opacity":"","overlay-gradient":""},"mobile":{"background-color":"","background-image":"","background-repeat":"repeat","background-position":"center center","background-size":"auto","background-attachment":"scroll","background-type":"","background-media":"","overlay-type":"","overlay-color":"","overlay-opacity":"","overlay-gradient":""}},"ast-content-background-meta":{"desktop":{"background-color":"var(--ast-global-color-5)","background-image":"","background-repeat":"repeat","background-position":"center center","background-size":"auto","background-attachment":"scroll","background-type":"","background-media":"","overlay-type":"","overlay-color":"","overlay-opacity":"","overlay-gradient":""},"tablet":{"background-color":"var(--ast-global-color-5)","background-image":"","background-repeat":"repeat","background-position":"center center","background-size":"auto","background-attachment":"scroll","background-type":"","background-media":"","overlay-type":"","overlay-color":"","overlay-opacity":"","overlay-gradient":""},"mobile":{"background-color":"var(--ast-global-color-5)","background-image":"","background-repeat":"repeat","background-position":"center center","background-size":"auto","background-attachment":"scroll","background-type":"","background-media":"","overlay-type":"","overlay-color":"","overlay-opacity":"","overlay-gradient":""}}},"product_brand":[],"product_cat":[91,142,145,146],"product_tag":[],"class_list":{"0":"post-14088","1":"product","2":"type-product","3":"status-publish","4":"has-post-thumbnail","6":"product_cat-cartuchos","7":"product_cat-cartuchos-vapers-cbd","8":"product_cat-e8h","9":"product_cat-nuevas-moleculas","10":"desktop-align-center","11":"tablet-align-left","12":"mobile-align-left","14":"first","15":"instock","16":"taxable","17":"shipping-taxable","18":"purchasable","19":"product-type-simple"},"acf":[],"yoast_head":"<!-- This site is optimized with the Yoast SEO plugin v27.3 - https:\/\/yoast.com\/product\/yoast-seo-wordpress\/ -->\n<title>Cartucho desechable E8H 90% - Gorilla Glue 1ml - THE LYF LABS<\/title>\n<meta name=\"description\" content=\"Cartucho E8H 90% Gorilla Glue. Cartuchos desechables CBD, STV, E8H y 10-OH para vapers y bater\u00edas recargables sin THC, HHC o nicotina.\" \/>\n<meta name=\"robots\" content=\"index, follow, max-snippet:-1, max-image-preview:large, max-video-preview:-1\" \/>\n<link rel=\"canonical\" href=\"https:\/\/thelyflabs.com\/pt\/product\/cartucho-desechable-e8h-90-gorilla-glue-1ml\/\" \/>\n<meta property=\"og:locale\" content=\"pt_PT\" \/>\n<meta property=\"og:type\" content=\"article\" \/>\n<meta property=\"og:title\" content=\"Cartucho desechable E8H 90% - Gorilla Glue 1ml - THE LYF LABS\" \/>\n<meta property=\"og:description\" content=\"Cartucho E8H 90% Gorilla Glue. Cartuchos desechables CBD, STV, E8H y 10-OH para vapers y bater\u00edas recargables sin THC, HHC o nicotina.\" \/>\n<meta property=\"og:url\" content=\"https:\/\/thelyflabs.com\/pt\/product\/cartucho-desechable-e8h-90-gorilla-glue-1ml\/\" \/>\n<meta property=\"og:site_name\" content=\"THE LYF LABS\" \/>\n<meta property=\"article:modified_time\" content=\"2026-03-19T13:36:19+00:00\" \/>\n<meta property=\"og:image\" content=\"https:\/\/thelyflabs.com\/wp-content\/uploads\/2025\/09\/Bolsa-Cart-Gelato-2025-E8H-con-cartucho-2.webp\" \/>\n\t<meta property=\"og:image:width\" content=\"1000\" \/>\n\t<meta property=\"og:image:height\" content=\"1000\" \/>\n\t<meta property=\"og:image:type\" content=\"image\/webp\" \/>\n<meta name=\"twitter:card\" content=\"summary_large_image\" \/>\n<meta name=\"twitter:label1\" content=\"Tempo estimado de leitura\" \/>\n\t<meta name=\"twitter:data1\" content=\"4 minutos\" \/>\n<script type=\"application\/ld+json\" class=\"yoast-schema-graph\">{\"@context\":\"https:\\\/\\\/schema.org\",\"@graph\":[{\"@type\":\"WebPage\",\"@id\":\"https:\\\/\\\/thelyflabs.com\\\/product\\\/cartucho-desechable-e8h-90-gorilla-glue-1ml\",\"url\":\"https:\\\/\\\/thelyflabs.com\\\/product\\\/cartucho-desechable-e8h-90-gorilla-glue-1ml\",\"name\":\"Cartucho desechable E8H 90% - Gorilla Glue 1ml - THE LYF LABS\",\"isPartOf\":{\"@id\":\"https:\\\/\\\/thelyflabs.com\\\/#website\"},\"primaryImageOfPage\":{\"@id\":\"https:\\\/\\\/thelyflabs.com\\\/product\\\/cartucho-desechable-e8h-90-gorilla-glue-1ml#primaryimage\"},\"image\":{\"@id\":\"https:\\\/\\\/thelyflabs.com\\\/product\\\/cartucho-desechable-e8h-90-gorilla-glue-1ml#primaryimage\"},\"thumbnailUrl\":\"https:\\\/\\\/thelyflabs.com\\\/wp-content\\\/uploads\\\/2025\\\/09\\\/Bolsa-Cart-Gelato-2025-E8H-con-cartucho-2.webp\",\"datePublished\":\"2025-09-11T15:13:47+00:00\",\"dateModified\":\"2026-03-19T13:36:19+00:00\",\"description\":\"Cartucho E8H 90% Gorilla Glue. Cartuchos desechables CBD, STV, E8H y 10-OH para vapers y bater\u00edas recargables sin THC, HHC o nicotina.\",\"breadcrumb\":{\"@id\":\"https:\\\/\\\/thelyflabs.com\\\/product\\\/cartucho-desechable-e8h-90-gorilla-glue-1ml#breadcrumb\"},\"inLanguage\":\"pt-PT\",\"potentialAction\":[{\"@type\":\"ReadAction\",\"target\":[\"https:\\\/\\\/thelyflabs.com\\\/product\\\/cartucho-desechable-e8h-90-gorilla-glue-1ml\"]}]},{\"@type\":\"ImageObject\",\"inLanguage\":\"pt-PT\",\"@id\":\"https:\\\/\\\/thelyflabs.com\\\/product\\\/cartucho-desechable-e8h-90-gorilla-glue-1ml#primaryimage\",\"url\":\"https:\\\/\\\/thelyflabs.com\\\/wp-content\\\/uploads\\\/2025\\\/09\\\/Bolsa-Cart-Gelato-2025-E8H-con-cartucho-2.webp\",\"contentUrl\":\"https:\\\/\\\/thelyflabs.com\\\/wp-content\\\/uploads\\\/2025\\\/09\\\/Bolsa-Cart-Gelato-2025-E8H-con-cartucho-2.webp\",\"width\":1000,\"height\":1000,\"caption\":\"cartucho e8h\"},{\"@type\":\"BreadcrumbList\",\"@id\":\"https:\\\/\\\/thelyflabs.com\\\/product\\\/cartucho-desechable-e8h-90-gorilla-glue-1ml#breadcrumb\",\"itemListElement\":[{\"@type\":\"ListItem\",\"position\":1,\"name\":\"Portada\",\"item\":\"https:\\\/\\\/thelyflabs.com\\\/\"},{\"@type\":\"ListItem\",\"position\":2,\"name\":\"Tienda\",\"item\":\"https:\\\/\\\/thelyflabs.com\\\/tienda\"},{\"@type\":\"ListItem\",\"position\":3,\"name\":\"Cartucho desechable E8H 90% &#8211; Gorilla Glue 1ml\"}]},{\"@type\":\"WebSite\",\"@id\":\"https:\\\/\\\/thelyflabs.com\\\/#website\",\"url\":\"https:\\\/\\\/thelyflabs.com\\\/\",\"name\":\"The LYF Labs\",\"description\":\"CBD al por mayor\",\"publisher\":{\"@id\":\"https:\\\/\\\/thelyflabs.com\\\/#organization\"},\"potentialAction\":[{\"@type\":\"SearchAction\",\"target\":{\"@type\":\"EntryPoint\",\"urlTemplate\":\"https:\\\/\\\/thelyflabs.com\\\/?s={search_term_string}\"},\"query-input\":{\"@type\":\"PropertyValueSpecification\",\"valueRequired\":true,\"valueName\":\"search_term_string\"}}],\"inLanguage\":\"pt-PT\"},{\"@type\":\"Organization\",\"@id\":\"https:\\\/\\\/thelyflabs.com\\\/#organization\",\"name\":\"The LYF Labs\",\"url\":\"https:\\\/\\\/thelyflabs.com\\\/\",\"logo\":{\"@type\":\"ImageObject\",\"inLanguage\":\"pt-PT\",\"@id\":\"https:\\\/\\\/thelyflabs.com\\\/#\\\/schema\\\/logo\\\/image\\\/\",\"url\":\"https:\\\/\\\/thelyflabs.com\\\/wp-content\\\/uploads\\\/2023\\\/01\\\/cropped-LogoTheLYFLabs.png\",\"contentUrl\":\"https:\\\/\\\/thelyflabs.com\\\/wp-content\\\/uploads\\\/2023\\\/01\\\/cropped-LogoTheLYFLabs.png\",\"width\":600,\"height\":180,\"caption\":\"The LYF Labs\"},\"image\":{\"@id\":\"https:\\\/\\\/thelyflabs.com\\\/#\\\/schema\\\/logo\\\/image\\\/\"}}]}<\/script>\n<!-- \/ Yoast SEO plugin. -->","yoast_head_json":{"title":"Cartucho desechable E8H 90% - Gorilla Glue 1ml - THE LYF LABS","description":"Cartucho E8H 90% Gorilla Glue. Cartuchos desechables CBD, STV, E8H y 10-OH para vapers y bater\u00edas recargables sin THC, HHC o nicotina.","robots":{"index":"index","follow":"follow","max-snippet":"max-snippet:-1","max-image-preview":"max-image-preview:large","max-video-preview":"max-video-preview:-1"},"canonical":"https:\/\/thelyflabs.com\/pt\/product\/cartucho-desechable-e8h-90-gorilla-glue-1ml\/","og_locale":"pt_PT","og_type":"article","og_title":"Cartucho desechable E8H 90% - Gorilla Glue 1ml - THE LYF LABS","og_description":"Cartucho E8H 90% Gorilla Glue. Cartuchos desechables CBD, STV, E8H y 10-OH para vapers y bater\u00edas recargables sin THC, HHC o nicotina.","og_url":"https:\/\/thelyflabs.com\/pt\/product\/cartucho-desechable-e8h-90-gorilla-glue-1ml\/","og_site_name":"THE LYF LABS","article_modified_time":"2026-03-19T13:36:19+00:00","og_image":[{"width":1000,"height":1000,"url":"https:\/\/thelyflabs.com\/wp-content\/uploads\/2025\/09\/Bolsa-Cart-Gelato-2025-E8H-con-cartucho-2.webp","type":"image\/webp"}],"twitter_card":"summary_large_image","twitter_misc":{"Tempo estimado de leitura":"4 minutos"},"schema":{"@context":"https:\/\/schema.org","@graph":[{"@type":"WebPage","@id":"https:\/\/thelyflabs.com\/product\/cartucho-desechable-e8h-90-gorilla-glue-1ml","url":"https:\/\/thelyflabs.com\/product\/cartucho-desechable-e8h-90-gorilla-glue-1ml","name":"Cartucho desechable E8H 90% - Gorilla Glue 1ml - THE LYF LABS","isPartOf":{"@id":"https:\/\/thelyflabs.com\/#website"},"primaryImageOfPage":{"@id":"https:\/\/thelyflabs.com\/product\/cartucho-desechable-e8h-90-gorilla-glue-1ml#primaryimage"},"image":{"@id":"https:\/\/thelyflabs.com\/product\/cartucho-desechable-e8h-90-gorilla-glue-1ml#primaryimage"},"thumbnailUrl":"https:\/\/thelyflabs.com\/wp-content\/uploads\/2025\/09\/Bolsa-Cart-Gelato-2025-E8H-con-cartucho-2.webp","datePublished":"2025-09-11T15:13:47+00:00","dateModified":"2026-03-19T13:36:19+00:00","description":"Cartucho E8H 90% Gorilla Glue. Cartuchos desechables CBD, STV, E8H y 10-OH para vapers y bater\u00edas recargables sin THC, HHC o nicotina.","breadcrumb":{"@id":"https:\/\/thelyflabs.com\/product\/cartucho-desechable-e8h-90-gorilla-glue-1ml#breadcrumb"},"inLanguage":"pt-PT","potentialAction":[{"@type":"ReadAction","target":["https:\/\/thelyflabs.com\/product\/cartucho-desechable-e8h-90-gorilla-glue-1ml"]}]},{"@type":"ImageObject","inLanguage":"pt-PT","@id":"https:\/\/thelyflabs.com\/product\/cartucho-desechable-e8h-90-gorilla-glue-1ml#primaryimage","url":"https:\/\/thelyflabs.com\/wp-content\/uploads\/2025\/09\/Bolsa-Cart-Gelato-2025-E8H-con-cartucho-2.webp","contentUrl":"https:\/\/thelyflabs.com\/wp-content\/uploads\/2025\/09\/Bolsa-Cart-Gelato-2025-E8H-con-cartucho-2.webp","width":1000,"height":1000,"caption":"cartucho e8h"},{"@type":"BreadcrumbList","@id":"https:\/\/thelyflabs.com\/product\/cartucho-desechable-e8h-90-gorilla-glue-1ml#breadcrumb","itemListElement":[{"@type":"ListItem","position":1,"name":"Portada","item":"https:\/\/thelyflabs.com\/"},{"@type":"ListItem","position":2,"name":"Tienda","item":"https:\/\/thelyflabs.com\/tienda"},{"@type":"ListItem","position":3,"name":"Cartucho desechable E8H 90% &#8211; Gorilla Glue 1ml"}]},{"@type":"WebSite","@id":"https:\/\/thelyflabs.com\/#website","url":"https:\/\/thelyflabs.com\/","name":"Os Laborat\u00f3rios LYF","description":"CBD atacado","publisher":{"@id":"https:\/\/thelyflabs.com\/#organization"},"potentialAction":[{"@type":"SearchAction","target":{"@type":"EntryPoint","urlTemplate":"https:\/\/thelyflabs.com\/?s={search_term_string}"},"query-input":{"@type":"PropertyValueSpecification","valueRequired":true,"valueName":"search_term_string"}}],"inLanguage":"pt-PT"},{"@type":"Organization","@id":"https:\/\/thelyflabs.com\/#organization","name":"Os Laborat\u00f3rios LYF","url":"https:\/\/thelyflabs.com\/","logo":{"@type":"ImageObject","inLanguage":"pt-PT","@id":"https:\/\/thelyflabs.com\/#\/schema\/logo\/image\/","url":"https:\/\/thelyflabs.com\/wp-content\/uploads\/2023\/01\/cropped-LogoTheLYFLabs.png","contentUrl":"https:\/\/thelyflabs.com\/wp-content\/uploads\/2023\/01\/cropped-LogoTheLYFLabs.png","width":600,"height":180,"caption":"The LYF Labs"},"image":{"@id":"https:\/\/thelyflabs.com\/#\/schema\/logo\/image\/"}}]}},"_links":{"self":[{"href":"https:\/\/thelyflabs.com\/pt\/wp-json\/wp\/v2\/product\/14088","targetHints":{"allow":["GET"]}}],"collection":[{"href":"https:\/\/thelyflabs.com\/pt\/wp-json\/wp\/v2\/product"}],"about":[{"href":"https:\/\/thelyflabs.com\/pt\/wp-json\/wp\/v2\/types\/product"}],"replies":[{"embeddable":true,"href":"https:\/\/thelyflabs.com\/pt\/wp-json\/wp\/v2\/comments?post=14088"}],"wp:featuredmedia":[{"embeddable":true,"href":"https:\/\/thelyflabs.com\/pt\/wp-json\/wp\/v2\/media\/14092"}],"wp:attachment":[{"href":"https:\/\/thelyflabs.com\/pt\/wp-json\/wp\/v2\/media?parent=14088"}],"wp:term":[{"taxonomy":"product_brand","embeddable":true,"href":"https:\/\/thelyflabs.com\/pt\/wp-json\/wp\/v2\/product_brand?post=14088"},{"taxonomy":"product_cat","embeddable":true,"href":"https:\/\/thelyflabs.com\/pt\/wp-json\/wp\/v2\/product_cat?post=14088"},{"taxonomy":"product_tag","embeddable":true,"href":"https:\/\/thelyflabs.com\/pt\/wp-json\/wp\/v2\/product_tag?post=14088"}],"curies":[{"name":"wp","href":"https:\/\/api.w.org\/{rel}","templated":true}]}}