{"id":14154,"date":"2025-09-16T10:52:04","date_gmt":"2025-09-16T08:52:04","guid":{"rendered":"https:\/\/thelyflabs.com\/?post_type=product&#038;p=14154"},"modified":"2026-03-19T14:35:19","modified_gmt":"2026-03-19T13:35:19","slug":"vaper-e8h-90-space-vape-strawberry-1ml","status":"publish","type":"product","link":"https:\/\/thelyflabs.com\/pt\/product\/vaper-e8h-90-space-vape-strawberry-1ml","title":{"rendered":"Vaper E8H 90% \u2013 Space Vape Morango 1ml"},"content":{"rendered":"<h2>Vaper E8H Space Vape \u2013 Sabor Morango<\/h2>\n<p>Descubra o E8H Space Vape sabor morango, um dispositivo \u00fanico com uma mol\u00e9cula inovadora: E8H. Este vape port\u00e1til combina o sabor delicioso de morangos maduros com a experi\u00eancia equilibrada do E8H em um design pr\u00e1tico e confort\u00e1vel que se tornar\u00e1 seu companheiro ideal em qualquer momento.<\/p>\n<h3>O que \u00e9 E8H?<\/h3>\n<p>O E8H \u00e9 um canabinoide semissint\u00e9tico obtido do c\u00e2nhamo industrial e desenvolvido para proporcionar uma experi\u00eancia sem efeito colateral. Ao contr\u00e1rio de outros canabinoides, o E8H est\u00e1 na vanguarda da inova\u00e7\u00e3o em produtos de CBD. Assim, seu desenvolvimento recente abre novas oportunidades no mundo da vaporiza\u00e7\u00e3o, tornando-se uma op\u00e7\u00e3o muito interessante para os apreciadores.<\/p>\n<h3>Seu Vape Descart\u00e1vel E8H Sabor Morango<\/h3>\n<p>Este vaporizador descart\u00e1vel E8H Space Vape com sabor de morango \u00e9 compacto e muito f\u00e1cil de usar. Ele vem com uma bateria de longa dura\u00e7\u00e3o e um tanque de 1 a 2 ml, dependendo do modelo escolhido, garantindo entre 300 e 600 tragadas prazerosas. Sua f\u00f3rmula exclusiva cont\u00e9m E8H e terpenos naturais de alta qualidade que lhe conferem um sabor doce de morango que voc\u00ea vai adorar.<\/p>\n<p>\u00c9 importante ressaltar que este produto n\u00e3o cont\u00e9m THC, HHC, THC-P ou nicotina. Todos os nossos produtos s\u00e3o provenientes de c\u00e2nhamo certificado e atendem \u00e0s leis vigentes, mantendo os n\u00edveis de THC abaixo de 0,3%. Dessa forma, garantimos que n\u00e3o cont\u00eam canabinoides ilegais.<\/p>\n<h3>O que \u00e9 um Vape Descart\u00e1vel?<\/h3>\n<p>Os vapes descart\u00e1veis, tamb\u00e9m conhecidos como pods ou vaporizadores descart\u00e1veis, s\u00e3o dispositivos pr\u00e1ticos em formato de caneta, projetados para serem usados e descartados. Eles v\u00eam com bateria e e-l\u00edquido j\u00e1 inclusos, dispensando recargas ou reabastecimentos. S\u00e3o projetados para fornecer um n\u00famero espec\u00edfico de tragadas, indicado na embalagem.<\/p>\n<h3>Qual \u00e9 a sensa\u00e7\u00e3o do Space Vape E8H?<\/h3>\n<p>Diz-se que o E8H proporciona uma sensa\u00e7\u00e3o de prazer, euforia, melhora da concentra\u00e7\u00e3o ou paz. Algumas pessoas o comparam aos efeitos do THC, embora n\u00e3o haja dados suficientes para confirmar isso. Os potenciais efeitos colaterais a longo prazo tamb\u00e9m s\u00e3o desconhecidos. Portanto, de acordo com a legisla\u00e7\u00e3o espanhola, n\u00e3o recomendamos sua ingest\u00e3o.<\/p>\n<p>N\u00e3o dirija ve\u00edculos nem opere m\u00e1quinas pesadas ap\u00f3s o uso.<\/p>\n<p>Produto para fins t\u00e9cnicos, industriais ou hort\u00edcolas.<\/p>\n<p>\u00c9 um item de colecionador, n\u00e3o destinado ao consumo direto ou para fumar.<\/p>\n<p>Este produto n\u00e3o cont\u00e9m canabinoides ilegais.<\/p>\n<h3>Space Vape: A \u00daltima Gera\u00e7\u00e3o de Vapers<\/h3>\n<p>Nossa linha Iguana Smoke Space Vape inclui vapes feitos principalmente com CBD de alta pureza, aos quais adicionamos mol\u00e9culas inovadoras criadas para substituir os efeitos do THC, tudo em conformidade com a legisla\u00e7\u00e3o vigente. Atualmente, voc\u00ea pode escolher entre diversos Space Vapes com Sativanol, 10-OH, e a mais recente adi\u00e7\u00e3o, E8H. Convidamos voc\u00ea a experimentar todos e escolher o seu efeito favorito. Se quiser se manter atualizado sobre produtos de CBD, visite a Iguana Smoke, onde sempre oferecemos qualidade e atendimento personalizado.<\/p>\n<p>&nbsp;<\/p>","protected":false},"excerpt":{"rendered":"<h4>Caracteristicas<\/h4>\n<ul>\n<li>Sabor morango<\/li>\n<li>Capacidade: 1ml<\/li>\n<li>Tragadas: 300<\/li>\n<li>Terpenos naturais de alta qualidade<\/li>\n<li>E8H para 90%<\/li>\n<li>THC: 0%, HHC: 0%, THC-P: 0%, Nicotina: 0%<\/li>\n<li>N\u00e3o cont\u00e9m VG, PG, PEG, MCT ou outros agentes de corte.<\/li>\n<\/ul>\n<p>Produto legal para estudo ou cole\u00e7\u00e3o. Consulte o <a href=\"https:\/\/iguanasmoke.com\/analiticas\/\">An\u00e1lise de qualidade aqui<\/a>.<\/p>","protected":false},"featured_media":17160,"comment_status":"open","ping_status":"closed","template":"","meta":{"_acf_changed":false,"site-sidebar-layout":"default","site-content-layout":"","ast-site-content-layout":"default","site-content-style":"default","site-sidebar-style":"default","ast-global-header-display":"","ast-banner-title-visibility":"","ast-main-header-display":"","ast-hfb-above-header-display":"","ast-hfb-below-header-display":"","ast-hfb-mobile-header-display":"","site-post-title":"","ast-breadcrumbs-content":"","ast-featured-img":"","footer-sml-layout":"","theme-transparent-header-meta":"default","adv-header-id-meta":"","stick-header-meta":"","header-above-stick-meta":"","header-main-stick-meta":"","header-below-stick-meta":"","astra-migrate-meta-layouts":"set","ast-page-background-enabled":"default","ast-page-background-meta":{"desktop":{"background-color":"var(--ast-global-color-4)","background-image":"","background-repeat":"repeat","background-position":"center center","background-size":"auto","background-attachment":"scroll","background-type":"","background-media":"","overlay-type":"","overlay-color":"","overlay-opacity":"","overlay-gradient":""},"tablet":{"background-color":"","background-image":"","background-repeat":"repeat","background-position":"center center","background-size":"auto","background-attachment":"scroll","background-type":"","background-media":"","overlay-type":"","overlay-color":"","overlay-opacity":"","overlay-gradient":""},"mobile":{"background-color":"","background-image":"","background-repeat":"repeat","background-position":"center center","background-size":"auto","background-attachment":"scroll","background-type":"","background-media":"","overlay-type":"","overlay-color":"","overlay-opacity":"","overlay-gradient":""}},"ast-content-background-meta":{"desktop":{"background-color":"var(--ast-global-color-5)","background-image":"","background-repeat":"repeat","background-position":"center center","background-size":"auto","background-attachment":"scroll","background-type":"","background-media":"","overlay-type":"","overlay-color":"","overlay-opacity":"","overlay-gradient":""},"tablet":{"background-color":"var(--ast-global-color-5)","background-image":"","background-repeat":"repeat","background-position":"center center","background-size":"auto","background-attachment":"scroll","background-type":"","background-media":"","overlay-type":"","overlay-color":"","overlay-opacity":"","overlay-gradient":""},"mobile":{"background-color":"var(--ast-global-color-5)","background-image":"","background-repeat":"repeat","background-position":"center center","background-size":"auto","background-attachment":"scroll","background-type":"","background-media":"","overlay-type":"","overlay-color":"","overlay-opacity":"","overlay-gradient":""}}},"product_brand":[],"product_cat":[145,146,141],"product_tag":[],"class_list":{"0":"post-14154","1":"product","2":"type-product","3":"status-publish","4":"has-post-thumbnail","6":"product_cat-e8h","7":"product_cat-nuevas-moleculas","8":"product_cat-vapers-cbd","9":"desktop-align-center","10":"tablet-align-left","11":"mobile-align-left","13":"first","14":"instock","15":"taxable","16":"shipping-taxable","17":"purchasable","18":"product-type-simple"},"acf":[],"yoast_head":"<!-- This site is optimized with the Yoast SEO plugin v27.4 - https:\/\/yoast.com\/product\/yoast-seo-wordpress\/ -->\n<title>Vaper E8H 90% - Space Vape Strawberry 1ml - THE LYF LABS - Vapers Mayorista<\/title>\n<meta name=\"description\" content=\"E8H Vaper sabor Strawberry, 90% mol\u00e9cula sin THC ni nicotina. Compra vapers al por mayor CBD y alternativas al THC y HHC para distribuidores y tiendas.\" \/>\n<meta name=\"robots\" content=\"index, follow, max-snippet:-1, max-image-preview:large, max-video-preview:-1\" \/>\n<link rel=\"canonical\" href=\"https:\/\/thelyflabs.com\/pt\/product\/vaper-e8h-90-space-vape-strawberry-1ml\/\" \/>\n<meta property=\"og:locale\" content=\"pt_PT\" \/>\n<meta property=\"og:type\" content=\"article\" \/>\n<meta property=\"og:title\" content=\"Vaper E8H 90% - Space Vape Strawberry 1ml - THE LYF LABS - Vapers Mayorista\" \/>\n<meta property=\"og:description\" content=\"E8H Vaper sabor Strawberry, 90% mol\u00e9cula sin THC ni nicotina. Compra vapers al por mayor CBD y alternativas al THC y HHC para distribuidores y tiendas.\" \/>\n<meta property=\"og:url\" content=\"https:\/\/thelyflabs.com\/pt\/product\/vaper-e8h-90-space-vape-strawberry-1ml\/\" \/>\n<meta property=\"og:site_name\" content=\"THE LYF LABS\" \/>\n<meta property=\"article:modified_time\" content=\"2026-03-19T13:35:19+00:00\" \/>\n<meta property=\"og:image\" content=\"https:\/\/thelyflabs.com\/wp-content\/uploads\/2026\/03\/Bolsa-Space-Vape-Strawberry-E8H-1ml-con-vape.webp\" \/>\n\t<meta property=\"og:image:width\" content=\"1000\" \/>\n\t<meta property=\"og:image:height\" content=\"1000\" \/>\n\t<meta property=\"og:image:type\" content=\"image\/webp\" \/>\n<meta name=\"twitter:card\" content=\"summary_large_image\" \/>\n<meta name=\"twitter:label1\" content=\"Tempo estimado de leitura\" \/>\n\t<meta name=\"twitter:data1\" content=\"3 minutos\" \/>\n<script type=\"application\/ld+json\" class=\"yoast-schema-graph\">{\"@context\":\"https:\\\/\\\/schema.org\",\"@graph\":[{\"@type\":\"WebPage\",\"@id\":\"https:\\\/\\\/thelyflabs.com\\\/product\\\/vaper-e8h-90-space-vape-strawberry-1ml\",\"url\":\"https:\\\/\\\/thelyflabs.com\\\/product\\\/vaper-e8h-90-space-vape-strawberry-1ml\",\"name\":\"Vaper E8H 90% - Space Vape Strawberry 1ml - THE LYF LABS - Vapers Mayorista\",\"isPartOf\":{\"@id\":\"https:\\\/\\\/thelyflabs.com\\\/#website\"},\"primaryImageOfPage\":{\"@id\":\"https:\\\/\\\/thelyflabs.com\\\/product\\\/vaper-e8h-90-space-vape-strawberry-1ml#primaryimage\"},\"image\":{\"@id\":\"https:\\\/\\\/thelyflabs.com\\\/product\\\/vaper-e8h-90-space-vape-strawberry-1ml#primaryimage\"},\"thumbnailUrl\":\"https:\\\/\\\/thelyflabs.com\\\/wp-content\\\/uploads\\\/2026\\\/03\\\/Bolsa-Space-Vape-Strawberry-E8H-1ml-con-vape.webp\",\"datePublished\":\"2025-09-16T08:52:04+00:00\",\"dateModified\":\"2026-03-19T13:35:19+00:00\",\"description\":\"E8H Vaper sabor Strawberry, 90% mol\u00e9cula sin THC ni nicotina. Compra vapers al por mayor CBD y alternativas al THC y HHC para distribuidores y tiendas.\",\"breadcrumb\":{\"@id\":\"https:\\\/\\\/thelyflabs.com\\\/product\\\/vaper-e8h-90-space-vape-strawberry-1ml#breadcrumb\"},\"inLanguage\":\"pt-PT\",\"potentialAction\":[{\"@type\":\"ReadAction\",\"target\":[\"https:\\\/\\\/thelyflabs.com\\\/product\\\/vaper-e8h-90-space-vape-strawberry-1ml\"]}]},{\"@type\":\"ImageObject\",\"inLanguage\":\"pt-PT\",\"@id\":\"https:\\\/\\\/thelyflabs.com\\\/product\\\/vaper-e8h-90-space-vape-strawberry-1ml#primaryimage\",\"url\":\"https:\\\/\\\/thelyflabs.com\\\/wp-content\\\/uploads\\\/2026\\\/03\\\/Bolsa-Space-Vape-Strawberry-E8H-1ml-con-vape.webp\",\"contentUrl\":\"https:\\\/\\\/thelyflabs.com\\\/wp-content\\\/uploads\\\/2026\\\/03\\\/Bolsa-Space-Vape-Strawberry-E8H-1ml-con-vape.webp\",\"width\":1000,\"height\":1000,\"caption\":\"Bolsa m\u00e1s vaper azul Strawberry STV 1 ml\"},{\"@type\":\"BreadcrumbList\",\"@id\":\"https:\\\/\\\/thelyflabs.com\\\/product\\\/vaper-e8h-90-space-vape-strawberry-1ml#breadcrumb\",\"itemListElement\":[{\"@type\":\"ListItem\",\"position\":1,\"name\":\"Portada\",\"item\":\"https:\\\/\\\/thelyflabs.com\\\/\"},{\"@type\":\"ListItem\",\"position\":2,\"name\":\"Tienda\",\"item\":\"https:\\\/\\\/thelyflabs.com\\\/tienda\"},{\"@type\":\"ListItem\",\"position\":3,\"name\":\"Vaper E8H 90% &#8211; Space Vape Strawberry 1ml\"}]},{\"@type\":\"WebSite\",\"@id\":\"https:\\\/\\\/thelyflabs.com\\\/#website\",\"url\":\"https:\\\/\\\/thelyflabs.com\\\/\",\"name\":\"The LYF Labs\",\"description\":\"CBD al por mayor\",\"publisher\":{\"@id\":\"https:\\\/\\\/thelyflabs.com\\\/#organization\"},\"potentialAction\":[{\"@type\":\"SearchAction\",\"target\":{\"@type\":\"EntryPoint\",\"urlTemplate\":\"https:\\\/\\\/thelyflabs.com\\\/?s={search_term_string}\"},\"query-input\":{\"@type\":\"PropertyValueSpecification\",\"valueRequired\":true,\"valueName\":\"search_term_string\"}}],\"inLanguage\":\"pt-PT\"},{\"@type\":\"Organization\",\"@id\":\"https:\\\/\\\/thelyflabs.com\\\/#organization\",\"name\":\"The LYF Labs\",\"url\":\"https:\\\/\\\/thelyflabs.com\\\/\",\"logo\":{\"@type\":\"ImageObject\",\"inLanguage\":\"pt-PT\",\"@id\":\"https:\\\/\\\/thelyflabs.com\\\/#\\\/schema\\\/logo\\\/image\\\/\",\"url\":\"https:\\\/\\\/thelyflabs.com\\\/wp-content\\\/uploads\\\/2023\\\/01\\\/cropped-LogoTheLYFLabs.png\",\"contentUrl\":\"https:\\\/\\\/thelyflabs.com\\\/wp-content\\\/uploads\\\/2023\\\/01\\\/cropped-LogoTheLYFLabs.png\",\"width\":600,\"height\":180,\"caption\":\"The LYF Labs\"},\"image\":{\"@id\":\"https:\\\/\\\/thelyflabs.com\\\/#\\\/schema\\\/logo\\\/image\\\/\"}}]}<\/script>\n<!-- \/ Yoast SEO plugin. -->","yoast_head_json":{"title":"Vaper E8H 90% - Space Vape Strawberry 1ml - THE LYF LABS - Vapers Mayorista","description":"E8H Vaper sabor Strawberry, 90% mol\u00e9cula sin THC ni nicotina. Compra vapers al por mayor CBD y alternativas al THC y HHC para distribuidores y tiendas.","robots":{"index":"index","follow":"follow","max-snippet":"max-snippet:-1","max-image-preview":"max-image-preview:large","max-video-preview":"max-video-preview:-1"},"canonical":"https:\/\/thelyflabs.com\/pt\/product\/vaper-e8h-90-space-vape-strawberry-1ml\/","og_locale":"pt_PT","og_type":"article","og_title":"Vaper E8H 90% - Space Vape Strawberry 1ml - THE LYF LABS - Vapers Mayorista","og_description":"E8H Vaper sabor Strawberry, 90% mol\u00e9cula sin THC ni nicotina. Compra vapers al por mayor CBD y alternativas al THC y HHC para distribuidores y tiendas.","og_url":"https:\/\/thelyflabs.com\/pt\/product\/vaper-e8h-90-space-vape-strawberry-1ml\/","og_site_name":"THE LYF LABS","article_modified_time":"2026-03-19T13:35:19+00:00","og_image":[{"width":1000,"height":1000,"url":"https:\/\/thelyflabs.com\/wp-content\/uploads\/2026\/03\/Bolsa-Space-Vape-Strawberry-E8H-1ml-con-vape.webp","type":"image\/webp"}],"twitter_card":"summary_large_image","twitter_misc":{"Tempo estimado de leitura":"3 minutos"},"schema":{"@context":"https:\/\/schema.org","@graph":[{"@type":"WebPage","@id":"https:\/\/thelyflabs.com\/product\/vaper-e8h-90-space-vape-strawberry-1ml","url":"https:\/\/thelyflabs.com\/product\/vaper-e8h-90-space-vape-strawberry-1ml","name":"Vaper E8H 90% - Space Vape Strawberry 1ml - THE LYF LABS - Vapers Mayorista","isPartOf":{"@id":"https:\/\/thelyflabs.com\/#website"},"primaryImageOfPage":{"@id":"https:\/\/thelyflabs.com\/product\/vaper-e8h-90-space-vape-strawberry-1ml#primaryimage"},"image":{"@id":"https:\/\/thelyflabs.com\/product\/vaper-e8h-90-space-vape-strawberry-1ml#primaryimage"},"thumbnailUrl":"https:\/\/thelyflabs.com\/wp-content\/uploads\/2026\/03\/Bolsa-Space-Vape-Strawberry-E8H-1ml-con-vape.webp","datePublished":"2025-09-16T08:52:04+00:00","dateModified":"2026-03-19T13:35:19+00:00","description":"E8H Vaper sabor Strawberry, 90% mol\u00e9cula sin THC ni nicotina. Compra vapers al por mayor CBD y alternativas al THC y HHC para distribuidores y tiendas.","breadcrumb":{"@id":"https:\/\/thelyflabs.com\/product\/vaper-e8h-90-space-vape-strawberry-1ml#breadcrumb"},"inLanguage":"pt-PT","potentialAction":[{"@type":"ReadAction","target":["https:\/\/thelyflabs.com\/product\/vaper-e8h-90-space-vape-strawberry-1ml"]}]},{"@type":"ImageObject","inLanguage":"pt-PT","@id":"https:\/\/thelyflabs.com\/product\/vaper-e8h-90-space-vape-strawberry-1ml#primaryimage","url":"https:\/\/thelyflabs.com\/wp-content\/uploads\/2026\/03\/Bolsa-Space-Vape-Strawberry-E8H-1ml-con-vape.webp","contentUrl":"https:\/\/thelyflabs.com\/wp-content\/uploads\/2026\/03\/Bolsa-Space-Vape-Strawberry-E8H-1ml-con-vape.webp","width":1000,"height":1000,"caption":"Bolsa m\u00e1s vaper azul Strawberry STV 1 ml"},{"@type":"BreadcrumbList","@id":"https:\/\/thelyflabs.com\/product\/vaper-e8h-90-space-vape-strawberry-1ml#breadcrumb","itemListElement":[{"@type":"ListItem","position":1,"name":"Portada","item":"https:\/\/thelyflabs.com\/"},{"@type":"ListItem","position":2,"name":"Tienda","item":"https:\/\/thelyflabs.com\/tienda"},{"@type":"ListItem","position":3,"name":"Vaper E8H 90% &#8211; Space Vape Strawberry 1ml"}]},{"@type":"WebSite","@id":"https:\/\/thelyflabs.com\/#website","url":"https:\/\/thelyflabs.com\/","name":"Os Laborat\u00f3rios LYF","description":"CBD atacado","publisher":{"@id":"https:\/\/thelyflabs.com\/#organization"},"potentialAction":[{"@type":"SearchAction","target":{"@type":"EntryPoint","urlTemplate":"https:\/\/thelyflabs.com\/?s={search_term_string}"},"query-input":{"@type":"PropertyValueSpecification","valueRequired":true,"valueName":"search_term_string"}}],"inLanguage":"pt-PT"},{"@type":"Organization","@id":"https:\/\/thelyflabs.com\/#organization","name":"Os Laborat\u00f3rios LYF","url":"https:\/\/thelyflabs.com\/","logo":{"@type":"ImageObject","inLanguage":"pt-PT","@id":"https:\/\/thelyflabs.com\/#\/schema\/logo\/image\/","url":"https:\/\/thelyflabs.com\/wp-content\/uploads\/2023\/01\/cropped-LogoTheLYFLabs.png","contentUrl":"https:\/\/thelyflabs.com\/wp-content\/uploads\/2023\/01\/cropped-LogoTheLYFLabs.png","width":600,"height":180,"caption":"The LYF Labs"},"image":{"@id":"https:\/\/thelyflabs.com\/#\/schema\/logo\/image\/"}}]}},"_links":{"self":[{"href":"https:\/\/thelyflabs.com\/pt\/wp-json\/wp\/v2\/product\/14154","targetHints":{"allow":["GET"]}}],"collection":[{"href":"https:\/\/thelyflabs.com\/pt\/wp-json\/wp\/v2\/product"}],"about":[{"href":"https:\/\/thelyflabs.com\/pt\/wp-json\/wp\/v2\/types\/product"}],"replies":[{"embeddable":true,"href":"https:\/\/thelyflabs.com\/pt\/wp-json\/wp\/v2\/comments?post=14154"}],"wp:featuredmedia":[{"embeddable":true,"href":"https:\/\/thelyflabs.com\/pt\/wp-json\/wp\/v2\/media\/17160"}],"wp:attachment":[{"href":"https:\/\/thelyflabs.com\/pt\/wp-json\/wp\/v2\/media?parent=14154"}],"wp:term":[{"taxonomy":"product_brand","embeddable":true,"href":"https:\/\/thelyflabs.com\/pt\/wp-json\/wp\/v2\/product_brand?post=14154"},{"taxonomy":"product_cat","embeddable":true,"href":"https:\/\/thelyflabs.com\/pt\/wp-json\/wp\/v2\/product_cat?post=14154"},{"taxonomy":"product_tag","embeddable":true,"href":"https:\/\/thelyflabs.com\/pt\/wp-json\/wp\/v2\/product_tag?post=14154"}],"curies":[{"name":"wp","href":"https:\/\/api.w.org\/{rel}","templated":true}]}}