{"id":14190,"date":"2025-09-16T13:17:28","date_gmt":"2025-09-16T11:17:28","guid":{"rendered":"https:\/\/thelyflabs.com\/?post_type=product&#038;p=14190"},"modified":"2026-04-20T09:32:34","modified_gmt":"2026-04-20T07:32:34","slug":"cartucho-desechable-stv-sativanol-red-berries","status":"publish","type":"product","link":"https:\/\/thelyflabs.com\/pt\/product\/cartucho-desechable-stv-sativanol-red-berries","title":{"rendered":"Cartucho descart\u00e1vel STV Sativanol \u2013 Frutas Vermelhas"},"content":{"rendered":"<h1 data-start=\"302\" data-end=\"345\">Cartucho descart\u00e1vel STV Sativanol \u2013 Frutas Vermelhas<\/h1>\n<p>O cartucho descart\u00e1vel <b>STV Sativanol<\/b> aromatizado com <b>Bagas Vermelhas<\/b> Oferece uma experi\u00eancia de vaporiza\u00e7\u00e3o funcional e simples. Seu vibrante perfil de sabor de morango, framboesa e mirtilo \u00e9 complementado por uma f\u00f3rmula pura e livre de toxinas. <b>agentes de corte<\/b>. Al\u00e9m disso, cont\u00e9m <b>STV Sativanol<\/b>, uma das mol\u00e9culas mais novas do mercado, projetada para fornecer energia e foco sem o peso do THC.<\/p>\n<p>Agora dispon\u00edvel na Iguana Smoke, este produto est\u00e1 em conformidade com todas as regulamenta\u00e7\u00f5es legais.<\/p>\n<h2 data-start=\"907\" data-end=\"932\">O que \u00e9 STV ou Sativanol?<\/h2>\n<p data-start=\"934\" data-end=\"1198\"><strong data-start=\"934\" data-end=\"953\">Sativanol, STV ou Super Sativa<\/strong>\u00a0\u00c9 um canabinoide semissint\u00e9tico de \u00faltima gera\u00e7\u00e3o derivado do c\u00e2nhamo que n\u00e3o cont\u00e9m THC ou seus derivados (HHC, THCP, etc.), mas seu efeito \u00e9 compar\u00e1vel ao de uma Sativa potente: clareza mental, euforia leve e bem-estar sem confus\u00e3o ou baixa.<\/p>\n<p data-start=\"1200\" data-end=\"1220\"><strong data-start=\"1200\" data-end=\"1220\">Vantagens do STV:<\/strong><\/p>\n<ul data-start=\"1221\" data-end=\"1424\">\n<li data-start=\"1221\" data-end=\"1253\">\n<p data-start=\"1223\" data-end=\"1253\">Estimula\u00e7\u00e3o mental e foco.<\/p>\n<\/li>\n<li data-start=\"1254\" data-end=\"1298\">\n<p data-start=\"1256\" data-end=\"1298\">N\u00e3o gera toler\u00e2ncia com uso frequente.<\/p>\n<\/li>\n<li data-start=\"1299\" data-end=\"1342\">\n<p data-start=\"1301\" data-end=\"1342\">N\u00e3o deixa voc\u00ea parado nem causa sonol\u00eancia.<\/p>\n<\/li>\n<li data-start=\"1343\" data-end=\"1375\">\n<p data-start=\"1345\" data-end=\"1375\">Efeitos duradouros (3-4 horas).<\/p>\n<\/li>\n<li data-start=\"1376\" data-end=\"1424\">\n<p data-start=\"1378\" data-end=\"1424\">100% legal e livre de subst\u00e2ncias controladas.<\/p>\n<\/li>\n<\/ul>\n<h2 data-start=\"1506\" data-end=\"1530\">Perfil de sabor de frutas vermelhas<\/h2>\n<p data-start=\"1532\" data-end=\"1699\">O perfil de sabor <b>Bagas Vermelhas<\/b> Caracteriza-se por seu aroma frutado e suculento, com um toque agridoce que faz com que cada tragada pare\u00e7a um mix de frutas vermelhas frescas.<\/p>\n<h2 data-start=\"2040\" data-end=\"2074\">O que \u00e9 um cartucho descart\u00e1vel?<\/h2>\n<p data-start=\"2076\" data-end=\"2288\">UM <strong data-start=\"2079\" data-end=\"2102\">cartucho descart\u00e1vel<\/strong> (tamb\u00e9m chamado de pod ou cartucho) \u00e9 um dispositivo pr\u00e9-preenchido com l\u00edquido para vaporiza\u00e7\u00e3o. Para us\u00e1-lo, voc\u00ea s\u00f3 precisa de uma bateria padr\u00e3o com rosca 510 para conect\u00e1-lo, e pronto; sem recargas ou complica\u00e7\u00f5es.<\/p>\n<p data-start=\"2290\" data-end=\"2349\"><strong data-start=\"2290\" data-end=\"2315\">STV Sativanol \u2013 Frutas Vermelhas<\/strong> Est\u00e1 dispon\u00edvel em duas vers\u00f5es:<\/p>\n<ul data-start=\"2350\" data-end=\"2425\">\n<li data-start=\"2350\" data-end=\"2387\">\n<p data-start=\"2352\" data-end=\"2387\"><strong data-start=\"2352\" data-end=\"2360\">1 ml<\/strong> \u2013 Rende at\u00e9 300 tragadas.<\/p>\n<\/li>\n<li data-start=\"2388\" data-end=\"2425\">\n<p data-start=\"2390\" data-end=\"2425\"><strong data-start=\"2390\" data-end=\"2398\">2 ml<\/strong> \u2013 Rende at\u00e9 600 tragadas.<\/p>\n<\/li>\n<\/ul>\n<h2 data-start=\"2505\" data-end=\"2547\">Por que comprar o cartucho STV Red Berries?<\/h2>\n<p data-start=\"2549\" data-end=\"2769\">Porque o <strong data-start=\"2559\" data-end=\"2572\">Cartucho STV<\/strong> \u00c9 o que h\u00e1 de mais moderno em vaporiza\u00e7\u00e3o legal de CBD, pois tem um efeito potente sem THC ou nicotina. Em suma, \u00e9 uma op\u00e7\u00e3o ideal para quem busca seguran\u00e7a e sensa\u00e7\u00f5es sem paranoia ou sonol\u00eancia.<\/p>\n<p data-start=\"2771\" data-end=\"2809\"><strong data-start=\"2771\" data-end=\"2809\">Benef\u00edcios do cartucho STV Red Berries:<\/strong><\/p>\n<ul data-start=\"2810\" data-end=\"3020\">\n<li data-start=\"2810\" data-end=\"2849\">\n<p data-start=\"2812\" data-end=\"2849\">Sabor doce e natural de frutas vermelhas.<\/p>\n<\/li>\n<li data-start=\"2850\" data-end=\"2894\">\n<p data-start=\"2852\" data-end=\"2894\">Cont\u00e9m STV: canabinoide legal, sem THC.<\/p>\n<\/li>\n<li data-start=\"2895\" data-end=\"2937\">\n<p data-start=\"2897\" data-end=\"2937\">Compat\u00edvel com baterias universais 510.<\/p>\n<\/li>\n<li data-start=\"2938\" data-end=\"2968\">\n<p data-start=\"2940\" data-end=\"2968\">Sem aditivos ou solventes.<\/p>\n<\/li>\n<\/ul>\n<p data-start=\"3022\" data-end=\"3126\">Seja voc\u00ea novato nisso ou algu\u00e9m que nunca perde um lan\u00e7amento, este cartucho \u00e9 para voc\u00ea.<\/p>\n<h2 data-start=\"3133\" data-end=\"3162\">Onde comprar STV online?<\/h2>\n<p data-start=\"3164\" data-end=\"3291\">Em <strong data-start=\"3167\" data-end=\"3183\">Fuma\u00e7a De Iguana<\/strong>, seu site confi\u00e1vel para <strong data-start=\"3212\" data-end=\"3243\">comprar cartucho STV online,<\/strong>\u00a0onde oferecemos produtos de vaporiza\u00e7\u00e3o legais e funcionais.<\/p>\n<p data-start=\"3293\" data-end=\"3305\">Aqui voc\u00ea pode:<\/p>\n<ul data-start=\"3306\" data-end=\"3497\">\n<li data-start=\"3306\" data-end=\"3346\">\n<p data-start=\"3308\" data-end=\"3346\"><strong data-start=\"3308\" data-end=\"3345\">Compre vapes STV com sabor de frutas vermelhas<\/strong>.<\/p>\n<\/li>\n<li data-start=\"3347\" data-end=\"3398\">\n<p data-start=\"3349\" data-end=\"3398\"><strong data-start=\"3349\" data-end=\"3397\">Compre c\u00e1psulas como alternativa ao THC, sem aditivos, nicotina ou agentes de corte<\/strong>.<\/p>\n<\/li>\n<li data-start=\"3445\" data-end=\"3497\">\n<p data-start=\"3447\" data-end=\"3497\">Explore novos sabores com a STV como protagonista.<\/p>\n<\/li>\n<\/ul>\n<p data-start=\"3499\" data-end=\"3570\">Na Iguana Smoke, oferecemos remessa r\u00e1pida, atendimento direto ao cliente e um cat\u00e1logo em constante crescimento para que voc\u00ea possa aproveitar os \u00faltimos desenvolvimentos no mundo do CBD.<\/p>\n<h2 data-start=\"3577\" data-end=\"3633\">STV Red Berries: frutado, funcional e para qualquer ocasi\u00e3o<\/h2>\n<p data-start=\"3635\" data-end=\"3833\">Ele <strong data-start=\"3638\" data-end=\"3660\">Cartucho STV Red Berries<\/strong> Oferece o melhor dos dois mundos: um efeito mental claro e um sabor que voc\u00ea vai adorar. Al\u00e9m disso, \u00e9 a companhia ideal para aqueles dias em que voc\u00ea precisa de energia e paz sem complica\u00e7\u00f5es.<\/p>\n<hr class=\"\" style=\"--tw-scale-x: 1;--tw-scale-y: 1;--tw-scroll-snap-strictness: proximity;--tw-ring-offset-width: 0px;--tw-ring-offset-color: #fff;--tw-ring-color: #3b82f680;--tw-ring-offset-shadow: 0 0 #0000;--tw-ring-shadow: 0 0 #0000;--tw-shadow: 0 0 #0000;--tw-shadow-colored: 0 0 #0000\" data-start=\"3960\" data-end=\"3963\" \/>\n<p data-start=\"3965\" data-end=\"4047\"><strong data-start=\"3965\" data-end=\"4047\">Este produto \u00e9 um item de colecionador e, portanto, n\u00e3o \u00e9 adequado para combust\u00e3o ou consumo direto.<\/strong><\/p>\n<p data-start=\"4049\" data-end=\"4187\"><strong data-start=\"4049\" data-end=\"4187\">N\u00e3o cont\u00e9m canabinoides inclu\u00eddos no Anexo I do Real Decreto 2829\/1977 nem subst\u00e2ncias controladas por conven\u00e7\u00f5es internacionais.<\/strong><\/p>","protected":false},"excerpt":{"rendered":"<h4>Cartucho descart\u00e1vel STV Sativanol sabor frutas vermelhas<\/h4>\n<h4><strong>Caracteristicas<\/strong><\/h4>\n<ul>\n<li>Sabor frutado de frutas vermelhas<\/li>\n<li>Conex\u00e3o: tipo 510<\/li>\n<li>Habilidade: <span style=\"font-size: 16px\">1 ml \/ 2 ml<\/span><\/li>\n<li>Sopros: <span style=\"font-size: 16px\">300 \/ 600<\/span><\/li>\n<li>Terpenos naturais de alta qualidade<\/li>\n<li>STV (Sativanol): 90%<\/li>\n<li>THC: 0%<\/li>\n<li>HHC: 0%<\/li>\n<li>THC-P: 0%Nicotina: 0%<\/li>\n<li>N\u00e3o cont\u00e9m VG, PG, PEG, MCT ou quaisquer outros agentes cortantes<\/li>\n<\/ul>\n<p>Todos os nossos produtos s\u00e3o derivados de c\u00e2nhamo industrial certificado. Cont\u00eam menos de 0,3% de THC e n\u00e3o cont\u00eam canabinoides ilegais, como HHC, HHC-P, THCP, THCP-O, H4CBD ou qualquer um de seus derivados. Voc\u00ea pode consultar o <a href=\"https:\/\/iguanasmoke.com\/analiticas\/\" target=\"_blank\" rel=\"noopener\">Certificado de An\u00e1lise aqui.<\/a><\/p>","protected":false},"featured_media":14199,"comment_status":"open","ping_status":"closed","template":"","meta":{"_acf_changed":false,"site-sidebar-layout":"default","site-content-layout":"","ast-site-content-layout":"default","site-content-style":"default","site-sidebar-style":"default","ast-global-header-display":"","ast-banner-title-visibility":"","ast-main-header-display":"","ast-hfb-above-header-display":"","ast-hfb-below-header-display":"","ast-hfb-mobile-header-display":"","site-post-title":"","ast-breadcrumbs-content":"","ast-featured-img":"","footer-sml-layout":"","theme-transparent-header-meta":"default","adv-header-id-meta":"","stick-header-meta":"","header-above-stick-meta":"","header-main-stick-meta":"","header-below-stick-meta":"","astra-migrate-meta-layouts":"set","ast-page-background-enabled":"default","ast-page-background-meta":{"desktop":{"background-color":"var(--ast-global-color-4)","background-image":"","background-repeat":"repeat","background-position":"center center","background-size":"auto","background-attachment":"scroll","background-type":"","background-media":"","overlay-type":"","overlay-color":"","overlay-opacity":"","overlay-gradient":""},"tablet":{"background-color":"","background-image":"","background-repeat":"repeat","background-position":"center center","background-size":"auto","background-attachment":"scroll","background-type":"","background-media":"","overlay-type":"","overlay-color":"","overlay-opacity":"","overlay-gradient":""},"mobile":{"background-color":"","background-image":"","background-repeat":"repeat","background-position":"center center","background-size":"auto","background-attachment":"scroll","background-type":"","background-media":"","overlay-type":"","overlay-color":"","overlay-opacity":"","overlay-gradient":""}},"ast-content-background-meta":{"desktop":{"background-color":"var(--ast-global-color-5)","background-image":"","background-repeat":"repeat","background-position":"center center","background-size":"auto","background-attachment":"scroll","background-type":"","background-media":"","overlay-type":"","overlay-color":"","overlay-opacity":"","overlay-gradient":""},"tablet":{"background-color":"var(--ast-global-color-5)","background-image":"","background-repeat":"repeat","background-position":"center center","background-size":"auto","background-attachment":"scroll","background-type":"","background-media":"","overlay-type":"","overlay-color":"","overlay-opacity":"","overlay-gradient":""},"mobile":{"background-color":"var(--ast-global-color-5)","background-image":"","background-repeat":"repeat","background-position":"center center","background-size":"auto","background-attachment":"scroll","background-type":"","background-media":"","overlay-type":"","overlay-color":"","overlay-opacity":"","overlay-gradient":""}}},"product_brand":[],"product_cat":[91,146,143,138],"product_tag":[],"class_list":{"0":"post-14190","1":"product","2":"type-product","3":"status-publish","4":"has-post-thumbnail","6":"product_cat-cartuchos","7":"product_cat-nuevas-moleculas","8":"product_cat-stv","9":"product_cat-stv-sativanol","10":"desktop-align-center","11":"tablet-align-left","12":"mobile-align-left","14":"first","15":"instock","16":"taxable","17":"shipping-taxable","18":"purchasable","19":"product-type-variable"},"acf":[],"yoast_head":"<!-- This site is optimized with the Yoast SEO plugin v27.4 - https:\/\/yoast.com\/product\/yoast-seo-wordpress\/ -->\n<title>Cartucho desechable STV Sativanol - Red Berries - THE LYF LABS<\/title>\n<meta name=\"description\" content=\"Compra al por mayor el Cartucho Desechable STV sabor Red Berries, compatible con bater\u00edas 510. Sin THC, HHC, nicotina. Efecto relajante con Sativanol.\" \/>\n<meta name=\"robots\" content=\"index, follow, max-snippet:-1, max-image-preview:large, max-video-preview:-1\" \/>\n<link rel=\"canonical\" href=\"https:\/\/thelyflabs.com\/pt\/product\/cartucho-desechable-stv-sativanol-red-berries\/\" \/>\n<meta property=\"og:locale\" content=\"pt_PT\" \/>\n<meta property=\"og:type\" content=\"article\" \/>\n<meta property=\"og:title\" content=\"Cartucho desechable STV Sativanol - Red Berries - THE LYF LABS\" \/>\n<meta property=\"og:description\" content=\"Compra al por mayor el Cartucho Desechable STV sabor Red Berries, compatible con bater\u00edas 510. Sin THC, HHC, nicotina. Efecto relajante con Sativanol.\" \/>\n<meta property=\"og:url\" content=\"https:\/\/thelyflabs.com\/pt\/product\/cartucho-desechable-stv-sativanol-red-berries\/\" \/>\n<meta property=\"og:site_name\" content=\"THE LYF LABS\" \/>\n<meta property=\"article:modified_time\" content=\"2026-04-20T07:32:34+00:00\" \/>\n<meta property=\"og:image\" content=\"https:\/\/thelyflabs.com\/wp-content\/uploads\/2025\/09\/Bolsa-Cart-Red-Berries-2025-STV-con-cartucho.webp\" \/>\n\t<meta property=\"og:image:width\" content=\"1000\" \/>\n\t<meta property=\"og:image:height\" content=\"1000\" \/>\n\t<meta property=\"og:image:type\" content=\"image\/webp\" \/>\n<meta name=\"twitter:card\" content=\"summary_large_image\" \/>\n<meta name=\"twitter:label1\" content=\"Tempo estimado de leitura\" \/>\n\t<meta name=\"twitter:data1\" content=\"3 minutos\" \/>\n<script type=\"application\/ld+json\" class=\"yoast-schema-graph\">{\"@context\":\"https:\\\/\\\/schema.org\",\"@graph\":[{\"@type\":\"WebPage\",\"@id\":\"https:\\\/\\\/thelyflabs.com\\\/product\\\/cartucho-desechable-stv-sativanol-red-berries\",\"url\":\"https:\\\/\\\/thelyflabs.com\\\/product\\\/cartucho-desechable-stv-sativanol-red-berries\",\"name\":\"Cartucho desechable STV Sativanol - Red Berries - THE LYF LABS\",\"isPartOf\":{\"@id\":\"https:\\\/\\\/thelyflabs.com\\\/#website\"},\"primaryImageOfPage\":{\"@id\":\"https:\\\/\\\/thelyflabs.com\\\/product\\\/cartucho-desechable-stv-sativanol-red-berries#primaryimage\"},\"image\":{\"@id\":\"https:\\\/\\\/thelyflabs.com\\\/product\\\/cartucho-desechable-stv-sativanol-red-berries#primaryimage\"},\"thumbnailUrl\":\"https:\\\/\\\/thelyflabs.com\\\/wp-content\\\/uploads\\\/2025\\\/09\\\/Bolsa-Cart-Red-Berries-2025-STV-con-cartucho.webp\",\"datePublished\":\"2025-09-16T11:17:28+00:00\",\"dateModified\":\"2026-04-20T07:32:34+00:00\",\"description\":\"Compra al por mayor el Cartucho Desechable STV sabor Red Berries, compatible con bater\u00edas 510. Sin THC, HHC, nicotina. Efecto relajante con Sativanol.\",\"breadcrumb\":{\"@id\":\"https:\\\/\\\/thelyflabs.com\\\/product\\\/cartucho-desechable-stv-sativanol-red-berries#breadcrumb\"},\"inLanguage\":\"pt-PT\",\"potentialAction\":[{\"@type\":\"ReadAction\",\"target\":[\"https:\\\/\\\/thelyflabs.com\\\/product\\\/cartucho-desechable-stv-sativanol-red-berries\"]}]},{\"@type\":\"ImageObject\",\"inLanguage\":\"pt-PT\",\"@id\":\"https:\\\/\\\/thelyflabs.com\\\/product\\\/cartucho-desechable-stv-sativanol-red-berries#primaryimage\",\"url\":\"https:\\\/\\\/thelyflabs.com\\\/wp-content\\\/uploads\\\/2025\\\/09\\\/Bolsa-Cart-Red-Berries-2025-STV-con-cartucho.webp\",\"contentUrl\":\"https:\\\/\\\/thelyflabs.com\\\/wp-content\\\/uploads\\\/2025\\\/09\\\/Bolsa-Cart-Red-Berries-2025-STV-con-cartucho.webp\",\"width\":1000,\"height\":1000,\"caption\":\"cartucho stv\"},{\"@type\":\"BreadcrumbList\",\"@id\":\"https:\\\/\\\/thelyflabs.com\\\/product\\\/cartucho-desechable-stv-sativanol-red-berries#breadcrumb\",\"itemListElement\":[{\"@type\":\"ListItem\",\"position\":1,\"name\":\"Portada\",\"item\":\"https:\\\/\\\/thelyflabs.com\\\/\"},{\"@type\":\"ListItem\",\"position\":2,\"name\":\"Tienda\",\"item\":\"https:\\\/\\\/thelyflabs.com\\\/tienda\"},{\"@type\":\"ListItem\",\"position\":3,\"name\":\"Cartucho desechable STV Sativanol &#8211; Red Berries\"}]},{\"@type\":\"WebSite\",\"@id\":\"https:\\\/\\\/thelyflabs.com\\\/#website\",\"url\":\"https:\\\/\\\/thelyflabs.com\\\/\",\"name\":\"The LYF Labs\",\"description\":\"CBD al por mayor\",\"publisher\":{\"@id\":\"https:\\\/\\\/thelyflabs.com\\\/#organization\"},\"potentialAction\":[{\"@type\":\"SearchAction\",\"target\":{\"@type\":\"EntryPoint\",\"urlTemplate\":\"https:\\\/\\\/thelyflabs.com\\\/?s={search_term_string}\"},\"query-input\":{\"@type\":\"PropertyValueSpecification\",\"valueRequired\":true,\"valueName\":\"search_term_string\"}}],\"inLanguage\":\"pt-PT\"},{\"@type\":\"Organization\",\"@id\":\"https:\\\/\\\/thelyflabs.com\\\/#organization\",\"name\":\"The LYF Labs\",\"url\":\"https:\\\/\\\/thelyflabs.com\\\/\",\"logo\":{\"@type\":\"ImageObject\",\"inLanguage\":\"pt-PT\",\"@id\":\"https:\\\/\\\/thelyflabs.com\\\/#\\\/schema\\\/logo\\\/image\\\/\",\"url\":\"https:\\\/\\\/thelyflabs.com\\\/wp-content\\\/uploads\\\/2023\\\/01\\\/cropped-LogoTheLYFLabs.png\",\"contentUrl\":\"https:\\\/\\\/thelyflabs.com\\\/wp-content\\\/uploads\\\/2023\\\/01\\\/cropped-LogoTheLYFLabs.png\",\"width\":600,\"height\":180,\"caption\":\"The LYF Labs\"},\"image\":{\"@id\":\"https:\\\/\\\/thelyflabs.com\\\/#\\\/schema\\\/logo\\\/image\\\/\"}}]}<\/script>\n<!-- \/ Yoast SEO plugin. -->","yoast_head_json":{"title":"Cartucho desechable STV Sativanol - Red Berries - THE LYF LABS","description":"Compra al por mayor el Cartucho Desechable STV sabor Red Berries, compatible con bater\u00edas 510. Sin THC, HHC, nicotina. Efecto relajante con Sativanol.","robots":{"index":"index","follow":"follow","max-snippet":"max-snippet:-1","max-image-preview":"max-image-preview:large","max-video-preview":"max-video-preview:-1"},"canonical":"https:\/\/thelyflabs.com\/pt\/product\/cartucho-desechable-stv-sativanol-red-berries\/","og_locale":"pt_PT","og_type":"article","og_title":"Cartucho desechable STV Sativanol - Red Berries - THE LYF LABS","og_description":"Compra al por mayor el Cartucho Desechable STV sabor Red Berries, compatible con bater\u00edas 510. Sin THC, HHC, nicotina. Efecto relajante con Sativanol.","og_url":"https:\/\/thelyflabs.com\/pt\/product\/cartucho-desechable-stv-sativanol-red-berries\/","og_site_name":"THE LYF LABS","article_modified_time":"2026-04-20T07:32:34+00:00","og_image":[{"width":1000,"height":1000,"url":"https:\/\/thelyflabs.com\/wp-content\/uploads\/2025\/09\/Bolsa-Cart-Red-Berries-2025-STV-con-cartucho.webp","type":"image\/webp"}],"twitter_card":"summary_large_image","twitter_misc":{"Tempo estimado de leitura":"3 minutos"},"schema":{"@context":"https:\/\/schema.org","@graph":[{"@type":"WebPage","@id":"https:\/\/thelyflabs.com\/product\/cartucho-desechable-stv-sativanol-red-berries","url":"https:\/\/thelyflabs.com\/product\/cartucho-desechable-stv-sativanol-red-berries","name":"Cartucho desechable STV Sativanol - Red Berries - THE LYF LABS","isPartOf":{"@id":"https:\/\/thelyflabs.com\/#website"},"primaryImageOfPage":{"@id":"https:\/\/thelyflabs.com\/product\/cartucho-desechable-stv-sativanol-red-berries#primaryimage"},"image":{"@id":"https:\/\/thelyflabs.com\/product\/cartucho-desechable-stv-sativanol-red-berries#primaryimage"},"thumbnailUrl":"https:\/\/thelyflabs.com\/wp-content\/uploads\/2025\/09\/Bolsa-Cart-Red-Berries-2025-STV-con-cartucho.webp","datePublished":"2025-09-16T11:17:28+00:00","dateModified":"2026-04-20T07:32:34+00:00","description":"Compra al por mayor el Cartucho Desechable STV sabor Red Berries, compatible con bater\u00edas 510. Sin THC, HHC, nicotina. Efecto relajante con Sativanol.","breadcrumb":{"@id":"https:\/\/thelyflabs.com\/product\/cartucho-desechable-stv-sativanol-red-berries#breadcrumb"},"inLanguage":"pt-PT","potentialAction":[{"@type":"ReadAction","target":["https:\/\/thelyflabs.com\/product\/cartucho-desechable-stv-sativanol-red-berries"]}]},{"@type":"ImageObject","inLanguage":"pt-PT","@id":"https:\/\/thelyflabs.com\/product\/cartucho-desechable-stv-sativanol-red-berries#primaryimage","url":"https:\/\/thelyflabs.com\/wp-content\/uploads\/2025\/09\/Bolsa-Cart-Red-Berries-2025-STV-con-cartucho.webp","contentUrl":"https:\/\/thelyflabs.com\/wp-content\/uploads\/2025\/09\/Bolsa-Cart-Red-Berries-2025-STV-con-cartucho.webp","width":1000,"height":1000,"caption":"cartucho stv"},{"@type":"BreadcrumbList","@id":"https:\/\/thelyflabs.com\/product\/cartucho-desechable-stv-sativanol-red-berries#breadcrumb","itemListElement":[{"@type":"ListItem","position":1,"name":"Portada","item":"https:\/\/thelyflabs.com\/"},{"@type":"ListItem","position":2,"name":"Tienda","item":"https:\/\/thelyflabs.com\/tienda"},{"@type":"ListItem","position":3,"name":"Cartucho desechable STV Sativanol &#8211; Red Berries"}]},{"@type":"WebSite","@id":"https:\/\/thelyflabs.com\/#website","url":"https:\/\/thelyflabs.com\/","name":"Os Laborat\u00f3rios LYF","description":"CBD atacado","publisher":{"@id":"https:\/\/thelyflabs.com\/#organization"},"potentialAction":[{"@type":"SearchAction","target":{"@type":"EntryPoint","urlTemplate":"https:\/\/thelyflabs.com\/?s={search_term_string}"},"query-input":{"@type":"PropertyValueSpecification","valueRequired":true,"valueName":"search_term_string"}}],"inLanguage":"pt-PT"},{"@type":"Organization","@id":"https:\/\/thelyflabs.com\/#organization","name":"Os Laborat\u00f3rios LYF","url":"https:\/\/thelyflabs.com\/","logo":{"@type":"ImageObject","inLanguage":"pt-PT","@id":"https:\/\/thelyflabs.com\/#\/schema\/logo\/image\/","url":"https:\/\/thelyflabs.com\/wp-content\/uploads\/2023\/01\/cropped-LogoTheLYFLabs.png","contentUrl":"https:\/\/thelyflabs.com\/wp-content\/uploads\/2023\/01\/cropped-LogoTheLYFLabs.png","width":600,"height":180,"caption":"The LYF Labs"},"image":{"@id":"https:\/\/thelyflabs.com\/#\/schema\/logo\/image\/"}}]}},"_links":{"self":[{"href":"https:\/\/thelyflabs.com\/pt\/wp-json\/wp\/v2\/product\/14190","targetHints":{"allow":["GET"]}}],"collection":[{"href":"https:\/\/thelyflabs.com\/pt\/wp-json\/wp\/v2\/product"}],"about":[{"href":"https:\/\/thelyflabs.com\/pt\/wp-json\/wp\/v2\/types\/product"}],"replies":[{"embeddable":true,"href":"https:\/\/thelyflabs.com\/pt\/wp-json\/wp\/v2\/comments?post=14190"}],"wp:featuredmedia":[{"embeddable":true,"href":"https:\/\/thelyflabs.com\/pt\/wp-json\/wp\/v2\/media\/14199"}],"wp:attachment":[{"href":"https:\/\/thelyflabs.com\/pt\/wp-json\/wp\/v2\/media?parent=14190"}],"wp:term":[{"taxonomy":"product_brand","embeddable":true,"href":"https:\/\/thelyflabs.com\/pt\/wp-json\/wp\/v2\/product_brand?post=14190"},{"taxonomy":"product_cat","embeddable":true,"href":"https:\/\/thelyflabs.com\/pt\/wp-json\/wp\/v2\/product_cat?post=14190"},{"taxonomy":"product_tag","embeddable":true,"href":"https:\/\/thelyflabs.com\/pt\/wp-json\/wp\/v2\/product_tag?post=14190"}],"curies":[{"name":"wp","href":"https:\/\/api.w.org\/{rel}","templated":true}]}}