{"id":14238,"date":"2025-09-18T10:50:38","date_gmt":"2025-09-18T08:50:38","guid":{"rendered":"https:\/\/thelyflabs.com\/?post_type=product&#038;p=14238"},"modified":"2026-04-16T11:11:05","modified_gmt":"2026-04-16T09:11:05","slug":"cartucho-desechable-10-oh-strawberry","status":"publish","type":"product","link":"https:\/\/thelyflabs.com\/pt\/product\/cartucho-desechable-10-oh-strawberry","title":{"rendered":"Cartucho Descart\u00e1vel 10-OH \u2013 Morango"},"content":{"rendered":"<h1>Cartucho Descart\u00e1vel 10-OH \u2013 Morango<\/h1>\n<p>Apresentamos a voc\u00ea o <b>Cartucho Descart\u00e1vel 10-OH \u2013 Morango, <\/b>enriquecido com<b> 10-OH, <\/b>uma mol\u00e9cula inovadora e aroma de morango em um formato simples e f\u00e1cil de usar.<\/p>\n<p>Se voc\u00ea est\u00e1 procurando o m\u00e1ximo em canabinoides e um cartucho que vai te ajudar a come\u00e7ar bem, o <b>10-OH \u2013 Morango<\/b> \u00e9 feito para voc\u00ea. Este pod de vapor pr\u00e9-preenchido combina o <b>Canabinoide 10-OH<\/b> com o doce aroma de morangos e<span style=\"font-size: 16px\">\u00a0\u00c9 ideal para quem busca um efeito semelhante ao HHC, sem THC ou sensa\u00e7\u00f5es pesadas. Apenas <\/span><b style=\"font-style: inherit\">clareza, sabor e fluxo<\/b><span style=\"font-size: 16px\">.<\/span><\/p>\n<h3>O que \u00e9 10-OH?<\/h3>\n<p>Ele <b>10-OH (10-hidroxi-hexahidrocanabinol)<\/b> \u00e9 um <b>metab\u00f3lito de HHC<\/b>, uma subst\u00e2ncia gerada quando o corpo decomp\u00f5e o HHC. Em laborat\u00f3rio, \u00e9 obtido pela transforma\u00e7\u00e3o do HHC em sua forma hidroxilada, resultando em um canabinoide mais est\u00e1vel com afinidade espec\u00edfica por certos receptores no sistema endocanabinoide.<\/p>\n<p>Embora os efeitos possam variar, os consumidores que experimentaram 10-OH (em pa\u00edses onde seu uso \u00e9 legal) frequentemente descrevem experi\u00eancias como:<\/p>\n<ul>\n<li><b>Euforia moderada<\/b>, sem a intensidade do THC.<\/li>\n<li><b>Relaxamento f\u00edsico<\/b>, sem produzir seda\u00e7\u00e3o.<\/li>\n<li><b>Clareza mental.<\/b><\/li>\n<li><b>Menos ansiedade<\/b>, sendo uma op\u00e7\u00e3o interessante para quem n\u00e3o tolera bem o THC.<\/li>\n<\/ul>\n<p>Esses efeitos colocam o 10-OH no meio do caminho entre o HHC e o THC: <b>mais poderoso que o primeiro, mas mais gerenci\u00e1vel que o segundo<\/b>. Por esse motivo, muitas pessoas interessadas em comprar HHC acabam optando pelo 10-OH como uma alternativa mais potente e estruturada.<\/p>\n<p>Se voc\u00ea quiser descobrir as diferen\u00e7as entre 10-OH e outras mol\u00e9culas como HHC visite <a href=\"https:\/\/iguanasmoke.com\/que-es-el-10-oh-la-nueva-opcion-en-cannabinoides\/\">nosso artigo<\/a>.<\/p>\n<h3>O que \u00e9 um cartucho descart\u00e1vel?<\/h3>\n<p>UM <b>cartucho descart\u00e1vel<\/b> (tamb\u00e9m chamado de pod ou &quot;cart&quot;) \u00e9 um dispositivo de vaporiza\u00e7\u00e3o pr\u00e9-preenchido com l\u00edquido que se conecta a baterias com uma rosca padr\u00e3o 510. \u00c9 <b>f\u00e1cil de usar, port\u00e1til e sem manuten\u00e7\u00e3o<\/b>.<\/p>\n<p>O cartucho vem em dois formatos convenientes:<\/p>\n<ul>\n<li><b>1 ml<\/b> \u2013 At\u00e9 300 tragadas.<\/li>\n<li><b>2 ml<\/b> \u2013 At\u00e9 600 tragadas.<\/li>\n<\/ul>\n<p>Ideal para levar para qualquer lugar e aproveitar sem complica\u00e7\u00f5es. Basta conectar, inspirar e deixar ir.<\/p>\n<h3>Por que escolher o cartucho 10-OH Strawberry?<\/h3>\n<p><b>Compre um vape com 10-OH<\/b> Trata-se de estar na vanguarda do mundo dos canabinoides derivados do c\u00e2nhamo. Voc\u00ea n\u00e3o precisa de THC ou HHC para explorar as sensa\u00e7\u00f5es, porque com 10-OH, voc\u00ea obt\u00e9m um perfil de efeito funcional e um sabor espetacular, tudo legal na Espanha para fins de colecionador.<\/p>\n<p><b>Benef\u00edcios do cartucho 10-OH:<\/b><\/p>\n<ul>\n<li>Cont\u00e9m <b>10-OH, um canabin\u00f3ide derivado do c\u00e2nhamo<\/b> 100% livre de THC.<\/li>\n<li>Perfil arom\u00e1tico frutado que voc\u00ea vai adorar.<\/li>\n<li><b>Compat\u00edvel com a maioria das baterias 510<\/b>.<\/li>\n<\/ul>\n<h3>Onde comprar 10-OH online?<\/h3>\n<p>Em <b>Fuma\u00e7a De Iguana<\/b>Somos a sua loja online de confian\u00e7a para produtos derivados do c\u00e2nhamo. Aqui voc\u00ea pode:<\/p>\n<ul>\n<li><b>Compre cartuchos com 10-OH em diferentes sabores.<\/b><\/li>\n<li>Explorar <b>c\u00e1psulas alternativas ao THC ou HHC<\/b>, sem THC nem nicotina, mas com perfis interessantes para colecionar.<\/li>\n<li><b>Compre vapers 10-OH online<\/b> com envio r\u00e1pido e discreto na Espanha.<\/li>\n<\/ul>\n<p>Adoramos oferecer produtos que n\u00e3o sejam apenas compat\u00edveis, mas tamb\u00e9m atraentes. E o <b>Morango<\/b> \u00c9 um novo sabor adicionado \u00e0 nossa cole\u00e7\u00e3o que mal podemos esperar para voc\u00ea experimentar.<\/p>\n<h3>10-OH Morango 1ml ou 2ml: O Cartucho que Voc\u00ea Precisa Experimentar<\/h3>\n<p>Com este cartucho de vaporizador, voc\u00ea n\u00e3o s\u00f3 desfrutar\u00e1 de um sabor rico e frutado, mas tamb\u00e9m de uma experi\u00eancia mental clara e sem nervosismo (em pa\u00edses onde \u00e9 legal). Use-o quando precisar de inspira\u00e7\u00e3o, energia ou apenas de um momento de paz.<\/p>\n<h4>Informa\u00e7\u00f5es legais<\/h4>\n<p>Todos os nossos produtos s\u00e3o derivados de c\u00e2nhamo industrial certificado. Cont\u00eam menos de 0,3% de THC e n\u00e3o cont\u00eam canabinoides ilegais, como HHC, HHC-P, THCP, THCP-O, H4CBD ou qualquer um de seus derivados. Voc\u00ea pode consultar o <a href=\"https:\/\/iguanasmoke.com\/analiticas\/\" target=\"_blank\" rel=\"noopener\">Certificado de An\u00e1lise aqui.<\/a><\/p>\n<p><i>Este produto \u00e9 um item de colecionador. N\u00e3o foi projetado para consumo direto ou combust\u00e3o.<\/i> <i>N\u00e3o cont\u00e9m canabinoides inclu\u00eddos no Anexo I do Real Decreto 2829\/1977 nem subst\u00e2ncias controladas por conven\u00e7\u00f5es internacionais.<\/i><\/p>","protected":false},"excerpt":{"rendered":"<h4>Cartucho Descart\u00e1vel 10-OH \u2013 Morango<\/h4>\n<h4>Caracteristicas<\/h4>\n<ul>\n<li>Sabor morango<\/li>\n<li>Conex\u00e3o: tipo 510<\/li>\n<li>Capacidade: 1 ml \/ 2 ml<\/li>\n<li>Tragadas: 300 \/ 600<\/li>\n<li>Terpenos naturais de alta qualidade<\/li>\n<li>10-OH: 90%<\/li>\n<li>THC: 0%, HHC: 0%, THC-P: 0%, Nicotina: 0%<\/li>\n<li>N\u00e3o cont\u00e9m VG, PG, PEG, MCT ou outros agentes de corte.<\/li>\n<\/ul>","protected":false},"featured_media":14181,"comment_status":"open","ping_status":"closed","template":"","meta":{"_acf_changed":false,"site-sidebar-layout":"default","site-content-layout":"","ast-site-content-layout":"default","site-content-style":"default","site-sidebar-style":"default","ast-global-header-display":"","ast-banner-title-visibility":"","ast-main-header-display":"","ast-hfb-above-header-display":"","ast-hfb-below-header-display":"","ast-hfb-mobile-header-display":"","site-post-title":"","ast-breadcrumbs-content":"","ast-featured-img":"","footer-sml-layout":"","theme-transparent-header-meta":"default","adv-header-id-meta":"","stick-header-meta":"","header-above-stick-meta":"","header-main-stick-meta":"","header-below-stick-meta":"","astra-migrate-meta-layouts":"set","ast-page-background-enabled":"default","ast-page-background-meta":{"desktop":{"background-color":"var(--ast-global-color-4)","background-image":"","background-repeat":"repeat","background-position":"center center","background-size":"auto","background-attachment":"scroll","background-type":"","background-media":"","overlay-type":"","overlay-color":"","overlay-opacity":"","overlay-gradient":""},"tablet":{"background-color":"","background-image":"","background-repeat":"repeat","background-position":"center center","background-size":"auto","background-attachment":"scroll","background-type":"","background-media":"","overlay-type":"","overlay-color":"","overlay-opacity":"","overlay-gradient":""},"mobile":{"background-color":"","background-image":"","background-repeat":"repeat","background-position":"center center","background-size":"auto","background-attachment":"scroll","background-type":"","background-media":"","overlay-type":"","overlay-color":"","overlay-opacity":"","overlay-gradient":""}},"ast-content-background-meta":{"desktop":{"background-color":"var(--ast-global-color-5)","background-image":"","background-repeat":"repeat","background-position":"center center","background-size":"auto","background-attachment":"scroll","background-type":"","background-media":"","overlay-type":"","overlay-color":"","overlay-opacity":"","overlay-gradient":""},"tablet":{"background-color":"var(--ast-global-color-5)","background-image":"","background-repeat":"repeat","background-position":"center center","background-size":"auto","background-attachment":"scroll","background-type":"","background-media":"","overlay-type":"","overlay-color":"","overlay-opacity":"","overlay-gradient":""},"mobile":{"background-color":"var(--ast-global-color-5)","background-image":"","background-repeat":"repeat","background-position":"center center","background-size":"auto","background-attachment":"scroll","background-type":"","background-media":"","overlay-type":"","overlay-color":"","overlay-opacity":"","overlay-gradient":""}}},"product_brand":[],"product_cat":[140,91,146],"product_tag":[],"class_list":{"0":"post-14238","1":"product","2":"type-product","3":"status-publish","4":"has-post-thumbnail","6":"product_cat-10oh","7":"product_cat-cartuchos","8":"product_cat-nuevas-moleculas","9":"desktop-align-center","10":"tablet-align-left","11":"mobile-align-left","13":"first","14":"outofstock","15":"taxable","16":"shipping-taxable","17":"purchasable","18":"product-type-variable"},"acf":[],"yoast_head":"<!-- This site is optimized with the Yoast SEO plugin v27.4 - https:\/\/yoast.com\/product\/yoast-seo-wordpress\/ -->\n<title>Cartucho desechable 10-OH - Strawberry - THE LYF LABS<\/title>\n<meta name=\"description\" content=\"Compra al por mayor el Cartucho desechable 10-OH sabor a Strawberry y prueba alternativas seguras y legales al THC y HHC.\" \/>\n<meta name=\"robots\" content=\"index, follow, max-snippet:-1, max-image-preview:large, max-video-preview:-1\" \/>\n<link rel=\"canonical\" href=\"https:\/\/thelyflabs.com\/pt\/product\/cartucho-desechable-10-oh-strawberry\/\" \/>\n<meta property=\"og:locale\" content=\"pt_PT\" \/>\n<meta property=\"og:type\" content=\"article\" \/>\n<meta property=\"og:title\" content=\"Cartucho desechable 10-OH - Strawberry - THE LYF LABS\" \/>\n<meta property=\"og:description\" content=\"Compra al por mayor el Cartucho desechable 10-OH sabor a Strawberry y prueba alternativas seguras y legales al THC y HHC.\" \/>\n<meta property=\"og:url\" content=\"https:\/\/thelyflabs.com\/pt\/product\/cartucho-desechable-10-oh-strawberry\/\" \/>\n<meta property=\"og:site_name\" content=\"THE LYF LABS\" \/>\n<meta property=\"article:modified_time\" content=\"2026-04-16T09:11:05+00:00\" \/>\n<meta property=\"og:image\" content=\"https:\/\/thelyflabs.com\/wp-content\/uploads\/2025\/09\/Bolsa-Cart-HHC-Strawberry-2025-10-OH-con-cartucho-1.webp\" \/>\n\t<meta property=\"og:image:width\" content=\"1000\" \/>\n\t<meta property=\"og:image:height\" content=\"1000\" \/>\n\t<meta property=\"og:image:type\" content=\"image\/webp\" \/>\n<meta name=\"twitter:card\" content=\"summary_large_image\" \/>\n<meta name=\"twitter:label1\" content=\"Tempo estimado de leitura\" \/>\n\t<meta name=\"twitter:data1\" content=\"4 minutos\" \/>\n<script type=\"application\/ld+json\" class=\"yoast-schema-graph\">{\"@context\":\"https:\\\/\\\/schema.org\",\"@graph\":[{\"@type\":\"WebPage\",\"@id\":\"https:\\\/\\\/thelyflabs.com\\\/product\\\/cartucho-desechable-10-oh-strawberry\",\"url\":\"https:\\\/\\\/thelyflabs.com\\\/product\\\/cartucho-desechable-10-oh-strawberry\",\"name\":\"Cartucho desechable 10-OH - Strawberry - THE LYF LABS\",\"isPartOf\":{\"@id\":\"https:\\\/\\\/thelyflabs.com\\\/#website\"},\"primaryImageOfPage\":{\"@id\":\"https:\\\/\\\/thelyflabs.com\\\/product\\\/cartucho-desechable-10-oh-strawberry#primaryimage\"},\"image\":{\"@id\":\"https:\\\/\\\/thelyflabs.com\\\/product\\\/cartucho-desechable-10-oh-strawberry#primaryimage\"},\"thumbnailUrl\":\"https:\\\/\\\/thelyflabs.com\\\/wp-content\\\/uploads\\\/2025\\\/09\\\/Bolsa-Cart-HHC-Strawberry-2025-10-OH-con-cartucho-1.webp\",\"datePublished\":\"2025-09-18T08:50:38+00:00\",\"dateModified\":\"2026-04-16T09:11:05+00:00\",\"description\":\"Compra al por mayor el Cartucho desechable 10-OH sabor a Strawberry y prueba alternativas seguras y legales al THC y HHC.\",\"breadcrumb\":{\"@id\":\"https:\\\/\\\/thelyflabs.com\\\/product\\\/cartucho-desechable-10-oh-strawberry#breadcrumb\"},\"inLanguage\":\"pt-PT\",\"potentialAction\":[{\"@type\":\"ReadAction\",\"target\":[\"https:\\\/\\\/thelyflabs.com\\\/product\\\/cartucho-desechable-10-oh-strawberry\"]}]},{\"@type\":\"ImageObject\",\"inLanguage\":\"pt-PT\",\"@id\":\"https:\\\/\\\/thelyflabs.com\\\/product\\\/cartucho-desechable-10-oh-strawberry#primaryimage\",\"url\":\"https:\\\/\\\/thelyflabs.com\\\/wp-content\\\/uploads\\\/2025\\\/09\\\/Bolsa-Cart-HHC-Strawberry-2025-10-OH-con-cartucho-1.webp\",\"contentUrl\":\"https:\\\/\\\/thelyflabs.com\\\/wp-content\\\/uploads\\\/2025\\\/09\\\/Bolsa-Cart-HHC-Strawberry-2025-10-OH-con-cartucho-1.webp\",\"width\":1000,\"height\":1000,\"caption\":\"cartucho 10-oh\"},{\"@type\":\"BreadcrumbList\",\"@id\":\"https:\\\/\\\/thelyflabs.com\\\/product\\\/cartucho-desechable-10-oh-strawberry#breadcrumb\",\"itemListElement\":[{\"@type\":\"ListItem\",\"position\":1,\"name\":\"Portada\",\"item\":\"https:\\\/\\\/thelyflabs.com\\\/\"},{\"@type\":\"ListItem\",\"position\":2,\"name\":\"Tienda\",\"item\":\"https:\\\/\\\/thelyflabs.com\\\/tienda\"},{\"@type\":\"ListItem\",\"position\":3,\"name\":\"Cartucho desechable 10-OH &#8211; Strawberry\"}]},{\"@type\":\"WebSite\",\"@id\":\"https:\\\/\\\/thelyflabs.com\\\/#website\",\"url\":\"https:\\\/\\\/thelyflabs.com\\\/\",\"name\":\"The LYF Labs\",\"description\":\"CBD al por mayor\",\"publisher\":{\"@id\":\"https:\\\/\\\/thelyflabs.com\\\/#organization\"},\"potentialAction\":[{\"@type\":\"SearchAction\",\"target\":{\"@type\":\"EntryPoint\",\"urlTemplate\":\"https:\\\/\\\/thelyflabs.com\\\/?s={search_term_string}\"},\"query-input\":{\"@type\":\"PropertyValueSpecification\",\"valueRequired\":true,\"valueName\":\"search_term_string\"}}],\"inLanguage\":\"pt-PT\"},{\"@type\":\"Organization\",\"@id\":\"https:\\\/\\\/thelyflabs.com\\\/#organization\",\"name\":\"The LYF Labs\",\"url\":\"https:\\\/\\\/thelyflabs.com\\\/\",\"logo\":{\"@type\":\"ImageObject\",\"inLanguage\":\"pt-PT\",\"@id\":\"https:\\\/\\\/thelyflabs.com\\\/#\\\/schema\\\/logo\\\/image\\\/\",\"url\":\"https:\\\/\\\/thelyflabs.com\\\/wp-content\\\/uploads\\\/2023\\\/01\\\/cropped-LogoTheLYFLabs.png\",\"contentUrl\":\"https:\\\/\\\/thelyflabs.com\\\/wp-content\\\/uploads\\\/2023\\\/01\\\/cropped-LogoTheLYFLabs.png\",\"width\":600,\"height\":180,\"caption\":\"The LYF Labs\"},\"image\":{\"@id\":\"https:\\\/\\\/thelyflabs.com\\\/#\\\/schema\\\/logo\\\/image\\\/\"}}]}<\/script>\n<!-- \/ Yoast SEO plugin. -->","yoast_head_json":{"title":"Cartucho desechable 10-OH - Strawberry - THE LYF LABS","description":"Compra al por mayor el Cartucho desechable 10-OH sabor a Strawberry y prueba alternativas seguras y legales al THC y HHC.","robots":{"index":"index","follow":"follow","max-snippet":"max-snippet:-1","max-image-preview":"max-image-preview:large","max-video-preview":"max-video-preview:-1"},"canonical":"https:\/\/thelyflabs.com\/pt\/product\/cartucho-desechable-10-oh-strawberry\/","og_locale":"pt_PT","og_type":"article","og_title":"Cartucho desechable 10-OH - Strawberry - THE LYF LABS","og_description":"Compra al por mayor el Cartucho desechable 10-OH sabor a Strawberry y prueba alternativas seguras y legales al THC y HHC.","og_url":"https:\/\/thelyflabs.com\/pt\/product\/cartucho-desechable-10-oh-strawberry\/","og_site_name":"THE LYF LABS","article_modified_time":"2026-04-16T09:11:05+00:00","og_image":[{"width":1000,"height":1000,"url":"https:\/\/thelyflabs.com\/wp-content\/uploads\/2025\/09\/Bolsa-Cart-HHC-Strawberry-2025-10-OH-con-cartucho-1.webp","type":"image\/webp"}],"twitter_card":"summary_large_image","twitter_misc":{"Tempo estimado de leitura":"4 minutos"},"schema":{"@context":"https:\/\/schema.org","@graph":[{"@type":"WebPage","@id":"https:\/\/thelyflabs.com\/product\/cartucho-desechable-10-oh-strawberry","url":"https:\/\/thelyflabs.com\/product\/cartucho-desechable-10-oh-strawberry","name":"Cartucho desechable 10-OH - Strawberry - THE LYF LABS","isPartOf":{"@id":"https:\/\/thelyflabs.com\/#website"},"primaryImageOfPage":{"@id":"https:\/\/thelyflabs.com\/product\/cartucho-desechable-10-oh-strawberry#primaryimage"},"image":{"@id":"https:\/\/thelyflabs.com\/product\/cartucho-desechable-10-oh-strawberry#primaryimage"},"thumbnailUrl":"https:\/\/thelyflabs.com\/wp-content\/uploads\/2025\/09\/Bolsa-Cart-HHC-Strawberry-2025-10-OH-con-cartucho-1.webp","datePublished":"2025-09-18T08:50:38+00:00","dateModified":"2026-04-16T09:11:05+00:00","description":"Compra al por mayor el Cartucho desechable 10-OH sabor a Strawberry y prueba alternativas seguras y legales al THC y HHC.","breadcrumb":{"@id":"https:\/\/thelyflabs.com\/product\/cartucho-desechable-10-oh-strawberry#breadcrumb"},"inLanguage":"pt-PT","potentialAction":[{"@type":"ReadAction","target":["https:\/\/thelyflabs.com\/product\/cartucho-desechable-10-oh-strawberry"]}]},{"@type":"ImageObject","inLanguage":"pt-PT","@id":"https:\/\/thelyflabs.com\/product\/cartucho-desechable-10-oh-strawberry#primaryimage","url":"https:\/\/thelyflabs.com\/wp-content\/uploads\/2025\/09\/Bolsa-Cart-HHC-Strawberry-2025-10-OH-con-cartucho-1.webp","contentUrl":"https:\/\/thelyflabs.com\/wp-content\/uploads\/2025\/09\/Bolsa-Cart-HHC-Strawberry-2025-10-OH-con-cartucho-1.webp","width":1000,"height":1000,"caption":"cartucho 10-oh"},{"@type":"BreadcrumbList","@id":"https:\/\/thelyflabs.com\/product\/cartucho-desechable-10-oh-strawberry#breadcrumb","itemListElement":[{"@type":"ListItem","position":1,"name":"Portada","item":"https:\/\/thelyflabs.com\/"},{"@type":"ListItem","position":2,"name":"Tienda","item":"https:\/\/thelyflabs.com\/tienda"},{"@type":"ListItem","position":3,"name":"Cartucho desechable 10-OH &#8211; Strawberry"}]},{"@type":"WebSite","@id":"https:\/\/thelyflabs.com\/#website","url":"https:\/\/thelyflabs.com\/","name":"Os Laborat\u00f3rios LYF","description":"CBD atacado","publisher":{"@id":"https:\/\/thelyflabs.com\/#organization"},"potentialAction":[{"@type":"SearchAction","target":{"@type":"EntryPoint","urlTemplate":"https:\/\/thelyflabs.com\/?s={search_term_string}"},"query-input":{"@type":"PropertyValueSpecification","valueRequired":true,"valueName":"search_term_string"}}],"inLanguage":"pt-PT"},{"@type":"Organization","@id":"https:\/\/thelyflabs.com\/#organization","name":"Os Laborat\u00f3rios LYF","url":"https:\/\/thelyflabs.com\/","logo":{"@type":"ImageObject","inLanguage":"pt-PT","@id":"https:\/\/thelyflabs.com\/#\/schema\/logo\/image\/","url":"https:\/\/thelyflabs.com\/wp-content\/uploads\/2023\/01\/cropped-LogoTheLYFLabs.png","contentUrl":"https:\/\/thelyflabs.com\/wp-content\/uploads\/2023\/01\/cropped-LogoTheLYFLabs.png","width":600,"height":180,"caption":"The LYF Labs"},"image":{"@id":"https:\/\/thelyflabs.com\/#\/schema\/logo\/image\/"}}]}},"_links":{"self":[{"href":"https:\/\/thelyflabs.com\/pt\/wp-json\/wp\/v2\/product\/14238","targetHints":{"allow":["GET"]}}],"collection":[{"href":"https:\/\/thelyflabs.com\/pt\/wp-json\/wp\/v2\/product"}],"about":[{"href":"https:\/\/thelyflabs.com\/pt\/wp-json\/wp\/v2\/types\/product"}],"replies":[{"embeddable":true,"href":"https:\/\/thelyflabs.com\/pt\/wp-json\/wp\/v2\/comments?post=14238"}],"wp:featuredmedia":[{"embeddable":true,"href":"https:\/\/thelyflabs.com\/pt\/wp-json\/wp\/v2\/media\/14181"}],"wp:attachment":[{"href":"https:\/\/thelyflabs.com\/pt\/wp-json\/wp\/v2\/media?parent=14238"}],"wp:term":[{"taxonomy":"product_brand","embeddable":true,"href":"https:\/\/thelyflabs.com\/pt\/wp-json\/wp\/v2\/product_brand?post=14238"},{"taxonomy":"product_cat","embeddable":true,"href":"https:\/\/thelyflabs.com\/pt\/wp-json\/wp\/v2\/product_cat?post=14238"},{"taxonomy":"product_tag","embeddable":true,"href":"https:\/\/thelyflabs.com\/pt\/wp-json\/wp\/v2\/product_tag?post=14238"}],"curies":[{"name":"wp","href":"https:\/\/api.w.org\/{rel}","templated":true}]}}