{"id":14499,"date":"2025-10-02T12:04:46","date_gmt":"2025-10-02T10:04:46","guid":{"rendered":"https:\/\/thelyflabs.com\/?post_type=product&#038;p=14499"},"modified":"2026-03-22T12:12:34","modified_gmt":"2026-03-22T11:12:34","slug":"vaper-stv-space-vape-strawberry-2ml-sativanol","status":"publish","type":"product","link":"https:\/\/thelyflabs.com\/pt\/product\/vaper-stv-space-vape-strawberry-2ml-sativanol","title":{"rendered":"Vaper STV \u2013 Space Vape Morango 2ml (Sativanol)"},"content":{"rendered":"<h1 data-start=\"367\" data-end=\"422\">Vaper STV 90% Espa\u00e7o Vape Morango<\/h1>\n<p data-start=\"424\" data-end=\"769\">Ele <strong>Vaper STV \u2013 Space Vape Morango (Sativanol)\u00a0<\/strong>\u00c9 um vape descart\u00e1vel que combina o poder de <strong data-start=\"490\" data-end=\"509\">STV (Sativanol)<\/strong> Com um delicioso sabor de morango. Se voc\u00ea procura uma alternativa ao THC, este vape \u00e9 a melhor op\u00e7\u00e3o para um prazer sem complica\u00e7\u00f5es.<\/p>\n<h2 data-start=\"776\" data-end=\"808\">O que \u00e9 STV (Sativanol)?<\/h2>\n<p data-start=\"810\" data-end=\"1070\">Ele <strong data-start=\"813\" data-end=\"832\">STV ou Sativanol<\/strong> \u00c9 um canabinoide de nova gera\u00e7\u00e3o que se tornou uma das alternativas mais procuradas na Europa. Ao contr\u00e1rio do THC, <strong data-start=\"971\" data-end=\"1002\">STV \u00e9 100% legal na Espanha<\/strong>, uma vez que n\u00e3o \u00e9 considerada uma subst\u00e2ncia psicoativa proibida.<\/p>\n<p data-start=\"1072\" data-end=\"1329\">Ele <strong data-start=\"1075\" data-end=\"1088\">Sativanol<\/strong> Oferece uma experi\u00eancia semelhante a outros canabinoides, mas com a tranquilidade de estar em conformidade com todas as normas vigentes. \u00c9 por isso que cada vez mais usu\u00e1rios buscam <strong data-start=\"1257\" data-end=\"1272\">comprar STV<\/strong> para desfrutar de seus efeitos com seguran\u00e7a e legalidade.<\/p>\n<h2 data-start=\"1336\" data-end=\"1386\">Vape STV Morango: pureza em sua composi\u00e7\u00e3o<\/h2>\n<p data-start=\"1388\" data-end=\"1558\">Ele <strong data-start=\"1391\" data-end=\"1430\">Vaper Space Vape Morango Descart\u00e1vel<\/strong> n\u00e3o se destaca apenas pela sua <strong data-start=\"1454\" data-end=\"1491\">alto teor de STV em 90% (Sativanol)<\/strong>, mas tamb\u00e9m pela qualidade e pureza de sua formula\u00e7\u00e3o premium:<\/p>\n<ul>\n<li data-start=\"1562\" data-end=\"1629\"><strong data-start=\"1564\" data-end=\"1584\">STV (Sativanol) 90%:<\/strong> canabinoide alternativo legal e inovador.<\/li>\n<li>Nicotina 0%<\/li>\n<li data-start=\"1708\" data-end=\"1801\">Agentes estranhos ou subst\u00e2ncias cortantes 0%<\/li>\n<li data-start=\"1804\" data-end=\"1896\"><strong data-start=\"1806\" data-end=\"1824\">Aroma natural de morango:<\/strong> um sabor delicioso entre doce e azedo.<\/li>\n<\/ul>\n<p data-start=\"1976\" data-end=\"2127\">Se voc\u00ea busca praticidade e pot\u00eancia em um s\u00f3 aparelho, esse vape \u00e9 ideal para quem quer <strong data-start=\"2070\" data-end=\"2090\">comprar vape STV<\/strong> com a mais alta garantia de qualidade.<\/p>\n<h2 data-start=\"2134\" data-end=\"2166\">Legalidade do STV na Espanha<\/h2>\n<p data-start=\"2168\" data-end=\"2451\">Uma das grandes vantagens do <strong data-start=\"2200\" data-end=\"2219\">Sativanol (STV)<\/strong> \u00e9 seu <strong data-start=\"2226\" data-end=\"2249\">legalidade na Espanha<\/strong>. Ao contr\u00e1rio do <strong data-start=\"2268\" data-end=\"2288\">THC, HHC ou THC-P<\/strong>, que s\u00e3o consideradas subst\u00e2ncias proibidas, a <strong data-start=\"2334\" data-end=\"2384\">A STV cumpre com as normas europeias e espanholas<\/strong>, tornando-se uma op\u00e7\u00e3o segura para os consumidores.<\/p>\n<p data-start=\"2453\" data-end=\"2625\">Isso significa que comprar o Strawberry Space Vape com STV (Sativanol) \u00e9 completamente legal e seguro na Espanha, desde que seja destinado \u00e0 coleta, aromaterapia ou uso t\u00e9cnico.<\/p>\n<h2 data-start=\"2937\" data-end=\"2990\">Compre Vaper STV \u2013 Space Vape Morango<\/h2>\n<p data-start=\"2992\" data-end=\"3266\">Ele <strong data-start=\"2995\" data-end=\"3062\">Vaper Space Vape Morango com STV (Sativanol)<\/strong>\u00a0\u00c9 a melhor escolha para quem busca uma experi\u00eancia intensa, segura e legal. Se voc\u00ea quer <strong data-start=\"3155\" data-end=\"3175\">comprar vape STV<\/strong>Esta op\u00e7\u00e3o re\u00fane tudo o que voc\u00ea precisa: qualidade, legalidade e o sabor \u00fanico da Amnesia.<\/p>\n<p data-start=\"3268\" data-end=\"3393\">Descubra a nova gera\u00e7\u00e3o de canabinoides legais e desfrute da melhor alternativa ao THC com <strong data-start=\"3371\" data-end=\"3390\">Sativanol (STV)<\/strong>.<\/p>","protected":false},"excerpt":{"rendered":"<h5><strong>Caracteristicas<\/strong><\/h5>\n<ul>\n<li>Dimens\u00f5es: 105 mm x 24 mm x 11,2 mm<\/li>\n<li>Bateria: 380mAh<\/li>\n<li>Capacidade: 2ml<\/li>\n<li>Tragadas: 600<\/li>\n<li>Aromas naturais de alta qualidade<\/li>\n<li>STV (Sativanol): 90%<\/li>\n<li>Nicotina: 0%<\/li>\n<li>N\u00e3o cont\u00e9m VG, PG, PEG, MCT ou quaisquer outros agentes cortantes<\/li>\n<\/ul>\n<p>Todos os nossos produtos s\u00e3o derivados de c\u00e2nhamo industrial certificado. Cont\u00eam menos de 0,3% de THC e n\u00e3o cont\u00eam canabinoides ilegais, como HHC, HHC-P, THCP, THCP-O, H4CBD ou qualquer um de seus derivados. Voc\u00ea pode consultar o <a href=\"https:\/\/iguanasmoke.com\/analiticas\/\" target=\"_blank\" rel=\"noopener\">Certificado de An\u00e1lise aqui.<\/a><\/p>","protected":false},"featured_media":16968,"comment_status":"open","ping_status":"closed","template":"","meta":{"_acf_changed":false,"site-sidebar-layout":"default","site-content-layout":"","ast-site-content-layout":"default","site-content-style":"default","site-sidebar-style":"default","ast-global-header-display":"","ast-banner-title-visibility":"","ast-main-header-display":"","ast-hfb-above-header-display":"","ast-hfb-below-header-display":"","ast-hfb-mobile-header-display":"","site-post-title":"","ast-breadcrumbs-content":"","ast-featured-img":"","footer-sml-layout":"","theme-transparent-header-meta":"default","adv-header-id-meta":"","stick-header-meta":"","header-above-stick-meta":"","header-main-stick-meta":"","header-below-stick-meta":"","astra-migrate-meta-layouts":"set","ast-page-background-enabled":"default","ast-page-background-meta":{"desktop":{"background-color":"var(--ast-global-color-4)","background-image":"","background-repeat":"repeat","background-position":"center center","background-size":"auto","background-attachment":"scroll","background-type":"","background-media":"","overlay-type":"","overlay-color":"","overlay-opacity":"","overlay-gradient":""},"tablet":{"background-color":"","background-image":"","background-repeat":"repeat","background-position":"center center","background-size":"auto","background-attachment":"scroll","background-type":"","background-media":"","overlay-type":"","overlay-color":"","overlay-opacity":"","overlay-gradient":""},"mobile":{"background-color":"","background-image":"","background-repeat":"repeat","background-position":"center center","background-size":"auto","background-attachment":"scroll","background-type":"","background-media":"","overlay-type":"","overlay-color":"","overlay-opacity":"","overlay-gradient":""}},"ast-content-background-meta":{"desktop":{"background-color":"var(--ast-global-color-5)","background-image":"","background-repeat":"repeat","background-position":"center center","background-size":"auto","background-attachment":"scroll","background-type":"","background-media":"","overlay-type":"","overlay-color":"","overlay-opacity":"","overlay-gradient":""},"tablet":{"background-color":"var(--ast-global-color-5)","background-image":"","background-repeat":"repeat","background-position":"center center","background-size":"auto","background-attachment":"scroll","background-type":"","background-media":"","overlay-type":"","overlay-color":"","overlay-opacity":"","overlay-gradient":""},"mobile":{"background-color":"var(--ast-global-color-5)","background-image":"","background-repeat":"repeat","background-position":"center center","background-size":"auto","background-attachment":"scroll","background-type":"","background-media":"","overlay-type":"","overlay-color":"","overlay-opacity":"","overlay-gradient":""}}},"product_brand":[],"product_cat":[146,143,138],"product_tag":[],"class_list":{"0":"post-14499","1":"product","2":"type-product","3":"status-publish","4":"has-post-thumbnail","6":"product_cat-nuevas-moleculas","7":"product_cat-stv","8":"product_cat-stv-sativanol","9":"desktop-align-center","10":"tablet-align-left","11":"mobile-align-left","13":"first","14":"instock","15":"taxable","16":"shipping-taxable","17":"purchasable","18":"product-type-simple"},"acf":[],"yoast_head":"<!-- This site is optimized with the Yoast SEO plugin v27.4 - https:\/\/yoast.com\/product\/yoast-seo-wordpress\/ -->\n<title>Vaper STV \u2013 Space Vape Strawberry 2ml (Sativanol) - THE LYF LABS<\/title>\n<meta name=\"description\" content=\"Compra al por mayor Vaper STV 90% - Space Vape Strawberry, completamente legal y analizado en laboratorio. STV, 10-OH, E8H. Distribuidor B2B en Espa\u00f1a\" \/>\n<meta name=\"robots\" content=\"index, follow, max-snippet:-1, max-image-preview:large, max-video-preview:-1\" \/>\n<link rel=\"canonical\" href=\"https:\/\/thelyflabs.com\/pt\/product\/vaper-stv-space-vape-strawberry-2ml-sativanol\/\" \/>\n<meta property=\"og:locale\" content=\"pt_PT\" \/>\n<meta property=\"og:type\" content=\"article\" \/>\n<meta property=\"og:title\" content=\"Vaper STV \u2013 Space Vape Strawberry 2ml (Sativanol) - THE LYF LABS\" \/>\n<meta property=\"og:description\" content=\"Compra al por mayor Vaper STV 90% - Space Vape Strawberry, completamente legal y analizado en laboratorio. STV, 10-OH, E8H. Distribuidor B2B en Espa\u00f1a\" \/>\n<meta property=\"og:url\" content=\"https:\/\/thelyflabs.com\/pt\/product\/vaper-stv-space-vape-strawberry-2ml-sativanol\/\" \/>\n<meta property=\"og:site_name\" content=\"THE LYF LABS\" \/>\n<meta property=\"article:modified_time\" content=\"2026-03-22T11:12:34+00:00\" \/>\n<meta property=\"og:image\" content=\"https:\/\/thelyflabs.com\/wp-content\/uploads\/2026\/03\/Mockup-Strawberry-narnja-der-pod.webp\" \/>\n\t<meta property=\"og:image:width\" content=\"1000\" \/>\n\t<meta property=\"og:image:height\" content=\"1000\" \/>\n\t<meta property=\"og:image:type\" content=\"image\/webp\" \/>\n<meta name=\"twitter:card\" content=\"summary_large_image\" \/>\n<meta name=\"twitter:label1\" content=\"Tempo estimado de leitura\" \/>\n\t<meta name=\"twitter:data1\" content=\"2 minutos\" \/>\n<script type=\"application\/ld+json\" class=\"yoast-schema-graph\">{\"@context\":\"https:\\\/\\\/schema.org\",\"@graph\":[{\"@type\":\"WebPage\",\"@id\":\"https:\\\/\\\/thelyflabs.com\\\/product\\\/vaper-stv-space-vape-strawberry-2ml-sativanol\",\"url\":\"https:\\\/\\\/thelyflabs.com\\\/product\\\/vaper-stv-space-vape-strawberry-2ml-sativanol\",\"name\":\"Vaper STV \u2013 Space Vape Strawberry 2ml (Sativanol) - THE LYF LABS\",\"isPartOf\":{\"@id\":\"https:\\\/\\\/thelyflabs.com\\\/#website\"},\"primaryImageOfPage\":{\"@id\":\"https:\\\/\\\/thelyflabs.com\\\/product\\\/vaper-stv-space-vape-strawberry-2ml-sativanol#primaryimage\"},\"image\":{\"@id\":\"https:\\\/\\\/thelyflabs.com\\\/product\\\/vaper-stv-space-vape-strawberry-2ml-sativanol#primaryimage\"},\"thumbnailUrl\":\"https:\\\/\\\/thelyflabs.com\\\/wp-content\\\/uploads\\\/2026\\\/03\\\/Mockup-Strawberry-narnja-der-pod.webp\",\"datePublished\":\"2025-10-02T10:04:46+00:00\",\"dateModified\":\"2026-03-22T11:12:34+00:00\",\"description\":\"Compra al por mayor Vaper STV 90% - Space Vape Strawberry, completamente legal y analizado en laboratorio. STV, 10-OH, E8H. Distribuidor B2B en Espa\u00f1a\",\"breadcrumb\":{\"@id\":\"https:\\\/\\\/thelyflabs.com\\\/product\\\/vaper-stv-space-vape-strawberry-2ml-sativanol#breadcrumb\"},\"inLanguage\":\"pt-PT\",\"potentialAction\":[{\"@type\":\"ReadAction\",\"target\":[\"https:\\\/\\\/thelyflabs.com\\\/product\\\/vaper-stv-space-vape-strawberry-2ml-sativanol\"]}]},{\"@type\":\"ImageObject\",\"inLanguage\":\"pt-PT\",\"@id\":\"https:\\\/\\\/thelyflabs.com\\\/product\\\/vaper-stv-space-vape-strawberry-2ml-sativanol#primaryimage\",\"url\":\"https:\\\/\\\/thelyflabs.com\\\/wp-content\\\/uploads\\\/2026\\\/03\\\/Mockup-Strawberry-narnja-der-pod.webp\",\"contentUrl\":\"https:\\\/\\\/thelyflabs.com\\\/wp-content\\\/uploads\\\/2026\\\/03\\\/Mockup-Strawberry-narnja-der-pod.webp\",\"width\":1000,\"height\":1000,\"caption\":\"Caja m\u00e1s vaper naranja strawberry STV 2ml dcha\"},{\"@type\":\"BreadcrumbList\",\"@id\":\"https:\\\/\\\/thelyflabs.com\\\/product\\\/vaper-stv-space-vape-strawberry-2ml-sativanol#breadcrumb\",\"itemListElement\":[{\"@type\":\"ListItem\",\"position\":1,\"name\":\"Portada\",\"item\":\"https:\\\/\\\/thelyflabs.com\\\/\"},{\"@type\":\"ListItem\",\"position\":2,\"name\":\"Tienda\",\"item\":\"https:\\\/\\\/thelyflabs.com\\\/tienda\"},{\"@type\":\"ListItem\",\"position\":3,\"name\":\"Vaper STV \u2013 Space Vape Strawberry 2ml (Sativanol)\"}]},{\"@type\":\"WebSite\",\"@id\":\"https:\\\/\\\/thelyflabs.com\\\/#website\",\"url\":\"https:\\\/\\\/thelyflabs.com\\\/\",\"name\":\"The LYF Labs\",\"description\":\"CBD al por mayor\",\"publisher\":{\"@id\":\"https:\\\/\\\/thelyflabs.com\\\/#organization\"},\"potentialAction\":[{\"@type\":\"SearchAction\",\"target\":{\"@type\":\"EntryPoint\",\"urlTemplate\":\"https:\\\/\\\/thelyflabs.com\\\/?s={search_term_string}\"},\"query-input\":{\"@type\":\"PropertyValueSpecification\",\"valueRequired\":true,\"valueName\":\"search_term_string\"}}],\"inLanguage\":\"pt-PT\"},{\"@type\":\"Organization\",\"@id\":\"https:\\\/\\\/thelyflabs.com\\\/#organization\",\"name\":\"The LYF Labs\",\"url\":\"https:\\\/\\\/thelyflabs.com\\\/\",\"logo\":{\"@type\":\"ImageObject\",\"inLanguage\":\"pt-PT\",\"@id\":\"https:\\\/\\\/thelyflabs.com\\\/#\\\/schema\\\/logo\\\/image\\\/\",\"url\":\"https:\\\/\\\/thelyflabs.com\\\/wp-content\\\/uploads\\\/2023\\\/01\\\/cropped-LogoTheLYFLabs.png\",\"contentUrl\":\"https:\\\/\\\/thelyflabs.com\\\/wp-content\\\/uploads\\\/2023\\\/01\\\/cropped-LogoTheLYFLabs.png\",\"width\":600,\"height\":180,\"caption\":\"The LYF Labs\"},\"image\":{\"@id\":\"https:\\\/\\\/thelyflabs.com\\\/#\\\/schema\\\/logo\\\/image\\\/\"}}]}<\/script>\n<!-- \/ Yoast SEO plugin. -->","yoast_head_json":{"title":"Vaper STV \u2013 Space Vape Morango 2ml (Sativanol) - THE LYF LABS","description":"Compra por atacado do Vaper STV 90% - Space Vape Strawberry, totalmente legal e testado em laborat\u00f3rio. STV, 10-OH, E8H. Distribuidor B2B na Espanha.","robots":{"index":"index","follow":"follow","max-snippet":"max-snippet:-1","max-image-preview":"max-image-preview:large","max-video-preview":"max-video-preview:-1"},"canonical":"https:\/\/thelyflabs.com\/pt\/product\/vaper-stv-space-vape-strawberry-2ml-sativanol\/","og_locale":"pt_PT","og_type":"article","og_title":"Vaper STV \u2013 Space Vape Strawberry 2ml (Sativanol) - THE LYF LABS","og_description":"Compra al por mayor Vaper STV 90% - Space Vape Strawberry, completamente legal y analizado en laboratorio. STV, 10-OH, E8H. Distribuidor B2B en Espa\u00f1a","og_url":"https:\/\/thelyflabs.com\/pt\/product\/vaper-stv-space-vape-strawberry-2ml-sativanol\/","og_site_name":"THE LYF LABS","article_modified_time":"2026-03-22T11:12:34+00:00","og_image":[{"width":1000,"height":1000,"url":"https:\/\/thelyflabs.com\/wp-content\/uploads\/2026\/03\/Mockup-Strawberry-narnja-der-pod.webp","type":"image\/webp"}],"twitter_card":"summary_large_image","twitter_misc":{"Tempo estimado de leitura":"2 minutos"},"schema":{"@context":"https:\/\/schema.org","@graph":[{"@type":"WebPage","@id":"https:\/\/thelyflabs.com\/product\/vaper-stv-space-vape-strawberry-2ml-sativanol","url":"https:\/\/thelyflabs.com\/product\/vaper-stv-space-vape-strawberry-2ml-sativanol","name":"Vaper STV \u2013 Space Vape Morango 2ml (Sativanol) - THE LYF LABS","isPartOf":{"@id":"https:\/\/thelyflabs.com\/#website"},"primaryImageOfPage":{"@id":"https:\/\/thelyflabs.com\/product\/vaper-stv-space-vape-strawberry-2ml-sativanol#primaryimage"},"image":{"@id":"https:\/\/thelyflabs.com\/product\/vaper-stv-space-vape-strawberry-2ml-sativanol#primaryimage"},"thumbnailUrl":"https:\/\/thelyflabs.com\/wp-content\/uploads\/2026\/03\/Mockup-Strawberry-narnja-der-pod.webp","datePublished":"2025-10-02T10:04:46+00:00","dateModified":"2026-03-22T11:12:34+00:00","description":"Compra por atacado do Vaper STV 90% - Space Vape Strawberry, totalmente legal e testado em laborat\u00f3rio. STV, 10-OH, E8H. Distribuidor B2B na Espanha.","breadcrumb":{"@id":"https:\/\/thelyflabs.com\/product\/vaper-stv-space-vape-strawberry-2ml-sativanol#breadcrumb"},"inLanguage":"pt-PT","potentialAction":[{"@type":"ReadAction","target":["https:\/\/thelyflabs.com\/product\/vaper-stv-space-vape-strawberry-2ml-sativanol"]}]},{"@type":"ImageObject","inLanguage":"pt-PT","@id":"https:\/\/thelyflabs.com\/product\/vaper-stv-space-vape-strawberry-2ml-sativanol#primaryimage","url":"https:\/\/thelyflabs.com\/wp-content\/uploads\/2026\/03\/Mockup-Strawberry-narnja-der-pod.webp","contentUrl":"https:\/\/thelyflabs.com\/wp-content\/uploads\/2026\/03\/Mockup-Strawberry-narnja-der-pod.webp","width":1000,"height":1000,"caption":"Caja m\u00e1s vaper naranja strawberry STV 2ml dcha"},{"@type":"BreadcrumbList","@id":"https:\/\/thelyflabs.com\/product\/vaper-stv-space-vape-strawberry-2ml-sativanol#breadcrumb","itemListElement":[{"@type":"ListItem","position":1,"name":"Portada","item":"https:\/\/thelyflabs.com\/"},{"@type":"ListItem","position":2,"name":"Tienda","item":"https:\/\/thelyflabs.com\/tienda"},{"@type":"ListItem","position":3,"name":"Vaper STV \u2013 Space Vape Strawberry 2ml (Sativanol)"}]},{"@type":"WebSite","@id":"https:\/\/thelyflabs.com\/#website","url":"https:\/\/thelyflabs.com\/","name":"Os Laborat\u00f3rios LYF","description":"CBD atacado","publisher":{"@id":"https:\/\/thelyflabs.com\/#organization"},"potentialAction":[{"@type":"SearchAction","target":{"@type":"EntryPoint","urlTemplate":"https:\/\/thelyflabs.com\/?s={search_term_string}"},"query-input":{"@type":"PropertyValueSpecification","valueRequired":true,"valueName":"search_term_string"}}],"inLanguage":"pt-PT"},{"@type":"Organization","@id":"https:\/\/thelyflabs.com\/#organization","name":"Os Laborat\u00f3rios LYF","url":"https:\/\/thelyflabs.com\/","logo":{"@type":"ImageObject","inLanguage":"pt-PT","@id":"https:\/\/thelyflabs.com\/#\/schema\/logo\/image\/","url":"https:\/\/thelyflabs.com\/wp-content\/uploads\/2023\/01\/cropped-LogoTheLYFLabs.png","contentUrl":"https:\/\/thelyflabs.com\/wp-content\/uploads\/2023\/01\/cropped-LogoTheLYFLabs.png","width":600,"height":180,"caption":"The LYF Labs"},"image":{"@id":"https:\/\/thelyflabs.com\/#\/schema\/logo\/image\/"}}]}},"_links":{"self":[{"href":"https:\/\/thelyflabs.com\/pt\/wp-json\/wp\/v2\/product\/14499","targetHints":{"allow":["GET"]}}],"collection":[{"href":"https:\/\/thelyflabs.com\/pt\/wp-json\/wp\/v2\/product"}],"about":[{"href":"https:\/\/thelyflabs.com\/pt\/wp-json\/wp\/v2\/types\/product"}],"replies":[{"embeddable":true,"href":"https:\/\/thelyflabs.com\/pt\/wp-json\/wp\/v2\/comments?post=14499"}],"wp:featuredmedia":[{"embeddable":true,"href":"https:\/\/thelyflabs.com\/pt\/wp-json\/wp\/v2\/media\/16968"}],"wp:attachment":[{"href":"https:\/\/thelyflabs.com\/pt\/wp-json\/wp\/v2\/media?parent=14499"}],"wp:term":[{"taxonomy":"product_brand","embeddable":true,"href":"https:\/\/thelyflabs.com\/pt\/wp-json\/wp\/v2\/product_brand?post=14499"},{"taxonomy":"product_cat","embeddable":true,"href":"https:\/\/thelyflabs.com\/pt\/wp-json\/wp\/v2\/product_cat?post=14499"},{"taxonomy":"product_tag","embeddable":true,"href":"https:\/\/thelyflabs.com\/pt\/wp-json\/wp\/v2\/product_tag?post=14499"}],"curies":[{"name":"wp","href":"https:\/\/api.w.org\/{rel}","templated":true}]}}