{"id":15138,"date":"2025-11-07T16:51:55","date_gmt":"2025-11-07T15:51:55","guid":{"rendered":"https:\/\/thelyflabs.com\/?post_type=product&#038;p=15138"},"modified":"2026-01-14T15:37:38","modified_gmt":"2026-01-14T14:37:38","slug":"flores-de-cbd-ready-to-roll-lemon-haze-15gr","status":"publish","type":"product","link":"https:\/\/thelyflabs.com\/pt\/product\/flores-de-cbd-ready-to-roll-lemon-haze-15gr","title":{"rendered":"Flores de CBD prontas para enrolar \u2013 Lemon Haze 15g"},"content":{"rendered":"","protected":false},"excerpt":{"rendered":"<p data-start=\"0\" data-end=\"374\">Cada uma de nossas bolsas <strong data-start=\"23\" data-end=\"70\">Flores de CBD prontas para usar <\/strong>cont\u00e9m <strong data-start=\"80\" data-end=\"116\">15 gramas de c\u00e2nhamo picado de alta qualidade<\/strong>, cuidadosamente processado por um <strong data-start=\"155\" data-end=\"191\">sistema de filtragem abrangente<\/strong>Isso garante que cada pacote seja <strong data-start=\"230\" data-end=\"260\">livre de sementes e talos<\/strong>Oferecemos apenas flores limpas, arom\u00e1ticas e perfeitamente mo\u00eddas. <strong data-start=\"338\" data-end=\"371\">Pronto para usar imediatamente<\/strong>.<\/p>\n<p data-start=\"376\" data-end=\"562\">Projetado para o <strong data-start=\"393\" data-end=\"421\">conforto e portabilidade<\/strong>, a gama <em data-start=\"431\" data-end=\"447\">Pronto para rolar <\/em>Ele vem em um <strong data-start=\"461\" data-end=\"492\">Saco compacto e com fecho herm\u00e9tico<\/strong>o que torna f\u00e1cil de transportar e aproveitar. <strong data-start=\"533\" data-end=\"559\">quando e onde voc\u00ea quiser<\/strong>.<\/p>\n<p data-start=\"564\" data-end=\"930\"><strong data-start=\"564\" data-end=\"602\">Naturalmente rico em sabor e aroma.<\/strong>Nossas flores de c\u00e2nhamo CBD capturam a verdadeira ess\u00eancia da planta. <strong data-start=\"678\" data-end=\"739\">Cultivado na It\u00e1lia sob rigorosos padr\u00f5es de qualidade.<\/strong>Cada lote vem de <strong data-start=\"763\" data-end=\"810\">Variedades de c\u00e2nhamo com certifica\u00e7\u00e3o da UE<\/strong>, totalmente analisado em laborat\u00f3rio e com garantia de <strong data-start=\"869\" data-end=\"927\">Em conformidade com a legisla\u00e7\u00e3o europeia (&lt;0,2% THC)<\/strong>.<\/p>\n<p data-start=\"932\" data-end=\"994\"><strong data-start=\"932\" data-end=\"992\">Sempre fresco. Sempre de qualidade superior. Sempre pronto para usar.<\/strong><\/p>\n<ul>\n<li data-start=\"998\" data-end=\"1049\"><strong data-start=\"998\" data-end=\"1047\">Flores de c\u00e2nhamo premium cultivadas na Europa.<\/strong><\/li>\n<li data-start=\"1052\" data-end=\"1115\"><strong data-start=\"1052\" data-end=\"1089\">Saco herm\u00e9tico \u00e0 prova de odores<\/strong><\/li>\n<li data-start=\"1118\" data-end=\"1189\"><strong data-start=\"1118\" data-end=\"1161\">15 gramas das melhores flores de CBD<\/strong> com terpenos <strong data-start=\"1175\" data-end=\"1189\" data-is-last-node=\"\">N\u00e9voa de Lim\u00e3o<\/strong><\/li>\n<\/ul>","protected":false},"featured_media":15118,"comment_status":"open","ping_status":"closed","template":"","meta":{"_acf_changed":false,"site-sidebar-layout":"default","site-content-layout":"","ast-site-content-layout":"default","site-content-style":"default","site-sidebar-style":"default","ast-global-header-display":"","ast-banner-title-visibility":"","ast-main-header-display":"","ast-hfb-above-header-display":"","ast-hfb-below-header-display":"","ast-hfb-mobile-header-display":"","site-post-title":"","ast-breadcrumbs-content":"","ast-featured-img":"","footer-sml-layout":"","theme-transparent-header-meta":"default","adv-header-id-meta":"","stick-header-meta":"","header-above-stick-meta":"","header-main-stick-meta":"","header-below-stick-meta":"","astra-migrate-meta-layouts":"set","ast-page-background-enabled":"default","ast-page-background-meta":{"desktop":{"background-color":"var(--ast-global-color-4)","background-image":"","background-repeat":"repeat","background-position":"center center","background-size":"auto","background-attachment":"scroll","background-type":"","background-media":"","overlay-type":"","overlay-color":"","overlay-opacity":"","overlay-gradient":""},"tablet":{"background-color":"","background-image":"","background-repeat":"repeat","background-position":"center center","background-size":"auto","background-attachment":"scroll","background-type":"","background-media":"","overlay-type":"","overlay-color":"","overlay-opacity":"","overlay-gradient":""},"mobile":{"background-color":"","background-image":"","background-repeat":"repeat","background-position":"center center","background-size":"auto","background-attachment":"scroll","background-type":"","background-media":"","overlay-type":"","overlay-color":"","overlay-opacity":"","overlay-gradient":""}},"ast-content-background-meta":{"desktop":{"background-color":"var(--ast-global-color-5)","background-image":"","background-repeat":"repeat","background-position":"center center","background-size":"auto","background-attachment":"scroll","background-type":"","background-media":"","overlay-type":"","overlay-color":"","overlay-opacity":"","overlay-gradient":""},"tablet":{"background-color":"var(--ast-global-color-5)","background-image":"","background-repeat":"repeat","background-position":"center center","background-size":"auto","background-attachment":"scroll","background-type":"","background-media":"","overlay-type":"","overlay-color":"","overlay-opacity":"","overlay-gradient":""},"mobile":{"background-color":"var(--ast-global-color-5)","background-image":"","background-repeat":"repeat","background-position":"center center","background-size":"auto","background-attachment":"scroll","background-type":"","background-media":"","overlay-type":"","overlay-color":"","overlay-opacity":"","overlay-gradient":""}}},"product_brand":[],"product_cat":[116],"product_tag":[],"class_list":{"0":"post-15138","1":"product","2":"type-product","3":"status-publish","4":"has-post-thumbnail","6":"product_cat-ready-to-roll","7":"desktop-align-center","8":"tablet-align-left","9":"mobile-align-left","11":"first","12":"instock","13":"taxable","14":"shipping-taxable","15":"purchasable","16":"product-type-simple"},"acf":[],"yoast_head":"<!-- This site is optimized with the Yoast SEO plugin v27.4 - https:\/\/yoast.com\/product\/yoast-seo-wordpress\/ -->\n<title>Flores de CBD Ready to Roll - Lemon Haze 15gr - THE LYF LABS<\/title>\n<meta name=\"robots\" content=\"index, follow, max-snippet:-1, max-image-preview:large, max-video-preview:-1\" \/>\n<link rel=\"canonical\" href=\"https:\/\/thelyflabs.com\/pt\/product\/flores-de-cbd-ready-to-roll-lemon-haze-15gr\/\" \/>\n<meta property=\"og:locale\" content=\"pt_PT\" \/>\n<meta property=\"og:type\" content=\"article\" \/>\n<meta property=\"og:title\" content=\"Flores de CBD Ready to Roll - Lemon Haze 15gr - THE LYF LABS\" \/>\n<meta property=\"og:description\" content=\"Cada bolsa de nuestras Flores de CBD Ready to Roll contiene 15 gramos de c\u00e1\u00f1amo picado premium, cuidadosamente procesado mediante un exhaustivo sistema de filtraci\u00f3n. Esto garantiza que cada paquete est\u00e9 libre de semillas y tallos, ofreci\u00e9ndote \u00fanicamente flores limpias, arom\u00e1ticas y perfectamente molidas, listas para usar de inmediato. Dise\u00f1ada para la comodidad y portabilidad, la gama Ready to Roll viene en una bolsa compacta y resellable, lo que facilita llevarla y disfrutarla cuando y donde quieras. Naturalmente rica en sabor y aroma, nuestras flores de c\u00e1\u00f1amo CBD capturan la verdadera esencia de la planta. Cultivadas en Italia bajo estrictos est\u00e1ndares de calidad, cada lote proviene de variedades de c\u00e1\u00f1amo certificadas por la UE, totalmente analizadas en laboratorio y garantizadas para cumplir con la legislaci\u00f3n europea (&lt;0.2% THC). Siempre fresca. Siempre premium. Siempre Ready to Roll.    Flores de c\u00e1\u00f1amo premium cultivadas en Europa  Bolsa resellable a prueba de olor  15 gramos de las mejores flores de CBD con terpenos Lemon Haze\" \/>\n<meta property=\"og:url\" content=\"https:\/\/thelyflabs.com\/pt\/product\/flores-de-cbd-ready-to-roll-lemon-haze-15gr\/\" \/>\n<meta property=\"og:site_name\" content=\"THE LYF LABS\" \/>\n<meta property=\"article:modified_time\" content=\"2026-01-14T14:37:38+00:00\" \/>\n<meta property=\"og:image\" content=\"https:\/\/thelyflabs.com\/wp-content\/uploads\/2025\/11\/RTR-Lemon-haze-frente-lado-montoncito-scaled.webp\" \/>\n\t<meta property=\"og:image:width\" content=\"2560\" \/>\n\t<meta property=\"og:image:height\" content=\"2560\" \/>\n\t<meta property=\"og:image:type\" content=\"image\/webp\" \/>\n<meta name=\"twitter:card\" content=\"summary_large_image\" \/>\n<meta name=\"twitter:label1\" content=\"Tempo estimado de leitura\" \/>\n\t<meta name=\"twitter:data1\" content=\"1 minuto\" \/>\n<script type=\"application\/ld+json\" class=\"yoast-schema-graph\">{\"@context\":\"https:\\\/\\\/schema.org\",\"@graph\":[{\"@type\":\"WebPage\",\"@id\":\"https:\\\/\\\/thelyflabs.com\\\/product\\\/flores-de-cbd-ready-to-roll-lemon-haze-15gr\",\"url\":\"https:\\\/\\\/thelyflabs.com\\\/product\\\/flores-de-cbd-ready-to-roll-lemon-haze-15gr\",\"name\":\"Flores de CBD Ready to Roll - Lemon Haze 15gr - THE LYF LABS\",\"isPartOf\":{\"@id\":\"https:\\\/\\\/thelyflabs.com\\\/#website\"},\"primaryImageOfPage\":{\"@id\":\"https:\\\/\\\/thelyflabs.com\\\/product\\\/flores-de-cbd-ready-to-roll-lemon-haze-15gr#primaryimage\"},\"image\":{\"@id\":\"https:\\\/\\\/thelyflabs.com\\\/product\\\/flores-de-cbd-ready-to-roll-lemon-haze-15gr#primaryimage\"},\"thumbnailUrl\":\"https:\\\/\\\/thelyflabs.com\\\/wp-content\\\/uploads\\\/2025\\\/11\\\/RTR-Lemon-haze-frente-lado-montoncito-scaled.webp\",\"datePublished\":\"2025-11-07T15:51:55+00:00\",\"dateModified\":\"2026-01-14T14:37:38+00:00\",\"breadcrumb\":{\"@id\":\"https:\\\/\\\/thelyflabs.com\\\/product\\\/flores-de-cbd-ready-to-roll-lemon-haze-15gr#breadcrumb\"},\"inLanguage\":\"pt-PT\",\"potentialAction\":[{\"@type\":\"ReadAction\",\"target\":[\"https:\\\/\\\/thelyflabs.com\\\/product\\\/flores-de-cbd-ready-to-roll-lemon-haze-15gr\"]}]},{\"@type\":\"ImageObject\",\"inLanguage\":\"pt-PT\",\"@id\":\"https:\\\/\\\/thelyflabs.com\\\/product\\\/flores-de-cbd-ready-to-roll-lemon-haze-15gr#primaryimage\",\"url\":\"https:\\\/\\\/thelyflabs.com\\\/wp-content\\\/uploads\\\/2025\\\/11\\\/RTR-Lemon-haze-frente-lado-montoncito-scaled.webp\",\"contentUrl\":\"https:\\\/\\\/thelyflabs.com\\\/wp-content\\\/uploads\\\/2025\\\/11\\\/RTR-Lemon-haze-frente-lado-montoncito-scaled.webp\",\"width\":2560,\"height\":2560,\"caption\":\"flores de cbd picadas\"},{\"@type\":\"BreadcrumbList\",\"@id\":\"https:\\\/\\\/thelyflabs.com\\\/product\\\/flores-de-cbd-ready-to-roll-lemon-haze-15gr#breadcrumb\",\"itemListElement\":[{\"@type\":\"ListItem\",\"position\":1,\"name\":\"Portada\",\"item\":\"https:\\\/\\\/thelyflabs.com\\\/\"},{\"@type\":\"ListItem\",\"position\":2,\"name\":\"Tienda\",\"item\":\"https:\\\/\\\/thelyflabs.com\\\/tienda\"},{\"@type\":\"ListItem\",\"position\":3,\"name\":\"Flores de CBD Ready to Roll &#8211; Lemon Haze 15gr\"}]},{\"@type\":\"WebSite\",\"@id\":\"https:\\\/\\\/thelyflabs.com\\\/#website\",\"url\":\"https:\\\/\\\/thelyflabs.com\\\/\",\"name\":\"The LYF Labs\",\"description\":\"CBD al por mayor\",\"publisher\":{\"@id\":\"https:\\\/\\\/thelyflabs.com\\\/#organization\"},\"potentialAction\":[{\"@type\":\"SearchAction\",\"target\":{\"@type\":\"EntryPoint\",\"urlTemplate\":\"https:\\\/\\\/thelyflabs.com\\\/?s={search_term_string}\"},\"query-input\":{\"@type\":\"PropertyValueSpecification\",\"valueRequired\":true,\"valueName\":\"search_term_string\"}}],\"inLanguage\":\"pt-PT\"},{\"@type\":\"Organization\",\"@id\":\"https:\\\/\\\/thelyflabs.com\\\/#organization\",\"name\":\"The LYF Labs\",\"url\":\"https:\\\/\\\/thelyflabs.com\\\/\",\"logo\":{\"@type\":\"ImageObject\",\"inLanguage\":\"pt-PT\",\"@id\":\"https:\\\/\\\/thelyflabs.com\\\/#\\\/schema\\\/logo\\\/image\\\/\",\"url\":\"https:\\\/\\\/thelyflabs.com\\\/wp-content\\\/uploads\\\/2023\\\/01\\\/cropped-LogoTheLYFLabs.png\",\"contentUrl\":\"https:\\\/\\\/thelyflabs.com\\\/wp-content\\\/uploads\\\/2023\\\/01\\\/cropped-LogoTheLYFLabs.png\",\"width\":600,\"height\":180,\"caption\":\"The LYF Labs\"},\"image\":{\"@id\":\"https:\\\/\\\/thelyflabs.com\\\/#\\\/schema\\\/logo\\\/image\\\/\"}}]}<\/script>\n<!-- \/ Yoast SEO plugin. -->","yoast_head_json":{"title":"Flores de CBD prontas para enrolar - Lemon Haze 15g - THE LYF LABS","robots":{"index":"index","follow":"follow","max-snippet":"max-snippet:-1","max-image-preview":"max-image-preview:large","max-video-preview":"max-video-preview:-1"},"canonical":"https:\/\/thelyflabs.com\/pt\/product\/flores-de-cbd-ready-to-roll-lemon-haze-15gr\/","og_locale":"pt_PT","og_type":"article","og_title":"Flores de CBD Ready to Roll - Lemon Haze 15gr - THE LYF LABS","og_description":"Cada bolsa de nuestras Flores de CBD Ready to Roll contiene 15 gramos de c\u00e1\u00f1amo picado premium, cuidadosamente procesado mediante un exhaustivo sistema de filtraci\u00f3n. Esto garantiza que cada paquete est\u00e9 libre de semillas y tallos, ofreci\u00e9ndote \u00fanicamente flores limpias, arom\u00e1ticas y perfectamente molidas, listas para usar de inmediato. Dise\u00f1ada para la comodidad y portabilidad, la gama Ready to Roll viene en una bolsa compacta y resellable, lo que facilita llevarla y disfrutarla cuando y donde quieras. Naturalmente rica en sabor y aroma, nuestras flores de c\u00e1\u00f1amo CBD capturan la verdadera esencia de la planta. Cultivadas en Italia bajo estrictos est\u00e1ndares de calidad, cada lote proviene de variedades de c\u00e1\u00f1amo certificadas por la UE, totalmente analizadas en laboratorio y garantizadas para cumplir con la legislaci\u00f3n europea (&lt;0.2% THC). Siempre fresca. Siempre premium. Siempre Ready to Roll.    Flores de c\u00e1\u00f1amo premium cultivadas en Europa  Bolsa resellable a prueba de olor  15 gramos de las mejores flores de CBD con terpenos Lemon Haze","og_url":"https:\/\/thelyflabs.com\/pt\/product\/flores-de-cbd-ready-to-roll-lemon-haze-15gr\/","og_site_name":"THE LYF LABS","article_modified_time":"2026-01-14T14:37:38+00:00","og_image":[{"width":2560,"height":2560,"url":"https:\/\/thelyflabs.com\/wp-content\/uploads\/2025\/11\/RTR-Lemon-haze-frente-lado-montoncito-scaled.webp","type":"image\/webp"}],"twitter_card":"summary_large_image","twitter_misc":{"Tempo estimado de leitura":"1 minuto"},"schema":{"@context":"https:\/\/schema.org","@graph":[{"@type":"WebPage","@id":"https:\/\/thelyflabs.com\/product\/flores-de-cbd-ready-to-roll-lemon-haze-15gr","url":"https:\/\/thelyflabs.com\/product\/flores-de-cbd-ready-to-roll-lemon-haze-15gr","name":"Flores de CBD prontas para enrolar - Lemon Haze 15g - THE LYF LABS","isPartOf":{"@id":"https:\/\/thelyflabs.com\/#website"},"primaryImageOfPage":{"@id":"https:\/\/thelyflabs.com\/product\/flores-de-cbd-ready-to-roll-lemon-haze-15gr#primaryimage"},"image":{"@id":"https:\/\/thelyflabs.com\/product\/flores-de-cbd-ready-to-roll-lemon-haze-15gr#primaryimage"},"thumbnailUrl":"https:\/\/thelyflabs.com\/wp-content\/uploads\/2025\/11\/RTR-Lemon-haze-frente-lado-montoncito-scaled.webp","datePublished":"2025-11-07T15:51:55+00:00","dateModified":"2026-01-14T14:37:38+00:00","breadcrumb":{"@id":"https:\/\/thelyflabs.com\/product\/flores-de-cbd-ready-to-roll-lemon-haze-15gr#breadcrumb"},"inLanguage":"pt-PT","potentialAction":[{"@type":"ReadAction","target":["https:\/\/thelyflabs.com\/product\/flores-de-cbd-ready-to-roll-lemon-haze-15gr"]}]},{"@type":"ImageObject","inLanguage":"pt-PT","@id":"https:\/\/thelyflabs.com\/product\/flores-de-cbd-ready-to-roll-lemon-haze-15gr#primaryimage","url":"https:\/\/thelyflabs.com\/wp-content\/uploads\/2025\/11\/RTR-Lemon-haze-frente-lado-montoncito-scaled.webp","contentUrl":"https:\/\/thelyflabs.com\/wp-content\/uploads\/2025\/11\/RTR-Lemon-haze-frente-lado-montoncito-scaled.webp","width":2560,"height":2560,"caption":"flores de cbd picadas"},{"@type":"BreadcrumbList","@id":"https:\/\/thelyflabs.com\/product\/flores-de-cbd-ready-to-roll-lemon-haze-15gr#breadcrumb","itemListElement":[{"@type":"ListItem","position":1,"name":"Portada","item":"https:\/\/thelyflabs.com\/"},{"@type":"ListItem","position":2,"name":"Tienda","item":"https:\/\/thelyflabs.com\/tienda"},{"@type":"ListItem","position":3,"name":"Flores de CBD Ready to Roll &#8211; Lemon Haze 15gr"}]},{"@type":"WebSite","@id":"https:\/\/thelyflabs.com\/#website","url":"https:\/\/thelyflabs.com\/","name":"Os Laborat\u00f3rios LYF","description":"CBD atacado","publisher":{"@id":"https:\/\/thelyflabs.com\/#organization"},"potentialAction":[{"@type":"SearchAction","target":{"@type":"EntryPoint","urlTemplate":"https:\/\/thelyflabs.com\/?s={search_term_string}"},"query-input":{"@type":"PropertyValueSpecification","valueRequired":true,"valueName":"search_term_string"}}],"inLanguage":"pt-PT"},{"@type":"Organization","@id":"https:\/\/thelyflabs.com\/#organization","name":"Os Laborat\u00f3rios LYF","url":"https:\/\/thelyflabs.com\/","logo":{"@type":"ImageObject","inLanguage":"pt-PT","@id":"https:\/\/thelyflabs.com\/#\/schema\/logo\/image\/","url":"https:\/\/thelyflabs.com\/wp-content\/uploads\/2023\/01\/cropped-LogoTheLYFLabs.png","contentUrl":"https:\/\/thelyflabs.com\/wp-content\/uploads\/2023\/01\/cropped-LogoTheLYFLabs.png","width":600,"height":180,"caption":"The LYF Labs"},"image":{"@id":"https:\/\/thelyflabs.com\/#\/schema\/logo\/image\/"}}]}},"_links":{"self":[{"href":"https:\/\/thelyflabs.com\/pt\/wp-json\/wp\/v2\/product\/15138","targetHints":{"allow":["GET"]}}],"collection":[{"href":"https:\/\/thelyflabs.com\/pt\/wp-json\/wp\/v2\/product"}],"about":[{"href":"https:\/\/thelyflabs.com\/pt\/wp-json\/wp\/v2\/types\/product"}],"replies":[{"embeddable":true,"href":"https:\/\/thelyflabs.com\/pt\/wp-json\/wp\/v2\/comments?post=15138"}],"wp:featuredmedia":[{"embeddable":true,"href":"https:\/\/thelyflabs.com\/pt\/wp-json\/wp\/v2\/media\/15118"}],"wp:attachment":[{"href":"https:\/\/thelyflabs.com\/pt\/wp-json\/wp\/v2\/media?parent=15138"}],"wp:term":[{"taxonomy":"product_brand","embeddable":true,"href":"https:\/\/thelyflabs.com\/pt\/wp-json\/wp\/v2\/product_brand?post=15138"},{"taxonomy":"product_cat","embeddable":true,"href":"https:\/\/thelyflabs.com\/pt\/wp-json\/wp\/v2\/product_cat?post=15138"},{"taxonomy":"product_tag","embeddable":true,"href":"https:\/\/thelyflabs.com\/pt\/wp-json\/wp\/v2\/product_tag?post=15138"}],"curies":[{"name":"wp","href":"https:\/\/api.w.org\/{rel}","templated":true}]}}