{"id":15141,"date":"2025-11-07T17:02:23","date_gmt":"2025-11-07T16:02:23","guid":{"rendered":"https:\/\/thelyflabs.com\/?post_type=product&#038;p=15141"},"modified":"2025-11-07T17:07:45","modified_gmt":"2025-11-07T16:07:45","slug":"flores-de-cbd-ready-to-roll-zkittlez-15gr","status":"publish","type":"product","link":"https:\/\/thelyflabs.com\/pt\/product\/flores-de-cbd-ready-to-roll-zkittlez-15gr","title":{"rendered":"Flores de CBD prontas para enrolar \u2013 Zkittlez 15g"},"content":{"rendered":"","protected":false},"excerpt":{"rendered":"<p data-start=\"0\" data-end=\"426\">Descubra o nosso <strong data-start=\"18\" data-end=\"65\">Flores de c\u00e2nhamo CBD prontas para enrolar<\/strong>Um produto premium criado para quem busca <strong data-start=\"114\" data-end=\"143\">pureza, sabor e praticidade<\/strong> em um \u00fanico saco. Cada embalagem cont\u00e9m <strong data-start=\"185\" data-end=\"241\">15 gramas de flores de c\u00e2nhamo cuidadosamente mo\u00eddas<\/strong>, processado por um <strong data-start=\"266\" data-end=\"302\">sistema de filtragem abrangente<\/strong> que elimina completamente sementes e talos. O resultado: uma mistura. <strong data-start=\"372\" data-end=\"423\">Limpo, arom\u00e1tico, suave e pronto para desfrutar.<\/strong>.<\/p>\n<p data-start=\"428\" data-end=\"725\">Projetado com o <strong data-start=\"452\" data-end=\"467\">praticidade<\/strong>Este produto vem em <strong data-start=\"496\" data-end=\"525\">Saco leve e com fecho herm\u00e9tico<\/strong>F\u00e1cil de transportar e usar em qualquer lugar. Perfeito para ambos <strong data-start=\"598\" data-end=\"617\">novos usu\u00e1rios<\/strong> quanto a <strong data-start=\"628\" data-end=\"666\">entusiastas experientes de CBD<\/strong>, garante uma experi\u00eancia <strong data-start=\"694\" data-end=\"722\">consistente e agrad\u00e1vel<\/strong>.<\/p>\n<p data-start=\"727\" data-end=\"1056\">Nossas flores oferecem <strong data-start=\"754\" data-end=\"805\">Aroma aut\u00eantico e ess\u00eancia natural do c\u00e2nhamo.<\/strong>, <strong data-start=\"807\" data-end=\"867\">Cultivado na It\u00e1lia sob rigorosos padr\u00f5es de qualidade.<\/strong>. De <strong data-start=\"884\" data-end=\"928\">Variedades de c\u00e2nhamo aprovadas pela UE<\/strong>Cada lote \u00e9 analisado em laborat\u00f3rio e \u00e9 <strong data-start=\"971\" data-end=\"1009\">totalmente legal na Europa<\/strong>com n\u00edveis de THC <strong data-start=\"1030\" data-end=\"1053\">menos de 0,2 %<\/strong>.<\/p>\n<p data-start=\"1058\" data-end=\"1208\">Experimente o <strong data-start=\"1073\" data-end=\"1103\">m\u00e1xima qualidade e conforto<\/strong> com o nosso <strong data-start=\"1117\" data-end=\"1164\">Flores de c\u00e2nhamo CBD prontas para enrolar<\/strong>: <strong data-start=\"1166\" data-end=\"1205\">Puro, seguro e sempre confi\u00e1vel.<\/strong>.<\/p>\n<ul>\n<li data-start=\"1212\" data-end=\"1263\"><strong data-start=\"1212\" data-end=\"1261\">Flores de c\u00e2nhamo premium cultivadas na Europa.<\/strong><\/li>\n<li data-start=\"1266\" data-end=\"1329\"><strong data-start=\"1266\" data-end=\"1303\">Saco herm\u00e9tico \u00e0 prova de odores<\/strong><\/li>\n<li data-start=\"1332\" data-end=\"1401\"><strong data-start=\"1332\" data-end=\"1375\">15 gramas das melhores flores de CBD<\/strong> com terpenos <strong data-start=\"1389\" data-end=\"1401\" data-is-last-node=\"\">Zkittlez<\/strong><\/li>\n<\/ul>","protected":false},"featured_media":15128,"comment_status":"open","ping_status":"closed","template":"","meta":{"_acf_changed":false,"site-sidebar-layout":"default","site-content-layout":"","ast-site-content-layout":"default","site-content-style":"default","site-sidebar-style":"default","ast-global-header-display":"","ast-banner-title-visibility":"","ast-main-header-display":"","ast-hfb-above-header-display":"","ast-hfb-below-header-display":"","ast-hfb-mobile-header-display":"","site-post-title":"","ast-breadcrumbs-content":"","ast-featured-img":"","footer-sml-layout":"","theme-transparent-header-meta":"default","adv-header-id-meta":"","stick-header-meta":"","header-above-stick-meta":"","header-main-stick-meta":"","header-below-stick-meta":"","astra-migrate-meta-layouts":"set","ast-page-background-enabled":"default","ast-page-background-meta":{"desktop":{"background-color":"var(--ast-global-color-4)","background-image":"","background-repeat":"repeat","background-position":"center center","background-size":"auto","background-attachment":"scroll","background-type":"","background-media":"","overlay-type":"","overlay-color":"","overlay-opacity":"","overlay-gradient":""},"tablet":{"background-color":"","background-image":"","background-repeat":"repeat","background-position":"center center","background-size":"auto","background-attachment":"scroll","background-type":"","background-media":"","overlay-type":"","overlay-color":"","overlay-opacity":"","overlay-gradient":""},"mobile":{"background-color":"","background-image":"","background-repeat":"repeat","background-position":"center center","background-size":"auto","background-attachment":"scroll","background-type":"","background-media":"","overlay-type":"","overlay-color":"","overlay-opacity":"","overlay-gradient":""}},"ast-content-background-meta":{"desktop":{"background-color":"var(--ast-global-color-5)","background-image":"","background-repeat":"repeat","background-position":"center center","background-size":"auto","background-attachment":"scroll","background-type":"","background-media":"","overlay-type":"","overlay-color":"","overlay-opacity":"","overlay-gradient":""},"tablet":{"background-color":"var(--ast-global-color-5)","background-image":"","background-repeat":"repeat","background-position":"center center","background-size":"auto","background-attachment":"scroll","background-type":"","background-media":"","overlay-type":"","overlay-color":"","overlay-opacity":"","overlay-gradient":""},"mobile":{"background-color":"var(--ast-global-color-5)","background-image":"","background-repeat":"repeat","background-position":"center center","background-size":"auto","background-attachment":"scroll","background-type":"","background-media":"","overlay-type":"","overlay-color":"","overlay-opacity":"","overlay-gradient":""}}},"product_brand":[],"product_cat":[116],"product_tag":[],"class_list":{"0":"post-15141","1":"product","2":"type-product","3":"status-publish","4":"has-post-thumbnail","6":"product_cat-ready-to-roll","7":"desktop-align-center","8":"tablet-align-left","9":"mobile-align-left","11":"first","12":"instock","13":"taxable","14":"shipping-taxable","15":"purchasable","16":"product-type-simple"},"acf":[],"yoast_head":"<!-- This site is optimized with the Yoast SEO plugin v27.4 - https:\/\/yoast.com\/product\/yoast-seo-wordpress\/ -->\n<title>Flores de CBD Ready to Roll - Zkittlez 15gr - THE LYF LABS<\/title>\n<meta name=\"robots\" content=\"index, follow, max-snippet:-1, max-image-preview:large, max-video-preview:-1\" \/>\n<link rel=\"canonical\" href=\"https:\/\/thelyflabs.com\/pt\/product\/flores-de-cbd-ready-to-roll-zkittlez-15gr\/\" \/>\n<meta property=\"og:locale\" content=\"pt_PT\" \/>\n<meta property=\"og:type\" content=\"article\" \/>\n<meta property=\"og:title\" content=\"Flores de CBD Ready to Roll - Zkittlez 15gr - THE LYF LABS\" \/>\n<meta property=\"og:description\" content=\"Descubre nuestras Flores de C\u00e1\u00f1amo CBD Ready to Roll, un producto premium creado para quienes buscan pureza, sabor y comodidad en una sola bolsa. Cada paquete contiene 15 gramos de flores de c\u00e1\u00f1amo cuidadosamente molidas, procesadas mediante un exhaustivo sistema de filtraci\u00f3n que elimina por completo semillas y tallos. El resultado: una mezcla limpia, arom\u00e1tica, suave y lista para disfrutar. Dise\u00f1ado pensando en la practicidad, este producto viene en una bolsa resellable y ligera, f\u00e1cil de transportar y usar dondequiera que est\u00e9s. Perfecto tanto para nuevos usuarios como para entusiastas experimentados del CBD, garantiza una experiencia consistente y placentera. Nuestras flores ofrecen el aroma aut\u00e9ntico y la esencia natural del c\u00e1\u00f1amo, cultivado en Italia bajo estrictos est\u00e1ndares de calidad. Procedentes de variedades de c\u00e1\u00f1amo aprobadas por la UE, cada lote se analiza en laboratorio y es totalmente legal en Europa, con niveles de THC inferiores al 0,2 %. Experimenta la m\u00e1xima calidad y comodidad con nuestras Flores de C\u00e1\u00f1amo CBD Ready to Roll: puras, seguras y siempre confiables.    Flores de c\u00e1\u00f1amo premium cultivadas en Europa  Bolsa resellable a prueba de olor  15 gramos de las mejores flores de CBD con terpenos Zkittlez\" \/>\n<meta property=\"og:url\" content=\"https:\/\/thelyflabs.com\/pt\/product\/flores-de-cbd-ready-to-roll-zkittlez-15gr\/\" \/>\n<meta property=\"og:site_name\" content=\"THE LYF LABS\" \/>\n<meta property=\"article:modified_time\" content=\"2025-11-07T16:07:45+00:00\" \/>\n<meta property=\"og:image\" content=\"https:\/\/thelyflabs.com\/wp-content\/uploads\/2025\/11\/RTR-zkittlez-frente-lado-montoncito-scaled.webp\" \/>\n\t<meta property=\"og:image:width\" content=\"2560\" \/>\n\t<meta property=\"og:image:height\" content=\"2560\" \/>\n\t<meta property=\"og:image:type\" content=\"image\/webp\" \/>\n<meta name=\"twitter:card\" content=\"summary_large_image\" \/>\n<meta name=\"twitter:label1\" content=\"Tempo estimado de leitura\" \/>\n\t<meta name=\"twitter:data1\" content=\"1 minuto\" \/>\n<script type=\"application\/ld+json\" class=\"yoast-schema-graph\">{\"@context\":\"https:\\\/\\\/schema.org\",\"@graph\":[{\"@type\":\"WebPage\",\"@id\":\"https:\\\/\\\/thelyflabs.com\\\/product\\\/flores-de-cbd-ready-to-roll-zkittlez-15gr\",\"url\":\"https:\\\/\\\/thelyflabs.com\\\/product\\\/flores-de-cbd-ready-to-roll-zkittlez-15gr\",\"name\":\"Flores de CBD Ready to Roll - Zkittlez 15gr - THE LYF LABS\",\"isPartOf\":{\"@id\":\"https:\\\/\\\/thelyflabs.com\\\/#website\"},\"primaryImageOfPage\":{\"@id\":\"https:\\\/\\\/thelyflabs.com\\\/product\\\/flores-de-cbd-ready-to-roll-zkittlez-15gr#primaryimage\"},\"image\":{\"@id\":\"https:\\\/\\\/thelyflabs.com\\\/product\\\/flores-de-cbd-ready-to-roll-zkittlez-15gr#primaryimage\"},\"thumbnailUrl\":\"https:\\\/\\\/thelyflabs.com\\\/wp-content\\\/uploads\\\/2025\\\/11\\\/RTR-zkittlez-frente-lado-montoncito-scaled.webp\",\"datePublished\":\"2025-11-07T16:02:23+00:00\",\"dateModified\":\"2025-11-07T16:07:45+00:00\",\"breadcrumb\":{\"@id\":\"https:\\\/\\\/thelyflabs.com\\\/product\\\/flores-de-cbd-ready-to-roll-zkittlez-15gr#breadcrumb\"},\"inLanguage\":\"pt-PT\",\"potentialAction\":[{\"@type\":\"ReadAction\",\"target\":[\"https:\\\/\\\/thelyflabs.com\\\/product\\\/flores-de-cbd-ready-to-roll-zkittlez-15gr\"]}]},{\"@type\":\"ImageObject\",\"inLanguage\":\"pt-PT\",\"@id\":\"https:\\\/\\\/thelyflabs.com\\\/product\\\/flores-de-cbd-ready-to-roll-zkittlez-15gr#primaryimage\",\"url\":\"https:\\\/\\\/thelyflabs.com\\\/wp-content\\\/uploads\\\/2025\\\/11\\\/RTR-zkittlez-frente-lado-montoncito-scaled.webp\",\"contentUrl\":\"https:\\\/\\\/thelyflabs.com\\\/wp-content\\\/uploads\\\/2025\\\/11\\\/RTR-zkittlez-frente-lado-montoncito-scaled.webp\",\"width\":2560,\"height\":2560,\"caption\":\"flores zkittlez\"},{\"@type\":\"BreadcrumbList\",\"@id\":\"https:\\\/\\\/thelyflabs.com\\\/product\\\/flores-de-cbd-ready-to-roll-zkittlez-15gr#breadcrumb\",\"itemListElement\":[{\"@type\":\"ListItem\",\"position\":1,\"name\":\"Portada\",\"item\":\"https:\\\/\\\/thelyflabs.com\\\/\"},{\"@type\":\"ListItem\",\"position\":2,\"name\":\"Tienda\",\"item\":\"https:\\\/\\\/thelyflabs.com\\\/tienda\"},{\"@type\":\"ListItem\",\"position\":3,\"name\":\"Flores de CBD Ready to Roll &#8211; Zkittlez 15gr\"}]},{\"@type\":\"WebSite\",\"@id\":\"https:\\\/\\\/thelyflabs.com\\\/#website\",\"url\":\"https:\\\/\\\/thelyflabs.com\\\/\",\"name\":\"The LYF Labs\",\"description\":\"CBD al por mayor\",\"publisher\":{\"@id\":\"https:\\\/\\\/thelyflabs.com\\\/#organization\"},\"potentialAction\":[{\"@type\":\"SearchAction\",\"target\":{\"@type\":\"EntryPoint\",\"urlTemplate\":\"https:\\\/\\\/thelyflabs.com\\\/?s={search_term_string}\"},\"query-input\":{\"@type\":\"PropertyValueSpecification\",\"valueRequired\":true,\"valueName\":\"search_term_string\"}}],\"inLanguage\":\"pt-PT\"},{\"@type\":\"Organization\",\"@id\":\"https:\\\/\\\/thelyflabs.com\\\/#organization\",\"name\":\"The LYF Labs\",\"url\":\"https:\\\/\\\/thelyflabs.com\\\/\",\"logo\":{\"@type\":\"ImageObject\",\"inLanguage\":\"pt-PT\",\"@id\":\"https:\\\/\\\/thelyflabs.com\\\/#\\\/schema\\\/logo\\\/image\\\/\",\"url\":\"https:\\\/\\\/thelyflabs.com\\\/wp-content\\\/uploads\\\/2023\\\/01\\\/cropped-LogoTheLYFLabs.png\",\"contentUrl\":\"https:\\\/\\\/thelyflabs.com\\\/wp-content\\\/uploads\\\/2023\\\/01\\\/cropped-LogoTheLYFLabs.png\",\"width\":600,\"height\":180,\"caption\":\"The LYF Labs\"},\"image\":{\"@id\":\"https:\\\/\\\/thelyflabs.com\\\/#\\\/schema\\\/logo\\\/image\\\/\"}}]}<\/script>\n<!-- \/ Yoast SEO plugin. -->","yoast_head_json":{"title":"Flores de CBD prontas para enrolar - Zkittlez 15g - THE LYF LABS","robots":{"index":"index","follow":"follow","max-snippet":"max-snippet:-1","max-image-preview":"max-image-preview:large","max-video-preview":"max-video-preview:-1"},"canonical":"https:\/\/thelyflabs.com\/pt\/product\/flores-de-cbd-ready-to-roll-zkittlez-15gr\/","og_locale":"pt_PT","og_type":"article","og_title":"Flores de CBD Ready to Roll - Zkittlez 15gr - THE LYF LABS","og_description":"Descubre nuestras Flores de C\u00e1\u00f1amo CBD Ready to Roll, un producto premium creado para quienes buscan pureza, sabor y comodidad en una sola bolsa. Cada paquete contiene 15 gramos de flores de c\u00e1\u00f1amo cuidadosamente molidas, procesadas mediante un exhaustivo sistema de filtraci\u00f3n que elimina por completo semillas y tallos. El resultado: una mezcla limpia, arom\u00e1tica, suave y lista para disfrutar. Dise\u00f1ado pensando en la practicidad, este producto viene en una bolsa resellable y ligera, f\u00e1cil de transportar y usar dondequiera que est\u00e9s. Perfecto tanto para nuevos usuarios como para entusiastas experimentados del CBD, garantiza una experiencia consistente y placentera. Nuestras flores ofrecen el aroma aut\u00e9ntico y la esencia natural del c\u00e1\u00f1amo, cultivado en Italia bajo estrictos est\u00e1ndares de calidad. Procedentes de variedades de c\u00e1\u00f1amo aprobadas por la UE, cada lote se analiza en laboratorio y es totalmente legal en Europa, con niveles de THC inferiores al 0,2 %. Experimenta la m\u00e1xima calidad y comodidad con nuestras Flores de C\u00e1\u00f1amo CBD Ready to Roll: puras, seguras y siempre confiables.    Flores de c\u00e1\u00f1amo premium cultivadas en Europa  Bolsa resellable a prueba de olor  15 gramos de las mejores flores de CBD con terpenos Zkittlez","og_url":"https:\/\/thelyflabs.com\/pt\/product\/flores-de-cbd-ready-to-roll-zkittlez-15gr\/","og_site_name":"THE LYF LABS","article_modified_time":"2025-11-07T16:07:45+00:00","og_image":[{"width":2560,"height":2560,"url":"https:\/\/thelyflabs.com\/wp-content\/uploads\/2025\/11\/RTR-zkittlez-frente-lado-montoncito-scaled.webp","type":"image\/webp"}],"twitter_card":"summary_large_image","twitter_misc":{"Tempo estimado de leitura":"1 minuto"},"schema":{"@context":"https:\/\/schema.org","@graph":[{"@type":"WebPage","@id":"https:\/\/thelyflabs.com\/product\/flores-de-cbd-ready-to-roll-zkittlez-15gr","url":"https:\/\/thelyflabs.com\/product\/flores-de-cbd-ready-to-roll-zkittlez-15gr","name":"Flores de CBD prontas para enrolar - Zkittlez 15g - THE LYF LABS","isPartOf":{"@id":"https:\/\/thelyflabs.com\/#website"},"primaryImageOfPage":{"@id":"https:\/\/thelyflabs.com\/product\/flores-de-cbd-ready-to-roll-zkittlez-15gr#primaryimage"},"image":{"@id":"https:\/\/thelyflabs.com\/product\/flores-de-cbd-ready-to-roll-zkittlez-15gr#primaryimage"},"thumbnailUrl":"https:\/\/thelyflabs.com\/wp-content\/uploads\/2025\/11\/RTR-zkittlez-frente-lado-montoncito-scaled.webp","datePublished":"2025-11-07T16:02:23+00:00","dateModified":"2025-11-07T16:07:45+00:00","breadcrumb":{"@id":"https:\/\/thelyflabs.com\/product\/flores-de-cbd-ready-to-roll-zkittlez-15gr#breadcrumb"},"inLanguage":"pt-PT","potentialAction":[{"@type":"ReadAction","target":["https:\/\/thelyflabs.com\/product\/flores-de-cbd-ready-to-roll-zkittlez-15gr"]}]},{"@type":"ImageObject","inLanguage":"pt-PT","@id":"https:\/\/thelyflabs.com\/product\/flores-de-cbd-ready-to-roll-zkittlez-15gr#primaryimage","url":"https:\/\/thelyflabs.com\/wp-content\/uploads\/2025\/11\/RTR-zkittlez-frente-lado-montoncito-scaled.webp","contentUrl":"https:\/\/thelyflabs.com\/wp-content\/uploads\/2025\/11\/RTR-zkittlez-frente-lado-montoncito-scaled.webp","width":2560,"height":2560,"caption":"flores zkittlez"},{"@type":"BreadcrumbList","@id":"https:\/\/thelyflabs.com\/product\/flores-de-cbd-ready-to-roll-zkittlez-15gr#breadcrumb","itemListElement":[{"@type":"ListItem","position":1,"name":"Portada","item":"https:\/\/thelyflabs.com\/"},{"@type":"ListItem","position":2,"name":"Tienda","item":"https:\/\/thelyflabs.com\/tienda"},{"@type":"ListItem","position":3,"name":"Flores de CBD Ready to Roll &#8211; Zkittlez 15gr"}]},{"@type":"WebSite","@id":"https:\/\/thelyflabs.com\/#website","url":"https:\/\/thelyflabs.com\/","name":"Os Laborat\u00f3rios LYF","description":"CBD atacado","publisher":{"@id":"https:\/\/thelyflabs.com\/#organization"},"potentialAction":[{"@type":"SearchAction","target":{"@type":"EntryPoint","urlTemplate":"https:\/\/thelyflabs.com\/?s={search_term_string}"},"query-input":{"@type":"PropertyValueSpecification","valueRequired":true,"valueName":"search_term_string"}}],"inLanguage":"pt-PT"},{"@type":"Organization","@id":"https:\/\/thelyflabs.com\/#organization","name":"Os Laborat\u00f3rios LYF","url":"https:\/\/thelyflabs.com\/","logo":{"@type":"ImageObject","inLanguage":"pt-PT","@id":"https:\/\/thelyflabs.com\/#\/schema\/logo\/image\/","url":"https:\/\/thelyflabs.com\/wp-content\/uploads\/2023\/01\/cropped-LogoTheLYFLabs.png","contentUrl":"https:\/\/thelyflabs.com\/wp-content\/uploads\/2023\/01\/cropped-LogoTheLYFLabs.png","width":600,"height":180,"caption":"The LYF Labs"},"image":{"@id":"https:\/\/thelyflabs.com\/#\/schema\/logo\/image\/"}}]}},"_links":{"self":[{"href":"https:\/\/thelyflabs.com\/pt\/wp-json\/wp\/v2\/product\/15141","targetHints":{"allow":["GET"]}}],"collection":[{"href":"https:\/\/thelyflabs.com\/pt\/wp-json\/wp\/v2\/product"}],"about":[{"href":"https:\/\/thelyflabs.com\/pt\/wp-json\/wp\/v2\/types\/product"}],"replies":[{"embeddable":true,"href":"https:\/\/thelyflabs.com\/pt\/wp-json\/wp\/v2\/comments?post=15141"}],"wp:featuredmedia":[{"embeddable":true,"href":"https:\/\/thelyflabs.com\/pt\/wp-json\/wp\/v2\/media\/15128"}],"wp:attachment":[{"href":"https:\/\/thelyflabs.com\/pt\/wp-json\/wp\/v2\/media?parent=15141"}],"wp:term":[{"taxonomy":"product_brand","embeddable":true,"href":"https:\/\/thelyflabs.com\/pt\/wp-json\/wp\/v2\/product_brand?post=15141"},{"taxonomy":"product_cat","embeddable":true,"href":"https:\/\/thelyflabs.com\/pt\/wp-json\/wp\/v2\/product_cat?post=15141"},{"taxonomy":"product_tag","embeddable":true,"href":"https:\/\/thelyflabs.com\/pt\/wp-json\/wp\/v2\/product_tag?post=15141"}],"curies":[{"name":"wp","href":"https:\/\/api.w.org\/{rel}","templated":true}]}}