{"id":16940,"date":"2026-03-09T11:30:19","date_gmt":"2026-03-09T10:30:19","guid":{"rendered":"https:\/\/thelyflabs.com\/?post_type=product&#038;p=16940"},"modified":"2026-03-19T13:50:22","modified_gmt":"2026-03-19T12:50:22","slug":"hash-cbd-carte-dor","status":"publish","type":"product","link":"https:\/\/thelyflabs.com\/pt\/product\/hash-cbd-carte-dor","title":{"rendered":"Hash CBD Carte D&#039;or 43%"},"content":{"rendered":"<h1><span style=\"font-weight: 400\">Hash CBD Carte D&#039;Or 43%: obra-prima dourada<\/span><\/h1>\n<p><span style=\"font-weight: 400\">Bem-vindo a uma nova experi\u00eancia de qualidade premium com o <strong>Hash CBD Carte D&#039;Or<\/strong>Este haxixe est\u00e1 revolucionando o mercado porque cont\u00e9m um <strong>43% de CBD <\/strong>e \u00e9 um<strong> haxixe sem THC<\/strong> e oferece uma combina\u00e7\u00e3o \u00fanica de propriedades relaxantes com um aroma envolvente: possui um <strong>acabamento artesanal<\/strong> Digno dos paladares mais profissionais.<\/span><\/p>\n<p>\u00c9 ideal para quem busca autenticidade e aquele sabor equilibrado que lembra caramelo derretido e baunilha, caracter\u00edstico dos sorvetes famosos; tudo com um <strong>alta concentra\u00e7\u00e3o de CBD<\/strong>. <span style=\"font-weight: 400\">Tamb\u00e9m possui menos de 0,31% de THC, portanto, este haxixe \u00e9 <strong>Legal na Espanha e na Europa<\/strong>.<\/span><\/p>\n<p>\u00c9 muito mais do que apenas haxixe de CBD. \u00c9 uma obra-prima que combina qualidade, pureza e um aroma inigual\u00e1vel; uma op\u00e7\u00e3o de destaque no mercado. <span style=\"font-weight: 400\"> Explore sua textura e saboreie seus aromas picantes! Descubra por que o <strong>Haxixe Carte D&#039;Or CBD <\/strong>\u00c9 uma das resinas mais aut\u00eanticas e de maior qualidade que voc\u00ea pode encontrar, se quiser. <strong>haxixe CBD barato<\/strong> mas premium.<\/span><\/p>\n<p>&nbsp;<\/p>\n<h2>Caracter\u00edsticas do haxixe CBD Carte D&#039;Or:<\/h2>\n<ul>\n<li><b>Apar\u00eancia e textura: <span style=\"font-size: 16px;font-weight: 400\">Destaca-se pela sua <strong>Textura macia e compacta, um tanto semelhante ao mel.<\/strong>De cor castanho-dourado escuro, este haxixe tem um c<strong>consist\u00eancia mold\u00e1vel <\/strong>que facilita o uso, refletindo o cuidado e a precis\u00e3o em sua produ\u00e7\u00e3o artesanal.\u00a0<\/span><\/b><\/li>\n<li><span style=\"font-size: 16px;font-weight: 400\"><strong>Aroma e sabor:<\/strong> <strong>especiarias finas<\/strong>Com toques olfativos orientais.<\/span><\/li>\n<li><strong>Origem e pureza:<\/strong><span style=\"font-size: 16px;font-weight: 400\"> \u00c9 feito com <strong>m\u00e9todos tradicionais <\/strong>que permitem a preserva\u00e7\u00e3o dos canabinoides e terpenos naturais do c\u00e2nhamo.\u00a0<\/span><\/li>\n<\/ul>\n<p>&nbsp;<\/p>\n<h3><b>Por que comprar haxixe de CBD? <\/b>Carta de Ouro <b><\/b><b>Em Iguana Smoke?<\/b><\/h3>\n<p><span style=\"font-weight: 400\">Na Iguana Smoke, temos um compromisso com a qualidade. Nossos produtos de haxixe CBD s\u00e3o 100% naturais e org\u00e2nicos, sem produtos qu\u00edmicos ou pesticidas. Isso significa que, ao comprar conosco, voc\u00ea est\u00e1 escolhendo o melhor. <strong>Haxixe puro e seguro e resina de CBD<\/strong>Assim como acontece com o nosso <strong>Haxixe Carte D&#039;Or CBD<\/strong><strong>.<\/strong><\/span><\/p>\n<p><span style=\"font-weight: 400\">Este \u00e9 o lugar seguro para <strong>Compre haxixe CBD online na Espanha.<\/strong> Todos os nossos produtos s\u00e3o aprovados pela UE, garantindo sua legalidade e seguran\u00e7a. Com menos de 0,3% de THC, voc\u00ea pode desfrutar dos in\u00fameros benef\u00edcios do CBD sem os efeitos psicoativos. <strong>Haxixe de CBD sem THC e com alto teor de CBD.<\/strong> Atende aos padr\u00f5es de qualidade, cuja an\u00e1lise voc\u00ea pode consultar.<\/span><span style=\"font-weight: 400\">\u00a0<a href=\"https:\/\/iguanasmoke.com\/analiticas\/\">aqui<\/a>.\u00a0<\/span><\/p>\n<p><em><span style=\"font-weight: 400\">*Lembre-se: seu uso se destina \u00e0 cole\u00e7\u00e3o ou aromaterapia, de acordo com a legisla\u00e7\u00e3o espanhola.\u00a0<\/span><\/em><\/p>\n<p><span style=\"font-weight: 400\">Al\u00e9m disso, se voc\u00ea gosta das nossas resinas de CBD mais tradicionais, como a <a href=\"https:\/\/iguanasmoke.com\/producto\/hash-cbd-nepal-cream-20\/\">haxixe CBD Nepal<\/a> ou o <a href=\"https:\/\/iguanasmoke.com\/producto\/hash-cbd-triple-filtrado\/\">Haxixe de CBD triplamente filtrado<\/a>, ch\u00e1 <\/span><span style=\"font-weight: 400\">garantimos que o <strong>Hash CBD Carte D&#039;Or<\/strong>\u00a0Voc\u00ea vai gostar. E n\u00e3o se esque\u00e7a de experimentar outros. <strong>Produtos TOP<\/strong> como o <a href=\"https:\/\/iguanasmoke.com\/producto\/live-resin-cbd-84-live-terpenes\/\">Extrato de resina viva<\/a> ou o <a href=\"https:\/\/iguanasmoke.com\/producto\/vape-cbd-full-spectrum-iguana-pod-lemon-haze\/\">Vaporizador de CBD de Espectro Completo<\/a>. <\/span><span style=\"font-weight: 400\">Resumindo, explore a nossa gama de produtos e encontre j\u00e1 os seus favoritos.\u00a0<\/span><\/p>\n<p>&nbsp;<\/p>\n<h3><b>Iguana Smoke \u00e9 sin\u00f4nimo de qualidade e confian\u00e7a.<\/b><\/h3>\n<p><span style=\"font-weight: 400\">Na Iguana Smoke, acreditamos que desfrutar do CBD deve ser uma experi\u00eancia segura e agrad\u00e1vel. \u00c9 por isso que oferecemos produtos de alta qualidade que agradam \u00e0s novas gera\u00e7\u00f5es: pessoas que buscam bem-estar descomplicado com marcas aut\u00eanticas e confi\u00e1veis. Lembre-se que todos os nossos produtos s\u00e3o <strong>Haxixe CBD sem THC<\/strong>, como o <strong>Hash CBD Carte D&#039;Or 43% <\/strong>que voc\u00ea vai tentar.<\/span><\/p>\n<p>Como voc\u00ea sabe, nossa miss\u00e3o \u00e9 clara: trazer o melhor que o mundo dos canabinoides tem a oferecer a um pre\u00e7o justo, com a tranquilidade de saber que voc\u00ea est\u00e1 escolhendo um produto certificado, eficaz e 100% legal. Estamos na vanguarda dos produtos de CBD.<\/p>\n<p>Ainda tem d\u00favidas? Escreva-nos e teremos todo o prazer em ajud\u00e1-lo(a) a encontrar o produto perfeito para si.<\/p>","protected":false},"excerpt":{"rendered":"<p>Experimente o Hash CBD Carte D&#039;Or, uma resina de CBD exclusiva com um aroma especial, ideal para os paladares mais exigentes.<\/p>\n<ul>\n<li>Textura densa e cremosa, com um elegante tom dourado.<\/li>\n<li>Aroma delicado: terroso, com notas florais sutis.<\/li>\n<li>100% legal na Espanha: THC &lt;0,3% e CBD 43%<\/li>\n<\/ul>\n<p>An\u00e1lise de qualidade: clique <a href=\"https:\/\/iguanasmoke.com\/analiticas\/\">aqui<\/a><\/p>","protected":false},"featured_media":17422,"comment_status":"open","ping_status":"closed","template":"","meta":{"_acf_changed":false,"site-sidebar-layout":"default","site-content-layout":"","ast-site-content-layout":"default","site-content-style":"default","site-sidebar-style":"default","ast-global-header-display":"","ast-banner-title-visibility":"","ast-main-header-display":"","ast-hfb-above-header-display":"","ast-hfb-below-header-display":"","ast-hfb-mobile-header-display":"","site-post-title":"","ast-breadcrumbs-content":"","ast-featured-img":"","footer-sml-layout":"","theme-transparent-header-meta":"default","adv-header-id-meta":"","stick-header-meta":"","header-above-stick-meta":"","header-main-stick-meta":"","header-below-stick-meta":"","astra-migrate-meta-layouts":"set","ast-page-background-enabled":"default","ast-page-background-meta":{"desktop":{"background-color":"var(--ast-global-color-4)","background-image":"","background-repeat":"repeat","background-position":"center center","background-size":"auto","background-attachment":"scroll","background-type":"","background-media":"","overlay-type":"","overlay-color":"","overlay-opacity":"","overlay-gradient":""},"tablet":{"background-color":"","background-image":"","background-repeat":"repeat","background-position":"center center","background-size":"auto","background-attachment":"scroll","background-type":"","background-media":"","overlay-type":"","overlay-color":"","overlay-opacity":"","overlay-gradient":""},"mobile":{"background-color":"","background-image":"","background-repeat":"repeat","background-position":"center center","background-size":"auto","background-attachment":"scroll","background-type":"","background-media":"","overlay-type":"","overlay-color":"","overlay-opacity":"","overlay-gradient":""}},"ast-content-background-meta":{"desktop":{"background-color":"var(--ast-global-color-5)","background-image":"","background-repeat":"repeat","background-position":"center center","background-size":"auto","background-attachment":"scroll","background-type":"","background-media":"","overlay-type":"","overlay-color":"","overlay-opacity":"","overlay-gradient":""},"tablet":{"background-color":"var(--ast-global-color-5)","background-image":"","background-repeat":"repeat","background-position":"center center","background-size":"auto","background-attachment":"scroll","background-type":"","background-media":"","overlay-type":"","overlay-color":"","overlay-opacity":"","overlay-gradient":""},"mobile":{"background-color":"var(--ast-global-color-5)","background-image":"","background-repeat":"repeat","background-position":"center center","background-size":"auto","background-attachment":"scroll","background-type":"","background-media":"","overlay-type":"","overlay-color":"","overlay-opacity":"","overlay-gradient":""}}},"product_brand":[],"product_cat":[66,86],"product_tag":[],"class_list":{"0":"post-16940","1":"product","2":"type-product","3":"status-publish","4":"has-post-thumbnail","6":"product_cat-resinas","7":"product_cat-resinas-cbd","8":"desktop-align-center","9":"tablet-align-left","10":"mobile-align-left","12":"first","13":"instock","14":"taxable","15":"shipping-taxable","16":"purchasable","17":"product-type-variable"},"acf":[],"yoast_head":"<!-- This site is optimized with the Yoast SEO plugin v27.4 - https:\/\/yoast.com\/product\/yoast-seo-wordpress\/ -->\n<title>Hash CBD Carte D&#039;or 43% - Resinas CBD Mayoristas y Tiendas - THE LYF LABS<\/title>\n<meta name=\"description\" content=\"Prueba el nuevo hash CBD Carte D&#039;Or: irresistible y potente. Compra CBD online para tiendas y empieza a disfrutar de la calidad del hach\u00eds CBD Carte d&#039;or.\" \/>\n<meta name=\"robots\" content=\"index, follow, max-snippet:-1, max-image-preview:large, max-video-preview:-1\" \/>\n<link rel=\"canonical\" href=\"https:\/\/thelyflabs.com\/pt\/product\/hash-cbd-carte-dor\/\" \/>\n<meta property=\"og:locale\" content=\"pt_PT\" \/>\n<meta property=\"og:type\" content=\"article\" \/>\n<meta property=\"og:title\" content=\"Hash CBD Carte D&#039;or 43% - Resinas CBD Mayoristas y Tiendas - THE LYF LABS\" \/>\n<meta property=\"og:description\" content=\"Prueba el nuevo hash CBD Carte D&#039;Or: irresistible y potente. Compra CBD online para tiendas y empieza a disfrutar de la calidad del hach\u00eds CBD Carte d&#039;or.\" \/>\n<meta property=\"og:url\" content=\"https:\/\/thelyflabs.com\/pt\/product\/hash-cbd-carte-dor\/\" \/>\n<meta property=\"og:site_name\" content=\"THE LYF LABS\" \/>\n<meta property=\"article:modified_time\" content=\"2026-03-19T12:50:22+00:00\" \/>\n<meta property=\"og:image\" content=\"https:\/\/thelyflabs.com\/wp-content\/uploads\/2026\/03\/Carte-dor-2g-con-hash.webp\" \/>\n\t<meta property=\"og:image:width\" content=\"1000\" \/>\n\t<meta property=\"og:image:height\" content=\"1000\" \/>\n\t<meta property=\"og:image:type\" content=\"image\/webp\" \/>\n<meta name=\"twitter:card\" content=\"summary_large_image\" \/>\n<meta name=\"twitter:label1\" content=\"Tempo estimado de leitura\" \/>\n\t<meta name=\"twitter:data1\" content=\"3 minutos\" \/>\n<script type=\"application\/ld+json\" class=\"yoast-schema-graph\">{\"@context\":\"https:\\\/\\\/schema.org\",\"@graph\":[{\"@type\":\"WebPage\",\"@id\":\"https:\\\/\\\/thelyflabs.com\\\/product\\\/hash-cbd-carte-dor\",\"url\":\"https:\\\/\\\/thelyflabs.com\\\/product\\\/hash-cbd-carte-dor\",\"name\":\"Hash CBD Carte D'or 43% - Resinas CBD Mayoristas y Tiendas - THE LYF LABS\",\"isPartOf\":{\"@id\":\"https:\\\/\\\/thelyflabs.com\\\/#website\"},\"primaryImageOfPage\":{\"@id\":\"https:\\\/\\\/thelyflabs.com\\\/product\\\/hash-cbd-carte-dor#primaryimage\"},\"image\":{\"@id\":\"https:\\\/\\\/thelyflabs.com\\\/product\\\/hash-cbd-carte-dor#primaryimage\"},\"thumbnailUrl\":\"https:\\\/\\\/thelyflabs.com\\\/wp-content\\\/uploads\\\/2026\\\/03\\\/Carte-dor-2g-con-hash.webp\",\"datePublished\":\"2026-03-09T10:30:19+00:00\",\"dateModified\":\"2026-03-19T12:50:22+00:00\",\"description\":\"Prueba el nuevo hash CBD Carte D'Or: irresistible y potente. Compra CBD online para tiendas y empieza a disfrutar de la calidad del hach\u00eds CBD Carte d'or.\",\"breadcrumb\":{\"@id\":\"https:\\\/\\\/thelyflabs.com\\\/product\\\/hash-cbd-carte-dor#breadcrumb\"},\"inLanguage\":\"pt-PT\",\"potentialAction\":[{\"@type\":\"ReadAction\",\"target\":[\"https:\\\/\\\/thelyflabs.com\\\/product\\\/hash-cbd-carte-dor\"]}]},{\"@type\":\"ImageObject\",\"inLanguage\":\"pt-PT\",\"@id\":\"https:\\\/\\\/thelyflabs.com\\\/product\\\/hash-cbd-carte-dor#primaryimage\",\"url\":\"https:\\\/\\\/thelyflabs.com\\\/wp-content\\\/uploads\\\/2026\\\/03\\\/Carte-dor-2g-con-hash.webp\",\"contentUrl\":\"https:\\\/\\\/thelyflabs.com\\\/wp-content\\\/uploads\\\/2026\\\/03\\\/Carte-dor-2g-con-hash.webp\",\"width\":1000,\"height\":1000,\"caption\":\"Hash CBD Carte D'or-2g\"},{\"@type\":\"BreadcrumbList\",\"@id\":\"https:\\\/\\\/thelyflabs.com\\\/product\\\/hash-cbd-carte-dor#breadcrumb\",\"itemListElement\":[{\"@type\":\"ListItem\",\"position\":1,\"name\":\"Portada\",\"item\":\"https:\\\/\\\/thelyflabs.com\\\/\"},{\"@type\":\"ListItem\",\"position\":2,\"name\":\"Tienda\",\"item\":\"https:\\\/\\\/thelyflabs.com\\\/tienda\"},{\"@type\":\"ListItem\",\"position\":3,\"name\":\"Hash CBD Carte D&#8217;or 43%\"}]},{\"@type\":\"WebSite\",\"@id\":\"https:\\\/\\\/thelyflabs.com\\\/#website\",\"url\":\"https:\\\/\\\/thelyflabs.com\\\/\",\"name\":\"The LYF Labs\",\"description\":\"CBD al por mayor\",\"publisher\":{\"@id\":\"https:\\\/\\\/thelyflabs.com\\\/#organization\"},\"potentialAction\":[{\"@type\":\"SearchAction\",\"target\":{\"@type\":\"EntryPoint\",\"urlTemplate\":\"https:\\\/\\\/thelyflabs.com\\\/?s={search_term_string}\"},\"query-input\":{\"@type\":\"PropertyValueSpecification\",\"valueRequired\":true,\"valueName\":\"search_term_string\"}}],\"inLanguage\":\"pt-PT\"},{\"@type\":\"Organization\",\"@id\":\"https:\\\/\\\/thelyflabs.com\\\/#organization\",\"name\":\"The LYF Labs\",\"url\":\"https:\\\/\\\/thelyflabs.com\\\/\",\"logo\":{\"@type\":\"ImageObject\",\"inLanguage\":\"pt-PT\",\"@id\":\"https:\\\/\\\/thelyflabs.com\\\/#\\\/schema\\\/logo\\\/image\\\/\",\"url\":\"https:\\\/\\\/thelyflabs.com\\\/wp-content\\\/uploads\\\/2023\\\/01\\\/cropped-LogoTheLYFLabs.png\",\"contentUrl\":\"https:\\\/\\\/thelyflabs.com\\\/wp-content\\\/uploads\\\/2023\\\/01\\\/cropped-LogoTheLYFLabs.png\",\"width\":600,\"height\":180,\"caption\":\"The LYF Labs\"},\"image\":{\"@id\":\"https:\\\/\\\/thelyflabs.com\\\/#\\\/schema\\\/logo\\\/image\\\/\"}}]}<\/script>\n<!-- \/ Yoast SEO plugin. -->","yoast_head_json":{"title":"Hash CBD Carte D'or 43% - Resinas CBD Mayoristas y Tiendas - THE LYF LABS","description":"Prueba el nuevo hash CBD Carte D'Or: irresistible y potente. Compra CBD online para tiendas y empieza a disfrutar de la calidad del hach\u00eds CBD Carte d'or.","robots":{"index":"index","follow":"follow","max-snippet":"max-snippet:-1","max-image-preview":"max-image-preview:large","max-video-preview":"max-video-preview:-1"},"canonical":"https:\/\/thelyflabs.com\/pt\/product\/hash-cbd-carte-dor\/","og_locale":"pt_PT","og_type":"article","og_title":"Hash CBD Carte D'or 43% - Resinas CBD Mayoristas y Tiendas - THE LYF LABS","og_description":"Prueba el nuevo hash CBD Carte D'Or: irresistible y potente. Compra CBD online para tiendas y empieza a disfrutar de la calidad del hach\u00eds CBD Carte d'or.","og_url":"https:\/\/thelyflabs.com\/pt\/product\/hash-cbd-carte-dor\/","og_site_name":"THE LYF LABS","article_modified_time":"2026-03-19T12:50:22+00:00","og_image":[{"width":1000,"height":1000,"url":"https:\/\/thelyflabs.com\/wp-content\/uploads\/2026\/03\/Carte-dor-2g-con-hash.webp","type":"image\/webp"}],"twitter_card":"summary_large_image","twitter_misc":{"Tempo estimado de leitura":"3 minutos"},"schema":{"@context":"https:\/\/schema.org","@graph":[{"@type":"WebPage","@id":"https:\/\/thelyflabs.com\/product\/hash-cbd-carte-dor","url":"https:\/\/thelyflabs.com\/product\/hash-cbd-carte-dor","name":"Hash CBD Carte D'or 43% - Resinas CBD Mayoristas y Tiendas - THE LYF LABS","isPartOf":{"@id":"https:\/\/thelyflabs.com\/#website"},"primaryImageOfPage":{"@id":"https:\/\/thelyflabs.com\/product\/hash-cbd-carte-dor#primaryimage"},"image":{"@id":"https:\/\/thelyflabs.com\/product\/hash-cbd-carte-dor#primaryimage"},"thumbnailUrl":"https:\/\/thelyflabs.com\/wp-content\/uploads\/2026\/03\/Carte-dor-2g-con-hash.webp","datePublished":"2026-03-09T10:30:19+00:00","dateModified":"2026-03-19T12:50:22+00:00","description":"Prueba el nuevo hash CBD Carte D'Or: irresistible y potente. Compra CBD online para tiendas y empieza a disfrutar de la calidad del hach\u00eds CBD Carte d'or.","breadcrumb":{"@id":"https:\/\/thelyflabs.com\/product\/hash-cbd-carte-dor#breadcrumb"},"inLanguage":"pt-PT","potentialAction":[{"@type":"ReadAction","target":["https:\/\/thelyflabs.com\/product\/hash-cbd-carte-dor"]}]},{"@type":"ImageObject","inLanguage":"pt-PT","@id":"https:\/\/thelyflabs.com\/product\/hash-cbd-carte-dor#primaryimage","url":"https:\/\/thelyflabs.com\/wp-content\/uploads\/2026\/03\/Carte-dor-2g-con-hash.webp","contentUrl":"https:\/\/thelyflabs.com\/wp-content\/uploads\/2026\/03\/Carte-dor-2g-con-hash.webp","width":1000,"height":1000,"caption":"Hash CBD Carte D'or-2g"},{"@type":"BreadcrumbList","@id":"https:\/\/thelyflabs.com\/product\/hash-cbd-carte-dor#breadcrumb","itemListElement":[{"@type":"ListItem","position":1,"name":"Portada","item":"https:\/\/thelyflabs.com\/"},{"@type":"ListItem","position":2,"name":"Tienda","item":"https:\/\/thelyflabs.com\/tienda"},{"@type":"ListItem","position":3,"name":"Hash CBD Carte D&#8217;or 43%"}]},{"@type":"WebSite","@id":"https:\/\/thelyflabs.com\/#website","url":"https:\/\/thelyflabs.com\/","name":"Os Laborat\u00f3rios LYF","description":"CBD atacado","publisher":{"@id":"https:\/\/thelyflabs.com\/#organization"},"potentialAction":[{"@type":"SearchAction","target":{"@type":"EntryPoint","urlTemplate":"https:\/\/thelyflabs.com\/?s={search_term_string}"},"query-input":{"@type":"PropertyValueSpecification","valueRequired":true,"valueName":"search_term_string"}}],"inLanguage":"pt-PT"},{"@type":"Organization","@id":"https:\/\/thelyflabs.com\/#organization","name":"Os Laborat\u00f3rios LYF","url":"https:\/\/thelyflabs.com\/","logo":{"@type":"ImageObject","inLanguage":"pt-PT","@id":"https:\/\/thelyflabs.com\/#\/schema\/logo\/image\/","url":"https:\/\/thelyflabs.com\/wp-content\/uploads\/2023\/01\/cropped-LogoTheLYFLabs.png","contentUrl":"https:\/\/thelyflabs.com\/wp-content\/uploads\/2023\/01\/cropped-LogoTheLYFLabs.png","width":600,"height":180,"caption":"The LYF Labs"},"image":{"@id":"https:\/\/thelyflabs.com\/#\/schema\/logo\/image\/"}}]}},"_links":{"self":[{"href":"https:\/\/thelyflabs.com\/pt\/wp-json\/wp\/v2\/product\/16940","targetHints":{"allow":["GET"]}}],"collection":[{"href":"https:\/\/thelyflabs.com\/pt\/wp-json\/wp\/v2\/product"}],"about":[{"href":"https:\/\/thelyflabs.com\/pt\/wp-json\/wp\/v2\/types\/product"}],"replies":[{"embeddable":true,"href":"https:\/\/thelyflabs.com\/pt\/wp-json\/wp\/v2\/comments?post=16940"}],"wp:featuredmedia":[{"embeddable":true,"href":"https:\/\/thelyflabs.com\/pt\/wp-json\/wp\/v2\/media\/17422"}],"wp:attachment":[{"href":"https:\/\/thelyflabs.com\/pt\/wp-json\/wp\/v2\/media?parent=16940"}],"wp:term":[{"taxonomy":"product_brand","embeddable":true,"href":"https:\/\/thelyflabs.com\/pt\/wp-json\/wp\/v2\/product_brand?post=16940"},{"taxonomy":"product_cat","embeddable":true,"href":"https:\/\/thelyflabs.com\/pt\/wp-json\/wp\/v2\/product_cat?post=16940"},{"taxonomy":"product_tag","embeddable":true,"href":"https:\/\/thelyflabs.com\/pt\/wp-json\/wp\/v2\/product_tag?post=16940"}],"curies":[{"name":"wp","href":"https:\/\/api.w.org\/{rel}","templated":true}]}}