{"id":16959,"date":"2026-03-12T10:22:51","date_gmt":"2026-03-12T09:22:51","guid":{"rendered":"https:\/\/thelyflabs.com\/?post_type=product&#038;p=16959"},"modified":"2026-03-30T11:07:26","modified_gmt":"2026-03-30T09:07:26","slug":"flor-e8h-amnesia-space-flowers","status":"publish","type":"product","link":"https:\/\/thelyflabs.com\/pt\/product\/flor-e8h-amnesia-space-flowers","title":{"rendered":"Flor E8H Amn\u00e9sia Flores Espaciais"},"content":{"rendered":"<h1 data-start=\"1609\" data-end=\"1642\"><span style=\"font-weight: 400\">Flor E8H Amn\u00e9sia <\/span><span style=\"font-weight: 400\">Flores Espaciais<\/span><\/h1>\n<p data-start=\"549\" data-end=\"976\"><span style=\"font-weight: 400\">Se voc\u00ea procura comprar flores de CBD da mais alta qualidade online, o <strong>Flor E8H Amn\u00e9sia Flores Espaciais <\/strong>\u00c9 a escolha ideal para quem precisa de clareza mental e bom humor sem os efeitos psicoativos do THC. Enriquecida com a mol\u00e9cula E8H, esta flor de CBD eleva a funcionalidade a um novo patamar.<\/span><\/p>\n<p data-start=\"549\" data-end=\"976\"><span style=\"font-weight: 400\">Obrigado ao seu <strong>Agricultura org\u00e2nica sem pesticidas<\/strong>Curada naturalmente e com uma est\u00e9tica resinosa e compacta, a flor E8H Amnesia \u00e9 perfeita para quem deseja uma flor potente e pura com um efeito equilibrado.<\/span><\/p>\n<p data-start=\"549\" data-end=\"976\"><span style=\"font-weight: 400\"> Em <strong>Fuma\u00e7a De Iguana<\/strong>Selecionamos cuidadosamente cada lote para lhe oferecer um <strong>Amn\u00e9sia E8H <\/strong><\/span><span style=\"font-weight: 400\"><b>incr\u00edvel<\/b>, concebido para verdadeiros apreciadores de flores e canabidiol.<\/span><\/p>\n<p>&nbsp;<\/p>\n<h2><strong>Qual \u00e9 o sabor da flor E8H Amnesia?<\/strong><\/h2>\n<p><span style=\"font-weight: 400\">Esta flor de CBD tornou-se a favorita daqueles que desejam <strong>Compre flores de CBD de alta qualidade online.<\/strong>E isso n\u00e3o \u00e9 por acaso, j\u00e1 que essa variedade deslumbra com sua <strong>apar\u00eancia vibrante<\/strong>, dele <strong>aroma c\u00edtrico intenso<\/strong> e seu <strong>perfil de terpenos<\/strong> caracter\u00edstico dos cl\u00e1ssicos <strong><em>Confus\u00e3o<\/em><\/strong>.<\/span><\/p>\n<ul>\n<li><span style=\"font-weight: 400\"><strong>Tipo e percentagem de CBD:<\/strong> Esta flor \u00e9 predominantemente Sativa e cont\u00e9m aproximadamente 12% CBD e 8H E.<\/span><\/li>\n<li><span style=\"font-weight: 400\"><strong>Apar\u00eancia<\/strong>bot\u00f5es <strong>compactos<\/strong> de <strong>cor verde intensa<\/strong>Cheio de <strong>pistilos<\/strong> <strong>laranja<\/strong> e uma chuva de tricomas brilhantes. Sim, visualmente \u00e9 um espet\u00e1culo.<\/span><\/li>\n<li><span style=\"font-weight: 400\"><strong>Aroma<\/strong>: mistura explosiva de <strong>lim\u00e3o<\/strong>frutas doces, notas <strong>terroso<\/strong> e notas <strong>ervas<\/strong>Perfeito para os amantes de aromas intensos.\u00a0<\/span><\/li>\n<li><span style=\"font-weight: 400\"><strong>Origem<\/strong>: vem de um <strong>gen\u00e9tica<\/strong> <strong>selecionado<\/strong> para maximizar o CBD e preservar <strong>a alma do Amnesia original<\/strong>Flor de CBD legal, cultivada de forma sustent\u00e1vel e com rastreabilidade garantida.\u00a0<\/span><\/li>\n<\/ul>\n<p><span style=\"font-weight: 400\">Gra\u00e7as \u00e0 combina\u00e7\u00e3o de CBD e E8H, voc\u00ea experimentar\u00e1 uma sensa\u00e7\u00e3o natural de bem-estar: melhora o humor, proporciona foco e serenidade, sem causar desconex\u00e3o ou sonol\u00eancia.\u00a0<\/span><\/p>\n<p>&nbsp;<\/p>\n<h2><strong>Guia r\u00e1pido para escolher as flores de CBD certas <\/strong><\/h2>\n<ul>\n<li><span style=\"font-weight: 400\">Verifique o teor de CBD e THC. <\/span><\/li>\n<li><span style=\"font-weight: 400\">Escolha marcas confi\u00e1veis e transparentes. <\/span><\/li>\n<li><span style=\"font-weight: 400\">Verifique as certifica\u00e7\u00f5es e os controles de qualidade. <\/span><\/li>\n<li><span style=\"font-weight: 400\">Leia avalia\u00e7\u00f5es de clientes reais <\/span><\/li>\n<\/ul>\n<p><span style=\"font-weight: 400\">Em <strong>Fuma\u00e7a De Iguana<\/strong>Nossa comunidade \u00e9 a melhor garantia de confian\u00e7a. N\u00e3o perca nossa oportunidade! <strong>Flor E8H Amn\u00e9sia Flores Espaciais<\/strong><strong>\u00a0<\/strong>mais aut\u00eantico.<\/span><\/p>\n<p>&nbsp;<\/p>\n<h2 data-start=\"1548\" data-end=\"1601\">Por que comprar? <span style=\"font-weight: 400\"><strong>Flor E8H Amn\u00e9sia <\/strong><\/span>nos Laborat\u00f3rios Lyf?<\/h2>\n<p data-start=\"2504\" data-end=\"2696\"><span style=\"font-weight: 400\">Se voc\u00ea est\u00e1 se perguntando onde comprar flores de CBD online, na Iguana Smoke oferecemos diversos motivos para voc\u00ea comprar conosco: <\/span><\/p>\n<ol>\n<li style=\"list-style-type: none\">\n<ol>\n<li data-start=\"2504\" data-end=\"2696\"><span style=\"font-weight: 400\">\u2705 <strong>Flores de CBD acess\u00edveis e de alta qualidade:<\/strong> Qualidade superior a pre\u00e7os justos.<\/span><\/li>\n<li data-start=\"2504\" data-end=\"2696\"><span style=\"font-weight: 400\">\u2705 <strong>Agricultura org\u00e2nica:<\/strong> Sem pesticidas, sem produtos qu\u00edmicos, sem OGMs.<\/span><\/li>\n<li data-start=\"2504\" data-end=\"2696\"><span style=\"font-weight: 400\">\u2705 <strong>Teor de THC &lt;0,3%:<\/strong> 100% legal na Espanha e na Europa<\/span><\/li>\n<li data-start=\"2504\" data-end=\"2696\"><span style=\"font-weight: 400\">\u2705 <strong>Envio r\u00e1pido e discreto:<\/strong> Voc\u00ea o receber\u00e1 em casa em 24\/48 horas.<\/span><\/li>\n<li data-start=\"2504\" data-end=\"2696\"><span style=\"font-weight: 400\"> \u2705 <strong>Plataforma de pagamento segura<\/strong><\/span><\/li>\n<li data-start=\"2504\" data-end=\"2696\"><span style=\"font-weight: 400\">\u2705 <strong>especialistas em produtos de CBD<\/strong>: <strong><a href=\"https:\/\/iguanasmoke.com\/categoria\/hash-cbd\/\">resinas<\/a><\/strong>, <a href=\"https:\/\/iguanasmoke.com\/categoria\/aceite-de-cbd\/\"><strong>\u00d3leos<\/strong><\/a>, <a href=\"https:\/\/iguanasmoke.com\/categoria\/pop-corn-cbd-cogollos-pequenos-cbd-mini-buds-cbd\/\"><strong>Pipoca<\/strong><\/a>, <a href=\"https:\/\/iguanasmoke.com\/categoria\/extractos-cbd\/\"><strong>extratos<\/strong><\/a>, <a href=\"https:\/\/iguanasmoke.com\/categoria\/vaper-cbd\/\"><strong>Vapers<\/strong> <\/a>e muito mais<\/span><\/li>\n<\/ol>\n<\/li>\n<\/ol>\n<p><span style=\"font-weight: 400\">Al\u00e9m disso, todas as nossas flores de CBD s\u00e3o<strong> aprovado pela UE<\/strong>garantindo assim sua legalidade e seguran\u00e7a. N\u00f3s temos<a href=\"https:\/\/iguanasmoke.com\/analiticas\/\"><strong> relat\u00f3rios de laborat\u00f3rio independentes<\/strong><\/a> para verificar sua qualidade e rastreabilidade. <\/span><\/p>\n<p><span style=\"font-weight: 400\">Voc\u00ea j\u00e1 experimentou o nosso? <strong style=\"font-weight: 400\"><a href=\"https:\/\/iguanasmoke.com\/producto\/flor-gelato-e8h-space-flowers\/\">Gelato Flor E8H<\/a><\/strong>, nosso <a style=\"font-weight: 400\" href=\"https:\/\/iguanasmoke.com\/categoria\/nuevas-moleculas\/\"><strong>E8H Vapes <\/strong><\/a>ou nosso <a style=\"font-weight: 400\" href=\"https:\/\/iguanasmoke.com\/producto\/space-hash-bubblegum-e8h\/\"><strong>Chiclete Space Hash E8H<\/strong><\/a>N\u00e3o perca o <strong style=\"font-weight: 400\"><a href=\"https:\/\/iguanasmoke.com\/categoria\/flores-cbd\/flores-cbd-indoor\/\">Flores de interior premium<\/a> <\/strong>ou o <a style=\"font-weight: 400\" href=\"https:\/\/iguanasmoke.com\/categoria\/pop-corn-cbd-cogollos-pequenos-cbd-mini-buds-cbd\/\"><strong>Pequenos bot\u00f5es de CBD \u2013 Pipoca<\/strong><\/a> mais famoso do mercado.<\/span><\/p>\n<p>&nbsp;<\/p>\n<h2><\/h2>\n<p>&nbsp;<\/p>\n<section class=\"product-description\">\n<h2>Qualidade e seguran\u00e7a<\/h2>\n<p>Em <strong>Os Laborat\u00f3rios Lyf<\/strong>, garantimos que cada lote de <span style=\"font-weight: 400\"><strong>Flor E8H Amn\u00e9sia<\/strong><\/span>\u00a0O produto passa por rigorosas an\u00e1lises laboratoriais para confirmar sua pureza, aus\u00eancia de pesticidas e n\u00edveis legais de THC (inferiores a 0,31% TP3T). Nosso compromisso com a qualidade e a seguran\u00e7a nos permite oferecer um produto confi\u00e1vel, adequado a todos os usu\u00e1rios que valorizam a legalidade e a excel\u00eancia no consumo.<\/p>\n<\/section>\n<section class=\"product-description\">A Lyf Labs tem o compromisso de oferecer produtos que combinam tradi\u00e7\u00e3o, inova\u00e7\u00e3o e a mais alta qualidade. <span style=\"font-weight: 400\"><strong>Flor E8H Amn\u00e9sia <\/strong><\/span>\u00c9 uma escolha excepcional para quem busca uma flor de CBD de alta qualidade com um perfil moderno e uma experi\u00eancia de uso \u00fanica. Confie em n\u00f3s para adicionar \u00e0 sua cole\u00e7\u00e3o ou cat\u00e1logo um produto que se destaca pela autenticidade, sabor e confiabilidade.\u00a0<\/section>\n<section><\/section>\n<section><\/section>\n<section><\/section>\n<section><\/section>\n<section class=\"product-description\"><span style=\"font-size: 1.7em;font-weight: bold\">O Lyf Labs \u00e9 de qualidade<\/span><\/section>\n<p>O Lyf Labs representa excel\u00eancia no mercado atacadista de canabinoides, oferecendo produtos inovadores, seguros e de alta pureza para lojas especializadas e distribuidores. Nosso foco \u00e9 atender \u00e0s necessidades de um setor profissional que busca qualidade consistente, rastreabilidade e pre\u00e7os competitivos. Se voc\u00ea est\u00e1 procurando um fornecedor confi\u00e1vel e inovador, o Lyf Labs \u00e9 um parceiro estrat\u00e9gico para o crescimento no mercado de c\u00e2nhamo.<\/p>","protected":false},"excerpt":{"rendered":"<p><span style=\"font-weight: 400\">Esta flor E8H <span style=\"font-size: 16px;font-weight: 400\">Destaca-se pelas suas notas c\u00edtricas, herb\u00e1ceas e terrosas, e quando enriquecido com E8H, melhora a clareza mental e a concentra\u00e7\u00e3o;<\/span><\/span><\/p>\n<ul>\n<li>Flor de CBD premium enriquecida com E8H<\/li>\n<li>THC: &lt;0,3%<\/li>\n<li>aroma penetrante<\/li>\n<li>100% legal Espanha e Europa<\/li>\n<\/ul>\n<p><span style=\"font-weight: 400\">Consulta<strong> <a href=\"https:\/\/iguanasmoke.com\/analiticas\/\">An\u00e1lise laboratorial.<\/a><\/strong><\/span><\/p>","protected":false},"featured_media":17016,"comment_status":"open","ping_status":"closed","template":"","meta":{"_acf_changed":false,"site-sidebar-layout":"default","site-content-layout":"","ast-site-content-layout":"default","site-content-style":"default","site-sidebar-style":"default","ast-global-header-display":"","ast-banner-title-visibility":"","ast-main-header-display":"","ast-hfb-above-header-display":"","ast-hfb-below-header-display":"","ast-hfb-mobile-header-display":"","site-post-title":"","ast-breadcrumbs-content":"","ast-featured-img":"","footer-sml-layout":"","theme-transparent-header-meta":"default","adv-header-id-meta":"","stick-header-meta":"","header-above-stick-meta":"","header-main-stick-meta":"","header-below-stick-meta":"","astra-migrate-meta-layouts":"set","ast-page-background-enabled":"default","ast-page-background-meta":{"desktop":{"background-color":"var(--ast-global-color-4)","background-image":"","background-repeat":"repeat","background-position":"center center","background-size":"auto","background-attachment":"scroll","background-type":"","background-media":"","overlay-type":"","overlay-color":"","overlay-opacity":"","overlay-gradient":""},"tablet":{"background-color":"","background-image":"","background-repeat":"repeat","background-position":"center center","background-size":"auto","background-attachment":"scroll","background-type":"","background-media":"","overlay-type":"","overlay-color":"","overlay-opacity":"","overlay-gradient":""},"mobile":{"background-color":"","background-image":"","background-repeat":"repeat","background-position":"center center","background-size":"auto","background-attachment":"scroll","background-type":"","background-media":"","overlay-type":"","overlay-color":"","overlay-opacity":"","overlay-gradient":""}},"ast-content-background-meta":{"desktop":{"background-color":"var(--ast-global-color-5)","background-image":"","background-repeat":"repeat","background-position":"center center","background-size":"auto","background-attachment":"scroll","background-type":"","background-media":"","overlay-type":"","overlay-color":"","overlay-opacity":"","overlay-gradient":""},"tablet":{"background-color":"var(--ast-global-color-5)","background-image":"","background-repeat":"repeat","background-position":"center center","background-size":"auto","background-attachment":"scroll","background-type":"","background-media":"","overlay-type":"","overlay-color":"","overlay-opacity":"","overlay-gradient":""},"mobile":{"background-color":"var(--ast-global-color-5)","background-image":"","background-repeat":"repeat","background-position":"center center","background-size":"auto","background-attachment":"scroll","background-type":"","background-media":"","overlay-type":"","overlay-color":"","overlay-opacity":"","overlay-gradient":""}}},"product_brand":[],"product_cat":[145,150,40,146],"product_tag":[],"class_list":{"0":"post-16959","1":"product","2":"type-product","3":"status-publish","4":"has-post-thumbnail","6":"product_cat-e8h","7":"product_cat-flores-de-e8h","8":"product_cat-iguanasmoke","9":"product_cat-nuevas-moleculas","10":"desktop-align-center","11":"tablet-align-left","12":"mobile-align-left","14":"first","15":"outofstock","16":"taxable","17":"shipping-taxable","18":"purchasable","19":"product-type-variable"},"acf":[],"yoast_head":"<!-- This site is optimized with the Yoast SEO plugin v27.3 - https:\/\/yoast.com\/product\/yoast-seo-wordpress\/ -->\n<title>Flor E8H Amnesia Space Flowers - THE LYF LABS<\/title>\n<meta name=\"description\" content=\"Eleva tu estado de \u00e1nimo con la Flor E8H Amnesia Space Flowers. Compra flores CBD online y experimenta una funcionalidad \u00fanica y pura.\" \/>\n<meta name=\"robots\" content=\"index, follow, max-snippet:-1, max-image-preview:large, max-video-preview:-1\" \/>\n<link rel=\"canonical\" href=\"https:\/\/thelyflabs.com\/pt\/product\/flor-e8h-amnesia-space-flowers\/\" \/>\n<meta property=\"og:locale\" content=\"pt_PT\" \/>\n<meta property=\"og:type\" content=\"article\" \/>\n<meta property=\"og:title\" content=\"Flor E8H Amnesia Space Flowers - THE LYF LABS\" \/>\n<meta property=\"og:description\" content=\"Eleva tu estado de \u00e1nimo con la Flor E8H Amnesia Space Flowers. Compra flores CBD online y experimenta una funcionalidad \u00fanica y pura.\" \/>\n<meta property=\"og:url\" content=\"https:\/\/thelyflabs.com\/pt\/product\/flor-e8h-amnesia-space-flowers\/\" \/>\n<meta property=\"og:site_name\" content=\"THE LYF LABS\" \/>\n<meta property=\"article:modified_time\" content=\"2026-03-30T09:07:26+00:00\" \/>\n<meta property=\"og:image\" content=\"https:\/\/thelyflabs.com\/wp-content\/uploads\/2026\/03\/Space-Flowers-amnesia-1g-con-cogollo.webp\" \/>\n\t<meta property=\"og:image:width\" content=\"1000\" \/>\n\t<meta property=\"og:image:height\" content=\"1000\" \/>\n\t<meta property=\"og:image:type\" content=\"image\/webp\" \/>\n<meta name=\"twitter:card\" content=\"summary_large_image\" \/>\n<meta name=\"twitter:label1\" content=\"Tempo estimado de leitura\" \/>\n\t<meta name=\"twitter:data1\" content=\"4 minutos\" \/>\n<script type=\"application\/ld+json\" class=\"yoast-schema-graph\">{\"@context\":\"https:\\\/\\\/schema.org\",\"@graph\":[{\"@type\":\"WebPage\",\"@id\":\"https:\\\/\\\/thelyflabs.com\\\/product\\\/flor-e8h-amnesia-space-flowers\",\"url\":\"https:\\\/\\\/thelyflabs.com\\\/product\\\/flor-e8h-amnesia-space-flowers\",\"name\":\"Flor E8H Amnesia Space Flowers - THE LYF LABS\",\"isPartOf\":{\"@id\":\"https:\\\/\\\/thelyflabs.com\\\/#website\"},\"primaryImageOfPage\":{\"@id\":\"https:\\\/\\\/thelyflabs.com\\\/product\\\/flor-e8h-amnesia-space-flowers#primaryimage\"},\"image\":{\"@id\":\"https:\\\/\\\/thelyflabs.com\\\/product\\\/flor-e8h-amnesia-space-flowers#primaryimage\"},\"thumbnailUrl\":\"https:\\\/\\\/thelyflabs.com\\\/wp-content\\\/uploads\\\/2026\\\/03\\\/Space-Flowers-amnesia-1g-con-cogollo.webp\",\"datePublished\":\"2026-03-12T09:22:51+00:00\",\"dateModified\":\"2026-03-30T09:07:26+00:00\",\"description\":\"Eleva tu estado de \u00e1nimo con la Flor E8H Amnesia Space Flowers. Compra flores CBD online y experimenta una funcionalidad \u00fanica y pura.\",\"breadcrumb\":{\"@id\":\"https:\\\/\\\/thelyflabs.com\\\/product\\\/flor-e8h-amnesia-space-flowers#breadcrumb\"},\"inLanguage\":\"pt-PT\",\"potentialAction\":[{\"@type\":\"ReadAction\",\"target\":[\"https:\\\/\\\/thelyflabs.com\\\/product\\\/flor-e8h-amnesia-space-flowers\"]}]},{\"@type\":\"ImageObject\",\"inLanguage\":\"pt-PT\",\"@id\":\"https:\\\/\\\/thelyflabs.com\\\/product\\\/flor-e8h-amnesia-space-flowers#primaryimage\",\"url\":\"https:\\\/\\\/thelyflabs.com\\\/wp-content\\\/uploads\\\/2026\\\/03\\\/Space-Flowers-amnesia-1g-con-cogollo.webp\",\"contentUrl\":\"https:\\\/\\\/thelyflabs.com\\\/wp-content\\\/uploads\\\/2026\\\/03\\\/Space-Flowers-amnesia-1g-con-cogollo.webp\",\"width\":1000,\"height\":1000,\"caption\":\"flor cbd e8h amnesia 1g\"},{\"@type\":\"BreadcrumbList\",\"@id\":\"https:\\\/\\\/thelyflabs.com\\\/product\\\/flor-e8h-amnesia-space-flowers#breadcrumb\",\"itemListElement\":[{\"@type\":\"ListItem\",\"position\":1,\"name\":\"Portada\",\"item\":\"https:\\\/\\\/thelyflabs.com\\\/\"},{\"@type\":\"ListItem\",\"position\":2,\"name\":\"Tienda\",\"item\":\"https:\\\/\\\/thelyflabs.com\\\/tienda\"},{\"@type\":\"ListItem\",\"position\":3,\"name\":\"Flor E8H Amnesia Space Flowers\"}]},{\"@type\":\"WebSite\",\"@id\":\"https:\\\/\\\/thelyflabs.com\\\/#website\",\"url\":\"https:\\\/\\\/thelyflabs.com\\\/\",\"name\":\"The LYF Labs\",\"description\":\"CBD al por mayor\",\"publisher\":{\"@id\":\"https:\\\/\\\/thelyflabs.com\\\/#organization\"},\"potentialAction\":[{\"@type\":\"SearchAction\",\"target\":{\"@type\":\"EntryPoint\",\"urlTemplate\":\"https:\\\/\\\/thelyflabs.com\\\/?s={search_term_string}\"},\"query-input\":{\"@type\":\"PropertyValueSpecification\",\"valueRequired\":true,\"valueName\":\"search_term_string\"}}],\"inLanguage\":\"pt-PT\"},{\"@type\":\"Organization\",\"@id\":\"https:\\\/\\\/thelyflabs.com\\\/#organization\",\"name\":\"The LYF Labs\",\"url\":\"https:\\\/\\\/thelyflabs.com\\\/\",\"logo\":{\"@type\":\"ImageObject\",\"inLanguage\":\"pt-PT\",\"@id\":\"https:\\\/\\\/thelyflabs.com\\\/#\\\/schema\\\/logo\\\/image\\\/\",\"url\":\"https:\\\/\\\/thelyflabs.com\\\/wp-content\\\/uploads\\\/2023\\\/01\\\/cropped-LogoTheLYFLabs.png\",\"contentUrl\":\"https:\\\/\\\/thelyflabs.com\\\/wp-content\\\/uploads\\\/2023\\\/01\\\/cropped-LogoTheLYFLabs.png\",\"width\":600,\"height\":180,\"caption\":\"The LYF Labs\"},\"image\":{\"@id\":\"https:\\\/\\\/thelyflabs.com\\\/#\\\/schema\\\/logo\\\/image\\\/\"}}]}<\/script>\n<!-- \/ Yoast SEO plugin. -->","yoast_head_json":{"title":"Flor E8H Amnesia Space Flowers - THE LYF LABS","description":"Eleva tu estado de \u00e1nimo con la Flor E8H Amnesia Space Flowers. Compra flores CBD online y experimenta una funcionalidad \u00fanica y pura.","robots":{"index":"index","follow":"follow","max-snippet":"max-snippet:-1","max-image-preview":"max-image-preview:large","max-video-preview":"max-video-preview:-1"},"canonical":"https:\/\/thelyflabs.com\/pt\/product\/flor-e8h-amnesia-space-flowers\/","og_locale":"pt_PT","og_type":"article","og_title":"Flor E8H Amnesia Space Flowers - THE LYF LABS","og_description":"Eleva tu estado de \u00e1nimo con la Flor E8H Amnesia Space Flowers. Compra flores CBD online y experimenta una funcionalidad \u00fanica y pura.","og_url":"https:\/\/thelyflabs.com\/pt\/product\/flor-e8h-amnesia-space-flowers\/","og_site_name":"THE LYF LABS","article_modified_time":"2026-03-30T09:07:26+00:00","og_image":[{"width":1000,"height":1000,"url":"https:\/\/thelyflabs.com\/wp-content\/uploads\/2026\/03\/Space-Flowers-amnesia-1g-con-cogollo.webp","type":"image\/webp"}],"twitter_card":"summary_large_image","twitter_misc":{"Tempo estimado de leitura":"4 minutos"},"schema":{"@context":"https:\/\/schema.org","@graph":[{"@type":"WebPage","@id":"https:\/\/thelyflabs.com\/product\/flor-e8h-amnesia-space-flowers","url":"https:\/\/thelyflabs.com\/product\/flor-e8h-amnesia-space-flowers","name":"Flor E8H Amnesia Space Flowers - THE LYF LABS","isPartOf":{"@id":"https:\/\/thelyflabs.com\/#website"},"primaryImageOfPage":{"@id":"https:\/\/thelyflabs.com\/product\/flor-e8h-amnesia-space-flowers#primaryimage"},"image":{"@id":"https:\/\/thelyflabs.com\/product\/flor-e8h-amnesia-space-flowers#primaryimage"},"thumbnailUrl":"https:\/\/thelyflabs.com\/wp-content\/uploads\/2026\/03\/Space-Flowers-amnesia-1g-con-cogollo.webp","datePublished":"2026-03-12T09:22:51+00:00","dateModified":"2026-03-30T09:07:26+00:00","description":"Eleva tu estado de \u00e1nimo con la Flor E8H Amnesia Space Flowers. Compra flores CBD online y experimenta una funcionalidad \u00fanica y pura.","breadcrumb":{"@id":"https:\/\/thelyflabs.com\/product\/flor-e8h-amnesia-space-flowers#breadcrumb"},"inLanguage":"pt-PT","potentialAction":[{"@type":"ReadAction","target":["https:\/\/thelyflabs.com\/product\/flor-e8h-amnesia-space-flowers"]}]},{"@type":"ImageObject","inLanguage":"pt-PT","@id":"https:\/\/thelyflabs.com\/product\/flor-e8h-amnesia-space-flowers#primaryimage","url":"https:\/\/thelyflabs.com\/wp-content\/uploads\/2026\/03\/Space-Flowers-amnesia-1g-con-cogollo.webp","contentUrl":"https:\/\/thelyflabs.com\/wp-content\/uploads\/2026\/03\/Space-Flowers-amnesia-1g-con-cogollo.webp","width":1000,"height":1000,"caption":"flor cbd e8h amnesia 1g"},{"@type":"BreadcrumbList","@id":"https:\/\/thelyflabs.com\/product\/flor-e8h-amnesia-space-flowers#breadcrumb","itemListElement":[{"@type":"ListItem","position":1,"name":"Portada","item":"https:\/\/thelyflabs.com\/"},{"@type":"ListItem","position":2,"name":"Tienda","item":"https:\/\/thelyflabs.com\/tienda"},{"@type":"ListItem","position":3,"name":"Flor E8H Amnesia Space Flowers"}]},{"@type":"WebSite","@id":"https:\/\/thelyflabs.com\/#website","url":"https:\/\/thelyflabs.com\/","name":"Os Laborat\u00f3rios LYF","description":"CBD atacado","publisher":{"@id":"https:\/\/thelyflabs.com\/#organization"},"potentialAction":[{"@type":"SearchAction","target":{"@type":"EntryPoint","urlTemplate":"https:\/\/thelyflabs.com\/?s={search_term_string}"},"query-input":{"@type":"PropertyValueSpecification","valueRequired":true,"valueName":"search_term_string"}}],"inLanguage":"pt-PT"},{"@type":"Organization","@id":"https:\/\/thelyflabs.com\/#organization","name":"Os Laborat\u00f3rios LYF","url":"https:\/\/thelyflabs.com\/","logo":{"@type":"ImageObject","inLanguage":"pt-PT","@id":"https:\/\/thelyflabs.com\/#\/schema\/logo\/image\/","url":"https:\/\/thelyflabs.com\/wp-content\/uploads\/2023\/01\/cropped-LogoTheLYFLabs.png","contentUrl":"https:\/\/thelyflabs.com\/wp-content\/uploads\/2023\/01\/cropped-LogoTheLYFLabs.png","width":600,"height":180,"caption":"The LYF Labs"},"image":{"@id":"https:\/\/thelyflabs.com\/#\/schema\/logo\/image\/"}}]}},"_links":{"self":[{"href":"https:\/\/thelyflabs.com\/pt\/wp-json\/wp\/v2\/product\/16959","targetHints":{"allow":["GET"]}}],"collection":[{"href":"https:\/\/thelyflabs.com\/pt\/wp-json\/wp\/v2\/product"}],"about":[{"href":"https:\/\/thelyflabs.com\/pt\/wp-json\/wp\/v2\/types\/product"}],"replies":[{"embeddable":true,"href":"https:\/\/thelyflabs.com\/pt\/wp-json\/wp\/v2\/comments?post=16959"}],"wp:featuredmedia":[{"embeddable":true,"href":"https:\/\/thelyflabs.com\/pt\/wp-json\/wp\/v2\/media\/17016"}],"wp:attachment":[{"href":"https:\/\/thelyflabs.com\/pt\/wp-json\/wp\/v2\/media?parent=16959"}],"wp:term":[{"taxonomy":"product_brand","embeddable":true,"href":"https:\/\/thelyflabs.com\/pt\/wp-json\/wp\/v2\/product_brand?post=16959"},{"taxonomy":"product_cat","embeddable":true,"href":"https:\/\/thelyflabs.com\/pt\/wp-json\/wp\/v2\/product_cat?post=16959"},{"taxonomy":"product_tag","embeddable":true,"href":"https:\/\/thelyflabs.com\/pt\/wp-json\/wp\/v2\/product_tag?post=16959"}],"curies":[{"name":"wp","href":"https:\/\/api.w.org\/{rel}","templated":true}]}}