{"id":17262,"date":"2026-03-13T15:22:15","date_gmt":"2026-03-13T14:22:15","guid":{"rendered":"https:\/\/thelyflabs.com\/?post_type=product&#038;p=17262"},"modified":"2026-04-01T13:46:19","modified_gmt":"2026-04-01T11:46:19","slug":"flor-10-oh-amnesia-space-flowers","status":"publish","type":"product","link":"https:\/\/thelyflabs.com\/pt\/product\/flor-10-oh-amnesia-space-flowers","title":{"rendered":"Flores 10-OH Amn\u00e9sia Espa\u00e7o Flores"},"content":{"rendered":"<h1 data-start=\"1609\" data-end=\"1642\"><span style=\"font-weight: 400\">Flor 10-OH Amnesia <\/span><span style=\"font-weight: 400\">Flores Espaciais<\/span><\/h1>\n<p data-start=\"549\" data-end=\"976\"><span style=\"font-weight: 400\">Si est\u00e1s buscando comprar flores 10-OH online de la m\u00e1s alta calidad, la <strong>Flores 10-OH Amn\u00e9sia Espa\u00e7o Flores <\/strong>es la opci\u00f3n perfecta para quienes valoran cogollos con gran presencia, aroma intenso y aspecto resinoso premium. Esta variedad,<strong> enriquecida con la mol\u00e9cula de 10-OH<\/strong> destaca dentro del mercado de cogollos 10-OH.<\/span><\/p>\n<p data-start=\"549\" data-end=\"976\"><span style=\"font-weight: 400\">Obrigado ao seu <strong>Agricultura org\u00e2nica sem pesticidas<\/strong>, curada de forma natural y con una est\u00e9tica resinosamente compacta, la flor 10-OH Amnesia es perfecta para quienes desean una flor potente, limpia y con un efecto equilibrado, similar a los cogollos cl\u00e1sicos del cannabis pero sin efectos psicoactivos del THC. Por eso, muchas personas optan por<strong> comprar flores 10-OH<\/strong> porque esta flor es una alternativa legal a los cogollos de marihuana.<\/span><\/p>\n<p data-start=\"549\" data-end=\"976\"><span style=\"font-weight: 400\"> Em <strong>Fuma\u00e7a De Iguana<\/strong>Selecionamos cuidadosamente cada lote para lhe oferecer um <strong>Amnesia 10-OH <\/strong><\/span><span style=\"font-weight: 400\"><b>alucinante<\/b>, pensada para aut\u00e9nticos amantes de las flores.<\/span><\/p>\n<h2><strong>\u00bfC\u00f3mo es la Flor 10-OH Amnesia?<\/strong><\/h2>\n<p><span style=\"font-weight: 400\">Esta flor de CBD tornou-se a favorita daqueles que desejam <strong>Compre flores de CBD de alta qualidade online.<\/strong>. Esta variedad deslumbra por su <strong>apar\u00eancia vibrante<\/strong>, dele <strong>aroma c\u00edtrico intenso<\/strong> e seu <strong>perfil de terpenos<\/strong> caracter\u00edstico dos cl\u00e1ssicos <strong><em>Confus\u00e3o<\/em><\/strong>.<\/span><\/p>\n<ul>\n<li><span style=\"font-weight: 400\"><strong>Tipo e percentagem de CBD:<\/strong> Esta flor es dominante Sativa y contiene aproximadamente 12% CBD y est\u00e1 enriquecida con 10-OH.<\/span><\/li>\n<li><span style=\"font-weight: 400\"><strong>Apar\u00eancia<\/strong>bot\u00f5es <strong>compactos<\/strong> de <strong>cor verde intensa<\/strong>Cheio de <strong>pistilos<\/strong> <strong>laranja<\/strong> e uma chuva de tricomas brilhantes. Sim, visualmente \u00e9 um espet\u00e1culo.<\/span><\/li>\n<li><span style=\"font-weight: 400\"><strong>Aroma<\/strong>: mistura explosiva de <strong>lim\u00e3o<\/strong>frutas doces, notas <strong>terroso<\/strong> e notas <strong>ervas<\/strong>Perfeito para os amantes de aromas intensos.\u00a0<\/span><\/li>\n<li><span style=\"font-weight: 400\"><strong>Origem<\/strong>: vem de um <strong>gen\u00e9tica<\/strong> <strong>selecionado<\/strong> para maximizar o CBD e preservar <strong>a alma do Amnesia original<\/strong>Flor de CBD legal, cultivada de forma sustent\u00e1vel e com rastreabilidade garantida.\u00a0<\/span><\/li>\n<\/ul>\n<p><span style=\"font-weight: 400\">As <strong>flores 10-OH son cada vez m\u00e1s populares<\/strong> ya que visualmente recuerdan a los <strong>cogollos de la marihuana tradicional<\/strong>. Adem\u00e1s, en pa\u00edses donde el cannabis es legal, algunos usuarios <strong>reportan sensaciones que pueden recordar<\/strong> a las asociadas al THC o la marihuana.\u00a0<\/span><\/p>\n<p>&nbsp;<\/p>\n<p>&nbsp;<\/p>\n<h2><strong>Gu\u00eda r\u00e1pida para elegir bien cogollos 10-OH<\/strong><\/h2>\n<ul>\n<li><span style=\"font-weight: 400\">Verifique o teor de CBD e THC. <\/span><\/li>\n<li><span style=\"font-weight: 400\">Escolha marcas confi\u00e1veis e transparentes.<\/span><\/li>\n<li>Revisa la apariencia de los cogollos<\/li>\n<li><span style=\"font-weight: 400\">Verifique as certifica\u00e7\u00f5es e os controles de qualidade. <\/span><\/li>\n<li><span style=\"font-weight: 400\">Leia avalia\u00e7\u00f5es de clientes reais <\/span><\/li>\n<\/ul>\n<p><span style=\"font-weight: 400\">Em <strong>Fuma\u00e7a De Iguana<\/strong>Nossa comunidade \u00e9 a melhor garantia de confian\u00e7a. N\u00e3o perca nossa oportunidade! <strong>Flores 10-OH Amn\u00e9sia Espa\u00e7o Flores<\/strong><strong>\u00a0<\/strong>mais aut\u00eantico.<\/span><\/p>\n<p>&nbsp;<\/p>\n<p>&nbsp;<\/p>\n<h2 data-start=\"1548\" data-end=\"1601\">Por que comprar? <span style=\"font-weight: 400\"><strong>Flores 10-OH Amn\u00e9sia Espa\u00e7o Flores <\/strong><\/span>Em Iguana Smoke?<\/h2>\n<p data-start=\"2504\" data-end=\"2696\"><span style=\"font-weight: 400\">Si te preguntas d\u00f3nde comprar flores 10-OH online, en Iguana Smoke te damos varias razones para hacerlo con nosotros: <\/span><\/p>\n<ol>\n<li style=\"list-style-type: none\">\n<ol>\n<li data-start=\"2504\" data-end=\"2696\"><span style=\"font-weight: 400\">\u2705 <strong>Flores de CBD acess\u00edveis e de alta qualidade:<\/strong> Qualidade superior a pre\u00e7os justos.<\/span><\/li>\n<li data-start=\"2504\" data-end=\"2696\"><span style=\"font-weight: 400\">\u2705 <strong>Agricultura org\u00e2nica:<\/strong> Sem pesticidas, sem produtos qu\u00edmicos, sem OGMs.<\/span><\/li>\n<li data-start=\"2504\" data-end=\"2696\"><span style=\"font-weight: 400\">\u2705 <strong>Selecci\u00f3n de variedades populares<\/strong>\u00a0como Gelato, Amnesia y Gorilla Glue<\/span><\/li>\n<li data-start=\"2504\" data-end=\"2696\"><span style=\"font-weight: 400\">\u2705 <strong>Teor de THC &lt;0,3%:<\/strong> 100% legal na Espanha e na Europa<\/span><\/li>\n<li data-start=\"2504\" data-end=\"2696\"><span style=\"font-weight: 400\">\u2705 <strong>Envio r\u00e1pido e discreto:<\/strong> Voc\u00ea o receber\u00e1 em casa em 24\/48 horas.<\/span><\/li>\n<li data-start=\"2504\" data-end=\"2696\"><span style=\"font-weight: 400\"> \u2705 <strong>Plataforma de pagamento segura<\/strong><\/span><\/li>\n<li data-start=\"2504\" data-end=\"2696\"><span style=\"font-weight: 400\">\u2705 <strong>especialistas em produtos de CBD<\/strong>: <strong><a href=\"https:\/\/iguanasmoke.com\/categoria\/hash-cbd\/\">resinas<\/a><\/strong>, <a href=\"https:\/\/iguanasmoke.com\/categoria\/aceite-de-cbd\/\"><strong>\u00d3leos<\/strong><\/a>, <a href=\"https:\/\/iguanasmoke.com\/categoria\/pop-corn-cbd-cogollos-pequenos-cbd-mini-buds-cbd\/\"><strong>Pipoca<\/strong><\/a>, <a href=\"https:\/\/iguanasmoke.com\/categoria\/extractos-cbd\/\"><strong>extratos<\/strong><\/a>, <a href=\"https:\/\/iguanasmoke.com\/categoria\/vaper-cbd\/\"><strong>Vapers<\/strong> <\/a>e muito mais<\/span><\/li>\n<\/ol>\n<\/li>\n<\/ol>\n<p><span style=\"font-weight: 400\">Al\u00e9m disso, todas as nossas flores de CBD s\u00e3o<strong> aprovado pela UE<\/strong>garantindo assim sua legalidade e seguran\u00e7a. N\u00f3s temos<a href=\"https:\/\/iguanasmoke.com\/analiticas\/\"><strong> relat\u00f3rios de laborat\u00f3rio independentes<\/strong><\/a> para verificar sua qualidade e rastreabilidade. <\/span><\/p>\n<p><span style=\"font-weight: 400\">Voc\u00ea j\u00e1 experimentou o nosso? <strong style=\"font-weight: 400\"><a href=\"https:\/\/iguanasmoke.com\/producto\/flor-10-oh-gorilla-glue-space-flowers\/\">Flor 10-OH Gelato<\/a><\/strong>, nosso <a style=\"font-weight: 400\" href=\"https:\/\/iguanasmoke.com\/categoria\/nuevas-moleculas\/\"><strong>Vapers 10-OH <\/strong><\/a>ou nosso <a style=\"font-weight: 400\" href=\"https:\/\/iguanasmoke.com\/producto\/space-hash-dry-sift-10-oh\/\"><strong>Space Hash Peneirado a Seco 10-OH<\/strong><\/a>N\u00e3o perca o <strong><a href=\"https:\/\/iguanasmoke.com\/categoria\/cbd\/ready-to-roll\/\">Picaduras de Flores CBD m\u00e1s premium<\/a><\/strong> ou o <a style=\"font-weight: 400\" href=\"https:\/\/iguanasmoke.com\/categoria\/pop-corn-cbd-cogollos-pequenos-cbd-mini-buds-cbd\/\"><strong>Pequenos bot\u00f5es de CBD \u2013 Pipoca<\/strong><\/a> mais famoso do mercado.<\/span><\/p>\n<p>&nbsp;<\/p>\n<p>&nbsp;<\/p>\n<h3><b>Iguana Smoke es tu tienda de cannabinoides legales online\u00a0<\/b><\/h3>\n<p><span style=\"font-weight: 400\">Em<strong> Fuma\u00e7a De Iguana<\/strong>, creemos que disfrutar del CBD debe ser una experiencia segura. Por eso tenemos productos como esta <strong>Flor 10-OH Amnesia <\/strong><strong>Flores Espaciais<\/strong>, que conecta con las nuevas generaciones: personas que buscan bienestar sin complicaciones, con marcas aut\u00e9nticas y fiables. <\/span><\/p>\n<p><span style=\"font-weight: 400\">Ya sabes, nuestra misi\u00f3n es clara:<strong> llevarte lo mejor del mundo del CBD a un precio justo<\/strong>. Adem\u00e1s, te damos la tranquilidad de saber que est\u00e1s eligiendo un <strong>producto certificado, efectivo y 100% legal<\/strong>. Da el paso; Compra tu Flor CBD hoy y eleva tu experiencia a otro nivel.\u00a0<\/span><\/p>\n<p>Ainda tem d\u00favidas? Escreva-nos e teremos todo o prazer em ajud\u00e1-lo(a) a encontrar o produto perfeito para si.<\/p>\n<p>&nbsp;<\/p>\n<p>&nbsp;<\/p>\n<h6>\u2139\ufe0f<strong> Informa\u00e7\u00f5es legais<\/strong><\/h6>\n<p><em><span style=\"font-weight: 400\">*Producto destinado a coleccionismo o aromaterapia, conforme a la legislaci\u00f3n espa\u00f1ola vigente. <\/span><\/em><\/p>\n<p><em><span style=\"font-weight: 400\">**Derivados del c\u00e1\u00f1amo industrial certificado. Contiene menos del 0,3 THC y no incluye cannabinoides ilegales como HHC, HHC-P, THCP, THCP-O, H4CBD ni sustancias recogidas en el Anexo I del Real Decreto 2829\/1977, as\u00ed como tampoco contiene sustancias fiscalizadas por convenios internacionales.\u00a0\u00a0<\/span><\/em><\/p>","protected":false},"excerpt":{"rendered":"<p><span style=\"font-weight: 400\">Esta Flor 10-OH <span style=\"font-size: 16px;font-weight: 400\">destaca por sus tonos c\u00edtricos, herbales y terrosos:<\/span><\/span><\/p>\n<ul>\n<li>Flor CBD premium enriquecida con la mol\u00e9cula 10-OH<\/li>\n<li>THC: &lt;0,3%<\/li>\n<li>aroma penetrante<\/li>\n<li>100% legal Espanha e Europa<\/li>\n<\/ul>\n<p><span style=\"font-weight: 400\">Consulta<strong> <a href=\"https:\/\/iguanasmoke.com\/analiticas\/\">An\u00e1lise laboratorial.<\/a><\/strong><\/span><\/p>","protected":false},"featured_media":17270,"comment_status":"open","ping_status":"closed","template":"","meta":{"_acf_changed":false,"site-sidebar-layout":"default","site-content-layout":"","ast-site-content-layout":"default","site-content-style":"default","site-sidebar-style":"default","ast-global-header-display":"","ast-banner-title-visibility":"","ast-main-header-display":"","ast-hfb-above-header-display":"","ast-hfb-below-header-display":"","ast-hfb-mobile-header-display":"","site-post-title":"","ast-breadcrumbs-content":"","ast-featured-img":"","footer-sml-layout":"","theme-transparent-header-meta":"default","adv-header-id-meta":"","stick-header-meta":"","header-above-stick-meta":"","header-main-stick-meta":"","header-below-stick-meta":"","astra-migrate-meta-layouts":"set","ast-page-background-enabled":"default","ast-page-background-meta":{"desktop":{"background-color":"var(--ast-global-color-4)","background-image":"","background-repeat":"repeat","background-position":"center center","background-size":"auto","background-attachment":"scroll","background-type":"","background-media":"","overlay-type":"","overlay-color":"","overlay-opacity":"","overlay-gradient":""},"tablet":{"background-color":"","background-image":"","background-repeat":"repeat","background-position":"center center","background-size":"auto","background-attachment":"scroll","background-type":"","background-media":"","overlay-type":"","overlay-color":"","overlay-opacity":"","overlay-gradient":""},"mobile":{"background-color":"","background-image":"","background-repeat":"repeat","background-position":"center center","background-size":"auto","background-attachment":"scroll","background-type":"","background-media":"","overlay-type":"","overlay-color":"","overlay-opacity":"","overlay-gradient":""}},"ast-content-background-meta":{"desktop":{"background-color":"var(--ast-global-color-5)","background-image":"","background-repeat":"repeat","background-position":"center center","background-size":"auto","background-attachment":"scroll","background-type":"","background-media":"","overlay-type":"","overlay-color":"","overlay-opacity":"","overlay-gradient":""},"tablet":{"background-color":"var(--ast-global-color-5)","background-image":"","background-repeat":"repeat","background-position":"center center","background-size":"auto","background-attachment":"scroll","background-type":"","background-media":"","overlay-type":"","overlay-color":"","overlay-opacity":"","overlay-gradient":""},"mobile":{"background-color":"var(--ast-global-color-5)","background-image":"","background-repeat":"repeat","background-position":"center center","background-size":"auto","background-attachment":"scroll","background-type":"","background-media":"","overlay-type":"","overlay-color":"","overlay-opacity":"","overlay-gradient":""}}},"product_brand":[],"product_cat":[140,151,146],"product_tag":[],"class_list":{"0":"post-17262","1":"product","2":"type-product","3":"status-publish","4":"has-post-thumbnail","6":"product_cat-10oh","7":"product_cat-flores-de-10-oh","8":"product_cat-nuevas-moleculas","9":"desktop-align-center","10":"tablet-align-left","11":"mobile-align-left","13":"first","14":"instock","15":"taxable","16":"shipping-taxable","17":"purchasable","18":"product-type-variable"},"acf":[],"yoast_head":"<!-- This site is optimized with the Yoast SEO plugin v27.3 - https:\/\/yoast.com\/product\/yoast-seo-wordpress\/ -->\n<title>Flor 10-OH Amnesia Space Flowers - THE LYF LABS<\/title>\n<meta name=\"description\" content=\"Experimenta la calidad de la Flor 10-OH Amnesia. Con cogollos resinosos, esta variedad es inigualable en el mercado. \u00a1Pide ahora!\" \/>\n<meta name=\"robots\" content=\"index, follow, max-snippet:-1, max-image-preview:large, max-video-preview:-1\" \/>\n<link rel=\"canonical\" href=\"https:\/\/thelyflabs.com\/pt\/product\/flor-10-oh-amnesia-space-flowers\/\" \/>\n<meta property=\"og:locale\" content=\"pt_PT\" \/>\n<meta property=\"og:type\" content=\"article\" \/>\n<meta property=\"og:title\" content=\"Flor 10-OH Amnesia Space Flowers - THE LYF LABS\" \/>\n<meta property=\"og:description\" content=\"Experimenta la calidad de la Flor 10-OH Amnesia. Con cogollos resinosos, esta variedad es inigualable en el mercado. \u00a1Pide ahora!\" \/>\n<meta property=\"og:url\" content=\"https:\/\/thelyflabs.com\/pt\/product\/flor-10-oh-amnesia-space-flowers\/\" \/>\n<meta property=\"og:site_name\" content=\"THE LYF LABS\" \/>\n<meta property=\"article:modified_time\" content=\"2026-04-01T11:46:19+00:00\" \/>\n<meta property=\"og:image\" content=\"https:\/\/thelyflabs.com\/wp-content\/uploads\/2026\/03\/Space-Flowers-Amnesia-5g-10-OH-con-cogollo.webp\" \/>\n\t<meta property=\"og:image:width\" content=\"1000\" \/>\n\t<meta property=\"og:image:height\" content=\"1000\" \/>\n\t<meta property=\"og:image:type\" content=\"image\/webp\" \/>\n<meta name=\"twitter:card\" content=\"summary_large_image\" \/>\n<meta name=\"twitter:label1\" content=\"Tempo estimado de leitura\" \/>\n\t<meta name=\"twitter:data1\" content=\"4 minutos\" \/>\n<script type=\"application\/ld+json\" class=\"yoast-schema-graph\">{\"@context\":\"https:\\\/\\\/schema.org\",\"@graph\":[{\"@type\":\"WebPage\",\"@id\":\"https:\\\/\\\/thelyflabs.com\\\/product\\\/flor-10-oh-amnesia-space-flowers\",\"url\":\"https:\\\/\\\/thelyflabs.com\\\/product\\\/flor-10-oh-amnesia-space-flowers\",\"name\":\"Flor 10-OH Amnesia Space Flowers - THE LYF LABS\",\"isPartOf\":{\"@id\":\"https:\\\/\\\/thelyflabs.com\\\/#website\"},\"primaryImageOfPage\":{\"@id\":\"https:\\\/\\\/thelyflabs.com\\\/product\\\/flor-10-oh-amnesia-space-flowers#primaryimage\"},\"image\":{\"@id\":\"https:\\\/\\\/thelyflabs.com\\\/product\\\/flor-10-oh-amnesia-space-flowers#primaryimage\"},\"thumbnailUrl\":\"https:\\\/\\\/thelyflabs.com\\\/wp-content\\\/uploads\\\/2026\\\/03\\\/Space-Flowers-Amnesia-5g-10-OH-con-cogollo.webp\",\"datePublished\":\"2026-03-13T14:22:15+00:00\",\"dateModified\":\"2026-04-01T11:46:19+00:00\",\"description\":\"Experimenta la calidad de la Flor 10-OH Amnesia. Con cogollos resinosos, esta variedad es inigualable en el mercado. \u00a1Pide ahora!\",\"breadcrumb\":{\"@id\":\"https:\\\/\\\/thelyflabs.com\\\/product\\\/flor-10-oh-amnesia-space-flowers#breadcrumb\"},\"inLanguage\":\"pt-PT\",\"potentialAction\":[{\"@type\":\"ReadAction\",\"target\":[\"https:\\\/\\\/thelyflabs.com\\\/product\\\/flor-10-oh-amnesia-space-flowers\"]}]},{\"@type\":\"ImageObject\",\"inLanguage\":\"pt-PT\",\"@id\":\"https:\\\/\\\/thelyflabs.com\\\/product\\\/flor-10-oh-amnesia-space-flowers#primaryimage\",\"url\":\"https:\\\/\\\/thelyflabs.com\\\/wp-content\\\/uploads\\\/2026\\\/03\\\/Space-Flowers-Amnesia-5g-10-OH-con-cogollo.webp\",\"contentUrl\":\"https:\\\/\\\/thelyflabs.com\\\/wp-content\\\/uploads\\\/2026\\\/03\\\/Space-Flowers-Amnesia-5g-10-OH-con-cogollo.webp\",\"width\":1000,\"height\":1000},{\"@type\":\"BreadcrumbList\",\"@id\":\"https:\\\/\\\/thelyflabs.com\\\/product\\\/flor-10-oh-amnesia-space-flowers#breadcrumb\",\"itemListElement\":[{\"@type\":\"ListItem\",\"position\":1,\"name\":\"Portada\",\"item\":\"https:\\\/\\\/thelyflabs.com\\\/\"},{\"@type\":\"ListItem\",\"position\":2,\"name\":\"Tienda\",\"item\":\"https:\\\/\\\/thelyflabs.com\\\/tienda\"},{\"@type\":\"ListItem\",\"position\":3,\"name\":\"Flor 10-OH Amnesia Space Flowers\"}]},{\"@type\":\"WebSite\",\"@id\":\"https:\\\/\\\/thelyflabs.com\\\/#website\",\"url\":\"https:\\\/\\\/thelyflabs.com\\\/\",\"name\":\"The LYF Labs\",\"description\":\"CBD al por mayor\",\"publisher\":{\"@id\":\"https:\\\/\\\/thelyflabs.com\\\/#organization\"},\"potentialAction\":[{\"@type\":\"SearchAction\",\"target\":{\"@type\":\"EntryPoint\",\"urlTemplate\":\"https:\\\/\\\/thelyflabs.com\\\/?s={search_term_string}\"},\"query-input\":{\"@type\":\"PropertyValueSpecification\",\"valueRequired\":true,\"valueName\":\"search_term_string\"}}],\"inLanguage\":\"pt-PT\"},{\"@type\":\"Organization\",\"@id\":\"https:\\\/\\\/thelyflabs.com\\\/#organization\",\"name\":\"The LYF Labs\",\"url\":\"https:\\\/\\\/thelyflabs.com\\\/\",\"logo\":{\"@type\":\"ImageObject\",\"inLanguage\":\"pt-PT\",\"@id\":\"https:\\\/\\\/thelyflabs.com\\\/#\\\/schema\\\/logo\\\/image\\\/\",\"url\":\"https:\\\/\\\/thelyflabs.com\\\/wp-content\\\/uploads\\\/2023\\\/01\\\/cropped-LogoTheLYFLabs.png\",\"contentUrl\":\"https:\\\/\\\/thelyflabs.com\\\/wp-content\\\/uploads\\\/2023\\\/01\\\/cropped-LogoTheLYFLabs.png\",\"width\":600,\"height\":180,\"caption\":\"The LYF Labs\"},\"image\":{\"@id\":\"https:\\\/\\\/thelyflabs.com\\\/#\\\/schema\\\/logo\\\/image\\\/\"}}]}<\/script>\n<!-- \/ Yoast SEO plugin. -->","yoast_head_json":{"title":"Flor 10-OH Amnesia Space Flowers - THE LYF LABS","description":"Experimenta la calidad de la Flor 10-OH Amnesia. Con cogollos resinosos, esta variedad es inigualable en el mercado. \u00a1Pide ahora!","robots":{"index":"index","follow":"follow","max-snippet":"max-snippet:-1","max-image-preview":"max-image-preview:large","max-video-preview":"max-video-preview:-1"},"canonical":"https:\/\/thelyflabs.com\/pt\/product\/flor-10-oh-amnesia-space-flowers\/","og_locale":"pt_PT","og_type":"article","og_title":"Flor 10-OH Amnesia Space Flowers - THE LYF LABS","og_description":"Experimenta la calidad de la Flor 10-OH Amnesia. Con cogollos resinosos, esta variedad es inigualable en el mercado. \u00a1Pide ahora!","og_url":"https:\/\/thelyflabs.com\/pt\/product\/flor-10-oh-amnesia-space-flowers\/","og_site_name":"THE LYF LABS","article_modified_time":"2026-04-01T11:46:19+00:00","og_image":[{"width":1000,"height":1000,"url":"https:\/\/thelyflabs.com\/wp-content\/uploads\/2026\/03\/Space-Flowers-Amnesia-5g-10-OH-con-cogollo.webp","type":"image\/webp"}],"twitter_card":"summary_large_image","twitter_misc":{"Tempo estimado de leitura":"4 minutos"},"schema":{"@context":"https:\/\/schema.org","@graph":[{"@type":"WebPage","@id":"https:\/\/thelyflabs.com\/product\/flor-10-oh-amnesia-space-flowers","url":"https:\/\/thelyflabs.com\/product\/flor-10-oh-amnesia-space-flowers","name":"Flor 10-OH Amnesia Space Flowers - THE LYF LABS","isPartOf":{"@id":"https:\/\/thelyflabs.com\/#website"},"primaryImageOfPage":{"@id":"https:\/\/thelyflabs.com\/product\/flor-10-oh-amnesia-space-flowers#primaryimage"},"image":{"@id":"https:\/\/thelyflabs.com\/product\/flor-10-oh-amnesia-space-flowers#primaryimage"},"thumbnailUrl":"https:\/\/thelyflabs.com\/wp-content\/uploads\/2026\/03\/Space-Flowers-Amnesia-5g-10-OH-con-cogollo.webp","datePublished":"2026-03-13T14:22:15+00:00","dateModified":"2026-04-01T11:46:19+00:00","description":"Experimenta la calidad de la Flor 10-OH Amnesia. Con cogollos resinosos, esta variedad es inigualable en el mercado. \u00a1Pide ahora!","breadcrumb":{"@id":"https:\/\/thelyflabs.com\/product\/flor-10-oh-amnesia-space-flowers#breadcrumb"},"inLanguage":"pt-PT","potentialAction":[{"@type":"ReadAction","target":["https:\/\/thelyflabs.com\/product\/flor-10-oh-amnesia-space-flowers"]}]},{"@type":"ImageObject","inLanguage":"pt-PT","@id":"https:\/\/thelyflabs.com\/product\/flor-10-oh-amnesia-space-flowers#primaryimage","url":"https:\/\/thelyflabs.com\/wp-content\/uploads\/2026\/03\/Space-Flowers-Amnesia-5g-10-OH-con-cogollo.webp","contentUrl":"https:\/\/thelyflabs.com\/wp-content\/uploads\/2026\/03\/Space-Flowers-Amnesia-5g-10-OH-con-cogollo.webp","width":1000,"height":1000},{"@type":"BreadcrumbList","@id":"https:\/\/thelyflabs.com\/product\/flor-10-oh-amnesia-space-flowers#breadcrumb","itemListElement":[{"@type":"ListItem","position":1,"name":"Portada","item":"https:\/\/thelyflabs.com\/"},{"@type":"ListItem","position":2,"name":"Tienda","item":"https:\/\/thelyflabs.com\/tienda"},{"@type":"ListItem","position":3,"name":"Flor 10-OH Amnesia Space Flowers"}]},{"@type":"WebSite","@id":"https:\/\/thelyflabs.com\/#website","url":"https:\/\/thelyflabs.com\/","name":"Os Laborat\u00f3rios LYF","description":"CBD atacado","publisher":{"@id":"https:\/\/thelyflabs.com\/#organization"},"potentialAction":[{"@type":"SearchAction","target":{"@type":"EntryPoint","urlTemplate":"https:\/\/thelyflabs.com\/?s={search_term_string}"},"query-input":{"@type":"PropertyValueSpecification","valueRequired":true,"valueName":"search_term_string"}}],"inLanguage":"pt-PT"},{"@type":"Organization","@id":"https:\/\/thelyflabs.com\/#organization","name":"Os Laborat\u00f3rios LYF","url":"https:\/\/thelyflabs.com\/","logo":{"@type":"ImageObject","inLanguage":"pt-PT","@id":"https:\/\/thelyflabs.com\/#\/schema\/logo\/image\/","url":"https:\/\/thelyflabs.com\/wp-content\/uploads\/2023\/01\/cropped-LogoTheLYFLabs.png","contentUrl":"https:\/\/thelyflabs.com\/wp-content\/uploads\/2023\/01\/cropped-LogoTheLYFLabs.png","width":600,"height":180,"caption":"The LYF Labs"},"image":{"@id":"https:\/\/thelyflabs.com\/#\/schema\/logo\/image\/"}}]}},"_links":{"self":[{"href":"https:\/\/thelyflabs.com\/pt\/wp-json\/wp\/v2\/product\/17262","targetHints":{"allow":["GET"]}}],"collection":[{"href":"https:\/\/thelyflabs.com\/pt\/wp-json\/wp\/v2\/product"}],"about":[{"href":"https:\/\/thelyflabs.com\/pt\/wp-json\/wp\/v2\/types\/product"}],"replies":[{"embeddable":true,"href":"https:\/\/thelyflabs.com\/pt\/wp-json\/wp\/v2\/comments?post=17262"}],"wp:featuredmedia":[{"embeddable":true,"href":"https:\/\/thelyflabs.com\/pt\/wp-json\/wp\/v2\/media\/17270"}],"wp:attachment":[{"href":"https:\/\/thelyflabs.com\/pt\/wp-json\/wp\/v2\/media?parent=17262"}],"wp:term":[{"taxonomy":"product_brand","embeddable":true,"href":"https:\/\/thelyflabs.com\/pt\/wp-json\/wp\/v2\/product_brand?post=17262"},{"taxonomy":"product_cat","embeddable":true,"href":"https:\/\/thelyflabs.com\/pt\/wp-json\/wp\/v2\/product_cat?post=17262"},{"taxonomy":"product_tag","embeddable":true,"href":"https:\/\/thelyflabs.com\/pt\/wp-json\/wp\/v2\/product_tag?post=17262"}],"curies":[{"name":"wp","href":"https:\/\/api.w.org\/{rel}","templated":true}]}}