{"id":17647,"date":"2026-03-25T13:22:38","date_gmt":"2026-03-25T12:22:38","guid":{"rendered":"https:\/\/thelyflabs.com\/?post_type=product&#038;p=17647"},"modified":"2026-04-24T14:47:04","modified_gmt":"2026-04-24T12:47:04","slug":"pre-roll-stv-king-size-15g","status":"publish","type":"product","link":"https:\/\/thelyflabs.com\/pt\/product\/pre-roll-stv-king-size-15g","title":{"rendered":"Space Pre Roll STV \u2013 Cono King Size"},"content":{"rendered":"<h1><span style=\"font-weight: 400\">Space Pre Roll STV &#8211; Cono King Size<\/span><\/h1>\n<p data-start=\"277\" data-end=\"346\"><span style=\"font-weight: 400\">Descubre ahora el nuevo <strong>Space<\/strong> <strong>P<\/strong><\/span><span style=\"font-weight: 400\"><strong>re Roll STV: <\/strong>con la calidad perfecta de una flor premium y el Sativanol. El <strong>Cono King Size de STV<\/strong> <strong>mayorista<\/strong> es la versi\u00f3n enriquecida con la mol\u00e9cula STV que acaba de llegar a Iguana Smoke. Perfectamente liado, molido y filtrado para disfrutar sin complicaciones: abrir, encender y relajarse. <\/span><\/p>\n<p data-start=\"277\" data-end=\"346\"><span style=\"font-weight: 400\">Este cono preliado contiene <strong>1,5g de flor de CBD<\/strong>\u00a0cultivada de forma ecol\u00f3gica y <strong>sin restos, trim ni mezclas<\/strong>. Solo <strong>flor premium lista<\/strong> para ofrecerte una <strong>experiencia suave, natural y muy chill<\/strong>.<\/span><\/p>\n<p data-start=\"277\" data-end=\"346\">En pocas palabras: Un \u00abporro STV\u00bb limpio, estable y con personalidad propia, para quienes quieren algo m\u00e1s intenso que el CBD convencional. <span style=\"font-weight: 400\">Descubre m\u00e1s formatos para <a href=\"https:\/\/iguanasmoke.com\/categoria\/flores\/flores-cbd\/\"><strong>comprar flores CBD<\/strong><\/a>, donde descubrir\u00e1s nuestra amplia selecci\u00f3n de flores CBD premium.<\/span><\/p>\n<h2><\/h2>\n<h2><strong>Space Pre Rolls STV de calidad premium<\/strong><\/h2>\n<p><span style=\"font-weight: 400\">Nosso <strong>Cono King Size de STV mayorista <\/strong>est\u00e1 liado con <strong>papel Raw org\u00e1nico<\/strong>, libre de qu\u00edmicos, aditivos o colorantes. En su interior encontrar\u00e1s flores seleccionadas con <strong>15% CBD<\/strong> y menos del <strong>0,3% THC<\/strong>. As\u00ed, son 100% legales en Espa\u00f1a y Europa.<\/span><\/p>\n<p><span style=\"font-weight: 400\">Este formato XL es ideal para quienes quieren <strong>comprar flores CBD<\/strong> ya preliadas sin renunciar al aroma, la potencia y la calidad de una buena flor. No es un Pre Roll cualquiera, es de <strong>calidad premium<\/strong>, pensado para quienes buscan comodidad sin perder intensidad.\u00a0<\/span><\/p>\n<p>&nbsp;<\/p>\n<h2><strong>O que \u00e9 STV? <\/strong><\/h2>\n<p><span style=\"font-weight: 400\">STV (Super Sativa \u2013 Sativanol) \u00e9 um <strong>canabin\u00f3ide semissint\u00e9tico<\/strong> pr\u00f3xima gera\u00e7\u00e3o, derivada do c\u00e2nhamo. Foi projetada para oferecer <strong>efeitos estimulantes, sensa\u00e7\u00e3o de euforia e momentos de clareza mental.<\/strong>Tudo isso sem conter THC, HHC, THCP ou an\u00e1logos psicoativos. <\/span><\/p>\n<p><span style=\"font-weight: 400\">Lo bueno de esta mol\u00e9cula es que no se conoce que genere tolerancia, lo que significa que podr\u00e1s disfrutar de su efecto m\u00e1s tiempo. Adem\u00e1s, l<\/span><span style=\"font-weight: 400\">o mejor es que el STV representa una <strong>nova era dos canabinoides funcionais<\/strong>Ideal para quem busca experi\u00eancias. <strong>Tipo Sativa sem sofrer os efeitos negativos<\/strong>\u00c9 simplesmente perfeito.<\/span><\/p>\n<p>&nbsp;<\/p>\n<h2 data-start=\"1495\" data-end=\"1540\">Caracter\u00edsticas del Cono King Size de STV <span style=\"font-weight: 400\"><strong>mayorista<\/strong> <\/span>:<\/h2>\n<ul>\n<li><span style=\"font-weight: 400\"><strong>1,5g<\/strong>\u00a0de aut\u00e9ntica flor <strong>de CDB<\/strong><\/span><\/li>\n<li>Mezcla arom\u00e1tica con Sativanol<\/li>\n<li><span style=\"font-weight: 400\"><strong>CDB<\/strong> para o <strong>15%<\/strong> e <strong>THC &lt;0,3%<\/strong> -Producto legal sin efectos psicoactivos <\/span><\/li>\n<li><span style=\"font-weight: 400\"><strong>Papeles Raw<\/strong> org\u00e1nicos y sin qu\u00edmicos <\/span><\/li>\n<li><span style=\"font-weight: 400\"><strong>Sativa dominante<\/strong>, con aroma dulce e intenso <\/span><\/li>\n<li><span style=\"font-weight: 400\"><strong>Agricultura biol\u00f3gica<\/strong>, sin pesticidas ni transg\u00e9nicos<\/span><\/li>\n<li><span style=\"font-weight: 400\">Listo para usar con una <strong>combusti\u00f3n estable<\/strong><\/span><\/li>\n<\/ul>\n<p>&nbsp;<\/p>\n<section class=\"product-description\">\n<h2><b>\u00bfD\u00f3nde comprar tus <\/b>Cono King Size de STV <b>mayorista<\/b><b>?<\/b><\/h2>\n<p><span style=\"font-weight: 400\">Se voc\u00ea est\u00e1 procurando por <strong>comprar Pre Rolls<\/strong><strong>, <\/strong>este es tu lugar seguro. Todos nuestros productos est\u00e1n aprobados por la UE, garantizando su legalidad y seguridad. Adem\u00e1s, si quieres puedes consultar <\/span><strong><a href=\"https:\/\/iguanasmoke.com\/analiticas\/\">An\u00e1lise laboratorial.<\/a><\/strong><\/p>\n<p><span style=\"font-weight: 400\">No te olvides de explorar <\/span><span style=\"font-weight: 400\">nuestra variedad y encontrar ya tus favoritos.<\/span><\/p>\n<p><strong data-start=\"303\" data-end=\"345\">Env\u00edo r\u00e1pido y discreto en toda Espa\u00f1a<\/strong>, com <strong data-start=\"351\" data-end=\"387\">atenci\u00f3n cercana y personalizada<\/strong> para resolver cualquier duda antes y despu\u00e9s de tu compra.<\/p>\n<p>&nbsp;<\/p>\n<h2>Qualidade e seguran\u00e7a<\/h2>\n<p>Em <strong>Os Laborat\u00f3rios Lyf<\/strong>, garantimos que cada lote de <span style=\"font-weight: 400\"><strong>Cono King Size de STV<\/strong> <strong>mayorista<\/strong><\/span>\u00a0O produto passa por rigorosas an\u00e1lises laboratoriais para confirmar sua pureza, aus\u00eancia de pesticidas e n\u00edveis legais de THC (inferiores a 0,31% TP3T). Nosso compromisso com a qualidade e a seguran\u00e7a nos permite oferecer um produto confi\u00e1vel, adequado a todos os usu\u00e1rios que valorizam a legalidade e a excel\u00eancia no consumo.<\/p>\n<\/section>\n<section class=\"product-description\">The Lyf Labs se compromete a ofrecer <strong>productos que combinan tradici\u00f3n, innovaci\u00f3n y m\u00e1xima calidad<\/strong>. Conf\u00eda en nosotros para llevar a tu colecci\u00f3n o cat\u00e1logo un producto que destaca por su autenticidad, sabor y fiabilidad.<\/section>\n<section><\/section>\n<section><\/section>\n<section><\/section>\n<section><\/section>\n<section><\/section>\n<section><\/section>\n<section><\/section>\n<section><\/section>\n<section><\/section>\n<p>&nbsp;<\/p>\n<h3 class=\"product-description\"><span style=\"font-size: 1.7em;font-weight: bold\">O Lyf Labs \u00e9 de qualidade<\/span><\/h3>\n<p>The Lyf Labs representa la excelencia en el <strong>mercado mayorista de cannabinoides,<\/strong> ofreciendo productos innovadores, seguros y de alta pureza para <strong>tiendas especializadas y distribuidores<\/strong>. Nos enfocamos en satisfacer las necesidades de un sector profesional que busca calidad constante, trazabilidad y <strong>precios competitivos<\/strong>. Si buscas un proveedor confiable y con visi\u00f3n de futuro, en The Lyf Labs encontrar\u00e1s un aliado estrat\u00e9gico para crecer en el mercado del c\u00e1\u00f1amo.<\/p>\n<p>&nbsp;<\/p>\n<h6>\u2139\ufe0f<strong> Informa\u00e7\u00f5es legais<\/strong><\/h6>\n<p><em><span style=\"font-weight: 400\">*Producto destinado a coleccionismo o aromaterapia, conforme a la legislaci\u00f3n espa\u00f1ola vigente. <\/span><\/em><\/p>\n<p><em><span style=\"font-weight: 400\">**Derivados del c\u00e1\u00f1amo industrial certificado. Contiene menos del 0,3 THC y no incluye cannabinoides ilegales como HHC, HHC-P, THCP, THCP-O, H4CBD ni sustancias recogidas en el Anexo I del Real Decreto 2829\/1977, as\u00ed como tampoco contiene sustancias fiscalizadas por convenios internacionales.<\/span><\/em><\/p>","protected":false},"excerpt":{"rendered":"<p>Su formato XL combina el potente 10-OH legal y flores de CBD premium, listo para usar:<\/p>\n<ul>\n<li>N\u00e3o usamos aparas, apenas flores de alta qualidade<\/li>\n<li>Aderezado con la mol\u00e9cula STV<\/li>\n<li style=\"text-align: justify\">Quantidade aproximada de flores: 1,5 gramas<\/li>\n<li style=\"text-align: justify\">CBD: 15% \/ THC: &lt;0,3%<\/li>\n<li style=\"text-align: justify\">100% legal na Europa<\/li>\n<\/ul>\n<p>An\u00e1lisis de calidad <a href=\"https:\/\/iguanasmoke.com\/analiticas\/\" target=\"_blank\" rel=\"noopener\">aqui<\/a><\/p>","protected":false},"featured_media":17649,"comment_status":"open","ping_status":"closed","template":"","meta":{"_acf_changed":false,"site-sidebar-layout":"default","site-content-layout":"","ast-site-content-layout":"default","site-content-style":"default","site-sidebar-style":"default","ast-global-header-display":"","ast-banner-title-visibility":"","ast-main-header-display":"","ast-hfb-above-header-display":"","ast-hfb-below-header-display":"","ast-hfb-mobile-header-display":"","site-post-title":"","ast-breadcrumbs-content":"","ast-featured-img":"","footer-sml-layout":"","theme-transparent-header-meta":"default","adv-header-id-meta":"","stick-header-meta":"","header-above-stick-meta":"","header-main-stick-meta":"","header-below-stick-meta":"","astra-migrate-meta-layouts":"set","ast-page-background-enabled":"default","ast-page-background-meta":{"desktop":{"background-color":"var(--ast-global-color-4)","background-image":"","background-repeat":"repeat","background-position":"center center","background-size":"auto","background-attachment":"scroll","background-type":"","background-media":"","overlay-type":"","overlay-color":"","overlay-opacity":"","overlay-gradient":""},"tablet":{"background-color":"","background-image":"","background-repeat":"repeat","background-position":"center center","background-size":"auto","background-attachment":"scroll","background-type":"","background-media":"","overlay-type":"","overlay-color":"","overlay-opacity":"","overlay-gradient":""},"mobile":{"background-color":"","background-image":"","background-repeat":"repeat","background-position":"center center","background-size":"auto","background-attachment":"scroll","background-type":"","background-media":"","overlay-type":"","overlay-color":"","overlay-opacity":"","overlay-gradient":""}},"ast-content-background-meta":{"desktop":{"background-color":"var(--ast-global-color-5)","background-image":"","background-repeat":"repeat","background-position":"center center","background-size":"auto","background-attachment":"scroll","background-type":"","background-media":"","overlay-type":"","overlay-color":"","overlay-opacity":"","overlay-gradient":""},"tablet":{"background-color":"var(--ast-global-color-5)","background-image":"","background-repeat":"repeat","background-position":"center center","background-size":"auto","background-attachment":"scroll","background-type":"","background-media":"","overlay-type":"","overlay-color":"","overlay-opacity":"","overlay-gradient":""},"mobile":{"background-color":"var(--ast-global-color-5)","background-image":"","background-repeat":"repeat","background-position":"center center","background-size":"auto","background-attachment":"scroll","background-type":"","background-media":"","overlay-type":"","overlay-color":"","overlay-opacity":"","overlay-gradient":""}}},"product_brand":[],"product_cat":[27,138],"product_tag":[],"class_list":{"0":"post-17647","1":"product","2":"type-product","3":"status-publish","4":"has-post-thumbnail","6":"product_cat-pre-rolls","7":"product_cat-stv-sativanol","8":"desktop-align-center","9":"tablet-align-left","10":"mobile-align-left","12":"first","13":"instock","14":"taxable","15":"shipping-taxable","16":"purchasable","17":"product-type-simple"},"acf":[],"yoast_head":"<!-- This site is optimized with the Yoast SEO plugin v27.4 - https:\/\/yoast.com\/product\/yoast-seo-wordpress\/ -->\n<title>Cono King Size de STV mayorista - THE LYF LABS<\/title>\n<meta name=\"description\" content=\"Deleita tus sentidos con el nuevo Cono King Size de STV mayorista. Con un Pre-Roll, solo necesitas abrir y encender para disfrutar inmediatamente.\" \/>\n<meta name=\"robots\" content=\"index, follow, max-snippet:-1, max-image-preview:large, max-video-preview:-1\" \/>\n<link rel=\"canonical\" href=\"https:\/\/thelyflabs.com\/pt\/product\/pre-roll-stv-king-size-15g\/\" \/>\n<meta property=\"og:locale\" content=\"pt_PT\" \/>\n<meta property=\"og:type\" content=\"article\" \/>\n<meta property=\"og:title\" content=\"Cono King Size de STV mayorista - THE LYF LABS\" \/>\n<meta property=\"og:description\" content=\"Deleita tus sentidos con el nuevo Cono King Size de STV mayorista. Con un Pre-Roll, solo necesitas abrir y encender para disfrutar inmediatamente.\" \/>\n<meta property=\"og:url\" content=\"https:\/\/thelyflabs.com\/pt\/product\/pre-roll-stv-king-size-15g\/\" \/>\n<meta property=\"og:site_name\" content=\"THE LYF LABS\" \/>\n<meta property=\"article:modified_time\" content=\"2026-04-24T12:47:04+00:00\" \/>\n<meta property=\"og:image\" content=\"https:\/\/thelyflabs.com\/wp-content\/uploads\/2026\/03\/mockup-pre-roll-stv-con-cono-scaled.webp\" \/>\n\t<meta property=\"og:image:width\" content=\"2560\" \/>\n\t<meta property=\"og:image:height\" content=\"2560\" \/>\n\t<meta property=\"og:image:type\" content=\"image\/webp\" \/>\n<meta name=\"twitter:card\" content=\"summary_large_image\" \/>\n<meta name=\"twitter:label1\" content=\"Tempo estimado de leitura\" \/>\n\t<meta name=\"twitter:data1\" content=\"4 minutos\" \/>\n<script type=\"application\/ld+json\" class=\"yoast-schema-graph\">{\"@context\":\"https:\\\/\\\/schema.org\",\"@graph\":[{\"@type\":\"WebPage\",\"@id\":\"https:\\\/\\\/thelyflabs.com\\\/product\\\/pre-roll-stv-king-size-15g\",\"url\":\"https:\\\/\\\/thelyflabs.com\\\/product\\\/pre-roll-stv-king-size-15g\",\"name\":\"Cono King Size de STV mayorista - THE LYF LABS\",\"isPartOf\":{\"@id\":\"https:\\\/\\\/thelyflabs.com\\\/#website\"},\"primaryImageOfPage\":{\"@id\":\"https:\\\/\\\/thelyflabs.com\\\/product\\\/pre-roll-stv-king-size-15g#primaryimage\"},\"image\":{\"@id\":\"https:\\\/\\\/thelyflabs.com\\\/product\\\/pre-roll-stv-king-size-15g#primaryimage\"},\"thumbnailUrl\":\"https:\\\/\\\/thelyflabs.com\\\/wp-content\\\/uploads\\\/2026\\\/03\\\/mockup-pre-roll-stv-con-cono-scaled.webp\",\"datePublished\":\"2026-03-25T12:22:38+00:00\",\"dateModified\":\"2026-04-24T12:47:04+00:00\",\"description\":\"Deleita tus sentidos con el nuevo Cono King Size de STV mayorista. Con un Pre-Roll, solo necesitas abrir y encender para disfrutar inmediatamente.\",\"breadcrumb\":{\"@id\":\"https:\\\/\\\/thelyflabs.com\\\/product\\\/pre-roll-stv-king-size-15g#breadcrumb\"},\"inLanguage\":\"pt-PT\",\"potentialAction\":[{\"@type\":\"ReadAction\",\"target\":[\"https:\\\/\\\/thelyflabs.com\\\/product\\\/pre-roll-stv-king-size-15g\"]}]},{\"@type\":\"ImageObject\",\"inLanguage\":\"pt-PT\",\"@id\":\"https:\\\/\\\/thelyflabs.com\\\/product\\\/pre-roll-stv-king-size-15g#primaryimage\",\"url\":\"https:\\\/\\\/thelyflabs.com\\\/wp-content\\\/uploads\\\/2026\\\/03\\\/mockup-pre-roll-stv-con-cono-scaled.webp\",\"contentUrl\":\"https:\\\/\\\/thelyflabs.com\\\/wp-content\\\/uploads\\\/2026\\\/03\\\/mockup-pre-roll-stv-con-cono-scaled.webp\",\"width\":2560,\"height\":2560,\"caption\":\"Cono King Size de STV mayorista\"},{\"@type\":\"BreadcrumbList\",\"@id\":\"https:\\\/\\\/thelyflabs.com\\\/product\\\/pre-roll-stv-king-size-15g#breadcrumb\",\"itemListElement\":[{\"@type\":\"ListItem\",\"position\":1,\"name\":\"Portada\",\"item\":\"https:\\\/\\\/thelyflabs.com\\\/\"},{\"@type\":\"ListItem\",\"position\":2,\"name\":\"Tienda\",\"item\":\"https:\\\/\\\/thelyflabs.com\\\/tienda\"},{\"@type\":\"ListItem\",\"position\":3,\"name\":\"Space Pre Roll STV \u2013 Cono King Size\"}]},{\"@type\":\"WebSite\",\"@id\":\"https:\\\/\\\/thelyflabs.com\\\/#website\",\"url\":\"https:\\\/\\\/thelyflabs.com\\\/\",\"name\":\"The LYF Labs\",\"description\":\"CBD al por mayor\",\"publisher\":{\"@id\":\"https:\\\/\\\/thelyflabs.com\\\/#organization\"},\"potentialAction\":[{\"@type\":\"SearchAction\",\"target\":{\"@type\":\"EntryPoint\",\"urlTemplate\":\"https:\\\/\\\/thelyflabs.com\\\/?s={search_term_string}\"},\"query-input\":{\"@type\":\"PropertyValueSpecification\",\"valueRequired\":true,\"valueName\":\"search_term_string\"}}],\"inLanguage\":\"pt-PT\"},{\"@type\":\"Organization\",\"@id\":\"https:\\\/\\\/thelyflabs.com\\\/#organization\",\"name\":\"The LYF Labs\",\"url\":\"https:\\\/\\\/thelyflabs.com\\\/\",\"logo\":{\"@type\":\"ImageObject\",\"inLanguage\":\"pt-PT\",\"@id\":\"https:\\\/\\\/thelyflabs.com\\\/#\\\/schema\\\/logo\\\/image\\\/\",\"url\":\"https:\\\/\\\/thelyflabs.com\\\/wp-content\\\/uploads\\\/2023\\\/01\\\/cropped-LogoTheLYFLabs.png\",\"contentUrl\":\"https:\\\/\\\/thelyflabs.com\\\/wp-content\\\/uploads\\\/2023\\\/01\\\/cropped-LogoTheLYFLabs.png\",\"width\":600,\"height\":180,\"caption\":\"The LYF Labs\"},\"image\":{\"@id\":\"https:\\\/\\\/thelyflabs.com\\\/#\\\/schema\\\/logo\\\/image\\\/\"}}]}<\/script>\n<!-- \/ Yoast SEO plugin. -->","yoast_head_json":{"title":"Cono King Size de STV mayorista - THE LYF LABS","description":"Deleita tus sentidos con el nuevo Cono King Size de STV mayorista. Con un Pre-Roll, solo necesitas abrir y encender para disfrutar inmediatamente.","robots":{"index":"index","follow":"follow","max-snippet":"max-snippet:-1","max-image-preview":"max-image-preview:large","max-video-preview":"max-video-preview:-1"},"canonical":"https:\/\/thelyflabs.com\/pt\/product\/pre-roll-stv-king-size-15g\/","og_locale":"pt_PT","og_type":"article","og_title":"Cono King Size de STV mayorista - THE LYF LABS","og_description":"Deleita tus sentidos con el nuevo Cono King Size de STV mayorista. Con un Pre-Roll, solo necesitas abrir y encender para disfrutar inmediatamente.","og_url":"https:\/\/thelyflabs.com\/pt\/product\/pre-roll-stv-king-size-15g\/","og_site_name":"THE LYF LABS","article_modified_time":"2026-04-24T12:47:04+00:00","og_image":[{"width":2560,"height":2560,"url":"https:\/\/thelyflabs.com\/wp-content\/uploads\/2026\/03\/mockup-pre-roll-stv-con-cono-scaled.webp","type":"image\/webp"}],"twitter_card":"summary_large_image","twitter_misc":{"Tempo estimado de leitura":"4 minutos"},"schema":{"@context":"https:\/\/schema.org","@graph":[{"@type":"WebPage","@id":"https:\/\/thelyflabs.com\/product\/pre-roll-stv-king-size-15g","url":"https:\/\/thelyflabs.com\/product\/pre-roll-stv-king-size-15g","name":"Cono King Size de STV mayorista - THE LYF LABS","isPartOf":{"@id":"https:\/\/thelyflabs.com\/#website"},"primaryImageOfPage":{"@id":"https:\/\/thelyflabs.com\/product\/pre-roll-stv-king-size-15g#primaryimage"},"image":{"@id":"https:\/\/thelyflabs.com\/product\/pre-roll-stv-king-size-15g#primaryimage"},"thumbnailUrl":"https:\/\/thelyflabs.com\/wp-content\/uploads\/2026\/03\/mockup-pre-roll-stv-con-cono-scaled.webp","datePublished":"2026-03-25T12:22:38+00:00","dateModified":"2026-04-24T12:47:04+00:00","description":"Deleita tus sentidos con el nuevo Cono King Size de STV mayorista. Con un Pre-Roll, solo necesitas abrir y encender para disfrutar inmediatamente.","breadcrumb":{"@id":"https:\/\/thelyflabs.com\/product\/pre-roll-stv-king-size-15g#breadcrumb"},"inLanguage":"pt-PT","potentialAction":[{"@type":"ReadAction","target":["https:\/\/thelyflabs.com\/product\/pre-roll-stv-king-size-15g"]}]},{"@type":"ImageObject","inLanguage":"pt-PT","@id":"https:\/\/thelyflabs.com\/product\/pre-roll-stv-king-size-15g#primaryimage","url":"https:\/\/thelyflabs.com\/wp-content\/uploads\/2026\/03\/mockup-pre-roll-stv-con-cono-scaled.webp","contentUrl":"https:\/\/thelyflabs.com\/wp-content\/uploads\/2026\/03\/mockup-pre-roll-stv-con-cono-scaled.webp","width":2560,"height":2560,"caption":"Cono King Size de STV mayorista"},{"@type":"BreadcrumbList","@id":"https:\/\/thelyflabs.com\/product\/pre-roll-stv-king-size-15g#breadcrumb","itemListElement":[{"@type":"ListItem","position":1,"name":"Portada","item":"https:\/\/thelyflabs.com\/"},{"@type":"ListItem","position":2,"name":"Tienda","item":"https:\/\/thelyflabs.com\/tienda"},{"@type":"ListItem","position":3,"name":"Space Pre Roll STV \u2013 Cono King Size"}]},{"@type":"WebSite","@id":"https:\/\/thelyflabs.com\/#website","url":"https:\/\/thelyflabs.com\/","name":"Os Laborat\u00f3rios LYF","description":"CBD atacado","publisher":{"@id":"https:\/\/thelyflabs.com\/#organization"},"potentialAction":[{"@type":"SearchAction","target":{"@type":"EntryPoint","urlTemplate":"https:\/\/thelyflabs.com\/?s={search_term_string}"},"query-input":{"@type":"PropertyValueSpecification","valueRequired":true,"valueName":"search_term_string"}}],"inLanguage":"pt-PT"},{"@type":"Organization","@id":"https:\/\/thelyflabs.com\/#organization","name":"Os Laborat\u00f3rios LYF","url":"https:\/\/thelyflabs.com\/","logo":{"@type":"ImageObject","inLanguage":"pt-PT","@id":"https:\/\/thelyflabs.com\/#\/schema\/logo\/image\/","url":"https:\/\/thelyflabs.com\/wp-content\/uploads\/2023\/01\/cropped-LogoTheLYFLabs.png","contentUrl":"https:\/\/thelyflabs.com\/wp-content\/uploads\/2023\/01\/cropped-LogoTheLYFLabs.png","width":600,"height":180,"caption":"The LYF Labs"},"image":{"@id":"https:\/\/thelyflabs.com\/#\/schema\/logo\/image\/"}}]}},"_links":{"self":[{"href":"https:\/\/thelyflabs.com\/pt\/wp-json\/wp\/v2\/product\/17647","targetHints":{"allow":["GET"]}}],"collection":[{"href":"https:\/\/thelyflabs.com\/pt\/wp-json\/wp\/v2\/product"}],"about":[{"href":"https:\/\/thelyflabs.com\/pt\/wp-json\/wp\/v2\/types\/product"}],"replies":[{"embeddable":true,"href":"https:\/\/thelyflabs.com\/pt\/wp-json\/wp\/v2\/comments?post=17647"}],"wp:featuredmedia":[{"embeddable":true,"href":"https:\/\/thelyflabs.com\/pt\/wp-json\/wp\/v2\/media\/17649"}],"wp:attachment":[{"href":"https:\/\/thelyflabs.com\/pt\/wp-json\/wp\/v2\/media?parent=17647"}],"wp:term":[{"taxonomy":"product_brand","embeddable":true,"href":"https:\/\/thelyflabs.com\/pt\/wp-json\/wp\/v2\/product_brand?post=17647"},{"taxonomy":"product_cat","embeddable":true,"href":"https:\/\/thelyflabs.com\/pt\/wp-json\/wp\/v2\/product_cat?post=17647"},{"taxonomy":"product_tag","embeddable":true,"href":"https:\/\/thelyflabs.com\/pt\/wp-json\/wp\/v2\/product_tag?post=17647"}],"curies":[{"name":"wp","href":"https:\/\/api.w.org\/{rel}","templated":true}]}}