{"id":2297,"date":"2023-07-06T15:20:17","date_gmt":"2023-07-06T15:20:17","guid":{"rendered":"https:\/\/thelyflabs.com\/?post_type=product&#038;p=2297"},"modified":"2024-11-26T11:38:03","modified_gmt":"2024-11-26T10:38:03","slug":"pod-desechable-de-nicotina-guava","status":"publish","type":"product","link":"https:\/\/thelyflabs.com\/pt\/product\/pod-desechable-de-nicotina-guava","title":{"rendered":"Eye Vape Pocket \u2013 Goiaba 600 Puffs"},"content":{"rendered":"<h2><strong>Vagem descart\u00e1vel de nicotina Eye vape Pocket Guava<\/strong><\/h2>\n<p>Apresentamos a nova c\u00e1psula de nicotina descart\u00e1vel Eye Vape Pocket sabor Goiaba! Seu sabor de Goiaba ser\u00e1 o mais pr\u00f3ximo que voc\u00ea encontrar\u00e1 da fruta. Seus 600 baforadas fazem dele o acompanhamento perfeito. Vem em 8 sabores diferentes:<\/p>\n<ul style=\"font-weight: 400;\">\n<li>amoras<\/li>\n<li>Gelo De Cereja<\/li>\n<li>Algod\u00e3o doce<\/li>\n<li>Gelo de Uva<\/li>\n<li>Goiaba<\/li>\n<li>Limonada rosa<\/li>\n<li>Energia Morango<\/li>\n<li>Melancia<\/li>\n<\/ul>\n<p>Escolha e comece a desfrutar!<\/p>","protected":false},"excerpt":{"rendered":"<h2>Eye vape Pocket sabor goiaba<\/h2>\n<h2><span style=\"font-size: 16px; font-weight: 400;\">Caracteristicas:<\/span><\/h2>\n<ul>\n<li style=\"font-weight: 400;\">Tamanho: 93x14mm<\/li>\n<li style=\"font-weight: 400;\">Bateria: 400mAh<\/li>\n<li style=\"font-weight: 400;\">Capacidade: 2ml<\/li>\n<li style=\"font-weight: 400;\">Pufes: 600<\/li>\n<li style=\"font-weight: 400;\">Material externo: borracha<\/li>\n<li style=\"font-weight: 400;\">Nicotina: 20 mg\/ml \u2013 2%<\/li>\n<li style=\"font-weight: 400;\">Embalagem: Caixa de tabaco 88x55x23 (pronta para venda)<\/li>\n<\/ul>\n<p>Consulte para grandes quantidades<\/p>","protected":false},"featured_media":2299,"comment_status":"open","ping_status":"closed","template":"","meta":{"_acf_changed":false,"site-sidebar-layout":"default","site-content-layout":"default","ast-site-content-layout":"default","site-content-style":"default","site-sidebar-style":"default","ast-global-header-display":"","ast-banner-title-visibility":"","ast-main-header-display":"","ast-hfb-above-header-display":"","ast-hfb-below-header-display":"","ast-hfb-mobile-header-display":"","site-post-title":"","ast-breadcrumbs-content":"","ast-featured-img":"","footer-sml-layout":"","theme-transparent-header-meta":"default","adv-header-id-meta":"","stick-header-meta":"","header-above-stick-meta":"","header-main-stick-meta":"","header-below-stick-meta":"","astra-migrate-meta-layouts":"default","ast-page-background-enabled":"default","ast-page-background-meta":{"desktop":{"background-color":"var(--ast-global-color-4)","background-image":"","background-repeat":"repeat","background-position":"center center","background-size":"auto","background-attachment":"scroll","background-type":"","background-media":"","overlay-type":"","overlay-color":"","overlay-opacity":"","overlay-gradient":""},"tablet":{"background-color":"","background-image":"","background-repeat":"repeat","background-position":"center center","background-size":"auto","background-attachment":"scroll","background-type":"","background-media":"","overlay-type":"","overlay-color":"","overlay-opacity":"","overlay-gradient":""},"mobile":{"background-color":"","background-image":"","background-repeat":"repeat","background-position":"center center","background-size":"auto","background-attachment":"scroll","background-type":"","background-media":"","overlay-type":"","overlay-color":"","overlay-opacity":"","overlay-gradient":""}},"ast-content-background-meta":{"desktop":{"background-color":"var(--ast-global-color-5)","background-image":"","background-repeat":"repeat","background-position":"center center","background-size":"auto","background-attachment":"scroll","background-type":"","background-media":"","overlay-type":"","overlay-color":"","overlay-opacity":"","overlay-gradient":""},"tablet":{"background-color":"var(--ast-global-color-5)","background-image":"","background-repeat":"repeat","background-position":"center center","background-size":"auto","background-attachment":"scroll","background-type":"","background-media":"","overlay-type":"","overlay-color":"","overlay-opacity":"","overlay-gradient":""},"mobile":{"background-color":"var(--ast-global-color-5)","background-image":"","background-repeat":"repeat","background-position":"center center","background-size":"auto","background-attachment":"scroll","background-type":"","background-media":"","overlay-type":"","overlay-color":"","overlay-opacity":"","overlay-gradient":""}}},"product_brand":[],"product_cat":[73],"product_tag":[],"class_list":{"0":"post-2297","1":"product","2":"type-product","3":"status-publish","4":"has-post-thumbnail","6":"product_cat-pod-desechable-nicotina","7":"desktop-align-center","8":"tablet-align-left","9":"mobile-align-left","11":"first","12":"outofstock","13":"taxable","14":"shipping-taxable","15":"purchasable","16":"product-type-simple"},"acf":[],"yoast_head":"<!-- This site is optimized with the Yoast SEO plugin v27.3 - https:\/\/yoast.com\/product\/yoast-seo-wordpress\/ -->\n<title>Eye Vape Pocket - Guava 600 Puffs - THE LYF LABS<\/title>\n<meta name=\"description\" content=\"Pod desechable con nicotina Eye Vape Pocket Guava. El Eye Vape de nicotina contiene 600 caladas y una tasa de 20mg\/ml.\" \/>\n<meta name=\"robots\" content=\"index, follow, max-snippet:-1, max-image-preview:large, max-video-preview:-1\" \/>\n<link rel=\"canonical\" href=\"https:\/\/thelyflabs.com\/pt\/product\/pod-desechable-de-nicotina-guava\/\" \/>\n<meta property=\"og:locale\" content=\"pt_PT\" \/>\n<meta property=\"og:type\" content=\"article\" \/>\n<meta property=\"og:title\" content=\"Eye Vape Pocket - Guava 600 Puffs - THE LYF LABS\" \/>\n<meta property=\"og:description\" content=\"Pod desechable con nicotina Eye Vape Pocket Guava. El Eye Vape de nicotina contiene 600 caladas y una tasa de 20mg\/ml.\" \/>\n<meta property=\"og:url\" content=\"https:\/\/thelyflabs.com\/pt\/product\/pod-desechable-de-nicotina-guava\/\" \/>\n<meta property=\"og:site_name\" content=\"THE LYF LABS\" \/>\n<meta property=\"article:modified_time\" content=\"2024-11-26T10:38:03+00:00\" \/>\n<meta property=\"og:image\" content=\"https:\/\/thelyflabs.com\/wp-content\/uploads\/2023\/07\/Eyevape-Guava-webp.webp\" \/>\n\t<meta property=\"og:image:width\" content=\"500\" \/>\n\t<meta property=\"og:image:height\" content=\"500\" \/>\n\t<meta property=\"og:image:type\" content=\"image\/webp\" \/>\n<meta name=\"twitter:card\" content=\"summary_large_image\" \/>\n<meta name=\"twitter:label1\" content=\"Tempo estimado de leitura\" \/>\n\t<meta name=\"twitter:data1\" content=\"1 minuto\" \/>\n<script type=\"application\/ld+json\" class=\"yoast-schema-graph\">{\"@context\":\"https:\\\/\\\/schema.org\",\"@graph\":[{\"@type\":\"WebPage\",\"@id\":\"https:\\\/\\\/thelyflabs.com\\\/product\\\/pod-desechable-de-nicotina-guava\",\"url\":\"https:\\\/\\\/thelyflabs.com\\\/product\\\/pod-desechable-de-nicotina-guava\",\"name\":\"Eye Vape Pocket - Guava 600 Puffs - THE LYF LABS\",\"isPartOf\":{\"@id\":\"https:\\\/\\\/thelyflabs.com\\\/#website\"},\"primaryImageOfPage\":{\"@id\":\"https:\\\/\\\/thelyflabs.com\\\/product\\\/pod-desechable-de-nicotina-guava#primaryimage\"},\"image\":{\"@id\":\"https:\\\/\\\/thelyflabs.com\\\/product\\\/pod-desechable-de-nicotina-guava#primaryimage\"},\"thumbnailUrl\":\"https:\\\/\\\/thelyflabs.com\\\/wp-content\\\/uploads\\\/2023\\\/07\\\/Eyevape-Guava-webp.webp\",\"datePublished\":\"2023-07-06T15:20:17+00:00\",\"dateModified\":\"2024-11-26T10:38:03+00:00\",\"description\":\"Pod desechable con nicotina Eye Vape Pocket Guava. El Eye Vape de nicotina contiene 600 caladas y una tasa de 20mg\\\/ml.\",\"breadcrumb\":{\"@id\":\"https:\\\/\\\/thelyflabs.com\\\/product\\\/pod-desechable-de-nicotina-guava#breadcrumb\"},\"inLanguage\":\"pt-PT\",\"potentialAction\":[{\"@type\":\"ReadAction\",\"target\":[\"https:\\\/\\\/thelyflabs.com\\\/product\\\/pod-desechable-de-nicotina-guava\"]}]},{\"@type\":\"ImageObject\",\"inLanguage\":\"pt-PT\",\"@id\":\"https:\\\/\\\/thelyflabs.com\\\/product\\\/pod-desechable-de-nicotina-guava#primaryimage\",\"url\":\"https:\\\/\\\/thelyflabs.com\\\/wp-content\\\/uploads\\\/2023\\\/07\\\/Eyevape-Guava-webp.webp\",\"contentUrl\":\"https:\\\/\\\/thelyflabs.com\\\/wp-content\\\/uploads\\\/2023\\\/07\\\/Eyevape-Guava-webp.webp\",\"width\":500,\"height\":500,\"caption\":\"vapeador nicotina al por mayor\"},{\"@type\":\"BreadcrumbList\",\"@id\":\"https:\\\/\\\/thelyflabs.com\\\/product\\\/pod-desechable-de-nicotina-guava#breadcrumb\",\"itemListElement\":[{\"@type\":\"ListItem\",\"position\":1,\"name\":\"Portada\",\"item\":\"https:\\\/\\\/thelyflabs.com\\\/\"},{\"@type\":\"ListItem\",\"position\":2,\"name\":\"Tienda\",\"item\":\"https:\\\/\\\/thelyflabs.com\\\/tienda\"},{\"@type\":\"ListItem\",\"position\":3,\"name\":\"Eye Vape Pocket &#8211; Guava 600 Puffs\"}]},{\"@type\":\"WebSite\",\"@id\":\"https:\\\/\\\/thelyflabs.com\\\/#website\",\"url\":\"https:\\\/\\\/thelyflabs.com\\\/\",\"name\":\"The LYF Labs\",\"description\":\"CBD al por mayor\",\"publisher\":{\"@id\":\"https:\\\/\\\/thelyflabs.com\\\/#organization\"},\"potentialAction\":[{\"@type\":\"SearchAction\",\"target\":{\"@type\":\"EntryPoint\",\"urlTemplate\":\"https:\\\/\\\/thelyflabs.com\\\/?s={search_term_string}\"},\"query-input\":{\"@type\":\"PropertyValueSpecification\",\"valueRequired\":true,\"valueName\":\"search_term_string\"}}],\"inLanguage\":\"pt-PT\"},{\"@type\":\"Organization\",\"@id\":\"https:\\\/\\\/thelyflabs.com\\\/#organization\",\"name\":\"The LYF Labs\",\"url\":\"https:\\\/\\\/thelyflabs.com\\\/\",\"logo\":{\"@type\":\"ImageObject\",\"inLanguage\":\"pt-PT\",\"@id\":\"https:\\\/\\\/thelyflabs.com\\\/#\\\/schema\\\/logo\\\/image\\\/\",\"url\":\"https:\\\/\\\/thelyflabs.com\\\/wp-content\\\/uploads\\\/2023\\\/01\\\/cropped-LogoTheLYFLabs.png\",\"contentUrl\":\"https:\\\/\\\/thelyflabs.com\\\/wp-content\\\/uploads\\\/2023\\\/01\\\/cropped-LogoTheLYFLabs.png\",\"width\":600,\"height\":180,\"caption\":\"The LYF Labs\"},\"image\":{\"@id\":\"https:\\\/\\\/thelyflabs.com\\\/#\\\/schema\\\/logo\\\/image\\\/\"}}]}<\/script>\n<!-- \/ Yoast SEO plugin. -->","yoast_head_json":{"title":"Eye Vape Pocket - Guava 600 Puffs - THE LYF LABS","description":"Pod desechable con nicotina Eye Vape Pocket Guava. El Eye Vape de nicotina contiene 600 caladas y una tasa de 20mg\/ml.","robots":{"index":"index","follow":"follow","max-snippet":"max-snippet:-1","max-image-preview":"max-image-preview:large","max-video-preview":"max-video-preview:-1"},"canonical":"https:\/\/thelyflabs.com\/pt\/product\/pod-desechable-de-nicotina-guava\/","og_locale":"pt_PT","og_type":"article","og_title":"Eye Vape Pocket - Guava 600 Puffs - THE LYF LABS","og_description":"Pod desechable con nicotina Eye Vape Pocket Guava. El Eye Vape de nicotina contiene 600 caladas y una tasa de 20mg\/ml.","og_url":"https:\/\/thelyflabs.com\/pt\/product\/pod-desechable-de-nicotina-guava\/","og_site_name":"THE LYF LABS","article_modified_time":"2024-11-26T10:38:03+00:00","og_image":[{"width":500,"height":500,"url":"https:\/\/thelyflabs.com\/wp-content\/uploads\/2023\/07\/Eyevape-Guava-webp.webp","type":"image\/webp"}],"twitter_card":"summary_large_image","twitter_misc":{"Tempo estimado de leitura":"1 minuto"},"schema":{"@context":"https:\/\/schema.org","@graph":[{"@type":"WebPage","@id":"https:\/\/thelyflabs.com\/product\/pod-desechable-de-nicotina-guava","url":"https:\/\/thelyflabs.com\/product\/pod-desechable-de-nicotina-guava","name":"Eye Vape Pocket - Guava 600 Puffs - THE LYF LABS","isPartOf":{"@id":"https:\/\/thelyflabs.com\/#website"},"primaryImageOfPage":{"@id":"https:\/\/thelyflabs.com\/product\/pod-desechable-de-nicotina-guava#primaryimage"},"image":{"@id":"https:\/\/thelyflabs.com\/product\/pod-desechable-de-nicotina-guava#primaryimage"},"thumbnailUrl":"https:\/\/thelyflabs.com\/wp-content\/uploads\/2023\/07\/Eyevape-Guava-webp.webp","datePublished":"2023-07-06T15:20:17+00:00","dateModified":"2024-11-26T10:38:03+00:00","description":"Pod desechable con nicotina Eye Vape Pocket Guava. El Eye Vape de nicotina contiene 600 caladas y una tasa de 20mg\/ml.","breadcrumb":{"@id":"https:\/\/thelyflabs.com\/product\/pod-desechable-de-nicotina-guava#breadcrumb"},"inLanguage":"pt-PT","potentialAction":[{"@type":"ReadAction","target":["https:\/\/thelyflabs.com\/product\/pod-desechable-de-nicotina-guava"]}]},{"@type":"ImageObject","inLanguage":"pt-PT","@id":"https:\/\/thelyflabs.com\/product\/pod-desechable-de-nicotina-guava#primaryimage","url":"https:\/\/thelyflabs.com\/wp-content\/uploads\/2023\/07\/Eyevape-Guava-webp.webp","contentUrl":"https:\/\/thelyflabs.com\/wp-content\/uploads\/2023\/07\/Eyevape-Guava-webp.webp","width":500,"height":500,"caption":"vapeador nicotina al por mayor"},{"@type":"BreadcrumbList","@id":"https:\/\/thelyflabs.com\/product\/pod-desechable-de-nicotina-guava#breadcrumb","itemListElement":[{"@type":"ListItem","position":1,"name":"Portada","item":"https:\/\/thelyflabs.com\/"},{"@type":"ListItem","position":2,"name":"Tienda","item":"https:\/\/thelyflabs.com\/tienda"},{"@type":"ListItem","position":3,"name":"Eye Vape Pocket &#8211; Guava 600 Puffs"}]},{"@type":"WebSite","@id":"https:\/\/thelyflabs.com\/#website","url":"https:\/\/thelyflabs.com\/","name":"Os Laborat\u00f3rios LYF","description":"CBD atacado","publisher":{"@id":"https:\/\/thelyflabs.com\/#organization"},"potentialAction":[{"@type":"SearchAction","target":{"@type":"EntryPoint","urlTemplate":"https:\/\/thelyflabs.com\/?s={search_term_string}"},"query-input":{"@type":"PropertyValueSpecification","valueRequired":true,"valueName":"search_term_string"}}],"inLanguage":"pt-PT"},{"@type":"Organization","@id":"https:\/\/thelyflabs.com\/#organization","name":"Os Laborat\u00f3rios LYF","url":"https:\/\/thelyflabs.com\/","logo":{"@type":"ImageObject","inLanguage":"pt-PT","@id":"https:\/\/thelyflabs.com\/#\/schema\/logo\/image\/","url":"https:\/\/thelyflabs.com\/wp-content\/uploads\/2023\/01\/cropped-LogoTheLYFLabs.png","contentUrl":"https:\/\/thelyflabs.com\/wp-content\/uploads\/2023\/01\/cropped-LogoTheLYFLabs.png","width":600,"height":180,"caption":"The LYF Labs"},"image":{"@id":"https:\/\/thelyflabs.com\/#\/schema\/logo\/image\/"}}]}},"_links":{"self":[{"href":"https:\/\/thelyflabs.com\/pt\/wp-json\/wp\/v2\/product\/2297","targetHints":{"allow":["GET"]}}],"collection":[{"href":"https:\/\/thelyflabs.com\/pt\/wp-json\/wp\/v2\/product"}],"about":[{"href":"https:\/\/thelyflabs.com\/pt\/wp-json\/wp\/v2\/types\/product"}],"replies":[{"embeddable":true,"href":"https:\/\/thelyflabs.com\/pt\/wp-json\/wp\/v2\/comments?post=2297"}],"wp:featuredmedia":[{"embeddable":true,"href":"https:\/\/thelyflabs.com\/pt\/wp-json\/wp\/v2\/media\/2299"}],"wp:attachment":[{"href":"https:\/\/thelyflabs.com\/pt\/wp-json\/wp\/v2\/media?parent=2297"}],"wp:term":[{"taxonomy":"product_brand","embeddable":true,"href":"https:\/\/thelyflabs.com\/pt\/wp-json\/wp\/v2\/product_brand?post=2297"},{"taxonomy":"product_cat","embeddable":true,"href":"https:\/\/thelyflabs.com\/pt\/wp-json\/wp\/v2\/product_cat?post=2297"},{"taxonomy":"product_tag","embeddable":true,"href":"https:\/\/thelyflabs.com\/pt\/wp-json\/wp\/v2\/product_tag?post=2297"}],"curies":[{"name":"wp","href":"https:\/\/api.w.org\/{rel}","templated":true}]}}