{"id":2515,"date":"2023-08-04T11:46:42","date_gmt":"2023-08-04T11:46:42","guid":{"rendered":"https:\/\/thelyflabs.com\/?post_type=product&#038;p=2515"},"modified":"2026-04-01T10:30:16","modified_gmt":"2026-04-01T08:30:16","slug":"hash-cbd-50-caramel","status":"publish","type":"product","link":"https:\/\/thelyflabs.com\/pt\/product\/hash-cbd-50-caramel","title":{"rendered":"Caramelo Hash CBD 50%"},"content":{"rendered":"<h1><span style=\"font-weight: 400\">Caramel Hash 50% CBD: um bom come\u00e7o\u00a0\u00a0<\/span><\/h1>\n<p><span style=\"font-weight: 400\">Se voc\u00ea deseja explorar as maravilhas do haxixe CBD,<strong> Caramelo Hash CBD 50%<\/strong> \u00c9 uma escolha que n\u00e3o ir\u00e1 decepcionar. Este produto combina qualidade excepcional com um aroma sutil e agrad\u00e1vel, tornando-o uma op\u00e7\u00e3o ideal para quem deseja desfrutar da sua composi\u00e7\u00e3o de CBD 50%.<\/span><span style=\"font-size: 16px;font-weight: 400\">. <\/span><\/p>\n<p><span style=\"font-size: 16px;font-weight: 400\">Sua combina\u00e7\u00e3o de pureza, pot\u00eancia e um aroma deliciosamente atraente a torna a escolha perfeita para quem deseja<\/span><strong style=\"font-size: 16px\"> comprar haxixe barato online<\/strong><span style=\"font-size: 16px;font-weight: 400\"> Com a garantia de obter o melhor, n\u00e3o hesite em comprar Hash CBD Caramel 50%.<\/span><\/p>\n<p>&nbsp;<\/p>\n<h2>Caracter\u00edsticas do Caramel Hash 50% CBD:<\/h2>\n<ul>\n<li><span style=\"font-size: 16px;font-weight: 400\"><strong>Apar\u00eancia e textura:<\/strong> \u00c0 primeira vista, o Caramel Hash CBD 50% impressiona-nos com a sua <strong>textura \u00fanica, firme e resinosa<\/strong>Isso reflete a qualidade superior do nosso haxixe e o cuidadoso processo de produ\u00e7\u00e3o. Sua cor e consist\u00eancia se destacam no mercado de resina de CBD, posicionando-o como um produto de alta qualidade. <strong>alternativa de qualidade superior<\/strong> em compara\u00e7\u00e3o com outras op\u00e7\u00f5es.\u00a0<\/span><\/li>\n<li><span style=\"font-size: 16px;font-weight: 400\"><strong>Aroma e sabor:<\/strong> Ao contr\u00e1rio de outros produtos de haxixe, o <strong>Hash de Caramelo CBD<\/strong> oferece um<strong> perfil olfativo sutil<\/strong> mas agrad\u00e1vel, o que a torna uma de suas caracter\u00edsticas mais atraentes, perfeita para quem busca experi\u00eancias sensoriais com <strong>notas mais delicadas.<\/strong><\/span><\/li>\n<li><span style=\"font-size: 16px;font-weight: 400\"><strong>Origem e Pureza:<\/strong> \u00c9 fruto de uma sele\u00e7\u00e3o criteriosa das melhores mat\u00e9rias-primas, garantindo assim sua pureza e resist\u00eancia. Essa aten\u00e7\u00e3o aos detalhes assegura um produto de alta qualidade, essencial para quem busca... <strong>CBD barato<\/strong> mas eles n\u00e3o querem comprometer a qualidade de <strong>Hash CBD Caramelo 50%.<\/strong><\/span><\/li>\n<\/ul>\n<p>&nbsp;<\/p>\n<section class=\"product-description\">\n<h2>Qualidade e seguran\u00e7a<\/h2>\n<p>Em <strong>Os Laborat\u00f3rios Lyf<\/strong>, garantimos que cada lote de <span style=\"font-size: 16px;font-weight: 400\"><strong>Hash de Caramelo CBD<\/strong><\/span>\u00a0O produto passa por rigorosas an\u00e1lises laboratoriais para confirmar sua pureza, aus\u00eancia de pesticidas e n\u00edveis legais de THC (inferiores a 0,31% TP3T). Nosso compromisso com a qualidade e a seguran\u00e7a nos permite oferecer um produto confi\u00e1vel, adequado a todos os usu\u00e1rios que valorizam a legalidade e a excel\u00eancia no consumo.<\/p>\n<p>&nbsp;<\/p>\n<p><span style=\"font-size: 1.7em;font-weight: bold\">Por que comprar Hash CBD da The Lyf Labs?<\/span><\/p>\n<\/section>\n<section class=\"product-description\">\n<ul>\n<li>Produto 100% legal na Uni\u00e3o Europeia, em conformidade com a regulamenta\u00e7\u00e3o vigente sobre THC.<\/li>\n<li>Natural, sem agrot\u00f3xicos ou aditivos qu\u00edmicos, garantindo um consumo seguro e saud\u00e1vel.<\/li>\n<li>Testado em laborat\u00f3rios certificados para garantir m\u00e1xima pureza e qualidade.<\/li>\n<li>Entrega r\u00e1pida e servi\u00e7o profissional acompanham cada compra.<\/li>\n<li>Compra segura e suporte especializado para tirar qualquer d\u00favida.<\/li>\n<\/ul>\n<p>A Lyf Labs est\u00e1 comprometida em oferecer produtos que combinam tradi\u00e7\u00e3o, inova\u00e7\u00e3o e a mais alta qualidade. Ele <span style=\"font-size: 16px;font-weight: 400\"><strong>Hash de Caramelo CBD<\/strong><\/span>\u00a0\u00c9 uma excelente escolha para quem busca um haxixe artesanal com um perfil moderno e uma experi\u00eancia de uso \u00fanica. Confie em n\u00f3s para adicionar \u00e0 sua cole\u00e7\u00e3o ou cat\u00e1logo um produto que se destaque pela autenticidade, sabor e confiabilidade.<\/p>\n<p>&nbsp;<\/p>\n<p><span style=\"font-size: 1.7em;font-weight: bold\">O Lyf Labs \u00e9 de qualidade<\/span><\/p>\n<\/section>\n<p>O Lyf Labs representa excel\u00eancia no mercado atacadista de canabinoides, oferecendo produtos inovadores, seguros e de alta pureza para lojas especializadas e distribuidores. Nosso foco \u00e9 atender \u00e0s necessidades de um setor profissional que busca qualidade consistente, rastreabilidade e pre\u00e7os competitivos. Se voc\u00ea est\u00e1 procurando um fornecedor confi\u00e1vel e inovador, o Lyf Labs \u00e9 um parceiro estrat\u00e9gico para o crescimento no mercado de c\u00e2nhamo.<\/p>","protected":false},"excerpt":{"rendered":"<p><span style=\"font-weight: 400\">O Caramel Hash CBD 50% da Iguana Smoke destaca-se pelo seu aroma e textura firme e resinosa. Isso o torna a escolha perfeita para iniciantes no mundo do haxixe.<\/span><\/p>\n<ul>\n<li>CBD: 50% \/ THC: &lt;0,3%<\/li>\n<li>Aroma forte com tons doces<\/li>\n<li>100% legal na Europa<\/li>\n<\/ul>\n<p>An\u00e1lise de qualidade: clique\u00a0<a href=\"https:\/\/iguanasmoke.com\/analiticas\/\" target=\"_blank\" rel=\"noopener\">aqui<\/a><\/p>","protected":false},"featured_media":17506,"comment_status":"open","ping_status":"closed","template":"","meta":{"_acf_changed":false,"site-sidebar-layout":"default","site-content-layout":"default","ast-site-content-layout":"default","site-content-style":"default","site-sidebar-style":"default","ast-global-header-display":"","ast-banner-title-visibility":"","ast-main-header-display":"","ast-hfb-above-header-display":"","ast-hfb-below-header-display":"","ast-hfb-mobile-header-display":"","site-post-title":"","ast-breadcrumbs-content":"","ast-featured-img":"","footer-sml-layout":"","theme-transparent-header-meta":"default","adv-header-id-meta":"","stick-header-meta":"","header-above-stick-meta":"","header-main-stick-meta":"","header-below-stick-meta":"","astra-migrate-meta-layouts":"set","ast-page-background-enabled":"default","ast-page-background-meta":{"desktop":{"background-color":"var(--ast-global-color-4)","background-image":"","background-repeat":"repeat","background-position":"center center","background-size":"auto","background-attachment":"scroll","background-type":"","background-media":"","overlay-type":"","overlay-color":"","overlay-opacity":"","overlay-gradient":""},"tablet":{"background-color":"","background-image":"","background-repeat":"repeat","background-position":"center center","background-size":"auto","background-attachment":"scroll","background-type":"","background-media":"","overlay-type":"","overlay-color":"","overlay-opacity":"","overlay-gradient":""},"mobile":{"background-color":"","background-image":"","background-repeat":"repeat","background-position":"center center","background-size":"auto","background-attachment":"scroll","background-type":"","background-media":"","overlay-type":"","overlay-color":"","overlay-opacity":"","overlay-gradient":""}},"ast-content-background-meta":{"desktop":{"background-color":"var(--ast-global-color-5)","background-image":"","background-repeat":"repeat","background-position":"center center","background-size":"auto","background-attachment":"scroll","background-type":"","background-media":"","overlay-type":"","overlay-color":"","overlay-opacity":"","overlay-gradient":""},"tablet":{"background-color":"var(--ast-global-color-5)","background-image":"","background-repeat":"repeat","background-position":"center center","background-size":"auto","background-attachment":"scroll","background-type":"","background-media":"","overlay-type":"","overlay-color":"","overlay-opacity":"","overlay-gradient":""},"mobile":{"background-color":"var(--ast-global-color-5)","background-image":"","background-repeat":"repeat","background-position":"center center","background-size":"auto","background-attachment":"scroll","background-type":"","background-media":"","overlay-type":"","overlay-color":"","overlay-opacity":"","overlay-gradient":""}}},"product_brand":[],"product_cat":[40,66,86],"product_tag":[],"class_list":{"0":"post-2515","1":"product","2":"type-product","3":"status-publish","4":"has-post-thumbnail","6":"product_cat-iguanasmoke","7":"product_cat-resinas","8":"product_cat-resinas-cbd","9":"desktop-align-center","10":"tablet-align-left","11":"mobile-align-left","13":"first","14":"instock","15":"taxable","16":"shipping-taxable","17":"purchasable","18":"product-type-variable"},"acf":[],"yoast_head":"<!-- This site is optimized with the Yoast SEO plugin v27.3 - https:\/\/yoast.com\/product\/yoast-seo-wordpress\/ -->\n<title>Caramel Hash CBD 50% - THE LYF LABS<\/title>\n<meta name=\"description\" content=\"Caramel Hash CBD 50% y Flores CBD al por mayor. Calidad y precio para tiendas. Iguana Smoke por mayor.\" \/>\n<meta name=\"robots\" content=\"index, follow, max-snippet:-1, max-image-preview:large, max-video-preview:-1\" \/>\n<link rel=\"canonical\" href=\"https:\/\/thelyflabs.com\/pt\/product\/hash-cbd-50-caramel\/\" \/>\n<meta property=\"og:locale\" content=\"pt_PT\" \/>\n<meta property=\"og:type\" content=\"article\" \/>\n<meta property=\"og:title\" content=\"Caramel Hash CBD 50% - THE LYF LABS\" \/>\n<meta property=\"og:description\" content=\"Caramel Hash CBD 50% y Flores CBD al por mayor. Calidad y precio para tiendas. Iguana Smoke por mayor.\" \/>\n<meta property=\"og:url\" content=\"https:\/\/thelyflabs.com\/pt\/product\/hash-cbd-50-caramel\/\" \/>\n<meta property=\"og:site_name\" content=\"THE LYF LABS\" \/>\n<meta property=\"article:modified_time\" content=\"2026-04-01T08:30:16+00:00\" \/>\n<meta property=\"og:image\" content=\"https:\/\/thelyflabs.com\/wp-content\/uploads\/2023\/08\/Caramel-2-con-hash.webp\" \/>\n\t<meta property=\"og:image:width\" content=\"1000\" \/>\n\t<meta property=\"og:image:height\" content=\"1000\" \/>\n\t<meta property=\"og:image:type\" content=\"image\/webp\" \/>\n<meta name=\"twitter:card\" content=\"summary_large_image\" \/>\n<meta name=\"twitter:label1\" content=\"Tempo estimado de leitura\" \/>\n\t<meta name=\"twitter:data1\" content=\"3 minutos\" \/>\n<script type=\"application\/ld+json\" class=\"yoast-schema-graph\">{\"@context\":\"https:\\\/\\\/schema.org\",\"@graph\":[{\"@type\":\"WebPage\",\"@id\":\"https:\\\/\\\/thelyflabs.com\\\/product\\\/hash-cbd-50-caramel\",\"url\":\"https:\\\/\\\/thelyflabs.com\\\/product\\\/hash-cbd-50-caramel\",\"name\":\"Caramel Hash CBD 50% - THE LYF LABS\",\"isPartOf\":{\"@id\":\"https:\\\/\\\/thelyflabs.com\\\/#website\"},\"primaryImageOfPage\":{\"@id\":\"https:\\\/\\\/thelyflabs.com\\\/product\\\/hash-cbd-50-caramel#primaryimage\"},\"image\":{\"@id\":\"https:\\\/\\\/thelyflabs.com\\\/product\\\/hash-cbd-50-caramel#primaryimage\"},\"thumbnailUrl\":\"https:\\\/\\\/thelyflabs.com\\\/wp-content\\\/uploads\\\/2023\\\/08\\\/Caramel-2-con-hash.webp\",\"datePublished\":\"2023-08-04T11:46:42+00:00\",\"dateModified\":\"2026-04-01T08:30:16+00:00\",\"description\":\"Caramel Hash CBD 50% y Flores CBD al por mayor. Calidad y precio para tiendas. Iguana Smoke por mayor.\",\"breadcrumb\":{\"@id\":\"https:\\\/\\\/thelyflabs.com\\\/product\\\/hash-cbd-50-caramel#breadcrumb\"},\"inLanguage\":\"pt-PT\",\"potentialAction\":[{\"@type\":\"ReadAction\",\"target\":[\"https:\\\/\\\/thelyflabs.com\\\/product\\\/hash-cbd-50-caramel\"]}]},{\"@type\":\"ImageObject\",\"inLanguage\":\"pt-PT\",\"@id\":\"https:\\\/\\\/thelyflabs.com\\\/product\\\/hash-cbd-50-caramel#primaryimage\",\"url\":\"https:\\\/\\\/thelyflabs.com\\\/wp-content\\\/uploads\\\/2023\\\/08\\\/Caramel-2-con-hash.webp\",\"contentUrl\":\"https:\\\/\\\/thelyflabs.com\\\/wp-content\\\/uploads\\\/2023\\\/08\\\/Caramel-2-con-hash.webp\",\"width\":1000,\"height\":1000,\"caption\":\"Hash CBD Caramel 2g\"},{\"@type\":\"BreadcrumbList\",\"@id\":\"https:\\\/\\\/thelyflabs.com\\\/product\\\/hash-cbd-50-caramel#breadcrumb\",\"itemListElement\":[{\"@type\":\"ListItem\",\"position\":1,\"name\":\"Portada\",\"item\":\"https:\\\/\\\/thelyflabs.com\\\/\"},{\"@type\":\"ListItem\",\"position\":2,\"name\":\"Tienda\",\"item\":\"https:\\\/\\\/thelyflabs.com\\\/tienda\"},{\"@type\":\"ListItem\",\"position\":3,\"name\":\"Caramel Hash CBD 50%\"}]},{\"@type\":\"WebSite\",\"@id\":\"https:\\\/\\\/thelyflabs.com\\\/#website\",\"url\":\"https:\\\/\\\/thelyflabs.com\\\/\",\"name\":\"The LYF Labs\",\"description\":\"CBD al por mayor\",\"publisher\":{\"@id\":\"https:\\\/\\\/thelyflabs.com\\\/#organization\"},\"potentialAction\":[{\"@type\":\"SearchAction\",\"target\":{\"@type\":\"EntryPoint\",\"urlTemplate\":\"https:\\\/\\\/thelyflabs.com\\\/?s={search_term_string}\"},\"query-input\":{\"@type\":\"PropertyValueSpecification\",\"valueRequired\":true,\"valueName\":\"search_term_string\"}}],\"inLanguage\":\"pt-PT\"},{\"@type\":\"Organization\",\"@id\":\"https:\\\/\\\/thelyflabs.com\\\/#organization\",\"name\":\"The LYF Labs\",\"url\":\"https:\\\/\\\/thelyflabs.com\\\/\",\"logo\":{\"@type\":\"ImageObject\",\"inLanguage\":\"pt-PT\",\"@id\":\"https:\\\/\\\/thelyflabs.com\\\/#\\\/schema\\\/logo\\\/image\\\/\",\"url\":\"https:\\\/\\\/thelyflabs.com\\\/wp-content\\\/uploads\\\/2023\\\/01\\\/cropped-LogoTheLYFLabs.png\",\"contentUrl\":\"https:\\\/\\\/thelyflabs.com\\\/wp-content\\\/uploads\\\/2023\\\/01\\\/cropped-LogoTheLYFLabs.png\",\"width\":600,\"height\":180,\"caption\":\"The LYF Labs\"},\"image\":{\"@id\":\"https:\\\/\\\/thelyflabs.com\\\/#\\\/schema\\\/logo\\\/image\\\/\"}}]}<\/script>\n<!-- \/ Yoast SEO plugin. -->","yoast_head_json":{"title":"Caramel Hash CBD 50% - THE LYF LABS","description":"Caramel Hash CBD 50% e flores de CBD no atacado. Qualidade e pre\u00e7o para varejistas. Fuma\u00e7a de Iguana no atacado.","robots":{"index":"index","follow":"follow","max-snippet":"max-snippet:-1","max-image-preview":"max-image-preview:large","max-video-preview":"max-video-preview:-1"},"canonical":"https:\/\/thelyflabs.com\/pt\/product\/hash-cbd-50-caramel\/","og_locale":"pt_PT","og_type":"article","og_title":"Caramel Hash CBD 50% - THE LYF LABS","og_description":"Caramel Hash CBD 50% y Flores CBD al por mayor. Calidad y precio para tiendas. Iguana Smoke por mayor.","og_url":"https:\/\/thelyflabs.com\/pt\/product\/hash-cbd-50-caramel\/","og_site_name":"THE LYF LABS","article_modified_time":"2026-04-01T08:30:16+00:00","og_image":[{"width":1000,"height":1000,"url":"https:\/\/thelyflabs.com\/wp-content\/uploads\/2023\/08\/Caramel-2-con-hash.webp","type":"image\/webp"}],"twitter_card":"summary_large_image","twitter_misc":{"Tempo estimado de leitura":"3 minutos"},"schema":{"@context":"https:\/\/schema.org","@graph":[{"@type":"WebPage","@id":"https:\/\/thelyflabs.com\/product\/hash-cbd-50-caramel","url":"https:\/\/thelyflabs.com\/product\/hash-cbd-50-caramel","name":"Caramel Hash CBD 50% - THE LYF LABS","isPartOf":{"@id":"https:\/\/thelyflabs.com\/#website"},"primaryImageOfPage":{"@id":"https:\/\/thelyflabs.com\/product\/hash-cbd-50-caramel#primaryimage"},"image":{"@id":"https:\/\/thelyflabs.com\/product\/hash-cbd-50-caramel#primaryimage"},"thumbnailUrl":"https:\/\/thelyflabs.com\/wp-content\/uploads\/2023\/08\/Caramel-2-con-hash.webp","datePublished":"2023-08-04T11:46:42+00:00","dateModified":"2026-04-01T08:30:16+00:00","description":"Caramel Hash CBD 50% e flores de CBD no atacado. Qualidade e pre\u00e7o para varejistas. Fuma\u00e7a de Iguana no atacado.","breadcrumb":{"@id":"https:\/\/thelyflabs.com\/product\/hash-cbd-50-caramel#breadcrumb"},"inLanguage":"pt-PT","potentialAction":[{"@type":"ReadAction","target":["https:\/\/thelyflabs.com\/product\/hash-cbd-50-caramel"]}]},{"@type":"ImageObject","inLanguage":"pt-PT","@id":"https:\/\/thelyflabs.com\/product\/hash-cbd-50-caramel#primaryimage","url":"https:\/\/thelyflabs.com\/wp-content\/uploads\/2023\/08\/Caramel-2-con-hash.webp","contentUrl":"https:\/\/thelyflabs.com\/wp-content\/uploads\/2023\/08\/Caramel-2-con-hash.webp","width":1000,"height":1000,"caption":"Hash CBD Caramel 2g"},{"@type":"BreadcrumbList","@id":"https:\/\/thelyflabs.com\/product\/hash-cbd-50-caramel#breadcrumb","itemListElement":[{"@type":"ListItem","position":1,"name":"Portada","item":"https:\/\/thelyflabs.com\/"},{"@type":"ListItem","position":2,"name":"Tienda","item":"https:\/\/thelyflabs.com\/tienda"},{"@type":"ListItem","position":3,"name":"Caramel Hash CBD 50%"}]},{"@type":"WebSite","@id":"https:\/\/thelyflabs.com\/#website","url":"https:\/\/thelyflabs.com\/","name":"Os Laborat\u00f3rios LYF","description":"CBD atacado","publisher":{"@id":"https:\/\/thelyflabs.com\/#organization"},"potentialAction":[{"@type":"SearchAction","target":{"@type":"EntryPoint","urlTemplate":"https:\/\/thelyflabs.com\/?s={search_term_string}"},"query-input":{"@type":"PropertyValueSpecification","valueRequired":true,"valueName":"search_term_string"}}],"inLanguage":"pt-PT"},{"@type":"Organization","@id":"https:\/\/thelyflabs.com\/#organization","name":"Os Laborat\u00f3rios LYF","url":"https:\/\/thelyflabs.com\/","logo":{"@type":"ImageObject","inLanguage":"pt-PT","@id":"https:\/\/thelyflabs.com\/#\/schema\/logo\/image\/","url":"https:\/\/thelyflabs.com\/wp-content\/uploads\/2023\/01\/cropped-LogoTheLYFLabs.png","contentUrl":"https:\/\/thelyflabs.com\/wp-content\/uploads\/2023\/01\/cropped-LogoTheLYFLabs.png","width":600,"height":180,"caption":"The LYF Labs"},"image":{"@id":"https:\/\/thelyflabs.com\/#\/schema\/logo\/image\/"}}]}},"_links":{"self":[{"href":"https:\/\/thelyflabs.com\/pt\/wp-json\/wp\/v2\/product\/2515","targetHints":{"allow":["GET"]}}],"collection":[{"href":"https:\/\/thelyflabs.com\/pt\/wp-json\/wp\/v2\/product"}],"about":[{"href":"https:\/\/thelyflabs.com\/pt\/wp-json\/wp\/v2\/types\/product"}],"replies":[{"embeddable":true,"href":"https:\/\/thelyflabs.com\/pt\/wp-json\/wp\/v2\/comments?post=2515"}],"wp:featuredmedia":[{"embeddable":true,"href":"https:\/\/thelyflabs.com\/pt\/wp-json\/wp\/v2\/media\/17506"}],"wp:attachment":[{"href":"https:\/\/thelyflabs.com\/pt\/wp-json\/wp\/v2\/media?parent=2515"}],"wp:term":[{"taxonomy":"product_brand","embeddable":true,"href":"https:\/\/thelyflabs.com\/pt\/wp-json\/wp\/v2\/product_brand?post=2515"},{"taxonomy":"product_cat","embeddable":true,"href":"https:\/\/thelyflabs.com\/pt\/wp-json\/wp\/v2\/product_cat?post=2515"},{"taxonomy":"product_tag","embeddable":true,"href":"https:\/\/thelyflabs.com\/pt\/wp-json\/wp\/v2\/product_tag?post=2515"}],"curies":[{"name":"wp","href":"https:\/\/api.w.org\/{rel}","templated":true}]}}