{"id":2883,"date":"2023-09-07T16:35:30","date_gmt":"2023-09-07T16:35:30","guid":{"rendered":"https:\/\/thelyflabs.com\/?post_type=product&#038;p=2883"},"modified":"2026-03-13T15:22:12","modified_gmt":"2026-03-13T14:22:12","slug":"papel-de-liar-de-canamo-king-size-con-filtros-x26-unidades","status":"publish","type":"product","link":"https:\/\/thelyflabs.com\/pt\/product\/papel-de-liar-de-canamo-king-size-con-filtros-x26-unidades","title":{"rendered":"Papel de enrolar de c\u00e2nhamo tamanho King Size com filtros x 26 unidades"},"content":{"rendered":"<h1>Mortalhas de c\u00e2nhamo King Size com filtros<\/h1>\n<p>O papel para enrolar Iguana Smoke King Size cont\u00e9m 32 folhas e 32 filtros.<\/p>\n<h3>POR QUE A IGUANA FUMA?<\/h3>\n<p>Iguana Smoke \u00e9 sin\u00f4nimo de qualidade; uma marca atraente que se conecta com as novas gera\u00e7\u00f5es de consumidores de CBD que procuram um produto seguro, confi\u00e1vel e acess\u00edvel, que tenha todas as caracter\u00edsticas para se posicionar com sucesso no florescente mercado de CBD. Se voc\u00ea tiver alguma d\u00favida, entre em contato conosco e teremos prazer em ajud\u00e1-lo.<\/p>\n<p>Compre flores CBD ao melhor pre\u00e7o no nosso site e descubra toda a nossa linha de produtos derivados do c\u00e2nhamo que temos \u00e0 sua disposi\u00e7\u00e3o.<\/p>\n<p>&nbsp;<\/p>\n<p>&nbsp;<\/p>\n<p>&nbsp;<\/p>","protected":false},"excerpt":{"rendered":"<ul>\n<li>Mortalhas de c\u00e2nhamo natural<\/li>\n<li>Tamanho King<\/li>\n<li>combust\u00e3o lenta<\/li>\n<li>32 pap\u00e9is e 32 filtros de papel\u00e3o<\/li>\n<li>Borracha natural<\/li>\n<li>Sem corantes<\/li>\n<\/ul>","protected":false},"featured_media":17261,"comment_status":"closed","ping_status":"closed","template":"","meta":{"_acf_changed":false,"site-sidebar-layout":"default","site-content-layout":"default","ast-site-content-layout":"default","site-content-style":"default","site-sidebar-style":"default","ast-global-header-display":"","ast-banner-title-visibility":"","ast-main-header-display":"","ast-hfb-above-header-display":"","ast-hfb-below-header-display":"","ast-hfb-mobile-header-display":"","site-post-title":"","ast-breadcrumbs-content":"","ast-featured-img":"","footer-sml-layout":"","theme-transparent-header-meta":"default","adv-header-id-meta":"","stick-header-meta":"","header-above-stick-meta":"","header-main-stick-meta":"","header-below-stick-meta":"","astra-migrate-meta-layouts":"set","ast-page-background-enabled":"default","ast-page-background-meta":{"desktop":{"background-color":"var(--ast-global-color-4)","background-image":"","background-repeat":"repeat","background-position":"center center","background-size":"auto","background-attachment":"scroll","background-type":"","background-media":"","overlay-type":"","overlay-color":"","overlay-opacity":"","overlay-gradient":""},"tablet":{"background-color":"","background-image":"","background-repeat":"repeat","background-position":"center center","background-size":"auto","background-attachment":"scroll","background-type":"","background-media":"","overlay-type":"","overlay-color":"","overlay-opacity":"","overlay-gradient":""},"mobile":{"background-color":"","background-image":"","background-repeat":"repeat","background-position":"center center","background-size":"auto","background-attachment":"scroll","background-type":"","background-media":"","overlay-type":"","overlay-color":"","overlay-opacity":"","overlay-gradient":""}},"ast-content-background-meta":{"desktop":{"background-color":"var(--ast-global-color-5)","background-image":"","background-repeat":"repeat","background-position":"center center","background-size":"auto","background-attachment":"scroll","background-type":"","background-media":"","overlay-type":"","overlay-color":"","overlay-opacity":"","overlay-gradient":""},"tablet":{"background-color":"var(--ast-global-color-5)","background-image":"","background-repeat":"repeat","background-position":"center center","background-size":"auto","background-attachment":"scroll","background-type":"","background-media":"","overlay-type":"","overlay-color":"","overlay-opacity":"","overlay-gradient":""},"mobile":{"background-color":"var(--ast-global-color-5)","background-image":"","background-repeat":"repeat","background-position":"center center","background-size":"auto","background-attachment":"scroll","background-type":"","background-media":"","overlay-type":"","overlay-color":"","overlay-opacity":"","overlay-gradient":""}}},"product_brand":[],"product_cat":[100,40,95],"product_tag":[],"class_list":{"0":"post-2883","1":"product","2":"type-product","3":"status-publish","4":"has-post-thumbnail","6":"product_cat-accesorios-merch","7":"product_cat-iguanasmoke","8":"product_cat-papel-de-liar","9":"desktop-align-center","10":"tablet-align-left","11":"mobile-align-left","13":"first","14":"instock","15":"taxable","16":"shipping-taxable","17":"purchasable","18":"product-type-simple"},"acf":[],"yoast_head":"<!-- This site is optimized with the Yoast SEO plugin v27.3 - https:\/\/yoast.com\/product\/yoast-seo-wordpress\/ -->\n<title>Papel de Liar de C\u00e1\u00f1amo King Size con filtros x 26 unidades - THE LYF LABS<\/title>\n<meta name=\"description\" content=\"Articulos CBD al mejor precio mayorista. Venta de productos de CBD y HHC por mayor con descuentos exclusivos para tiendas.\" \/>\n<meta name=\"robots\" content=\"index, follow, max-snippet:-1, max-image-preview:large, max-video-preview:-1\" \/>\n<link rel=\"canonical\" href=\"https:\/\/thelyflabs.com\/pt\/product\/papel-de-liar-de-canamo-king-size-con-filtros-x26-unidades\/\" \/>\n<meta property=\"og:locale\" content=\"pt_PT\" \/>\n<meta property=\"og:type\" content=\"article\" \/>\n<meta property=\"og:title\" content=\"Papel de Liar de C\u00e1\u00f1amo King Size con filtros x 26 unidades - THE LYF LABS\" \/>\n<meta property=\"og:description\" content=\"Articulos CBD al mejor precio mayorista. Venta de productos de CBD y HHC por mayor con descuentos exclusivos para tiendas.\" \/>\n<meta property=\"og:url\" content=\"https:\/\/thelyflabs.com\/pt\/product\/papel-de-liar-de-canamo-king-size-con-filtros-x26-unidades\/\" \/>\n<meta property=\"og:site_name\" content=\"THE LYF LABS\" \/>\n<meta property=\"article:modified_time\" content=\"2026-03-13T14:22:12+00:00\" \/>\n<meta property=\"og:image\" content=\"https:\/\/thelyflabs.com\/wp-content\/uploads\/2023\/09\/X_Opened-transparent-1-1.webp\" \/>\n\t<meta property=\"og:image:width\" content=\"1000\" \/>\n\t<meta property=\"og:image:height\" content=\"1000\" \/>\n\t<meta property=\"og:image:type\" content=\"image\/webp\" \/>\n<meta name=\"twitter:card\" content=\"summary_large_image\" \/>\n<meta name=\"twitter:label1\" content=\"Tempo estimado de leitura\" \/>\n\t<meta name=\"twitter:data1\" content=\"1 minuto\" \/>\n<script type=\"application\/ld+json\" class=\"yoast-schema-graph\">{\"@context\":\"https:\\\/\\\/schema.org\",\"@graph\":[{\"@type\":\"WebPage\",\"@id\":\"https:\\\/\\\/thelyflabs.com\\\/product\\\/papel-de-liar-de-canamo-king-size-con-filtros-x26-unidades\",\"url\":\"https:\\\/\\\/thelyflabs.com\\\/product\\\/papel-de-liar-de-canamo-king-size-con-filtros-x26-unidades\",\"name\":\"Papel de Liar de C\u00e1\u00f1amo King Size con filtros x 26 unidades - THE LYF LABS\",\"isPartOf\":{\"@id\":\"https:\\\/\\\/thelyflabs.com\\\/#website\"},\"primaryImageOfPage\":{\"@id\":\"https:\\\/\\\/thelyflabs.com\\\/product\\\/papel-de-liar-de-canamo-king-size-con-filtros-x26-unidades#primaryimage\"},\"image\":{\"@id\":\"https:\\\/\\\/thelyflabs.com\\\/product\\\/papel-de-liar-de-canamo-king-size-con-filtros-x26-unidades#primaryimage\"},\"thumbnailUrl\":\"https:\\\/\\\/thelyflabs.com\\\/wp-content\\\/uploads\\\/2023\\\/09\\\/X_Opened-transparent-1-1.webp\",\"datePublished\":\"2023-09-07T16:35:30+00:00\",\"dateModified\":\"2026-03-13T14:22:12+00:00\",\"description\":\"Articulos CBD al mejor precio mayorista. Venta de productos de CBD y HHC por mayor con descuentos exclusivos para tiendas.\",\"breadcrumb\":{\"@id\":\"https:\\\/\\\/thelyflabs.com\\\/product\\\/papel-de-liar-de-canamo-king-size-con-filtros-x26-unidades#breadcrumb\"},\"inLanguage\":\"pt-PT\",\"potentialAction\":[{\"@type\":\"ReadAction\",\"target\":[\"https:\\\/\\\/thelyflabs.com\\\/product\\\/papel-de-liar-de-canamo-king-size-con-filtros-x26-unidades\"]}]},{\"@type\":\"ImageObject\",\"inLanguage\":\"pt-PT\",\"@id\":\"https:\\\/\\\/thelyflabs.com\\\/product\\\/papel-de-liar-de-canamo-king-size-con-filtros-x26-unidades#primaryimage\",\"url\":\"https:\\\/\\\/thelyflabs.com\\\/wp-content\\\/uploads\\\/2023\\\/09\\\/X_Opened-transparent-1-1.webp\",\"contentUrl\":\"https:\\\/\\\/thelyflabs.com\\\/wp-content\\\/uploads\\\/2023\\\/09\\\/X_Opened-transparent-1-1.webp\",\"width\":1000,\"height\":1000,\"caption\":\"24 papel liar japon king size abierto\"},{\"@type\":\"BreadcrumbList\",\"@id\":\"https:\\\/\\\/thelyflabs.com\\\/product\\\/papel-de-liar-de-canamo-king-size-con-filtros-x26-unidades#breadcrumb\",\"itemListElement\":[{\"@type\":\"ListItem\",\"position\":1,\"name\":\"Portada\",\"item\":\"https:\\\/\\\/thelyflabs.com\\\/\"},{\"@type\":\"ListItem\",\"position\":2,\"name\":\"Tienda\",\"item\":\"https:\\\/\\\/thelyflabs.com\\\/tienda\"},{\"@type\":\"ListItem\",\"position\":3,\"name\":\"Papel de Liar de C\u00e1\u00f1amo King Size con filtros x 26 unidades\"}]},{\"@type\":\"WebSite\",\"@id\":\"https:\\\/\\\/thelyflabs.com\\\/#website\",\"url\":\"https:\\\/\\\/thelyflabs.com\\\/\",\"name\":\"The LYF Labs\",\"description\":\"CBD al por mayor\",\"publisher\":{\"@id\":\"https:\\\/\\\/thelyflabs.com\\\/#organization\"},\"potentialAction\":[{\"@type\":\"SearchAction\",\"target\":{\"@type\":\"EntryPoint\",\"urlTemplate\":\"https:\\\/\\\/thelyflabs.com\\\/?s={search_term_string}\"},\"query-input\":{\"@type\":\"PropertyValueSpecification\",\"valueRequired\":true,\"valueName\":\"search_term_string\"}}],\"inLanguage\":\"pt-PT\"},{\"@type\":\"Organization\",\"@id\":\"https:\\\/\\\/thelyflabs.com\\\/#organization\",\"name\":\"The LYF Labs\",\"url\":\"https:\\\/\\\/thelyflabs.com\\\/\",\"logo\":{\"@type\":\"ImageObject\",\"inLanguage\":\"pt-PT\",\"@id\":\"https:\\\/\\\/thelyflabs.com\\\/#\\\/schema\\\/logo\\\/image\\\/\",\"url\":\"https:\\\/\\\/thelyflabs.com\\\/wp-content\\\/uploads\\\/2023\\\/01\\\/cropped-LogoTheLYFLabs.png\",\"contentUrl\":\"https:\\\/\\\/thelyflabs.com\\\/wp-content\\\/uploads\\\/2023\\\/01\\\/cropped-LogoTheLYFLabs.png\",\"width\":600,\"height\":180,\"caption\":\"The LYF Labs\"},\"image\":{\"@id\":\"https:\\\/\\\/thelyflabs.com\\\/#\\\/schema\\\/logo\\\/image\\\/\"}}]}<\/script>\n<!-- \/ Yoast SEO plugin. -->","yoast_head_json":{"title":"Papel de Liar de C\u00e1\u00f1amo King Size con filtros x 26 unidades - THE LYF LABS","description":"Produtos de CBD com os melhores pre\u00e7os de atacado. Produtos de CBD e HHC no atacado com descontos exclusivos para lojas.","robots":{"index":"index","follow":"follow","max-snippet":"max-snippet:-1","max-image-preview":"max-image-preview:large","max-video-preview":"max-video-preview:-1"},"canonical":"https:\/\/thelyflabs.com\/pt\/product\/papel-de-liar-de-canamo-king-size-con-filtros-x26-unidades\/","og_locale":"pt_PT","og_type":"article","og_title":"Papel de Liar de C\u00e1\u00f1amo King Size con filtros x 26 unidades - THE LYF LABS","og_description":"Articulos CBD al mejor precio mayorista. Venta de productos de CBD y HHC por mayor con descuentos exclusivos para tiendas.","og_url":"https:\/\/thelyflabs.com\/pt\/product\/papel-de-liar-de-canamo-king-size-con-filtros-x26-unidades\/","og_site_name":"THE LYF LABS","article_modified_time":"2026-03-13T14:22:12+00:00","og_image":[{"width":1000,"height":1000,"url":"https:\/\/thelyflabs.com\/wp-content\/uploads\/2023\/09\/X_Opened-transparent-1-1.webp","type":"image\/webp"}],"twitter_card":"summary_large_image","twitter_misc":{"Tempo estimado de leitura":"1 minuto"},"schema":{"@context":"https:\/\/schema.org","@graph":[{"@type":"WebPage","@id":"https:\/\/thelyflabs.com\/product\/papel-de-liar-de-canamo-king-size-con-filtros-x26-unidades","url":"https:\/\/thelyflabs.com\/product\/papel-de-liar-de-canamo-king-size-con-filtros-x26-unidades","name":"Papel de Liar de C\u00e1\u00f1amo King Size con filtros x 26 unidades - THE LYF LABS","isPartOf":{"@id":"https:\/\/thelyflabs.com\/#website"},"primaryImageOfPage":{"@id":"https:\/\/thelyflabs.com\/product\/papel-de-liar-de-canamo-king-size-con-filtros-x26-unidades#primaryimage"},"image":{"@id":"https:\/\/thelyflabs.com\/product\/papel-de-liar-de-canamo-king-size-con-filtros-x26-unidades#primaryimage"},"thumbnailUrl":"https:\/\/thelyflabs.com\/wp-content\/uploads\/2023\/09\/X_Opened-transparent-1-1.webp","datePublished":"2023-09-07T16:35:30+00:00","dateModified":"2026-03-13T14:22:12+00:00","description":"Produtos de CBD com os melhores pre\u00e7os de atacado. Produtos de CBD e HHC no atacado com descontos exclusivos para lojas.","breadcrumb":{"@id":"https:\/\/thelyflabs.com\/product\/papel-de-liar-de-canamo-king-size-con-filtros-x26-unidades#breadcrumb"},"inLanguage":"pt-PT","potentialAction":[{"@type":"ReadAction","target":["https:\/\/thelyflabs.com\/product\/papel-de-liar-de-canamo-king-size-con-filtros-x26-unidades"]}]},{"@type":"ImageObject","inLanguage":"pt-PT","@id":"https:\/\/thelyflabs.com\/product\/papel-de-liar-de-canamo-king-size-con-filtros-x26-unidades#primaryimage","url":"https:\/\/thelyflabs.com\/wp-content\/uploads\/2023\/09\/X_Opened-transparent-1-1.webp","contentUrl":"https:\/\/thelyflabs.com\/wp-content\/uploads\/2023\/09\/X_Opened-transparent-1-1.webp","width":1000,"height":1000,"caption":"24 papel liar japon king size abierto"},{"@type":"BreadcrumbList","@id":"https:\/\/thelyflabs.com\/product\/papel-de-liar-de-canamo-king-size-con-filtros-x26-unidades#breadcrumb","itemListElement":[{"@type":"ListItem","position":1,"name":"Portada","item":"https:\/\/thelyflabs.com\/"},{"@type":"ListItem","position":2,"name":"Tienda","item":"https:\/\/thelyflabs.com\/tienda"},{"@type":"ListItem","position":3,"name":"Papel de Liar de C\u00e1\u00f1amo King Size con filtros x 26 unidades"}]},{"@type":"WebSite","@id":"https:\/\/thelyflabs.com\/#website","url":"https:\/\/thelyflabs.com\/","name":"Os Laborat\u00f3rios LYF","description":"CBD atacado","publisher":{"@id":"https:\/\/thelyflabs.com\/#organization"},"potentialAction":[{"@type":"SearchAction","target":{"@type":"EntryPoint","urlTemplate":"https:\/\/thelyflabs.com\/?s={search_term_string}"},"query-input":{"@type":"PropertyValueSpecification","valueRequired":true,"valueName":"search_term_string"}}],"inLanguage":"pt-PT"},{"@type":"Organization","@id":"https:\/\/thelyflabs.com\/#organization","name":"Os Laborat\u00f3rios LYF","url":"https:\/\/thelyflabs.com\/","logo":{"@type":"ImageObject","inLanguage":"pt-PT","@id":"https:\/\/thelyflabs.com\/#\/schema\/logo\/image\/","url":"https:\/\/thelyflabs.com\/wp-content\/uploads\/2023\/01\/cropped-LogoTheLYFLabs.png","contentUrl":"https:\/\/thelyflabs.com\/wp-content\/uploads\/2023\/01\/cropped-LogoTheLYFLabs.png","width":600,"height":180,"caption":"The LYF Labs"},"image":{"@id":"https:\/\/thelyflabs.com\/#\/schema\/logo\/image\/"}}]}},"_links":{"self":[{"href":"https:\/\/thelyflabs.com\/pt\/wp-json\/wp\/v2\/product\/2883","targetHints":{"allow":["GET"]}}],"collection":[{"href":"https:\/\/thelyflabs.com\/pt\/wp-json\/wp\/v2\/product"}],"about":[{"href":"https:\/\/thelyflabs.com\/pt\/wp-json\/wp\/v2\/types\/product"}],"replies":[{"embeddable":true,"href":"https:\/\/thelyflabs.com\/pt\/wp-json\/wp\/v2\/comments?post=2883"}],"wp:featuredmedia":[{"embeddable":true,"href":"https:\/\/thelyflabs.com\/pt\/wp-json\/wp\/v2\/media\/17261"}],"wp:attachment":[{"href":"https:\/\/thelyflabs.com\/pt\/wp-json\/wp\/v2\/media?parent=2883"}],"wp:term":[{"taxonomy":"product_brand","embeddable":true,"href":"https:\/\/thelyflabs.com\/pt\/wp-json\/wp\/v2\/product_brand?post=2883"},{"taxonomy":"product_cat","embeddable":true,"href":"https:\/\/thelyflabs.com\/pt\/wp-json\/wp\/v2\/product_cat?post=2883"},{"taxonomy":"product_tag","embeddable":true,"href":"https:\/\/thelyflabs.com\/pt\/wp-json\/wp\/v2\/product_tag?post=2883"}],"curies":[{"name":"wp","href":"https:\/\/api.w.org\/{rel}","templated":true}]}}