{"id":3024,"date":"2023-09-22T12:33:58","date_gmt":"2023-09-22T12:33:58","guid":{"rendered":"https:\/\/thelyflabs.com\/?post_type=product&#038;p=3024"},"modified":"2025-07-18T19:43:24","modified_gmt":"2025-07-18T17:43:24","slug":"vape-cbd-full-spectrum-iguana-pod-mango","status":"publish","type":"product","link":"https:\/\/thelyflabs.com\/pt\/product\/vape-cbd-full-spectrum-iguana-pod-mango","title":{"rendered":"Espectro completo Vape CBD \u2013 Iguana Pod Mango"},"content":{"rendered":"<h2><strong>Sabor descart\u00e1vel de manga Vape CBD de espectro total<\/strong><\/h2>\n<p>O novo vaporizador descart\u00e1vel Full Spectrum Mango CBD da Iguana Smoke apresenta uma nova tecnologia \u00fanica e inovadora que tem ganhado muita aten\u00e7\u00e3o nos \u00faltimos anos por suas propriedades terap\u00eauticas.<\/p>\n<p>Descubra o relaxamento natural com nosso vape Full Spectrum CBD. Criado com todos os canabin\u00f3ides, este vape oferece uma experi\u00eancia terap\u00eautica completa. Aproveite os benef\u00edcios do CBD na sua forma mais verdadeira com uma vasta gama de canabin\u00f3ides e terpenos. Relaxe e sinta o al\u00edvio a cada tragada!<\/p>\n<p>O Iguana Pod CBD Full Spectrum cont\u00e9m at\u00e9 600 puffs com 5 sabores diferentes e vem pronto para uso, n\u00e3o necessita de carga de bateria ou qualquer tipo de refil l\u00edquido e taxa de 1400mg\/2ml de CBD.<\/p>\n<p>A vagem da iguana <b>manga <\/b>Possui aromas de manga para um sabor fresco e doce, se experimentar repetir\u00e1.<\/p>\n<p>Seu design atraente e tamanho compacto fazem dele um acess\u00f3rio ideal para levar sempre com voc\u00ea.<\/p>\n<p>Iguana Smoke torna cada vez mais f\u00e1cil aproveitar os benef\u00edcios do CBD com produtos n\u00e3o psicoativos com 0% THC.<\/p>\n<p>Basta escolher o seu sabor preferido, abri-lo e come\u00e7ar a usar<\/p>","protected":false},"excerpt":{"rendered":"<h1><strong>Sabor descart\u00e1vel de manga de vagem CBD de espectro completo<\/strong><\/h1>\n<p>A c\u00e1psula cont\u00e9m 1400 mg de Full Spectrum CBD<\/p>\n<ul>\n<li>Dimens\u00f5es: 105 mm x 24 mm x 11,2 mm<\/li>\n<li>Bateria: 380mAh<\/li>\n<li>Capacidade: 2ml<\/li>\n<li>Sopros: at\u00e9 600<\/li>\n<li>Terpenos naturais de alta qualidade<\/li>\n<li>Espectro completo de CBD: 70% 1400mg<\/li>\n<li>THC: 0%<\/li>\n<li>Nicotina: 0%<\/li>\n<li>N\u00e3o cont\u00e9m VG, PG, PEG, MCT ou quaisquer outros agentes cortantes<\/li>\n<\/ul>\n<p>An\u00e1lise de qualidade: clique <a href=\"https:\/\/iguanasmoke.com\/wp-content\/uploads\/2018\/02\/Analitica-E-Liquid-Iguana-Smoke-Junio-2022.pdf\" target=\"_blank\" rel=\"noopener\">aqui<\/a><\/p>","protected":false},"featured_media":13083,"comment_status":"open","ping_status":"closed","template":"","meta":{"_acf_changed":false,"site-sidebar-layout":"default","site-content-layout":"default","ast-site-content-layout":"default","site-content-style":"default","site-sidebar-style":"default","ast-global-header-display":"","ast-banner-title-visibility":"","ast-main-header-display":"","ast-hfb-above-header-display":"","ast-hfb-below-header-display":"","ast-hfb-mobile-header-display":"","site-post-title":"","ast-breadcrumbs-content":"","ast-featured-img":"","footer-sml-layout":"","theme-transparent-header-meta":"default","adv-header-id-meta":"","stick-header-meta":"","header-above-stick-meta":"","header-main-stick-meta":"","header-below-stick-meta":"","astra-migrate-meta-layouts":"set","ast-page-background-enabled":"default","ast-page-background-meta":{"desktop":{"background-color":"var(--ast-global-color-4)","background-image":"","background-repeat":"repeat","background-position":"center center","background-size":"auto","background-attachment":"scroll","background-type":"","background-media":"","overlay-type":"","overlay-color":"","overlay-opacity":"","overlay-gradient":""},"tablet":{"background-color":"","background-image":"","background-repeat":"repeat","background-position":"center center","background-size":"auto","background-attachment":"scroll","background-type":"","background-media":"","overlay-type":"","overlay-color":"","overlay-opacity":"","overlay-gradient":""},"mobile":{"background-color":"","background-image":"","background-repeat":"repeat","background-position":"center center","background-size":"auto","background-attachment":"scroll","background-type":"","background-media":"","overlay-type":"","overlay-color":"","overlay-opacity":"","overlay-gradient":""}},"ast-content-background-meta":{"desktop":{"background-color":"var(--ast-global-color-5)","background-image":"","background-repeat":"repeat","background-position":"center center","background-size":"auto","background-attachment":"scroll","background-type":"","background-media":"","overlay-type":"","overlay-color":"","overlay-opacity":"","overlay-gradient":""},"tablet":{"background-color":"var(--ast-global-color-5)","background-image":"","background-repeat":"repeat","background-position":"center center","background-size":"auto","background-attachment":"scroll","background-type":"","background-media":"","overlay-type":"","overlay-color":"","overlay-opacity":"","overlay-gradient":""},"mobile":{"background-color":"var(--ast-global-color-5)","background-image":"","background-repeat":"repeat","background-position":"center center","background-size":"auto","background-attachment":"scroll","background-type":"","background-media":"","overlay-type":"","overlay-color":"","overlay-opacity":"","overlay-gradient":""}}},"product_brand":[],"product_cat":[79,40,23,76],"product_tag":[],"class_list":{"0":"post-3024","1":"product","2":"type-product","3":"status-publish","4":"has-post-thumbnail","6":"product_cat-full-spectrum-cbd","7":"product_cat-iguanasmoke","8":"product_cat-pod-cbd","9":"product_cat-vaper-cbd","10":"desktop-align-center","11":"tablet-align-left","12":"mobile-align-left","14":"first","15":"instock","16":"taxable","17":"shipping-taxable","18":"purchasable","19":"product-type-simple"},"acf":[],"yoast_head":"<!-- This site is optimized with the Yoast SEO plugin v27.3 - https:\/\/yoast.com\/product\/yoast-seo-wordpress\/ -->\n<title>Vape CBD Full Spectrum - Iguana Pod Mango - THE LYF LABS<\/title>\n<meta name=\"description\" content=\"Pod desechable de CBD Full Spectrum Iguana Smoke sabor Mango. El Iguana Pod contiene 600 caladas y una tasa de 1900mg de H4CBD. No contiene THC ni nicotina.\" \/>\n<meta name=\"robots\" content=\"index, follow, max-snippet:-1, max-image-preview:large, max-video-preview:-1\" \/>\n<link rel=\"canonical\" href=\"https:\/\/thelyflabs.com\/pt\/product\/vape-cbd-full-spectrum-iguana-pod-mango\/\" \/>\n<meta property=\"og:locale\" content=\"pt_PT\" \/>\n<meta property=\"og:type\" content=\"article\" \/>\n<meta property=\"og:title\" content=\"Vape CBD Full Spectrum - Iguana Pod Mango - THE LYF LABS\" \/>\n<meta property=\"og:description\" content=\"Pod desechable de CBD Full Spectrum Iguana Smoke sabor Mango. El Iguana Pod contiene 600 caladas y una tasa de 1900mg de H4CBD. No contiene THC ni nicotina.\" \/>\n<meta property=\"og:url\" content=\"https:\/\/thelyflabs.com\/pt\/product\/vape-cbd-full-spectrum-iguana-pod-mango\/\" \/>\n<meta property=\"og:site_name\" content=\"THE LYF LABS\" \/>\n<meta property=\"article:modified_time\" content=\"2025-07-18T17:43:24+00:00\" \/>\n<meta property=\"og:image\" content=\"https:\/\/thelyflabs.com\/wp-content\/uploads\/2023\/09\/Mockup-caja-der.-mango.webp\" \/>\n\t<meta property=\"og:image:width\" content=\"1000\" \/>\n\t<meta property=\"og:image:height\" content=\"1000\" \/>\n\t<meta property=\"og:image:type\" content=\"image\/webp\" \/>\n<meta name=\"twitter:card\" content=\"summary_large_image\" \/>\n<meta name=\"twitter:label1\" content=\"Tempo estimado de leitura\" \/>\n\t<meta name=\"twitter:data1\" content=\"2 minutos\" \/>\n<script type=\"application\/ld+json\" class=\"yoast-schema-graph\">{\"@context\":\"https:\\\/\\\/schema.org\",\"@graph\":[{\"@type\":\"WebPage\",\"@id\":\"https:\\\/\\\/thelyflabs.com\\\/product\\\/vape-cbd-full-spectrum-iguana-pod-mango\",\"url\":\"https:\\\/\\\/thelyflabs.com\\\/product\\\/vape-cbd-full-spectrum-iguana-pod-mango\",\"name\":\"Vape CBD Full Spectrum - Iguana Pod Mango - THE LYF LABS\",\"isPartOf\":{\"@id\":\"https:\\\/\\\/thelyflabs.com\\\/#website\"},\"primaryImageOfPage\":{\"@id\":\"https:\\\/\\\/thelyflabs.com\\\/product\\\/vape-cbd-full-spectrum-iguana-pod-mango#primaryimage\"},\"image\":{\"@id\":\"https:\\\/\\\/thelyflabs.com\\\/product\\\/vape-cbd-full-spectrum-iguana-pod-mango#primaryimage\"},\"thumbnailUrl\":\"https:\\\/\\\/thelyflabs.com\\\/wp-content\\\/uploads\\\/2023\\\/09\\\/Mockup-caja-der.-mango.webp\",\"datePublished\":\"2023-09-22T12:33:58+00:00\",\"dateModified\":\"2025-07-18T17:43:24+00:00\",\"description\":\"Pod desechable de CBD Full Spectrum Iguana Smoke sabor Mango. El Iguana Pod contiene 600 caladas y una tasa de 1900mg de H4CBD. No contiene THC ni nicotina.\",\"breadcrumb\":{\"@id\":\"https:\\\/\\\/thelyflabs.com\\\/product\\\/vape-cbd-full-spectrum-iguana-pod-mango#breadcrumb\"},\"inLanguage\":\"pt-PT\",\"potentialAction\":[{\"@type\":\"ReadAction\",\"target\":[\"https:\\\/\\\/thelyflabs.com\\\/product\\\/vape-cbd-full-spectrum-iguana-pod-mango\"]}]},{\"@type\":\"ImageObject\",\"inLanguage\":\"pt-PT\",\"@id\":\"https:\\\/\\\/thelyflabs.com\\\/product\\\/vape-cbd-full-spectrum-iguana-pod-mango#primaryimage\",\"url\":\"https:\\\/\\\/thelyflabs.com\\\/wp-content\\\/uploads\\\/2023\\\/09\\\/Mockup-caja-der.-mango.webp\",\"contentUrl\":\"https:\\\/\\\/thelyflabs.com\\\/wp-content\\\/uploads\\\/2023\\\/09\\\/Mockup-caja-der.-mango.webp\",\"width\":1000,\"height\":1000,\"caption\":\"vaper cbd\"},{\"@type\":\"BreadcrumbList\",\"@id\":\"https:\\\/\\\/thelyflabs.com\\\/product\\\/vape-cbd-full-spectrum-iguana-pod-mango#breadcrumb\",\"itemListElement\":[{\"@type\":\"ListItem\",\"position\":1,\"name\":\"Portada\",\"item\":\"https:\\\/\\\/thelyflabs.com\\\/\"},{\"@type\":\"ListItem\",\"position\":2,\"name\":\"Tienda\",\"item\":\"https:\\\/\\\/thelyflabs.com\\\/tienda\"},{\"@type\":\"ListItem\",\"position\":3,\"name\":\"Vape CBD Full Spectrum &#8211; Iguana Pod Mango\"}]},{\"@type\":\"WebSite\",\"@id\":\"https:\\\/\\\/thelyflabs.com\\\/#website\",\"url\":\"https:\\\/\\\/thelyflabs.com\\\/\",\"name\":\"The LYF Labs\",\"description\":\"CBD al por mayor\",\"publisher\":{\"@id\":\"https:\\\/\\\/thelyflabs.com\\\/#organization\"},\"potentialAction\":[{\"@type\":\"SearchAction\",\"target\":{\"@type\":\"EntryPoint\",\"urlTemplate\":\"https:\\\/\\\/thelyflabs.com\\\/?s={search_term_string}\"},\"query-input\":{\"@type\":\"PropertyValueSpecification\",\"valueRequired\":true,\"valueName\":\"search_term_string\"}}],\"inLanguage\":\"pt-PT\"},{\"@type\":\"Organization\",\"@id\":\"https:\\\/\\\/thelyflabs.com\\\/#organization\",\"name\":\"The LYF Labs\",\"url\":\"https:\\\/\\\/thelyflabs.com\\\/\",\"logo\":{\"@type\":\"ImageObject\",\"inLanguage\":\"pt-PT\",\"@id\":\"https:\\\/\\\/thelyflabs.com\\\/#\\\/schema\\\/logo\\\/image\\\/\",\"url\":\"https:\\\/\\\/thelyflabs.com\\\/wp-content\\\/uploads\\\/2023\\\/01\\\/cropped-LogoTheLYFLabs.png\",\"contentUrl\":\"https:\\\/\\\/thelyflabs.com\\\/wp-content\\\/uploads\\\/2023\\\/01\\\/cropped-LogoTheLYFLabs.png\",\"width\":600,\"height\":180,\"caption\":\"The LYF Labs\"},\"image\":{\"@id\":\"https:\\\/\\\/thelyflabs.com\\\/#\\\/schema\\\/logo\\\/image\\\/\"}}]}<\/script>\n<!-- \/ Yoast SEO plugin. -->","yoast_head_json":{"title":"Vape CBD Full Spectrum - Iguana Pod Mango - THE LYF LABS","description":"Pod desechable de CBD Full Spectrum Iguana Smoke sabor Mango. El Iguana Pod contiene 600 caladas y una tasa de 1900mg de H4CBD. No contiene THC ni nicotina.","robots":{"index":"index","follow":"follow","max-snippet":"max-snippet:-1","max-image-preview":"max-image-preview:large","max-video-preview":"max-video-preview:-1"},"canonical":"https:\/\/thelyflabs.com\/pt\/product\/vape-cbd-full-spectrum-iguana-pod-mango\/","og_locale":"pt_PT","og_type":"article","og_title":"Vape CBD Full Spectrum - Iguana Pod Mango - THE LYF LABS","og_description":"Pod desechable de CBD Full Spectrum Iguana Smoke sabor Mango. El Iguana Pod contiene 600 caladas y una tasa de 1900mg de H4CBD. No contiene THC ni nicotina.","og_url":"https:\/\/thelyflabs.com\/pt\/product\/vape-cbd-full-spectrum-iguana-pod-mango\/","og_site_name":"THE LYF LABS","article_modified_time":"2025-07-18T17:43:24+00:00","og_image":[{"width":1000,"height":1000,"url":"https:\/\/thelyflabs.com\/wp-content\/uploads\/2023\/09\/Mockup-caja-der.-mango.webp","type":"image\/webp"}],"twitter_card":"summary_large_image","twitter_misc":{"Tempo estimado de leitura":"2 minutos"},"schema":{"@context":"https:\/\/schema.org","@graph":[{"@type":"WebPage","@id":"https:\/\/thelyflabs.com\/product\/vape-cbd-full-spectrum-iguana-pod-mango","url":"https:\/\/thelyflabs.com\/product\/vape-cbd-full-spectrum-iguana-pod-mango","name":"Vape CBD Full Spectrum - Iguana Pod Mango - THE LYF LABS","isPartOf":{"@id":"https:\/\/thelyflabs.com\/#website"},"primaryImageOfPage":{"@id":"https:\/\/thelyflabs.com\/product\/vape-cbd-full-spectrum-iguana-pod-mango#primaryimage"},"image":{"@id":"https:\/\/thelyflabs.com\/product\/vape-cbd-full-spectrum-iguana-pod-mango#primaryimage"},"thumbnailUrl":"https:\/\/thelyflabs.com\/wp-content\/uploads\/2023\/09\/Mockup-caja-der.-mango.webp","datePublished":"2023-09-22T12:33:58+00:00","dateModified":"2025-07-18T17:43:24+00:00","description":"Pod desechable de CBD Full Spectrum Iguana Smoke sabor Mango. El Iguana Pod contiene 600 caladas y una tasa de 1900mg de H4CBD. No contiene THC ni nicotina.","breadcrumb":{"@id":"https:\/\/thelyflabs.com\/product\/vape-cbd-full-spectrum-iguana-pod-mango#breadcrumb"},"inLanguage":"pt-PT","potentialAction":[{"@type":"ReadAction","target":["https:\/\/thelyflabs.com\/product\/vape-cbd-full-spectrum-iguana-pod-mango"]}]},{"@type":"ImageObject","inLanguage":"pt-PT","@id":"https:\/\/thelyflabs.com\/product\/vape-cbd-full-spectrum-iguana-pod-mango#primaryimage","url":"https:\/\/thelyflabs.com\/wp-content\/uploads\/2023\/09\/Mockup-caja-der.-mango.webp","contentUrl":"https:\/\/thelyflabs.com\/wp-content\/uploads\/2023\/09\/Mockup-caja-der.-mango.webp","width":1000,"height":1000,"caption":"vaper cbd"},{"@type":"BreadcrumbList","@id":"https:\/\/thelyflabs.com\/product\/vape-cbd-full-spectrum-iguana-pod-mango#breadcrumb","itemListElement":[{"@type":"ListItem","position":1,"name":"Portada","item":"https:\/\/thelyflabs.com\/"},{"@type":"ListItem","position":2,"name":"Tienda","item":"https:\/\/thelyflabs.com\/tienda"},{"@type":"ListItem","position":3,"name":"Vape CBD Full Spectrum &#8211; Iguana Pod Mango"}]},{"@type":"WebSite","@id":"https:\/\/thelyflabs.com\/#website","url":"https:\/\/thelyflabs.com\/","name":"Os Laborat\u00f3rios LYF","description":"CBD atacado","publisher":{"@id":"https:\/\/thelyflabs.com\/#organization"},"potentialAction":[{"@type":"SearchAction","target":{"@type":"EntryPoint","urlTemplate":"https:\/\/thelyflabs.com\/?s={search_term_string}"},"query-input":{"@type":"PropertyValueSpecification","valueRequired":true,"valueName":"search_term_string"}}],"inLanguage":"pt-PT"},{"@type":"Organization","@id":"https:\/\/thelyflabs.com\/#organization","name":"Os Laborat\u00f3rios LYF","url":"https:\/\/thelyflabs.com\/","logo":{"@type":"ImageObject","inLanguage":"pt-PT","@id":"https:\/\/thelyflabs.com\/#\/schema\/logo\/image\/","url":"https:\/\/thelyflabs.com\/wp-content\/uploads\/2023\/01\/cropped-LogoTheLYFLabs.png","contentUrl":"https:\/\/thelyflabs.com\/wp-content\/uploads\/2023\/01\/cropped-LogoTheLYFLabs.png","width":600,"height":180,"caption":"The LYF Labs"},"image":{"@id":"https:\/\/thelyflabs.com\/#\/schema\/logo\/image\/"}}]}},"_links":{"self":[{"href":"https:\/\/thelyflabs.com\/pt\/wp-json\/wp\/v2\/product\/3024","targetHints":{"allow":["GET"]}}],"collection":[{"href":"https:\/\/thelyflabs.com\/pt\/wp-json\/wp\/v2\/product"}],"about":[{"href":"https:\/\/thelyflabs.com\/pt\/wp-json\/wp\/v2\/types\/product"}],"replies":[{"embeddable":true,"href":"https:\/\/thelyflabs.com\/pt\/wp-json\/wp\/v2\/comments?post=3024"}],"wp:featuredmedia":[{"embeddable":true,"href":"https:\/\/thelyflabs.com\/pt\/wp-json\/wp\/v2\/media\/13083"}],"wp:attachment":[{"href":"https:\/\/thelyflabs.com\/pt\/wp-json\/wp\/v2\/media?parent=3024"}],"wp:term":[{"taxonomy":"product_brand","embeddable":true,"href":"https:\/\/thelyflabs.com\/pt\/wp-json\/wp\/v2\/product_brand?post=3024"},{"taxonomy":"product_cat","embeddable":true,"href":"https:\/\/thelyflabs.com\/pt\/wp-json\/wp\/v2\/product_cat?post=3024"},{"taxonomy":"product_tag","embeddable":true,"href":"https:\/\/thelyflabs.com\/pt\/wp-json\/wp\/v2\/product_tag?post=3024"}],"curies":[{"name":"wp","href":"https:\/\/api.w.org\/{rel}","templated":true}]}}