{"id":3460,"date":"2023-11-09T16:07:51","date_gmt":"2023-11-09T16:07:51","guid":{"rendered":"https:\/\/thelyflabs.com\/?post_type=product&#038;p=3460"},"modified":"2024-01-30T17:43:22","modified_gmt":"2024-01-30T16:43:22","slug":"vaper-freddy-boyz-by-kidd-keo","status":"publish","type":"product","link":"https:\/\/thelyflabs.com\/pt\/product\/vaper-freddy-boyz-by-kidd-keo","title":{"rendered":"Vaper Freddy Boyz por Kidd Keo Edi\u00e7\u00e3o Limitada"},"content":{"rendered":"<h2>Freddy Boyz Vaper por Kidd Keo Edi\u00e7\u00e3o Limitada<\/h2>\n<p>Este vaper, \u00fanico, \u00e9 inspirado na cole\u00e7\u00e3o Freddy Boyz, lan\u00e7ada recentemente pelo renomado trapeiro Kidd Keo por ocasi\u00e3o da noite de Halloween. Essas unidades vaper Freddy Boyz estar\u00e3o dispon\u00edveis por tempo limitado.<\/p>\n<p>O que torna este vaper de CBD \u00fanico reside no seu excepcional tanque de 10ml, capaz de fornecer at\u00e9 3.000 baforadas poderosas. Destaca-se tamb\u00e9m por conter 600mg de CBD, caracter\u00edsticas verdadeiramente \u00fanicas no mercado atual. Essas qualidades chamaram a aten\u00e7\u00e3o de Keo, que selecionou e projetou cuidadosamente o vaper sob sua marca, Freddy Boyz, inspirando-se no ic\u00f4nico personagem do filme de terror, Freddy Krueger.<\/p>\n<p>O seu design atraente e o seu tamanho compacto fazem dele um acess\u00f3rio ideal para levar sempre consigo e desfrutar dos benef\u00edcios do CBD enquanto causa inveja a todos os seus colegas ao transportar um dispositivo da marca do maior colecionador de trapos de toda a Espanha, Kidd Keo.<\/p>\n<p>Iguana Smoke torna cada vez mais f\u00e1cil aproveitar os benef\u00edcios do CBD com produtos seguros e n\u00e3o psicoativos com 0% THC.<\/p>","protected":false},"excerpt":{"rendered":"<h2>Vaper Freddy Boyz por Kidd Keo<\/h2>\n<p>Caracteristicas:<\/p>\n<ul>\n<li>Dimens\u00f5es: 82 x 49 x 22 mm<\/li>\n<li>Bateria: 500mAh<\/li>\n<li>Capacidade: 10ml<\/li>\n<li>Sopros: at\u00e9 3000<\/li>\n<li>CDB: 600mg\/10ml<\/li>\n<li>THC: 0%<\/li>\n<li>Nicotina: 0%<\/li>\n<\/ul>\n<p>An\u00e1lise de qualidade: clique <a href=\"https:\/\/iguanasmoke.com\/wp-content\/uploads\/2018\/02\/Analitica-E-Liquid-Iguana-Smoke-Junio-2022.pdf\" target=\"_blank\" rel=\"noopener\">aqui<\/a><\/p>","protected":false},"featured_media":3462,"comment_status":"open","ping_status":"closed","template":"","meta":{"_acf_changed":false,"site-sidebar-layout":"default","site-content-layout":"default","ast-site-content-layout":"default","site-content-style":"default","site-sidebar-style":"default","ast-global-header-display":"","ast-banner-title-visibility":"","ast-main-header-display":"","ast-hfb-above-header-display":"","ast-hfb-below-header-display":"","ast-hfb-mobile-header-display":"","site-post-title":"","ast-breadcrumbs-content":"","ast-featured-img":"","footer-sml-layout":"","theme-transparent-header-meta":"default","adv-header-id-meta":"","stick-header-meta":"","header-above-stick-meta":"","header-main-stick-meta":"","header-below-stick-meta":"","astra-migrate-meta-layouts":"set","ast-page-background-enabled":"default","ast-page-background-meta":{"desktop":{"background-color":"var(--ast-global-color-4)","background-image":"","background-repeat":"repeat","background-position":"center center","background-size":"auto","background-attachment":"scroll","background-type":"","background-media":"","overlay-type":"","overlay-color":"","overlay-opacity":"","overlay-gradient":""},"tablet":{"background-color":"","background-image":"","background-repeat":"repeat","background-position":"center center","background-size":"auto","background-attachment":"scroll","background-type":"","background-media":"","overlay-type":"","overlay-color":"","overlay-opacity":"","overlay-gradient":""},"mobile":{"background-color":"","background-image":"","background-repeat":"repeat","background-position":"center center","background-size":"auto","background-attachment":"scroll","background-type":"","background-media":"","overlay-type":"","overlay-color":"","overlay-opacity":"","overlay-gradient":""}},"ast-content-background-meta":{"desktop":{"background-color":"var(--ast-global-color-5)","background-image":"","background-repeat":"repeat","background-position":"center center","background-size":"auto","background-attachment":"scroll","background-type":"","background-media":"","overlay-type":"","overlay-color":"","overlay-opacity":"","overlay-gradient":""},"tablet":{"background-color":"var(--ast-global-color-5)","background-image":"","background-repeat":"repeat","background-position":"center center","background-size":"auto","background-attachment":"scroll","background-type":"","background-media":"","overlay-type":"","overlay-color":"","overlay-opacity":"","overlay-gradient":""},"mobile":{"background-color":"var(--ast-global-color-5)","background-image":"","background-repeat":"repeat","background-position":"center center","background-size":"auto","background-attachment":"scroll","background-type":"","background-media":"","overlay-type":"","overlay-color":"","overlay-opacity":"","overlay-gradient":""}}},"product_brand":[],"product_cat":[40,23],"product_tag":[],"class_list":{"0":"post-3460","1":"product","2":"type-product","3":"status-publish","4":"has-post-thumbnail","6":"product_cat-iguanasmoke","7":"product_cat-pod-cbd","8":"desktop-align-center","9":"tablet-align-left","10":"mobile-align-left","12":"first","13":"instock","14":"taxable","15":"shipping-taxable","16":"purchasable","17":"product-type-simple"},"acf":[],"yoast_head":"<!-- This site is optimized with the Yoast SEO plugin v27.3 - https:\/\/yoast.com\/product\/yoast-seo-wordpress\/ -->\n<title>Vaper Freddy Boyz by Kidd Keo Limited Edition - THE LYF LABS<\/title>\n<meta name=\"description\" content=\"Vaper Freddy Boyz by Kidd Keo por mayor. Consigue aqu\u00ed tu Pod de CBD a precio mayorista en nuestra tienda exclusiva para profesionales.\" \/>\n<meta name=\"robots\" content=\"index, follow, max-snippet:-1, max-image-preview:large, max-video-preview:-1\" \/>\n<link rel=\"canonical\" href=\"https:\/\/thelyflabs.com\/pt\/product\/vaper-freddy-boyz-by-kidd-keo\/\" \/>\n<meta property=\"og:locale\" content=\"pt_PT\" \/>\n<meta property=\"og:type\" content=\"article\" \/>\n<meta property=\"og:title\" content=\"Vaper Freddy Boyz by Kidd Keo Limited Edition - THE LYF LABS\" \/>\n<meta property=\"og:description\" content=\"Vaper Freddy Boyz by Kidd Keo por mayor. Consigue aqu\u00ed tu Pod de CBD a precio mayorista en nuestra tienda exclusiva para profesionales.\" \/>\n<meta property=\"og:url\" content=\"https:\/\/thelyflabs.com\/pt\/product\/vaper-freddy-boyz-by-kidd-keo\/\" \/>\n<meta property=\"og:site_name\" content=\"THE LYF LABS\" \/>\n<meta property=\"article:modified_time\" content=\"2024-01-30T16:43:22+00:00\" \/>\n<meta property=\"og:image\" content=\"https:\/\/thelyflabs.com\/wp-content\/uploads\/2023\/11\/FBKK-2-webp.webp\" \/>\n\t<meta property=\"og:image:width\" content=\"500\" \/>\n\t<meta property=\"og:image:height\" content=\"500\" \/>\n\t<meta property=\"og:image:type\" content=\"image\/webp\" \/>\n<meta name=\"twitter:card\" content=\"summary_large_image\" \/>\n<meta name=\"twitter:label1\" content=\"Tempo estimado de leitura\" \/>\n\t<meta name=\"twitter:data1\" content=\"2 minutos\" \/>\n<script type=\"application\/ld+json\" class=\"yoast-schema-graph\">{\"@context\":\"https:\\\/\\\/schema.org\",\"@graph\":[{\"@type\":\"WebPage\",\"@id\":\"https:\\\/\\\/thelyflabs.com\\\/product\\\/vaper-freddy-boyz-by-kidd-keo\",\"url\":\"https:\\\/\\\/thelyflabs.com\\\/product\\\/vaper-freddy-boyz-by-kidd-keo\",\"name\":\"Vaper Freddy Boyz by Kidd Keo Limited Edition - THE LYF LABS\",\"isPartOf\":{\"@id\":\"https:\\\/\\\/thelyflabs.com\\\/#website\"},\"primaryImageOfPage\":{\"@id\":\"https:\\\/\\\/thelyflabs.com\\\/product\\\/vaper-freddy-boyz-by-kidd-keo#primaryimage\"},\"image\":{\"@id\":\"https:\\\/\\\/thelyflabs.com\\\/product\\\/vaper-freddy-boyz-by-kidd-keo#primaryimage\"},\"thumbnailUrl\":\"https:\\\/\\\/thelyflabs.com\\\/wp-content\\\/uploads\\\/2023\\\/11\\\/FBKK-2-webp.webp\",\"datePublished\":\"2023-11-09T16:07:51+00:00\",\"dateModified\":\"2024-01-30T16:43:22+00:00\",\"description\":\"Vaper Freddy Boyz by Kidd Keo por mayor. Consigue aqu\u00ed tu Pod de CBD a precio mayorista en nuestra tienda exclusiva para profesionales.\",\"breadcrumb\":{\"@id\":\"https:\\\/\\\/thelyflabs.com\\\/product\\\/vaper-freddy-boyz-by-kidd-keo#breadcrumb\"},\"inLanguage\":\"pt-PT\",\"potentialAction\":[{\"@type\":\"ReadAction\",\"target\":[\"https:\\\/\\\/thelyflabs.com\\\/product\\\/vaper-freddy-boyz-by-kidd-keo\"]}]},{\"@type\":\"ImageObject\",\"inLanguage\":\"pt-PT\",\"@id\":\"https:\\\/\\\/thelyflabs.com\\\/product\\\/vaper-freddy-boyz-by-kidd-keo#primaryimage\",\"url\":\"https:\\\/\\\/thelyflabs.com\\\/wp-content\\\/uploads\\\/2023\\\/11\\\/FBKK-2-webp.webp\",\"contentUrl\":\"https:\\\/\\\/thelyflabs.com\\\/wp-content\\\/uploads\\\/2023\\\/11\\\/FBKK-2-webp.webp\",\"width\":500,\"height\":500,\"caption\":\"vape kidd keo mayorista\"},{\"@type\":\"BreadcrumbList\",\"@id\":\"https:\\\/\\\/thelyflabs.com\\\/product\\\/vaper-freddy-boyz-by-kidd-keo#breadcrumb\",\"itemListElement\":[{\"@type\":\"ListItem\",\"position\":1,\"name\":\"Portada\",\"item\":\"https:\\\/\\\/thelyflabs.com\\\/\"},{\"@type\":\"ListItem\",\"position\":2,\"name\":\"Tienda\",\"item\":\"https:\\\/\\\/thelyflabs.com\\\/tienda\"},{\"@type\":\"ListItem\",\"position\":3,\"name\":\"Vaper Freddy Boyz by Kidd Keo Limited Edition\"}]},{\"@type\":\"WebSite\",\"@id\":\"https:\\\/\\\/thelyflabs.com\\\/#website\",\"url\":\"https:\\\/\\\/thelyflabs.com\\\/\",\"name\":\"The LYF Labs\",\"description\":\"CBD al por mayor\",\"publisher\":{\"@id\":\"https:\\\/\\\/thelyflabs.com\\\/#organization\"},\"potentialAction\":[{\"@type\":\"SearchAction\",\"target\":{\"@type\":\"EntryPoint\",\"urlTemplate\":\"https:\\\/\\\/thelyflabs.com\\\/?s={search_term_string}\"},\"query-input\":{\"@type\":\"PropertyValueSpecification\",\"valueRequired\":true,\"valueName\":\"search_term_string\"}}],\"inLanguage\":\"pt-PT\"},{\"@type\":\"Organization\",\"@id\":\"https:\\\/\\\/thelyflabs.com\\\/#organization\",\"name\":\"The LYF Labs\",\"url\":\"https:\\\/\\\/thelyflabs.com\\\/\",\"logo\":{\"@type\":\"ImageObject\",\"inLanguage\":\"pt-PT\",\"@id\":\"https:\\\/\\\/thelyflabs.com\\\/#\\\/schema\\\/logo\\\/image\\\/\",\"url\":\"https:\\\/\\\/thelyflabs.com\\\/wp-content\\\/uploads\\\/2023\\\/01\\\/cropped-LogoTheLYFLabs.png\",\"contentUrl\":\"https:\\\/\\\/thelyflabs.com\\\/wp-content\\\/uploads\\\/2023\\\/01\\\/cropped-LogoTheLYFLabs.png\",\"width\":600,\"height\":180,\"caption\":\"The LYF Labs\"},\"image\":{\"@id\":\"https:\\\/\\\/thelyflabs.com\\\/#\\\/schema\\\/logo\\\/image\\\/\"}}]}<\/script>\n<!-- \/ Yoast SEO plugin. -->","yoast_head_json":{"title":"Vaper Freddy Boyz da Kidd Keo Edi\u00e7\u00e3o Limitada - THE LYF LABS","description":"Freddy Boyz Vape da Kidd Keo Atacado. Compre seu Pod de CBD a pre\u00e7os de atacado aqui em nossa loja exclusiva para profissionais.","robots":{"index":"index","follow":"follow","max-snippet":"max-snippet:-1","max-image-preview":"max-image-preview:large","max-video-preview":"max-video-preview:-1"},"canonical":"https:\/\/thelyflabs.com\/pt\/product\/vaper-freddy-boyz-by-kidd-keo\/","og_locale":"pt_PT","og_type":"article","og_title":"Vaper Freddy Boyz by Kidd Keo Limited Edition - THE LYF LABS","og_description":"Vaper Freddy Boyz by Kidd Keo por mayor. Consigue aqu\u00ed tu Pod de CBD a precio mayorista en nuestra tienda exclusiva para profesionales.","og_url":"https:\/\/thelyflabs.com\/pt\/product\/vaper-freddy-boyz-by-kidd-keo\/","og_site_name":"THE LYF LABS","article_modified_time":"2024-01-30T16:43:22+00:00","og_image":[{"width":500,"height":500,"url":"https:\/\/thelyflabs.com\/wp-content\/uploads\/2023\/11\/FBKK-2-webp.webp","type":"image\/webp"}],"twitter_card":"summary_large_image","twitter_misc":{"Tempo estimado de leitura":"2 minutos"},"schema":{"@context":"https:\/\/schema.org","@graph":[{"@type":"WebPage","@id":"https:\/\/thelyflabs.com\/product\/vaper-freddy-boyz-by-kidd-keo","url":"https:\/\/thelyflabs.com\/product\/vaper-freddy-boyz-by-kidd-keo","name":"Vaper Freddy Boyz da Kidd Keo Edi\u00e7\u00e3o Limitada - THE LYF LABS","isPartOf":{"@id":"https:\/\/thelyflabs.com\/#website"},"primaryImageOfPage":{"@id":"https:\/\/thelyflabs.com\/product\/vaper-freddy-boyz-by-kidd-keo#primaryimage"},"image":{"@id":"https:\/\/thelyflabs.com\/product\/vaper-freddy-boyz-by-kidd-keo#primaryimage"},"thumbnailUrl":"https:\/\/thelyflabs.com\/wp-content\/uploads\/2023\/11\/FBKK-2-webp.webp","datePublished":"2023-11-09T16:07:51+00:00","dateModified":"2024-01-30T16:43:22+00:00","description":"Freddy Boyz Vape da Kidd Keo Atacado. Compre seu Pod de CBD a pre\u00e7os de atacado aqui em nossa loja exclusiva para profissionais.","breadcrumb":{"@id":"https:\/\/thelyflabs.com\/product\/vaper-freddy-boyz-by-kidd-keo#breadcrumb"},"inLanguage":"pt-PT","potentialAction":[{"@type":"ReadAction","target":["https:\/\/thelyflabs.com\/product\/vaper-freddy-boyz-by-kidd-keo"]}]},{"@type":"ImageObject","inLanguage":"pt-PT","@id":"https:\/\/thelyflabs.com\/product\/vaper-freddy-boyz-by-kidd-keo#primaryimage","url":"https:\/\/thelyflabs.com\/wp-content\/uploads\/2023\/11\/FBKK-2-webp.webp","contentUrl":"https:\/\/thelyflabs.com\/wp-content\/uploads\/2023\/11\/FBKK-2-webp.webp","width":500,"height":500,"caption":"vape kidd keo mayorista"},{"@type":"BreadcrumbList","@id":"https:\/\/thelyflabs.com\/product\/vaper-freddy-boyz-by-kidd-keo#breadcrumb","itemListElement":[{"@type":"ListItem","position":1,"name":"Portada","item":"https:\/\/thelyflabs.com\/"},{"@type":"ListItem","position":2,"name":"Tienda","item":"https:\/\/thelyflabs.com\/tienda"},{"@type":"ListItem","position":3,"name":"Vaper Freddy Boyz by Kidd Keo Limited Edition"}]},{"@type":"WebSite","@id":"https:\/\/thelyflabs.com\/#website","url":"https:\/\/thelyflabs.com\/","name":"Os Laborat\u00f3rios LYF","description":"CBD atacado","publisher":{"@id":"https:\/\/thelyflabs.com\/#organization"},"potentialAction":[{"@type":"SearchAction","target":{"@type":"EntryPoint","urlTemplate":"https:\/\/thelyflabs.com\/?s={search_term_string}"},"query-input":{"@type":"PropertyValueSpecification","valueRequired":true,"valueName":"search_term_string"}}],"inLanguage":"pt-PT"},{"@type":"Organization","@id":"https:\/\/thelyflabs.com\/#organization","name":"Os Laborat\u00f3rios LYF","url":"https:\/\/thelyflabs.com\/","logo":{"@type":"ImageObject","inLanguage":"pt-PT","@id":"https:\/\/thelyflabs.com\/#\/schema\/logo\/image\/","url":"https:\/\/thelyflabs.com\/wp-content\/uploads\/2023\/01\/cropped-LogoTheLYFLabs.png","contentUrl":"https:\/\/thelyflabs.com\/wp-content\/uploads\/2023\/01\/cropped-LogoTheLYFLabs.png","width":600,"height":180,"caption":"The LYF Labs"},"image":{"@id":"https:\/\/thelyflabs.com\/#\/schema\/logo\/image\/"}}]}},"_links":{"self":[{"href":"https:\/\/thelyflabs.com\/pt\/wp-json\/wp\/v2\/product\/3460","targetHints":{"allow":["GET"]}}],"collection":[{"href":"https:\/\/thelyflabs.com\/pt\/wp-json\/wp\/v2\/product"}],"about":[{"href":"https:\/\/thelyflabs.com\/pt\/wp-json\/wp\/v2\/types\/product"}],"replies":[{"embeddable":true,"href":"https:\/\/thelyflabs.com\/pt\/wp-json\/wp\/v2\/comments?post=3460"}],"wp:featuredmedia":[{"embeddable":true,"href":"https:\/\/thelyflabs.com\/pt\/wp-json\/wp\/v2\/media\/3462"}],"wp:attachment":[{"href":"https:\/\/thelyflabs.com\/pt\/wp-json\/wp\/v2\/media?parent=3460"}],"wp:term":[{"taxonomy":"product_brand","embeddable":true,"href":"https:\/\/thelyflabs.com\/pt\/wp-json\/wp\/v2\/product_brand?post=3460"},{"taxonomy":"product_cat","embeddable":true,"href":"https:\/\/thelyflabs.com\/pt\/wp-json\/wp\/v2\/product_cat?post=3460"},{"taxonomy":"product_tag","embeddable":true,"href":"https:\/\/thelyflabs.com\/pt\/wp-json\/wp\/v2\/product_tag?post=3460"}],"curies":[{"name":"wp","href":"https:\/\/api.w.org\/{rel}","templated":true}]}}