{"id":3658,"date":"2023-11-22T19:36:55","date_gmt":"2023-11-22T19:36:55","guid":{"rendered":"https:\/\/thelyflabs.com\/?post_type=product&#038;p=3658"},"modified":"2026-04-08T11:57:38","modified_gmt":"2026-04-08T09:57:38","slug":"cartucho-desechable-full-spectrum-lemon","status":"publish","type":"product","link":"https:\/\/thelyflabs.com\/pt\/product\/cartucho-desechable-full-spectrum-lemon","title":{"rendered":"Cartucho descart\u00e1vel de espectro completo \u2013 Lim\u00e3o"},"content":{"rendered":"<h4>Cartucho descart\u00e1vel de espectro completo \u2013 Lim\u00e3o<\/h4>\n<p>Experimente o poder do CBD com nosso cartucho descart\u00e1vel Full Spectrum Lemon, dispon\u00edvel na Iguana Smoke. Al\u00e9m disso, nossa f\u00f3rmula avan\u00e7ada combina a riqueza dos canabin\u00f3ides para proporcionar uma experi\u00eancia de vaporiza\u00e7\u00e3o \u00fanica e completa. Por ser extra\u00eddo de c\u00e2nhamo org\u00e2nico de alta qualidade, nosso Full Spectrum CBD preserva a sinergia natural da planta para maximizar seus benef\u00edcios. Desfrute de al\u00edvio em cada tragada.<\/p>\n<p>O cartucho cont\u00e9m <strong data-start=\"410\" data-end=\"426\">700mg de CBD<\/strong> (concentra\u00e7\u00e3o de 70%), que fornece <strong data-start=\"470\" data-end=\"491\">at\u00e9 300 baforadas<\/strong> na sua vers\u00e3o de <strong data-start=\"509\" data-end=\"516\">1ml<\/strong> e <strong data-start=\"519\" data-end=\"540\">at\u00e9 600 baforadas<\/strong> na vers\u00e3o de <strong data-start=\"558\" data-end=\"565\">2ml<\/strong>. Seu design compacto e compatibilidade com <strong data-start=\"610\" data-end=\"638\">Baterias de conex\u00e3o 510<\/strong> tornando-o ideal para uso a qualquer hora, em qualquer lugar, sem a necessidade de recarga ou manuten\u00e7\u00e3o.<\/p>\n<p><strong>Recursos em destaque:<\/strong><\/p>\n<ul>\n<li>CBD de espectro total de alta qualidade.<\/li>\n<li>Extra\u00e7\u00e3o de c\u00e2nhamo org\u00e2nico.<\/li>\n<li>Dispon\u00edvel em 1ml e 2ml.<\/li>\n<li>At\u00e9 300 puffs (1ml) e at\u00e9 600 puffs (2ml).<\/li>\n<li>Sem THC.<\/li>\n<li>Qualidade garantida pela Iguana Smoke.<\/li>\n<\/ul>\n<p><strong>Benef\u00edcios:<\/strong><\/p>\n<ul>\n<li>Al\u00edvio r\u00e1pido e eficaz.<\/li>\n<li>Promove relaxamento e bem-estar.<\/li>\n<li>Sem efeitos psicoativos indesejados.<\/li>\n<\/ul>\n<h4><strong>O que \u00e9 um cartucho descart\u00e1vel?<\/strong><\/h4>\n<p>Explorando op\u00e7\u00f5es, os cartuchos s\u00e3o dispositivos vaping que se conectam facilmente a baterias com conex\u00e3o tipo 510. Esses cartuchos, projetados para uma experi\u00eancia pr\u00e1tica, s\u00e3o descartados assim que o l\u00edquido se esgota.<\/p>\n<p><em>\u00c9 importante ressaltar: Este produto \u00e9 ideal para colecionadores e n\u00e3o se destina ao consumo direto ou ao fumo.<\/em><\/p>\n<p><strong>Benef\u00edcios de comprar no atacado no THE LYF LABS:<\/strong><\/p>\n<ul>\n<li><strong>Descontos competitivos:<\/strong> Aceda a pre\u00e7os competitivos que lhe permitem maximizar as suas margens de lucro.<\/li>\n<li><strong>Atendimento ao cliente profissional:<\/strong> Nossa equipe dedicada est\u00e1 pronta para fornecer um atendimento excepcional ao cliente e responder a todas as suas perguntas.<\/li>\n<li><strong>Envio r\u00e1pido e seguro:<\/strong> Garantimos um processo de envio r\u00e1pido e seguro para que os seus produtos cheguem a tempo e em perfeitas condi\u00e7\u00f5es.<\/li>\n<\/ul>\n<p>Impulsione seus neg\u00f3cios com o cartucho Full Spectrum no atacado da THE LYF LABS. Eleve a sua oferta de produtos CBD e atenda \u00e0s demandas dos seus clientes com esta op\u00e7\u00e3o de vaporiza\u00e7\u00e3o premium. Fa\u00e7a seu pedido hoje e leve seu neg\u00f3cio para o pr\u00f3ximo n\u00edvel!<\/p>","protected":false},"excerpt":{"rendered":"<h4>Cartucho descart\u00e1vel de espectro completo \u2013 Lim\u00e3o<\/h4>\n<h4><strong>Caracteristicas<\/strong><\/h4>\n<ul>\n<li>Conex\u00e3o: tipo 510<\/li>\n<li>Habilidade: <span style=\"font-size: 16px\">1 ml \/ 2 ml<\/span><\/li>\n<li>Sopros: <span style=\"font-size: 16px\">300 \/ 600<\/span><\/li>\n<li>Terpenos naturais de alta qualidade<\/li>\n<li>CDB: <span style=\"font-size: 16px\"> 70% \/ 700mg \/ 1400mg\u00a0<\/span><\/li>\n<li>THC: 0%<\/li>\n<li>Nicotina: 0%<\/li>\n<li>N\u00e3o cont\u00e9m VG, PG, PEG, MCT ou quaisquer outros agentes cortantes<\/li>\n<\/ul>","protected":false},"featured_media":11288,"comment_status":"open","ping_status":"closed","template":"","meta":{"_acf_changed":false,"site-sidebar-layout":"default","site-content-layout":"default","ast-site-content-layout":"default","site-content-style":"default","site-sidebar-style":"default","ast-global-header-display":"","ast-banner-title-visibility":"","ast-main-header-display":"","ast-hfb-above-header-display":"","ast-hfb-below-header-display":"","ast-hfb-mobile-header-display":"","site-post-title":"","ast-breadcrumbs-content":"","ast-featured-img":"","footer-sml-layout":"","theme-transparent-header-meta":"default","adv-header-id-meta":"","stick-header-meta":"","header-above-stick-meta":"","header-main-stick-meta":"","header-below-stick-meta":"","astra-migrate-meta-layouts":"set","ast-page-background-enabled":"default","ast-page-background-meta":{"desktop":{"background-color":"var(--ast-global-color-4)","background-image":"","background-repeat":"repeat","background-position":"center center","background-size":"auto","background-attachment":"scroll","background-type":"","background-media":"","overlay-type":"","overlay-color":"","overlay-opacity":"","overlay-gradient":""},"tablet":{"background-color":"","background-image":"","background-repeat":"repeat","background-position":"center center","background-size":"auto","background-attachment":"scroll","background-type":"","background-media":"","overlay-type":"","overlay-color":"","overlay-opacity":"","overlay-gradient":""},"mobile":{"background-color":"","background-image":"","background-repeat":"repeat","background-position":"center center","background-size":"auto","background-attachment":"scroll","background-type":"","background-media":"","overlay-type":"","overlay-color":"","overlay-opacity":"","overlay-gradient":""}},"ast-content-background-meta":{"desktop":{"background-color":"var(--ast-global-color-5)","background-image":"","background-repeat":"repeat","background-position":"center center","background-size":"auto","background-attachment":"scroll","background-type":"","background-media":"","overlay-type":"","overlay-color":"","overlay-opacity":"","overlay-gradient":""},"tablet":{"background-color":"var(--ast-global-color-5)","background-image":"","background-repeat":"repeat","background-position":"center center","background-size":"auto","background-attachment":"scroll","background-type":"","background-media":"","overlay-type":"","overlay-color":"","overlay-opacity":"","overlay-gradient":""},"mobile":{"background-color":"var(--ast-global-color-5)","background-image":"","background-repeat":"repeat","background-position":"center center","background-size":"auto","background-attachment":"scroll","background-type":"","background-media":"","overlay-type":"","overlay-color":"","overlay-opacity":"","overlay-gradient":""}}},"product_brand":[],"product_cat":[91,79,40,76],"product_tag":[],"class_list":{"0":"post-3658","1":"product","2":"type-product","3":"status-publish","4":"has-post-thumbnail","6":"product_cat-cartuchos","7":"product_cat-full-spectrum-cbd","8":"product_cat-iguanasmoke","9":"product_cat-vaper-cbd","10":"desktop-align-center","11":"tablet-align-left","12":"mobile-align-left","14":"first","15":"instock","16":"taxable","17":"shipping-taxable","18":"purchasable","19":"product-type-variable"},"acf":[],"yoast_head":"<!-- This site is optimized with the Yoast SEO plugin v27.3 - https:\/\/yoast.com\/product\/yoast-seo-wordpress\/ -->\n<title>Cartucho desechable Full Spectrum - Lemon - THE LYF LABS<\/title>\n<meta name=\"description\" content=\"Cartucho desechable Full Spectrum Iguana Smoke sabor Lemon. Disponible en 1ml y 2ml, 300 \/ 600 caladas y con una concentraci\u00f3n de 70% de CBD.\" \/>\n<meta name=\"robots\" content=\"index, follow, max-snippet:-1, max-image-preview:large, max-video-preview:-1\" \/>\n<link rel=\"canonical\" href=\"https:\/\/thelyflabs.com\/pt\/product\/cartucho-desechable-full-spectrum-lemon\/\" \/>\n<meta property=\"og:locale\" content=\"pt_PT\" \/>\n<meta property=\"og:type\" content=\"article\" \/>\n<meta property=\"og:title\" content=\"Cartucho desechable Full Spectrum - Lemon - THE LYF LABS\" \/>\n<meta property=\"og:description\" content=\"Cartucho desechable Full Spectrum Iguana Smoke sabor Lemon. Disponible en 1ml y 2ml, 300 \/ 600 caladas y con una concentraci\u00f3n de 70% de CBD.\" \/>\n<meta property=\"og:url\" content=\"https:\/\/thelyflabs.com\/pt\/product\/cartucho-desechable-full-spectrum-lemon\/\" \/>\n<meta property=\"og:site_name\" content=\"THE LYF LABS\" \/>\n<meta property=\"article:modified_time\" content=\"2026-04-08T09:57:38+00:00\" \/>\n<meta property=\"og:image\" content=\"https:\/\/thelyflabs.com\/wp-content\/uploads\/2023\/11\/Bolsa-con-cartucho-Vape-Full-Spectrum-2ml-Lemon-Haze-2025.webp\" \/>\n\t<meta property=\"og:image:width\" content=\"1000\" \/>\n\t<meta property=\"og:image:height\" content=\"1000\" \/>\n\t<meta property=\"og:image:type\" content=\"image\/webp\" \/>\n<meta name=\"twitter:card\" content=\"summary_large_image\" \/>\n<meta name=\"twitter:label1\" content=\"Tempo estimado de leitura\" \/>\n\t<meta name=\"twitter:data1\" content=\"2 minutos\" \/>\n<script type=\"application\/ld+json\" class=\"yoast-schema-graph\">{\"@context\":\"https:\\\/\\\/schema.org\",\"@graph\":[{\"@type\":\"WebPage\",\"@id\":\"https:\\\/\\\/thelyflabs.com\\\/product\\\/cartucho-desechable-full-spectrum-lemon\",\"url\":\"https:\\\/\\\/thelyflabs.com\\\/product\\\/cartucho-desechable-full-spectrum-lemon\",\"name\":\"Cartucho desechable Full Spectrum - Lemon - THE LYF LABS\",\"isPartOf\":{\"@id\":\"https:\\\/\\\/thelyflabs.com\\\/#website\"},\"primaryImageOfPage\":{\"@id\":\"https:\\\/\\\/thelyflabs.com\\\/product\\\/cartucho-desechable-full-spectrum-lemon#primaryimage\"},\"image\":{\"@id\":\"https:\\\/\\\/thelyflabs.com\\\/product\\\/cartucho-desechable-full-spectrum-lemon#primaryimage\"},\"thumbnailUrl\":\"https:\\\/\\\/thelyflabs.com\\\/wp-content\\\/uploads\\\/2023\\\/11\\\/Bolsa-con-cartucho-Vape-Full-Spectrum-2ml-Lemon-Haze-2025.webp\",\"datePublished\":\"2023-11-22T19:36:55+00:00\",\"dateModified\":\"2026-04-08T09:57:38+00:00\",\"description\":\"Cartucho desechable Full Spectrum Iguana Smoke sabor Lemon. Disponible en 1ml y 2ml, 300 \\\/ 600 caladas y con una concentraci\u00f3n de 70% de CBD.\",\"breadcrumb\":{\"@id\":\"https:\\\/\\\/thelyflabs.com\\\/product\\\/cartucho-desechable-full-spectrum-lemon#breadcrumb\"},\"inLanguage\":\"pt-PT\",\"potentialAction\":[{\"@type\":\"ReadAction\",\"target\":[\"https:\\\/\\\/thelyflabs.com\\\/product\\\/cartucho-desechable-full-spectrum-lemon\"]}]},{\"@type\":\"ImageObject\",\"inLanguage\":\"pt-PT\",\"@id\":\"https:\\\/\\\/thelyflabs.com\\\/product\\\/cartucho-desechable-full-spectrum-lemon#primaryimage\",\"url\":\"https:\\\/\\\/thelyflabs.com\\\/wp-content\\\/uploads\\\/2023\\\/11\\\/Bolsa-con-cartucho-Vape-Full-Spectrum-2ml-Lemon-Haze-2025.webp\",\"contentUrl\":\"https:\\\/\\\/thelyflabs.com\\\/wp-content\\\/uploads\\\/2023\\\/11\\\/Bolsa-con-cartucho-Vape-Full-Spectrum-2ml-Lemon-Haze-2025.webp\",\"width\":1000,\"height\":1000,\"caption\":\"vaper hhc cartucho\"},{\"@type\":\"BreadcrumbList\",\"@id\":\"https:\\\/\\\/thelyflabs.com\\\/product\\\/cartucho-desechable-full-spectrum-lemon#breadcrumb\",\"itemListElement\":[{\"@type\":\"ListItem\",\"position\":1,\"name\":\"Portada\",\"item\":\"https:\\\/\\\/thelyflabs.com\\\/\"},{\"@type\":\"ListItem\",\"position\":2,\"name\":\"Tienda\",\"item\":\"https:\\\/\\\/thelyflabs.com\\\/tienda\"},{\"@type\":\"ListItem\",\"position\":3,\"name\":\"Cartucho desechable Full Spectrum &#8211; Lemon\"}]},{\"@type\":\"WebSite\",\"@id\":\"https:\\\/\\\/thelyflabs.com\\\/#website\",\"url\":\"https:\\\/\\\/thelyflabs.com\\\/\",\"name\":\"The LYF Labs\",\"description\":\"CBD al por mayor\",\"publisher\":{\"@id\":\"https:\\\/\\\/thelyflabs.com\\\/#organization\"},\"potentialAction\":[{\"@type\":\"SearchAction\",\"target\":{\"@type\":\"EntryPoint\",\"urlTemplate\":\"https:\\\/\\\/thelyflabs.com\\\/?s={search_term_string}\"},\"query-input\":{\"@type\":\"PropertyValueSpecification\",\"valueRequired\":true,\"valueName\":\"search_term_string\"}}],\"inLanguage\":\"pt-PT\"},{\"@type\":\"Organization\",\"@id\":\"https:\\\/\\\/thelyflabs.com\\\/#organization\",\"name\":\"The LYF Labs\",\"url\":\"https:\\\/\\\/thelyflabs.com\\\/\",\"logo\":{\"@type\":\"ImageObject\",\"inLanguage\":\"pt-PT\",\"@id\":\"https:\\\/\\\/thelyflabs.com\\\/#\\\/schema\\\/logo\\\/image\\\/\",\"url\":\"https:\\\/\\\/thelyflabs.com\\\/wp-content\\\/uploads\\\/2023\\\/01\\\/cropped-LogoTheLYFLabs.png\",\"contentUrl\":\"https:\\\/\\\/thelyflabs.com\\\/wp-content\\\/uploads\\\/2023\\\/01\\\/cropped-LogoTheLYFLabs.png\",\"width\":600,\"height\":180,\"caption\":\"The LYF Labs\"},\"image\":{\"@id\":\"https:\\\/\\\/thelyflabs.com\\\/#\\\/schema\\\/logo\\\/image\\\/\"}}]}<\/script>\n<!-- \/ Yoast SEO plugin. -->","yoast_head_json":{"title":"Cartucho desechable Full Spectrum - Lemon - THE LYF LABS","description":"Cartucho desechable Full Spectrum Iguana Smoke sabor Lemon. Disponible en 1ml y 2ml, 300 \/ 600 caladas y con una concentraci\u00f3n de 70% de CBD.","robots":{"index":"index","follow":"follow","max-snippet":"max-snippet:-1","max-image-preview":"max-image-preview:large","max-video-preview":"max-video-preview:-1"},"canonical":"https:\/\/thelyflabs.com\/pt\/product\/cartucho-desechable-full-spectrum-lemon\/","og_locale":"pt_PT","og_type":"article","og_title":"Cartucho desechable Full Spectrum - Lemon - THE LYF LABS","og_description":"Cartucho desechable Full Spectrum Iguana Smoke sabor Lemon. Disponible en 1ml y 2ml, 300 \/ 600 caladas y con una concentraci\u00f3n de 70% de CBD.","og_url":"https:\/\/thelyflabs.com\/pt\/product\/cartucho-desechable-full-spectrum-lemon\/","og_site_name":"THE LYF LABS","article_modified_time":"2026-04-08T09:57:38+00:00","og_image":[{"width":1000,"height":1000,"url":"https:\/\/thelyflabs.com\/wp-content\/uploads\/2023\/11\/Bolsa-con-cartucho-Vape-Full-Spectrum-2ml-Lemon-Haze-2025.webp","type":"image\/webp"}],"twitter_card":"summary_large_image","twitter_misc":{"Tempo estimado de leitura":"2 minutos"},"schema":{"@context":"https:\/\/schema.org","@graph":[{"@type":"WebPage","@id":"https:\/\/thelyflabs.com\/product\/cartucho-desechable-full-spectrum-lemon","url":"https:\/\/thelyflabs.com\/product\/cartucho-desechable-full-spectrum-lemon","name":"Cartucho desechable Full Spectrum - Lemon - THE LYF LABS","isPartOf":{"@id":"https:\/\/thelyflabs.com\/#website"},"primaryImageOfPage":{"@id":"https:\/\/thelyflabs.com\/product\/cartucho-desechable-full-spectrum-lemon#primaryimage"},"image":{"@id":"https:\/\/thelyflabs.com\/product\/cartucho-desechable-full-spectrum-lemon#primaryimage"},"thumbnailUrl":"https:\/\/thelyflabs.com\/wp-content\/uploads\/2023\/11\/Bolsa-con-cartucho-Vape-Full-Spectrum-2ml-Lemon-Haze-2025.webp","datePublished":"2023-11-22T19:36:55+00:00","dateModified":"2026-04-08T09:57:38+00:00","description":"Cartucho desechable Full Spectrum Iguana Smoke sabor Lemon. Disponible en 1ml y 2ml, 300 \/ 600 caladas y con una concentraci\u00f3n de 70% de CBD.","breadcrumb":{"@id":"https:\/\/thelyflabs.com\/product\/cartucho-desechable-full-spectrum-lemon#breadcrumb"},"inLanguage":"pt-PT","potentialAction":[{"@type":"ReadAction","target":["https:\/\/thelyflabs.com\/product\/cartucho-desechable-full-spectrum-lemon"]}]},{"@type":"ImageObject","inLanguage":"pt-PT","@id":"https:\/\/thelyflabs.com\/product\/cartucho-desechable-full-spectrum-lemon#primaryimage","url":"https:\/\/thelyflabs.com\/wp-content\/uploads\/2023\/11\/Bolsa-con-cartucho-Vape-Full-Spectrum-2ml-Lemon-Haze-2025.webp","contentUrl":"https:\/\/thelyflabs.com\/wp-content\/uploads\/2023\/11\/Bolsa-con-cartucho-Vape-Full-Spectrum-2ml-Lemon-Haze-2025.webp","width":1000,"height":1000,"caption":"vaper hhc cartucho"},{"@type":"BreadcrumbList","@id":"https:\/\/thelyflabs.com\/product\/cartucho-desechable-full-spectrum-lemon#breadcrumb","itemListElement":[{"@type":"ListItem","position":1,"name":"Portada","item":"https:\/\/thelyflabs.com\/"},{"@type":"ListItem","position":2,"name":"Tienda","item":"https:\/\/thelyflabs.com\/tienda"},{"@type":"ListItem","position":3,"name":"Cartucho desechable Full Spectrum &#8211; Lemon"}]},{"@type":"WebSite","@id":"https:\/\/thelyflabs.com\/#website","url":"https:\/\/thelyflabs.com\/","name":"Os Laborat\u00f3rios LYF","description":"CBD atacado","publisher":{"@id":"https:\/\/thelyflabs.com\/#organization"},"potentialAction":[{"@type":"SearchAction","target":{"@type":"EntryPoint","urlTemplate":"https:\/\/thelyflabs.com\/?s={search_term_string}"},"query-input":{"@type":"PropertyValueSpecification","valueRequired":true,"valueName":"search_term_string"}}],"inLanguage":"pt-PT"},{"@type":"Organization","@id":"https:\/\/thelyflabs.com\/#organization","name":"Os Laborat\u00f3rios LYF","url":"https:\/\/thelyflabs.com\/","logo":{"@type":"ImageObject","inLanguage":"pt-PT","@id":"https:\/\/thelyflabs.com\/#\/schema\/logo\/image\/","url":"https:\/\/thelyflabs.com\/wp-content\/uploads\/2023\/01\/cropped-LogoTheLYFLabs.png","contentUrl":"https:\/\/thelyflabs.com\/wp-content\/uploads\/2023\/01\/cropped-LogoTheLYFLabs.png","width":600,"height":180,"caption":"The LYF Labs"},"image":{"@id":"https:\/\/thelyflabs.com\/#\/schema\/logo\/image\/"}}]}},"_links":{"self":[{"href":"https:\/\/thelyflabs.com\/pt\/wp-json\/wp\/v2\/product\/3658","targetHints":{"allow":["GET"]}}],"collection":[{"href":"https:\/\/thelyflabs.com\/pt\/wp-json\/wp\/v2\/product"}],"about":[{"href":"https:\/\/thelyflabs.com\/pt\/wp-json\/wp\/v2\/types\/product"}],"replies":[{"embeddable":true,"href":"https:\/\/thelyflabs.com\/pt\/wp-json\/wp\/v2\/comments?post=3658"}],"wp:featuredmedia":[{"embeddable":true,"href":"https:\/\/thelyflabs.com\/pt\/wp-json\/wp\/v2\/media\/11288"}],"wp:attachment":[{"href":"https:\/\/thelyflabs.com\/pt\/wp-json\/wp\/v2\/media?parent=3658"}],"wp:term":[{"taxonomy":"product_brand","embeddable":true,"href":"https:\/\/thelyflabs.com\/pt\/wp-json\/wp\/v2\/product_brand?post=3658"},{"taxonomy":"product_cat","embeddable":true,"href":"https:\/\/thelyflabs.com\/pt\/wp-json\/wp\/v2\/product_cat?post=3658"},{"taxonomy":"product_tag","embeddable":true,"href":"https:\/\/thelyflabs.com\/pt\/wp-json\/wp\/v2\/product_tag?post=3658"}],"curies":[{"name":"wp","href":"https:\/\/api.w.org\/{rel}","templated":true}]}}