{"id":4052,"date":"2023-12-28T14:58:13","date_gmt":"2023-12-28T14:58:13","guid":{"rendered":"https:\/\/thelyflabs.com\/?post_type=product&#038;p=4052"},"modified":"2025-05-27T01:03:51","modified_gmt":"2025-05-26T23:03:51","slug":"grinder-mini-iguana-smoke","status":"publish","type":"product","link":"https:\/\/thelyflabs.com\/pt\/product\/grinder-mini-iguana-smoke","title":{"rendered":"Moedor Mini Fuma\u00e7a Iguana"},"content":{"rendered":"<h3>Moedor Mini Fuma\u00e7a Iguana<\/h3>\n<p>Explore novos patamares em sua prepara\u00e7\u00e3o de ervas com o Iguana Smoke Mini Grinder, uma fus\u00e3o perfeita de funcionalidade e estilo. Este moedor excepcional est\u00e1 dispon\u00edvel em seis cores vibrantes, permitindo-lhe expressar a sua personalidade enquanto aperfei\u00e7oa a sua experi\u00eancia de fumar.<\/p>\n<p>Projetado para fornecer resultados consistentes, o moedor Iguana Smoke \u00e9 uma ferramenta essencial para os amantes de ervas. Seus dentes afiados e precisos trituram suas ervas favoritas com facilidade, garantindo consist\u00eancia perfeita em cada sess\u00e3o.<\/p>\n<p>A variedade de cores dispon\u00edveis permite que voc\u00ea escolha o moedor que mais se adapta ao seu estilo \u00fanico. Dos tons cl\u00e1ssicos \u00e0s op\u00e7\u00f5es mais ousadas, cada cor \u00e9 uma afirma\u00e7\u00e3o de individualidade. Al\u00e9m disso, a camada externa de alta qualidade n\u00e3o s\u00f3 acrescenta estilo, mas tamb\u00e9m oferece resist\u00eancia excepcional ao desgaste di\u00e1rio.<\/p>\n<p>Com design ainda mais compacto e port\u00e1til, o mini moedor Iguana Smoke se torna o companheiro perfeito para suas aventuras. Seja em casa ou em viagem, leve consigo o utens\u00edlio essencial para desfrutar de momentos relaxantes com as suas ervas preferidas.<\/p>\n<p>Eleve a sua experi\u00eancia de moagem com o Moedor de Fuma\u00e7a Iguana. Assim, descubra a combina\u00e7\u00e3o perfeita de estilo, desempenho e durabilidade em cada uso. Escolha a sua cor preferida e leve o seu ritual de fumar para o pr\u00f3ximo n\u00edvel!<\/p>\n<h3>POR QUE OS LABORAT\u00d3RIOS LYF?<\/h3>\n<p>Impulsione seus neg\u00f3cios com THE LYF LABS, seu parceiro de confian\u00e7a no atacado de CBD. Oferecemos uma ampla gama de produtos de qualidade premium para atender \u00e0s demandas de seus clientes. Maximize os seus lucros e expanda a sua presen\u00e7a no mercado de CBD. Junte-se a n\u00f3s para uma parceria de sucesso e duradoura!<\/p>","protected":false},"excerpt":{"rendered":"<p>Mini Moedor de Fuma\u00e7a de Iguana:<\/p>\n<ul>\n<li>Tamanho: 42mm<\/li>\n<li>Escolha se deseja 1 ou 12!<\/li>\n<li>Dispon\u00edvel em 6 cores<\/li>\n<li>Preto<\/li>\n<li>Vermelho<\/li>\n<li>Azul<\/li>\n<li>Laranja<\/li>\n<li>Amarelo<\/li>\n<li>Verde<\/li>\n<\/ul>","protected":false},"featured_media":4062,"comment_status":"open","ping_status":"closed","template":"","meta":{"_acf_changed":false,"site-sidebar-layout":"default","site-content-layout":"","ast-site-content-layout":"default","site-content-style":"default","site-sidebar-style":"default","ast-global-header-display":"","ast-banner-title-visibility":"","ast-main-header-display":"","ast-hfb-above-header-display":"","ast-hfb-below-header-display":"","ast-hfb-mobile-header-display":"","site-post-title":"","ast-breadcrumbs-content":"","ast-featured-img":"","footer-sml-layout":"","theme-transparent-header-meta":"default","adv-header-id-meta":"","stick-header-meta":"","header-above-stick-meta":"","header-main-stick-meta":"","header-below-stick-meta":"","astra-migrate-meta-layouts":"set","ast-page-background-enabled":"default","ast-page-background-meta":{"desktop":{"background-color":"var(--ast-global-color-4)","background-image":"","background-repeat":"repeat","background-position":"center center","background-size":"auto","background-attachment":"scroll","background-type":"","background-media":"","overlay-type":"","overlay-color":"","overlay-opacity":"","overlay-gradient":""},"tablet":{"background-color":"","background-image":"","background-repeat":"repeat","background-position":"center center","background-size":"auto","background-attachment":"scroll","background-type":"","background-media":"","overlay-type":"","overlay-color":"","overlay-opacity":"","overlay-gradient":""},"mobile":{"background-color":"","background-image":"","background-repeat":"repeat","background-position":"center center","background-size":"auto","background-attachment":"scroll","background-type":"","background-media":"","overlay-type":"","overlay-color":"","overlay-opacity":"","overlay-gradient":""}},"ast-content-background-meta":{"desktop":{"background-color":"var(--ast-global-color-5)","background-image":"","background-repeat":"repeat","background-position":"center center","background-size":"auto","background-attachment":"scroll","background-type":"","background-media":"","overlay-type":"","overlay-color":"","overlay-opacity":"","overlay-gradient":""},"tablet":{"background-color":"var(--ast-global-color-5)","background-image":"","background-repeat":"repeat","background-position":"center center","background-size":"auto","background-attachment":"scroll","background-type":"","background-media":"","overlay-type":"","overlay-color":"","overlay-opacity":"","overlay-gradient":""},"mobile":{"background-color":"var(--ast-global-color-5)","background-image":"","background-repeat":"repeat","background-position":"center center","background-size":"auto","background-attachment":"scroll","background-type":"","background-media":"","overlay-type":"","overlay-color":"","overlay-opacity":"","overlay-gradient":""}}},"product_brand":[],"product_cat":[93,40,108],"product_tag":[],"class_list":{"0":"post-4052","1":"product","2":"type-product","3":"status-publish","4":"has-post-thumbnail","6":"product_cat-grinders","7":"product_cat-iguanasmoke","8":"product_cat-novedades","9":"desktop-align-center","10":"tablet-align-left","11":"mobile-align-left","13":"first","14":"outofstock","15":"taxable","16":"shipping-taxable","17":"purchasable","18":"product-type-variable"},"acf":[],"yoast_head":"<!-- This site is optimized with the Yoast SEO plugin v27.3 - https:\/\/yoast.com\/product\/yoast-seo-wordpress\/ -->\n<title>Grinder Mini Iguana Smoke - THE LYF LABS<\/title>\n<meta name=\"description\" content=\"Consigue tu Grinder Mini Iguana Smoke en THE LYF LABS. Consigue aqui los mejores precios para tiendas mayoristas y distribuidores!\" \/>\n<meta name=\"robots\" content=\"index, follow, max-snippet:-1, max-image-preview:large, max-video-preview:-1\" \/>\n<link rel=\"canonical\" href=\"https:\/\/thelyflabs.com\/pt\/product\/grinder-mini-iguana-smoke\/\" \/>\n<meta property=\"og:locale\" content=\"pt_PT\" \/>\n<meta property=\"og:type\" content=\"article\" \/>\n<meta property=\"og:title\" content=\"Grinder Mini Iguana Smoke - THE LYF LABS\" \/>\n<meta property=\"og:description\" content=\"Consigue tu Grinder Mini Iguana Smoke en THE LYF LABS. Consigue aqui los mejores precios para tiendas mayoristas y distribuidores!\" \/>\n<meta property=\"og:url\" content=\"https:\/\/thelyflabs.com\/pt\/product\/grinder-mini-iguana-smoke\/\" \/>\n<meta property=\"og:site_name\" content=\"THE LYF LABS\" \/>\n<meta property=\"article:modified_time\" content=\"2025-05-26T23:03:51+00:00\" \/>\n<meta property=\"og:image\" content=\"https:\/\/thelyflabs.com\/wp-content\/uploads\/2023\/12\/Grinders-Peque-webp-1.webp\" \/>\n\t<meta property=\"og:image:width\" content=\"500\" \/>\n\t<meta property=\"og:image:height\" content=\"500\" \/>\n\t<meta property=\"og:image:type\" content=\"image\/webp\" \/>\n<meta name=\"twitter:card\" content=\"summary_large_image\" \/>\n<meta name=\"twitter:label1\" content=\"Tempo estimado de leitura\" \/>\n\t<meta name=\"twitter:data1\" content=\"3 minutos\" \/>\n<script type=\"application\/ld+json\" class=\"yoast-schema-graph\">{\"@context\":\"https:\\\/\\\/schema.org\",\"@graph\":[{\"@type\":\"WebPage\",\"@id\":\"https:\\\/\\\/thelyflabs.com\\\/product\\\/grinder-mini-iguana-smoke\",\"url\":\"https:\\\/\\\/thelyflabs.com\\\/product\\\/grinder-mini-iguana-smoke\",\"name\":\"Grinder Mini Iguana Smoke - THE LYF LABS\",\"isPartOf\":{\"@id\":\"https:\\\/\\\/thelyflabs.com\\\/#website\"},\"primaryImageOfPage\":{\"@id\":\"https:\\\/\\\/thelyflabs.com\\\/product\\\/grinder-mini-iguana-smoke#primaryimage\"},\"image\":{\"@id\":\"https:\\\/\\\/thelyflabs.com\\\/product\\\/grinder-mini-iguana-smoke#primaryimage\"},\"thumbnailUrl\":\"https:\\\/\\\/thelyflabs.com\\\/wp-content\\\/uploads\\\/2023\\\/12\\\/Grinders-Peque-webp-1.webp\",\"datePublished\":\"2023-12-28T14:58:13+00:00\",\"dateModified\":\"2025-05-26T23:03:51+00:00\",\"description\":\"Consigue tu Grinder Mini Iguana Smoke en THE LYF LABS. Consigue aqui los mejores precios para tiendas mayoristas y distribuidores!\",\"breadcrumb\":{\"@id\":\"https:\\\/\\\/thelyflabs.com\\\/product\\\/grinder-mini-iguana-smoke#breadcrumb\"},\"inLanguage\":\"pt-PT\",\"potentialAction\":[{\"@type\":\"ReadAction\",\"target\":[\"https:\\\/\\\/thelyflabs.com\\\/product\\\/grinder-mini-iguana-smoke\"]}]},{\"@type\":\"ImageObject\",\"inLanguage\":\"pt-PT\",\"@id\":\"https:\\\/\\\/thelyflabs.com\\\/product\\\/grinder-mini-iguana-smoke#primaryimage\",\"url\":\"https:\\\/\\\/thelyflabs.com\\\/wp-content\\\/uploads\\\/2023\\\/12\\\/Grinders-Peque-webp-1.webp\",\"contentUrl\":\"https:\\\/\\\/thelyflabs.com\\\/wp-content\\\/uploads\\\/2023\\\/12\\\/Grinders-Peque-webp-1.webp\",\"width\":500,\"height\":500,\"caption\":\"grinders peque\u00f1os iguana mayorista\"},{\"@type\":\"BreadcrumbList\",\"@id\":\"https:\\\/\\\/thelyflabs.com\\\/product\\\/grinder-mini-iguana-smoke#breadcrumb\",\"itemListElement\":[{\"@type\":\"ListItem\",\"position\":1,\"name\":\"Portada\",\"item\":\"https:\\\/\\\/thelyflabs.com\\\/\"},{\"@type\":\"ListItem\",\"position\":2,\"name\":\"Tienda\",\"item\":\"https:\\\/\\\/thelyflabs.com\\\/tienda\"},{\"@type\":\"ListItem\",\"position\":3,\"name\":\"Grinder Mini Iguana Smoke\"}]},{\"@type\":\"WebSite\",\"@id\":\"https:\\\/\\\/thelyflabs.com\\\/#website\",\"url\":\"https:\\\/\\\/thelyflabs.com\\\/\",\"name\":\"The LYF Labs\",\"description\":\"CBD al por mayor\",\"publisher\":{\"@id\":\"https:\\\/\\\/thelyflabs.com\\\/#organization\"},\"potentialAction\":[{\"@type\":\"SearchAction\",\"target\":{\"@type\":\"EntryPoint\",\"urlTemplate\":\"https:\\\/\\\/thelyflabs.com\\\/?s={search_term_string}\"},\"query-input\":{\"@type\":\"PropertyValueSpecification\",\"valueRequired\":true,\"valueName\":\"search_term_string\"}}],\"inLanguage\":\"pt-PT\"},{\"@type\":\"Organization\",\"@id\":\"https:\\\/\\\/thelyflabs.com\\\/#organization\",\"name\":\"The LYF Labs\",\"url\":\"https:\\\/\\\/thelyflabs.com\\\/\",\"logo\":{\"@type\":\"ImageObject\",\"inLanguage\":\"pt-PT\",\"@id\":\"https:\\\/\\\/thelyflabs.com\\\/#\\\/schema\\\/logo\\\/image\\\/\",\"url\":\"https:\\\/\\\/thelyflabs.com\\\/wp-content\\\/uploads\\\/2023\\\/01\\\/cropped-LogoTheLYFLabs.png\",\"contentUrl\":\"https:\\\/\\\/thelyflabs.com\\\/wp-content\\\/uploads\\\/2023\\\/01\\\/cropped-LogoTheLYFLabs.png\",\"width\":600,\"height\":180,\"caption\":\"The LYF Labs\"},\"image\":{\"@id\":\"https:\\\/\\\/thelyflabs.com\\\/#\\\/schema\\\/logo\\\/image\\\/\"}}]}<\/script>\n<!-- \/ Yoast SEO plugin. -->","yoast_head_json":{"title":"Grinder Mini Iguana Smoke - THE LYF LABS","description":"Compre seu Mini Moedor de Fuma\u00e7a Iguana na THE LYF LABS. Encontre os melhores pre\u00e7os para atacadistas e distribuidores aqui!","robots":{"index":"index","follow":"follow","max-snippet":"max-snippet:-1","max-image-preview":"max-image-preview:large","max-video-preview":"max-video-preview:-1"},"canonical":"https:\/\/thelyflabs.com\/pt\/product\/grinder-mini-iguana-smoke\/","og_locale":"pt_PT","og_type":"article","og_title":"Grinder Mini Iguana Smoke - THE LYF LABS","og_description":"Consigue tu Grinder Mini Iguana Smoke en THE LYF LABS. Consigue aqui los mejores precios para tiendas mayoristas y distribuidores!","og_url":"https:\/\/thelyflabs.com\/pt\/product\/grinder-mini-iguana-smoke\/","og_site_name":"THE LYF LABS","article_modified_time":"2025-05-26T23:03:51+00:00","og_image":[{"width":500,"height":500,"url":"https:\/\/thelyflabs.com\/wp-content\/uploads\/2023\/12\/Grinders-Peque-webp-1.webp","type":"image\/webp"}],"twitter_card":"summary_large_image","twitter_misc":{"Tempo estimado de leitura":"3 minutos"},"schema":{"@context":"https:\/\/schema.org","@graph":[{"@type":"WebPage","@id":"https:\/\/thelyflabs.com\/product\/grinder-mini-iguana-smoke","url":"https:\/\/thelyflabs.com\/product\/grinder-mini-iguana-smoke","name":"Grinder Mini Iguana Smoke - THE LYF LABS","isPartOf":{"@id":"https:\/\/thelyflabs.com\/#website"},"primaryImageOfPage":{"@id":"https:\/\/thelyflabs.com\/product\/grinder-mini-iguana-smoke#primaryimage"},"image":{"@id":"https:\/\/thelyflabs.com\/product\/grinder-mini-iguana-smoke#primaryimage"},"thumbnailUrl":"https:\/\/thelyflabs.com\/wp-content\/uploads\/2023\/12\/Grinders-Peque-webp-1.webp","datePublished":"2023-12-28T14:58:13+00:00","dateModified":"2025-05-26T23:03:51+00:00","description":"Compre seu Mini Moedor de Fuma\u00e7a Iguana na THE LYF LABS. Encontre os melhores pre\u00e7os para atacadistas e distribuidores aqui!","breadcrumb":{"@id":"https:\/\/thelyflabs.com\/product\/grinder-mini-iguana-smoke#breadcrumb"},"inLanguage":"pt-PT","potentialAction":[{"@type":"ReadAction","target":["https:\/\/thelyflabs.com\/product\/grinder-mini-iguana-smoke"]}]},{"@type":"ImageObject","inLanguage":"pt-PT","@id":"https:\/\/thelyflabs.com\/product\/grinder-mini-iguana-smoke#primaryimage","url":"https:\/\/thelyflabs.com\/wp-content\/uploads\/2023\/12\/Grinders-Peque-webp-1.webp","contentUrl":"https:\/\/thelyflabs.com\/wp-content\/uploads\/2023\/12\/Grinders-Peque-webp-1.webp","width":500,"height":500,"caption":"grinders peque\u00f1os iguana mayorista"},{"@type":"BreadcrumbList","@id":"https:\/\/thelyflabs.com\/product\/grinder-mini-iguana-smoke#breadcrumb","itemListElement":[{"@type":"ListItem","position":1,"name":"Portada","item":"https:\/\/thelyflabs.com\/"},{"@type":"ListItem","position":2,"name":"Tienda","item":"https:\/\/thelyflabs.com\/tienda"},{"@type":"ListItem","position":3,"name":"Grinder Mini Iguana Smoke"}]},{"@type":"WebSite","@id":"https:\/\/thelyflabs.com\/#website","url":"https:\/\/thelyflabs.com\/","name":"Os Laborat\u00f3rios LYF","description":"CBD atacado","publisher":{"@id":"https:\/\/thelyflabs.com\/#organization"},"potentialAction":[{"@type":"SearchAction","target":{"@type":"EntryPoint","urlTemplate":"https:\/\/thelyflabs.com\/?s={search_term_string}"},"query-input":{"@type":"PropertyValueSpecification","valueRequired":true,"valueName":"search_term_string"}}],"inLanguage":"pt-PT"},{"@type":"Organization","@id":"https:\/\/thelyflabs.com\/#organization","name":"Os Laborat\u00f3rios LYF","url":"https:\/\/thelyflabs.com\/","logo":{"@type":"ImageObject","inLanguage":"pt-PT","@id":"https:\/\/thelyflabs.com\/#\/schema\/logo\/image\/","url":"https:\/\/thelyflabs.com\/wp-content\/uploads\/2023\/01\/cropped-LogoTheLYFLabs.png","contentUrl":"https:\/\/thelyflabs.com\/wp-content\/uploads\/2023\/01\/cropped-LogoTheLYFLabs.png","width":600,"height":180,"caption":"The LYF Labs"},"image":{"@id":"https:\/\/thelyflabs.com\/#\/schema\/logo\/image\/"}}]}},"_links":{"self":[{"href":"https:\/\/thelyflabs.com\/pt\/wp-json\/wp\/v2\/product\/4052","targetHints":{"allow":["GET"]}}],"collection":[{"href":"https:\/\/thelyflabs.com\/pt\/wp-json\/wp\/v2\/product"}],"about":[{"href":"https:\/\/thelyflabs.com\/pt\/wp-json\/wp\/v2\/types\/product"}],"replies":[{"embeddable":true,"href":"https:\/\/thelyflabs.com\/pt\/wp-json\/wp\/v2\/comments?post=4052"}],"wp:featuredmedia":[{"embeddable":true,"href":"https:\/\/thelyflabs.com\/pt\/wp-json\/wp\/v2\/media\/4062"}],"wp:attachment":[{"href":"https:\/\/thelyflabs.com\/pt\/wp-json\/wp\/v2\/media?parent=4052"}],"wp:term":[{"taxonomy":"product_brand","embeddable":true,"href":"https:\/\/thelyflabs.com\/pt\/wp-json\/wp\/v2\/product_brand?post=4052"},{"taxonomy":"product_cat","embeddable":true,"href":"https:\/\/thelyflabs.com\/pt\/wp-json\/wp\/v2\/product_cat?post=4052"},{"taxonomy":"product_tag","embeddable":true,"href":"https:\/\/thelyflabs.com\/pt\/wp-json\/wp\/v2\/product_tag?post=4052"}],"curies":[{"name":"wp","href":"https:\/\/api.w.org\/{rel}","templated":true}]}}