{"id":438,"date":"2023-02-01T14:38:22","date_gmt":"2023-02-01T14:38:22","guid":{"rendered":"https:\/\/thelyflabs.com\/?post_type=product&#038;p=438"},"modified":"2026-04-24T15:23:53","modified_gmt":"2026-04-24T13:23:53","slug":"pre-roll-cono-king-size-de-cbd-1gr","status":"publish","type":"product","link":"https:\/\/thelyflabs.com\/pt\/product\/pre-roll-cono-king-size-de-cbd-1gr","title":{"rendered":"Pre Roll CBD &#8211; Cono King Size de CBD"},"content":{"rendered":"<h1><span style=\"font-weight: 400\">Pre Roll CBD- Cono King Size\u00a0<\/span><\/h1>\n<p data-start=\"277\" data-end=\"346\"><span style=\"font-weight: 400\">\u00bfBuscas un <strong>Pre Roll CBD<\/strong> potente y con la calidad perfecta de una flor premium? El <strong>Cono King Size de CBD mayorista <\/strong>de Iguana Smoke es la opci\u00f3n perfecta para quienes quieren disfrutar del cannabidiol sin complicaciones: abrir, encender y relajarse. <\/span><\/p>\n<p data-start=\"277\" data-end=\"346\"><span style=\"font-weight: 400\">Este cono preliado contiene <strong>1g de flor CBD Sour Tsunami<\/strong>, cultivada de forma ecol\u00f3gica y <strong>sin restos, trim ni mezclas<\/strong>. Solo <strong>flor premium lista<\/strong> para ofrecerte una <strong>experiencia suave, natural y muy chill<\/strong>. <\/span><\/p>\n<p data-start=\"277\" data-end=\"346\"><span style=\"font-weight: 400\">Descubre m\u00e1s formatos para <a href=\"https:\/\/iguanasmoke.com\/categoria\/flores\/flores-cbd\/\"><strong>comprar flores CBD<\/strong><\/a>, donde descubrir\u00e1s nuestra amplia selecci\u00f3n de flores CBD premium.<\/span><\/p>\n<p data-start=\"277\" data-end=\"346\"><span style=\"color: #ffffff\">&#8211;<\/span><\/p>\n<h2><strong>Pre Rolls CBD de calidad &#8211; R\u00e1pidos, limpios y sin rodeos<\/strong><\/h2>\n<p><span style=\"font-weight: 400\">Nosso <strong>Cono King Size CBD<\/strong> est\u00e1 liado con <strong>papel Raw org\u00e1nico<\/strong>, libre de qu\u00edmicos, aditivos o colorantes. En su interior encontrar\u00e1s flores seleccionadas con <strong>15% CBD<\/strong> y menos del <strong>0,3% THC<\/strong>. As\u00ed, son 100% legales en Espa\u00f1a y Europa.<\/span><\/p>\n<p><span style=\"font-weight: 400\">Este formato XL es ideal para quienes quieren <strong>comprar flores CBD<\/strong> ya preliadas sin renunciar al aroma, la potencia y la calidad de una buena flor. No es un Pre Roll cualquiera, es de <strong>calidad premium<\/strong>, pensado para quienes buscan comodidad sin perder intensidad.\u00a0<\/span><\/p>\n<p>&nbsp;<\/p>\n<h2 data-start=\"1495\" data-end=\"1540\">Caracter\u00edsticas del Cono King Size CBD:<\/h2>\n<ul>\n<li><span style=\"font-weight: 400\"><strong>1 gramo<\/strong> de aut\u00e9ntica flor <strong>Sour Tsunami <\/strong><\/span><\/li>\n<li><span style=\"font-weight: 400\"><strong>CDB<\/strong> para o <strong>15%<\/strong> e <strong>THC &lt;0,3%<\/strong> -Producto legal sin efectos psicoactivos <\/span><\/li>\n<li><span style=\"font-weight: 400\"><strong>Papeles Raw<\/strong> org\u00e1nicos y sin qu\u00edmicos <\/span><\/li>\n<li><span style=\"font-weight: 400\"><strong>Sativa dominante<\/strong>, con aroma dulce e intenso <\/span><\/li>\n<li><span style=\"font-weight: 400\"><strong>Agricultura biol\u00f3gica<\/strong>, sin pesticidas ni transg\u00e9nicos<\/span><\/li>\n<li><span style=\"font-weight: 400\">Listo para usar, <strong>sin mezclar ni liar<\/strong><\/span><\/li>\n<\/ul>\n<p>&nbsp;<\/p>\n<section class=\"product-description\">\n<h2><b>\u00bfD\u00f3nde comprar tus <span style=\"font-weight: 400\"><strong>Cono King Size de CBD mayorista<\/strong><\/span><\/b><b>?<\/b><\/h2>\n<p><span style=\"font-weight: 400\">Se voc\u00ea est\u00e1 procurando por <strong>comprar Pre Rolls<\/strong><strong>, <\/strong>este es tu lugar seguro. Todos nuestros productos est\u00e1n aprobados por la UE, garantizando su legalidad y seguridad. Adem\u00e1s, si quieres puedes consultar <\/span><strong><a href=\"https:\/\/iguanasmoke.com\/analiticas\/\">An\u00e1lise laboratorial.<\/a><\/strong><\/p>\n<p><span style=\"font-weight: 400\">No te olvides de explorar <\/span><span style=\"font-weight: 400\">nuestra variedad y encontrar ya tus favoritos.<\/span><\/p>\n<p><strong data-start=\"303\" data-end=\"345\">Env\u00edo r\u00e1pido y discreto en toda Espa\u00f1a<\/strong>, com <strong data-start=\"351\" data-end=\"387\">atenci\u00f3n cercana y personalizada<\/strong> para resolver cualquier duda antes y despu\u00e9s de tu compra.<\/p>\n<p>&nbsp;<\/p>\n<h2>Qualidade e seguran\u00e7a<\/h2>\n<p>Em <strong>Os Laborat\u00f3rios Lyf<\/strong>, garantimos que cada lote de <b><span style=\"font-weight: 400\"><strong>Cono King Size de CBD mayorista<\/strong><\/span><\/b>\u00a0O produto passa por rigorosas an\u00e1lises laboratoriais para confirmar sua pureza, aus\u00eancia de pesticidas e n\u00edveis legais de THC (inferiores a 0,31% TP3T). Nosso compromisso com a qualidade e a seguran\u00e7a nos permite oferecer um produto confi\u00e1vel, adequado a todos os usu\u00e1rios que valorizam a legalidade e a excel\u00eancia no consumo.<\/p>\n<\/section>\n<section class=\"product-description\">The Lyf Labs se compromete a ofrecer <strong>productos que combinan tradici\u00f3n, innovaci\u00f3n y m\u00e1xima calidad<\/strong>. Conf\u00eda en nosotros para llevar a tu colecci\u00f3n o cat\u00e1logo un producto que destaca por su autenticidad, sabor y fiabilidad.<\/section>\n<section><\/section>\n<section><\/section>\n<section><\/section>\n<section><\/section>\n<section><\/section>\n<section><\/section>\n<section><\/section>\n<section><\/section>\n<section><\/section>\n<p>&nbsp;<\/p>\n<h3 class=\"product-description\"><span style=\"font-size: 1.7em;font-weight: bold\">O Lyf Labs \u00e9 de qualidade<\/span><\/h3>\n<p>The Lyf Labs representa la excelencia en el <strong>mercado mayorista de cannabinoides,<\/strong> ofreciendo productos innovadores, seguros y de alta pureza para <strong>tiendas especializadas y distribuidores<\/strong>. Nos enfocamos en satisfacer las necesidades de un sector profesional que busca calidad constante, trazabilidad y <strong>precios competitivos<\/strong>. Si buscas un proveedor confiable y con visi\u00f3n de futuro, en The Lyf Labs encontrar\u00e1s un aliado estrat\u00e9gico para crecer en el mercado del c\u00e1\u00f1amo.<\/p>\n<p>&nbsp;<\/p>\n<h6>\u2139\ufe0f<strong> Informa\u00e7\u00f5es legais<\/strong><\/h6>\n<p><em><span style=\"font-weight: 400\">*Producto destinado a coleccionismo o aromaterapia, conforme a la legislaci\u00f3n espa\u00f1ola vigente. <\/span><\/em><\/p>\n<p><em><span style=\"font-weight: 400\">**Derivados del c\u00e1\u00f1amo industrial certificado. Contiene menos del 0,3 THC y no incluye cannabinoides ilegales como HHC, HHC-P, THCP, THCP-O, H4CBD ni sustancias recogidas en el Anexo I del Real Decreto 2829\/1977, as\u00ed como tampoco contiene sustancias fiscalizadas por convenios internacionales.<\/span><\/em><\/p>","protected":false},"excerpt":{"rendered":"<p>Su formato XL ofrece comodidad, aroma dulce y calidad premium:<\/p>\n<ul>\n<li>N\u00e3o usamos aparas, apenas flores de alta qualidade<\/li>\n<li>Sativa dominante<\/li>\n<li>Variedad Sour Tsunami<\/li>\n<li style=\"text-align: justify\">Quantidade aproximada de flores: 1 grama<\/li>\n<li style=\"text-align: justify\">CBD: 15% \/ THC: &lt; 0,3%<\/li>\n<li style=\"text-align: justify\">100% legal na Europa<\/li>\n<\/ul>\n<p>An\u00e1lisis de calidad <a href=\"https:\/\/iguanasmoke.com\/wp-content\/uploads\/2018\/02\/Pre-Rolls-de-CBD.pdf\" target=\"_blank\" rel=\"noopener\">aqui<\/a><\/p>","protected":false},"featured_media":436,"comment_status":"open","ping_status":"closed","template":"","meta":{"_acf_changed":false,"site-sidebar-layout":"default","site-content-layout":"default","ast-site-content-layout":"default","site-content-style":"default","site-sidebar-style":"default","ast-global-header-display":"","ast-banner-title-visibility":"","ast-main-header-display":"","ast-hfb-above-header-display":"","ast-hfb-below-header-display":"","ast-hfb-mobile-header-display":"","site-post-title":"","ast-breadcrumbs-content":"","ast-featured-img":"","footer-sml-layout":"","theme-transparent-header-meta":"default","adv-header-id-meta":"","stick-header-meta":"","header-above-stick-meta":"","header-main-stick-meta":"","header-below-stick-meta":"","astra-migrate-meta-layouts":"set","ast-page-background-enabled":"default","ast-page-background-meta":{"desktop":{"background-color":"var(--ast-global-color-4)","background-image":"","background-repeat":"repeat","background-position":"center center","background-size":"auto","background-attachment":"scroll","background-type":"","background-media":"","overlay-type":"","overlay-color":"","overlay-opacity":"","overlay-gradient":""},"tablet":{"background-color":"","background-image":"","background-repeat":"repeat","background-position":"center center","background-size":"auto","background-attachment":"scroll","background-type":"","background-media":"","overlay-type":"","overlay-color":"","overlay-opacity":"","overlay-gradient":""},"mobile":{"background-color":"","background-image":"","background-repeat":"repeat","background-position":"center center","background-size":"auto","background-attachment":"scroll","background-type":"","background-media":"","overlay-type":"","overlay-color":"","overlay-opacity":"","overlay-gradient":""}},"ast-content-background-meta":{"desktop":{"background-color":"var(--ast-global-color-5)","background-image":"","background-repeat":"repeat","background-position":"center center","background-size":"auto","background-attachment":"scroll","background-type":"","background-media":"","overlay-type":"","overlay-color":"","overlay-opacity":"","overlay-gradient":""},"tablet":{"background-color":"var(--ast-global-color-5)","background-image":"","background-repeat":"repeat","background-position":"center center","background-size":"auto","background-attachment":"scroll","background-type":"","background-media":"","overlay-type":"","overlay-color":"","overlay-opacity":"","overlay-gradient":""},"mobile":{"background-color":"var(--ast-global-color-5)","background-image":"","background-repeat":"repeat","background-position":"center center","background-size":"auto","background-attachment":"scroll","background-type":"","background-media":"","overlay-type":"","overlay-color":"","overlay-opacity":"","overlay-gradient":""}}},"product_brand":[],"product_cat":[40,27],"product_tag":[],"class_list":{"0":"post-438","1":"product","2":"type-product","3":"status-publish","4":"has-post-thumbnail","6":"product_cat-iguanasmoke","7":"product_cat-pre-rolls","8":"desktop-align-center","9":"tablet-align-left","10":"mobile-align-left","12":"first","13":"instock","14":"taxable","15":"shipping-taxable","16":"purchasable","17":"product-type-simple"},"acf":[],"yoast_head":"<!-- This site is optimized with the Yoast SEO plugin v27.4 - https:\/\/yoast.com\/product\/yoast-seo-wordpress\/ -->\n<title>Cono King Size de CBD mayorista - THE LYF LABS<\/title>\n<meta name=\"description\" content=\"Prueba el Pre Roll CBD y siente la diferencia. Con flor ecol\u00f3gica y calidad excepcional, este Cono King Size de CBD mayorista ser\u00e1 tu perdici\u00f3n.\" \/>\n<meta name=\"robots\" content=\"index, follow, max-snippet:-1, max-image-preview:large, max-video-preview:-1\" \/>\n<link rel=\"canonical\" href=\"https:\/\/thelyflabs.com\/pt\/product\/pre-roll-cono-king-size-de-cbd-1gr\/\" \/>\n<meta property=\"og:locale\" content=\"pt_PT\" \/>\n<meta property=\"og:type\" content=\"article\" \/>\n<meta property=\"og:title\" content=\"Cono King Size de CBD mayorista - THE LYF LABS\" \/>\n<meta property=\"og:description\" content=\"Prueba el Pre Roll CBD y siente la diferencia. Con flor ecol\u00f3gica y calidad excepcional, este Cono King Size de CBD mayorista ser\u00e1 tu perdici\u00f3n.\" \/>\n<meta property=\"og:url\" content=\"https:\/\/thelyflabs.com\/pt\/product\/pre-roll-cono-king-size-de-cbd-1gr\/\" \/>\n<meta property=\"og:site_name\" content=\"THE LYF LABS\" \/>\n<meta property=\"article:modified_time\" content=\"2026-04-24T13:23:53+00:00\" \/>\n<meta property=\"og:image\" content=\"https:\/\/thelyflabs.com\/wp-content\/uploads\/2023\/02\/PRE-ROLL-FULL-GRAM-SINGLE-Flattop-1.png\" \/>\n\t<meta property=\"og:image:width\" content=\"1000\" \/>\n\t<meta property=\"og:image:height\" content=\"1000\" \/>\n\t<meta property=\"og:image:type\" content=\"image\/png\" \/>\n<meta name=\"twitter:card\" content=\"summary_large_image\" \/>\n<meta name=\"twitter:label1\" content=\"Tempo estimado de leitura\" \/>\n\t<meta name=\"twitter:data1\" content=\"3 minutos\" \/>\n<script type=\"application\/ld+json\" class=\"yoast-schema-graph\">{\"@context\":\"https:\\\/\\\/schema.org\",\"@graph\":[{\"@type\":\"WebPage\",\"@id\":\"https:\\\/\\\/thelyflabs.com\\\/product\\\/pre-roll-cono-king-size-de-cbd-1gr\",\"url\":\"https:\\\/\\\/thelyflabs.com\\\/product\\\/pre-roll-cono-king-size-de-cbd-1gr\",\"name\":\"Cono King Size de CBD mayorista - THE LYF LABS\",\"isPartOf\":{\"@id\":\"https:\\\/\\\/thelyflabs.com\\\/#website\"},\"primaryImageOfPage\":{\"@id\":\"https:\\\/\\\/thelyflabs.com\\\/product\\\/pre-roll-cono-king-size-de-cbd-1gr#primaryimage\"},\"image\":{\"@id\":\"https:\\\/\\\/thelyflabs.com\\\/product\\\/pre-roll-cono-king-size-de-cbd-1gr#primaryimage\"},\"thumbnailUrl\":\"https:\\\/\\\/thelyflabs.com\\\/wp-content\\\/uploads\\\/2023\\\/02\\\/PRE-ROLL-FULL-GRAM-SINGLE-Flattop-1.png\",\"datePublished\":\"2023-02-01T14:38:22+00:00\",\"dateModified\":\"2026-04-24T13:23:53+00:00\",\"description\":\"Prueba el Pre Roll CBD y siente la diferencia. Con flor ecol\u00f3gica y calidad excepcional, este Cono King Size de CBD mayorista ser\u00e1 tu perdici\u00f3n.\",\"breadcrumb\":{\"@id\":\"https:\\\/\\\/thelyflabs.com\\\/product\\\/pre-roll-cono-king-size-de-cbd-1gr#breadcrumb\"},\"inLanguage\":\"pt-PT\",\"potentialAction\":[{\"@type\":\"ReadAction\",\"target\":[\"https:\\\/\\\/thelyflabs.com\\\/product\\\/pre-roll-cono-king-size-de-cbd-1gr\"]}]},{\"@type\":\"ImageObject\",\"inLanguage\":\"pt-PT\",\"@id\":\"https:\\\/\\\/thelyflabs.com\\\/product\\\/pre-roll-cono-king-size-de-cbd-1gr#primaryimage\",\"url\":\"https:\\\/\\\/thelyflabs.com\\\/wp-content\\\/uploads\\\/2023\\\/02\\\/PRE-ROLL-FULL-GRAM-SINGLE-Flattop-1.png\",\"contentUrl\":\"https:\\\/\\\/thelyflabs.com\\\/wp-content\\\/uploads\\\/2023\\\/02\\\/PRE-ROLL-FULL-GRAM-SINGLE-Flattop-1.png\",\"width\":1000,\"height\":1000,\"caption\":\"Cono King Size de CBD mayorista\"},{\"@type\":\"BreadcrumbList\",\"@id\":\"https:\\\/\\\/thelyflabs.com\\\/product\\\/pre-roll-cono-king-size-de-cbd-1gr#breadcrumb\",\"itemListElement\":[{\"@type\":\"ListItem\",\"position\":1,\"name\":\"Portada\",\"item\":\"https:\\\/\\\/thelyflabs.com\\\/\"},{\"@type\":\"ListItem\",\"position\":2,\"name\":\"Tienda\",\"item\":\"https:\\\/\\\/thelyflabs.com\\\/tienda\"},{\"@type\":\"ListItem\",\"position\":3,\"name\":\"Pre Roll CBD &#8211; Cono King Size de CBD\"}]},{\"@type\":\"WebSite\",\"@id\":\"https:\\\/\\\/thelyflabs.com\\\/#website\",\"url\":\"https:\\\/\\\/thelyflabs.com\\\/\",\"name\":\"The LYF Labs\",\"description\":\"CBD al por mayor\",\"publisher\":{\"@id\":\"https:\\\/\\\/thelyflabs.com\\\/#organization\"},\"potentialAction\":[{\"@type\":\"SearchAction\",\"target\":{\"@type\":\"EntryPoint\",\"urlTemplate\":\"https:\\\/\\\/thelyflabs.com\\\/?s={search_term_string}\"},\"query-input\":{\"@type\":\"PropertyValueSpecification\",\"valueRequired\":true,\"valueName\":\"search_term_string\"}}],\"inLanguage\":\"pt-PT\"},{\"@type\":\"Organization\",\"@id\":\"https:\\\/\\\/thelyflabs.com\\\/#organization\",\"name\":\"The LYF Labs\",\"url\":\"https:\\\/\\\/thelyflabs.com\\\/\",\"logo\":{\"@type\":\"ImageObject\",\"inLanguage\":\"pt-PT\",\"@id\":\"https:\\\/\\\/thelyflabs.com\\\/#\\\/schema\\\/logo\\\/image\\\/\",\"url\":\"https:\\\/\\\/thelyflabs.com\\\/wp-content\\\/uploads\\\/2023\\\/01\\\/cropped-LogoTheLYFLabs.png\",\"contentUrl\":\"https:\\\/\\\/thelyflabs.com\\\/wp-content\\\/uploads\\\/2023\\\/01\\\/cropped-LogoTheLYFLabs.png\",\"width\":600,\"height\":180,\"caption\":\"The LYF Labs\"},\"image\":{\"@id\":\"https:\\\/\\\/thelyflabs.com\\\/#\\\/schema\\\/logo\\\/image\\\/\"}}]}<\/script>\n<!-- \/ Yoast SEO plugin. -->","yoast_head_json":{"title":"Cono King Size de CBD mayorista - THE LYF LABS","description":"Prueba el Pre Roll CBD y siente la diferencia. Con flor ecol\u00f3gica y calidad excepcional, este Cono King Size de CBD mayorista ser\u00e1 tu perdici\u00f3n.","robots":{"index":"index","follow":"follow","max-snippet":"max-snippet:-1","max-image-preview":"max-image-preview:large","max-video-preview":"max-video-preview:-1"},"canonical":"https:\/\/thelyflabs.com\/pt\/product\/pre-roll-cono-king-size-de-cbd-1gr\/","og_locale":"pt_PT","og_type":"article","og_title":"Cono King Size de CBD mayorista - THE LYF LABS","og_description":"Prueba el Pre Roll CBD y siente la diferencia. Con flor ecol\u00f3gica y calidad excepcional, este Cono King Size de CBD mayorista ser\u00e1 tu perdici\u00f3n.","og_url":"https:\/\/thelyflabs.com\/pt\/product\/pre-roll-cono-king-size-de-cbd-1gr\/","og_site_name":"THE LYF LABS","article_modified_time":"2026-04-24T13:23:53+00:00","og_image":[{"width":1000,"height":1000,"url":"https:\/\/thelyflabs.com\/wp-content\/uploads\/2023\/02\/PRE-ROLL-FULL-GRAM-SINGLE-Flattop-1.png","type":"image\/png"}],"twitter_card":"summary_large_image","twitter_misc":{"Tempo estimado de leitura":"3 minutos"},"schema":{"@context":"https:\/\/schema.org","@graph":[{"@type":"WebPage","@id":"https:\/\/thelyflabs.com\/product\/pre-roll-cono-king-size-de-cbd-1gr","url":"https:\/\/thelyflabs.com\/product\/pre-roll-cono-king-size-de-cbd-1gr","name":"Cono King Size de CBD mayorista - THE LYF LABS","isPartOf":{"@id":"https:\/\/thelyflabs.com\/#website"},"primaryImageOfPage":{"@id":"https:\/\/thelyflabs.com\/product\/pre-roll-cono-king-size-de-cbd-1gr#primaryimage"},"image":{"@id":"https:\/\/thelyflabs.com\/product\/pre-roll-cono-king-size-de-cbd-1gr#primaryimage"},"thumbnailUrl":"https:\/\/thelyflabs.com\/wp-content\/uploads\/2023\/02\/PRE-ROLL-FULL-GRAM-SINGLE-Flattop-1.png","datePublished":"2023-02-01T14:38:22+00:00","dateModified":"2026-04-24T13:23:53+00:00","description":"Prueba el Pre Roll CBD y siente la diferencia. Con flor ecol\u00f3gica y calidad excepcional, este Cono King Size de CBD mayorista ser\u00e1 tu perdici\u00f3n.","breadcrumb":{"@id":"https:\/\/thelyflabs.com\/product\/pre-roll-cono-king-size-de-cbd-1gr#breadcrumb"},"inLanguage":"pt-PT","potentialAction":[{"@type":"ReadAction","target":["https:\/\/thelyflabs.com\/product\/pre-roll-cono-king-size-de-cbd-1gr"]}]},{"@type":"ImageObject","inLanguage":"pt-PT","@id":"https:\/\/thelyflabs.com\/product\/pre-roll-cono-king-size-de-cbd-1gr#primaryimage","url":"https:\/\/thelyflabs.com\/wp-content\/uploads\/2023\/02\/PRE-ROLL-FULL-GRAM-SINGLE-Flattop-1.png","contentUrl":"https:\/\/thelyflabs.com\/wp-content\/uploads\/2023\/02\/PRE-ROLL-FULL-GRAM-SINGLE-Flattop-1.png","width":1000,"height":1000,"caption":"Cono King Size de CBD mayorista"},{"@type":"BreadcrumbList","@id":"https:\/\/thelyflabs.com\/product\/pre-roll-cono-king-size-de-cbd-1gr#breadcrumb","itemListElement":[{"@type":"ListItem","position":1,"name":"Portada","item":"https:\/\/thelyflabs.com\/"},{"@type":"ListItem","position":2,"name":"Tienda","item":"https:\/\/thelyflabs.com\/tienda"},{"@type":"ListItem","position":3,"name":"Pre Roll CBD &#8211; Cono King Size de CBD"}]},{"@type":"WebSite","@id":"https:\/\/thelyflabs.com\/#website","url":"https:\/\/thelyflabs.com\/","name":"Os Laborat\u00f3rios LYF","description":"CBD atacado","publisher":{"@id":"https:\/\/thelyflabs.com\/#organization"},"potentialAction":[{"@type":"SearchAction","target":{"@type":"EntryPoint","urlTemplate":"https:\/\/thelyflabs.com\/?s={search_term_string}"},"query-input":{"@type":"PropertyValueSpecification","valueRequired":true,"valueName":"search_term_string"}}],"inLanguage":"pt-PT"},{"@type":"Organization","@id":"https:\/\/thelyflabs.com\/#organization","name":"Os Laborat\u00f3rios LYF","url":"https:\/\/thelyflabs.com\/","logo":{"@type":"ImageObject","inLanguage":"pt-PT","@id":"https:\/\/thelyflabs.com\/#\/schema\/logo\/image\/","url":"https:\/\/thelyflabs.com\/wp-content\/uploads\/2023\/01\/cropped-LogoTheLYFLabs.png","contentUrl":"https:\/\/thelyflabs.com\/wp-content\/uploads\/2023\/01\/cropped-LogoTheLYFLabs.png","width":600,"height":180,"caption":"The LYF Labs"},"image":{"@id":"https:\/\/thelyflabs.com\/#\/schema\/logo\/image\/"}}]}},"_links":{"self":[{"href":"https:\/\/thelyflabs.com\/pt\/wp-json\/wp\/v2\/product\/438","targetHints":{"allow":["GET"]}}],"collection":[{"href":"https:\/\/thelyflabs.com\/pt\/wp-json\/wp\/v2\/product"}],"about":[{"href":"https:\/\/thelyflabs.com\/pt\/wp-json\/wp\/v2\/types\/product"}],"replies":[{"embeddable":true,"href":"https:\/\/thelyflabs.com\/pt\/wp-json\/wp\/v2\/comments?post=438"}],"wp:featuredmedia":[{"embeddable":true,"href":"https:\/\/thelyflabs.com\/pt\/wp-json\/wp\/v2\/media\/436"}],"wp:attachment":[{"href":"https:\/\/thelyflabs.com\/pt\/wp-json\/wp\/v2\/media?parent=438"}],"wp:term":[{"taxonomy":"product_brand","embeddable":true,"href":"https:\/\/thelyflabs.com\/pt\/wp-json\/wp\/v2\/product_brand?post=438"},{"taxonomy":"product_cat","embeddable":true,"href":"https:\/\/thelyflabs.com\/pt\/wp-json\/wp\/v2\/product_cat?post=438"},{"taxonomy":"product_tag","embeddable":true,"href":"https:\/\/thelyflabs.com\/pt\/wp-json\/wp\/v2\/product_tag?post=438"}],"curies":[{"name":"wp","href":"https:\/\/api.w.org\/{rel}","templated":true}]}}