{"id":464,"date":"2023-02-01T15:02:58","date_gmt":"2023-02-01T15:02:58","guid":{"rendered":"https:\/\/thelyflabs.com\/?post_type=product&#038;p=464"},"modified":"2026-03-09T12:41:48","modified_gmt":"2026-03-09T11:41:48","slug":"isolate-de-cbd-99","status":"publish","type":"product","link":"https:\/\/thelyflabs.com\/pt\/product\/isolate-de-cbd-99","title":{"rendered":"Isolado CBD 99%"},"content":{"rendered":"<h3><b>CBD Isolado 99%: M\u00e1xima Pureza e Qualidade para o seu Bem-Estar<\/b><\/h3>\n<p>Descubra o CBD Isolate da <b>Fuma\u00e7a De Iguana<\/b>, a forma mais pura de canabidiol. Com uma concentra\u00e7\u00e3o de <b>99%<\/b>, este produto \u00e9 ideal para quem busca os benef\u00edcios de <b>CDB<\/b> em seu estado mais potente. Nosso avan\u00e7ado processo de purifica\u00e7\u00e3o remove todas as impurezas. Tamb\u00e9m elimina completamente terpenos, flavonoides e, o mais importante, <b>THC<\/b>N\u00f3s garantimos que cada grama do nosso isolado \u00e9 <b>completamente livre de THC<\/b>. Portanto, voc\u00ea aproveita os efeitos terap\u00eauticos do CBD sem nenhum componente psicoativo.<\/p>\n<p>&nbsp;<\/p>\n<h3><b>Qualidade certificada e verificada por especialistas<\/b><\/h3>\n<p>Na Iguana Smoke, a qualidade \u00e9 garantida. Desenvolvemos nosso CBD Isolado em <b>laborat\u00f3rios de ponta<\/b>Esses laborat\u00f3rios t\u00eam a <b>Certifica\u00e7\u00f5es ISO e GMP<\/b>Essas regulamenta\u00e7\u00f5es internacionais garantem que cada etapa, da extra\u00e7\u00e3o ao envase, atenda aos protocolos mais rigorosos. Por isso, monitoramos a seguran\u00e7a e a pureza com o m\u00e1ximo rigor. Isso nos permite oferecer um produto de consist\u00eancia incompar\u00e1vel.<\/p>\n<p>&nbsp;<\/p>\n<h3><b>Transpar\u00eancia total com an\u00e1lise externa<\/b><\/h3>\n<p>Sabemos que a confian\u00e7a \u00e9 fundamental na escolha de produtos de CBD. \u00c9 por isso que nossos laborat\u00f3rios certificam a pureza e a pot\u00eancia do Isolado de CBD 99%. <b>Al\u00e9m do mais<\/b>, <b>laborat\u00f3rios independentes<\/b> Eles verificam nosso produto. Voc\u00ea pode verificar nosso <b>certificados de an\u00e1lise (CoA)<\/b> a qualquer momento. Esses documentos demonstram a alta qualidade, a concentra\u00e7\u00e3o exata de CBD e a completa aus\u00eancia de <b>THC<\/b>. <b>Ent\u00e3o<\/b>Nossa total transpar\u00eancia lhe d\u00e1 a tranquilidade de saber exatamente o que voc\u00ea est\u00e1 consumindo.<\/p>\n<p>&nbsp;<\/p>\n<h3><b>Isolado de CBD 99%: Escolha um produto vers\u00e1til\u00a0<\/b><\/h3>\n<p>A versatilidade deste produto \u00e9 uma das suas maiores vantagens. Voc\u00ea pode usar o <b>Isolado de CBD<\/b> de diversas maneiras. Por exemplo, crie seus pr\u00f3prios \u00f3leos, cremes, e-l\u00edquidos ou comest\u00edveis. Sua forma cristalina facilita a dosagem e a mistura, dando a voc\u00ea controle total sobre o seu consumo. <b>Ao contr\u00e1rio do espectro completo<\/b>, nosso isolado n\u00e3o tem gosto nem cheiro. <b>Portanto<\/b>, \u00e9 perfeito para adicionar a qualquer receita sem alterar seu perfil. \u00c9 ideal para quem busca os benef\u00edcios de <b>CBD puro<\/b> Sem outros canabinoides. Resumindo, se voc\u00ea procura o CBD mais puro do mercado, escolha o CBD Isolado 99% da Iguana Smoke.<\/p>","protected":false},"excerpt":{"rendered":"<p class=\"p1\" style=\"text-align: justify\">Iguana Smoke CBD Isolate tem uma concentra\u00e7\u00e3o de 99% de CBD e \u00e9 totalmente isento de THC.<\/p>\n<p class=\"p1\" style=\"text-align: justify\">Desenvolvido por laborat\u00f3rios com certifica\u00e7\u00f5es ISO e GMP, contamos com an\u00e1lises de laborat\u00f3rios independentes demonstrando sua alta qualidade e pureza.<\/p>\n<ul>\n<li>CBD: 99%\/THC: 0%<\/li>\n<li>Isolado puro de CBD<\/li>\n<li>An\u00e1lise de qualidade: clique <a href=\"https:\/\/iguanasmoke.com\/wp-content\/uploads\/2018\/02\/CBD-Isolate-COA-GMP.pdf\" target=\"_blank\" rel=\"noopener\">aqui<\/a><\/li>\n<\/ul>","protected":false},"featured_media":9798,"comment_status":"open","ping_status":"closed","template":"","meta":{"_acf_changed":false,"site-sidebar-layout":"default","site-content-layout":"default","ast-site-content-layout":"default","site-content-style":"default","site-sidebar-style":"default","ast-global-header-display":"","ast-banner-title-visibility":"","ast-main-header-display":"","ast-hfb-above-header-display":"","ast-hfb-below-header-display":"","ast-hfb-mobile-header-display":"","site-post-title":"","ast-breadcrumbs-content":"","ast-featured-img":"","footer-sml-layout":"","theme-transparent-header-meta":"default","adv-header-id-meta":"","stick-header-meta":"","header-above-stick-meta":"","header-main-stick-meta":"","header-below-stick-meta":"","astra-migrate-meta-layouts":"set","ast-page-background-enabled":"default","ast-page-background-meta":{"desktop":{"background-color":"var(--ast-global-color-4)","background-image":"","background-repeat":"repeat","background-position":"center center","background-size":"auto","background-attachment":"scroll","background-type":"","background-media":"","overlay-type":"","overlay-color":"","overlay-opacity":"","overlay-gradient":""},"tablet":{"background-color":"","background-image":"","background-repeat":"repeat","background-position":"center center","background-size":"auto","background-attachment":"scroll","background-type":"","background-media":"","overlay-type":"","overlay-color":"","overlay-opacity":"","overlay-gradient":""},"mobile":{"background-color":"","background-image":"","background-repeat":"repeat","background-position":"center center","background-size":"auto","background-attachment":"scroll","background-type":"","background-media":"","overlay-type":"","overlay-color":"","overlay-opacity":"","overlay-gradient":""}},"ast-content-background-meta":{"desktop":{"background-color":"var(--ast-global-color-5)","background-image":"","background-repeat":"repeat","background-position":"center center","background-size":"auto","background-attachment":"scroll","background-type":"","background-media":"","overlay-type":"","overlay-color":"","overlay-opacity":"","overlay-gradient":""},"tablet":{"background-color":"var(--ast-global-color-5)","background-image":"","background-repeat":"repeat","background-position":"center center","background-size":"auto","background-attachment":"scroll","background-type":"","background-media":"","overlay-type":"","overlay-color":"","overlay-opacity":"","overlay-gradient":""},"mobile":{"background-color":"var(--ast-global-color-5)","background-image":"","background-repeat":"repeat","background-position":"center center","background-size":"auto","background-attachment":"scroll","background-type":"","background-media":"","overlay-type":"","overlay-color":"","overlay-opacity":"","overlay-gradient":""}}},"product_brand":[],"product_cat":[29,40],"product_tag":[],"class_list":{"0":"post-464","1":"product","2":"type-product","3":"status-publish","4":"has-post-thumbnail","6":"product_cat-extractosdecbd","7":"product_cat-iguanasmoke","8":"desktop-align-center","9":"tablet-align-left","10":"mobile-align-left","12":"first","13":"instock","14":"taxable","15":"shipping-taxable","16":"purchasable","17":"product-type-variable"},"acf":[],"yoast_head":"<!-- This site is optimized with the Yoast SEO plugin v27.4 - https:\/\/yoast.com\/product\/yoast-seo-wordpress\/ -->\n<title>Isolate de CBD 99% - THE LYF LABS<\/title>\n<meta name=\"description\" content=\"Aislado de CBD 99% puro, sin THC, para aceites, e-l\u00edquidos o comestibles. Compra segura, env\u00edo r\u00e1pido y calidad garantizada para tiendas. Certificado.\" \/>\n<meta name=\"robots\" content=\"index, follow, max-snippet:-1, max-image-preview:large, max-video-preview:-1\" \/>\n<link rel=\"canonical\" href=\"https:\/\/thelyflabs.com\/pt\/product\/isolate-de-cbd-99\/\" \/>\n<meta property=\"og:locale\" content=\"pt_PT\" \/>\n<meta property=\"og:type\" content=\"article\" \/>\n<meta property=\"og:title\" content=\"Isolate de CBD 99% - THE LYF LABS\" \/>\n<meta property=\"og:description\" content=\"Aislado de CBD 99% puro, sin THC, para aceites, e-l\u00edquidos o comestibles. Compra segura, env\u00edo r\u00e1pido y calidad garantizada para tiendas. Certificado.\" \/>\n<meta property=\"og:url\" content=\"https:\/\/thelyflabs.com\/pt\/product\/isolate-de-cbd-99\/\" \/>\n<meta property=\"og:site_name\" content=\"THE LYF LABS\" \/>\n<meta property=\"article:modified_time\" content=\"2026-03-09T11:41:48+00:00\" \/>\n<meta property=\"og:image\" content=\"https:\/\/thelyflabs.com\/wp-content\/uploads\/2023\/02\/rosin-cbd-isolate.webp\" \/>\n\t<meta property=\"og:image:width\" content=\"1000\" \/>\n\t<meta property=\"og:image:height\" content=\"1000\" \/>\n\t<meta property=\"og:image:type\" content=\"image\/webp\" \/>\n<meta name=\"twitter:card\" content=\"summary_large_image\" \/>\n<meta name=\"twitter:label1\" content=\"Tempo estimado de leitura\" \/>\n\t<meta name=\"twitter:data1\" content=\"2 minutos\" \/>\n<script type=\"application\/ld+json\" class=\"yoast-schema-graph\">{\"@context\":\"https:\\\/\\\/schema.org\",\"@graph\":[{\"@type\":\"WebPage\",\"@id\":\"https:\\\/\\\/thelyflabs.com\\\/product\\\/isolate-de-cbd-99\",\"url\":\"https:\\\/\\\/thelyflabs.com\\\/product\\\/isolate-de-cbd-99\",\"name\":\"Isolate de CBD 99% - THE LYF LABS\",\"isPartOf\":{\"@id\":\"https:\\\/\\\/thelyflabs.com\\\/#website\"},\"primaryImageOfPage\":{\"@id\":\"https:\\\/\\\/thelyflabs.com\\\/product\\\/isolate-de-cbd-99#primaryimage\"},\"image\":{\"@id\":\"https:\\\/\\\/thelyflabs.com\\\/product\\\/isolate-de-cbd-99#primaryimage\"},\"thumbnailUrl\":\"https:\\\/\\\/thelyflabs.com\\\/wp-content\\\/uploads\\\/2023\\\/02\\\/rosin-cbd-isolate.webp\",\"datePublished\":\"2023-02-01T15:02:58+00:00\",\"dateModified\":\"2026-03-09T11:41:48+00:00\",\"description\":\"Aislado de CBD 99% puro, sin THC, para aceites, e-l\u00edquidos o comestibles. Compra segura, env\u00edo r\u00e1pido y calidad garantizada para tiendas. Certificado.\",\"breadcrumb\":{\"@id\":\"https:\\\/\\\/thelyflabs.com\\\/product\\\/isolate-de-cbd-99#breadcrumb\"},\"inLanguage\":\"pt-PT\",\"potentialAction\":[{\"@type\":\"ReadAction\",\"target\":[\"https:\\\/\\\/thelyflabs.com\\\/product\\\/isolate-de-cbd-99\"]}]},{\"@type\":\"ImageObject\",\"inLanguage\":\"pt-PT\",\"@id\":\"https:\\\/\\\/thelyflabs.com\\\/product\\\/isolate-de-cbd-99#primaryimage\",\"url\":\"https:\\\/\\\/thelyflabs.com\\\/wp-content\\\/uploads\\\/2023\\\/02\\\/rosin-cbd-isolate.webp\",\"contentUrl\":\"https:\\\/\\\/thelyflabs.com\\\/wp-content\\\/uploads\\\/2023\\\/02\\\/rosin-cbd-isolate.webp\",\"width\":1000,\"height\":1000,\"caption\":\"cbd isolate\"},{\"@type\":\"BreadcrumbList\",\"@id\":\"https:\\\/\\\/thelyflabs.com\\\/product\\\/isolate-de-cbd-99#breadcrumb\",\"itemListElement\":[{\"@type\":\"ListItem\",\"position\":1,\"name\":\"Portada\",\"item\":\"https:\\\/\\\/thelyflabs.com\\\/\"},{\"@type\":\"ListItem\",\"position\":2,\"name\":\"Tienda\",\"item\":\"https:\\\/\\\/thelyflabs.com\\\/tienda\"},{\"@type\":\"ListItem\",\"position\":3,\"name\":\"Isolate de CBD 99%\"}]},{\"@type\":\"WebSite\",\"@id\":\"https:\\\/\\\/thelyflabs.com\\\/#website\",\"url\":\"https:\\\/\\\/thelyflabs.com\\\/\",\"name\":\"The LYF Labs\",\"description\":\"CBD al por mayor\",\"publisher\":{\"@id\":\"https:\\\/\\\/thelyflabs.com\\\/#organization\"},\"potentialAction\":[{\"@type\":\"SearchAction\",\"target\":{\"@type\":\"EntryPoint\",\"urlTemplate\":\"https:\\\/\\\/thelyflabs.com\\\/?s={search_term_string}\"},\"query-input\":{\"@type\":\"PropertyValueSpecification\",\"valueRequired\":true,\"valueName\":\"search_term_string\"}}],\"inLanguage\":\"pt-PT\"},{\"@type\":\"Organization\",\"@id\":\"https:\\\/\\\/thelyflabs.com\\\/#organization\",\"name\":\"The LYF Labs\",\"url\":\"https:\\\/\\\/thelyflabs.com\\\/\",\"logo\":{\"@type\":\"ImageObject\",\"inLanguage\":\"pt-PT\",\"@id\":\"https:\\\/\\\/thelyflabs.com\\\/#\\\/schema\\\/logo\\\/image\\\/\",\"url\":\"https:\\\/\\\/thelyflabs.com\\\/wp-content\\\/uploads\\\/2023\\\/01\\\/cropped-LogoTheLYFLabs.png\",\"contentUrl\":\"https:\\\/\\\/thelyflabs.com\\\/wp-content\\\/uploads\\\/2023\\\/01\\\/cropped-LogoTheLYFLabs.png\",\"width\":600,\"height\":180,\"caption\":\"The LYF Labs\"},\"image\":{\"@id\":\"https:\\\/\\\/thelyflabs.com\\\/#\\\/schema\\\/logo\\\/image\\\/\"}}]}<\/script>\n<!-- \/ Yoast SEO plugin. -->","yoast_head_json":{"title":"Isolate de CBD 99% - THE LYF LABS","description":"Aislado de CBD 99% puro, sin THC, para aceites, e-l\u00edquidos o comestibles. Compra segura, env\u00edo r\u00e1pido y calidad garantizada para tiendas. Certificado.","robots":{"index":"index","follow":"follow","max-snippet":"max-snippet:-1","max-image-preview":"max-image-preview:large","max-video-preview":"max-video-preview:-1"},"canonical":"https:\/\/thelyflabs.com\/pt\/product\/isolate-de-cbd-99\/","og_locale":"pt_PT","og_type":"article","og_title":"Isolate de CBD 99% - THE LYF LABS","og_description":"Aislado de CBD 99% puro, sin THC, para aceites, e-l\u00edquidos o comestibles. Compra segura, env\u00edo r\u00e1pido y calidad garantizada para tiendas. Certificado.","og_url":"https:\/\/thelyflabs.com\/pt\/product\/isolate-de-cbd-99\/","og_site_name":"THE LYF LABS","article_modified_time":"2026-03-09T11:41:48+00:00","og_image":[{"width":1000,"height":1000,"url":"https:\/\/thelyflabs.com\/wp-content\/uploads\/2023\/02\/rosin-cbd-isolate.webp","type":"image\/webp"}],"twitter_card":"summary_large_image","twitter_misc":{"Tempo estimado de leitura":"2 minutos"},"schema":{"@context":"https:\/\/schema.org","@graph":[{"@type":"WebPage","@id":"https:\/\/thelyflabs.com\/product\/isolate-de-cbd-99","url":"https:\/\/thelyflabs.com\/product\/isolate-de-cbd-99","name":"Isolate de CBD 99% - THE LYF LABS","isPartOf":{"@id":"https:\/\/thelyflabs.com\/#website"},"primaryImageOfPage":{"@id":"https:\/\/thelyflabs.com\/product\/isolate-de-cbd-99#primaryimage"},"image":{"@id":"https:\/\/thelyflabs.com\/product\/isolate-de-cbd-99#primaryimage"},"thumbnailUrl":"https:\/\/thelyflabs.com\/wp-content\/uploads\/2023\/02\/rosin-cbd-isolate.webp","datePublished":"2023-02-01T15:02:58+00:00","dateModified":"2026-03-09T11:41:48+00:00","description":"Aislado de CBD 99% puro, sin THC, para aceites, e-l\u00edquidos o comestibles. Compra segura, env\u00edo r\u00e1pido y calidad garantizada para tiendas. Certificado.","breadcrumb":{"@id":"https:\/\/thelyflabs.com\/product\/isolate-de-cbd-99#breadcrumb"},"inLanguage":"pt-PT","potentialAction":[{"@type":"ReadAction","target":["https:\/\/thelyflabs.com\/product\/isolate-de-cbd-99"]}]},{"@type":"ImageObject","inLanguage":"pt-PT","@id":"https:\/\/thelyflabs.com\/product\/isolate-de-cbd-99#primaryimage","url":"https:\/\/thelyflabs.com\/wp-content\/uploads\/2023\/02\/rosin-cbd-isolate.webp","contentUrl":"https:\/\/thelyflabs.com\/wp-content\/uploads\/2023\/02\/rosin-cbd-isolate.webp","width":1000,"height":1000,"caption":"cbd isolate"},{"@type":"BreadcrumbList","@id":"https:\/\/thelyflabs.com\/product\/isolate-de-cbd-99#breadcrumb","itemListElement":[{"@type":"ListItem","position":1,"name":"Portada","item":"https:\/\/thelyflabs.com\/"},{"@type":"ListItem","position":2,"name":"Tienda","item":"https:\/\/thelyflabs.com\/tienda"},{"@type":"ListItem","position":3,"name":"Isolate de CBD 99%"}]},{"@type":"WebSite","@id":"https:\/\/thelyflabs.com\/#website","url":"https:\/\/thelyflabs.com\/","name":"Os Laborat\u00f3rios LYF","description":"CBD atacado","publisher":{"@id":"https:\/\/thelyflabs.com\/#organization"},"potentialAction":[{"@type":"SearchAction","target":{"@type":"EntryPoint","urlTemplate":"https:\/\/thelyflabs.com\/?s={search_term_string}"},"query-input":{"@type":"PropertyValueSpecification","valueRequired":true,"valueName":"search_term_string"}}],"inLanguage":"pt-PT"},{"@type":"Organization","@id":"https:\/\/thelyflabs.com\/#organization","name":"Os Laborat\u00f3rios LYF","url":"https:\/\/thelyflabs.com\/","logo":{"@type":"ImageObject","inLanguage":"pt-PT","@id":"https:\/\/thelyflabs.com\/#\/schema\/logo\/image\/","url":"https:\/\/thelyflabs.com\/wp-content\/uploads\/2023\/01\/cropped-LogoTheLYFLabs.png","contentUrl":"https:\/\/thelyflabs.com\/wp-content\/uploads\/2023\/01\/cropped-LogoTheLYFLabs.png","width":600,"height":180,"caption":"The LYF Labs"},"image":{"@id":"https:\/\/thelyflabs.com\/#\/schema\/logo\/image\/"}}]}},"_links":{"self":[{"href":"https:\/\/thelyflabs.com\/pt\/wp-json\/wp\/v2\/product\/464","targetHints":{"allow":["GET"]}}],"collection":[{"href":"https:\/\/thelyflabs.com\/pt\/wp-json\/wp\/v2\/product"}],"about":[{"href":"https:\/\/thelyflabs.com\/pt\/wp-json\/wp\/v2\/types\/product"}],"replies":[{"embeddable":true,"href":"https:\/\/thelyflabs.com\/pt\/wp-json\/wp\/v2\/comments?post=464"}],"wp:featuredmedia":[{"embeddable":true,"href":"https:\/\/thelyflabs.com\/pt\/wp-json\/wp\/v2\/media\/9798"}],"wp:attachment":[{"href":"https:\/\/thelyflabs.com\/pt\/wp-json\/wp\/v2\/media?parent=464"}],"wp:term":[{"taxonomy":"product_brand","embeddable":true,"href":"https:\/\/thelyflabs.com\/pt\/wp-json\/wp\/v2\/product_brand?post=464"},{"taxonomy":"product_cat","embeddable":true,"href":"https:\/\/thelyflabs.com\/pt\/wp-json\/wp\/v2\/product_cat?post=464"},{"taxonomy":"product_tag","embeddable":true,"href":"https:\/\/thelyflabs.com\/pt\/wp-json\/wp\/v2\/product_tag?post=464"}],"curies":[{"name":"wp","href":"https:\/\/api.w.org\/{rel}","templated":true}]}}