{"id":475,"date":"2023-02-01T15:50:08","date_gmt":"2023-02-01T15:50:08","guid":{"rendered":"https:\/\/thelyflabs.com\/?post_type=product&#038;p=475"},"modified":"2026-01-20T12:46:38","modified_gmt":"2026-01-20T11:46:38","slug":"pop-corn-sour-tsunami-cbd-25gr","status":"publish","type":"product","link":"https:\/\/thelyflabs.com\/pt\/product\/pop-corn-sour-tsunami-cbd-25gr","title":{"rendered":"Tsunami Azedo de Milho Pop CBD 25gr"},"content":{"rendered":"<h1 data-start=\"233\" data-end=\"304\">Popcorn Sour Tsunami CBD 25g: Mini bot\u00f5es arom\u00e1ticos de alta qualidade<\/h1>\n<p data-start=\"306\" data-end=\"620\">Na Iguana Smoke, sua loja online de CBD de confian\u00e7a, apresentamos um dos nossos formatos mais bem avaliados: Popcorn Sour Tsunami CBD 25g. Esses mini buds de CBD, tamb\u00e9m conhecidos como pipoca, se destacam pelo tamanho compacto, aroma intenso e excelente concentra\u00e7\u00e3o de canabidiol.<\/p>\n<p data-start=\"622\" data-end=\"784\">O formato de 25 gramas \u00e9 ideal para quem j\u00e1 conhece a qualidade das nossas flores e busca um produto legal, arom\u00e1tico e com melhor custo-benef\u00edcio.<\/p>\n<h2 data-start=\"786\" data-end=\"824\">O que \u00e9 pipoca Sour Tsunami?<\/h2>\n<p data-start=\"826\" data-end=\"1146\">Popcorn Sour Tsunami s\u00e3o pequenos brotos de Cannabis sativa, selecionados das partes mais densas da planta. Sua gen\u00e9tica Sour Tsunami confere a eles um perfil terpeno com notas c\u00edtricas, herbais e sutis de diesel. As flores s\u00e3o compactas, sem sementes, t\u00eam textura resinosa e apar\u00eancia profissional.<\/p>\n<p data-start=\"1148\" data-end=\"1312\">Embora sejam mini brotos, eles ret\u00eam todo o conte\u00fado de CBD e terpenos naturais das flores maiores, o que os torna uma op\u00e7\u00e3o econ\u00f4mica sem sacrificar a qualidade ou a pot\u00eancia.<\/p>","protected":false},"excerpt":{"rendered":"<p>CBD: 15%\/THC: &lt; 0,2%<\/p>\n<p>Bot\u00f5es pequenos (Mini Buds)<\/p>\n<p>Sativa dominante<\/p>\n<p>Aroma forte com tons doces<\/p>\n<p>100% legal na Europa<\/p>\n<p>An\u00e1lise de qualidade: clique <a href=\"https:\/\/iguanasmoke.com\/wp-content\/uploads\/2018\/02\/Flor-Sour-Tsunami.pdf\" target=\"_blank\" rel=\"noopener\">aqui<\/a><\/p>","protected":false},"featured_media":8110,"comment_status":"open","ping_status":"closed","template":"","meta":{"_acf_changed":false,"site-sidebar-layout":"default","site-content-layout":"default","ast-site-content-layout":"default","site-content-style":"default","site-sidebar-style":"default","ast-global-header-display":"","ast-banner-title-visibility":"","ast-main-header-display":"","ast-hfb-above-header-display":"","ast-hfb-below-header-display":"","ast-hfb-mobile-header-display":"","site-post-title":"","ast-breadcrumbs-content":"","ast-featured-img":"","footer-sml-layout":"","theme-transparent-header-meta":"default","adv-header-id-meta":"","stick-header-meta":"","header-above-stick-meta":"","header-main-stick-meta":"","header-below-stick-meta":"","astra-migrate-meta-layouts":"set","ast-page-background-enabled":"default","ast-page-background-meta":{"desktop":{"background-color":"var(--ast-global-color-4)","background-image":"","background-repeat":"repeat","background-position":"center center","background-size":"auto","background-attachment":"scroll","background-type":"","background-media":"","overlay-type":"","overlay-color":"","overlay-opacity":"","overlay-gradient":""},"tablet":{"background-color":"","background-image":"","background-repeat":"repeat","background-position":"center center","background-size":"auto","background-attachment":"scroll","background-type":"","background-media":"","overlay-type":"","overlay-color":"","overlay-opacity":"","overlay-gradient":""},"mobile":{"background-color":"","background-image":"","background-repeat":"repeat","background-position":"center center","background-size":"auto","background-attachment":"scroll","background-type":"","background-media":"","overlay-type":"","overlay-color":"","overlay-opacity":"","overlay-gradient":""}},"ast-content-background-meta":{"desktop":{"background-color":"var(--ast-global-color-5)","background-image":"","background-repeat":"repeat","background-position":"center center","background-size":"auto","background-attachment":"scroll","background-type":"","background-media":"","overlay-type":"","overlay-color":"","overlay-opacity":"","overlay-gradient":""},"tablet":{"background-color":"var(--ast-global-color-5)","background-image":"","background-repeat":"repeat","background-position":"center center","background-size":"auto","background-attachment":"scroll","background-type":"","background-media":"","overlay-type":"","overlay-color":"","overlay-opacity":"","overlay-gradient":""},"mobile":{"background-color":"var(--ast-global-color-5)","background-image":"","background-repeat":"repeat","background-position":"center center","background-size":"auto","background-attachment":"scroll","background-type":"","background-media":"","overlay-type":"","overlay-color":"","overlay-opacity":"","overlay-gradient":""}}},"product_brand":[],"product_cat":[24,40,110],"product_tag":[],"class_list":{"0":"post-475","1":"product","2":"type-product","3":"status-publish","4":"has-post-thumbnail","6":"product_cat-flores-de-cbd","7":"product_cat-iguanasmoke","8":"product_cat-pop-corn-mini-buds","9":"desktop-align-center","10":"tablet-align-left","11":"mobile-align-left","13":"first","14":"instock","15":"taxable","16":"shipping-taxable","17":"purchasable","18":"product-type-simple"},"acf":[],"yoast_head":"<!-- This site is optimized with the Yoast SEO plugin v27.3 - https:\/\/yoast.com\/product\/yoast-seo-wordpress\/ -->\n<title>Comprar Pop Corn Sour Tsunami CBD 25g | Mini Buds Arom\u00e1ticos y Legales<\/title>\n<meta name=\"description\" content=\"Compra Pop Corn Sour Tsunami CBD 25g en Iguana Smoke. Mini cogollos con alto contenido en CBD, aroma c\u00edtrico y menos de 0,2% THC. Env\u00edo discreto en 24\/48h.\" \/>\n<meta name=\"robots\" content=\"index, follow, max-snippet:-1, max-image-preview:large, max-video-preview:-1\" \/>\n<link rel=\"canonical\" href=\"https:\/\/thelyflabs.com\/pt\/product\/pop-corn-sour-tsunami-cbd-25gr\/\" \/>\n<meta property=\"og:locale\" content=\"pt_PT\" \/>\n<meta property=\"og:type\" content=\"article\" \/>\n<meta property=\"og:title\" content=\"Comprar Pop Corn Sour Tsunami CBD 25g | Mini Buds Arom\u00e1ticos y Legales\" \/>\n<meta property=\"og:description\" content=\"Compra Pop Corn Sour Tsunami CBD 25g en Iguana Smoke. Mini cogollos con alto contenido en CBD, aroma c\u00edtrico y menos de 0,2% THC. Env\u00edo discreto en 24\/48h.\" \/>\n<meta property=\"og:url\" content=\"https:\/\/thelyflabs.com\/pt\/product\/pop-corn-sour-tsunami-cbd-25gr\/\" \/>\n<meta property=\"og:site_name\" content=\"THE LYF LABS\" \/>\n<meta property=\"article:modified_time\" content=\"2026-01-20T11:46:38+00:00\" \/>\n<meta property=\"og:image\" content=\"https:\/\/thelyflabs.com\/wp-content\/uploads\/2023\/02\/Pop-corn-negativo-25g-con-mini-buds.webp\" \/>\n\t<meta property=\"og:image:width\" content=\"1000\" \/>\n\t<meta property=\"og:image:height\" content=\"1000\" \/>\n\t<meta property=\"og:image:type\" content=\"image\/webp\" \/>\n<meta name=\"twitter:card\" content=\"summary_large_image\" \/>\n<meta name=\"twitter:label1\" content=\"Tempo estimado de leitura\" \/>\n\t<meta name=\"twitter:data1\" content=\"2 minutos\" \/>\n<script type=\"application\/ld+json\" class=\"yoast-schema-graph\">{\"@context\":\"https:\\\/\\\/schema.org\",\"@graph\":[{\"@type\":\"WebPage\",\"@id\":\"https:\\\/\\\/thelyflabs.com\\\/product\\\/pop-corn-sour-tsunami-cbd-25gr\",\"url\":\"https:\\\/\\\/thelyflabs.com\\\/product\\\/pop-corn-sour-tsunami-cbd-25gr\",\"name\":\"Comprar Pop Corn Sour Tsunami CBD 25g | Mini Buds Arom\u00e1ticos y Legales\",\"isPartOf\":{\"@id\":\"https:\\\/\\\/thelyflabs.com\\\/#website\"},\"primaryImageOfPage\":{\"@id\":\"https:\\\/\\\/thelyflabs.com\\\/product\\\/pop-corn-sour-tsunami-cbd-25gr#primaryimage\"},\"image\":{\"@id\":\"https:\\\/\\\/thelyflabs.com\\\/product\\\/pop-corn-sour-tsunami-cbd-25gr#primaryimage\"},\"thumbnailUrl\":\"https:\\\/\\\/thelyflabs.com\\\/wp-content\\\/uploads\\\/2023\\\/02\\\/Pop-corn-negativo-25g-con-mini-buds.webp\",\"datePublished\":\"2023-02-01T15:50:08+00:00\",\"dateModified\":\"2026-01-20T11:46:38+00:00\",\"description\":\"Compra Pop Corn Sour Tsunami CBD 25g en Iguana Smoke. Mini cogollos con alto contenido en CBD, aroma c\u00edtrico y menos de 0,2% THC. Env\u00edo discreto en 24\\\/48h.\",\"breadcrumb\":{\"@id\":\"https:\\\/\\\/thelyflabs.com\\\/product\\\/pop-corn-sour-tsunami-cbd-25gr#breadcrumb\"},\"inLanguage\":\"pt-PT\",\"potentialAction\":[{\"@type\":\"ReadAction\",\"target\":[\"https:\\\/\\\/thelyflabs.com\\\/product\\\/pop-corn-sour-tsunami-cbd-25gr\"]}]},{\"@type\":\"ImageObject\",\"inLanguage\":\"pt-PT\",\"@id\":\"https:\\\/\\\/thelyflabs.com\\\/product\\\/pop-corn-sour-tsunami-cbd-25gr#primaryimage\",\"url\":\"https:\\\/\\\/thelyflabs.com\\\/wp-content\\\/uploads\\\/2023\\\/02\\\/Pop-corn-negativo-25g-con-mini-buds.webp\",\"contentUrl\":\"https:\\\/\\\/thelyflabs.com\\\/wp-content\\\/uploads\\\/2023\\\/02\\\/Pop-corn-negativo-25g-con-mini-buds.webp\",\"width\":1000,\"height\":1000,\"caption\":\"pop corn 25g\"},{\"@type\":\"BreadcrumbList\",\"@id\":\"https:\\\/\\\/thelyflabs.com\\\/product\\\/pop-corn-sour-tsunami-cbd-25gr#breadcrumb\",\"itemListElement\":[{\"@type\":\"ListItem\",\"position\":1,\"name\":\"Portada\",\"item\":\"https:\\\/\\\/thelyflabs.com\\\/\"},{\"@type\":\"ListItem\",\"position\":2,\"name\":\"Tienda\",\"item\":\"https:\\\/\\\/thelyflabs.com\\\/tienda\"},{\"@type\":\"ListItem\",\"position\":3,\"name\":\"Pop Corn Sour Tsunami CBD 25gr\"}]},{\"@type\":\"WebSite\",\"@id\":\"https:\\\/\\\/thelyflabs.com\\\/#website\",\"url\":\"https:\\\/\\\/thelyflabs.com\\\/\",\"name\":\"The LYF Labs\",\"description\":\"CBD al por mayor\",\"publisher\":{\"@id\":\"https:\\\/\\\/thelyflabs.com\\\/#organization\"},\"potentialAction\":[{\"@type\":\"SearchAction\",\"target\":{\"@type\":\"EntryPoint\",\"urlTemplate\":\"https:\\\/\\\/thelyflabs.com\\\/?s={search_term_string}\"},\"query-input\":{\"@type\":\"PropertyValueSpecification\",\"valueRequired\":true,\"valueName\":\"search_term_string\"}}],\"inLanguage\":\"pt-PT\"},{\"@type\":\"Organization\",\"@id\":\"https:\\\/\\\/thelyflabs.com\\\/#organization\",\"name\":\"The LYF Labs\",\"url\":\"https:\\\/\\\/thelyflabs.com\\\/\",\"logo\":{\"@type\":\"ImageObject\",\"inLanguage\":\"pt-PT\",\"@id\":\"https:\\\/\\\/thelyflabs.com\\\/#\\\/schema\\\/logo\\\/image\\\/\",\"url\":\"https:\\\/\\\/thelyflabs.com\\\/wp-content\\\/uploads\\\/2023\\\/01\\\/cropped-LogoTheLYFLabs.png\",\"contentUrl\":\"https:\\\/\\\/thelyflabs.com\\\/wp-content\\\/uploads\\\/2023\\\/01\\\/cropped-LogoTheLYFLabs.png\",\"width\":600,\"height\":180,\"caption\":\"The LYF Labs\"},\"image\":{\"@id\":\"https:\\\/\\\/thelyflabs.com\\\/#\\\/schema\\\/logo\\\/image\\\/\"}}]}<\/script>\n<!-- \/ Yoast SEO plugin. -->","yoast_head_json":{"title":"Compre Popcorn Sour Tsunami CBD 25g | Mini Buds Arom\u00e1ticos Legais","description":"Compre Popcorn Sour Tsunami CBD 25g da Iguana Smoke. Mini buds com alto teor de CBD, aroma c\u00edtrico e menos de 0,2% de THC. Envio discreto em 24\/48 horas.","robots":{"index":"index","follow":"follow","max-snippet":"max-snippet:-1","max-image-preview":"max-image-preview:large","max-video-preview":"max-video-preview:-1"},"canonical":"https:\/\/thelyflabs.com\/pt\/product\/pop-corn-sour-tsunami-cbd-25gr\/","og_locale":"pt_PT","og_type":"article","og_title":"Comprar Pop Corn Sour Tsunami CBD 25g | Mini Buds Arom\u00e1ticos y Legales","og_description":"Compra Pop Corn Sour Tsunami CBD 25g en Iguana Smoke. Mini cogollos con alto contenido en CBD, aroma c\u00edtrico y menos de 0,2% THC. Env\u00edo discreto en 24\/48h.","og_url":"https:\/\/thelyflabs.com\/pt\/product\/pop-corn-sour-tsunami-cbd-25gr\/","og_site_name":"THE LYF LABS","article_modified_time":"2026-01-20T11:46:38+00:00","og_image":[{"width":1000,"height":1000,"url":"https:\/\/thelyflabs.com\/wp-content\/uploads\/2023\/02\/Pop-corn-negativo-25g-con-mini-buds.webp","type":"image\/webp"}],"twitter_card":"summary_large_image","twitter_misc":{"Tempo estimado de leitura":"2 minutos"},"schema":{"@context":"https:\/\/schema.org","@graph":[{"@type":"WebPage","@id":"https:\/\/thelyflabs.com\/product\/pop-corn-sour-tsunami-cbd-25gr","url":"https:\/\/thelyflabs.com\/product\/pop-corn-sour-tsunami-cbd-25gr","name":"Compre Popcorn Sour Tsunami CBD 25g | Mini Buds Arom\u00e1ticos Legais","isPartOf":{"@id":"https:\/\/thelyflabs.com\/#website"},"primaryImageOfPage":{"@id":"https:\/\/thelyflabs.com\/product\/pop-corn-sour-tsunami-cbd-25gr#primaryimage"},"image":{"@id":"https:\/\/thelyflabs.com\/product\/pop-corn-sour-tsunami-cbd-25gr#primaryimage"},"thumbnailUrl":"https:\/\/thelyflabs.com\/wp-content\/uploads\/2023\/02\/Pop-corn-negativo-25g-con-mini-buds.webp","datePublished":"2023-02-01T15:50:08+00:00","dateModified":"2026-01-20T11:46:38+00:00","description":"Compre Popcorn Sour Tsunami CBD 25g da Iguana Smoke. Mini buds com alto teor de CBD, aroma c\u00edtrico e menos de 0,2% de THC. Envio discreto em 24\/48 horas.","breadcrumb":{"@id":"https:\/\/thelyflabs.com\/product\/pop-corn-sour-tsunami-cbd-25gr#breadcrumb"},"inLanguage":"pt-PT","potentialAction":[{"@type":"ReadAction","target":["https:\/\/thelyflabs.com\/product\/pop-corn-sour-tsunami-cbd-25gr"]}]},{"@type":"ImageObject","inLanguage":"pt-PT","@id":"https:\/\/thelyflabs.com\/product\/pop-corn-sour-tsunami-cbd-25gr#primaryimage","url":"https:\/\/thelyflabs.com\/wp-content\/uploads\/2023\/02\/Pop-corn-negativo-25g-con-mini-buds.webp","contentUrl":"https:\/\/thelyflabs.com\/wp-content\/uploads\/2023\/02\/Pop-corn-negativo-25g-con-mini-buds.webp","width":1000,"height":1000,"caption":"pop corn 25g"},{"@type":"BreadcrumbList","@id":"https:\/\/thelyflabs.com\/product\/pop-corn-sour-tsunami-cbd-25gr#breadcrumb","itemListElement":[{"@type":"ListItem","position":1,"name":"Portada","item":"https:\/\/thelyflabs.com\/"},{"@type":"ListItem","position":2,"name":"Tienda","item":"https:\/\/thelyflabs.com\/tienda"},{"@type":"ListItem","position":3,"name":"Pop Corn Sour Tsunami CBD 25gr"}]},{"@type":"WebSite","@id":"https:\/\/thelyflabs.com\/#website","url":"https:\/\/thelyflabs.com\/","name":"Os Laborat\u00f3rios LYF","description":"CBD atacado","publisher":{"@id":"https:\/\/thelyflabs.com\/#organization"},"potentialAction":[{"@type":"SearchAction","target":{"@type":"EntryPoint","urlTemplate":"https:\/\/thelyflabs.com\/?s={search_term_string}"},"query-input":{"@type":"PropertyValueSpecification","valueRequired":true,"valueName":"search_term_string"}}],"inLanguage":"pt-PT"},{"@type":"Organization","@id":"https:\/\/thelyflabs.com\/#organization","name":"Os Laborat\u00f3rios LYF","url":"https:\/\/thelyflabs.com\/","logo":{"@type":"ImageObject","inLanguage":"pt-PT","@id":"https:\/\/thelyflabs.com\/#\/schema\/logo\/image\/","url":"https:\/\/thelyflabs.com\/wp-content\/uploads\/2023\/01\/cropped-LogoTheLYFLabs.png","contentUrl":"https:\/\/thelyflabs.com\/wp-content\/uploads\/2023\/01\/cropped-LogoTheLYFLabs.png","width":600,"height":180,"caption":"The LYF Labs"},"image":{"@id":"https:\/\/thelyflabs.com\/#\/schema\/logo\/image\/"}}]}},"_links":{"self":[{"href":"https:\/\/thelyflabs.com\/pt\/wp-json\/wp\/v2\/product\/475","targetHints":{"allow":["GET"]}}],"collection":[{"href":"https:\/\/thelyflabs.com\/pt\/wp-json\/wp\/v2\/product"}],"about":[{"href":"https:\/\/thelyflabs.com\/pt\/wp-json\/wp\/v2\/types\/product"}],"replies":[{"embeddable":true,"href":"https:\/\/thelyflabs.com\/pt\/wp-json\/wp\/v2\/comments?post=475"}],"wp:featuredmedia":[{"embeddable":true,"href":"https:\/\/thelyflabs.com\/pt\/wp-json\/wp\/v2\/media\/8110"}],"wp:attachment":[{"href":"https:\/\/thelyflabs.com\/pt\/wp-json\/wp\/v2\/media?parent=475"}],"wp:term":[{"taxonomy":"product_brand","embeddable":true,"href":"https:\/\/thelyflabs.com\/pt\/wp-json\/wp\/v2\/product_brand?post=475"},{"taxonomy":"product_cat","embeddable":true,"href":"https:\/\/thelyflabs.com\/pt\/wp-json\/wp\/v2\/product_cat?post=475"},{"taxonomy":"product_tag","embeddable":true,"href":"https:\/\/thelyflabs.com\/pt\/wp-json\/wp\/v2\/product_tag?post=475"}],"curies":[{"name":"wp","href":"https:\/\/api.w.org\/{rel}","templated":true}]}}