{"id":5086,"date":"2024-01-17T16:25:44","date_gmt":"2024-01-17T15:25:44","guid":{"rendered":"https:\/\/thelyflabs.com\/?post_type=product&#038;p=5086"},"modified":"2025-03-27T14:27:10","modified_gmt":"2025-03-27T13:27:10","slug":"stickers-iguana-x3","status":"publish","type":"product","link":"https:\/\/thelyflabs.com\/pt\/product\/stickers-iguana-x3","title":{"rendered":"Adesivos Iguana x3"},"content":{"rendered":"<h3>Adesivos Iguana x3<\/h3>\n<p>Adicione um toque de estilo \u00fanico aos seus pertences com o pacote de adesivos Iguana Smoke x3. Este conjunto exclusivo oferece a emo\u00e7\u00e3o da variedade com 5 designs diferentes de adesivos de alta qualidade. Personalize o seu mundo com a autenticidade e a marca inconfund\u00edvel da Iguana Smoke. Ideal para amantes da vaporiza\u00e7\u00e3o e da express\u00e3o criativa. Explore a diversidade de designs e leve consigo a ess\u00eancia vibrante do Iguana Smoke em cada adesivo!<\/p>\n<h3>POR QUE OS LABORAT\u00d3RIOS LYF?<\/h3>\n<p>THE LYF LABS se destaca como sua melhor escolha para produtos de CBD no atacado. Oferecemos pre\u00e7os exclusivos projetados para maximizar suas margens de lucro. Nossa dedica\u00e7\u00e3o \u00e0 qualidade garante que cada produto atenda aos mais altos padr\u00f5es. Escolha THE LYF LABS para uma parceria forte, produtos premium e pre\u00e7os competitivos.<\/p>\n<p>Compre flores CBD ao melhor pre\u00e7o no nosso site e descubra toda a nossa linha de produtos derivados do c\u00e2nhamo que temos \u00e0 sua disposi\u00e7\u00e3o.<\/p>","protected":false},"excerpt":{"rendered":"<ul>\n<li>5 designs diferentes!<\/li>\n<\/ul>","protected":false},"featured_media":5087,"comment_status":"open","ping_status":"closed","template":"","meta":{"_acf_changed":false,"site-sidebar-layout":"default","site-content-layout":"","ast-site-content-layout":"default","site-content-style":"default","site-sidebar-style":"default","ast-global-header-display":"","ast-banner-title-visibility":"","ast-main-header-display":"","ast-hfb-above-header-display":"","ast-hfb-below-header-display":"","ast-hfb-mobile-header-display":"","site-post-title":"","ast-breadcrumbs-content":"","ast-featured-img":"","footer-sml-layout":"","theme-transparent-header-meta":"default","adv-header-id-meta":"","stick-header-meta":"","header-above-stick-meta":"","header-main-stick-meta":"","header-below-stick-meta":"","astra-migrate-meta-layouts":"set","ast-page-background-enabled":"default","ast-page-background-meta":{"desktop":{"background-color":"var(--ast-global-color-4)","background-image":"","background-repeat":"repeat","background-position":"center center","background-size":"auto","background-attachment":"scroll","background-type":"","background-media":"","overlay-type":"","overlay-color":"","overlay-opacity":"","overlay-gradient":""},"tablet":{"background-color":"","background-image":"","background-repeat":"repeat","background-position":"center center","background-size":"auto","background-attachment":"scroll","background-type":"","background-media":"","overlay-type":"","overlay-color":"","overlay-opacity":"","overlay-gradient":""},"mobile":{"background-color":"","background-image":"","background-repeat":"repeat","background-position":"center center","background-size":"auto","background-attachment":"scroll","background-type":"","background-media":"","overlay-type":"","overlay-color":"","overlay-opacity":"","overlay-gradient":""}},"ast-content-background-meta":{"desktop":{"background-color":"var(--ast-global-color-5)","background-image":"","background-repeat":"repeat","background-position":"center center","background-size":"auto","background-attachment":"scroll","background-type":"","background-media":"","overlay-type":"","overlay-color":"","overlay-opacity":"","overlay-gradient":""},"tablet":{"background-color":"var(--ast-global-color-5)","background-image":"","background-repeat":"repeat","background-position":"center center","background-size":"auto","background-attachment":"scroll","background-type":"","background-media":"","overlay-type":"","overlay-color":"","overlay-opacity":"","overlay-gradient":""},"mobile":{"background-color":"var(--ast-global-color-5)","background-image":"","background-repeat":"repeat","background-position":"center center","background-size":"auto","background-attachment":"scroll","background-type":"","background-media":"","overlay-type":"","overlay-color":"","overlay-opacity":"","overlay-gradient":""}}},"product_brand":[],"product_cat":[40,92],"product_tag":[],"class_list":{"0":"post-5086","1":"product","2":"type-product","3":"status-publish","4":"has-post-thumbnail","6":"product_cat-iguanasmoke","7":"product_cat-material-para-tienda","8":"desktop-align-center","9":"tablet-align-left","10":"mobile-align-left","12":"first","13":"instock","14":"taxable","15":"shipping-taxable","16":"purchasable","17":"product-type-simple"},"acf":[],"yoast_head":"<!-- This site is optimized with the Yoast SEO plugin v27.3 - https:\/\/yoast.com\/product\/yoast-seo-wordpress\/ -->\n<title>Stickers Iguana x3 - THE LYF LABS<\/title>\n<meta name=\"description\" content=\"Consigue tu Pack Pop Corn en THE LYF LABS. Fabricada con los mejores matierales en 4 dise\u00f1os distintos. Especial para mayoristas y distribuidores\" \/>\n<meta name=\"robots\" content=\"index, follow, max-snippet:-1, max-image-preview:large, max-video-preview:-1\" \/>\n<link rel=\"canonical\" href=\"https:\/\/thelyflabs.com\/pt\/product\/stickers-iguana-x3\/\" \/>\n<meta property=\"og:locale\" content=\"pt_PT\" \/>\n<meta property=\"og:type\" content=\"article\" \/>\n<meta property=\"og:title\" content=\"Stickers Iguana x3 - THE LYF LABS\" \/>\n<meta property=\"og:description\" content=\"Consigue tu Pack Pop Corn en THE LYF LABS. Fabricada con los mejores matierales en 4 dise\u00f1os distintos. Especial para mayoristas y distribuidores\" \/>\n<meta property=\"og:url\" content=\"https:\/\/thelyflabs.com\/pt\/product\/stickers-iguana-x3\/\" \/>\n<meta property=\"og:site_name\" content=\"THE LYF LABS\" \/>\n<meta property=\"article:modified_time\" content=\"2025-03-27T13:27:10+00:00\" \/>\n<meta property=\"og:image\" content=\"https:\/\/thelyflabs.com\/wp-content\/uploads\/2024\/01\/Stickers-Iguana.webp\" \/>\n\t<meta property=\"og:image:width\" content=\"500\" \/>\n\t<meta property=\"og:image:height\" content=\"500\" \/>\n\t<meta property=\"og:image:type\" content=\"image\/webp\" \/>\n<meta name=\"twitter:card\" content=\"summary_large_image\" \/>\n<meta name=\"twitter:label1\" content=\"Tempo estimado de leitura\" \/>\n\t<meta name=\"twitter:data1\" content=\"1 minuto\" \/>\n<script type=\"application\/ld+json\" class=\"yoast-schema-graph\">{\"@context\":\"https:\\\/\\\/schema.org\",\"@graph\":[{\"@type\":\"WebPage\",\"@id\":\"https:\\\/\\\/thelyflabs.com\\\/product\\\/stickers-iguana-x3\",\"url\":\"https:\\\/\\\/thelyflabs.com\\\/product\\\/stickers-iguana-x3\",\"name\":\"Stickers Iguana x3 - THE LYF LABS\",\"isPartOf\":{\"@id\":\"https:\\\/\\\/thelyflabs.com\\\/#website\"},\"primaryImageOfPage\":{\"@id\":\"https:\\\/\\\/thelyflabs.com\\\/product\\\/stickers-iguana-x3#primaryimage\"},\"image\":{\"@id\":\"https:\\\/\\\/thelyflabs.com\\\/product\\\/stickers-iguana-x3#primaryimage\"},\"thumbnailUrl\":\"https:\\\/\\\/thelyflabs.com\\\/wp-content\\\/uploads\\\/2024\\\/01\\\/Stickers-Iguana.webp\",\"datePublished\":\"2024-01-17T15:25:44+00:00\",\"dateModified\":\"2025-03-27T13:27:10+00:00\",\"description\":\"Consigue tu Pack Pop Corn en THE LYF LABS. Fabricada con los mejores matierales en 4 dise\u00f1os distintos. Especial para mayoristas y distribuidores\",\"breadcrumb\":{\"@id\":\"https:\\\/\\\/thelyflabs.com\\\/product\\\/stickers-iguana-x3#breadcrumb\"},\"inLanguage\":\"pt-PT\",\"potentialAction\":[{\"@type\":\"ReadAction\",\"target\":[\"https:\\\/\\\/thelyflabs.com\\\/product\\\/stickers-iguana-x3\"]}]},{\"@type\":\"ImageObject\",\"inLanguage\":\"pt-PT\",\"@id\":\"https:\\\/\\\/thelyflabs.com\\\/product\\\/stickers-iguana-x3#primaryimage\",\"url\":\"https:\\\/\\\/thelyflabs.com\\\/wp-content\\\/uploads\\\/2024\\\/01\\\/Stickers-Iguana.webp\",\"contentUrl\":\"https:\\\/\\\/thelyflabs.com\\\/wp-content\\\/uploads\\\/2024\\\/01\\\/Stickers-Iguana.webp\",\"width\":500,\"height\":500,\"caption\":\"Stickers Iguana al por mayor\"},{\"@type\":\"BreadcrumbList\",\"@id\":\"https:\\\/\\\/thelyflabs.com\\\/product\\\/stickers-iguana-x3#breadcrumb\",\"itemListElement\":[{\"@type\":\"ListItem\",\"position\":1,\"name\":\"Portada\",\"item\":\"https:\\\/\\\/thelyflabs.com\\\/\"},{\"@type\":\"ListItem\",\"position\":2,\"name\":\"Tienda\",\"item\":\"https:\\\/\\\/thelyflabs.com\\\/tienda\"},{\"@type\":\"ListItem\",\"position\":3,\"name\":\"Stickers Iguana x3\"}]},{\"@type\":\"WebSite\",\"@id\":\"https:\\\/\\\/thelyflabs.com\\\/#website\",\"url\":\"https:\\\/\\\/thelyflabs.com\\\/\",\"name\":\"The LYF Labs\",\"description\":\"CBD al por mayor\",\"publisher\":{\"@id\":\"https:\\\/\\\/thelyflabs.com\\\/#organization\"},\"potentialAction\":[{\"@type\":\"SearchAction\",\"target\":{\"@type\":\"EntryPoint\",\"urlTemplate\":\"https:\\\/\\\/thelyflabs.com\\\/?s={search_term_string}\"},\"query-input\":{\"@type\":\"PropertyValueSpecification\",\"valueRequired\":true,\"valueName\":\"search_term_string\"}}],\"inLanguage\":\"pt-PT\"},{\"@type\":\"Organization\",\"@id\":\"https:\\\/\\\/thelyflabs.com\\\/#organization\",\"name\":\"The LYF Labs\",\"url\":\"https:\\\/\\\/thelyflabs.com\\\/\",\"logo\":{\"@type\":\"ImageObject\",\"inLanguage\":\"pt-PT\",\"@id\":\"https:\\\/\\\/thelyflabs.com\\\/#\\\/schema\\\/logo\\\/image\\\/\",\"url\":\"https:\\\/\\\/thelyflabs.com\\\/wp-content\\\/uploads\\\/2023\\\/01\\\/cropped-LogoTheLYFLabs.png\",\"contentUrl\":\"https:\\\/\\\/thelyflabs.com\\\/wp-content\\\/uploads\\\/2023\\\/01\\\/cropped-LogoTheLYFLabs.png\",\"width\":600,\"height\":180,\"caption\":\"The LYF Labs\"},\"image\":{\"@id\":\"https:\\\/\\\/thelyflabs.com\\\/#\\\/schema\\\/logo\\\/image\\\/\"}}]}<\/script>\n<!-- \/ Yoast SEO plugin. -->","yoast_head_json":{"title":"Adesivos de iguana x3 - THE LYF LABS","description":"Compre seu pacote de pipoca na THE LYF LABS. Feito com os melhores materiais em quatro designs diferentes. Especialmente desenvolvido para atacadistas e distribuidores.","robots":{"index":"index","follow":"follow","max-snippet":"max-snippet:-1","max-image-preview":"max-image-preview:large","max-video-preview":"max-video-preview:-1"},"canonical":"https:\/\/thelyflabs.com\/pt\/product\/stickers-iguana-x3\/","og_locale":"pt_PT","og_type":"article","og_title":"Stickers Iguana x3 - THE LYF LABS","og_description":"Consigue tu Pack Pop Corn en THE LYF LABS. Fabricada con los mejores matierales en 4 dise\u00f1os distintos. Especial para mayoristas y distribuidores","og_url":"https:\/\/thelyflabs.com\/pt\/product\/stickers-iguana-x3\/","og_site_name":"THE LYF LABS","article_modified_time":"2025-03-27T13:27:10+00:00","og_image":[{"width":500,"height":500,"url":"https:\/\/thelyflabs.com\/wp-content\/uploads\/2024\/01\/Stickers-Iguana.webp","type":"image\/webp"}],"twitter_card":"summary_large_image","twitter_misc":{"Tempo estimado de leitura":"1 minuto"},"schema":{"@context":"https:\/\/schema.org","@graph":[{"@type":"WebPage","@id":"https:\/\/thelyflabs.com\/product\/stickers-iguana-x3","url":"https:\/\/thelyflabs.com\/product\/stickers-iguana-x3","name":"Adesivos de iguana x3 - THE LYF LABS","isPartOf":{"@id":"https:\/\/thelyflabs.com\/#website"},"primaryImageOfPage":{"@id":"https:\/\/thelyflabs.com\/product\/stickers-iguana-x3#primaryimage"},"image":{"@id":"https:\/\/thelyflabs.com\/product\/stickers-iguana-x3#primaryimage"},"thumbnailUrl":"https:\/\/thelyflabs.com\/wp-content\/uploads\/2024\/01\/Stickers-Iguana.webp","datePublished":"2024-01-17T15:25:44+00:00","dateModified":"2025-03-27T13:27:10+00:00","description":"Compre seu pacote de pipoca na THE LYF LABS. Feito com os melhores materiais em quatro designs diferentes. Especialmente desenvolvido para atacadistas e distribuidores.","breadcrumb":{"@id":"https:\/\/thelyflabs.com\/product\/stickers-iguana-x3#breadcrumb"},"inLanguage":"pt-PT","potentialAction":[{"@type":"ReadAction","target":["https:\/\/thelyflabs.com\/product\/stickers-iguana-x3"]}]},{"@type":"ImageObject","inLanguage":"pt-PT","@id":"https:\/\/thelyflabs.com\/product\/stickers-iguana-x3#primaryimage","url":"https:\/\/thelyflabs.com\/wp-content\/uploads\/2024\/01\/Stickers-Iguana.webp","contentUrl":"https:\/\/thelyflabs.com\/wp-content\/uploads\/2024\/01\/Stickers-Iguana.webp","width":500,"height":500,"caption":"Stickers Iguana al por mayor"},{"@type":"BreadcrumbList","@id":"https:\/\/thelyflabs.com\/product\/stickers-iguana-x3#breadcrumb","itemListElement":[{"@type":"ListItem","position":1,"name":"Portada","item":"https:\/\/thelyflabs.com\/"},{"@type":"ListItem","position":2,"name":"Tienda","item":"https:\/\/thelyflabs.com\/tienda"},{"@type":"ListItem","position":3,"name":"Stickers Iguana x3"}]},{"@type":"WebSite","@id":"https:\/\/thelyflabs.com\/#website","url":"https:\/\/thelyflabs.com\/","name":"Os Laborat\u00f3rios LYF","description":"CBD atacado","publisher":{"@id":"https:\/\/thelyflabs.com\/#organization"},"potentialAction":[{"@type":"SearchAction","target":{"@type":"EntryPoint","urlTemplate":"https:\/\/thelyflabs.com\/?s={search_term_string}"},"query-input":{"@type":"PropertyValueSpecification","valueRequired":true,"valueName":"search_term_string"}}],"inLanguage":"pt-PT"},{"@type":"Organization","@id":"https:\/\/thelyflabs.com\/#organization","name":"Os Laborat\u00f3rios LYF","url":"https:\/\/thelyflabs.com\/","logo":{"@type":"ImageObject","inLanguage":"pt-PT","@id":"https:\/\/thelyflabs.com\/#\/schema\/logo\/image\/","url":"https:\/\/thelyflabs.com\/wp-content\/uploads\/2023\/01\/cropped-LogoTheLYFLabs.png","contentUrl":"https:\/\/thelyflabs.com\/wp-content\/uploads\/2023\/01\/cropped-LogoTheLYFLabs.png","width":600,"height":180,"caption":"The LYF Labs"},"image":{"@id":"https:\/\/thelyflabs.com\/#\/schema\/logo\/image\/"}}]}},"_links":{"self":[{"href":"https:\/\/thelyflabs.com\/pt\/wp-json\/wp\/v2\/product\/5086","targetHints":{"allow":["GET"]}}],"collection":[{"href":"https:\/\/thelyflabs.com\/pt\/wp-json\/wp\/v2\/product"}],"about":[{"href":"https:\/\/thelyflabs.com\/pt\/wp-json\/wp\/v2\/types\/product"}],"replies":[{"embeddable":true,"href":"https:\/\/thelyflabs.com\/pt\/wp-json\/wp\/v2\/comments?post=5086"}],"wp:featuredmedia":[{"embeddable":true,"href":"https:\/\/thelyflabs.com\/pt\/wp-json\/wp\/v2\/media\/5087"}],"wp:attachment":[{"href":"https:\/\/thelyflabs.com\/pt\/wp-json\/wp\/v2\/media?parent=5086"}],"wp:term":[{"taxonomy":"product_brand","embeddable":true,"href":"https:\/\/thelyflabs.com\/pt\/wp-json\/wp\/v2\/product_brand?post=5086"},{"taxonomy":"product_cat","embeddable":true,"href":"https:\/\/thelyflabs.com\/pt\/wp-json\/wp\/v2\/product_cat?post=5086"},{"taxonomy":"product_tag","embeddable":true,"href":"https:\/\/thelyflabs.com\/pt\/wp-json\/wp\/v2\/product_tag?post=5086"}],"curies":[{"name":"wp","href":"https:\/\/api.w.org\/{rel}","templated":true}]}}